{"id":32867,"date":"2025-01-09T12:36:38","date_gmt":"2025-01-09T10:36:38","guid":{"rendered":"https:\/\/origon-eu.com\/product\/wireless-portable-speaker\/"},"modified":"2025-03-20T07:27:22","modified_gmt":"2025-03-20T05:27:22","slug":"wireless-portable-speaker","status":"publish","type":"product","link":"https:\/\/origon-eu.com\/pl\/product\/wireless-portable-speaker\/","title":{"rendered":"Wireless Portable Speaker"},"content":{"rendered":"<p>Zestaw zawiera:<br \/>\n1 szt. Kolumna karaoke z mo\u017cliwo\u015bci\u0105 \u0142adowania<br \/>\n1 szt. Mikrofon przewodowy<br \/>\n1 szt. Przew\u00f3d zasilaj\u0105cy system karaoke \u2013 220 V<br \/>\n1 szt. Pilot zdalnego sterowania.<br \/>\nDane techniczne:<br \/>\nMoc: 8-calowy g\u0142o\u015bnik niskotonowy<br \/>\nPoziom d\u017awi\u0119ku: 85 dB<br \/>\nCz\u0119stotliwo\u015b\u0107: 100 Hz \u2013 20 kHz<br \/>\nZasilanie: 220 V.<\/p>\n<p><a href=\"https:\/\/origon-eu.com\/wp-content\/uploads\/2025\/01\/0084277_kts-1175-bluetooth-wireless-portable-speaker.png\"><img fetchpriority=\"high\" decoding=\"async\" class=\"alignnone size-full wp-image-32672\" src=\"https:\/\/origon-eu.com\/wp-content\/uploads\/2025\/01\/0084277_kts-1175-bluetooth-wireless-portable-speaker.png\" alt=\"\" width=\"700\" height=\"700\" srcset=\"https:\/\/origon-eu.com\/wp-content\/uploads\/2025\/01\/0084277_kts-1175-bluetooth-wireless-portable-speaker.png 700w, https:\/\/origon-eu.com\/wp-content\/uploads\/2025\/01\/0084277_kts-1175-bluetooth-wireless-portable-speaker-300x300.png 300w, https:\/\/origon-eu.com\/wp-content\/uploads\/2025\/01\/0084277_kts-1175-bluetooth-wireless-portable-speaker-150x150.png 150w, https:\/\/origon-eu.com\/wp-content\/uploads\/2025\/01\/0084277_kts-1175-bluetooth-wireless-portable-speaker-600x600.png 600w\" sizes=\"(max-width: 700px) 100vw, 700px\" \/><\/a><a href=\"https:\/\/origon-eu.com\/wp-content\/uploads\/2025\/01\/prenosima-karaoke-tonkolona-kts-1175-8-s-mikrofon-30848.webp\"><img decoding=\"async\" class=\"alignnone size-full wp-image-32684\" src=\"https:\/\/origon-eu.com\/wp-content\/uploads\/2025\/01\/prenosima-karaoke-tonkolona-kts-1175-8-s-mikrofon-30848.webp\" alt=\"\" width=\"800\" height=\"600\" srcset=\"https:\/\/origon-eu.com\/wp-content\/uploads\/2025\/01\/prenosima-karaoke-tonkolona-kts-1175-8-s-mikrofon-30848.webp 800w, https:\/\/origon-eu.com\/wp-content\/uploads\/2025\/01\/prenosima-karaoke-tonkolona-kts-1175-8-s-mikrofon-30848-300x225.webp 300w, https:\/\/origon-eu.com\/wp-content\/uploads\/2025\/01\/prenosima-karaoke-tonkolona-kts-1175-8-s-mikrofon-30848-768x576.webp 768w, https:\/\/origon-eu.com\/wp-content\/uploads\/2025\/01\/prenosima-karaoke-tonkolona-kts-1175-8-s-mikrofon-30848-600x450.webp 600w, https:\/\/origon-eu.com\/wp-content\/uploads\/2025\/01\/prenosima-karaoke-tonkolona-kts-1175-8-s-mikrofon-30848-150x113.webp 150w\" sizes=\"(max-width: 800px) 100vw, 800px\" \/><\/a><a href=\"https:\/\/origon-eu.com\/wp-content\/uploads\/2025\/01\/prenosima-karaoke-tonkolona-kts-1175-8-s-mikrofon-30847.webp\"><img decoding=\"async\" class=\"alignnone size-full wp-image-32694\" src=\"https:\/\/origon-eu.com\/wp-content\/uploads\/2025\/01\/prenosima-karaoke-tonkolona-kts-1175-8-s-mikrofon-30847.webp\" alt=\"\" width=\"800\" height=\"600\" srcset=\"https:\/\/origon-eu.com\/wp-content\/uploads\/2025\/01\/prenosima-karaoke-tonkolona-kts-1175-8-s-mikrofon-30847.webp 800w, https:\/\/origon-eu.com\/wp-content\/uploads\/2025\/01\/prenosima-karaoke-tonkolona-kts-1175-8-s-mikrofon-30847-300x225.webp 300w, https:\/\/origon-eu.com\/wp-content\/uploads\/2025\/01\/prenosima-karaoke-tonkolona-kts-1175-8-s-mikrofon-30847-768x576.webp 768w, https:\/\/origon-eu.com\/wp-content\/uploads\/2025\/01\/prenosima-karaoke-tonkolona-kts-1175-8-s-mikrofon-30847-600x450.webp 600w, https:\/\/origon-eu.com\/wp-content\/uploads\/2025\/01\/prenosima-karaoke-tonkolona-kts-1175-8-s-mikrofon-30847-150x113.webp 150w\" sizes=\"(max-width: 800px) 100vw, 800px\" \/><\/a><\/p>\n<p>Specyfikacja:<br \/>\nG\u0142o\u015bnik karaoke z akumulatorem (\u0142adowany z 220 V)<br \/>\nKOLOROWA MUZYKA \u2013 wbudowane efekty \u015bwietlne, z przyciskiem w\u0142\u0105czania\/wy\u0142\u0105czania<br \/>\nFunkcja BLUETOOTH \u2013 parowanie g\u0142o\u015bnika z GSM, komputerem, laptopem i s\u0142uchanie Twoja ulubiona muzyka bezprzewodowo \u2013 ponad 10 metr\u00f3w<br \/>\nTuner FM \u2013 RADIO<br \/>\nPilot zdalnego sterowania (w zestawie)<br \/>\nMo\u017cliwo\u015b\u0107 samodzielnego u\u017cytkowania bez pod\u0142\u0105czania do komputera poprzez:<br \/>\nGniazdo na karty pami\u0119ci SD\/MMC\/MMS<br \/>\nGniazdo na dysk flash USB<br \/>\nWej\u015bcie AUX z urz\u0105dzenia zewn\u0119trznego (komputer, GSM, Ipod, PSP)<br \/>\nWY\u015aWIETLACZ LED<br \/>\nWej\u015bcie na 1 mikrofon<br \/>\nMikrofon przewodowy 1 sztuka \u2013 w zestawie<br \/>\nWygodna chowana r\u0105czka \u2013 u\u0142atwiaj\u0105ca przenoszenie g\u0142o\u015bnika<br \/>\nWymiary: szer.\/wys.\/g\u0142. \u2013 24 \/ 36,5 \/ 20 cm<\/p>\n","protected":false},"excerpt":{"rendered":"<ul>\n<li>G\u0142o\u015bnik karaoke z akumulatorem (\u0142adowany z 220V)<\/li>\n<li>KOLOROWA MUZYKA \u2013 wbudowane efekty \u015bwietlne, z przyciskiem on\/off<\/li>\n<li>Funkcja BLUETOOTH \u2013 sparowanie g\u0142o\u015bnika z GSM, komputerem, laptopem i s\u0142uchanie ulubionej muzyki bezprzewodowo \u2013 ponad 10 metr\u00f3w<\/li>\n<li>Tuner FM \u2013 RADIO<\/li>\n<li>Pilot zdalnego sterowania (w zestawie)<\/li>\n<li>Mo\u017cliwo\u015b\u0107 samodzielnego u\u017cytkowania bez po\u0142\u0105czenia z komputerem poprzez:<\/li>\n<li>Gniazdo na karty pami\u0119ci SD\/MMC\/MMS<\/li>\n<li>Gniazdo na pendrive<\/li>\n<li>Wej\u015bcie AUX z urz\u0105dzenia zewn\u0119trznego (komputer, GSM, Ipod, PSP)<\/li>\n<li>WY\u015aWIETLACZ LED<\/li>\n<li>Wej\u015bcie na 1 mikrofon<\/li>\n<li>Mikrofon przewodowy 1 szt. \u2013 w zestawie ustaw<\/li>\n<\/ul>\n","protected":false},"featured_media":32678,"template":"","meta":[],"product_cat":[215],"product_tag":[],"class_list":{"0":"post-32867","1":"product","2":"type-product","3":"status-publish","4":"has-post-thumbnail","6":"product_cat-elektornika-pl","8":"first","9":"instock","10":"sale","11":"shipping-taxable","12":"purchasable","13":"product-type-simple"},"yoast_head":"<!-- This site is optimized with the Yoast SEO plugin v24.2 - https:\/\/yoast.com\/wordpress\/plugins\/seo\/ -->\n<title>Wireless Portable Speaker - Origon EU<\/title>\n<meta name=\"robots\" content=\"index, follow, max-snippet:-1, max-image-preview:large, max-video-preview:-1\" \/>\n<link rel=\"canonical\" href=\"https:\/\/origon-eu.com\/pl\/product\/wireless-portable-speaker\/\" \/>\n<meta property=\"og:locale\" content=\"pl_PL\" \/>\n<meta property=\"og:type\" content=\"article\" \/>\n<meta property=\"og:title\" content=\"Wireless Portable Speaker - Origon EU\" \/>\n<meta property=\"og:description\" content=\"G\u0142o\u015bnik karaoke z akumulatorem (\u0142adowany z 220V) KOLOROWA MUZYKA \u2013 wbudowane efekty \u015bwietlne, z przyciskiem on\/off Funkcja BLUETOOTH \u2013 sparowanie g\u0142o\u015bnika z GSM, komputerem, laptopem i s\u0142uchanie ulubionej muzyki bezprzewodowo \u2013 ponad 10 metr\u00f3w Tuner FM \u2013 RADIO Pilot zdalnego sterowania (w zestawie) Mo\u017cliwo\u015b\u0107 samodzielnego u\u017cytkowania bez po\u0142\u0105czenia z komputerem poprzez: Gniazdo na karty pami\u0119ci SD\/MMC\/MMS Gniazdo na pendrive Wej\u015bcie AUX z urz\u0105dzenia zewn\u0119trznego (komputer, GSM, Ipod, PSP) WY\u015aWIETLACZ LED Wej\u015bcie na 1 mikrofon Mikrofon przewodowy 1 szt. \u2013 w zestawie ustaw\" \/>\n<meta property=\"og:url\" content=\"https:\/\/origon-eu.com\/pl\/product\/wireless-portable-speaker\/\" \/>\n<meta property=\"og:site_name\" content=\"Origon EU\" \/>\n<meta property=\"article:modified_time\" content=\"2025-03-20T05:27:22+00:00\" \/>\n<meta property=\"og:image\" content=\"https:\/\/origon-eu.com\/wp-content\/uploads\/2025\/01\/0084277_kts-1175-bluetooth-wireless-portable-speaker.png\" \/>\n\t<meta property=\"og:image:width\" content=\"700\" \/>\n\t<meta property=\"og:image:height\" content=\"700\" \/>\n\t<meta property=\"og:image:type\" content=\"image\/png\" \/>\n<meta name=\"twitter:card\" content=\"summary_large_image\" \/>\n<meta name=\"twitter:label1\" content=\"Szacowany czas czytania\" \/>\n\t<meta name=\"twitter:data1\" content=\"2 minuty\" \/>\n<script type=\"application\/ld+json\" class=\"yoast-schema-graph\">{\"@context\":\"https:\/\/schema.org\",\"@graph\":[{\"@type\":\"WebPage\",\"@id\":\"https:\/\/origon-eu.com\/pl\/product\/wireless-portable-speaker\/\",\"url\":\"https:\/\/origon-eu.com\/pl\/product\/wireless-portable-speaker\/\",\"name\":\"Wireless Portable Speaker - Origon EU\",\"isPartOf\":{\"@id\":\"https:\/\/origon-eu.com\/#website\"},\"primaryImageOfPage\":{\"@id\":\"https:\/\/origon-eu.com\/pl\/product\/wireless-portable-speaker\/#primaryimage\"},\"image\":{\"@id\":\"https:\/\/origon-eu.com\/pl\/product\/wireless-portable-speaker\/#primaryimage\"},\"thumbnailUrl\":\"https:\/\/origon-eu.com\/wp-content\/uploads\/2025\/01\/0084277_kts-1175-bluetooth-wireless-portable-speaker.png\",\"datePublished\":\"2025-01-09T10:36:38+00:00\",\"dateModified\":\"2025-03-20T05:27:22+00:00\",\"breadcrumb\":{\"@id\":\"https:\/\/origon-eu.com\/pl\/product\/wireless-portable-speaker\/#breadcrumb\"},\"inLanguage\":\"pl-PL\",\"potentialAction\":[{\"@type\":\"ReadAction\",\"target\":[\"https:\/\/origon-eu.com\/pl\/product\/wireless-portable-speaker\/\"]}]},{\"@type\":\"ImageObject\",\"inLanguage\":\"pl-PL\",\"@id\":\"https:\/\/origon-eu.com\/pl\/product\/wireless-portable-speaker\/#primaryimage\",\"url\":\"https:\/\/origon-eu.com\/wp-content\/uploads\/2025\/01\/0084277_kts-1175-bluetooth-wireless-portable-speaker.png\",\"contentUrl\":\"https:\/\/origon-eu.com\/wp-content\/uploads\/2025\/01\/0084277_kts-1175-bluetooth-wireless-portable-speaker.png\",\"width\":700,\"height\":700},{\"@type\":\"BreadcrumbList\",\"@id\":\"https:\/\/origon-eu.com\/pl\/product\/wireless-portable-speaker\/#breadcrumb\",\"itemListElement\":[{\"@type\":\"ListItem\",\"position\":1,\"name\":\"Home\",\"item\":\"https:\/\/origon-eu.com\/\"},{\"@type\":\"ListItem\",\"position\":2,\"name\":\"Shop\",\"item\":\"https:\/\/origon-eu.com\/pl\/shop\/\"},{\"@type\":\"ListItem\",\"position\":3,\"name\":\"Wireless Portable Speaker\"}]},{\"@type\":\"WebSite\",\"@id\":\"https:\/\/origon-eu.com\/#website\",\"url\":\"https:\/\/origon-eu.com\/\",\"name\":\"Origon EU\",\"description\":\"Online Store\",\"publisher\":{\"@id\":\"https:\/\/origon-eu.com\/#organization\"},\"potentialAction\":[{\"@type\":\"SearchAction\",\"target\":{\"@type\":\"EntryPoint\",\"urlTemplate\":\"https:\/\/origon-eu.com\/?s={search_term_string}\"},\"query-input\":{\"@type\":\"PropertyValueSpecification\",\"valueRequired\":true,\"valueName\":\"search_term_string\"}}],\"inLanguage\":\"pl-PL\"},{\"@type\":\"Organization\",\"@id\":\"https:\/\/origon-eu.com\/#organization\",\"name\":\"Origon EU\",\"url\":\"https:\/\/origon-eu.com\/\",\"logo\":{\"@type\":\"ImageObject\",\"inLanguage\":\"pl-PL\",\"@id\":\"https:\/\/origon-eu.com\/#\/schema\/logo\/image\/\",\"url\":\"https:\/\/origon-eu.com\/wp-content\/uploads\/2024\/04\/Screenshot-2024-04-09-101814.png\",\"contentUrl\":\"https:\/\/origon-eu.com\/wp-content\/uploads\/2024\/04\/Screenshot-2024-04-09-101814.png\",\"width\":171,\"height\":59,\"caption\":\"Origon EU\"},\"image\":{\"@id\":\"https:\/\/origon-eu.com\/#\/schema\/logo\/image\/\"}}]}<\/script>\n<!-- \/ Yoast SEO plugin. -->","yoast_head_json":{"title":"Wireless Portable Speaker - Origon EU","robots":{"index":"index","follow":"follow","max-snippet":"max-snippet:-1","max-image-preview":"max-image-preview:large","max-video-preview":"max-video-preview:-1"},"canonical":"https:\/\/origon-eu.com\/pl\/product\/wireless-portable-speaker\/","og_locale":"pl_PL","og_type":"article","og_title":"Wireless Portable Speaker - Origon EU","og_description":"G\u0142o\u015bnik karaoke z akumulatorem (\u0142adowany z 220V) KOLOROWA MUZYKA \u2013 wbudowane efekty \u015bwietlne, z przyciskiem on\/off Funkcja BLUETOOTH \u2013 sparowanie g\u0142o\u015bnika z GSM, komputerem, laptopem i s\u0142uchanie ulubionej muzyki bezprzewodowo \u2013 ponad 10 metr\u00f3w Tuner FM \u2013 RADIO Pilot zdalnego sterowania (w zestawie) Mo\u017cliwo\u015b\u0107 samodzielnego u\u017cytkowania bez po\u0142\u0105czenia z komputerem poprzez: Gniazdo na karty pami\u0119ci SD\/MMC\/MMS Gniazdo na pendrive Wej\u015bcie AUX z urz\u0105dzenia zewn\u0119trznego (komputer, GSM, Ipod, PSP) WY\u015aWIETLACZ LED Wej\u015bcie na 1 mikrofon Mikrofon przewodowy 1 szt. \u2013 w zestawie ustaw","og_url":"https:\/\/origon-eu.com\/pl\/product\/wireless-portable-speaker\/","og_site_name":"Origon EU","article_modified_time":"2025-03-20T05:27:22+00:00","og_image":[{"width":700,"height":700,"url":"https:\/\/origon-eu.com\/wp-content\/uploads\/2025\/01\/0084277_kts-1175-bluetooth-wireless-portable-speaker.png","type":"image\/png"}],"twitter_card":"summary_large_image","twitter_misc":{"Szacowany czas czytania":"2 minuty"},"schema":{"@context":"https:\/\/schema.org","@graph":[{"@type":"WebPage","@id":"https:\/\/origon-eu.com\/pl\/product\/wireless-portable-speaker\/","url":"https:\/\/origon-eu.com\/pl\/product\/wireless-portable-speaker\/","name":"Wireless Portable Speaker - Origon EU","isPartOf":{"@id":"https:\/\/origon-eu.com\/#website"},"primaryImageOfPage":{"@id":"https:\/\/origon-eu.com\/pl\/product\/wireless-portable-speaker\/#primaryimage"},"image":{"@id":"https:\/\/origon-eu.com\/pl\/product\/wireless-portable-speaker\/#primaryimage"},"thumbnailUrl":"https:\/\/origon-eu.com\/wp-content\/uploads\/2025\/01\/0084277_kts-1175-bluetooth-wireless-portable-speaker.png","datePublished":"2025-01-09T10:36:38+00:00","dateModified":"2025-03-20T05:27:22+00:00","breadcrumb":{"@id":"https:\/\/origon-eu.com\/pl\/product\/wireless-portable-speaker\/#breadcrumb"},"inLanguage":"pl-PL","potentialAction":[{"@type":"ReadAction","target":["https:\/\/origon-eu.com\/pl\/product\/wireless-portable-speaker\/"]}]},{"@type":"ImageObject","inLanguage":"pl-PL","@id":"https:\/\/origon-eu.com\/pl\/product\/wireless-portable-speaker\/#primaryimage","url":"https:\/\/origon-eu.com\/wp-content\/uploads\/2025\/01\/0084277_kts-1175-bluetooth-wireless-portable-speaker.png","contentUrl":"https:\/\/origon-eu.com\/wp-content\/uploads\/2025\/01\/0084277_kts-1175-bluetooth-wireless-portable-speaker.png","width":700,"height":700},{"@type":"BreadcrumbList","@id":"https:\/\/origon-eu.com\/pl\/product\/wireless-portable-speaker\/#breadcrumb","itemListElement":[{"@type":"ListItem","position":1,"name":"Home","item":"https:\/\/origon-eu.com\/"},{"@type":"ListItem","position":2,"name":"Shop","item":"https:\/\/origon-eu.com\/pl\/shop\/"},{"@type":"ListItem","position":3,"name":"Wireless Portable Speaker"}]},{"@type":"WebSite","@id":"https:\/\/origon-eu.com\/#website","url":"https:\/\/origon-eu.com\/","name":"Origon EU","description":"Online Store","publisher":{"@id":"https:\/\/origon-eu.com\/#organization"},"potentialAction":[{"@type":"SearchAction","target":{"@type":"EntryPoint","urlTemplate":"https:\/\/origon-eu.com\/?s={search_term_string}"},"query-input":{"@type":"PropertyValueSpecification","valueRequired":true,"valueName":"search_term_string"}}],"inLanguage":"pl-PL"},{"@type":"Organization","@id":"https:\/\/origon-eu.com\/#organization","name":"Origon EU","url":"https:\/\/origon-eu.com\/","logo":{"@type":"ImageObject","inLanguage":"pl-PL","@id":"https:\/\/origon-eu.com\/#\/schema\/logo\/image\/","url":"https:\/\/origon-eu.com\/wp-content\/uploads\/2024\/04\/Screenshot-2024-04-09-101814.png","contentUrl":"https:\/\/origon-eu.com\/wp-content\/uploads\/2024\/04\/Screenshot-2024-04-09-101814.png","width":171,"height":59,"caption":"Origon EU"},"image":{"@id":"https:\/\/origon-eu.com\/#\/schema\/logo\/image\/"}}]}},"tiered_pricing_type":"fixed","tiered_pricing_fixed_rules":[],"tiered_pricing_percentage_rules":[],"tiered_pricing_minimum":1,"tiered_pricing_roles_data":[],"_links":{"self":[{"href":"https:\/\/origon-eu.com\/pl\/wp-json\/wp\/v2\/product\/32867","targetHints":{"allow":["GET"]}}],"collection":[{"href":"https:\/\/origon-eu.com\/pl\/wp-json\/wp\/v2\/product"}],"about":[{"href":"https:\/\/origon-eu.com\/pl\/wp-json\/wp\/v2\/types\/product"}],"version-history":[{"count":1,"href":"https:\/\/origon-eu.com\/pl\/wp-json\/wp\/v2\/product\/32867\/revisions"}],"predecessor-version":[{"id":32868,"href":"https:\/\/origon-eu.com\/pl\/wp-json\/wp\/v2\/product\/32867\/revisions\/32868"}],"wp:featuredmedia":[{"embeddable":true,"href":"https:\/\/origon-eu.com\/pl\/wp-json\/wp\/v2\/media\/32678"}],"wp:attachment":[{"href":"https:\/\/origon-eu.com\/pl\/wp-json\/wp\/v2\/media?parent=32867"}],"wp:term":[{"taxonomy":"product_cat","embeddable":true,"href":"https:\/\/origon-eu.com\/pl\/wp-json\/wp\/v2\/product_cat?post=32867"},{"taxonomy":"product_tag","embeddable":true,"href":"https:\/\/origon-eu.com\/pl\/wp-json\/wp\/v2\/product_tag?post=32867"}],"curies":[{"name":"wp","href":"https:\/\/api.w.org\/{rel}","templated":true}]}}