{"id":32828,"date":"2025-01-08T16:24:29","date_gmt":"2025-01-08T14:24:29","guid":{"rendered":"https:\/\/origon-eu.com\/product\/cordless-handheld-stick-vacuum-cleaner\/"},"modified":"2025-05-23T17:29:42","modified_gmt":"2025-05-23T15:29:42","slug":"cordless-handheld-stick-vacuum-cleaner","status":"publish","type":"product","link":"https:\/\/origon-eu.com\/pl\/product\/cordless-handheld-stick-vacuum-cleaner\/","title":{"rendered":"Bezprzewodowy r\u0119czny odkurzacz pionowy"},"content":{"rendered":"<ul>\n<li>Podw\u00f3jny silnik i modu\u0142owa konstrukcja dla r\u00f3\u017cnych ko\u0144c\u00f3wek gwarantuj\u0105 g\u0142\u0119bokie, wysokiej jako\u015bci czyszczenie na ka\u017cdej powierzchni<\/li>\n<li>Nadaje si\u0119 do czyszczenia wn\u0119trza samochodu Autonomia urz\u0105dzenia przyczynia si\u0119 do tego, \u017ce mo\u017cesz uporz\u0105dkowa\u0107 rzeczy nie tylko w swoim mieszkaniu<\/li>\n<li>W zestawie znajduj\u0105 si\u0119 3 rodzaje ko\u0144c\u00f3wek pod\u0142ogowych, Ka\u017cda szczotka jest przeznaczona do innego rodzaju zabrudze\u0144. Cienka ko\u0144c\u00f3wka o wysoko\u015bci 4 cm pomo\u017ce usun\u0105\u0107 kurz spod mebli. A w trudniej dost\u0119pnych miejscach \u2013 ko\u0144c\u00f3wka szczelinowa 2 w 1<\/li>\n<li>Solidna obudowa wykonana z wysokiej jako\u015bci tworzywa sztucznego<\/li>\n<li>Przeprojektowany system ch\u0142odzenia skutecznie odprowadza ciep\u0142o z silnika, zapobiegaj\u0105c przegrzaniu i wyd\u0142u\u017caj\u0105c \u017cywotno\u015b\u0107 silnika<\/li>\n<li>Odkurzacz wa\u017cy zaledwie 1,5 kg, co sprawia, \u017ce \u200b\u200bzar\u00f3wno doro\u015bli, jak i osoby starsze mog\u0105 bez problemu korzysta\u0107 z urz\u0105dzenia przez d\u0142ugi czas. Ponadto umo\u017cliwia \u0142atwe przenoszenie odkurzacza w trudno dost\u0119pne miejsca<\/li>\n<li>Wygodne czyszczenie pod meblami (wymienna r\u0105czka)<\/li>\n<li>Wygodne czyszczenie pod meblami (wymienna r\u0105czka)<\/li>\n<li>Turboszczotka z pod\u015bwietleniem LED<\/li>\n<li>Obr\u00f3t szczotki odkurzacza o 180 stopni<\/li>\n<li>Wska\u017anik \u0142adowania<\/li>\n<li>Liczba pr\u0119dko\u015bci: 2<\/li>\n<li>Od\u0142\u0105czana r\u0105czka<\/li>\n<\/ul>\n<p><a href=\"https:\/\/origon-eu.com\/wp-content\/uploads\/2025\/01\/mobileleb-household-appliances-dsp-vacuum-cleaner-hand-held-rechargeable-120w-kd2023-34126785773700_1024x1024.webp\"><img fetchpriority=\"high\" decoding=\"async\" class=\"alignnone size-full wp-image-32604\" src=\"https:\/\/origon-eu.com\/wp-content\/uploads\/2025\/01\/mobileleb-household-appliances-dsp-vacuum-cleaner-hand-held-rechargeable-120w-kd2023-34126785773700_1024x1024.webp\" alt=\"\" width=\"600\" height=\"600\" srcset=\"https:\/\/origon-eu.com\/wp-content\/uploads\/2025\/01\/mobileleb-household-appliances-dsp-vacuum-cleaner-hand-held-rechargeable-120w-kd2023-34126785773700_1024x1024.webp 600w, https:\/\/origon-eu.com\/wp-content\/uploads\/2025\/01\/mobileleb-household-appliances-dsp-vacuum-cleaner-hand-held-rechargeable-120w-kd2023-34126785773700_1024x1024-300x300.webp 300w, https:\/\/origon-eu.com\/wp-content\/uploads\/2025\/01\/mobileleb-household-appliances-dsp-vacuum-cleaner-hand-held-rechargeable-120w-kd2023-34126785773700_1024x1024-150x150.webp 150w\" sizes=\"(max-width: 600px) 100vw, 600px\" \/><\/a><\/p>\n<p><a href=\"https:\/\/origon-eu.com\/wp-content\/uploads\/2025\/01\/mobileleb-household-appliances-dsp-vacuum-cleaner-hand-held-rechargeable-120w-kd2023-34126785577092_1024x1024.webp\"><img decoding=\"async\" class=\"alignnone size-full wp-image-32614\" src=\"https:\/\/origon-eu.com\/wp-content\/uploads\/2025\/01\/mobileleb-household-appliances-dsp-vacuum-cleaner-hand-held-rechargeable-120w-kd2023-34126785577092_1024x1024.webp\" alt=\"\" width=\"600\" height=\"600\" srcset=\"https:\/\/origon-eu.com\/wp-content\/uploads\/2025\/01\/mobileleb-household-appliances-dsp-vacuum-cleaner-hand-held-rechargeable-120w-kd2023-34126785577092_1024x1024.webp 600w, https:\/\/origon-eu.com\/wp-content\/uploads\/2025\/01\/mobileleb-household-appliances-dsp-vacuum-cleaner-hand-held-rechargeable-120w-kd2023-34126785577092_1024x1024-300x300.webp 300w, https:\/\/origon-eu.com\/wp-content\/uploads\/2025\/01\/mobileleb-household-appliances-dsp-vacuum-cleaner-hand-held-rechargeable-120w-kd2023-34126785577092_1024x1024-150x150.webp 150w\" sizes=\"(max-width: 600px) 100vw, 600px\" \/><\/a><\/p>\n<p><a href=\"https:\/\/origon-eu.com\/wp-content\/uploads\/2025\/01\/41o1eNoNLEL._AC_.jpg\"><img decoding=\"async\" class=\"alignnone size-full wp-image-32570\" src=\"https:\/\/origon-eu.com\/wp-content\/uploads\/2025\/01\/41o1eNoNLEL._AC_.jpg\" alt=\"\" width=\"505\" height=\"550\" srcset=\"https:\/\/origon-eu.com\/wp-content\/uploads\/2025\/01\/41o1eNoNLEL._AC_.jpg 505w, https:\/\/origon-eu.com\/wp-content\/uploads\/2025\/01\/41o1eNoNLEL._AC_-275x300.jpg 275w, https:\/\/origon-eu.com\/wp-content\/uploads\/2025\/01\/41o1eNoNLEL._AC_-150x163.jpg 150w\" sizes=\"(max-width: 505px) 100vw, 505px\" \/><\/a><\/p>\n<p><strong>Specyfikacja:<\/strong><\/p>\n<ul>\n<li>Typ czyszczenia: Suche<\/li>\n<li>Typ pojemnika na kurz: Pojemnik<\/li>\n<li>Moc: 120 W<\/li>\n<li>Pojemno\u015b\u0107 pojemnika na kurz: 0,8 l<\/li>\n<li>Parking: Pionowy<\/li>\n<li>Od\u0142\u0105czany uchwyt<\/li>\n<li>Liczba pr\u0119dko\u015bci: 2<\/li>\n<li>Czas pracy: 40 min<\/li>\n<li>Czas \u0142adowania: 4 godz.<\/li>\n<li>Akumulator: Li-Ion 22,2 V, 2200 mAh<\/li>\n<li>Typ 2 w 1: pionowy, r\u0119czny<\/li>\n<li>Typ filtra: Hepa<\/li>\n<li>Przycisk w\u0142\u0105czania\/wy\u0142\u0105czania<\/li>\n<li>Wymiary (wys. 109 x szer. 21,5 x g\u0142. 17,5) cm<\/li>\n<li>Waga odkurzacza: 1,5 kg<\/li>\n<\/ul>\n<ul>\n<li><\/li>\n<\/ul>\n","protected":false},"excerpt":{"rendered":"<ul>\n<li><strong>Zawarto\u015b\u0107 opakowania:<\/strong>\n<ul>\n<li>1x r\u0119czny odkurzacz akumulatorowy<\/li>\n<li>1x dysza do tapicerki<\/li>\n<li>1x dysza szczelinowa<\/li>\n<li>1x dysza \u0142\u0105czona<\/li>\n<li>1x rura przed\u0142u\u017caj\u0105ca<\/li>\n<li>1x kabel do \u0142adowania<\/li>\n<li>1x instrukcja obs\u0142ugi<\/li>\n<\/ul>\n<\/li>\n<\/ul>\n","protected":false},"featured_media":32576,"template":"","meta":[],"product_cat":[],"product_tag":[],"class_list":{"0":"post-32828","1":"product","2":"type-product","3":"status-publish","4":"has-post-thumbnail","7":"first","8":"instock","9":"sale","10":"shipping-taxable","11":"purchasable","12":"product-type-simple"},"yoast_head":"<!-- This site is optimized with the Yoast SEO plugin v24.2 - https:\/\/yoast.com\/wordpress\/plugins\/seo\/ -->\n<title>Bezprzewodowy r\u0119czny odkurzacz pionowy - Origon EU<\/title>\n<meta name=\"robots\" content=\"index, follow, max-snippet:-1, max-image-preview:large, max-video-preview:-1\" \/>\n<link rel=\"canonical\" href=\"https:\/\/origon-eu.com\/pl\/product\/cordless-handheld-stick-vacuum-cleaner\/\" \/>\n<meta property=\"og:locale\" content=\"pl_PL\" \/>\n<meta property=\"og:type\" content=\"article\" \/>\n<meta property=\"og:title\" content=\"Bezprzewodowy r\u0119czny odkurzacz pionowy - Origon EU\" \/>\n<meta property=\"og:description\" content=\"Zawarto\u015b\u0107 opakowania:  1x r\u0119czny odkurzacz akumulatorowy 1x dysza do tapicerki 1x dysza szczelinowa 1x dysza \u0142\u0105czona 1x rura przed\u0142u\u017caj\u0105ca 1x kabel do \u0142adowania 1x instrukcja obs\u0142ugi\" \/>\n<meta property=\"og:url\" content=\"https:\/\/origon-eu.com\/pl\/product\/cordless-handheld-stick-vacuum-cleaner\/\" \/>\n<meta property=\"og:site_name\" content=\"Origon EU\" \/>\n<meta property=\"article:modified_time\" content=\"2025-05-23T15:29:42+00:00\" \/>\n<meta property=\"og:image\" content=\"https:\/\/origon-eu.com\/wp-content\/uploads\/2025\/01\/41o1eNoNLEL._AC_.jpg\" \/>\n\t<meta property=\"og:image:width\" content=\"505\" \/>\n\t<meta property=\"og:image:height\" content=\"550\" \/>\n\t<meta property=\"og:image:type\" content=\"image\/jpeg\" \/>\n<meta name=\"twitter:card\" content=\"summary_large_image\" \/>\n<meta name=\"twitter:label1\" content=\"Szacowany czas czytania\" \/>\n\t<meta name=\"twitter:data1\" content=\"2 minuty\" \/>\n<script type=\"application\/ld+json\" class=\"yoast-schema-graph\">{\"@context\":\"https:\/\/schema.org\",\"@graph\":[{\"@type\":\"WebPage\",\"@id\":\"https:\/\/origon-eu.com\/pl\/product\/cordless-handheld-stick-vacuum-cleaner\/\",\"url\":\"https:\/\/origon-eu.com\/pl\/product\/cordless-handheld-stick-vacuum-cleaner\/\",\"name\":\"Bezprzewodowy r\u0119czny odkurzacz pionowy - Origon EU\",\"isPartOf\":{\"@id\":\"https:\/\/origon-eu.com\/#website\"},\"primaryImageOfPage\":{\"@id\":\"https:\/\/origon-eu.com\/pl\/product\/cordless-handheld-stick-vacuum-cleaner\/#primaryimage\"},\"image\":{\"@id\":\"https:\/\/origon-eu.com\/pl\/product\/cordless-handheld-stick-vacuum-cleaner\/#primaryimage\"},\"thumbnailUrl\":\"https:\/\/origon-eu.com\/wp-content\/uploads\/2025\/01\/41o1eNoNLEL._AC_.jpg\",\"datePublished\":\"2025-01-08T14:24:29+00:00\",\"dateModified\":\"2025-05-23T15:29:42+00:00\",\"breadcrumb\":{\"@id\":\"https:\/\/origon-eu.com\/pl\/product\/cordless-handheld-stick-vacuum-cleaner\/#breadcrumb\"},\"inLanguage\":\"pl-PL\",\"potentialAction\":[{\"@type\":\"ReadAction\",\"target\":[\"https:\/\/origon-eu.com\/pl\/product\/cordless-handheld-stick-vacuum-cleaner\/\"]}]},{\"@type\":\"ImageObject\",\"inLanguage\":\"pl-PL\",\"@id\":\"https:\/\/origon-eu.com\/pl\/product\/cordless-handheld-stick-vacuum-cleaner\/#primaryimage\",\"url\":\"https:\/\/origon-eu.com\/wp-content\/uploads\/2025\/01\/41o1eNoNLEL._AC_.jpg\",\"contentUrl\":\"https:\/\/origon-eu.com\/wp-content\/uploads\/2025\/01\/41o1eNoNLEL._AC_.jpg\",\"width\":505,\"height\":550},{\"@type\":\"BreadcrumbList\",\"@id\":\"https:\/\/origon-eu.com\/pl\/product\/cordless-handheld-stick-vacuum-cleaner\/#breadcrumb\",\"itemListElement\":[{\"@type\":\"ListItem\",\"position\":1,\"name\":\"Home\",\"item\":\"https:\/\/origon-eu.com\/\"},{\"@type\":\"ListItem\",\"position\":2,\"name\":\"Shop\",\"item\":\"https:\/\/origon-eu.com\/pl\/shop\/\"},{\"@type\":\"ListItem\",\"position\":3,\"name\":\"Bezprzewodowy r\u0119czny odkurzacz pionowy\"}]},{\"@type\":\"WebSite\",\"@id\":\"https:\/\/origon-eu.com\/#website\",\"url\":\"https:\/\/origon-eu.com\/\",\"name\":\"Origon EU\",\"description\":\"Online Store\",\"publisher\":{\"@id\":\"https:\/\/origon-eu.com\/#organization\"},\"potentialAction\":[{\"@type\":\"SearchAction\",\"target\":{\"@type\":\"EntryPoint\",\"urlTemplate\":\"https:\/\/origon-eu.com\/?s={search_term_string}\"},\"query-input\":{\"@type\":\"PropertyValueSpecification\",\"valueRequired\":true,\"valueName\":\"search_term_string\"}}],\"inLanguage\":\"pl-PL\"},{\"@type\":\"Organization\",\"@id\":\"https:\/\/origon-eu.com\/#organization\",\"name\":\"Origon EU\",\"url\":\"https:\/\/origon-eu.com\/\",\"logo\":{\"@type\":\"ImageObject\",\"inLanguage\":\"pl-PL\",\"@id\":\"https:\/\/origon-eu.com\/#\/schema\/logo\/image\/\",\"url\":\"https:\/\/origon-eu.com\/wp-content\/uploads\/2024\/04\/Screenshot-2024-04-09-101814.png\",\"contentUrl\":\"https:\/\/origon-eu.com\/wp-content\/uploads\/2024\/04\/Screenshot-2024-04-09-101814.png\",\"width\":171,\"height\":59,\"caption\":\"Origon EU\"},\"image\":{\"@id\":\"https:\/\/origon-eu.com\/#\/schema\/logo\/image\/\"}}]}<\/script>\n<!-- \/ Yoast SEO plugin. -->","yoast_head_json":{"title":"Bezprzewodowy r\u0119czny odkurzacz pionowy - Origon EU","robots":{"index":"index","follow":"follow","max-snippet":"max-snippet:-1","max-image-preview":"max-image-preview:large","max-video-preview":"max-video-preview:-1"},"canonical":"https:\/\/origon-eu.com\/pl\/product\/cordless-handheld-stick-vacuum-cleaner\/","og_locale":"pl_PL","og_type":"article","og_title":"Bezprzewodowy r\u0119czny odkurzacz pionowy - Origon EU","og_description":"Zawarto\u015b\u0107 opakowania:  1x r\u0119czny odkurzacz akumulatorowy 1x dysza do tapicerki 1x dysza szczelinowa 1x dysza \u0142\u0105czona 1x rura przed\u0142u\u017caj\u0105ca 1x kabel do \u0142adowania 1x instrukcja obs\u0142ugi","og_url":"https:\/\/origon-eu.com\/pl\/product\/cordless-handheld-stick-vacuum-cleaner\/","og_site_name":"Origon EU","article_modified_time":"2025-05-23T15:29:42+00:00","og_image":[{"width":505,"height":550,"url":"https:\/\/origon-eu.com\/wp-content\/uploads\/2025\/01\/41o1eNoNLEL._AC_.jpg","type":"image\/jpeg"}],"twitter_card":"summary_large_image","twitter_misc":{"Szacowany czas czytania":"2 minuty"},"schema":{"@context":"https:\/\/schema.org","@graph":[{"@type":"WebPage","@id":"https:\/\/origon-eu.com\/pl\/product\/cordless-handheld-stick-vacuum-cleaner\/","url":"https:\/\/origon-eu.com\/pl\/product\/cordless-handheld-stick-vacuum-cleaner\/","name":"Bezprzewodowy r\u0119czny odkurzacz pionowy - Origon EU","isPartOf":{"@id":"https:\/\/origon-eu.com\/#website"},"primaryImageOfPage":{"@id":"https:\/\/origon-eu.com\/pl\/product\/cordless-handheld-stick-vacuum-cleaner\/#primaryimage"},"image":{"@id":"https:\/\/origon-eu.com\/pl\/product\/cordless-handheld-stick-vacuum-cleaner\/#primaryimage"},"thumbnailUrl":"https:\/\/origon-eu.com\/wp-content\/uploads\/2025\/01\/41o1eNoNLEL._AC_.jpg","datePublished":"2025-01-08T14:24:29+00:00","dateModified":"2025-05-23T15:29:42+00:00","breadcrumb":{"@id":"https:\/\/origon-eu.com\/pl\/product\/cordless-handheld-stick-vacuum-cleaner\/#breadcrumb"},"inLanguage":"pl-PL","potentialAction":[{"@type":"ReadAction","target":["https:\/\/origon-eu.com\/pl\/product\/cordless-handheld-stick-vacuum-cleaner\/"]}]},{"@type":"ImageObject","inLanguage":"pl-PL","@id":"https:\/\/origon-eu.com\/pl\/product\/cordless-handheld-stick-vacuum-cleaner\/#primaryimage","url":"https:\/\/origon-eu.com\/wp-content\/uploads\/2025\/01\/41o1eNoNLEL._AC_.jpg","contentUrl":"https:\/\/origon-eu.com\/wp-content\/uploads\/2025\/01\/41o1eNoNLEL._AC_.jpg","width":505,"height":550},{"@type":"BreadcrumbList","@id":"https:\/\/origon-eu.com\/pl\/product\/cordless-handheld-stick-vacuum-cleaner\/#breadcrumb","itemListElement":[{"@type":"ListItem","position":1,"name":"Home","item":"https:\/\/origon-eu.com\/"},{"@type":"ListItem","position":2,"name":"Shop","item":"https:\/\/origon-eu.com\/pl\/shop\/"},{"@type":"ListItem","position":3,"name":"Bezprzewodowy r\u0119czny odkurzacz pionowy"}]},{"@type":"WebSite","@id":"https:\/\/origon-eu.com\/#website","url":"https:\/\/origon-eu.com\/","name":"Origon EU","description":"Online Store","publisher":{"@id":"https:\/\/origon-eu.com\/#organization"},"potentialAction":[{"@type":"SearchAction","target":{"@type":"EntryPoint","urlTemplate":"https:\/\/origon-eu.com\/?s={search_term_string}"},"query-input":{"@type":"PropertyValueSpecification","valueRequired":true,"valueName":"search_term_string"}}],"inLanguage":"pl-PL"},{"@type":"Organization","@id":"https:\/\/origon-eu.com\/#organization","name":"Origon EU","url":"https:\/\/origon-eu.com\/","logo":{"@type":"ImageObject","inLanguage":"pl-PL","@id":"https:\/\/origon-eu.com\/#\/schema\/logo\/image\/","url":"https:\/\/origon-eu.com\/wp-content\/uploads\/2024\/04\/Screenshot-2024-04-09-101814.png","contentUrl":"https:\/\/origon-eu.com\/wp-content\/uploads\/2024\/04\/Screenshot-2024-04-09-101814.png","width":171,"height":59,"caption":"Origon EU"},"image":{"@id":"https:\/\/origon-eu.com\/#\/schema\/logo\/image\/"}}]}},"tiered_pricing_type":"fixed","tiered_pricing_fixed_rules":[],"tiered_pricing_percentage_rules":[],"tiered_pricing_minimum":1,"tiered_pricing_roles_data":[],"_links":{"self":[{"href":"https:\/\/origon-eu.com\/pl\/wp-json\/wp\/v2\/product\/32828","targetHints":{"allow":["GET"]}}],"collection":[{"href":"https:\/\/origon-eu.com\/pl\/wp-json\/wp\/v2\/product"}],"about":[{"href":"https:\/\/origon-eu.com\/pl\/wp-json\/wp\/v2\/types\/product"}],"version-history":[{"count":1,"href":"https:\/\/origon-eu.com\/pl\/wp-json\/wp\/v2\/product\/32828\/revisions"}],"predecessor-version":[{"id":32829,"href":"https:\/\/origon-eu.com\/pl\/wp-json\/wp\/v2\/product\/32828\/revisions\/32829"}],"wp:featuredmedia":[{"embeddable":true,"href":"https:\/\/origon-eu.com\/pl\/wp-json\/wp\/v2\/media\/32576"}],"wp:attachment":[{"href":"https:\/\/origon-eu.com\/pl\/wp-json\/wp\/v2\/media?parent=32828"}],"wp:term":[{"taxonomy":"product_cat","embeddable":true,"href":"https:\/\/origon-eu.com\/pl\/wp-json\/wp\/v2\/product_cat?post=32828"},{"taxonomy":"product_tag","embeddable":true,"href":"https:\/\/origon-eu.com\/pl\/wp-json\/wp\/v2\/product_tag?post=32828"}],"curies":[{"name":"wp","href":"https:\/\/api.w.org\/{rel}","templated":true}]}}