{"id":32658,"date":"2025-01-08T14:43:21","date_gmt":"2025-01-08T12:43:21","guid":{"rendered":"https:\/\/origon-eu.com\/product\/vanjska-i-unutarnja-bezicna-kamera-digicam\/"},"modified":"2025-03-13T05:43:19","modified_gmt":"2025-03-13T03:43:19","slug":"vanjska-i-unutarnja-bezicna-kamera-digicam","status":"publish","type":"product","link":"https:\/\/origon-eu.com\/pl\/product\/vanjska-i-unutarnja-bezicna-kamera-digicam\/","title":{"rendered":"Kamera bezprzewodowa do u\u017cytku wewn\u0105trz i na zewn\u0105trz | DIGICAM"},"content":{"rendered":"<p style=\"text-align: center;\"><strong>Zawsze miej kontrol\u0119 nad swoim telefonem<\/strong><\/p>\n<p style=\"text-align: center;\">Kamera wysy\u0142a wiadomo\u015b\u0107 alarmow\u0105 do Twojego smartfona i zapisuje aktywno\u015bci odwiedzaj\u0105cych na karcie pami\u0119ci, dzi\u0119ki czemu mo\u017cesz je p\u00f3\u017aniej sprawdzi\u0107.<\/p>\n<p style=\"text-align: center;\"><strong><a href=\"https:\/\/origon-eu.com\/wp-content\/uploads\/2025\/01\/ezgif.com-video-to-gif-converter-3.gif\"><img fetchpriority=\"high\" decoding=\"async\" class=\"aligncenter wp-image-32317 size-full\" src=\"https:\/\/origon-eu.com\/wp-content\/uploads\/2025\/01\/ezgif.com-video-to-gif-converter-3.gif\" alt=\"\" width=\"400\" height=\"270\" \/><\/a>Miej oczy w ka\u017cdym k\u0105cie Twojego domu lub biura<\/strong><\/p>\n<p style=\"text-align: center;\">Widok panoramiczny pozwala zobaczy\u0107 wszystko, co dzieje si\u0119 wewn\u0105trz lub na zewn\u0105trz Twojego domu. Mo\u017cna jej r\u00f3wnie\u017c u\u017cywa\u0107 jako kamery dla niemowl\u0105t.<\/p>\n<p style=\"text-align: center;\"><strong><a href=\"https:\/\/origon-eu.com\/wp-content\/uploads\/2025\/01\/ezgif.com-video-to-gif-converter-4.gif\"><img decoding=\"async\" class=\"size-full wp-image-32337 aligncenter\" src=\"https:\/\/origon-eu.com\/wp-content\/uploads\/2025\/01\/ezgif.com-video-to-gif-converter-4.gif\" alt=\"\" width=\"680\" height=\"382\" \/><\/a>Inteligentne po\u0142\u0105czenie Wi-Fi<\/strong><\/p>\n<p style=\"text-align: center;\">\u0141atwo \u0142\u0105czy si\u0119 z domow\u0105 lub biurow\u0105 sieci\u0105 Wi-Fi, umo\u017cliwiaj\u0105c dost\u0119p do wideo z dowolnego miejsca z dost\u0119pem do Internetu. Dzi\u0119ki intuicyjnej aplikacji, dost\u0119pnej zar\u00f3wno na iOS, jak i Androida, mo\u017cesz ogl\u0105da\u0107 wideo w czasie rzeczywistym.<\/p>\n<p style=\"text-align: center;\"><a href=\"https:\/\/origon-eu.com\/wp-content\/uploads\/2025\/01\/DIGICAM23859-HR__8f95f165.webp\"><img decoding=\"async\" class=\"alignnone wp-image-32152 size-full\" src=\"https:\/\/origon-eu.com\/wp-content\/uploads\/2025\/01\/DIGICAM23859-HR__8f95f165.webp\" alt=\"\" width=\"600\" height=\"600\" srcset=\"https:\/\/origon-eu.com\/wp-content\/uploads\/2025\/01\/DIGICAM23859-HR__8f95f165.webp 600w, https:\/\/origon-eu.com\/wp-content\/uploads\/2025\/01\/DIGICAM23859-HR__8f95f165-300x300.webp 300w, https:\/\/origon-eu.com\/wp-content\/uploads\/2025\/01\/DIGICAM23859-HR__8f95f165-150x150.webp 150w\" sizes=\"(max-width: 600px) 100vw, 600px\" \/><\/a><\/p>\n<p style=\"text-align: center;\"><strong>S\u0142uchaj i czatuj przez kamer\u0119<\/strong><\/p>\n<p style=\"text-align: center;\">Wbudowany czu\u0142y mikrofon w zewn\u0119trznej kamerze bezpiecze\u0144stwa, dzi\u0119ki kt\u00f3remu mo\u017cesz s\u0142ucha\u0107 i rozmawia\u0107 za po\u015brednictwem naszej aplikacji. Dwukierunkowy d\u017awi\u0119k umo\u017cliwia komunikacj\u0119 ze znajomymi, a alarm wykrywania ruchu pozwala pozby\u0107 si\u0119 niechcianych go\u015bci lub zwierz\u0105t.<\/p>\n<p style=\"text-align: center;\"><a href=\"https:\/\/origon-eu.com\/wp-content\/uploads\/2025\/01\/DIGICAM24618-HR__97ff47bf.webp\"><img loading=\"lazy\" decoding=\"async\" class=\"alignnone wp-image-32162 size-full\" src=\"https:\/\/origon-eu.com\/wp-content\/uploads\/2025\/01\/DIGICAM24618-HR__97ff47bf.webp\" alt=\"\" width=\"600\" height=\"600\" srcset=\"https:\/\/origon-eu.com\/wp-content\/uploads\/2025\/01\/DIGICAM24618-HR__97ff47bf.webp 600w, https:\/\/origon-eu.com\/wp-content\/uploads\/2025\/01\/DIGICAM24618-HR__97ff47bf-300x300.webp 300w, https:\/\/origon-eu.com\/wp-content\/uploads\/2025\/01\/DIGICAM24618-HR__97ff47bf-150x150.webp 150w\" sizes=\"(max-width: 600px) 100vw, 600px\" \/><\/a><\/p>\n<p style=\"text-align: center;\"><strong>Sterowanie kierunkiem za pomoc\u0105 telefonu kom\u00f3rkowego<\/strong><\/p>\n<p style=\"text-align: center;\">Zapewnia Obr\u00f3t w poziomie o 320\u00b0 i w pionie o 110\u00b0, co pozwala na pokrycie wszystkich obszar\u00f3w. 4-krotny zoom cyfrowy umo\u017cliwia powi\u0119kszenie, aby zobaczy\u0107 odleg\u0142e obiekty bardziej szczeg\u00f3\u0142owo lub oddalenie, aby uzyska\u0107 szerszy i wi\u0119kszy widok.<\/p>\n<p style=\"text-align: center;\"><a href=\"https:\/\/origon-eu.com\/wp-content\/uploads\/2025\/01\/DIGICAM28157-HR__931cbf63.webp\"><img loading=\"lazy\" decoding=\"async\" class=\"alignnone wp-image-32182 size-full\" src=\"https:\/\/origon-eu.com\/wp-content\/uploads\/2025\/01\/DIGICAM28157-HR__931cbf63.webp\" alt=\"\" width=\"600\" height=\"600\" srcset=\"https:\/\/origon-eu.com\/wp-content\/uploads\/2025\/01\/DIGICAM28157-HR__931cbf63.webp 600w, https:\/\/origon-eu.com\/wp-content\/uploads\/2025\/01\/DIGICAM28157-HR__931cbf63-300x300.webp 300w, https:\/\/origon-eu.com\/wp-content\/uploads\/2025\/01\/DIGICAM28157-HR__931cbf63-150x150.webp 150w\" sizes=\"(max-width: 600px) 100vw, 600px\" \/><\/a><\/p>\n<p style=\"text-align: center;\"><strong>Alert wykrywania ruchu<\/strong><\/p>\n<p style=\"text-align: center;\">B\u0119dziesz otrzymywa\u0107 powiadomienia bezpo\u015brednio na sw\u00f3j smartfon z aplikacji za ka\u017cdym razem, gdy zostanie wykryty ruch. \u017baden ruch cz\u0142owieka nie mo\u017ce pozosta\u0107 niezauwa\u017cony. Nie musisz ci\u0105gle ogl\u0105da\u0107 film\u00f3w!<\/p>\n<p style=\"text-align: center;\"><picture class=\"aligncenter size-full wp-image-633402\"><source srcset=\"https:\/\/vigoshop.hr\/app\/uploads\/2019\/11\/digicam-14.webp\" type=\"image\/webp\" data-srcset=\"https:\/\/vigoshop.hr\/app\/uploads\/2019\/11\/digicam-14.webp\" \/><\/picture><a href=\"https:\/\/origon-eu.com\/wp-content\/uploads\/2025\/01\/digicam-14.webp\"><img loading=\"lazy\" decoding=\"async\" class=\"alignnone size-full wp-image-32172\" src=\"https:\/\/origon-eu.com\/wp-content\/uploads\/2025\/01\/digicam-14.webp\" alt=\"\" width=\"600\" height=\"600\" srcset=\"https:\/\/origon-eu.com\/wp-content\/uploads\/2025\/01\/digicam-14.webp 600w, https:\/\/origon-eu.com\/wp-content\/uploads\/2025\/01\/digicam-14-300x300.webp 300w, https:\/\/origon-eu.com\/wp-content\/uploads\/2025\/01\/digicam-14-150x150.webp 150w\" sizes=\"(max-width: 600px) 100vw, 600px\" \/><\/a><\/p>\n<p style=\"text-align: center;\"><strong>Odporny na wod\u0119 i kurz<\/strong><\/p>\n<p style=\"text-align: center;\">Kamera jest wodoodporna, wi\u0119c mo\u017cna j\u0105 umie\u015bci\u0107 w dowolnym naro\u017cniku na zewn\u0105trz i doskonale sprawdza si\u0119 w ka\u017cdych warunkach pogodowych.<\/p>\n<p style=\"text-align: center;\"><picture class=\"aligncenter size-full wp-image-633403\"><source srcset=\"https:\/\/vigoshop.hr\/app\/uploads\/2019\/11\/digicam-3.webp\" type=\"image\/webp\" data-srcset=\"https:\/\/vigoshop.hr\/app\/uploads\/2019\/11\/digicam-3.webp\" \/><\/picture><a href=\"https:\/\/origon-eu.com\/wp-content\/uploads\/2025\/01\/digicam-3.webp\"><img loading=\"lazy\" decoding=\"async\" class=\"alignnone size-full wp-image-32192\" src=\"https:\/\/origon-eu.com\/wp-content\/uploads\/2025\/01\/digicam-3.webp\" alt=\"\" width=\"600\" height=\"600\" srcset=\"https:\/\/origon-eu.com\/wp-content\/uploads\/2025\/01\/digicam-3.webp 600w, https:\/\/origon-eu.com\/wp-content\/uploads\/2025\/01\/digicam-3-300x300.webp 300w, https:\/\/origon-eu.com\/wp-content\/uploads\/2025\/01\/digicam-3-150x150.webp 150w\" sizes=\"(max-width: 600px) 100vw, 600px\" \/><\/a><\/p>\n<p style=\"text-align: center;\"><strong>Kolor w dzie\u0144 i w nocy<\/strong><\/p>\n<p style=\"text-align: center;\">Konfiguruje 3 szerokok\u0105tne \u015bwiat\u0142a podczerwone i 4 jasne \u015bwiat\u0142a LED, dzi\u0119ki czemu mo\u017cna uzyska\u0107 kolorowe wideo z noktowizorem nawet w ciemno\u015bci.<\/p>\n","protected":false},"excerpt":{"rendered":"<ul>\n<li>Materia\u0142: ABS<\/li>\n<li>Dwukierunkowy d\u017awi\u0119k<\/li>\n<li>Ci\u0105g\u0142e nagrywanie 24\/7<\/li>\n<li>Obs\u0142uguje do 128 GB karty micro SD (brak w zestawie)<\/li>\n<li>Wysoka rozdzielczo\u015b\u0107: 1080P (Full-HD)<\/li>\n<li>Kolor: bia\u0142y<\/li>\n<\/ul>\n","protected":false},"featured_media":32218,"template":"","meta":[],"product_cat":[215,285],"product_tag":[],"class_list":{"0":"post-32658","1":"product","2":"type-product","3":"status-publish","4":"has-post-thumbnail","6":"product_cat-elektornika-pl","7":"product_cat-inteligentny-dom","9":"first","10":"instock","11":"sale","12":"shipping-taxable","13":"purchasable","14":"product-type-simple"},"yoast_head":"<!-- This site is optimized with the Yoast SEO plugin v24.2 - https:\/\/yoast.com\/wordpress\/plugins\/seo\/ -->\n<title>Kamera bezprzewodowa do u\u017cytku wewn\u0105trz i na zewn\u0105trz | DIGICAM - Origon EU<\/title>\n<meta name=\"robots\" content=\"index, follow, max-snippet:-1, max-image-preview:large, max-video-preview:-1\" \/>\n<link rel=\"canonical\" href=\"https:\/\/origon-eu.com\/pl\/product\/vanjska-i-unutarnja-bezicna-kamera-digicam\/\" \/>\n<meta property=\"og:locale\" content=\"pl_PL\" \/>\n<meta property=\"og:type\" content=\"article\" \/>\n<meta property=\"og:title\" content=\"Kamera bezprzewodowa do u\u017cytku wewn\u0105trz i na zewn\u0105trz | DIGICAM - Origon EU\" \/>\n<meta property=\"og:description\" content=\"Materia\u0142: ABS Dwukierunkowy d\u017awi\u0119k Ci\u0105g\u0142e nagrywanie 24\/7 Obs\u0142uguje do 128 GB karty micro SD (brak w zestawie) Wysoka rozdzielczo\u015b\u0107: 1080P (Full-HD) Kolor: bia\u0142y\" \/>\n<meta property=\"og:url\" content=\"https:\/\/origon-eu.com\/pl\/product\/vanjska-i-unutarnja-bezicna-kamera-digicam\/\" \/>\n<meta property=\"og:site_name\" content=\"Origon EU\" \/>\n<meta property=\"article:modified_time\" content=\"2025-03-13T03:43:19+00:00\" \/>\n<meta property=\"og:image\" content=\"https:\/\/origon-eu.com\/wp-content\/uploads\/2025\/01\/digicam-87939-1__d2765c98.jpg\" \/>\n\t<meta property=\"og:image:width\" content=\"600\" \/>\n\t<meta property=\"og:image:height\" content=\"600\" \/>\n\t<meta property=\"og:image:type\" content=\"image\/jpeg\" \/>\n<meta name=\"twitter:card\" content=\"summary_large_image\" \/>\n<meta name=\"twitter:label1\" content=\"Szacowany czas czytania\" \/>\n\t<meta name=\"twitter:data1\" content=\"3 minuty\" \/>\n<script type=\"application\/ld+json\" class=\"yoast-schema-graph\">{\"@context\":\"https:\/\/schema.org\",\"@graph\":[{\"@type\":\"WebPage\",\"@id\":\"https:\/\/origon-eu.com\/pl\/product\/vanjska-i-unutarnja-bezicna-kamera-digicam\/\",\"url\":\"https:\/\/origon-eu.com\/pl\/product\/vanjska-i-unutarnja-bezicna-kamera-digicam\/\",\"name\":\"Kamera bezprzewodowa do u\u017cytku wewn\u0105trz i na zewn\u0105trz | DIGICAM - Origon EU\",\"isPartOf\":{\"@id\":\"https:\/\/origon-eu.com\/#website\"},\"primaryImageOfPage\":{\"@id\":\"https:\/\/origon-eu.com\/pl\/product\/vanjska-i-unutarnja-bezicna-kamera-digicam\/#primaryimage\"},\"image\":{\"@id\":\"https:\/\/origon-eu.com\/pl\/product\/vanjska-i-unutarnja-bezicna-kamera-digicam\/#primaryimage\"},\"thumbnailUrl\":\"https:\/\/origon-eu.com\/wp-content\/uploads\/2025\/01\/digicam-87939-1__d2765c98.jpg\",\"datePublished\":\"2025-01-08T12:43:21+00:00\",\"dateModified\":\"2025-03-13T03:43:19+00:00\",\"breadcrumb\":{\"@id\":\"https:\/\/origon-eu.com\/pl\/product\/vanjska-i-unutarnja-bezicna-kamera-digicam\/#breadcrumb\"},\"inLanguage\":\"pl-PL\",\"potentialAction\":[{\"@type\":\"ReadAction\",\"target\":[\"https:\/\/origon-eu.com\/pl\/product\/vanjska-i-unutarnja-bezicna-kamera-digicam\/\"]}]},{\"@type\":\"ImageObject\",\"inLanguage\":\"pl-PL\",\"@id\":\"https:\/\/origon-eu.com\/pl\/product\/vanjska-i-unutarnja-bezicna-kamera-digicam\/#primaryimage\",\"url\":\"https:\/\/origon-eu.com\/wp-content\/uploads\/2025\/01\/digicam-87939-1__d2765c98.jpg\",\"contentUrl\":\"https:\/\/origon-eu.com\/wp-content\/uploads\/2025\/01\/digicam-87939-1__d2765c98.jpg\",\"width\":600,\"height\":600},{\"@type\":\"BreadcrumbList\",\"@id\":\"https:\/\/origon-eu.com\/pl\/product\/vanjska-i-unutarnja-bezicna-kamera-digicam\/#breadcrumb\",\"itemListElement\":[{\"@type\":\"ListItem\",\"position\":1,\"name\":\"Home\",\"item\":\"https:\/\/origon-eu.com\/\"},{\"@type\":\"ListItem\",\"position\":2,\"name\":\"Shop\",\"item\":\"https:\/\/origon-eu.com\/pl\/shop\/\"},{\"@type\":\"ListItem\",\"position\":3,\"name\":\"Kamera bezprzewodowa do u\u017cytku wewn\u0105trz i na zewn\u0105trz | DIGICAM\"}]},{\"@type\":\"WebSite\",\"@id\":\"https:\/\/origon-eu.com\/#website\",\"url\":\"https:\/\/origon-eu.com\/\",\"name\":\"Origon EU\",\"description\":\"Online Store\",\"publisher\":{\"@id\":\"https:\/\/origon-eu.com\/#organization\"},\"potentialAction\":[{\"@type\":\"SearchAction\",\"target\":{\"@type\":\"EntryPoint\",\"urlTemplate\":\"https:\/\/origon-eu.com\/?s={search_term_string}\"},\"query-input\":{\"@type\":\"PropertyValueSpecification\",\"valueRequired\":true,\"valueName\":\"search_term_string\"}}],\"inLanguage\":\"pl-PL\"},{\"@type\":\"Organization\",\"@id\":\"https:\/\/origon-eu.com\/#organization\",\"name\":\"Origon EU\",\"url\":\"https:\/\/origon-eu.com\/\",\"logo\":{\"@type\":\"ImageObject\",\"inLanguage\":\"pl-PL\",\"@id\":\"https:\/\/origon-eu.com\/#\/schema\/logo\/image\/\",\"url\":\"https:\/\/origon-eu.com\/wp-content\/uploads\/2024\/04\/Screenshot-2024-04-09-101814.png\",\"contentUrl\":\"https:\/\/origon-eu.com\/wp-content\/uploads\/2024\/04\/Screenshot-2024-04-09-101814.png\",\"width\":171,\"height\":59,\"caption\":\"Origon EU\"},\"image\":{\"@id\":\"https:\/\/origon-eu.com\/#\/schema\/logo\/image\/\"}}]}<\/script>\n<!-- \/ Yoast SEO plugin. -->","yoast_head_json":{"title":"Kamera bezprzewodowa do u\u017cytku wewn\u0105trz i na zewn\u0105trz | DIGICAM - Origon EU","robots":{"index":"index","follow":"follow","max-snippet":"max-snippet:-1","max-image-preview":"max-image-preview:large","max-video-preview":"max-video-preview:-1"},"canonical":"https:\/\/origon-eu.com\/pl\/product\/vanjska-i-unutarnja-bezicna-kamera-digicam\/","og_locale":"pl_PL","og_type":"article","og_title":"Kamera bezprzewodowa do u\u017cytku wewn\u0105trz i na zewn\u0105trz | DIGICAM - Origon EU","og_description":"Materia\u0142: ABS Dwukierunkowy d\u017awi\u0119k Ci\u0105g\u0142e nagrywanie 24\/7 Obs\u0142uguje do 128 GB karty micro SD (brak w zestawie) Wysoka rozdzielczo\u015b\u0107: 1080P (Full-HD) Kolor: bia\u0142y","og_url":"https:\/\/origon-eu.com\/pl\/product\/vanjska-i-unutarnja-bezicna-kamera-digicam\/","og_site_name":"Origon EU","article_modified_time":"2025-03-13T03:43:19+00:00","og_image":[{"width":600,"height":600,"url":"https:\/\/origon-eu.com\/wp-content\/uploads\/2025\/01\/digicam-87939-1__d2765c98.jpg","type":"image\/jpeg"}],"twitter_card":"summary_large_image","twitter_misc":{"Szacowany czas czytania":"3 minuty"},"schema":{"@context":"https:\/\/schema.org","@graph":[{"@type":"WebPage","@id":"https:\/\/origon-eu.com\/pl\/product\/vanjska-i-unutarnja-bezicna-kamera-digicam\/","url":"https:\/\/origon-eu.com\/pl\/product\/vanjska-i-unutarnja-bezicna-kamera-digicam\/","name":"Kamera bezprzewodowa do u\u017cytku wewn\u0105trz i na zewn\u0105trz | DIGICAM - Origon EU","isPartOf":{"@id":"https:\/\/origon-eu.com\/#website"},"primaryImageOfPage":{"@id":"https:\/\/origon-eu.com\/pl\/product\/vanjska-i-unutarnja-bezicna-kamera-digicam\/#primaryimage"},"image":{"@id":"https:\/\/origon-eu.com\/pl\/product\/vanjska-i-unutarnja-bezicna-kamera-digicam\/#primaryimage"},"thumbnailUrl":"https:\/\/origon-eu.com\/wp-content\/uploads\/2025\/01\/digicam-87939-1__d2765c98.jpg","datePublished":"2025-01-08T12:43:21+00:00","dateModified":"2025-03-13T03:43:19+00:00","breadcrumb":{"@id":"https:\/\/origon-eu.com\/pl\/product\/vanjska-i-unutarnja-bezicna-kamera-digicam\/#breadcrumb"},"inLanguage":"pl-PL","potentialAction":[{"@type":"ReadAction","target":["https:\/\/origon-eu.com\/pl\/product\/vanjska-i-unutarnja-bezicna-kamera-digicam\/"]}]},{"@type":"ImageObject","inLanguage":"pl-PL","@id":"https:\/\/origon-eu.com\/pl\/product\/vanjska-i-unutarnja-bezicna-kamera-digicam\/#primaryimage","url":"https:\/\/origon-eu.com\/wp-content\/uploads\/2025\/01\/digicam-87939-1__d2765c98.jpg","contentUrl":"https:\/\/origon-eu.com\/wp-content\/uploads\/2025\/01\/digicam-87939-1__d2765c98.jpg","width":600,"height":600},{"@type":"BreadcrumbList","@id":"https:\/\/origon-eu.com\/pl\/product\/vanjska-i-unutarnja-bezicna-kamera-digicam\/#breadcrumb","itemListElement":[{"@type":"ListItem","position":1,"name":"Home","item":"https:\/\/origon-eu.com\/"},{"@type":"ListItem","position":2,"name":"Shop","item":"https:\/\/origon-eu.com\/pl\/shop\/"},{"@type":"ListItem","position":3,"name":"Kamera bezprzewodowa do u\u017cytku wewn\u0105trz i na zewn\u0105trz | DIGICAM"}]},{"@type":"WebSite","@id":"https:\/\/origon-eu.com\/#website","url":"https:\/\/origon-eu.com\/","name":"Origon EU","description":"Online Store","publisher":{"@id":"https:\/\/origon-eu.com\/#organization"},"potentialAction":[{"@type":"SearchAction","target":{"@type":"EntryPoint","urlTemplate":"https:\/\/origon-eu.com\/?s={search_term_string}"},"query-input":{"@type":"PropertyValueSpecification","valueRequired":true,"valueName":"search_term_string"}}],"inLanguage":"pl-PL"},{"@type":"Organization","@id":"https:\/\/origon-eu.com\/#organization","name":"Origon EU","url":"https:\/\/origon-eu.com\/","logo":{"@type":"ImageObject","inLanguage":"pl-PL","@id":"https:\/\/origon-eu.com\/#\/schema\/logo\/image\/","url":"https:\/\/origon-eu.com\/wp-content\/uploads\/2024\/04\/Screenshot-2024-04-09-101814.png","contentUrl":"https:\/\/origon-eu.com\/wp-content\/uploads\/2024\/04\/Screenshot-2024-04-09-101814.png","width":171,"height":59,"caption":"Origon EU"},"image":{"@id":"https:\/\/origon-eu.com\/#\/schema\/logo\/image\/"}}]}},"tiered_pricing_type":"fixed","tiered_pricing_fixed_rules":{"2":"36.99","3":"34.99","4":"32.99"},"tiered_pricing_percentage_rules":[],"tiered_pricing_minimum":1,"tiered_pricing_roles_data":[],"_links":{"self":[{"href":"https:\/\/origon-eu.com\/pl\/wp-json\/wp\/v2\/product\/32658","targetHints":{"allow":["GET"]}}],"collection":[{"href":"https:\/\/origon-eu.com\/pl\/wp-json\/wp\/v2\/product"}],"about":[{"href":"https:\/\/origon-eu.com\/pl\/wp-json\/wp\/v2\/types\/product"}],"version-history":[{"count":1,"href":"https:\/\/origon-eu.com\/pl\/wp-json\/wp\/v2\/product\/32658\/revisions"}],"predecessor-version":[{"id":32659,"href":"https:\/\/origon-eu.com\/pl\/wp-json\/wp\/v2\/product\/32658\/revisions\/32659"}],"wp:featuredmedia":[{"embeddable":true,"href":"https:\/\/origon-eu.com\/pl\/wp-json\/wp\/v2\/media\/32218"}],"wp:attachment":[{"href":"https:\/\/origon-eu.com\/pl\/wp-json\/wp\/v2\/media?parent=32658"}],"wp:term":[{"taxonomy":"product_cat","embeddable":true,"href":"https:\/\/origon-eu.com\/pl\/wp-json\/wp\/v2\/product_cat?post=32658"},{"taxonomy":"product_tag","embeddable":true,"href":"https:\/\/origon-eu.com\/pl\/wp-json\/wp\/v2\/product_tag?post=32658"}],"curies":[{"name":"wp","href":"https:\/\/api.w.org\/{rel}","templated":true}]}}