{"id":32631,"date":"2025-01-08T16:41:50","date_gmt":"2025-01-08T14:41:50","guid":{"rendered":"https:\/\/origon-eu.com\/product\/lever-espresso-coffee-machine\/"},"modified":"2025-01-09T12:14:26","modified_gmt":"2025-01-09T10:14:26","slug":"lever-espresso-coffee-machine","status":"publish","type":"product","link":"https:\/\/origon-eu.com\/pl\/product\/lever-espresso-coffee-machine\/","title":{"rendered":"Lever espresso coffee machine"},"content":{"rendered":"<p><strong>Kawiarnia w Twoim domu<\/strong><br \/>\nDzi\u0119ki ekspresowi do kawy Llever mo\u017cesz przygotowa\u0107 wszystko. A dzi\u0119ki systemowi grzewczemu Thermoblock nie b\u0119dziesz musia\u0142 czeka\u0107. Espresso b\u0119dzie mia\u0142o bogat\u0105 crem\u0119 i aromat dzi\u0119ki wysokiej jako\u015bci w\u0142oskiej pompie o ci\u015bnieniu 20 bar\u00f3w. Za pomoc\u0105 dyszy parowej mo\u017cesz ubi\u0107 puszyst\u0105 mikropiank\u0119 z mleka.<\/p>\n<p>Podgrzewacz do fili\u017canek to nie tylko kaprys, ale absolutna konieczno\u015b\u0107. Kawa potrzebuje nie tylko sta\u0142ego ci\u015bnienia, ale tak\u017ce temperatury. A zimny kubek mo\u017ce zrobi\u0107 znacz\u0105c\u0105 r\u00f3\u017cnic\u0119 w ko\u0144cowym smaku<\/p>\n<p>.<a href=\"https:\/\/origon-eu.com\/wp-content\/uploads\/2025\/01\/kavovar1.webp\"><img fetchpriority=\"high\" decoding=\"async\" class=\"size-full wp-image-32427 aligncenter\" src=\"https:\/\/origon-eu.com\/wp-content\/uploads\/2025\/01\/kavovar1.webp\" alt=\"\" width=\"790\" height=\"530\" srcset=\"https:\/\/origon-eu.com\/wp-content\/uploads\/2025\/01\/kavovar1.webp 790w, https:\/\/origon-eu.com\/wp-content\/uploads\/2025\/01\/kavovar1-300x201.webp 300w, https:\/\/origon-eu.com\/wp-content\/uploads\/2025\/01\/kavovar1-768x515.webp 768w, https:\/\/origon-eu.com\/wp-content\/uploads\/2025\/01\/kavovar1-600x403.webp 600w, https:\/\/origon-eu.com\/wp-content\/uploads\/2025\/01\/kavovar1-150x101.webp 150w\" sizes=\"(max-width: 790px) 100vw, 790px\" \/><\/a><\/p>\n<h2>Pasuje nawet do najmniejszej kuchni<\/h2>\n<p class=\"p1\">A dzi\u0119ki\u00a0<strong>ca\u0142kowicie metalowej konstrukcji<\/strong>\u00a0b\u0119dzie tam wygl\u0105da\u0107 dobrze. Zbiornik na wod\u0119 ma nadal <strong>wystarczaj\u0105c\u0105 pojemno\u015b\u0107 1,4 litra<\/strong>\u00a0&#8211; wi\u0119c nie musisz go ci\u0105gle uzupe\u0142nia\u0107.<\/p>\n<p class=\"p1\"><strong>Nie martw si\u0119 r\u00f3wnie\u017c czyszczeniem<\/strong>\u00a0. Mo\u017cesz po prostu op\u0142uka\u0107 d\u017awigni\u0119, sitko i tack\u0119 ociekow\u0105. Zewn\u0119trzna dysza parowa zapewnia r\u00f3wnie\u017c, \u017ce <strong>mleko nie osadza si\u0119 wewn\u0105trz <span class=\"show-tooltip\" title=\"\" data-original-title=\"Prohl\u00e9dn\u011bte si k\u00e1vovary od \u010desk\u00e9 zna\u010dky Patricca.\" aria-describedby=\"tooltip103083\">ekspresu do kawy<\/span><\/strong>\u00a0. Co jest problemem w przypadku wbudowanych spieniaczy. Po prostu przedmuchaj go przez pust\u0105 przestrze\u0144 i wytrzyj.<\/p>\n<p><a href=\"https:\/\/origon-eu.com\/wp-content\/uploads\/2025\/01\/kavovar.webp\"><img decoding=\"async\" class=\"size-full wp-image-32437 aligncenter\" src=\"https:\/\/origon-eu.com\/wp-content\/uploads\/2025\/01\/kavovar.webp\" alt=\"\" width=\"790\" height=\"530\" srcset=\"https:\/\/origon-eu.com\/wp-content\/uploads\/2025\/01\/kavovar.webp 790w, https:\/\/origon-eu.com\/wp-content\/uploads\/2025\/01\/kavovar-300x201.webp 300w, https:\/\/origon-eu.com\/wp-content\/uploads\/2025\/01\/kavovar-768x515.webp 768w, https:\/\/origon-eu.com\/wp-content\/uploads\/2025\/01\/kavovar-600x403.webp 600w, https:\/\/origon-eu.com\/wp-content\/uploads\/2025\/01\/kavovar-150x101.webp 150w\" sizes=\"(max-width: 790px) 100vw, 790px\" \/><\/a><\/p>\n<h2>Nie musisz o niczym my\u015ble\u0107.<\/h2>\n<p class=\"p1\">Ekspres do kawy Patricca Lacrema zrobi to za Ciebie. Mo\u017cna go \u0142atwo <strong>obs\u0142ugiwa\u0107 za pomoc\u0105 4 przycisk\u00f3w<\/strong>\u00a0. Ponadto mo\u017cesz <strong>przechowywa\u0107 kaw\u0119<\/strong> dok\u0142adnie tak, jak lubisz \u2013 osobno na jedn\u0105 i dwie fili\u017canki.<\/p>\n<p class=\"p1\"><strong>A co je\u015bli przypadkowo zapomnisz wy\u0142\u0105czy\u0107 urz\u0105dzenie?<\/strong> Nic si\u0119 nie dzieje. Robi to samo.<strong>\u00a0<\/strong><\/p>\n<p><a href=\"https:\/\/origon-eu.com\/wp-content\/uploads\/2025\/01\/Kavovar-Patricca-Lacrema.webp\"><img decoding=\"async\" class=\"size-full wp-image-32449 aligncenter\" src=\"https:\/\/origon-eu.com\/wp-content\/uploads\/2025\/01\/Kavovar-Patricca-Lacrema.webp\" alt=\"\" width=\"790\" height=\"600\" \/><\/a><\/p>\n<h2>Jak wygl\u0105da ekspres do kawy Lacrema w akcji?<\/h2>\n<div style=\"width: 1280px;\" class=\"wp-video\"><video class=\"wp-video-shortcode\" id=\"video-32631-1\" width=\"1280\" height=\"720\" preload=\"metadata\" controls=\"controls\"><source type=\"video\/mp4\" src=\"https:\/\/origon-eu.com\/wp-content\/uploads\/2025\/01\/coffee.mp4?_=1\" \/><a href=\"https:\/\/origon-eu.com\/wp-content\/uploads\/2025\/01\/coffee.mp4\">https:\/\/origon-eu.com\/wp-content\/uploads\/2025\/01\/coffee.mp4<\/a><\/video><\/div>\n","protected":false},"excerpt":{"rendered":"<p class=\"p1\">Za\u0142\u00f3\u017c <strong>najlepsz\u0105 kawiarni\u0119 na \u015bwiecie<\/strong>\u00a0w domu. Zawsze b\u0119dziesz mie\u0107 miejsce do siedzenia i nie b\u0119dziesz musia\u0142 czeka\u0107 na kaw\u0119. Niezale\u017cnie od tego, czy masz ochot\u0119 na <strong>dobre espresso, czy na ubit\u0105 kaw\u0119 latte macchiato. <\/strong><\/p>\n<ul>\n<li><strong>Wysokiej jako\u015bci w\u0142oska pompa:<\/strong>\u00a0\u00a0ci\u015bnienie 20 bar\u00f3w<\/li>\n<li><strong>\u0141atwa obs\u0142uga:<\/strong>\u00a0\u00a04 przyciski<\/li>\n<li><strong>Szybkie podgrzewanie wody:<\/strong>\u00a0system thermoblock<\/li>\n<li><strong>Ilo\u015b\u0107 kaw:<\/strong>\u00a0do 2 fili\u017canek na raz<\/li>\n<li><strong>Dysza parowa:\u00a0<\/strong>\u00a0szybko spienia mleko<\/li>\n<li><strong>Pojemno\u015b\u0107:<\/strong>\u00a01,4 l<\/li>\n<li><strong>Automatyczne wy\u0142\u0105czanie<\/strong><\/li>\n<li><strong>Konstrukcja ca\u0142kowicie metalowa<\/strong><\/li>\n<\/ul>\n","protected":false},"featured_media":32443,"template":"","meta":[],"product_cat":[214,215],"product_tag":[],"class_list":{"0":"post-32631","1":"product","2":"type-product","3":"status-publish","4":"has-post-thumbnail","6":"product_cat-dom-i-kuchnia-pl","7":"product_cat-elektornika-pl","9":"first","10":"outofstock","11":"sale","12":"shipping-taxable","13":"purchasable","14":"product-type-simple"},"yoast_head":"<!-- This site is optimized with the Yoast SEO plugin v24.2 - https:\/\/yoast.com\/wordpress\/plugins\/seo\/ -->\n<title>Lever espresso coffee machine - Origon EU<\/title>\n<meta name=\"robots\" content=\"index, follow, max-snippet:-1, max-image-preview:large, max-video-preview:-1\" \/>\n<link rel=\"canonical\" href=\"https:\/\/origon-eu.com\/pl\/product\/lever-espresso-coffee-machine\/\" \/>\n<meta property=\"og:locale\" content=\"pl_PL\" \/>\n<meta property=\"og:type\" content=\"article\" \/>\n<meta property=\"og:title\" content=\"Lever espresso coffee machine - Origon EU\" \/>\n<meta property=\"og:description\" content=\"Za\u0142\u00f3\u017c najlepsz\u0105 kawiarni\u0119 na \u015bwiecie\u00a0w domu. Zawsze b\u0119dziesz mie\u0107 miejsce do siedzenia i nie b\u0119dziesz musia\u0142 czeka\u0107 na kaw\u0119. Niezale\u017cnie od tego, czy masz ochot\u0119 na dobre espresso, czy na ubit\u0105 kaw\u0119 latte macchiato.     Wysokiej jako\u015bci w\u0142oska pompa:\u00a0\u00a0ci\u015bnienie 20 bar\u00f3w  \u0141atwa obs\u0142uga:\u00a0\u00a04 przyciski  Szybkie podgrzewanie wody:\u00a0system thermoblock  Ilo\u015b\u0107 kaw:\u00a0do 2 fili\u017canek na raz  Dysza parowa:\u00a0\u00a0szybko spienia mleko  Pojemno\u015b\u0107:\u00a01,4 l  Automatyczne wy\u0142\u0105czanie  Konstrukcja ca\u0142kowicie metalowa\" \/>\n<meta property=\"og:url\" content=\"https:\/\/origon-eu.com\/pl\/product\/lever-espresso-coffee-machine\/\" \/>\n<meta property=\"og:site_name\" content=\"Origon EU\" \/>\n<meta property=\"article:modified_time\" content=\"2025-01-09T10:14:26+00:00\" \/>\n<meta property=\"og:image\" content=\"https:\/\/origon-eu.com\/wp-content\/uploads\/2025\/01\/kavovar.webp\" \/>\n\t<meta property=\"og:image:width\" content=\"790\" \/>\n\t<meta property=\"og:image:height\" content=\"530\" \/>\n\t<meta property=\"og:image:type\" content=\"image\/webp\" \/>\n<meta name=\"twitter:card\" content=\"summary_large_image\" \/>\n<meta name=\"twitter:label1\" content=\"Szacowany czas czytania\" \/>\n\t<meta name=\"twitter:data1\" content=\"2 minuty\" \/>\n<script type=\"application\/ld+json\" class=\"yoast-schema-graph\">{\"@context\":\"https:\/\/schema.org\",\"@graph\":[{\"@type\":\"WebPage\",\"@id\":\"https:\/\/origon-eu.com\/pl\/product\/lever-espresso-coffee-machine\/\",\"url\":\"https:\/\/origon-eu.com\/pl\/product\/lever-espresso-coffee-machine\/\",\"name\":\"Lever espresso coffee machine - Origon EU\",\"isPartOf\":{\"@id\":\"https:\/\/origon-eu.com\/#website\"},\"primaryImageOfPage\":{\"@id\":\"https:\/\/origon-eu.com\/pl\/product\/lever-espresso-coffee-machine\/#primaryimage\"},\"image\":{\"@id\":\"https:\/\/origon-eu.com\/pl\/product\/lever-espresso-coffee-machine\/#primaryimage\"},\"thumbnailUrl\":\"https:\/\/origon-eu.com\/wp-content\/uploads\/2025\/01\/kavovar.webp\",\"datePublished\":\"2025-01-08T14:41:50+00:00\",\"dateModified\":\"2025-01-09T10:14:26+00:00\",\"breadcrumb\":{\"@id\":\"https:\/\/origon-eu.com\/pl\/product\/lever-espresso-coffee-machine\/#breadcrumb\"},\"inLanguage\":\"pl-PL\",\"potentialAction\":[{\"@type\":\"ReadAction\",\"target\":[\"https:\/\/origon-eu.com\/pl\/product\/lever-espresso-coffee-machine\/\"]}]},{\"@type\":\"ImageObject\",\"inLanguage\":\"pl-PL\",\"@id\":\"https:\/\/origon-eu.com\/pl\/product\/lever-espresso-coffee-machine\/#primaryimage\",\"url\":\"https:\/\/origon-eu.com\/wp-content\/uploads\/2025\/01\/kavovar.webp\",\"contentUrl\":\"https:\/\/origon-eu.com\/wp-content\/uploads\/2025\/01\/kavovar.webp\",\"width\":790,\"height\":530},{\"@type\":\"BreadcrumbList\",\"@id\":\"https:\/\/origon-eu.com\/pl\/product\/lever-espresso-coffee-machine\/#breadcrumb\",\"itemListElement\":[{\"@type\":\"ListItem\",\"position\":1,\"name\":\"Home\",\"item\":\"https:\/\/origon-eu.com\/\"},{\"@type\":\"ListItem\",\"position\":2,\"name\":\"Shop\",\"item\":\"https:\/\/origon-eu.com\/pl\/shop\/\"},{\"@type\":\"ListItem\",\"position\":3,\"name\":\"Lever espresso coffee machine\"}]},{\"@type\":\"WebSite\",\"@id\":\"https:\/\/origon-eu.com\/#website\",\"url\":\"https:\/\/origon-eu.com\/\",\"name\":\"Origon EU\",\"description\":\"Online Store\",\"publisher\":{\"@id\":\"https:\/\/origon-eu.com\/#organization\"},\"potentialAction\":[{\"@type\":\"SearchAction\",\"target\":{\"@type\":\"EntryPoint\",\"urlTemplate\":\"https:\/\/origon-eu.com\/?s={search_term_string}\"},\"query-input\":{\"@type\":\"PropertyValueSpecification\",\"valueRequired\":true,\"valueName\":\"search_term_string\"}}],\"inLanguage\":\"pl-PL\"},{\"@type\":\"Organization\",\"@id\":\"https:\/\/origon-eu.com\/#organization\",\"name\":\"Origon EU\",\"url\":\"https:\/\/origon-eu.com\/\",\"logo\":{\"@type\":\"ImageObject\",\"inLanguage\":\"pl-PL\",\"@id\":\"https:\/\/origon-eu.com\/#\/schema\/logo\/image\/\",\"url\":\"https:\/\/origon-eu.com\/wp-content\/uploads\/2024\/04\/Screenshot-2024-04-09-101814.png\",\"contentUrl\":\"https:\/\/origon-eu.com\/wp-content\/uploads\/2024\/04\/Screenshot-2024-04-09-101814.png\",\"width\":171,\"height\":59,\"caption\":\"Origon EU\"},\"image\":{\"@id\":\"https:\/\/origon-eu.com\/#\/schema\/logo\/image\/\"}}]}<\/script>\n<!-- \/ Yoast SEO plugin. -->","yoast_head_json":{"title":"Lever espresso coffee machine - Origon EU","robots":{"index":"index","follow":"follow","max-snippet":"max-snippet:-1","max-image-preview":"max-image-preview:large","max-video-preview":"max-video-preview:-1"},"canonical":"https:\/\/origon-eu.com\/pl\/product\/lever-espresso-coffee-machine\/","og_locale":"pl_PL","og_type":"article","og_title":"Lever espresso coffee machine - Origon EU","og_description":"Za\u0142\u00f3\u017c najlepsz\u0105 kawiarni\u0119 na \u015bwiecie\u00a0w domu. Zawsze b\u0119dziesz mie\u0107 miejsce do siedzenia i nie b\u0119dziesz musia\u0142 czeka\u0107 na kaw\u0119. Niezale\u017cnie od tego, czy masz ochot\u0119 na dobre espresso, czy na ubit\u0105 kaw\u0119 latte macchiato.     Wysokiej jako\u015bci w\u0142oska pompa:\u00a0\u00a0ci\u015bnienie 20 bar\u00f3w  \u0141atwa obs\u0142uga:\u00a0\u00a04 przyciski  Szybkie podgrzewanie wody:\u00a0system thermoblock  Ilo\u015b\u0107 kaw:\u00a0do 2 fili\u017canek na raz  Dysza parowa:\u00a0\u00a0szybko spienia mleko  Pojemno\u015b\u0107:\u00a01,4 l  Automatyczne wy\u0142\u0105czanie  Konstrukcja ca\u0142kowicie metalowa","og_url":"https:\/\/origon-eu.com\/pl\/product\/lever-espresso-coffee-machine\/","og_site_name":"Origon EU","article_modified_time":"2025-01-09T10:14:26+00:00","og_image":[{"width":790,"height":530,"url":"https:\/\/origon-eu.com\/wp-content\/uploads\/2025\/01\/kavovar.webp","type":"image\/webp"}],"twitter_card":"summary_large_image","twitter_misc":{"Szacowany czas czytania":"2 minuty"},"schema":{"@context":"https:\/\/schema.org","@graph":[{"@type":"WebPage","@id":"https:\/\/origon-eu.com\/pl\/product\/lever-espresso-coffee-machine\/","url":"https:\/\/origon-eu.com\/pl\/product\/lever-espresso-coffee-machine\/","name":"Lever espresso coffee machine - Origon EU","isPartOf":{"@id":"https:\/\/origon-eu.com\/#website"},"primaryImageOfPage":{"@id":"https:\/\/origon-eu.com\/pl\/product\/lever-espresso-coffee-machine\/#primaryimage"},"image":{"@id":"https:\/\/origon-eu.com\/pl\/product\/lever-espresso-coffee-machine\/#primaryimage"},"thumbnailUrl":"https:\/\/origon-eu.com\/wp-content\/uploads\/2025\/01\/kavovar.webp","datePublished":"2025-01-08T14:41:50+00:00","dateModified":"2025-01-09T10:14:26+00:00","breadcrumb":{"@id":"https:\/\/origon-eu.com\/pl\/product\/lever-espresso-coffee-machine\/#breadcrumb"},"inLanguage":"pl-PL","potentialAction":[{"@type":"ReadAction","target":["https:\/\/origon-eu.com\/pl\/product\/lever-espresso-coffee-machine\/"]}]},{"@type":"ImageObject","inLanguage":"pl-PL","@id":"https:\/\/origon-eu.com\/pl\/product\/lever-espresso-coffee-machine\/#primaryimage","url":"https:\/\/origon-eu.com\/wp-content\/uploads\/2025\/01\/kavovar.webp","contentUrl":"https:\/\/origon-eu.com\/wp-content\/uploads\/2025\/01\/kavovar.webp","width":790,"height":530},{"@type":"BreadcrumbList","@id":"https:\/\/origon-eu.com\/pl\/product\/lever-espresso-coffee-machine\/#breadcrumb","itemListElement":[{"@type":"ListItem","position":1,"name":"Home","item":"https:\/\/origon-eu.com\/"},{"@type":"ListItem","position":2,"name":"Shop","item":"https:\/\/origon-eu.com\/pl\/shop\/"},{"@type":"ListItem","position":3,"name":"Lever espresso coffee machine"}]},{"@type":"WebSite","@id":"https:\/\/origon-eu.com\/#website","url":"https:\/\/origon-eu.com\/","name":"Origon EU","description":"Online Store","publisher":{"@id":"https:\/\/origon-eu.com\/#organization"},"potentialAction":[{"@type":"SearchAction","target":{"@type":"EntryPoint","urlTemplate":"https:\/\/origon-eu.com\/?s={search_term_string}"},"query-input":{"@type":"PropertyValueSpecification","valueRequired":true,"valueName":"search_term_string"}}],"inLanguage":"pl-PL"},{"@type":"Organization","@id":"https:\/\/origon-eu.com\/#organization","name":"Origon EU","url":"https:\/\/origon-eu.com\/","logo":{"@type":"ImageObject","inLanguage":"pl-PL","@id":"https:\/\/origon-eu.com\/#\/schema\/logo\/image\/","url":"https:\/\/origon-eu.com\/wp-content\/uploads\/2024\/04\/Screenshot-2024-04-09-101814.png","contentUrl":"https:\/\/origon-eu.com\/wp-content\/uploads\/2024\/04\/Screenshot-2024-04-09-101814.png","width":171,"height":59,"caption":"Origon EU"},"image":{"@id":"https:\/\/origon-eu.com\/#\/schema\/logo\/image\/"}}]}},"tiered_pricing_type":"fixed","tiered_pricing_fixed_rules":[],"tiered_pricing_percentage_rules":[],"tiered_pricing_minimum":1,"tiered_pricing_roles_data":[],"_links":{"self":[{"href":"https:\/\/origon-eu.com\/pl\/wp-json\/wp\/v2\/product\/32631","targetHints":{"allow":["GET"]}}],"collection":[{"href":"https:\/\/origon-eu.com\/pl\/wp-json\/wp\/v2\/product"}],"about":[{"href":"https:\/\/origon-eu.com\/pl\/wp-json\/wp\/v2\/types\/product"}],"version-history":[{"count":2,"href":"https:\/\/origon-eu.com\/pl\/wp-json\/wp\/v2\/product\/32631\/revisions"}],"predecessor-version":[{"id":32633,"href":"https:\/\/origon-eu.com\/pl\/wp-json\/wp\/v2\/product\/32631\/revisions\/32633"}],"wp:featuredmedia":[{"embeddable":true,"href":"https:\/\/origon-eu.com\/pl\/wp-json\/wp\/v2\/media\/32443"}],"wp:attachment":[{"href":"https:\/\/origon-eu.com\/pl\/wp-json\/wp\/v2\/media?parent=32631"}],"wp:term":[{"taxonomy":"product_cat","embeddable":true,"href":"https:\/\/origon-eu.com\/pl\/wp-json\/wp\/v2\/product_cat?post=32631"},{"taxonomy":"product_tag","embeddable":true,"href":"https:\/\/origon-eu.com\/pl\/wp-json\/wp\/v2\/product_tag?post=32631"}],"curies":[{"name":"wp","href":"https:\/\/api.w.org\/{rel}","templated":true}]}}