{"id":28850,"date":"2024-10-29T12:02:06","date_gmt":"2024-10-29T10:02:06","guid":{"rendered":"https:\/\/origon-eu.com\/?post_type=product&#038;p=28850"},"modified":"2025-05-20T23:44:41","modified_gmt":"2025-05-20T21:44:41","slug":"magic-nail-fungus-removal-spray","status":"publish","type":"product","link":"https:\/\/origon-eu.com\/pl\/product\/magic-nail-fungus-removal-spray\/","title":{"rendered":"Magiczny spray na grzybic\u0119 paznokci"},"content":{"rendered":"<p>1\u3001\u3010Bezpiecze\u0144stwo sk\u0142adnik\u00f3w\u3011Naturalne sk\u0142adniki wzmacniaj\u0105 \u0142amliwe paznokcie, naprawiaj\u0105 przebarwione i uszkodzone paznokcie oraz przyspieszaj\u0105 zdrowy wzrost paznokci. Esencja do naprawy paznokci jest bezpieczna i delikatna.<br \/>\n2\u3001\u3010\u0141atwy w naprawie\u3011Nadaje paznokciom naturalny po\u0142ysk i pomaga je wyg\u0142adzi\u0107. Okres rekonwalescencji zale\u017cy od wzrostu i uszkodzenia paznokcia, wi\u0119c mo\u017ce trwa\u0107 r\u00f3\u017cn\u0105 d\u0142ugo\u015b\u0107 czasu.<br \/>\n3\u3001\u3010Mocne paznokcie\u3011Poprawia tkank\u0119 paznokcia, zdrowa tkanka sprawia, \u017ce \u200b\u200bpaznokcie s\u0105 mocniejsze i mniej podatne na \u0142amanie. Naturalna esencja do naprawy paznokci u st\u00f3p pomaga zmniejszy\u0107 przebarwienia, skorygowa\u0107 zdeformowane kszta\u0142ty i znormalizowa\u0107 grubo\u015b\u0107.<br \/>\n4\u3001\u3010Wielofunkcyjny\u3011Extra Strong Nail Repair for Toenail nadaje si\u0119 do kurczenia si\u0119, nier\u00f3wnych powierzchni, rozwarstwiania, pogrubienia i \u017c\u00f3\u0142kni\u0119cia, odklejania paznokci, m\u0119tnych przebarwie\u0144, problem\u00f3w z paznokciami itp.<br \/>\n5\u3001\u3010Spos\u00f3b u\u017cycia\u3011Dwa razy dziennie, w dzie\u0144 i w nocy. Po ka\u017cdych 2-3 dniach stosowania wypoleruj powierzchnie paznokci i kontynuuj stosowanie. Toe and Finger Nail Essence jest \u0142atwy w u\u017cyciu.<br \/>\nOpis:<br \/>\nNaturalne sk\u0142adniki wzmacniaj\u0105 \u0142amliwe paznokcie, naprawiaj\u0105 odbarwione i uszkodzone paznokcie oraz przyspieszaj\u0105 zdrowy wzrost paznokci. Nail Repair Essence jest bezpieczny i delikatny. Zdrowa tkanka sprawia, \u017ce \u200b\u200bpaznokcie s\u0105 mocniejsze i mniej podatne na \u0142amanie. Natural Toenail Repair Essence pomaga w zapuszczaniu mocnych paznokci, zmniejszaniu przebarwie\u0144, korygowaniu zdeformowanego kszta\u0142tu itp.<br \/>\nDwa razy dziennie, raz rano, raz wieczorem. Po ka\u017cdych 2-3 dniach stosowania wypoleruj powierzchnie paznokci i kontynuuj stosowanie.<\/p>\n<p><a href=\"https:\/\/origon-eu.com\/wp-content\/uploads\/2024\/10\/S98765ea6afd04e73a31089d99c3756e7H.avif\"><img fetchpriority=\"high\" decoding=\"async\" class=\"alignnone size-full wp-image-32710\" src=\"https:\/\/origon-eu.com\/wp-content\/uploads\/2024\/10\/S98765ea6afd04e73a31089d99c3756e7H.avif\" alt=\"\" width=\"1000\" height=\"1000\" \/><\/a> <a href=\"https:\/\/origon-eu.com\/wp-content\/uploads\/2024\/10\/Sa8a2b52d780b49959a440f8fa6d491c2W.avif\"><img decoding=\"async\" class=\"alignnone size-full wp-image-32721\" src=\"https:\/\/origon-eu.com\/wp-content\/uploads\/2024\/10\/Sa8a2b52d780b49959a440f8fa6d491c2W.avif\" alt=\"\" width=\"1000\" height=\"1000\" \/><\/a> <a href=\"https:\/\/origon-eu.com\/wp-content\/uploads\/2024\/10\/Sf265ad80b692425a8ad98922eac3107co.avif\"><img decoding=\"async\" class=\"alignnone size-full wp-image-32731\" src=\"https:\/\/origon-eu.com\/wp-content\/uploads\/2024\/10\/Sf265ad80b692425a8ad98922eac3107co.avif\" alt=\"\" width=\"1000\" height=\"1000\" \/><\/a> <a href=\"https:\/\/origon-eu.com\/wp-content\/uploads\/2024\/10\/S9ae0e23410d54186aa72dbcc067830faD.avif\"><img loading=\"lazy\" decoding=\"async\" class=\"alignnone size-full wp-image-32741\" src=\"https:\/\/origon-eu.com\/wp-content\/uploads\/2024\/10\/S9ae0e23410d54186aa72dbcc067830faD.avif\" alt=\"\" width=\"1000\" height=\"1000\" \/><\/a> <a href=\"https:\/\/origon-eu.com\/wp-content\/uploads\/2024\/10\/S83cd5546cc4c4eb8a3900ecd72b5f99c4.avif\"><img loading=\"lazy\" decoding=\"async\" class=\"alignnone size-full wp-image-32751\" src=\"https:\/\/origon-eu.com\/wp-content\/uploads\/2024\/10\/S83cd5546cc4c4eb8a3900ecd72b5f99c4.avif\" alt=\"\" width=\"1000\" height=\"1000\" \/><\/a> <a href=\"https:\/\/origon-eu.com\/wp-content\/uploads\/2024\/10\/S42d34c19bc544f568bbe2a0ab7b9f85b0.avif\"><img loading=\"lazy\" decoding=\"async\" class=\"alignnone size-full wp-image-32761\" src=\"https:\/\/origon-eu.com\/wp-content\/uploads\/2024\/10\/S42d34c19bc544f568bbe2a0ab7b9f85b0.avif\" alt=\"\" width=\"1000\" height=\"1000\" \/><\/a> <a href=\"https:\/\/origon-eu.com\/wp-content\/uploads\/2024\/10\/Sa602da4a567b480e891d9a10004e8e5ew.avif\"><img loading=\"lazy\" decoding=\"async\" class=\"alignnone size-full wp-image-32771\" src=\"https:\/\/origon-eu.com\/wp-content\/uploads\/2024\/10\/Sa602da4a567b480e891d9a10004e8e5ew.avif\" alt=\"\" width=\"1000\" height=\"1000\" \/><\/a> <a href=\"https:\/\/origon-eu.com\/wp-content\/uploads\/2024\/10\/S9cede87958e245b7ba420c8969e77493u.avif\"><img loading=\"lazy\" decoding=\"async\" class=\"alignnone size-full wp-image-32781\" src=\"https:\/\/origon-eu.com\/wp-content\/uploads\/2024\/10\/S9cede87958e245b7ba420c8969e77493u.avif\" alt=\"\" width=\"1000\" height=\"1000\" \/><\/a> <a href=\"https:\/\/origon-eu.com\/wp-content\/uploads\/2024\/10\/S7ec07d42016c45928dc27f9673a65fa0O.avif\"><img loading=\"lazy\" decoding=\"async\" class=\"alignnone size-full wp-image-32791\" src=\"https:\/\/origon-eu.com\/wp-content\/uploads\/2024\/10\/S7ec07d42016c45928dc27f9673a65fa0O.avif\" alt=\"\" width=\"1000\" height=\"1000\" \/><\/a><\/p>\n","protected":false},"excerpt":{"rendered":"<ul>\n<li>Widoczne rezultaty po 7 dniach stosowania<\/li>\n<li>Zmniejsza i spowalnia wypadanie w\u0142os\u00f3w<\/li>\n<li>Zwi\u0119ksza g\u0119sto\u015b\u0107 w\u0142os\u00f3w<\/li>\n<li>Wspomaga wzrost nowych w\u0142os\u00f3w<\/li>\n<li>Stymuluje regeneracj\u0119 korzeni i grubo\u015b\u0107 w\u0142os\u00f3w<\/li>\n<li>Dla m\u0119\u017cczyzn i kobiet<\/li>\n<\/ul>\n","protected":false},"featured_media":28870,"template":"","meta":[],"product_cat":[266],"product_tag":[],"class_list":{"0":"post-28850","1":"product","2":"type-product","3":"status-publish","4":"has-post-thumbnail","6":"product_cat-uroda-i-pielegnacja-osobisty","8":"first","9":"instock","10":"sale","11":"shipping-taxable","12":"purchasable","13":"product-type-simple"},"yoast_head":"<!-- This site is optimized with the Yoast SEO plugin v24.2 - https:\/\/yoast.com\/wordpress\/plugins\/seo\/ -->\n<title>Magiczny spray na grzybic\u0119 paznokci - Origon EU<\/title>\n<meta name=\"robots\" content=\"index, follow, max-snippet:-1, max-image-preview:large, max-video-preview:-1\" \/>\n<link rel=\"canonical\" href=\"https:\/\/origon-eu.com\/pl\/product\/magic-nail-fungus-removal-spray\/\" \/>\n<meta property=\"og:locale\" content=\"pl_PL\" \/>\n<meta property=\"og:type\" content=\"article\" \/>\n<meta property=\"og:title\" content=\"Magiczny spray na grzybic\u0119 paznokci - Origon EU\" \/>\n<meta property=\"og:description\" content=\"Widoczne rezultaty po 7 dniach stosowania  Zmniejsza i spowalnia wypadanie w\u0142os\u00f3w  Zwi\u0119ksza g\u0119sto\u015b\u0107 w\u0142os\u00f3w  Wspomaga wzrost nowych w\u0142os\u00f3w  Stymuluje regeneracj\u0119 korzeni i grubo\u015b\u0107 w\u0142os\u00f3w  Dla m\u0119\u017cczyzn i kobiet\" \/>\n<meta property=\"og:url\" content=\"https:\/\/origon-eu.com\/pl\/product\/magic-nail-fungus-removal-spray\/\" \/>\n<meta property=\"og:site_name\" content=\"Origon EU\" \/>\n<meta property=\"article:modified_time\" content=\"2025-05-20T21:44:41+00:00\" \/>\n<meta property=\"og:image\" content=\"https:\/\/origon-eu.com\/wp-content\/uploads\/2024\/10\/posledna.webp\" \/>\n\t<meta property=\"og:image:width\" content=\"1000\" \/>\n\t<meta property=\"og:image:height\" content=\"1000\" \/>\n\t<meta property=\"og:image:type\" content=\"image\/webp\" \/>\n<meta name=\"twitter:card\" content=\"summary_large_image\" \/>\n<meta name=\"twitter:label1\" content=\"Szacowany czas czytania\" \/>\n\t<meta name=\"twitter:data1\" content=\"3 minuty\" \/>\n<script type=\"application\/ld+json\" class=\"yoast-schema-graph\">{\"@context\":\"https:\/\/schema.org\",\"@graph\":[{\"@type\":\"WebPage\",\"@id\":\"https:\/\/origon-eu.com\/pl\/product\/magic-nail-fungus-removal-spray\/\",\"url\":\"https:\/\/origon-eu.com\/pl\/product\/magic-nail-fungus-removal-spray\/\",\"name\":\"Magiczny spray na grzybic\u0119 paznokci - Origon EU\",\"isPartOf\":{\"@id\":\"https:\/\/origon-eu.com\/#website\"},\"primaryImageOfPage\":{\"@id\":\"https:\/\/origon-eu.com\/pl\/product\/magic-nail-fungus-removal-spray\/#primaryimage\"},\"image\":{\"@id\":\"https:\/\/origon-eu.com\/pl\/product\/magic-nail-fungus-removal-spray\/#primaryimage\"},\"thumbnailUrl\":\"https:\/\/origon-eu.com\/wp-content\/uploads\/2024\/10\/posledna.webp\",\"datePublished\":\"2024-10-29T10:02:06+00:00\",\"dateModified\":\"2025-05-20T21:44:41+00:00\",\"breadcrumb\":{\"@id\":\"https:\/\/origon-eu.com\/pl\/product\/magic-nail-fungus-removal-spray\/#breadcrumb\"},\"inLanguage\":\"pl-PL\",\"potentialAction\":[{\"@type\":\"ReadAction\",\"target\":[\"https:\/\/origon-eu.com\/pl\/product\/magic-nail-fungus-removal-spray\/\"]}]},{\"@type\":\"ImageObject\",\"inLanguage\":\"pl-PL\",\"@id\":\"https:\/\/origon-eu.com\/pl\/product\/magic-nail-fungus-removal-spray\/#primaryimage\",\"url\":\"https:\/\/origon-eu.com\/wp-content\/uploads\/2024\/10\/posledna.webp\",\"contentUrl\":\"https:\/\/origon-eu.com\/wp-content\/uploads\/2024\/10\/posledna.webp\",\"width\":1000,\"height\":1000},{\"@type\":\"BreadcrumbList\",\"@id\":\"https:\/\/origon-eu.com\/pl\/product\/magic-nail-fungus-removal-spray\/#breadcrumb\",\"itemListElement\":[{\"@type\":\"ListItem\",\"position\":1,\"name\":\"Home\",\"item\":\"https:\/\/origon-eu.com\/\"},{\"@type\":\"ListItem\",\"position\":2,\"name\":\"Shop\",\"item\":\"https:\/\/origon-eu.com\/pl\/shop\/\"},{\"@type\":\"ListItem\",\"position\":3,\"name\":\"Magiczny spray na grzybic\u0119 paznokci\"}]},{\"@type\":\"WebSite\",\"@id\":\"https:\/\/origon-eu.com\/#website\",\"url\":\"https:\/\/origon-eu.com\/\",\"name\":\"Origon EU\",\"description\":\"Online Store\",\"publisher\":{\"@id\":\"https:\/\/origon-eu.com\/#organization\"},\"potentialAction\":[{\"@type\":\"SearchAction\",\"target\":{\"@type\":\"EntryPoint\",\"urlTemplate\":\"https:\/\/origon-eu.com\/?s={search_term_string}\"},\"query-input\":{\"@type\":\"PropertyValueSpecification\",\"valueRequired\":true,\"valueName\":\"search_term_string\"}}],\"inLanguage\":\"pl-PL\"},{\"@type\":\"Organization\",\"@id\":\"https:\/\/origon-eu.com\/#organization\",\"name\":\"Origon EU\",\"url\":\"https:\/\/origon-eu.com\/\",\"logo\":{\"@type\":\"ImageObject\",\"inLanguage\":\"pl-PL\",\"@id\":\"https:\/\/origon-eu.com\/#\/schema\/logo\/image\/\",\"url\":\"https:\/\/origon-eu.com\/wp-content\/uploads\/2024\/04\/Screenshot-2024-04-09-101814.png\",\"contentUrl\":\"https:\/\/origon-eu.com\/wp-content\/uploads\/2024\/04\/Screenshot-2024-04-09-101814.png\",\"width\":171,\"height\":59,\"caption\":\"Origon EU\"},\"image\":{\"@id\":\"https:\/\/origon-eu.com\/#\/schema\/logo\/image\/\"}}]}<\/script>\n<!-- \/ Yoast SEO plugin. -->","yoast_head_json":{"title":"Magiczny spray na grzybic\u0119 paznokci - Origon EU","robots":{"index":"index","follow":"follow","max-snippet":"max-snippet:-1","max-image-preview":"max-image-preview:large","max-video-preview":"max-video-preview:-1"},"canonical":"https:\/\/origon-eu.com\/pl\/product\/magic-nail-fungus-removal-spray\/","og_locale":"pl_PL","og_type":"article","og_title":"Magiczny spray na grzybic\u0119 paznokci - Origon EU","og_description":"Widoczne rezultaty po 7 dniach stosowania  Zmniejsza i spowalnia wypadanie w\u0142os\u00f3w  Zwi\u0119ksza g\u0119sto\u015b\u0107 w\u0142os\u00f3w  Wspomaga wzrost nowych w\u0142os\u00f3w  Stymuluje regeneracj\u0119 korzeni i grubo\u015b\u0107 w\u0142os\u00f3w  Dla m\u0119\u017cczyzn i kobiet","og_url":"https:\/\/origon-eu.com\/pl\/product\/magic-nail-fungus-removal-spray\/","og_site_name":"Origon EU","article_modified_time":"2025-05-20T21:44:41+00:00","og_image":[{"width":1000,"height":1000,"url":"https:\/\/origon-eu.com\/wp-content\/uploads\/2024\/10\/posledna.webp","type":"image\/webp"}],"twitter_card":"summary_large_image","twitter_misc":{"Szacowany czas czytania":"3 minuty"},"schema":{"@context":"https:\/\/schema.org","@graph":[{"@type":"WebPage","@id":"https:\/\/origon-eu.com\/pl\/product\/magic-nail-fungus-removal-spray\/","url":"https:\/\/origon-eu.com\/pl\/product\/magic-nail-fungus-removal-spray\/","name":"Magiczny spray na grzybic\u0119 paznokci - Origon EU","isPartOf":{"@id":"https:\/\/origon-eu.com\/#website"},"primaryImageOfPage":{"@id":"https:\/\/origon-eu.com\/pl\/product\/magic-nail-fungus-removal-spray\/#primaryimage"},"image":{"@id":"https:\/\/origon-eu.com\/pl\/product\/magic-nail-fungus-removal-spray\/#primaryimage"},"thumbnailUrl":"https:\/\/origon-eu.com\/wp-content\/uploads\/2024\/10\/posledna.webp","datePublished":"2024-10-29T10:02:06+00:00","dateModified":"2025-05-20T21:44:41+00:00","breadcrumb":{"@id":"https:\/\/origon-eu.com\/pl\/product\/magic-nail-fungus-removal-spray\/#breadcrumb"},"inLanguage":"pl-PL","potentialAction":[{"@type":"ReadAction","target":["https:\/\/origon-eu.com\/pl\/product\/magic-nail-fungus-removal-spray\/"]}]},{"@type":"ImageObject","inLanguage":"pl-PL","@id":"https:\/\/origon-eu.com\/pl\/product\/magic-nail-fungus-removal-spray\/#primaryimage","url":"https:\/\/origon-eu.com\/wp-content\/uploads\/2024\/10\/posledna.webp","contentUrl":"https:\/\/origon-eu.com\/wp-content\/uploads\/2024\/10\/posledna.webp","width":1000,"height":1000},{"@type":"BreadcrumbList","@id":"https:\/\/origon-eu.com\/pl\/product\/magic-nail-fungus-removal-spray\/#breadcrumb","itemListElement":[{"@type":"ListItem","position":1,"name":"Home","item":"https:\/\/origon-eu.com\/"},{"@type":"ListItem","position":2,"name":"Shop","item":"https:\/\/origon-eu.com\/pl\/shop\/"},{"@type":"ListItem","position":3,"name":"Magiczny spray na grzybic\u0119 paznokci"}]},{"@type":"WebSite","@id":"https:\/\/origon-eu.com\/#website","url":"https:\/\/origon-eu.com\/","name":"Origon EU","description":"Online Store","publisher":{"@id":"https:\/\/origon-eu.com\/#organization"},"potentialAction":[{"@type":"SearchAction","target":{"@type":"EntryPoint","urlTemplate":"https:\/\/origon-eu.com\/?s={search_term_string}"},"query-input":{"@type":"PropertyValueSpecification","valueRequired":true,"valueName":"search_term_string"}}],"inLanguage":"pl-PL"},{"@type":"Organization","@id":"https:\/\/origon-eu.com\/#organization","name":"Origon EU","url":"https:\/\/origon-eu.com\/","logo":{"@type":"ImageObject","inLanguage":"pl-PL","@id":"https:\/\/origon-eu.com\/#\/schema\/logo\/image\/","url":"https:\/\/origon-eu.com\/wp-content\/uploads\/2024\/04\/Screenshot-2024-04-09-101814.png","contentUrl":"https:\/\/origon-eu.com\/wp-content\/uploads\/2024\/04\/Screenshot-2024-04-09-101814.png","width":171,"height":59,"caption":"Origon EU"},"image":{"@id":"https:\/\/origon-eu.com\/#\/schema\/logo\/image\/"}}]}},"tiered_pricing_type":"fixed","tiered_pricing_fixed_rules":{"2":"17.99","3":"16.99","4":"15.99"},"tiered_pricing_percentage_rules":[],"tiered_pricing_minimum":1,"tiered_pricing_roles_data":[],"_links":{"self":[{"href":"https:\/\/origon-eu.com\/pl\/wp-json\/wp\/v2\/product\/28850","targetHints":{"allow":["GET"]}}],"collection":[{"href":"https:\/\/origon-eu.com\/pl\/wp-json\/wp\/v2\/product"}],"about":[{"href":"https:\/\/origon-eu.com\/pl\/wp-json\/wp\/v2\/types\/product"}],"version-history":[{"count":3,"href":"https:\/\/origon-eu.com\/pl\/wp-json\/wp\/v2\/product\/28850\/revisions"}],"predecessor-version":[{"id":32807,"href":"https:\/\/origon-eu.com\/pl\/wp-json\/wp\/v2\/product\/28850\/revisions\/32807"}],"wp:featuredmedia":[{"embeddable":true,"href":"https:\/\/origon-eu.com\/pl\/wp-json\/wp\/v2\/media\/28870"}],"wp:attachment":[{"href":"https:\/\/origon-eu.com\/pl\/wp-json\/wp\/v2\/media?parent=28850"}],"wp:term":[{"taxonomy":"product_cat","embeddable":true,"href":"https:\/\/origon-eu.com\/pl\/wp-json\/wp\/v2\/product_cat?post=28850"},{"taxonomy":"product_tag","embeddable":true,"href":"https:\/\/origon-eu.com\/pl\/wp-json\/wp\/v2\/product_tag?post=28850"}],"curies":[{"name":"wp","href":"https:\/\/api.w.org\/{rel}","templated":true}]}}