{"id":26313,"date":"2024-04-05T07:46:50","date_gmt":"2024-04-05T07:46:50","guid":{"rendered":"https:\/\/origon-eu.com\/pravila-o-zastiti-privatnosti\/"},"modified":"2024-11-26T14:34:58","modified_gmt":"2024-11-26T12:34:58","slug":"privacy-policy-2","status":"publish","type":"page","link":"https:\/\/origon-eu.com\/pl\/privacy-policy-2\/","title":{"rendered":"Polityka prywatno\u015bci"},"content":{"rendered":"\t\t<div data-elementor-type=\"wp-page\" data-elementor-id=\"26313\" class=\"elementor elementor-26313 elementor-14393\" data-elementor-post-type=\"page\">\n\t\t\t\t<div class=\"elementor-element elementor-element-694b288 e-flex e-con-boxed e-con e-parent\" data-id=\"694b288\" data-element_type=\"container\">\n\t\t\t\t\t<div class=\"e-con-inner\">\n\t\t\t\t<div class=\"elementor-element elementor-element-6d02187 color-scheme-inherit text-left elementor-widget elementor-widget-text-editor\" data-id=\"6d02187\" data-element_type=\"widget\" data-widget_type=\"text-editor.default\">\n\t\t\t\t<div class=\"elementor-widget-container\">\n\t\t\t\t\t\t\t\t\t<p>Polityka prywatno\u015bci<\/p><p>RODO<\/p><p>Administrator sklepu internetowego, jako administrator danych osobowych, przetwarza dane osobowe przekazane operatorowi przez u\u017cytkownika zgodnie z obowi\u0105zuj\u0105cym prawem. Wszystkie dane otrzymane od odwiedzaj\u0105cych stron\u0119 internetow\u0105 (zwane dalej danymi osobowymi) s\u0105 danymi osobowymi i s\u0105 chronione zgodnie z ustaw\u0105 nr 101\/2000 Coll. (Ustawa o ochronie danych) oraz rozporz\u0105dzeniem RODO.<\/p><p>Korzystaj\u0105c z tej strony internetowej, u\u017cytkownik wyra\u017ca zgod\u0119 na przetwarzanie danych osobowych zgodnie z wy\u017cej wymienionymi przepisami i stosownymi przepisami. Administrator danych zobowi\u0105zuje si\u0119 nie przekazywa\u0107 danych osobowych osobom trzecim, z wyj\u0105tkiem podmiot\u00f3w upowa\u017cnionych przez administratora danych na podstawie umowy o przetwarzaniu danych. U\u017cytkownik wyra\u017anie wyra\u017ca zgod\u0119 i informuje operatora o przetwarzaniu jego danych osobowych w celach statystycznych, analitycznych i reklamowych (patrz wykorzystanie plik\u00f3w cookie). Administrator danych zbiera okre\u015blone informacje o u\u017cytkownikach podczas ich wizyt. Dane te s\u0105 ca\u0142kowicie anonimowe, a operator zbiera i przetwarza je wy\u0142\u0105cznie w celu rozwijania i ulepszania strony internetowej.<\/p><p>U\u017bYCIE PLIK\u00d3W COOKIE<\/p><p>Ta strona internetowa u\u017cywa plik\u00f3w cookie dla www.origon-eu.com, Google Adwords, Google Analytics, Facebook, Sklik, Heureka Zbozi.cz w celu \u015bwiadczenia us\u0142ug, tworzenia spersonalizowanych reklam i analizowania ruchu.<\/p><p>OG\u00d3LNE WARUNKI OCHRONY DANYCH OSOBOWYCH ZGODNIE Z OG\u00d3LNYM ROZPORZ\u0104DZENIEM O OCHRONIE DANYCH s\u0105 zawarte w warunkach u\u017cytkowania.<\/p><p>Ochrona danych osobowych klienta, kt\u00f3ry jest osob\u0105 fizyczn\u0105, jest regulowana przez artyku\u0142 101\/2000Sb. oraz rozporz\u0105dzenie GDPR (artyku\u0142 4(11) GDPR i artyku\u0142 7 GDPR) w celu ochrony danych osobowych.<\/p><p>W celu realizacji umowy Dostawca b\u0119dzie przetwarza\u0142 dane osobowe klienta, kt\u00f3re obejmuj\u0105: imi\u0119, nazwisko, nazw\u0119 firmy, adres, numer ubezpieczenia spo\u0142ecznego, numer identyfikacji podatkowej, adres e-mail, numer telefonu (zwane dalej \u0142\u0105cznie \u201edanymi osobowymi\u201d).<\/p><p>Dostawca b\u0119dzie przetwarza\u0142 dane osobowe klienta w celu wykonywania i utrzymywania praw i obowi\u0105zk\u00f3w okre\u015blonych w umowie kupna.<\/p><p>Klient potwierdza, \u017ce \u200b\u200bjest zobowi\u0105zany do podania dok\u0142adnych i prawdziwych danych osobowych (podczas rejestracji, na swoim koncie u\u017cytkownika, podczas sk\u0142adania zam\u00f3wienia na interfejsie internetowym sklepu) i jest zobowi\u0105zany do niezw\u0142ocznego powiadomienia sprzedawcy o wszelkich zmianach swoich danych.<\/p><p>Podczas przetwarzania danych osobowych u\u017cytkownik\u00f3w Dostawca mo\u017ce r\u00f3wnie\u017c przypisa\u0107 rol\u0119 podmiotu przetwarzaj\u0105cego dane osobom trzecim. Dane osobowe nie b\u0119d\u0105 przekazywane bez uprzedniej zgody Dostawcy osobom trzecim, kt\u00f3re nie s\u0105 upowa\u017cnione do dzia\u0142ania jako podmioty przetwarzaj\u0105ce dane, z wyj\u0105tkiem Heureka.sk, us\u0142ug Zbozi.cz, podmiot\u00f3w partnerskich i os\u00f3b zaanga\u017cowanych w transport towar\u00f3w.<\/p><p>Klient potwierdza, \u017ce \u200b\u200bpodane dane osobowe s\u0105 dok\u0142adne i potwierdza, \u017ce \u200b\u200bdobrowolne ujawnienie takich danych osobowych jest konieczne.<\/p><p>Je\u017celi klient uwa\u017ca, \u017ce \u200b\u200bSprzedawca lub upowa\u017cniony podmiot przetwarzaj\u0105cy dane (art. 1.60.) przetwarza jego dane osobowe niezgodnie z prywatno\u015bci\u0105 i poufno\u015bci\u0105 klienta lub z naruszeniem prawa, w szczeg\u00f3lno\u015bci je\u017celi dane osobowe s\u0105 niedok\u0142adne w stosunku do ich przetwarzania w celu, dla kt\u00f3rego zosta\u0142y zebrane, ma prawo do:<\/p><p>Z\u0142o\u017cenia wniosku o sprostowanie danych osobowych<br \/>Z\u0142o\u017cenia wniosku do Sprzedawcy lub podmiotu przetwarzaj\u0105cego dane o sprostowanie sytuacji<br \/>Z\u0142o\u017cenia wniosku do Sprzedawcy lub podmiotu przetwarzaj\u0105cego dane o sprzeciw wobec przetwarzania danych<\/p><p>Je\u017celi klient za\u017c\u0105da informacji o przetwarzaniu swoich danych, Sprzedawca jest zobowi\u0105zany do udzielenia tych informacji. Sprzedawca ma prawo pobra\u0107 specjaln\u0105 op\u0142at\u0119 za udzielenie informacji, kt\u00f3ra przekracza wy\u017cej wymienione koszty, bez przekraczania koszt\u00f3w niezb\u0119dnych do udzielenia informacji.<\/p><p>Postanowienia dotycz\u0105ce prywatno\u015bci w tej wersji obowi\u0105zuj\u0105 od 24 maja 2018 r.<\/p><p>PRZETWARZANIE DANYCH OSOBOWYCH W CELACH MARKETINGOWYCH ZGODNIE Z PRZEPISAMI RODO.<\/p><p>AGRAM ECOM SOLUTION LTD | 71-75 Shelton Street, London, WC2H9JQ, Zjednoczone Kr\u00f3lestwo<\/p><p>Autoryzacja rejestracji: S\u0105d Rejonowy w Londynie<br \/>GB19 MODR 0400 7401 0202 77<\/p>\t\t\t\t\t\t\t\t<\/div>\n\t\t\t\t<\/div>\n\t\t\t\t\t<\/div>\n\t\t\t\t<\/div>\n\t\t\t\t<\/div>\n\t\t","protected":false},"excerpt":{"rendered":"<p>Polityka prywatno\u015bci RODO Administrator sklepu internetowego, jako administrator danych osobowych, przetwarza dane osobowe przekazane operatorowi przez u\u017cytkownika zgodnie z obowi\u0105zuj\u0105cym<\/p>\n","protected":false},"author":1,"featured_media":0,"parent":0,"menu_order":0,"comment_status":"closed","ping_status":"closed","template":"","meta":{"footnotes":""},"class_list":["post-26313","page","type-page","status-publish","hentry"],"yoast_head":"<!-- This site is optimized with the Yoast SEO plugin v24.2 - https:\/\/yoast.com\/wordpress\/plugins\/seo\/ -->\n<title>Polityka prywatno\u015bci - Origon EU<\/title>\n<meta name=\"robots\" content=\"index, follow, max-snippet:-1, max-image-preview:large, max-video-preview:-1\" \/>\n<link rel=\"canonical\" href=\"https:\/\/origon-eu.com\/pl\/privacy-policy-2\/\" \/>\n<meta property=\"og:locale\" content=\"pl_PL\" \/>\n<meta property=\"og:type\" content=\"article\" \/>\n<meta property=\"og:title\" content=\"Polityka prywatno\u015bci - Origon EU\" \/>\n<meta property=\"og:description\" content=\"Polityka prywatno\u015bci RODO Administrator sklepu internetowego, jako administrator danych osobowych, przetwarza dane osobowe przekazane operatorowi przez u\u017cytkownika zgodnie z obowi\u0105zuj\u0105cym\" \/>\n<meta property=\"og:url\" content=\"https:\/\/origon-eu.com\/pl\/privacy-policy-2\/\" \/>\n<meta property=\"og:site_name\" content=\"Origon EU\" \/>\n<meta property=\"article:modified_time\" content=\"2024-11-26T12:34:58+00:00\" \/>\n<meta name=\"twitter:card\" content=\"summary_large_image\" \/>\n<meta name=\"twitter:label1\" content=\"Szacowany czas czytania\" \/>\n\t<meta name=\"twitter:data1\" content=\"4 minuty\" \/>\n<script type=\"application\/ld+json\" class=\"yoast-schema-graph\">{\"@context\":\"https:\/\/schema.org\",\"@graph\":[{\"@type\":\"WebPage\",\"@id\":\"https:\/\/origon-eu.com\/pl\/privacy-policy-2\/\",\"url\":\"https:\/\/origon-eu.com\/pl\/privacy-policy-2\/\",\"name\":\"Polityka prywatno\u015bci - Origon EU\",\"isPartOf\":{\"@id\":\"https:\/\/origon-eu.com\/#website\"},\"datePublished\":\"2024-04-05T07:46:50+00:00\",\"dateModified\":\"2024-11-26T12:34:58+00:00\",\"breadcrumb\":{\"@id\":\"https:\/\/origon-eu.com\/pl\/privacy-policy-2\/#breadcrumb\"},\"inLanguage\":\"pl-PL\",\"potentialAction\":[{\"@type\":\"ReadAction\",\"target\":[\"https:\/\/origon-eu.com\/pl\/privacy-policy-2\/\"]}]},{\"@type\":\"BreadcrumbList\",\"@id\":\"https:\/\/origon-eu.com\/pl\/privacy-policy-2\/#breadcrumb\",\"itemListElement\":[{\"@type\":\"ListItem\",\"position\":1,\"name\":\"Home\",\"item\":\"https:\/\/origon-eu.com\/\"},{\"@type\":\"ListItem\",\"position\":2,\"name\":\"Polityka prywatno\u015bci\"}]},{\"@type\":\"WebSite\",\"@id\":\"https:\/\/origon-eu.com\/#website\",\"url\":\"https:\/\/origon-eu.com\/\",\"name\":\"Origon EU\",\"description\":\"Online Store\",\"publisher\":{\"@id\":\"https:\/\/origon-eu.com\/#organization\"},\"potentialAction\":[{\"@type\":\"SearchAction\",\"target\":{\"@type\":\"EntryPoint\",\"urlTemplate\":\"https:\/\/origon-eu.com\/?s={search_term_string}\"},\"query-input\":{\"@type\":\"PropertyValueSpecification\",\"valueRequired\":true,\"valueName\":\"search_term_string\"}}],\"inLanguage\":\"pl-PL\"},{\"@type\":\"Organization\",\"@id\":\"https:\/\/origon-eu.com\/#organization\",\"name\":\"Origon EU\",\"url\":\"https:\/\/origon-eu.com\/\",\"logo\":{\"@type\":\"ImageObject\",\"inLanguage\":\"pl-PL\",\"@id\":\"https:\/\/origon-eu.com\/#\/schema\/logo\/image\/\",\"url\":\"https:\/\/origon-eu.com\/wp-content\/uploads\/2024\/04\/Screenshot-2024-04-09-101814.png\",\"contentUrl\":\"https:\/\/origon-eu.com\/wp-content\/uploads\/2024\/04\/Screenshot-2024-04-09-101814.png\",\"width\":171,\"height\":59,\"caption\":\"Origon EU\"},\"image\":{\"@id\":\"https:\/\/origon-eu.com\/#\/schema\/logo\/image\/\"}}]}<\/script>\n<!-- \/ Yoast SEO plugin. -->","yoast_head_json":{"title":"Polityka prywatno\u015bci - Origon EU","robots":{"index":"index","follow":"follow","max-snippet":"max-snippet:-1","max-image-preview":"max-image-preview:large","max-video-preview":"max-video-preview:-1"},"canonical":"https:\/\/origon-eu.com\/pl\/privacy-policy-2\/","og_locale":"pl_PL","og_type":"article","og_title":"Polityka prywatno\u015bci - Origon EU","og_description":"Polityka prywatno\u015bci RODO Administrator sklepu internetowego, jako administrator danych osobowych, przetwarza dane osobowe przekazane operatorowi przez u\u017cytkownika zgodnie z obowi\u0105zuj\u0105cym","og_url":"https:\/\/origon-eu.com\/pl\/privacy-policy-2\/","og_site_name":"Origon EU","article_modified_time":"2024-11-26T12:34:58+00:00","twitter_card":"summary_large_image","twitter_misc":{"Szacowany czas czytania":"4 minuty"},"schema":{"@context":"https:\/\/schema.org","@graph":[{"@type":"WebPage","@id":"https:\/\/origon-eu.com\/pl\/privacy-policy-2\/","url":"https:\/\/origon-eu.com\/pl\/privacy-policy-2\/","name":"Polityka prywatno\u015bci - Origon EU","isPartOf":{"@id":"https:\/\/origon-eu.com\/#website"},"datePublished":"2024-04-05T07:46:50+00:00","dateModified":"2024-11-26T12:34:58+00:00","breadcrumb":{"@id":"https:\/\/origon-eu.com\/pl\/privacy-policy-2\/#breadcrumb"},"inLanguage":"pl-PL","potentialAction":[{"@type":"ReadAction","target":["https:\/\/origon-eu.com\/pl\/privacy-policy-2\/"]}]},{"@type":"BreadcrumbList","@id":"https:\/\/origon-eu.com\/pl\/privacy-policy-2\/#breadcrumb","itemListElement":[{"@type":"ListItem","position":1,"name":"Home","item":"https:\/\/origon-eu.com\/"},{"@type":"ListItem","position":2,"name":"Polityka prywatno\u015bci"}]},{"@type":"WebSite","@id":"https:\/\/origon-eu.com\/#website","url":"https:\/\/origon-eu.com\/","name":"Origon EU","description":"Online Store","publisher":{"@id":"https:\/\/origon-eu.com\/#organization"},"potentialAction":[{"@type":"SearchAction","target":{"@type":"EntryPoint","urlTemplate":"https:\/\/origon-eu.com\/?s={search_term_string}"},"query-input":{"@type":"PropertyValueSpecification","valueRequired":true,"valueName":"search_term_string"}}],"inLanguage":"pl-PL"},{"@type":"Organization","@id":"https:\/\/origon-eu.com\/#organization","name":"Origon EU","url":"https:\/\/origon-eu.com\/","logo":{"@type":"ImageObject","inLanguage":"pl-PL","@id":"https:\/\/origon-eu.com\/#\/schema\/logo\/image\/","url":"https:\/\/origon-eu.com\/wp-content\/uploads\/2024\/04\/Screenshot-2024-04-09-101814.png","contentUrl":"https:\/\/origon-eu.com\/wp-content\/uploads\/2024\/04\/Screenshot-2024-04-09-101814.png","width":171,"height":59,"caption":"Origon EU"},"image":{"@id":"https:\/\/origon-eu.com\/#\/schema\/logo\/image\/"}}]}},"_links":{"self":[{"href":"https:\/\/origon-eu.com\/pl\/wp-json\/wp\/v2\/pages\/26313","targetHints":{"allow":["GET"]}}],"collection":[{"href":"https:\/\/origon-eu.com\/pl\/wp-json\/wp\/v2\/pages"}],"about":[{"href":"https:\/\/origon-eu.com\/pl\/wp-json\/wp\/v2\/types\/page"}],"author":[{"embeddable":true,"href":"https:\/\/origon-eu.com\/pl\/wp-json\/wp\/v2\/users\/1"}],"replies":[{"embeddable":true,"href":"https:\/\/origon-eu.com\/pl\/wp-json\/wp\/v2\/comments?post=26313"}],"version-history":[{"count":11,"href":"https:\/\/origon-eu.com\/pl\/wp-json\/wp\/v2\/pages\/26313\/revisions"}],"predecessor-version":[{"id":30364,"href":"https:\/\/origon-eu.com\/pl\/wp-json\/wp\/v2\/pages\/26313\/revisions\/30364"}],"wp:attachment":[{"href":"https:\/\/origon-eu.com\/pl\/wp-json\/wp\/v2\/media?parent=26313"}],"curies":[{"name":"wp","href":"https:\/\/api.w.org\/{rel}","templated":true}]}}