{"id":26307,"date":"2024-03-15T09:26:43","date_gmt":"2024-03-15T09:26:43","guid":{"rendered":"https:\/\/origon-eu.com\/privacy-policy\/"},"modified":"2024-11-26T14:28:39","modified_gmt":"2024-11-26T12:28:39","slug":"privacy-policy","status":"publish","type":"page","link":"https:\/\/origon-eu.com\/pl\/privacy-policy\/","title":{"rendered":"Termeni \u0219i condi\u021bii"},"content":{"rendered":"\t\t<div data-elementor-type=\"wp-page\" data-elementor-id=\"26307\" class=\"elementor elementor-26307\" data-elementor-post-type=\"page\">\n\t\t\t\t<div class=\"elementor-element elementor-element-7e921295 e-flex e-con-boxed e-con e-parent\" data-id=\"7e921295\" data-element_type=\"container\">\n\t\t\t\t\t<div class=\"e-con-inner\">\n\t\t\t\t<div class=\"elementor-element elementor-element-1d404fe2 color-scheme-inherit text-left elementor-widget elementor-widget-text-editor\" data-id=\"1d404fe2\" data-element_type=\"widget\" data-widget_type=\"text-editor.default\">\n\t\t\t\t<div class=\"elementor-widget-container\">\n\t\t\t\t\t\t\t\t\t<p>Termeni \u0219i condi\u021bii<\/p><p>Aceste condi\u021bii se aplic\u0103 la cump\u0103r\u0103turile efectuate \u00een magazinul online origon-eu.com.<\/p><p>Termenii \u0219i condi\u021biile suplimentar definesc \u0219i clarific\u0103 drepturile \u0219i obliga\u021biile v\u00e2nz\u0103torului (denumit \u00een continuare operator) \u0219i ale cump\u0103r\u0103torului (denumit \u00een continuare client).<\/p><p>\u00a0<\/p><p>Comanda \u0219i \u00eencheierea contractului de v\u00e2nzare-cump\u0103rare Toate comenzile trimise prin magazinul online origon-eu.com sunt obligatorii. Prin plasarea unei comenzi, clientul confirm\u0103 c\u0103 a citit \u0219i este de acord cu ace\u0219ti termeni \u0219i condi\u021bii, precum \u0219i cu procedura de anulare. Formularul de comand\u0103 reprezint\u0103 un schi\u021b\u0103 a contractului de achizi\u021bie. Contractul de v\u00e2nzare-cump\u0103rare pentru achizi\u021biile \u00een magazinul electronic se \u00eencheie la trimiterea comenzii. Operatorul trebuie s\u0103 livreze produsul comandat de client. Singura excep\u021bie este v\u00e2nzarea m\u0103rfurilor. O condi\u021bie preliminar\u0103 pentru validitatea comenzii electronice este completarea tuturor informa\u021biilor \u0219i cerin\u021belor men\u021bionate \u00een formular.<\/p><p>\u00a0<\/p><p>Avem o politic\u0103 de rambursare de 14 zile, ceea ce \u00eenseamn\u0103 c\u0103 pute\u021bi solicita rambursarea \u00een termen de 14 zile de la comand\u0103.<\/p><p>\u00a0<\/p><p>Locul de livrare a m\u0103rfurilor este adresa de livrare specificat\u0103 de client \u00een formularul de comand\u0103.<\/p><p>\u00a0<\/p><p>Proprietatea asupra m\u0103rfurilor trece la client ca o condi\u021bie a pl\u0103\u021bii pre\u021bului de v\u00e2nzare-cump\u0103rare \u0219i a r\u0103scump\u0103r\u0103rii ulterioare.<\/p><p>\u00a0<\/p><p>Reclama\u021bii \u0219i schimburi<\/p><p>\u00a0<\/p><p>Toate reclama\u021biile vor fi rezolvate conform procedurii de solu\u021bionare a reclama\u021biilor din magazinul onlineorigon-eu.com<\/p><p>\u00a0<\/p><p>Procedura de depunere a reclama\u021biilor privind m\u0103rfurile este descris\u0103 \u00een detaliu \u00een procedura de depunere a reclama\u021biilor, dar poate fi rezumat\u0103 astfel:<\/p><p>\u00a0<\/p><p>Informa\u021bi-ne imediat despre reclama\u021bia dvs. prin e-mail sau \u00een scris \u0219i informa\u021bi-ne despre solu\u021bia propus\u0103 (schimb, repara\u021bie, reducere, rambursare &#8211; retragerea contractului). Returna\u021bi marfa \u00eempreun\u0103 cu dovada achizi\u021biei ca un pachet \u00eenregistrat (f\u0103r\u0103 rambursare) la adresa noastr\u0103 \u00cen colet sau prin e-mail specifica\u021bi motivul reclama\u021biei \u0219i propunerea dvs. pentru remedierea m\u0103rfurilor (schimb, repara\u021bie, reducere, rambursare &#8211; rezilierea contractului) Termenul pentru solu\u021bionarea reclama\u021biei dvs. este de 30 de zile Costurile de transport sunt pl\u0103tite de client \u00een cazul unei rezilieri sau retrageri legitime a contractului \u00een termenul stabilit de lege \u0219i \u00een conformitate cu condi\u021biile stabilite de lege.<\/p>\t\t\t\t\t\t\t\t<\/div>\n\t\t\t\t<\/div>\n\t\t\t\t\t<\/div>\n\t\t\t\t<\/div>\n\t\t\t\t<\/div>\n\t\t","protected":false},"excerpt":{"rendered":"<p>Termeni \u0219i condi\u021bii Aceste condi\u021bii se aplic\u0103 la cump\u0103r\u0103turile efectuate \u00een magazinul online origon-eu.com. Termenii \u0219i condi\u021biile suplimentar definesc \u0219i<\/p>\n","protected":false},"author":1,"featured_media":0,"parent":0,"menu_order":0,"comment_status":"closed","ping_status":"open","template":"","meta":{"footnotes":""},"class_list":["post-26307","page","type-page","status-publish","hentry"],"yoast_head":"<!-- This site is optimized with the Yoast SEO plugin v24.2 - https:\/\/yoast.com\/wordpress\/plugins\/seo\/ -->\n<title>Termeni \u0219i condi\u021bii - Origon EU<\/title>\n<meta name=\"robots\" content=\"index, follow, max-snippet:-1, max-image-preview:large, max-video-preview:-1\" \/>\n<link rel=\"canonical\" href=\"https:\/\/origon-eu.com\/pl\/privacy-policy\/\" \/>\n<meta property=\"og:locale\" content=\"pl_PL\" \/>\n<meta property=\"og:type\" content=\"article\" \/>\n<meta property=\"og:title\" content=\"Termeni \u0219i condi\u021bii - Origon EU\" \/>\n<meta property=\"og:description\" content=\"Termeni \u0219i condi\u021bii Aceste condi\u021bii se aplic\u0103 la cump\u0103r\u0103turile efectuate \u00een magazinul online origon-eu.com. Termenii \u0219i condi\u021biile suplimentar definesc \u0219i\" \/>\n<meta property=\"og:url\" content=\"https:\/\/origon-eu.com\/pl\/privacy-policy\/\" \/>\n<meta property=\"og:site_name\" content=\"Origon EU\" \/>\n<meta property=\"article:modified_time\" content=\"2024-11-26T12:28:39+00:00\" \/>\n<meta name=\"twitter:card\" content=\"summary_large_image\" \/>\n<meta name=\"twitter:label1\" content=\"Szacowany czas czytania\" \/>\n\t<meta name=\"twitter:data1\" content=\"2 minuty\" \/>\n<script type=\"application\/ld+json\" class=\"yoast-schema-graph\">{\"@context\":\"https:\/\/schema.org\",\"@graph\":[{\"@type\":\"WebPage\",\"@id\":\"https:\/\/origon-eu.com\/pl\/privacy-policy\/\",\"url\":\"https:\/\/origon-eu.com\/pl\/privacy-policy\/\",\"name\":\"Termeni \u0219i condi\u021bii - Origon EU\",\"isPartOf\":{\"@id\":\"https:\/\/origon-eu.com\/#website\"},\"datePublished\":\"2024-03-15T09:26:43+00:00\",\"dateModified\":\"2024-11-26T12:28:39+00:00\",\"breadcrumb\":{\"@id\":\"https:\/\/origon-eu.com\/pl\/privacy-policy\/#breadcrumb\"},\"inLanguage\":\"pl-PL\",\"potentialAction\":[{\"@type\":\"ReadAction\",\"target\":[\"https:\/\/origon-eu.com\/pl\/privacy-policy\/\"]}]},{\"@type\":\"BreadcrumbList\",\"@id\":\"https:\/\/origon-eu.com\/pl\/privacy-policy\/#breadcrumb\",\"itemListElement\":[{\"@type\":\"ListItem\",\"position\":1,\"name\":\"Home\",\"item\":\"https:\/\/origon-eu.com\/\"},{\"@type\":\"ListItem\",\"position\":2,\"name\":\"Termeni \u0219i condi\u021bii\"}]},{\"@type\":\"WebSite\",\"@id\":\"https:\/\/origon-eu.com\/#website\",\"url\":\"https:\/\/origon-eu.com\/\",\"name\":\"Origon EU\",\"description\":\"Online Store\",\"publisher\":{\"@id\":\"https:\/\/origon-eu.com\/#organization\"},\"potentialAction\":[{\"@type\":\"SearchAction\",\"target\":{\"@type\":\"EntryPoint\",\"urlTemplate\":\"https:\/\/origon-eu.com\/?s={search_term_string}\"},\"query-input\":{\"@type\":\"PropertyValueSpecification\",\"valueRequired\":true,\"valueName\":\"search_term_string\"}}],\"inLanguage\":\"pl-PL\"},{\"@type\":\"Organization\",\"@id\":\"https:\/\/origon-eu.com\/#organization\",\"name\":\"Origon EU\",\"url\":\"https:\/\/origon-eu.com\/\",\"logo\":{\"@type\":\"ImageObject\",\"inLanguage\":\"pl-PL\",\"@id\":\"https:\/\/origon-eu.com\/#\/schema\/logo\/image\/\",\"url\":\"https:\/\/origon-eu.com\/wp-content\/uploads\/2024\/04\/Screenshot-2024-04-09-101814.png\",\"contentUrl\":\"https:\/\/origon-eu.com\/wp-content\/uploads\/2024\/04\/Screenshot-2024-04-09-101814.png\",\"width\":171,\"height\":59,\"caption\":\"Origon EU\"},\"image\":{\"@id\":\"https:\/\/origon-eu.com\/#\/schema\/logo\/image\/\"}}]}<\/script>\n<!-- \/ Yoast SEO plugin. -->","yoast_head_json":{"title":"Termeni \u0219i condi\u021bii - Origon EU","robots":{"index":"index","follow":"follow","max-snippet":"max-snippet:-1","max-image-preview":"max-image-preview:large","max-video-preview":"max-video-preview:-1"},"canonical":"https:\/\/origon-eu.com\/pl\/privacy-policy\/","og_locale":"pl_PL","og_type":"article","og_title":"Termeni \u0219i condi\u021bii - Origon EU","og_description":"Termeni \u0219i condi\u021bii Aceste condi\u021bii se aplic\u0103 la cump\u0103r\u0103turile efectuate \u00een magazinul online origon-eu.com. Termenii \u0219i condi\u021biile suplimentar definesc \u0219i","og_url":"https:\/\/origon-eu.com\/pl\/privacy-policy\/","og_site_name":"Origon EU","article_modified_time":"2024-11-26T12:28:39+00:00","twitter_card":"summary_large_image","twitter_misc":{"Szacowany czas czytania":"2 minuty"},"schema":{"@context":"https:\/\/schema.org","@graph":[{"@type":"WebPage","@id":"https:\/\/origon-eu.com\/pl\/privacy-policy\/","url":"https:\/\/origon-eu.com\/pl\/privacy-policy\/","name":"Termeni \u0219i condi\u021bii - Origon EU","isPartOf":{"@id":"https:\/\/origon-eu.com\/#website"},"datePublished":"2024-03-15T09:26:43+00:00","dateModified":"2024-11-26T12:28:39+00:00","breadcrumb":{"@id":"https:\/\/origon-eu.com\/pl\/privacy-policy\/#breadcrumb"},"inLanguage":"pl-PL","potentialAction":[{"@type":"ReadAction","target":["https:\/\/origon-eu.com\/pl\/privacy-policy\/"]}]},{"@type":"BreadcrumbList","@id":"https:\/\/origon-eu.com\/pl\/privacy-policy\/#breadcrumb","itemListElement":[{"@type":"ListItem","position":1,"name":"Home","item":"https:\/\/origon-eu.com\/"},{"@type":"ListItem","position":2,"name":"Termeni \u0219i condi\u021bii"}]},{"@type":"WebSite","@id":"https:\/\/origon-eu.com\/#website","url":"https:\/\/origon-eu.com\/","name":"Origon EU","description":"Online Store","publisher":{"@id":"https:\/\/origon-eu.com\/#organization"},"potentialAction":[{"@type":"SearchAction","target":{"@type":"EntryPoint","urlTemplate":"https:\/\/origon-eu.com\/?s={search_term_string}"},"query-input":{"@type":"PropertyValueSpecification","valueRequired":true,"valueName":"search_term_string"}}],"inLanguage":"pl-PL"},{"@type":"Organization","@id":"https:\/\/origon-eu.com\/#organization","name":"Origon EU","url":"https:\/\/origon-eu.com\/","logo":{"@type":"ImageObject","inLanguage":"pl-PL","@id":"https:\/\/origon-eu.com\/#\/schema\/logo\/image\/","url":"https:\/\/origon-eu.com\/wp-content\/uploads\/2024\/04\/Screenshot-2024-04-09-101814.png","contentUrl":"https:\/\/origon-eu.com\/wp-content\/uploads\/2024\/04\/Screenshot-2024-04-09-101814.png","width":171,"height":59,"caption":"Origon EU"},"image":{"@id":"https:\/\/origon-eu.com\/#\/schema\/logo\/image\/"}}]}},"_links":{"self":[{"href":"https:\/\/origon-eu.com\/pl\/wp-json\/wp\/v2\/pages\/26307","targetHints":{"allow":["GET"]}}],"collection":[{"href":"https:\/\/origon-eu.com\/pl\/wp-json\/wp\/v2\/pages"}],"about":[{"href":"https:\/\/origon-eu.com\/pl\/wp-json\/wp\/v2\/types\/page"}],"author":[{"embeddable":true,"href":"https:\/\/origon-eu.com\/pl\/wp-json\/wp\/v2\/users\/1"}],"replies":[{"embeddable":true,"href":"https:\/\/origon-eu.com\/pl\/wp-json\/wp\/v2\/comments?post=26307"}],"version-history":[{"count":0,"href":"https:\/\/origon-eu.com\/pl\/wp-json\/wp\/v2\/pages\/26307\/revisions"}],"wp:attachment":[{"href":"https:\/\/origon-eu.com\/pl\/wp-json\/wp\/v2\/media?parent=26307"}],"curies":[{"name":"wp","href":"https:\/\/api.w.org\/{rel}","templated":true}]}}