{"id":39629,"date":"2025-03-21T17:00:35","date_gmt":"2025-03-21T15:00:35","guid":{"rendered":"https:\/\/origon-eu.com\/product\/microcotton-robe-with-hood-450gr-100-cotton-dark-blue\/"},"modified":"2025-03-25T15:56:45","modified_gmt":"2025-03-25T13:56:45","slug":"microcotton-robe-with-hood-450gr-100-cotton-dark-blue","status":"publish","type":"product","link":"https:\/\/origon-eu.com\/hu\/product\/microcotton-robe-with-hood-450gr-100-cotton-dark-blue\/","title":{"rendered":"Pr\u00e9mium Mikropamut F\u00fcrd\u0151k\u00f6peny Kapucnival, 450g \u2013 100% Pamut, S\u00f6t\u00e9tk\u00e9k"},"content":{"rendered":"<p>Luxus mikrofiber k\u00e1das t\u00f6r\u00f6lk\u00f6z\u0151 kapucnival, magas s\u0171r\u0171s\u00e9ggel \u00e9s modern diz\u00e1jnnal. A mikrofiber egy pamut fonal, amely speci\u00e1lis kezel\u00e9st kapott, \u00edgy a bel\u0151le k\u00e9sz\u00fclt term\u00e9kek rendk\u00edv\u00fcl puh\u00e1k \u00e9s finom tapint\u00e1s\u00faak, t\u00f6k\u00e9letes nedvsz\u00edv\u00f3 k\u00e9pess\u00e9ggel. Tart\u00f3s sz\u00ednek.<\/p>\n<p>Jellemz\u0151k:<\/p>\n<p>M\u00e9retek: M, L, XL, XXL<\/p>\n<p>\u00d6sszet\u00e9tel: 100% pamut<\/p>\n<p>Megjegyz\u00e9sek:<\/p>\n<p class=\"\" data-start=\"438\" data-end=\"468\">Mos\u00f3g\u00e9pben 40 fokon moshat\u00f3!<\/p>\n<p class=\"\" data-start=\"471\" data-end=\"537\">A k\u00e9p illusztr\u00e1ci\u00f3 \u00e9s a term\u00e9k \u00e1ltal\u00e1nos jellemz\u0151it \u00e1br\u00e1zolja!<\/p>\n","protected":false},"excerpt":{"rendered":"<ul>\n<li data-start=\"0\" data-end=\"75\"><strong data-start=\"542\" data-end=\"552\">Anyag:<\/strong> 100% pamut mikrofiber a puha \u00e9s rendk\u00edv\u00fcl nedvsz\u00edv\u00f3 \u00e9rzet\u00e9rt<\/li>\n<li data-start=\"0\" data-end=\"75\"><strong data-start=\"616\" data-end=\"625\">S\u00faly:<\/strong> 450 gramm, luxus \u00e9s k\u00e9nyelmes text\u00far\u00e1val<\/li>\n<li data-start=\"0\" data-end=\"75\"><strong data-start=\"669\" data-end=\"680\">Diz\u00e1jn:<\/strong> Kapucnival, extra melegs\u00e9get \u00e9s k\u00e9nyelmet biztos\u00edt<\/li>\n<li data-start=\"0\" data-end=\"75\"><strong data-start=\"734\" data-end=\"743\">Sz\u00edn:<\/strong> Gazdag s\u00f6t\u00e9t k\u00e9k a kifinomult \u00e9s megnyugtat\u00f3 megjelen\u00e9s\u00e9rt<\/li>\n<li data-start=\"0\" data-end=\"75\"><strong data-start=\"805\" data-end=\"819\">Nedvsz\u00edv\u00f3:<\/strong> Kiv\u00e1l\u00f3 nedvsz\u00edv\u00f3 k\u00e9pess\u00e9g, t\u00f6k\u00e9letes a f\u00fcrd\u0151 ut\u00e1n val\u00f3 sz\u00e1razra t\u00f6rl\u00e9shez<\/li>\n<li data-start=\"0\" data-end=\"75\"><strong data-start=\"896\" data-end=\"910\">K\u00e9nyelmes:<\/strong> Luxus \u00e9lm\u00e9nyt ny\u00fajt, mintha otthon szaun\u00e1ban lenn\u00e9l<\/li>\n<\/ul>\n","protected":false},"featured_media":38959,"template":"","meta":[],"product_cat":[501],"product_tag":[],"class_list":{"0":"post-39629","1":"product","2":"type-product","3":"status-publish","4":"has-post-thumbnail","6":"product_cat-bathrobes-hu","8":"first","9":"outofstock","10":"shipping-taxable","11":"purchasable","12":"product-type-variable"},"yoast_head":"<!-- This site is optimized with the Yoast SEO plugin v24.2 - https:\/\/yoast.com\/wordpress\/plugins\/seo\/ -->\n<title>Pr\u00e9mium Mikropamut F\u00fcrd\u0151k\u00f6peny Kapucnival, 450g \u2013 100% Pamut, S\u00f6t\u00e9tk\u00e9k - Origon EU<\/title>\n<meta name=\"robots\" content=\"index, follow, max-snippet:-1, max-image-preview:large, max-video-preview:-1\" \/>\n<link rel=\"canonical\" href=\"https:\/\/origon-eu.com\/hu\/product\/microcotton-robe-with-hood-450gr-100-cotton-dark-blue\/\" \/>\n<meta property=\"og:locale\" content=\"hu_HU\" \/>\n<meta property=\"og:type\" content=\"article\" \/>\n<meta property=\"og:title\" content=\"Pr\u00e9mium Mikropamut F\u00fcrd\u0151k\u00f6peny Kapucnival, 450g \u2013 100% Pamut, S\u00f6t\u00e9tk\u00e9k - Origon EU\" \/>\n<meta property=\"og:description\" content=\"Anyag: 100% pamut mikrofiber a puha \u00e9s rendk\u00edv\u00fcl nedvsz\u00edv\u00f3 \u00e9rzet\u00e9rt  S\u00faly: 450 gramm, luxus \u00e9s k\u00e9nyelmes text\u00far\u00e1val  Diz\u00e1jn: Kapucnival, extra melegs\u00e9get \u00e9s k\u00e9nyelmet biztos\u00edt  Sz\u00edn: Gazdag s\u00f6t\u00e9t k\u00e9k a kifinomult \u00e9s megnyugtat\u00f3 megjelen\u00e9s\u00e9rt  Nedvsz\u00edv\u00f3: Kiv\u00e1l\u00f3 nedvsz\u00edv\u00f3 k\u00e9pess\u00e9g, t\u00f6k\u00e9letes a f\u00fcrd\u0151 ut\u00e1n val\u00f3 sz\u00e1razra t\u00f6rl\u00e9shez  K\u00e9nyelmes: Luxus \u00e9lm\u00e9nyt ny\u00fajt, mintha otthon szaun\u00e1ban lenn\u00e9l\" \/>\n<meta property=\"og:url\" content=\"https:\/\/origon-eu.com\/hu\/product\/microcotton-robe-with-hood-450gr-100-cotton-dark-blue\/\" \/>\n<meta property=\"og:site_name\" content=\"Origon EU\" \/>\n<meta property=\"article:modified_time\" content=\"2025-03-25T13:56:45+00:00\" \/>\n<meta property=\"og:image\" content=\"https:\/\/origon-eu.com\/wp-content\/uploads\/2025\/03\/halat-mikropamuk-s-kaculka-450gr-100-pamuk-tamno-sino-image_670cf30234ada_1920x1920.webp\" \/>\n\t<meta property=\"og:image:width\" content=\"1280\" \/>\n\t<meta property=\"og:image:height\" content=\"1920\" \/>\n\t<meta property=\"og:image:type\" content=\"image\/webp\" \/>\n<meta name=\"twitter:card\" content=\"summary_large_image\" \/>\n<meta name=\"twitter:label1\" content=\"Becs\u00fclt olvas\u00e1si id\u0151\" \/>\n\t<meta name=\"twitter:data1\" content=\"1 perc\" \/>\n<script type=\"application\/ld+json\" class=\"yoast-schema-graph\">{\"@context\":\"https:\/\/schema.org\",\"@graph\":[{\"@type\":\"WebPage\",\"@id\":\"https:\/\/origon-eu.com\/hu\/product\/microcotton-robe-with-hood-450gr-100-cotton-dark-blue\/\",\"url\":\"https:\/\/origon-eu.com\/hu\/product\/microcotton-robe-with-hood-450gr-100-cotton-dark-blue\/\",\"name\":\"Pr\u00e9mium Mikropamut F\u00fcrd\u0151k\u00f6peny Kapucnival, 450g \u2013 100% Pamut, S\u00f6t\u00e9tk\u00e9k - Origon EU\",\"isPartOf\":{\"@id\":\"https:\/\/origon-eu.com\/#website\"},\"primaryImageOfPage\":{\"@id\":\"https:\/\/origon-eu.com\/hu\/product\/microcotton-robe-with-hood-450gr-100-cotton-dark-blue\/#primaryimage\"},\"image\":{\"@id\":\"https:\/\/origon-eu.com\/hu\/product\/microcotton-robe-with-hood-450gr-100-cotton-dark-blue\/#primaryimage\"},\"thumbnailUrl\":\"https:\/\/origon-eu.com\/wp-content\/uploads\/2025\/03\/halat-mikropamuk-s-kaculka-450gr-100-pamuk-tamno-sino-image_670cf30234ada_1920x1920.webp\",\"datePublished\":\"2025-03-21T15:00:35+00:00\",\"dateModified\":\"2025-03-25T13:56:45+00:00\",\"breadcrumb\":{\"@id\":\"https:\/\/origon-eu.com\/hu\/product\/microcotton-robe-with-hood-450gr-100-cotton-dark-blue\/#breadcrumb\"},\"inLanguage\":\"hu\",\"potentialAction\":[{\"@type\":\"ReadAction\",\"target\":[\"https:\/\/origon-eu.com\/hu\/product\/microcotton-robe-with-hood-450gr-100-cotton-dark-blue\/\"]}]},{\"@type\":\"ImageObject\",\"inLanguage\":\"hu\",\"@id\":\"https:\/\/origon-eu.com\/hu\/product\/microcotton-robe-with-hood-450gr-100-cotton-dark-blue\/#primaryimage\",\"url\":\"https:\/\/origon-eu.com\/wp-content\/uploads\/2025\/03\/halat-mikropamuk-s-kaculka-450gr-100-pamuk-tamno-sino-image_670cf30234ada_1920x1920.webp\",\"contentUrl\":\"https:\/\/origon-eu.com\/wp-content\/uploads\/2025\/03\/halat-mikropamuk-s-kaculka-450gr-100-pamuk-tamno-sino-image_670cf30234ada_1920x1920.webp\",\"width\":1280,\"height\":1920},{\"@type\":\"BreadcrumbList\",\"@id\":\"https:\/\/origon-eu.com\/hu\/product\/microcotton-robe-with-hood-450gr-100-cotton-dark-blue\/#breadcrumb\",\"itemListElement\":[{\"@type\":\"ListItem\",\"position\":1,\"name\":\"Home\",\"item\":\"https:\/\/origon-eu.com\/\"},{\"@type\":\"ListItem\",\"position\":2,\"name\":\"\u00dczlet\",\"item\":\"https:\/\/origon-eu.com\/hu\/shop-2\/\"},{\"@type\":\"ListItem\",\"position\":3,\"name\":\"Pr\u00e9mium Mikropamut F\u00fcrd\u0151k\u00f6peny Kapucnival, 450g \u2013 100% Pamut, S\u00f6t\u00e9tk\u00e9k\"}]},{\"@type\":\"WebSite\",\"@id\":\"https:\/\/origon-eu.com\/#website\",\"url\":\"https:\/\/origon-eu.com\/\",\"name\":\"Origon EU\",\"description\":\"Online Store\",\"publisher\":{\"@id\":\"https:\/\/origon-eu.com\/#organization\"},\"potentialAction\":[{\"@type\":\"SearchAction\",\"target\":{\"@type\":\"EntryPoint\",\"urlTemplate\":\"https:\/\/origon-eu.com\/?s={search_term_string}\"},\"query-input\":{\"@type\":\"PropertyValueSpecification\",\"valueRequired\":true,\"valueName\":\"search_term_string\"}}],\"inLanguage\":\"hu\"},{\"@type\":\"Organization\",\"@id\":\"https:\/\/origon-eu.com\/#organization\",\"name\":\"Origon EU\",\"url\":\"https:\/\/origon-eu.com\/\",\"logo\":{\"@type\":\"ImageObject\",\"inLanguage\":\"hu\",\"@id\":\"https:\/\/origon-eu.com\/#\/schema\/logo\/image\/\",\"url\":\"https:\/\/origon-eu.com\/wp-content\/uploads\/2024\/04\/Screenshot-2024-04-09-101814.png\",\"contentUrl\":\"https:\/\/origon-eu.com\/wp-content\/uploads\/2024\/04\/Screenshot-2024-04-09-101814.png\",\"width\":171,\"height\":59,\"caption\":\"Origon EU\"},\"image\":{\"@id\":\"https:\/\/origon-eu.com\/#\/schema\/logo\/image\/\"}}]}<\/script>\n<!-- \/ Yoast SEO plugin. -->","yoast_head_json":{"title":"Pr\u00e9mium Mikropamut F\u00fcrd\u0151k\u00f6peny Kapucnival, 450g \u2013 100% Pamut, S\u00f6t\u00e9tk\u00e9k - Origon EU","robots":{"index":"index","follow":"follow","max-snippet":"max-snippet:-1","max-image-preview":"max-image-preview:large","max-video-preview":"max-video-preview:-1"},"canonical":"https:\/\/origon-eu.com\/hu\/product\/microcotton-robe-with-hood-450gr-100-cotton-dark-blue\/","og_locale":"hu_HU","og_type":"article","og_title":"Pr\u00e9mium Mikropamut F\u00fcrd\u0151k\u00f6peny Kapucnival, 450g \u2013 100% Pamut, S\u00f6t\u00e9tk\u00e9k - Origon EU","og_description":"Anyag: 100% pamut mikrofiber a puha \u00e9s rendk\u00edv\u00fcl nedvsz\u00edv\u00f3 \u00e9rzet\u00e9rt  S\u00faly: 450 gramm, luxus \u00e9s k\u00e9nyelmes text\u00far\u00e1val  Diz\u00e1jn: Kapucnival, extra melegs\u00e9get \u00e9s k\u00e9nyelmet biztos\u00edt  Sz\u00edn: Gazdag s\u00f6t\u00e9t k\u00e9k a kifinomult \u00e9s megnyugtat\u00f3 megjelen\u00e9s\u00e9rt  Nedvsz\u00edv\u00f3: Kiv\u00e1l\u00f3 nedvsz\u00edv\u00f3 k\u00e9pess\u00e9g, t\u00f6k\u00e9letes a f\u00fcrd\u0151 ut\u00e1n val\u00f3 sz\u00e1razra t\u00f6rl\u00e9shez  K\u00e9nyelmes: Luxus \u00e9lm\u00e9nyt ny\u00fajt, mintha otthon szaun\u00e1ban lenn\u00e9l","og_url":"https:\/\/origon-eu.com\/hu\/product\/microcotton-robe-with-hood-450gr-100-cotton-dark-blue\/","og_site_name":"Origon EU","article_modified_time":"2025-03-25T13:56:45+00:00","og_image":[{"width":1280,"height":1920,"url":"https:\/\/origon-eu.com\/wp-content\/uploads\/2025\/03\/halat-mikropamuk-s-kaculka-450gr-100-pamuk-tamno-sino-image_670cf30234ada_1920x1920.webp","type":"image\/webp"}],"twitter_card":"summary_large_image","twitter_misc":{"Becs\u00fclt olvas\u00e1si id\u0151":"1 perc"},"schema":{"@context":"https:\/\/schema.org","@graph":[{"@type":"WebPage","@id":"https:\/\/origon-eu.com\/hu\/product\/microcotton-robe-with-hood-450gr-100-cotton-dark-blue\/","url":"https:\/\/origon-eu.com\/hu\/product\/microcotton-robe-with-hood-450gr-100-cotton-dark-blue\/","name":"Pr\u00e9mium Mikropamut F\u00fcrd\u0151k\u00f6peny Kapucnival, 450g \u2013 100% Pamut, S\u00f6t\u00e9tk\u00e9k - Origon EU","isPartOf":{"@id":"https:\/\/origon-eu.com\/#website"},"primaryImageOfPage":{"@id":"https:\/\/origon-eu.com\/hu\/product\/microcotton-robe-with-hood-450gr-100-cotton-dark-blue\/#primaryimage"},"image":{"@id":"https:\/\/origon-eu.com\/hu\/product\/microcotton-robe-with-hood-450gr-100-cotton-dark-blue\/#primaryimage"},"thumbnailUrl":"https:\/\/origon-eu.com\/wp-content\/uploads\/2025\/03\/halat-mikropamuk-s-kaculka-450gr-100-pamuk-tamno-sino-image_670cf30234ada_1920x1920.webp","datePublished":"2025-03-21T15:00:35+00:00","dateModified":"2025-03-25T13:56:45+00:00","breadcrumb":{"@id":"https:\/\/origon-eu.com\/hu\/product\/microcotton-robe-with-hood-450gr-100-cotton-dark-blue\/#breadcrumb"},"inLanguage":"hu","potentialAction":[{"@type":"ReadAction","target":["https:\/\/origon-eu.com\/hu\/product\/microcotton-robe-with-hood-450gr-100-cotton-dark-blue\/"]}]},{"@type":"ImageObject","inLanguage":"hu","@id":"https:\/\/origon-eu.com\/hu\/product\/microcotton-robe-with-hood-450gr-100-cotton-dark-blue\/#primaryimage","url":"https:\/\/origon-eu.com\/wp-content\/uploads\/2025\/03\/halat-mikropamuk-s-kaculka-450gr-100-pamuk-tamno-sino-image_670cf30234ada_1920x1920.webp","contentUrl":"https:\/\/origon-eu.com\/wp-content\/uploads\/2025\/03\/halat-mikropamuk-s-kaculka-450gr-100-pamuk-tamno-sino-image_670cf30234ada_1920x1920.webp","width":1280,"height":1920},{"@type":"BreadcrumbList","@id":"https:\/\/origon-eu.com\/hu\/product\/microcotton-robe-with-hood-450gr-100-cotton-dark-blue\/#breadcrumb","itemListElement":[{"@type":"ListItem","position":1,"name":"Home","item":"https:\/\/origon-eu.com\/"},{"@type":"ListItem","position":2,"name":"\u00dczlet","item":"https:\/\/origon-eu.com\/hu\/shop-2\/"},{"@type":"ListItem","position":3,"name":"Pr\u00e9mium Mikropamut F\u00fcrd\u0151k\u00f6peny Kapucnival, 450g \u2013 100% Pamut, S\u00f6t\u00e9tk\u00e9k"}]},{"@type":"WebSite","@id":"https:\/\/origon-eu.com\/#website","url":"https:\/\/origon-eu.com\/","name":"Origon EU","description":"Online Store","publisher":{"@id":"https:\/\/origon-eu.com\/#organization"},"potentialAction":[{"@type":"SearchAction","target":{"@type":"EntryPoint","urlTemplate":"https:\/\/origon-eu.com\/?s={search_term_string}"},"query-input":{"@type":"PropertyValueSpecification","valueRequired":true,"valueName":"search_term_string"}}],"inLanguage":"hu"},{"@type":"Organization","@id":"https:\/\/origon-eu.com\/#organization","name":"Origon EU","url":"https:\/\/origon-eu.com\/","logo":{"@type":"ImageObject","inLanguage":"hu","@id":"https:\/\/origon-eu.com\/#\/schema\/logo\/image\/","url":"https:\/\/origon-eu.com\/wp-content\/uploads\/2024\/04\/Screenshot-2024-04-09-101814.png","contentUrl":"https:\/\/origon-eu.com\/wp-content\/uploads\/2024\/04\/Screenshot-2024-04-09-101814.png","width":171,"height":59,"caption":"Origon EU"},"image":{"@id":"https:\/\/origon-eu.com\/#\/schema\/logo\/image\/"}}]}},"tiered_pricing_type":"fixed","tiered_pricing_fixed_rules":[],"tiered_pricing_percentage_rules":[],"tiered_pricing_minimum":1,"tiered_pricing_roles_data":[],"_links":{"self":[{"href":"https:\/\/origon-eu.com\/hu\/wp-json\/wp\/v2\/product\/39629","targetHints":{"allow":["GET"]}}],"collection":[{"href":"https:\/\/origon-eu.com\/hu\/wp-json\/wp\/v2\/product"}],"about":[{"href":"https:\/\/origon-eu.com\/hu\/wp-json\/wp\/v2\/types\/product"}],"version-history":[{"count":2,"href":"https:\/\/origon-eu.com\/hu\/wp-json\/wp\/v2\/product\/39629\/revisions"}],"predecessor-version":[{"id":39938,"href":"https:\/\/origon-eu.com\/hu\/wp-json\/wp\/v2\/product\/39629\/revisions\/39938"}],"wp:featuredmedia":[{"embeddable":true,"href":"https:\/\/origon-eu.com\/hu\/wp-json\/wp\/v2\/media\/38959"}],"wp:attachment":[{"href":"https:\/\/origon-eu.com\/hu\/wp-json\/wp\/v2\/media?parent=39629"}],"wp:term":[{"taxonomy":"product_cat","embeddable":true,"href":"https:\/\/origon-eu.com\/hu\/wp-json\/wp\/v2\/product_cat?post=39629"},{"taxonomy":"product_tag","embeddable":true,"href":"https:\/\/origon-eu.com\/hu\/wp-json\/wp\/v2\/product_tag?post=39629"}],"curies":[{"name":"wp","href":"https:\/\/api.w.org\/{rel}","templated":true}]}}