{"id":39532,"date":"2025-03-21T16:56:56","date_gmt":"2025-03-21T14:56:56","guid":{"rendered":"https:\/\/origon-eu.com\/product\/microcotton-bathrobe-with-hood-450gr-100-cotton-grey\/"},"modified":"2025-03-25T15:53:33","modified_gmt":"2025-03-25T13:53:33","slug":"microcotton-bathrobe-with-hood-450gr-100-cotton-grey","status":"publish","type":"product","link":"https:\/\/origon-eu.com\/hu\/product\/microcotton-bathrobe-with-hood-450gr-100-cotton-grey\/","title":{"rendered":"Pr\u00e9mium Mikropamut F\u00fcrd\u0151k\u00f6peny Kapucnival, 450g \u2013 100% Pamut, Sz\u00fcrke"},"content":{"rendered":"<p>Luxus mikrofiber k\u00e1das t\u00f6r\u00f6lk\u00f6z\u0151 kapucnival, magas s\u0171r\u0171s\u00e9ggel \u00e9s modern diz\u00e1jnnal. A mikrofiber egy pamut fonal, amely speci\u00e1lis kezel\u00e9st kapott, \u00edgy a bel\u0151le k\u00e9sz\u00fclt term\u00e9kek rendk\u00edv\u00fcl puh\u00e1k \u00e9s finom tapint\u00e1s\u00faak, t\u00f6k\u00e9letes nedvsz\u00edv\u00f3 k\u00e9pess\u00e9ggel. Tart\u00f3s sz\u00ednek.<\/p>\n<p>Jellemz\u0151k:<\/p>\n<p>M\u00e9retek: M, L, XL, XXL<\/p>\n<p>\u00d6sszet\u00e9tel: 100% pamut<\/p>\n<p>Megjegyz\u00e9sek:<\/p>\n<p class=\"\" data-start=\"435\" data-end=\"465\">Mos\u00f3g\u00e9pben 40 fokon moshat\u00f3!<\/p>\n<p class=\"\" data-start=\"468\" data-end=\"494\">Ne haszn\u00e1ljon feh\u00e9r\u00edt\u0151t!<\/p>\n<p class=\"\" data-start=\"497\" data-end=\"563\">A k\u00e9p illusztr\u00e1ci\u00f3 \u00e9s a term\u00e9k \u00e1ltal\u00e1nos jellemz\u0151it \u00e1br\u00e1zolja!<\/p>\n","protected":false},"excerpt":{"rendered":"<ul>\n<li data-start=\"0\" data-end=\"74\"><strong data-start=\"568\" data-end=\"578\">Anyag:<\/strong> 100% pamut mikrofiber a puha \u00e9s rendk\u00edv\u00fcl nedvsz\u00edv\u00f3 \u00e9rzet\u00e9rt<\/li>\n<li data-start=\"0\" data-end=\"74\"><strong data-start=\"642\" data-end=\"651\">S\u00faly:<\/strong> 450 gramm, luxus \u00e9s k\u00e9nyelmes text\u00far\u00e1val<\/li>\n<li data-start=\"0\" data-end=\"74\"><strong data-start=\"695\" data-end=\"706\">Diz\u00e1jn:<\/strong> Kapucnival, extra melegs\u00e9get \u00e9s k\u00e9nyelmet biztos\u00edt<\/li>\n<li data-start=\"0\" data-end=\"74\"><strong data-start=\"760\" data-end=\"769\">Sz\u00edn:<\/strong> Klasszikus sz\u00fcrke, eleg\u00e1ns \u00e9s modern megjelen\u00e9s<\/li>\n<li data-start=\"0\" data-end=\"74\"><strong data-start=\"820\" data-end=\"834\">Nedvsz\u00edv\u00f3:<\/strong> Nagyon j\u00f3l nedvsz\u00edv\u00f3, t\u00f6k\u00e9letes a f\u00fcrd\u0151 ut\u00e1n val\u00f3 sz\u00e1razra t\u00f6rl\u00e9shez<\/li>\n<li data-start=\"0\" data-end=\"74\"><strong data-start=\"906\" data-end=\"920\">K\u00e9nyelmes:<\/strong> Luxus \u00e9lm\u00e9nyt ny\u00fajt, mintha otthon szaun\u00e1ban lenn\u00e9l<\/li>\n<\/ul>\n","protected":false},"featured_media":38929,"template":"","meta":[],"product_cat":[501],"product_tag":[],"class_list":{"0":"post-39532","1":"product","2":"type-product","3":"status-publish","4":"has-post-thumbnail","6":"product_cat-bathrobes-hu","8":"first","9":"outofstock","10":"shipping-taxable","11":"purchasable","12":"product-type-variable"},"yoast_head":"<!-- This site is optimized with the Yoast SEO plugin v24.2 - https:\/\/yoast.com\/wordpress\/plugins\/seo\/ -->\n<title>Pr\u00e9mium Mikropamut F\u00fcrd\u0151k\u00f6peny Kapucnival, 450g \u2013 100% Pamut, Sz\u00fcrke - Origon EU<\/title>\n<meta name=\"robots\" content=\"index, follow, max-snippet:-1, max-image-preview:large, max-video-preview:-1\" \/>\n<link rel=\"canonical\" href=\"https:\/\/origon-eu.com\/hu\/product\/microcotton-bathrobe-with-hood-450gr-100-cotton-grey\/\" \/>\n<meta property=\"og:locale\" content=\"hu_HU\" \/>\n<meta property=\"og:type\" content=\"article\" \/>\n<meta property=\"og:title\" content=\"Pr\u00e9mium Mikropamut F\u00fcrd\u0151k\u00f6peny Kapucnival, 450g \u2013 100% Pamut, Sz\u00fcrke - Origon EU\" \/>\n<meta property=\"og:description\" content=\"Anyag: 100% pamut mikrofiber a puha \u00e9s rendk\u00edv\u00fcl nedvsz\u00edv\u00f3 \u00e9rzet\u00e9rt  S\u00faly: 450 gramm, luxus \u00e9s k\u00e9nyelmes text\u00far\u00e1val  Diz\u00e1jn: Kapucnival, extra melegs\u00e9get \u00e9s k\u00e9nyelmet biztos\u00edt  Sz\u00edn: Klasszikus sz\u00fcrke, eleg\u00e1ns \u00e9s modern megjelen\u00e9s  Nedvsz\u00edv\u00f3: Nagyon j\u00f3l nedvsz\u00edv\u00f3, t\u00f6k\u00e9letes a f\u00fcrd\u0151 ut\u00e1n val\u00f3 sz\u00e1razra t\u00f6rl\u00e9shez  K\u00e9nyelmes: Luxus \u00e9lm\u00e9nyt ny\u00fajt, mintha otthon szaun\u00e1ban lenn\u00e9l\" \/>\n<meta property=\"og:url\" content=\"https:\/\/origon-eu.com\/hu\/product\/microcotton-bathrobe-with-hood-450gr-100-cotton-grey\/\" \/>\n<meta property=\"og:site_name\" content=\"Origon EU\" \/>\n<meta property=\"article:modified_time\" content=\"2025-03-25T13:53:33+00:00\" \/>\n<meta property=\"og:image\" content=\"https:\/\/origon-eu.com\/wp-content\/uploads\/2025\/03\/halat-mikropamuk-s-kaculka-450gr-100-pamuk-sivo-image_670cf6f6cb998_1920x1920.webp\" \/>\n\t<meta property=\"og:image:width\" content=\"1311\" \/>\n\t<meta property=\"og:image:height\" content=\"1920\" \/>\n\t<meta property=\"og:image:type\" content=\"image\/webp\" \/>\n<meta name=\"twitter:card\" content=\"summary_large_image\" \/>\n<meta name=\"twitter:label1\" content=\"Becs\u00fclt olvas\u00e1si id\u0151\" \/>\n\t<meta name=\"twitter:data1\" content=\"1 perc\" \/>\n<script type=\"application\/ld+json\" class=\"yoast-schema-graph\">{\"@context\":\"https:\/\/schema.org\",\"@graph\":[{\"@type\":\"WebPage\",\"@id\":\"https:\/\/origon-eu.com\/hu\/product\/microcotton-bathrobe-with-hood-450gr-100-cotton-grey\/\",\"url\":\"https:\/\/origon-eu.com\/hu\/product\/microcotton-bathrobe-with-hood-450gr-100-cotton-grey\/\",\"name\":\"Pr\u00e9mium Mikropamut F\u00fcrd\u0151k\u00f6peny Kapucnival, 450g \u2013 100% Pamut, Sz\u00fcrke - Origon EU\",\"isPartOf\":{\"@id\":\"https:\/\/origon-eu.com\/#website\"},\"primaryImageOfPage\":{\"@id\":\"https:\/\/origon-eu.com\/hu\/product\/microcotton-bathrobe-with-hood-450gr-100-cotton-grey\/#primaryimage\"},\"image\":{\"@id\":\"https:\/\/origon-eu.com\/hu\/product\/microcotton-bathrobe-with-hood-450gr-100-cotton-grey\/#primaryimage\"},\"thumbnailUrl\":\"https:\/\/origon-eu.com\/wp-content\/uploads\/2025\/03\/halat-mikropamuk-s-kaculka-450gr-100-pamuk-sivo-image_670cf6f6cb998_1920x1920.webp\",\"datePublished\":\"2025-03-21T14:56:56+00:00\",\"dateModified\":\"2025-03-25T13:53:33+00:00\",\"breadcrumb\":{\"@id\":\"https:\/\/origon-eu.com\/hu\/product\/microcotton-bathrobe-with-hood-450gr-100-cotton-grey\/#breadcrumb\"},\"inLanguage\":\"hu\",\"potentialAction\":[{\"@type\":\"ReadAction\",\"target\":[\"https:\/\/origon-eu.com\/hu\/product\/microcotton-bathrobe-with-hood-450gr-100-cotton-grey\/\"]}]},{\"@type\":\"ImageObject\",\"inLanguage\":\"hu\",\"@id\":\"https:\/\/origon-eu.com\/hu\/product\/microcotton-bathrobe-with-hood-450gr-100-cotton-grey\/#primaryimage\",\"url\":\"https:\/\/origon-eu.com\/wp-content\/uploads\/2025\/03\/halat-mikropamuk-s-kaculka-450gr-100-pamuk-sivo-image_670cf6f6cb998_1920x1920.webp\",\"contentUrl\":\"https:\/\/origon-eu.com\/wp-content\/uploads\/2025\/03\/halat-mikropamuk-s-kaculka-450gr-100-pamuk-sivo-image_670cf6f6cb998_1920x1920.webp\",\"width\":1311,\"height\":1920},{\"@type\":\"BreadcrumbList\",\"@id\":\"https:\/\/origon-eu.com\/hu\/product\/microcotton-bathrobe-with-hood-450gr-100-cotton-grey\/#breadcrumb\",\"itemListElement\":[{\"@type\":\"ListItem\",\"position\":1,\"name\":\"Home\",\"item\":\"https:\/\/origon-eu.com\/\"},{\"@type\":\"ListItem\",\"position\":2,\"name\":\"\u00dczlet\",\"item\":\"https:\/\/origon-eu.com\/hu\/shop-2\/\"},{\"@type\":\"ListItem\",\"position\":3,\"name\":\"Pr\u00e9mium Mikropamut F\u00fcrd\u0151k\u00f6peny Kapucnival, 450g \u2013 100% Pamut, Sz\u00fcrke\"}]},{\"@type\":\"WebSite\",\"@id\":\"https:\/\/origon-eu.com\/#website\",\"url\":\"https:\/\/origon-eu.com\/\",\"name\":\"Origon EU\",\"description\":\"Online Store\",\"publisher\":{\"@id\":\"https:\/\/origon-eu.com\/#organization\"},\"potentialAction\":[{\"@type\":\"SearchAction\",\"target\":{\"@type\":\"EntryPoint\",\"urlTemplate\":\"https:\/\/origon-eu.com\/?s={search_term_string}\"},\"query-input\":{\"@type\":\"PropertyValueSpecification\",\"valueRequired\":true,\"valueName\":\"search_term_string\"}}],\"inLanguage\":\"hu\"},{\"@type\":\"Organization\",\"@id\":\"https:\/\/origon-eu.com\/#organization\",\"name\":\"Origon EU\",\"url\":\"https:\/\/origon-eu.com\/\",\"logo\":{\"@type\":\"ImageObject\",\"inLanguage\":\"hu\",\"@id\":\"https:\/\/origon-eu.com\/#\/schema\/logo\/image\/\",\"url\":\"https:\/\/origon-eu.com\/wp-content\/uploads\/2024\/04\/Screenshot-2024-04-09-101814.png\",\"contentUrl\":\"https:\/\/origon-eu.com\/wp-content\/uploads\/2024\/04\/Screenshot-2024-04-09-101814.png\",\"width\":171,\"height\":59,\"caption\":\"Origon EU\"},\"image\":{\"@id\":\"https:\/\/origon-eu.com\/#\/schema\/logo\/image\/\"}}]}<\/script>\n<!-- \/ Yoast SEO plugin. -->","yoast_head_json":{"title":"Pr\u00e9mium Mikropamut F\u00fcrd\u0151k\u00f6peny Kapucnival, 450g \u2013 100% Pamut, Sz\u00fcrke - Origon EU","robots":{"index":"index","follow":"follow","max-snippet":"max-snippet:-1","max-image-preview":"max-image-preview:large","max-video-preview":"max-video-preview:-1"},"canonical":"https:\/\/origon-eu.com\/hu\/product\/microcotton-bathrobe-with-hood-450gr-100-cotton-grey\/","og_locale":"hu_HU","og_type":"article","og_title":"Pr\u00e9mium Mikropamut F\u00fcrd\u0151k\u00f6peny Kapucnival, 450g \u2013 100% Pamut, Sz\u00fcrke - Origon EU","og_description":"Anyag: 100% pamut mikrofiber a puha \u00e9s rendk\u00edv\u00fcl nedvsz\u00edv\u00f3 \u00e9rzet\u00e9rt  S\u00faly: 450 gramm, luxus \u00e9s k\u00e9nyelmes text\u00far\u00e1val  Diz\u00e1jn: Kapucnival, extra melegs\u00e9get \u00e9s k\u00e9nyelmet biztos\u00edt  Sz\u00edn: Klasszikus sz\u00fcrke, eleg\u00e1ns \u00e9s modern megjelen\u00e9s  Nedvsz\u00edv\u00f3: Nagyon j\u00f3l nedvsz\u00edv\u00f3, t\u00f6k\u00e9letes a f\u00fcrd\u0151 ut\u00e1n val\u00f3 sz\u00e1razra t\u00f6rl\u00e9shez  K\u00e9nyelmes: Luxus \u00e9lm\u00e9nyt ny\u00fajt, mintha otthon szaun\u00e1ban lenn\u00e9l","og_url":"https:\/\/origon-eu.com\/hu\/product\/microcotton-bathrobe-with-hood-450gr-100-cotton-grey\/","og_site_name":"Origon EU","article_modified_time":"2025-03-25T13:53:33+00:00","og_image":[{"width":1311,"height":1920,"url":"https:\/\/origon-eu.com\/wp-content\/uploads\/2025\/03\/halat-mikropamuk-s-kaculka-450gr-100-pamuk-sivo-image_670cf6f6cb998_1920x1920.webp","type":"image\/webp"}],"twitter_card":"summary_large_image","twitter_misc":{"Becs\u00fclt olvas\u00e1si id\u0151":"1 perc"},"schema":{"@context":"https:\/\/schema.org","@graph":[{"@type":"WebPage","@id":"https:\/\/origon-eu.com\/hu\/product\/microcotton-bathrobe-with-hood-450gr-100-cotton-grey\/","url":"https:\/\/origon-eu.com\/hu\/product\/microcotton-bathrobe-with-hood-450gr-100-cotton-grey\/","name":"Pr\u00e9mium Mikropamut F\u00fcrd\u0151k\u00f6peny Kapucnival, 450g \u2013 100% Pamut, Sz\u00fcrke - Origon EU","isPartOf":{"@id":"https:\/\/origon-eu.com\/#website"},"primaryImageOfPage":{"@id":"https:\/\/origon-eu.com\/hu\/product\/microcotton-bathrobe-with-hood-450gr-100-cotton-grey\/#primaryimage"},"image":{"@id":"https:\/\/origon-eu.com\/hu\/product\/microcotton-bathrobe-with-hood-450gr-100-cotton-grey\/#primaryimage"},"thumbnailUrl":"https:\/\/origon-eu.com\/wp-content\/uploads\/2025\/03\/halat-mikropamuk-s-kaculka-450gr-100-pamuk-sivo-image_670cf6f6cb998_1920x1920.webp","datePublished":"2025-03-21T14:56:56+00:00","dateModified":"2025-03-25T13:53:33+00:00","breadcrumb":{"@id":"https:\/\/origon-eu.com\/hu\/product\/microcotton-bathrobe-with-hood-450gr-100-cotton-grey\/#breadcrumb"},"inLanguage":"hu","potentialAction":[{"@type":"ReadAction","target":["https:\/\/origon-eu.com\/hu\/product\/microcotton-bathrobe-with-hood-450gr-100-cotton-grey\/"]}]},{"@type":"ImageObject","inLanguage":"hu","@id":"https:\/\/origon-eu.com\/hu\/product\/microcotton-bathrobe-with-hood-450gr-100-cotton-grey\/#primaryimage","url":"https:\/\/origon-eu.com\/wp-content\/uploads\/2025\/03\/halat-mikropamuk-s-kaculka-450gr-100-pamuk-sivo-image_670cf6f6cb998_1920x1920.webp","contentUrl":"https:\/\/origon-eu.com\/wp-content\/uploads\/2025\/03\/halat-mikropamuk-s-kaculka-450gr-100-pamuk-sivo-image_670cf6f6cb998_1920x1920.webp","width":1311,"height":1920},{"@type":"BreadcrumbList","@id":"https:\/\/origon-eu.com\/hu\/product\/microcotton-bathrobe-with-hood-450gr-100-cotton-grey\/#breadcrumb","itemListElement":[{"@type":"ListItem","position":1,"name":"Home","item":"https:\/\/origon-eu.com\/"},{"@type":"ListItem","position":2,"name":"\u00dczlet","item":"https:\/\/origon-eu.com\/hu\/shop-2\/"},{"@type":"ListItem","position":3,"name":"Pr\u00e9mium Mikropamut F\u00fcrd\u0151k\u00f6peny Kapucnival, 450g \u2013 100% Pamut, Sz\u00fcrke"}]},{"@type":"WebSite","@id":"https:\/\/origon-eu.com\/#website","url":"https:\/\/origon-eu.com\/","name":"Origon EU","description":"Online Store","publisher":{"@id":"https:\/\/origon-eu.com\/#organization"},"potentialAction":[{"@type":"SearchAction","target":{"@type":"EntryPoint","urlTemplate":"https:\/\/origon-eu.com\/?s={search_term_string}"},"query-input":{"@type":"PropertyValueSpecification","valueRequired":true,"valueName":"search_term_string"}}],"inLanguage":"hu"},{"@type":"Organization","@id":"https:\/\/origon-eu.com\/#organization","name":"Origon EU","url":"https:\/\/origon-eu.com\/","logo":{"@type":"ImageObject","inLanguage":"hu","@id":"https:\/\/origon-eu.com\/#\/schema\/logo\/image\/","url":"https:\/\/origon-eu.com\/wp-content\/uploads\/2024\/04\/Screenshot-2024-04-09-101814.png","contentUrl":"https:\/\/origon-eu.com\/wp-content\/uploads\/2024\/04\/Screenshot-2024-04-09-101814.png","width":171,"height":59,"caption":"Origon EU"},"image":{"@id":"https:\/\/origon-eu.com\/#\/schema\/logo\/image\/"}}]}},"tiered_pricing_type":"fixed","tiered_pricing_fixed_rules":[],"tiered_pricing_percentage_rules":[],"tiered_pricing_minimum":1,"tiered_pricing_roles_data":[],"_links":{"self":[{"href":"https:\/\/origon-eu.com\/hu\/wp-json\/wp\/v2\/product\/39532","targetHints":{"allow":["GET"]}}],"collection":[{"href":"https:\/\/origon-eu.com\/hu\/wp-json\/wp\/v2\/product"}],"about":[{"href":"https:\/\/origon-eu.com\/hu\/wp-json\/wp\/v2\/types\/product"}],"version-history":[{"count":2,"href":"https:\/\/origon-eu.com\/hu\/wp-json\/wp\/v2\/product\/39532\/revisions"}],"predecessor-version":[{"id":39921,"href":"https:\/\/origon-eu.com\/hu\/wp-json\/wp\/v2\/product\/39532\/revisions\/39921"}],"wp:featuredmedia":[{"embeddable":true,"href":"https:\/\/origon-eu.com\/hu\/wp-json\/wp\/v2\/media\/38929"}],"wp:attachment":[{"href":"https:\/\/origon-eu.com\/hu\/wp-json\/wp\/v2\/media?parent=39532"}],"wp:term":[{"taxonomy":"product_cat","embeddable":true,"href":"https:\/\/origon-eu.com\/hu\/wp-json\/wp\/v2\/product_cat?post=39532"},{"taxonomy":"product_tag","embeddable":true,"href":"https:\/\/origon-eu.com\/hu\/wp-json\/wp\/v2\/product_tag?post=39532"}],"curies":[{"name":"wp","href":"https:\/\/api.w.org\/{rel}","templated":true}]}}