{"id":39422,"date":"2025-03-21T16:52:35","date_gmt":"2025-03-21T14:52:35","guid":{"rendered":"https:\/\/origon-eu.com\/product\/microcotton-bathrobe-with-hood-450gr-100-cotton-brown\/"},"modified":"2025-03-25T15:50:08","modified_gmt":"2025-03-25T13:50:08","slug":"microcotton-bathrobe-with-hood-450gr-100-cotton-brown","status":"publish","type":"product","link":"https:\/\/origon-eu.com\/hu\/product\/microcotton-bathrobe-with-hood-450gr-100-cotton-brown\/","title":{"rendered":"Pr\u00e9mium Mikropamut F\u00fcrd\u0151k\u00f6peny Kapucnival, 450g \u2013 100% Pamut, Barna"},"content":{"rendered":"<p>Luxus min\u0151s\u00e9g\u0171 kapucnis microcotton k\u00f6nt\u00f6s, magas s\u0171r\u0171s\u00e9g\u0171 \u00e9s st\u00edlusos kialak\u00edt\u00e1ssal. A microcotton egy olyan pamutfonal, amely k\u00fcl\u00f6nleges kezel\u00e9sen ment kereszt\u00fcl, ennek k\u00f6sz\u00f6nhet\u0151en a bel\u0151le k\u00e9sz\u00fclt term\u00e9kek rendk\u00edv\u00fcl puh\u00e1k, finom tapint\u00e1s\u00faak \u00e9s t\u00f6k\u00e9letesen sz\u00edvj\u00e1k fel a nedvess\u00e9get. Tart\u00f3s sz\u00ednek.<\/p>\n<p data-start=\"366\" data-end=\"376\">Jellemz\u0151k:<\/p>\n<p data-start=\"378\" data-end=\"412\">M\u00e9ret: XL<br data-start=\"387\" data-end=\"390\" \/>\u00d6sszet\u00e9tel: 100% pamut<\/p>\n<p data-start=\"414\" data-end=\"427\">Megjegyz\u00e9sek:<\/p>\n<p data-start=\"429\" data-end=\"525\">Mos\u00f3g\u00e9pben 40 fokig moshat\u00f3!<br data-start=\"457\" data-end=\"460\" \/>A K\u00c9P ILUSZTR\u00c1CI\u00d3, \u00c9S A TERM\u00c9K \u00c1LTAL\u00c1NOS JELLEMZ\u0150IT MUTATJA BE!!!<\/p>\n","protected":false},"excerpt":{"rendered":"<ul>\n<li data-start=\"0\" data-end=\"74\"><strong>Anyag:<\/strong> 100% pamut microcotton, amely puha \u00e9s rendk\u00edv\u00fcl nedvsz\u00edv\u00f3 \u00e9rz\u00e9st biztos\u00edt<\/li>\n<li data-start=\"0\" data-end=\"74\"><strong>S\u00faly:<\/strong> 450 gramm, puha \u00e9s k\u00e9nyelmes text\u00far\u00e1t biztos\u00edt<\/li>\n<li data-start=\"0\" data-end=\"74\"><strong>Kialak\u00edt\u00e1s:<\/strong> Kapucnival a plusz k\u00e9nyelem \u00e9s meleg \u00e9rdek\u00e9ben<\/li>\n<li data-start=\"0\" data-end=\"74\"><strong>Sz\u00edn:<\/strong> Gazdag barna, meleg, f\u00f6ldsz\u00edn\u0171 megjelen\u00e9ssel<\/li>\n<li data-start=\"0\" data-end=\"74\"><strong>Nedvsz\u00edv\u00f3:<\/strong> Kiv\u00e1l\u00f3 nedvsz\u00edv\u00f3 k\u00e9pess\u00e9g, t\u00f6k\u00e9letes f\u00fcrd\u00e9s vagy zuhanyz\u00e1s ut\u00e1ni haszn\u00e1latra<\/li>\n<li data-start=\"0\" data-end=\"74\"><strong>K\u00e9nyelmes:<\/strong> Luxus, spa \u00e9lm\u00e9nyt ny\u00fajt otthon<\/li>\n<\/ul>\n","protected":false},"featured_media":38888,"template":"","meta":[],"product_cat":[501],"product_tag":[],"class_list":{"0":"post-39422","1":"product","2":"type-product","3":"status-publish","4":"has-post-thumbnail","6":"product_cat-bathrobes-hu","8":"first","9":"outofstock","10":"shipping-taxable","11":"purchasable","12":"product-type-variable"},"yoast_head":"<!-- This site is optimized with the Yoast SEO plugin v24.2 - https:\/\/yoast.com\/wordpress\/plugins\/seo\/ -->\n<title>Pr\u00e9mium Mikropamut F\u00fcrd\u0151k\u00f6peny Kapucnival, 450g \u2013 100% Pamut, Barna - Origon EU<\/title>\n<meta name=\"robots\" content=\"index, follow, max-snippet:-1, max-image-preview:large, max-video-preview:-1\" \/>\n<link rel=\"canonical\" href=\"https:\/\/origon-eu.com\/hu\/product\/microcotton-bathrobe-with-hood-450gr-100-cotton-brown\/\" \/>\n<meta property=\"og:locale\" content=\"hu_HU\" \/>\n<meta property=\"og:type\" content=\"article\" \/>\n<meta property=\"og:title\" content=\"Pr\u00e9mium Mikropamut F\u00fcrd\u0151k\u00f6peny Kapucnival, 450g \u2013 100% Pamut, Barna - Origon EU\" \/>\n<meta property=\"og:description\" content=\"Anyag: 100% pamut microcotton, amely puha \u00e9s rendk\u00edv\u00fcl nedvsz\u00edv\u00f3 \u00e9rz\u00e9st biztos\u00edt  S\u00faly: 450 gramm, puha \u00e9s k\u00e9nyelmes text\u00far\u00e1t biztos\u00edt  Kialak\u00edt\u00e1s: Kapucnival a plusz k\u00e9nyelem \u00e9s meleg \u00e9rdek\u00e9ben  Sz\u00edn: Gazdag barna, meleg, f\u00f6ldsz\u00edn\u0171 megjelen\u00e9ssel  Nedvsz\u00edv\u00f3: Kiv\u00e1l\u00f3 nedvsz\u00edv\u00f3 k\u00e9pess\u00e9g, t\u00f6k\u00e9letes f\u00fcrd\u00e9s vagy zuhanyz\u00e1s ut\u00e1ni haszn\u00e1latra  K\u00e9nyelmes: Luxus, spa \u00e9lm\u00e9nyt ny\u00fajt otthon\" \/>\n<meta property=\"og:url\" content=\"https:\/\/origon-eu.com\/hu\/product\/microcotton-bathrobe-with-hood-450gr-100-cotton-brown\/\" \/>\n<meta property=\"og:site_name\" content=\"Origon EU\" \/>\n<meta property=\"article:modified_time\" content=\"2025-03-25T13:50:08+00:00\" \/>\n<meta property=\"og:image\" content=\"https:\/\/origon-eu.com\/wp-content\/uploads\/2025\/03\/halat-mikropamuk-s-kaculka-450gr-100-pamuk-kafavo-image_670cf703181ef_1920x1920.webp\" \/>\n\t<meta property=\"og:image:width\" content=\"1280\" \/>\n\t<meta property=\"og:image:height\" content=\"1920\" \/>\n\t<meta property=\"og:image:type\" content=\"image\/webp\" \/>\n<meta name=\"twitter:card\" content=\"summary_large_image\" \/>\n<meta name=\"twitter:label1\" content=\"Becs\u00fclt olvas\u00e1si id\u0151\" \/>\n\t<meta name=\"twitter:data1\" content=\"1 perc\" \/>\n<script type=\"application\/ld+json\" class=\"yoast-schema-graph\">{\"@context\":\"https:\/\/schema.org\",\"@graph\":[{\"@type\":\"WebPage\",\"@id\":\"https:\/\/origon-eu.com\/hu\/product\/microcotton-bathrobe-with-hood-450gr-100-cotton-brown\/\",\"url\":\"https:\/\/origon-eu.com\/hu\/product\/microcotton-bathrobe-with-hood-450gr-100-cotton-brown\/\",\"name\":\"Pr\u00e9mium Mikropamut F\u00fcrd\u0151k\u00f6peny Kapucnival, 450g \u2013 100% Pamut, Barna - Origon EU\",\"isPartOf\":{\"@id\":\"https:\/\/origon-eu.com\/#website\"},\"primaryImageOfPage\":{\"@id\":\"https:\/\/origon-eu.com\/hu\/product\/microcotton-bathrobe-with-hood-450gr-100-cotton-brown\/#primaryimage\"},\"image\":{\"@id\":\"https:\/\/origon-eu.com\/hu\/product\/microcotton-bathrobe-with-hood-450gr-100-cotton-brown\/#primaryimage\"},\"thumbnailUrl\":\"https:\/\/origon-eu.com\/wp-content\/uploads\/2025\/03\/halat-mikropamuk-s-kaculka-450gr-100-pamuk-kafavo-image_670cf703181ef_1920x1920.webp\",\"datePublished\":\"2025-03-21T14:52:35+00:00\",\"dateModified\":\"2025-03-25T13:50:08+00:00\",\"breadcrumb\":{\"@id\":\"https:\/\/origon-eu.com\/hu\/product\/microcotton-bathrobe-with-hood-450gr-100-cotton-brown\/#breadcrumb\"},\"inLanguage\":\"hu\",\"potentialAction\":[{\"@type\":\"ReadAction\",\"target\":[\"https:\/\/origon-eu.com\/hu\/product\/microcotton-bathrobe-with-hood-450gr-100-cotton-brown\/\"]}]},{\"@type\":\"ImageObject\",\"inLanguage\":\"hu\",\"@id\":\"https:\/\/origon-eu.com\/hu\/product\/microcotton-bathrobe-with-hood-450gr-100-cotton-brown\/#primaryimage\",\"url\":\"https:\/\/origon-eu.com\/wp-content\/uploads\/2025\/03\/halat-mikropamuk-s-kaculka-450gr-100-pamuk-kafavo-image_670cf703181ef_1920x1920.webp\",\"contentUrl\":\"https:\/\/origon-eu.com\/wp-content\/uploads\/2025\/03\/halat-mikropamuk-s-kaculka-450gr-100-pamuk-kafavo-image_670cf703181ef_1920x1920.webp\",\"width\":1280,\"height\":1920},{\"@type\":\"BreadcrumbList\",\"@id\":\"https:\/\/origon-eu.com\/hu\/product\/microcotton-bathrobe-with-hood-450gr-100-cotton-brown\/#breadcrumb\",\"itemListElement\":[{\"@type\":\"ListItem\",\"position\":1,\"name\":\"Home\",\"item\":\"https:\/\/origon-eu.com\/\"},{\"@type\":\"ListItem\",\"position\":2,\"name\":\"\u00dczlet\",\"item\":\"https:\/\/origon-eu.com\/hu\/shop-2\/\"},{\"@type\":\"ListItem\",\"position\":3,\"name\":\"Pr\u00e9mium Mikropamut F\u00fcrd\u0151k\u00f6peny Kapucnival, 450g \u2013 100% Pamut, Barna\"}]},{\"@type\":\"WebSite\",\"@id\":\"https:\/\/origon-eu.com\/#website\",\"url\":\"https:\/\/origon-eu.com\/\",\"name\":\"Origon EU\",\"description\":\"Online Store\",\"publisher\":{\"@id\":\"https:\/\/origon-eu.com\/#organization\"},\"potentialAction\":[{\"@type\":\"SearchAction\",\"target\":{\"@type\":\"EntryPoint\",\"urlTemplate\":\"https:\/\/origon-eu.com\/?s={search_term_string}\"},\"query-input\":{\"@type\":\"PropertyValueSpecification\",\"valueRequired\":true,\"valueName\":\"search_term_string\"}}],\"inLanguage\":\"hu\"},{\"@type\":\"Organization\",\"@id\":\"https:\/\/origon-eu.com\/#organization\",\"name\":\"Origon EU\",\"url\":\"https:\/\/origon-eu.com\/\",\"logo\":{\"@type\":\"ImageObject\",\"inLanguage\":\"hu\",\"@id\":\"https:\/\/origon-eu.com\/#\/schema\/logo\/image\/\",\"url\":\"https:\/\/origon-eu.com\/wp-content\/uploads\/2024\/04\/Screenshot-2024-04-09-101814.png\",\"contentUrl\":\"https:\/\/origon-eu.com\/wp-content\/uploads\/2024\/04\/Screenshot-2024-04-09-101814.png\",\"width\":171,\"height\":59,\"caption\":\"Origon EU\"},\"image\":{\"@id\":\"https:\/\/origon-eu.com\/#\/schema\/logo\/image\/\"}}]}<\/script>\n<!-- \/ Yoast SEO plugin. -->","yoast_head_json":{"title":"Pr\u00e9mium Mikropamut F\u00fcrd\u0151k\u00f6peny Kapucnival, 450g \u2013 100% Pamut, Barna - Origon EU","robots":{"index":"index","follow":"follow","max-snippet":"max-snippet:-1","max-image-preview":"max-image-preview:large","max-video-preview":"max-video-preview:-1"},"canonical":"https:\/\/origon-eu.com\/hu\/product\/microcotton-bathrobe-with-hood-450gr-100-cotton-brown\/","og_locale":"hu_HU","og_type":"article","og_title":"Pr\u00e9mium Mikropamut F\u00fcrd\u0151k\u00f6peny Kapucnival, 450g \u2013 100% Pamut, Barna - Origon EU","og_description":"Anyag: 100% pamut microcotton, amely puha \u00e9s rendk\u00edv\u00fcl nedvsz\u00edv\u00f3 \u00e9rz\u00e9st biztos\u00edt  S\u00faly: 450 gramm, puha \u00e9s k\u00e9nyelmes text\u00far\u00e1t biztos\u00edt  Kialak\u00edt\u00e1s: Kapucnival a plusz k\u00e9nyelem \u00e9s meleg \u00e9rdek\u00e9ben  Sz\u00edn: Gazdag barna, meleg, f\u00f6ldsz\u00edn\u0171 megjelen\u00e9ssel  Nedvsz\u00edv\u00f3: Kiv\u00e1l\u00f3 nedvsz\u00edv\u00f3 k\u00e9pess\u00e9g, t\u00f6k\u00e9letes f\u00fcrd\u00e9s vagy zuhanyz\u00e1s ut\u00e1ni haszn\u00e1latra  K\u00e9nyelmes: Luxus, spa \u00e9lm\u00e9nyt ny\u00fajt otthon","og_url":"https:\/\/origon-eu.com\/hu\/product\/microcotton-bathrobe-with-hood-450gr-100-cotton-brown\/","og_site_name":"Origon EU","article_modified_time":"2025-03-25T13:50:08+00:00","og_image":[{"width":1280,"height":1920,"url":"https:\/\/origon-eu.com\/wp-content\/uploads\/2025\/03\/halat-mikropamuk-s-kaculka-450gr-100-pamuk-kafavo-image_670cf703181ef_1920x1920.webp","type":"image\/webp"}],"twitter_card":"summary_large_image","twitter_misc":{"Becs\u00fclt olvas\u00e1si id\u0151":"1 perc"},"schema":{"@context":"https:\/\/schema.org","@graph":[{"@type":"WebPage","@id":"https:\/\/origon-eu.com\/hu\/product\/microcotton-bathrobe-with-hood-450gr-100-cotton-brown\/","url":"https:\/\/origon-eu.com\/hu\/product\/microcotton-bathrobe-with-hood-450gr-100-cotton-brown\/","name":"Pr\u00e9mium Mikropamut F\u00fcrd\u0151k\u00f6peny Kapucnival, 450g \u2013 100% Pamut, Barna - Origon EU","isPartOf":{"@id":"https:\/\/origon-eu.com\/#website"},"primaryImageOfPage":{"@id":"https:\/\/origon-eu.com\/hu\/product\/microcotton-bathrobe-with-hood-450gr-100-cotton-brown\/#primaryimage"},"image":{"@id":"https:\/\/origon-eu.com\/hu\/product\/microcotton-bathrobe-with-hood-450gr-100-cotton-brown\/#primaryimage"},"thumbnailUrl":"https:\/\/origon-eu.com\/wp-content\/uploads\/2025\/03\/halat-mikropamuk-s-kaculka-450gr-100-pamuk-kafavo-image_670cf703181ef_1920x1920.webp","datePublished":"2025-03-21T14:52:35+00:00","dateModified":"2025-03-25T13:50:08+00:00","breadcrumb":{"@id":"https:\/\/origon-eu.com\/hu\/product\/microcotton-bathrobe-with-hood-450gr-100-cotton-brown\/#breadcrumb"},"inLanguage":"hu","potentialAction":[{"@type":"ReadAction","target":["https:\/\/origon-eu.com\/hu\/product\/microcotton-bathrobe-with-hood-450gr-100-cotton-brown\/"]}]},{"@type":"ImageObject","inLanguage":"hu","@id":"https:\/\/origon-eu.com\/hu\/product\/microcotton-bathrobe-with-hood-450gr-100-cotton-brown\/#primaryimage","url":"https:\/\/origon-eu.com\/wp-content\/uploads\/2025\/03\/halat-mikropamuk-s-kaculka-450gr-100-pamuk-kafavo-image_670cf703181ef_1920x1920.webp","contentUrl":"https:\/\/origon-eu.com\/wp-content\/uploads\/2025\/03\/halat-mikropamuk-s-kaculka-450gr-100-pamuk-kafavo-image_670cf703181ef_1920x1920.webp","width":1280,"height":1920},{"@type":"BreadcrumbList","@id":"https:\/\/origon-eu.com\/hu\/product\/microcotton-bathrobe-with-hood-450gr-100-cotton-brown\/#breadcrumb","itemListElement":[{"@type":"ListItem","position":1,"name":"Home","item":"https:\/\/origon-eu.com\/"},{"@type":"ListItem","position":2,"name":"\u00dczlet","item":"https:\/\/origon-eu.com\/hu\/shop-2\/"},{"@type":"ListItem","position":3,"name":"Pr\u00e9mium Mikropamut F\u00fcrd\u0151k\u00f6peny Kapucnival, 450g \u2013 100% Pamut, Barna"}]},{"@type":"WebSite","@id":"https:\/\/origon-eu.com\/#website","url":"https:\/\/origon-eu.com\/","name":"Origon EU","description":"Online Store","publisher":{"@id":"https:\/\/origon-eu.com\/#organization"},"potentialAction":[{"@type":"SearchAction","target":{"@type":"EntryPoint","urlTemplate":"https:\/\/origon-eu.com\/?s={search_term_string}"},"query-input":{"@type":"PropertyValueSpecification","valueRequired":true,"valueName":"search_term_string"}}],"inLanguage":"hu"},{"@type":"Organization","@id":"https:\/\/origon-eu.com\/#organization","name":"Origon EU","url":"https:\/\/origon-eu.com\/","logo":{"@type":"ImageObject","inLanguage":"hu","@id":"https:\/\/origon-eu.com\/#\/schema\/logo\/image\/","url":"https:\/\/origon-eu.com\/wp-content\/uploads\/2024\/04\/Screenshot-2024-04-09-101814.png","contentUrl":"https:\/\/origon-eu.com\/wp-content\/uploads\/2024\/04\/Screenshot-2024-04-09-101814.png","width":171,"height":59,"caption":"Origon EU"},"image":{"@id":"https:\/\/origon-eu.com\/#\/schema\/logo\/image\/"}}]}},"tiered_pricing_type":"fixed","tiered_pricing_fixed_rules":[],"tiered_pricing_percentage_rules":[],"tiered_pricing_minimum":1,"tiered_pricing_roles_data":[],"_links":{"self":[{"href":"https:\/\/origon-eu.com\/hu\/wp-json\/wp\/v2\/product\/39422","targetHints":{"allow":["GET"]}}],"collection":[{"href":"https:\/\/origon-eu.com\/hu\/wp-json\/wp\/v2\/product"}],"about":[{"href":"https:\/\/origon-eu.com\/hu\/wp-json\/wp\/v2\/types\/product"}],"version-history":[{"count":2,"href":"https:\/\/origon-eu.com\/hu\/wp-json\/wp\/v2\/product\/39422\/revisions"}],"predecessor-version":[{"id":39905,"href":"https:\/\/origon-eu.com\/hu\/wp-json\/wp\/v2\/product\/39422\/revisions\/39905"}],"wp:featuredmedia":[{"embeddable":true,"href":"https:\/\/origon-eu.com\/hu\/wp-json\/wp\/v2\/media\/38888"}],"wp:attachment":[{"href":"https:\/\/origon-eu.com\/hu\/wp-json\/wp\/v2\/media?parent=39422"}],"wp:term":[{"taxonomy":"product_cat","embeddable":true,"href":"https:\/\/origon-eu.com\/hu\/wp-json\/wp\/v2\/product_cat?post=39422"},{"taxonomy":"product_tag","embeddable":true,"href":"https:\/\/origon-eu.com\/hu\/wp-json\/wp\/v2\/product_tag?post=39422"}],"curies":[{"name":"wp","href":"https:\/\/api.w.org\/{rel}","templated":true}]}}