{"id":39379,"date":"2025-03-21T16:50:14","date_gmt":"2025-03-21T14:50:14","guid":{"rendered":"https:\/\/origon-eu.com\/product\/microcotton-robe-with-hood-450gr-100-cotton-cappuccino\/"},"modified":"2025-03-25T15:48:22","modified_gmt":"2025-03-25T13:48:22","slug":"microcotton-robe-with-hood-450gr-100-cotton-cappuccino","status":"publish","type":"product","link":"https:\/\/origon-eu.com\/hu\/product\/microcotton-robe-with-hood-450gr-100-cotton-cappuccino\/","title":{"rendered":"Pr\u00e9mium Mikropamut F\u00fcrd\u0151k\u00f6peny Kapucnival, 450g \u2013 100% Pamut, Cappuccino"},"content":{"rendered":"<p>Luxus min\u0151s\u00e9g\u0171 kapucnis microcotton f\u00fcrd\u0151k\u00f6peny, magas s\u0171r\u0171s\u00e9g\u0171 \u00e9s st\u00edlusos kialak\u00edt\u00e1ssal. A microcotton egy pamutfonal, amely speci\u00e1lis kezel\u00e9st kapott, \u00edgy a bel\u0151le k\u00e9sz\u00fclt term\u00e9kek rendk\u00edv\u00fcl puh\u00e1k, l\u00e1gyak tapint\u00e1sra \u00e9s t\u00f6k\u00e9letes nedvsz\u00edv\u00f3 k\u00e9pess\u00e9ggel rendelkeznek. Tart\u00f3s sz\u00ednek.<\/p>\n<p data-start=\"355\" data-end=\"365\">Jellemz\u0151k:<\/p>\n<p data-start=\"367\" data-end=\"407\">M\u00e9ret: M, L, XL<br data-start=\"382\" data-end=\"385\" \/>\u00d6sszet\u00e9tel: 100% pamut<\/p>\n<p data-start=\"409\" data-end=\"422\">Megjegyz\u00e9sek:<\/p>\n<p data-start=\"424\" data-end=\"540\">Mos\u00f3g\u00e9pben 40 fokig moshat\u00f3!<br data-start=\"452\" data-end=\"455\" \/>Ne haszn\u00e1ljon feh\u00e9r\u00edt\u0151t!<br data-start=\"479\" data-end=\"482\" \/>A K\u00c9P ILLESZT\u0150 \u00c9S A TERM\u00c9K \u00c1LTAL\u00c1NOS JELLEMZ\u0150IT MUTATJA!!!<\/p>\n","protected":false},"excerpt":{"rendered":"<ul>\n<li data-start=\"0\" data-end=\"75\"><strong>Anyag:<\/strong> 100% pamut microcotton, puha \u00e9s rendk\u00edv\u00fcl nedvsz\u00edv\u00f3 \u00e9rz\u00e9s\u00e9rt<\/li>\n<li data-start=\"0\" data-end=\"75\"><strong>S\u00faly:<\/strong> 450 gramm, nehezebb, pl\u00fcss\u00f6s text\u00far\u00e1t biztos\u00edt<\/li>\n<li data-start=\"0\" data-end=\"75\"><strong>Kialak\u00edt\u00e1s:<\/strong> Kapucnival a tov\u00e1bbi meleg \u00e9s k\u00e9nyelem \u00e9rdek\u00e9ben<\/li>\n<li data-start=\"0\" data-end=\"75\"><strong>Sz\u00edn:<\/strong> Eleg\u00e1ns cappuccino \u00e1rnyalat a kifinomult, semleges megjelen\u00e9s\u00e9rt<\/li>\n<li data-start=\"0\" data-end=\"75\"><strong>Nedvsz\u00edv\u00f3:<\/strong> Kiv\u00e1l\u00f3 nedvsz\u00edv\u00f3 k\u00e9pess\u00e9g, ide\u00e1lis a gyors sz\u00e1r\u00edtkoz\u00e1shoz<\/li>\n<li data-start=\"0\" data-end=\"75\"><strong>K\u00e9nyelmes:<\/strong> Luxus, spa t\u00edpus\u00fa \u00e9lm\u00e9nyt ny\u00fajt otthon<\/li>\n<\/ul>\n","protected":false},"featured_media":39838,"template":"","meta":[],"product_cat":[501],"product_tag":[],"class_list":{"0":"post-39379","1":"product","2":"type-product","3":"status-publish","4":"has-post-thumbnail","6":"product_cat-bathrobes-hu","8":"first","9":"outofstock","10":"shipping-taxable","11":"purchasable","12":"product-type-variable"},"yoast_head":"<!-- This site is optimized with the Yoast SEO plugin v24.2 - https:\/\/yoast.com\/wordpress\/plugins\/seo\/ -->\n<title>Pr\u00e9mium Mikropamut F\u00fcrd\u0151k\u00f6peny Kapucnival, 450g \u2013 100% Pamut, Cappuccino - Origon EU<\/title>\n<meta name=\"robots\" content=\"index, follow, max-snippet:-1, max-image-preview:large, max-video-preview:-1\" \/>\n<link rel=\"canonical\" href=\"https:\/\/origon-eu.com\/hu\/product\/microcotton-robe-with-hood-450gr-100-cotton-cappuccino\/\" \/>\n<meta property=\"og:locale\" content=\"hu_HU\" \/>\n<meta property=\"og:type\" content=\"article\" \/>\n<meta property=\"og:title\" content=\"Pr\u00e9mium Mikropamut F\u00fcrd\u0151k\u00f6peny Kapucnival, 450g \u2013 100% Pamut, Cappuccino - Origon EU\" \/>\n<meta property=\"og:description\" content=\"Anyag: 100% pamut microcotton, puha \u00e9s rendk\u00edv\u00fcl nedvsz\u00edv\u00f3 \u00e9rz\u00e9s\u00e9rt  S\u00faly: 450 gramm, nehezebb, pl\u00fcss\u00f6s text\u00far\u00e1t biztos\u00edt  Kialak\u00edt\u00e1s: Kapucnival a tov\u00e1bbi meleg \u00e9s k\u00e9nyelem \u00e9rdek\u00e9ben  Sz\u00edn: Eleg\u00e1ns cappuccino \u00e1rnyalat a kifinomult, semleges megjelen\u00e9s\u00e9rt  Nedvsz\u00edv\u00f3: Kiv\u00e1l\u00f3 nedvsz\u00edv\u00f3 k\u00e9pess\u00e9g, ide\u00e1lis a gyors sz\u00e1r\u00edtkoz\u00e1shoz  K\u00e9nyelmes: Luxus, spa t\u00edpus\u00fa \u00e9lm\u00e9nyt ny\u00fajt otthon\" \/>\n<meta property=\"og:url\" content=\"https:\/\/origon-eu.com\/hu\/product\/microcotton-robe-with-hood-450gr-100-cotton-cappuccino\/\" \/>\n<meta property=\"og:site_name\" content=\"Origon EU\" \/>\n<meta property=\"article:modified_time\" content=\"2025-03-25T13:48:22+00:00\" \/>\n<meta property=\"og:image\" content=\"https:\/\/origon-eu.com\/wp-content\/uploads\/2025\/03\/halat-mikropamuk-s-kaculka-450gr-100-pamuk-ekru-image_670cf370c8236_1920x1920222-683x1024.png\" \/>\n\t<meta property=\"og:image:width\" content=\"683\" \/>\n\t<meta property=\"og:image:height\" content=\"1024\" \/>\n\t<meta property=\"og:image:type\" content=\"image\/png\" \/>\n<meta name=\"twitter:card\" content=\"summary_large_image\" \/>\n<meta name=\"twitter:label1\" content=\"Becs\u00fclt olvas\u00e1si id\u0151\" \/>\n\t<meta name=\"twitter:data1\" content=\"1 perc\" \/>\n<script type=\"application\/ld+json\" class=\"yoast-schema-graph\">{\"@context\":\"https:\/\/schema.org\",\"@graph\":[{\"@type\":\"WebPage\",\"@id\":\"https:\/\/origon-eu.com\/hu\/product\/microcotton-robe-with-hood-450gr-100-cotton-cappuccino\/\",\"url\":\"https:\/\/origon-eu.com\/hu\/product\/microcotton-robe-with-hood-450gr-100-cotton-cappuccino\/\",\"name\":\"Pr\u00e9mium Mikropamut F\u00fcrd\u0151k\u00f6peny Kapucnival, 450g \u2013 100% Pamut, Cappuccino - Origon EU\",\"isPartOf\":{\"@id\":\"https:\/\/origon-eu.com\/#website\"},\"primaryImageOfPage\":{\"@id\":\"https:\/\/origon-eu.com\/hu\/product\/microcotton-robe-with-hood-450gr-100-cotton-cappuccino\/#primaryimage\"},\"image\":{\"@id\":\"https:\/\/origon-eu.com\/hu\/product\/microcotton-robe-with-hood-450gr-100-cotton-cappuccino\/#primaryimage\"},\"thumbnailUrl\":\"https:\/\/origon-eu.com\/wp-content\/uploads\/2025\/03\/halat-mikropamuk-s-kaculka-450gr-100-pamuk-ekru-image_670cf370c8236_1920x1920222.png\",\"datePublished\":\"2025-03-21T14:50:14+00:00\",\"dateModified\":\"2025-03-25T13:48:22+00:00\",\"breadcrumb\":{\"@id\":\"https:\/\/origon-eu.com\/hu\/product\/microcotton-robe-with-hood-450gr-100-cotton-cappuccino\/#breadcrumb\"},\"inLanguage\":\"hu\",\"potentialAction\":[{\"@type\":\"ReadAction\",\"target\":[\"https:\/\/origon-eu.com\/hu\/product\/microcotton-robe-with-hood-450gr-100-cotton-cappuccino\/\"]}]},{\"@type\":\"ImageObject\",\"inLanguage\":\"hu\",\"@id\":\"https:\/\/origon-eu.com\/hu\/product\/microcotton-robe-with-hood-450gr-100-cotton-cappuccino\/#primaryimage\",\"url\":\"https:\/\/origon-eu.com\/wp-content\/uploads\/2025\/03\/halat-mikropamuk-s-kaculka-450gr-100-pamuk-ekru-image_670cf370c8236_1920x1920222.png\",\"contentUrl\":\"https:\/\/origon-eu.com\/wp-content\/uploads\/2025\/03\/halat-mikropamuk-s-kaculka-450gr-100-pamuk-ekru-image_670cf370c8236_1920x1920222.png\",\"width\":1280,\"height\":1920},{\"@type\":\"BreadcrumbList\",\"@id\":\"https:\/\/origon-eu.com\/hu\/product\/microcotton-robe-with-hood-450gr-100-cotton-cappuccino\/#breadcrumb\",\"itemListElement\":[{\"@type\":\"ListItem\",\"position\":1,\"name\":\"Home\",\"item\":\"https:\/\/origon-eu.com\/\"},{\"@type\":\"ListItem\",\"position\":2,\"name\":\"\u00dczlet\",\"item\":\"https:\/\/origon-eu.com\/hu\/shop-2\/\"},{\"@type\":\"ListItem\",\"position\":3,\"name\":\"Pr\u00e9mium Mikropamut F\u00fcrd\u0151k\u00f6peny Kapucnival, 450g \u2013 100% Pamut, Cappuccino\"}]},{\"@type\":\"WebSite\",\"@id\":\"https:\/\/origon-eu.com\/#website\",\"url\":\"https:\/\/origon-eu.com\/\",\"name\":\"Origon EU\",\"description\":\"Online Store\",\"publisher\":{\"@id\":\"https:\/\/origon-eu.com\/#organization\"},\"potentialAction\":[{\"@type\":\"SearchAction\",\"target\":{\"@type\":\"EntryPoint\",\"urlTemplate\":\"https:\/\/origon-eu.com\/?s={search_term_string}\"},\"query-input\":{\"@type\":\"PropertyValueSpecification\",\"valueRequired\":true,\"valueName\":\"search_term_string\"}}],\"inLanguage\":\"hu\"},{\"@type\":\"Organization\",\"@id\":\"https:\/\/origon-eu.com\/#organization\",\"name\":\"Origon EU\",\"url\":\"https:\/\/origon-eu.com\/\",\"logo\":{\"@type\":\"ImageObject\",\"inLanguage\":\"hu\",\"@id\":\"https:\/\/origon-eu.com\/#\/schema\/logo\/image\/\",\"url\":\"https:\/\/origon-eu.com\/wp-content\/uploads\/2024\/04\/Screenshot-2024-04-09-101814.png\",\"contentUrl\":\"https:\/\/origon-eu.com\/wp-content\/uploads\/2024\/04\/Screenshot-2024-04-09-101814.png\",\"width\":171,\"height\":59,\"caption\":\"Origon EU\"},\"image\":{\"@id\":\"https:\/\/origon-eu.com\/#\/schema\/logo\/image\/\"}}]}<\/script>\n<!-- \/ Yoast SEO plugin. -->","yoast_head_json":{"title":"Pr\u00e9mium Mikropamut F\u00fcrd\u0151k\u00f6peny Kapucnival, 450g \u2013 100% Pamut, Cappuccino - Origon EU","robots":{"index":"index","follow":"follow","max-snippet":"max-snippet:-1","max-image-preview":"max-image-preview:large","max-video-preview":"max-video-preview:-1"},"canonical":"https:\/\/origon-eu.com\/hu\/product\/microcotton-robe-with-hood-450gr-100-cotton-cappuccino\/","og_locale":"hu_HU","og_type":"article","og_title":"Pr\u00e9mium Mikropamut F\u00fcrd\u0151k\u00f6peny Kapucnival, 450g \u2013 100% Pamut, Cappuccino - Origon EU","og_description":"Anyag: 100% pamut microcotton, puha \u00e9s rendk\u00edv\u00fcl nedvsz\u00edv\u00f3 \u00e9rz\u00e9s\u00e9rt  S\u00faly: 450 gramm, nehezebb, pl\u00fcss\u00f6s text\u00far\u00e1t biztos\u00edt  Kialak\u00edt\u00e1s: Kapucnival a tov\u00e1bbi meleg \u00e9s k\u00e9nyelem \u00e9rdek\u00e9ben  Sz\u00edn: Eleg\u00e1ns cappuccino \u00e1rnyalat a kifinomult, semleges megjelen\u00e9s\u00e9rt  Nedvsz\u00edv\u00f3: Kiv\u00e1l\u00f3 nedvsz\u00edv\u00f3 k\u00e9pess\u00e9g, ide\u00e1lis a gyors sz\u00e1r\u00edtkoz\u00e1shoz  K\u00e9nyelmes: Luxus, spa t\u00edpus\u00fa \u00e9lm\u00e9nyt ny\u00fajt otthon","og_url":"https:\/\/origon-eu.com\/hu\/product\/microcotton-robe-with-hood-450gr-100-cotton-cappuccino\/","og_site_name":"Origon EU","article_modified_time":"2025-03-25T13:48:22+00:00","og_image":[{"width":683,"height":1024,"url":"https:\/\/origon-eu.com\/wp-content\/uploads\/2025\/03\/halat-mikropamuk-s-kaculka-450gr-100-pamuk-ekru-image_670cf370c8236_1920x1920222-683x1024.png","type":"image\/png"}],"twitter_card":"summary_large_image","twitter_misc":{"Becs\u00fclt olvas\u00e1si id\u0151":"1 perc"},"schema":{"@context":"https:\/\/schema.org","@graph":[{"@type":"WebPage","@id":"https:\/\/origon-eu.com\/hu\/product\/microcotton-robe-with-hood-450gr-100-cotton-cappuccino\/","url":"https:\/\/origon-eu.com\/hu\/product\/microcotton-robe-with-hood-450gr-100-cotton-cappuccino\/","name":"Pr\u00e9mium Mikropamut F\u00fcrd\u0151k\u00f6peny Kapucnival, 450g \u2013 100% Pamut, Cappuccino - Origon EU","isPartOf":{"@id":"https:\/\/origon-eu.com\/#website"},"primaryImageOfPage":{"@id":"https:\/\/origon-eu.com\/hu\/product\/microcotton-robe-with-hood-450gr-100-cotton-cappuccino\/#primaryimage"},"image":{"@id":"https:\/\/origon-eu.com\/hu\/product\/microcotton-robe-with-hood-450gr-100-cotton-cappuccino\/#primaryimage"},"thumbnailUrl":"https:\/\/origon-eu.com\/wp-content\/uploads\/2025\/03\/halat-mikropamuk-s-kaculka-450gr-100-pamuk-ekru-image_670cf370c8236_1920x1920222.png","datePublished":"2025-03-21T14:50:14+00:00","dateModified":"2025-03-25T13:48:22+00:00","breadcrumb":{"@id":"https:\/\/origon-eu.com\/hu\/product\/microcotton-robe-with-hood-450gr-100-cotton-cappuccino\/#breadcrumb"},"inLanguage":"hu","potentialAction":[{"@type":"ReadAction","target":["https:\/\/origon-eu.com\/hu\/product\/microcotton-robe-with-hood-450gr-100-cotton-cappuccino\/"]}]},{"@type":"ImageObject","inLanguage":"hu","@id":"https:\/\/origon-eu.com\/hu\/product\/microcotton-robe-with-hood-450gr-100-cotton-cappuccino\/#primaryimage","url":"https:\/\/origon-eu.com\/wp-content\/uploads\/2025\/03\/halat-mikropamuk-s-kaculka-450gr-100-pamuk-ekru-image_670cf370c8236_1920x1920222.png","contentUrl":"https:\/\/origon-eu.com\/wp-content\/uploads\/2025\/03\/halat-mikropamuk-s-kaculka-450gr-100-pamuk-ekru-image_670cf370c8236_1920x1920222.png","width":1280,"height":1920},{"@type":"BreadcrumbList","@id":"https:\/\/origon-eu.com\/hu\/product\/microcotton-robe-with-hood-450gr-100-cotton-cappuccino\/#breadcrumb","itemListElement":[{"@type":"ListItem","position":1,"name":"Home","item":"https:\/\/origon-eu.com\/"},{"@type":"ListItem","position":2,"name":"\u00dczlet","item":"https:\/\/origon-eu.com\/hu\/shop-2\/"},{"@type":"ListItem","position":3,"name":"Pr\u00e9mium Mikropamut F\u00fcrd\u0151k\u00f6peny Kapucnival, 450g \u2013 100% Pamut, Cappuccino"}]},{"@type":"WebSite","@id":"https:\/\/origon-eu.com\/#website","url":"https:\/\/origon-eu.com\/","name":"Origon EU","description":"Online Store","publisher":{"@id":"https:\/\/origon-eu.com\/#organization"},"potentialAction":[{"@type":"SearchAction","target":{"@type":"EntryPoint","urlTemplate":"https:\/\/origon-eu.com\/?s={search_term_string}"},"query-input":{"@type":"PropertyValueSpecification","valueRequired":true,"valueName":"search_term_string"}}],"inLanguage":"hu"},{"@type":"Organization","@id":"https:\/\/origon-eu.com\/#organization","name":"Origon EU","url":"https:\/\/origon-eu.com\/","logo":{"@type":"ImageObject","inLanguage":"hu","@id":"https:\/\/origon-eu.com\/#\/schema\/logo\/image\/","url":"https:\/\/origon-eu.com\/wp-content\/uploads\/2024\/04\/Screenshot-2024-04-09-101814.png","contentUrl":"https:\/\/origon-eu.com\/wp-content\/uploads\/2024\/04\/Screenshot-2024-04-09-101814.png","width":171,"height":59,"caption":"Origon EU"},"image":{"@id":"https:\/\/origon-eu.com\/#\/schema\/logo\/image\/"}}]}},"tiered_pricing_type":"fixed","tiered_pricing_fixed_rules":[],"tiered_pricing_percentage_rules":[],"tiered_pricing_minimum":1,"tiered_pricing_roles_data":[],"_links":{"self":[{"href":"https:\/\/origon-eu.com\/hu\/wp-json\/wp\/v2\/product\/39379","targetHints":{"allow":["GET"]}}],"collection":[{"href":"https:\/\/origon-eu.com\/hu\/wp-json\/wp\/v2\/product"}],"about":[{"href":"https:\/\/origon-eu.com\/hu\/wp-json\/wp\/v2\/types\/product"}],"version-history":[{"count":2,"href":"https:\/\/origon-eu.com\/hu\/wp-json\/wp\/v2\/product\/39379\/revisions"}],"predecessor-version":[{"id":39897,"href":"https:\/\/origon-eu.com\/hu\/wp-json\/wp\/v2\/product\/39379\/revisions\/39897"}],"wp:featuredmedia":[{"embeddable":true,"href":"https:\/\/origon-eu.com\/hu\/wp-json\/wp\/v2\/media\/39838"}],"wp:attachment":[{"href":"https:\/\/origon-eu.com\/hu\/wp-json\/wp\/v2\/media?parent=39379"}],"wp:term":[{"taxonomy":"product_cat","embeddable":true,"href":"https:\/\/origon-eu.com\/hu\/wp-json\/wp\/v2\/product_cat?post=39379"},{"taxonomy":"product_tag","embeddable":true,"href":"https:\/\/origon-eu.com\/hu\/wp-json\/wp\/v2\/product_tag?post=39379"}],"curies":[{"name":"wp","href":"https:\/\/api.w.org\/{rel}","templated":true}]}}