{"id":39162,"date":"2025-03-21T16:40:22","date_gmt":"2025-03-21T14:40:22","guid":{"rendered":"https:\/\/origon-eu.com\/product\/hooded-bathrobe-380gr-100-cotton-purple\/"},"modified":"2025-03-25T15:40:44","modified_gmt":"2025-03-25T13:40:44","slug":"hooded-bathrobe-380gr-100-cotton-purple","status":"publish","type":"product","link":"https:\/\/origon-eu.com\/hu\/product\/hooded-bathrobe-380gr-100-cotton-purple\/","title":{"rendered":"Luxusos 380g Kapucnis f\u00fcrd\u0151k\u00f6peny, 100% Pamut \u2013 Lila"},"content":{"rendered":"<p>Magas min\u0151s\u00e9g\u0171, vastag f\u00fcrd\u0151k\u00f6peny kapucnival, 100% pamutb\u00f3l k\u00e9sz\u00fclt. St\u00edlusos kialak\u00edt\u00e1s, t\u00f6k\u00e9letes nedvsz\u00edv\u00f3 k\u00e9pess\u00e9g, k\u00e9nyelmes, puha \u00e9s gyeng\u00e9d tapint\u00e1sra.<\/p>\n<p data-start=\"214\" data-end=\"224\">Jellemz\u0151k:<\/p>\n<p data-start=\"226\" data-end=\"271\">M\u00e9ret: M, L, XL, XXL<br data-start=\"246\" data-end=\"249\" \/>\u00d6sszet\u00e9tel: 100% pamut<\/p>\n<p data-start=\"273\" data-end=\"400\">Mos\u00f3g\u00e9pben 40 fokig moshat\u00f3!<br data-start=\"301\" data-end=\"304\" \/>Ne haszn\u00e1ljon feh\u00e9r\u00edt\u0151t!<br data-start=\"328\" data-end=\"331\" \/>A k\u00e9pek illusztr\u00e1ci\u00f3k, \u00e9s a term\u00e9kek \u00e1ltal\u00e1nos jellemz\u0151it \u00e1br\u00e1zolj\u00e1k!<\/p>\n","protected":false},"excerpt":{"rendered":"<ul>\n<li data-start=\"0\" data-end=\"57\"><strong>Anyag:<\/strong> 100% pamut, puha \u00e9s l\u00e9legz\u0151 \u00e9rzetet biztos\u00edt<\/li>\n<li data-start=\"0\" data-end=\"57\"><strong>S\u00faly:<\/strong> 380 gramm, k\u00e9nyelmes \u00e9s k\u00f6nny\u0171 \u00e9rz\u00e9st ny\u00fajt<\/li>\n<li data-start=\"0\" data-end=\"57\"><strong>Kialak\u00edt\u00e1s:<\/strong> Kapucnival a tov\u00e1bbi meleg \u00e9s k\u00e9nyelem \u00e9rdek\u00e9ben<\/li>\n<li data-start=\"0\" data-end=\"57\"><strong>Sz\u00edn:<\/strong> \u00c9l\u00e9nk lila \u00e1rnyalat, amely mer\u00e9sz \u00e9s luxus megjelen\u00e9st k\u00f6lcs\u00f6n\u00f6z<\/li>\n<li data-start=\"0\" data-end=\"57\"><strong>Nedvsz\u00edv\u00f3:<\/strong> Ide\u00e1lis a sz\u00e1r\u00edtkoz\u00e1shoz f\u00fcrd\u00e9s vagy zuhanyz\u00e1s ut\u00e1n<\/li>\n<li data-start=\"0\" data-end=\"57\"><strong>K\u00e9nyelmes:<\/strong> Luxus spa \u00e9lm\u00e9ny otthon<\/li>\n<\/ul>\n","protected":false},"featured_media":38803,"template":"","meta":[],"product_cat":[501],"product_tag":[],"class_list":{"0":"post-39162","1":"product","2":"type-product","3":"status-publish","4":"has-post-thumbnail","6":"product_cat-bathrobes-hu","8":"first","9":"outofstock","10":"shipping-taxable","11":"purchasable","12":"product-type-variable"},"yoast_head":"<!-- This site is optimized with the Yoast SEO plugin v24.2 - https:\/\/yoast.com\/wordpress\/plugins\/seo\/ -->\n<title>Luxusos 380g Kapucnis f\u00fcrd\u0151k\u00f6peny, 100% Pamut \u2013 Lila - Origon EU<\/title>\n<meta name=\"robots\" content=\"index, follow, max-snippet:-1, max-image-preview:large, max-video-preview:-1\" \/>\n<link rel=\"canonical\" href=\"https:\/\/origon-eu.com\/hu\/product\/hooded-bathrobe-380gr-100-cotton-purple\/\" \/>\n<meta property=\"og:locale\" content=\"hu_HU\" \/>\n<meta property=\"og:type\" content=\"article\" \/>\n<meta property=\"og:title\" content=\"Luxusos 380g Kapucnis f\u00fcrd\u0151k\u00f6peny, 100% Pamut \u2013 Lila - Origon EU\" \/>\n<meta property=\"og:description\" content=\"Anyag: 100% pamut, puha \u00e9s l\u00e9legz\u0151 \u00e9rzetet biztos\u00edt  S\u00faly: 380 gramm, k\u00e9nyelmes \u00e9s k\u00f6nny\u0171 \u00e9rz\u00e9st ny\u00fajt  Kialak\u00edt\u00e1s: Kapucnival a tov\u00e1bbi meleg \u00e9s k\u00e9nyelem \u00e9rdek\u00e9ben  Sz\u00edn: \u00c9l\u00e9nk lila \u00e1rnyalat, amely mer\u00e9sz \u00e9s luxus megjelen\u00e9st k\u00f6lcs\u00f6n\u00f6z  Nedvsz\u00edv\u00f3: Ide\u00e1lis a sz\u00e1r\u00edtkoz\u00e1shoz f\u00fcrd\u00e9s vagy zuhanyz\u00e1s ut\u00e1n  K\u00e9nyelmes: Luxus spa \u00e9lm\u00e9ny otthon\" \/>\n<meta property=\"og:url\" content=\"https:\/\/origon-eu.com\/hu\/product\/hooded-bathrobe-380gr-100-cotton-purple\/\" \/>\n<meta property=\"og:site_name\" content=\"Origon EU\" \/>\n<meta property=\"article:modified_time\" content=\"2025-03-25T13:40:44+00:00\" \/>\n<meta property=\"og:image\" content=\"https:\/\/origon-eu.com\/wp-content\/uploads\/2025\/03\/halat-za-bana-s-kaculka-380gr-100-pamuk-lila-image_670cf2a9c5ffd_1920x1920.webp\" \/>\n\t<meta property=\"og:image:width\" content=\"1280\" \/>\n\t<meta property=\"og:image:height\" content=\"1920\" \/>\n\t<meta property=\"og:image:type\" content=\"image\/webp\" \/>\n<meta name=\"twitter:card\" content=\"summary_large_image\" \/>\n<meta name=\"twitter:label1\" content=\"Becs\u00fclt olvas\u00e1si id\u0151\" \/>\n\t<meta name=\"twitter:data1\" content=\"1 perc\" \/>\n<script type=\"application\/ld+json\" class=\"yoast-schema-graph\">{\"@context\":\"https:\/\/schema.org\",\"@graph\":[{\"@type\":\"WebPage\",\"@id\":\"https:\/\/origon-eu.com\/hu\/product\/hooded-bathrobe-380gr-100-cotton-purple\/\",\"url\":\"https:\/\/origon-eu.com\/hu\/product\/hooded-bathrobe-380gr-100-cotton-purple\/\",\"name\":\"Luxusos 380g Kapucnis f\u00fcrd\u0151k\u00f6peny, 100% Pamut \u2013 Lila - Origon EU\",\"isPartOf\":{\"@id\":\"https:\/\/origon-eu.com\/#website\"},\"primaryImageOfPage\":{\"@id\":\"https:\/\/origon-eu.com\/hu\/product\/hooded-bathrobe-380gr-100-cotton-purple\/#primaryimage\"},\"image\":{\"@id\":\"https:\/\/origon-eu.com\/hu\/product\/hooded-bathrobe-380gr-100-cotton-purple\/#primaryimage\"},\"thumbnailUrl\":\"https:\/\/origon-eu.com\/wp-content\/uploads\/2025\/03\/halat-za-bana-s-kaculka-380gr-100-pamuk-lila-image_670cf2a9c5ffd_1920x1920.webp\",\"datePublished\":\"2025-03-21T14:40:22+00:00\",\"dateModified\":\"2025-03-25T13:40:44+00:00\",\"breadcrumb\":{\"@id\":\"https:\/\/origon-eu.com\/hu\/product\/hooded-bathrobe-380gr-100-cotton-purple\/#breadcrumb\"},\"inLanguage\":\"hu\",\"potentialAction\":[{\"@type\":\"ReadAction\",\"target\":[\"https:\/\/origon-eu.com\/hu\/product\/hooded-bathrobe-380gr-100-cotton-purple\/\"]}]},{\"@type\":\"ImageObject\",\"inLanguage\":\"hu\",\"@id\":\"https:\/\/origon-eu.com\/hu\/product\/hooded-bathrobe-380gr-100-cotton-purple\/#primaryimage\",\"url\":\"https:\/\/origon-eu.com\/wp-content\/uploads\/2025\/03\/halat-za-bana-s-kaculka-380gr-100-pamuk-lila-image_670cf2a9c5ffd_1920x1920.webp\",\"contentUrl\":\"https:\/\/origon-eu.com\/wp-content\/uploads\/2025\/03\/halat-za-bana-s-kaculka-380gr-100-pamuk-lila-image_670cf2a9c5ffd_1920x1920.webp\",\"width\":1280,\"height\":1920},{\"@type\":\"BreadcrumbList\",\"@id\":\"https:\/\/origon-eu.com\/hu\/product\/hooded-bathrobe-380gr-100-cotton-purple\/#breadcrumb\",\"itemListElement\":[{\"@type\":\"ListItem\",\"position\":1,\"name\":\"Home\",\"item\":\"https:\/\/origon-eu.com\/\"},{\"@type\":\"ListItem\",\"position\":2,\"name\":\"\u00dczlet\",\"item\":\"https:\/\/origon-eu.com\/hu\/shop-2\/\"},{\"@type\":\"ListItem\",\"position\":3,\"name\":\"Luxusos 380g Kapucnis f\u00fcrd\u0151k\u00f6peny, 100% Pamut \u2013 Lila\"}]},{\"@type\":\"WebSite\",\"@id\":\"https:\/\/origon-eu.com\/#website\",\"url\":\"https:\/\/origon-eu.com\/\",\"name\":\"Origon EU\",\"description\":\"Online Store\",\"publisher\":{\"@id\":\"https:\/\/origon-eu.com\/#organization\"},\"potentialAction\":[{\"@type\":\"SearchAction\",\"target\":{\"@type\":\"EntryPoint\",\"urlTemplate\":\"https:\/\/origon-eu.com\/?s={search_term_string}\"},\"query-input\":{\"@type\":\"PropertyValueSpecification\",\"valueRequired\":true,\"valueName\":\"search_term_string\"}}],\"inLanguage\":\"hu\"},{\"@type\":\"Organization\",\"@id\":\"https:\/\/origon-eu.com\/#organization\",\"name\":\"Origon EU\",\"url\":\"https:\/\/origon-eu.com\/\",\"logo\":{\"@type\":\"ImageObject\",\"inLanguage\":\"hu\",\"@id\":\"https:\/\/origon-eu.com\/#\/schema\/logo\/image\/\",\"url\":\"https:\/\/origon-eu.com\/wp-content\/uploads\/2024\/04\/Screenshot-2024-04-09-101814.png\",\"contentUrl\":\"https:\/\/origon-eu.com\/wp-content\/uploads\/2024\/04\/Screenshot-2024-04-09-101814.png\",\"width\":171,\"height\":59,\"caption\":\"Origon EU\"},\"image\":{\"@id\":\"https:\/\/origon-eu.com\/#\/schema\/logo\/image\/\"}}]}<\/script>\n<!-- \/ Yoast SEO plugin. -->","yoast_head_json":{"title":"Luxusos 380g Kapucnis f\u00fcrd\u0151k\u00f6peny, 100% Pamut \u2013 Lila - Origon EU","robots":{"index":"index","follow":"follow","max-snippet":"max-snippet:-1","max-image-preview":"max-image-preview:large","max-video-preview":"max-video-preview:-1"},"canonical":"https:\/\/origon-eu.com\/hu\/product\/hooded-bathrobe-380gr-100-cotton-purple\/","og_locale":"hu_HU","og_type":"article","og_title":"Luxusos 380g Kapucnis f\u00fcrd\u0151k\u00f6peny, 100% Pamut \u2013 Lila - Origon EU","og_description":"Anyag: 100% pamut, puha \u00e9s l\u00e9legz\u0151 \u00e9rzetet biztos\u00edt  S\u00faly: 380 gramm, k\u00e9nyelmes \u00e9s k\u00f6nny\u0171 \u00e9rz\u00e9st ny\u00fajt  Kialak\u00edt\u00e1s: Kapucnival a tov\u00e1bbi meleg \u00e9s k\u00e9nyelem \u00e9rdek\u00e9ben  Sz\u00edn: \u00c9l\u00e9nk lila \u00e1rnyalat, amely mer\u00e9sz \u00e9s luxus megjelen\u00e9st k\u00f6lcs\u00f6n\u00f6z  Nedvsz\u00edv\u00f3: Ide\u00e1lis a sz\u00e1r\u00edtkoz\u00e1shoz f\u00fcrd\u00e9s vagy zuhanyz\u00e1s ut\u00e1n  K\u00e9nyelmes: Luxus spa \u00e9lm\u00e9ny otthon","og_url":"https:\/\/origon-eu.com\/hu\/product\/hooded-bathrobe-380gr-100-cotton-purple\/","og_site_name":"Origon EU","article_modified_time":"2025-03-25T13:40:44+00:00","og_image":[{"width":1280,"height":1920,"url":"https:\/\/origon-eu.com\/wp-content\/uploads\/2025\/03\/halat-za-bana-s-kaculka-380gr-100-pamuk-lila-image_670cf2a9c5ffd_1920x1920.webp","type":"image\/webp"}],"twitter_card":"summary_large_image","twitter_misc":{"Becs\u00fclt olvas\u00e1si id\u0151":"1 perc"},"schema":{"@context":"https:\/\/schema.org","@graph":[{"@type":"WebPage","@id":"https:\/\/origon-eu.com\/hu\/product\/hooded-bathrobe-380gr-100-cotton-purple\/","url":"https:\/\/origon-eu.com\/hu\/product\/hooded-bathrobe-380gr-100-cotton-purple\/","name":"Luxusos 380g Kapucnis f\u00fcrd\u0151k\u00f6peny, 100% Pamut \u2013 Lila - Origon EU","isPartOf":{"@id":"https:\/\/origon-eu.com\/#website"},"primaryImageOfPage":{"@id":"https:\/\/origon-eu.com\/hu\/product\/hooded-bathrobe-380gr-100-cotton-purple\/#primaryimage"},"image":{"@id":"https:\/\/origon-eu.com\/hu\/product\/hooded-bathrobe-380gr-100-cotton-purple\/#primaryimage"},"thumbnailUrl":"https:\/\/origon-eu.com\/wp-content\/uploads\/2025\/03\/halat-za-bana-s-kaculka-380gr-100-pamuk-lila-image_670cf2a9c5ffd_1920x1920.webp","datePublished":"2025-03-21T14:40:22+00:00","dateModified":"2025-03-25T13:40:44+00:00","breadcrumb":{"@id":"https:\/\/origon-eu.com\/hu\/product\/hooded-bathrobe-380gr-100-cotton-purple\/#breadcrumb"},"inLanguage":"hu","potentialAction":[{"@type":"ReadAction","target":["https:\/\/origon-eu.com\/hu\/product\/hooded-bathrobe-380gr-100-cotton-purple\/"]}]},{"@type":"ImageObject","inLanguage":"hu","@id":"https:\/\/origon-eu.com\/hu\/product\/hooded-bathrobe-380gr-100-cotton-purple\/#primaryimage","url":"https:\/\/origon-eu.com\/wp-content\/uploads\/2025\/03\/halat-za-bana-s-kaculka-380gr-100-pamuk-lila-image_670cf2a9c5ffd_1920x1920.webp","contentUrl":"https:\/\/origon-eu.com\/wp-content\/uploads\/2025\/03\/halat-za-bana-s-kaculka-380gr-100-pamuk-lila-image_670cf2a9c5ffd_1920x1920.webp","width":1280,"height":1920},{"@type":"BreadcrumbList","@id":"https:\/\/origon-eu.com\/hu\/product\/hooded-bathrobe-380gr-100-cotton-purple\/#breadcrumb","itemListElement":[{"@type":"ListItem","position":1,"name":"Home","item":"https:\/\/origon-eu.com\/"},{"@type":"ListItem","position":2,"name":"\u00dczlet","item":"https:\/\/origon-eu.com\/hu\/shop-2\/"},{"@type":"ListItem","position":3,"name":"Luxusos 380g Kapucnis f\u00fcrd\u0151k\u00f6peny, 100% Pamut \u2013 Lila"}]},{"@type":"WebSite","@id":"https:\/\/origon-eu.com\/#website","url":"https:\/\/origon-eu.com\/","name":"Origon EU","description":"Online Store","publisher":{"@id":"https:\/\/origon-eu.com\/#organization"},"potentialAction":[{"@type":"SearchAction","target":{"@type":"EntryPoint","urlTemplate":"https:\/\/origon-eu.com\/?s={search_term_string}"},"query-input":{"@type":"PropertyValueSpecification","valueRequired":true,"valueName":"search_term_string"}}],"inLanguage":"hu"},{"@type":"Organization","@id":"https:\/\/origon-eu.com\/#organization","name":"Origon EU","url":"https:\/\/origon-eu.com\/","logo":{"@type":"ImageObject","inLanguage":"hu","@id":"https:\/\/origon-eu.com\/#\/schema\/logo\/image\/","url":"https:\/\/origon-eu.com\/wp-content\/uploads\/2024\/04\/Screenshot-2024-04-09-101814.png","contentUrl":"https:\/\/origon-eu.com\/wp-content\/uploads\/2024\/04\/Screenshot-2024-04-09-101814.png","width":171,"height":59,"caption":"Origon EU"},"image":{"@id":"https:\/\/origon-eu.com\/#\/schema\/logo\/image\/"}}]}},"tiered_pricing_type":"fixed","tiered_pricing_fixed_rules":[],"tiered_pricing_percentage_rules":[],"tiered_pricing_minimum":1,"tiered_pricing_roles_data":[],"_links":{"self":[{"href":"https:\/\/origon-eu.com\/hu\/wp-json\/wp\/v2\/product\/39162","targetHints":{"allow":["GET"]}}],"collection":[{"href":"https:\/\/origon-eu.com\/hu\/wp-json\/wp\/v2\/product"}],"about":[{"href":"https:\/\/origon-eu.com\/hu\/wp-json\/wp\/v2\/types\/product"}],"version-history":[{"count":2,"href":"https:\/\/origon-eu.com\/hu\/wp-json\/wp\/v2\/product\/39162\/revisions"}],"predecessor-version":[{"id":39864,"href":"https:\/\/origon-eu.com\/hu\/wp-json\/wp\/v2\/product\/39162\/revisions\/39864"}],"wp:featuredmedia":[{"embeddable":true,"href":"https:\/\/origon-eu.com\/hu\/wp-json\/wp\/v2\/media\/38803"}],"wp:attachment":[{"href":"https:\/\/origon-eu.com\/hu\/wp-json\/wp\/v2\/media?parent=39162"}],"wp:term":[{"taxonomy":"product_cat","embeddable":true,"href":"https:\/\/origon-eu.com\/hu\/wp-json\/wp\/v2\/product_cat?post=39162"},{"taxonomy":"product_tag","embeddable":true,"href":"https:\/\/origon-eu.com\/hu\/wp-json\/wp\/v2\/product_tag?post=39162"}],"curies":[{"name":"wp","href":"https:\/\/api.w.org\/{rel}","templated":true}]}}