{"id":39001,"date":"2025-03-21T15:58:05","date_gmt":"2025-03-21T13:58:05","guid":{"rendered":"https:\/\/origon-eu.com\/product\/white-towel-hotel-bathrobe-400gr\/"},"modified":"2025-03-25T15:31:11","modified_gmt":"2025-03-25T13:31:11","slug":"white-towel-hotel-bathrobe-400gr","status":"publish","type":"product","link":"https:\/\/origon-eu.com\/hu\/product\/white-towel-hotel-bathrobe-400gr\/","title":{"rendered":"Pr\u00e9mium feh\u00e9r hotel st\u00edlus\u00fa frott\u00edr f\u00fcrd\u0151k\u00f6peny 400g"},"content":{"rendered":"<p>\u00d6SSZET\u00c9TEL &#8211; 100% PAMUT<\/p>\n<p data-start=\"75\" data-end=\"441\">Magas min\u0151s\u00e9g\u0171, vastag f\u00fcrd\u0151k\u00f6peny kapucni n\u00e9lk\u00fcl, s\u00e1lgall\u00e9rral, 100% pamutb\u00f3l k\u00e9sz\u00fclt. Alkalmas otthoni haszn\u00e1latra, valamint sz\u00e1llod\u00e1kba \u00e9s panzi\u00f3kba. St\u00edlusos kialak\u00edt\u00e1s, t\u00f6k\u00e9letes nedvsz\u00edv\u00f3 k\u00e9pess\u00e9g, k\u00e9nyelmes, puha \u00e9s gyeng\u00e9d tapint\u00e1sra. Kiv\u00e1l\u00f3 min\u0151s\u00e9g\u0171 sz\u00f6vet, amely gyorsan sz\u00e1rad. A nagyobb k\u00e9nyelem \u00e9s praktikum \u00e9rdek\u00e9ben a f\u00fcrd\u0151k\u00f6peny \u00f6vvel is rendelkezik.<\/p>\n<p data-start=\"443\" data-end=\"489\">V\u00e1lassza a legjobbat mag\u00e1nak vagy vend\u00e9geinek.<\/p>\n<p data-start=\"491\" data-end=\"515\">El\u00e9rhet\u0151 XL-es m\u00e9retben.<\/p>\n<p data-start=\"517\" data-end=\"570\">Aj\u00e1nlott v\u00edzh\u0151m\u00e9rs\u00e9klet legfeljebb 40 fokos mos\u00e1shoz!<\/p>\n<p data-start=\"572\" data-end=\"647\">A k\u00e9pek illusztr\u00e1ci\u00f3k, amelyek a term\u00e9kek \u00e1ltal\u00e1nos jellemz\u0151it mutatj\u00e1k be!<\/p>\n","protected":false},"excerpt":{"rendered":"<ul>\n<li data-start=\"0\" data-end=\"35\"><strong>Anyag:<\/strong> Magas min\u0151s\u00e9g\u0171 pamut<\/li>\n<li data-start=\"0\" data-end=\"35\"><strong>S\u00faly:<\/strong> 400 gramm, biztos\u00edtja a h\u0151m\u00e9rs\u00e9klet \u00e9s a k\u00e9nyelem egyens\u00faly\u00e1t<\/li>\n<li data-start=\"0\" data-end=\"35\"><strong>Puha \u00e9s pl\u00fcss:<\/strong> Luxust, k\u00e9nyelmes \u00e9rzetet biztos\u00edt<\/li>\n<li data-start=\"0\" data-end=\"35\"><strong>Nedvsz\u00edv\u00f3:<\/strong> Ide\u00e1lis zuhanyz\u00e1s vagy f\u00fcrd\u00e9s ut\u00e1ni t\u00f6rl\u00e9shez<\/li>\n<li data-start=\"0\" data-end=\"35\"><strong>Eleg\u00e1ns kialak\u00edt\u00e1s:<\/strong> A tiszta feh\u00e9r sz\u00edn kifinomult hat\u00e1st ad<\/li>\n<li data-start=\"0\" data-end=\"35\"><strong>Sz\u00e1llodai st\u00edlus:<\/strong> T\u00f6k\u00e9letes arra, hogy otthon is spa- vagy sz\u00e1llodai \u00e9lm\u00e9nyt teremtsen<\/li>\n<\/ul>\n","protected":false},"featured_media":38745,"template":"","meta":[],"product_cat":[501],"product_tag":[],"class_list":{"0":"post-39001","1":"product","2":"type-product","3":"status-publish","4":"has-post-thumbnail","6":"product_cat-bathrobes-hu","8":"first","9":"outofstock","10":"shipping-taxable","11":"purchasable","12":"product-type-variable"},"yoast_head":"<!-- This site is optimized with the Yoast SEO plugin v24.2 - https:\/\/yoast.com\/wordpress\/plugins\/seo\/ -->\n<title>Pr\u00e9mium feh\u00e9r hotel st\u00edlus\u00fa frott\u00edr f\u00fcrd\u0151k\u00f6peny 400g - Origon EU<\/title>\n<meta name=\"robots\" content=\"index, follow, max-snippet:-1, max-image-preview:large, max-video-preview:-1\" \/>\n<link rel=\"canonical\" href=\"https:\/\/origon-eu.com\/hu\/product\/white-towel-hotel-bathrobe-400gr\/\" \/>\n<meta property=\"og:locale\" content=\"hu_HU\" \/>\n<meta property=\"og:type\" content=\"article\" \/>\n<meta property=\"og:title\" content=\"Pr\u00e9mium feh\u00e9r hotel st\u00edlus\u00fa frott\u00edr f\u00fcrd\u0151k\u00f6peny 400g - Origon EU\" \/>\n<meta property=\"og:description\" content=\"Anyag: Magas min\u0151s\u00e9g\u0171 pamut  S\u00faly: 400 gramm, biztos\u00edtja a h\u0151m\u00e9rs\u00e9klet \u00e9s a k\u00e9nyelem egyens\u00faly\u00e1t  Puha \u00e9s pl\u00fcss: Luxust, k\u00e9nyelmes \u00e9rzetet biztos\u00edt  Nedvsz\u00edv\u00f3: Ide\u00e1lis zuhanyz\u00e1s vagy f\u00fcrd\u00e9s ut\u00e1ni t\u00f6rl\u00e9shez  Eleg\u00e1ns kialak\u00edt\u00e1s: A tiszta feh\u00e9r sz\u00edn kifinomult hat\u00e1st ad  Sz\u00e1llodai st\u00edlus: T\u00f6k\u00e9letes arra, hogy otthon is spa- vagy sz\u00e1llodai \u00e9lm\u00e9nyt teremtsen\" \/>\n<meta property=\"og:url\" content=\"https:\/\/origon-eu.com\/hu\/product\/white-towel-hotel-bathrobe-400gr\/\" \/>\n<meta property=\"og:site_name\" content=\"Origon EU\" \/>\n<meta property=\"article:modified_time\" content=\"2025-03-25T13:31:11+00:00\" \/>\n<meta property=\"og:image\" content=\"https:\/\/origon-eu.com\/wp-content\/uploads\/2025\/03\/bal-havlien-hotelski-halat-400gr-image_670cfa8c60028_1920x1920-1.jpeg\" \/>\n\t<meta property=\"og:image:width\" content=\"1252\" \/>\n\t<meta property=\"og:image:height\" content=\"1920\" \/>\n\t<meta property=\"og:image:type\" content=\"image\/jpeg\" \/>\n<meta name=\"twitter:card\" content=\"summary_large_image\" \/>\n<meta name=\"twitter:label1\" content=\"Becs\u00fclt olvas\u00e1si id\u0151\" \/>\n\t<meta name=\"twitter:data1\" content=\"1 perc\" \/>\n<script type=\"application\/ld+json\" class=\"yoast-schema-graph\">{\"@context\":\"https:\/\/schema.org\",\"@graph\":[{\"@type\":\"WebPage\",\"@id\":\"https:\/\/origon-eu.com\/hu\/product\/white-towel-hotel-bathrobe-400gr\/\",\"url\":\"https:\/\/origon-eu.com\/hu\/product\/white-towel-hotel-bathrobe-400gr\/\",\"name\":\"Pr\u00e9mium feh\u00e9r hotel st\u00edlus\u00fa frott\u00edr f\u00fcrd\u0151k\u00f6peny 400g - Origon EU\",\"isPartOf\":{\"@id\":\"https:\/\/origon-eu.com\/#website\"},\"primaryImageOfPage\":{\"@id\":\"https:\/\/origon-eu.com\/hu\/product\/white-towel-hotel-bathrobe-400gr\/#primaryimage\"},\"image\":{\"@id\":\"https:\/\/origon-eu.com\/hu\/product\/white-towel-hotel-bathrobe-400gr\/#primaryimage\"},\"thumbnailUrl\":\"https:\/\/origon-eu.com\/wp-content\/uploads\/2025\/03\/bal-havlien-hotelski-halat-400gr-image_670cfa8c60028_1920x1920-1.jpeg\",\"datePublished\":\"2025-03-21T13:58:05+00:00\",\"dateModified\":\"2025-03-25T13:31:11+00:00\",\"breadcrumb\":{\"@id\":\"https:\/\/origon-eu.com\/hu\/product\/white-towel-hotel-bathrobe-400gr\/#breadcrumb\"},\"inLanguage\":\"hu\",\"potentialAction\":[{\"@type\":\"ReadAction\",\"target\":[\"https:\/\/origon-eu.com\/hu\/product\/white-towel-hotel-bathrobe-400gr\/\"]}]},{\"@type\":\"ImageObject\",\"inLanguage\":\"hu\",\"@id\":\"https:\/\/origon-eu.com\/hu\/product\/white-towel-hotel-bathrobe-400gr\/#primaryimage\",\"url\":\"https:\/\/origon-eu.com\/wp-content\/uploads\/2025\/03\/bal-havlien-hotelski-halat-400gr-image_670cfa8c60028_1920x1920-1.jpeg\",\"contentUrl\":\"https:\/\/origon-eu.com\/wp-content\/uploads\/2025\/03\/bal-havlien-hotelski-halat-400gr-image_670cfa8c60028_1920x1920-1.jpeg\",\"width\":1252,\"height\":1920},{\"@type\":\"BreadcrumbList\",\"@id\":\"https:\/\/origon-eu.com\/hu\/product\/white-towel-hotel-bathrobe-400gr\/#breadcrumb\",\"itemListElement\":[{\"@type\":\"ListItem\",\"position\":1,\"name\":\"Home\",\"item\":\"https:\/\/origon-eu.com\/\"},{\"@type\":\"ListItem\",\"position\":2,\"name\":\"\u00dczlet\",\"item\":\"https:\/\/origon-eu.com\/hu\/shop-2\/\"},{\"@type\":\"ListItem\",\"position\":3,\"name\":\"Pr\u00e9mium feh\u00e9r hotel st\u00edlus\u00fa frott\u00edr f\u00fcrd\u0151k\u00f6peny 400g\"}]},{\"@type\":\"WebSite\",\"@id\":\"https:\/\/origon-eu.com\/#website\",\"url\":\"https:\/\/origon-eu.com\/\",\"name\":\"Origon EU\",\"description\":\"Online Store\",\"publisher\":{\"@id\":\"https:\/\/origon-eu.com\/#organization\"},\"potentialAction\":[{\"@type\":\"SearchAction\",\"target\":{\"@type\":\"EntryPoint\",\"urlTemplate\":\"https:\/\/origon-eu.com\/?s={search_term_string}\"},\"query-input\":{\"@type\":\"PropertyValueSpecification\",\"valueRequired\":true,\"valueName\":\"search_term_string\"}}],\"inLanguage\":\"hu\"},{\"@type\":\"Organization\",\"@id\":\"https:\/\/origon-eu.com\/#organization\",\"name\":\"Origon EU\",\"url\":\"https:\/\/origon-eu.com\/\",\"logo\":{\"@type\":\"ImageObject\",\"inLanguage\":\"hu\",\"@id\":\"https:\/\/origon-eu.com\/#\/schema\/logo\/image\/\",\"url\":\"https:\/\/origon-eu.com\/wp-content\/uploads\/2024\/04\/Screenshot-2024-04-09-101814.png\",\"contentUrl\":\"https:\/\/origon-eu.com\/wp-content\/uploads\/2024\/04\/Screenshot-2024-04-09-101814.png\",\"width\":171,\"height\":59,\"caption\":\"Origon EU\"},\"image\":{\"@id\":\"https:\/\/origon-eu.com\/#\/schema\/logo\/image\/\"}}]}<\/script>\n<!-- \/ Yoast SEO plugin. -->","yoast_head_json":{"title":"Pr\u00e9mium feh\u00e9r hotel st\u00edlus\u00fa frott\u00edr f\u00fcrd\u0151k\u00f6peny 400g - Origon EU","robots":{"index":"index","follow":"follow","max-snippet":"max-snippet:-1","max-image-preview":"max-image-preview:large","max-video-preview":"max-video-preview:-1"},"canonical":"https:\/\/origon-eu.com\/hu\/product\/white-towel-hotel-bathrobe-400gr\/","og_locale":"hu_HU","og_type":"article","og_title":"Pr\u00e9mium feh\u00e9r hotel st\u00edlus\u00fa frott\u00edr f\u00fcrd\u0151k\u00f6peny 400g - Origon EU","og_description":"Anyag: Magas min\u0151s\u00e9g\u0171 pamut  S\u00faly: 400 gramm, biztos\u00edtja a h\u0151m\u00e9rs\u00e9klet \u00e9s a k\u00e9nyelem egyens\u00faly\u00e1t  Puha \u00e9s pl\u00fcss: Luxust, k\u00e9nyelmes \u00e9rzetet biztos\u00edt  Nedvsz\u00edv\u00f3: Ide\u00e1lis zuhanyz\u00e1s vagy f\u00fcrd\u00e9s ut\u00e1ni t\u00f6rl\u00e9shez  Eleg\u00e1ns kialak\u00edt\u00e1s: A tiszta feh\u00e9r sz\u00edn kifinomult hat\u00e1st ad  Sz\u00e1llodai st\u00edlus: T\u00f6k\u00e9letes arra, hogy otthon is spa- vagy sz\u00e1llodai \u00e9lm\u00e9nyt teremtsen","og_url":"https:\/\/origon-eu.com\/hu\/product\/white-towel-hotel-bathrobe-400gr\/","og_site_name":"Origon EU","article_modified_time":"2025-03-25T13:31:11+00:00","og_image":[{"width":1252,"height":1920,"url":"https:\/\/origon-eu.com\/wp-content\/uploads\/2025\/03\/bal-havlien-hotelski-halat-400gr-image_670cfa8c60028_1920x1920-1.jpeg","type":"image\/jpeg"}],"twitter_card":"summary_large_image","twitter_misc":{"Becs\u00fclt olvas\u00e1si id\u0151":"1 perc"},"schema":{"@context":"https:\/\/schema.org","@graph":[{"@type":"WebPage","@id":"https:\/\/origon-eu.com\/hu\/product\/white-towel-hotel-bathrobe-400gr\/","url":"https:\/\/origon-eu.com\/hu\/product\/white-towel-hotel-bathrobe-400gr\/","name":"Pr\u00e9mium feh\u00e9r hotel st\u00edlus\u00fa frott\u00edr f\u00fcrd\u0151k\u00f6peny 400g - Origon EU","isPartOf":{"@id":"https:\/\/origon-eu.com\/#website"},"primaryImageOfPage":{"@id":"https:\/\/origon-eu.com\/hu\/product\/white-towel-hotel-bathrobe-400gr\/#primaryimage"},"image":{"@id":"https:\/\/origon-eu.com\/hu\/product\/white-towel-hotel-bathrobe-400gr\/#primaryimage"},"thumbnailUrl":"https:\/\/origon-eu.com\/wp-content\/uploads\/2025\/03\/bal-havlien-hotelski-halat-400gr-image_670cfa8c60028_1920x1920-1.jpeg","datePublished":"2025-03-21T13:58:05+00:00","dateModified":"2025-03-25T13:31:11+00:00","breadcrumb":{"@id":"https:\/\/origon-eu.com\/hu\/product\/white-towel-hotel-bathrobe-400gr\/#breadcrumb"},"inLanguage":"hu","potentialAction":[{"@type":"ReadAction","target":["https:\/\/origon-eu.com\/hu\/product\/white-towel-hotel-bathrobe-400gr\/"]}]},{"@type":"ImageObject","inLanguage":"hu","@id":"https:\/\/origon-eu.com\/hu\/product\/white-towel-hotel-bathrobe-400gr\/#primaryimage","url":"https:\/\/origon-eu.com\/wp-content\/uploads\/2025\/03\/bal-havlien-hotelski-halat-400gr-image_670cfa8c60028_1920x1920-1.jpeg","contentUrl":"https:\/\/origon-eu.com\/wp-content\/uploads\/2025\/03\/bal-havlien-hotelski-halat-400gr-image_670cfa8c60028_1920x1920-1.jpeg","width":1252,"height":1920},{"@type":"BreadcrumbList","@id":"https:\/\/origon-eu.com\/hu\/product\/white-towel-hotel-bathrobe-400gr\/#breadcrumb","itemListElement":[{"@type":"ListItem","position":1,"name":"Home","item":"https:\/\/origon-eu.com\/"},{"@type":"ListItem","position":2,"name":"\u00dczlet","item":"https:\/\/origon-eu.com\/hu\/shop-2\/"},{"@type":"ListItem","position":3,"name":"Pr\u00e9mium feh\u00e9r hotel st\u00edlus\u00fa frott\u00edr f\u00fcrd\u0151k\u00f6peny 400g"}]},{"@type":"WebSite","@id":"https:\/\/origon-eu.com\/#website","url":"https:\/\/origon-eu.com\/","name":"Origon EU","description":"Online Store","publisher":{"@id":"https:\/\/origon-eu.com\/#organization"},"potentialAction":[{"@type":"SearchAction","target":{"@type":"EntryPoint","urlTemplate":"https:\/\/origon-eu.com\/?s={search_term_string}"},"query-input":{"@type":"PropertyValueSpecification","valueRequired":true,"valueName":"search_term_string"}}],"inLanguage":"hu"},{"@type":"Organization","@id":"https:\/\/origon-eu.com\/#organization","name":"Origon EU","url":"https:\/\/origon-eu.com\/","logo":{"@type":"ImageObject","inLanguage":"hu","@id":"https:\/\/origon-eu.com\/#\/schema\/logo\/image\/","url":"https:\/\/origon-eu.com\/wp-content\/uploads\/2024\/04\/Screenshot-2024-04-09-101814.png","contentUrl":"https:\/\/origon-eu.com\/wp-content\/uploads\/2024\/04\/Screenshot-2024-04-09-101814.png","width":171,"height":59,"caption":"Origon EU"},"image":{"@id":"https:\/\/origon-eu.com\/#\/schema\/logo\/image\/"}}]}},"tiered_pricing_type":"fixed","tiered_pricing_fixed_rules":[],"tiered_pricing_percentage_rules":[],"tiered_pricing_minimum":1,"tiered_pricing_roles_data":[],"_links":{"self":[{"href":"https:\/\/origon-eu.com\/hu\/wp-json\/wp\/v2\/product\/39001","targetHints":{"allow":["GET"]}}],"collection":[{"href":"https:\/\/origon-eu.com\/hu\/wp-json\/wp\/v2\/product"}],"about":[{"href":"https:\/\/origon-eu.com\/hu\/wp-json\/wp\/v2\/types\/product"}],"version-history":[{"count":2,"href":"https:\/\/origon-eu.com\/hu\/wp-json\/wp\/v2\/product\/39001\/revisions"}],"predecessor-version":[{"id":39828,"href":"https:\/\/origon-eu.com\/hu\/wp-json\/wp\/v2\/product\/39001\/revisions\/39828"}],"wp:featuredmedia":[{"embeddable":true,"href":"https:\/\/origon-eu.com\/hu\/wp-json\/wp\/v2\/media\/38745"}],"wp:attachment":[{"href":"https:\/\/origon-eu.com\/hu\/wp-json\/wp\/v2\/media?parent=39001"}],"wp:term":[{"taxonomy":"product_cat","embeddable":true,"href":"https:\/\/origon-eu.com\/hu\/wp-json\/wp\/v2\/product_cat?post=39001"},{"taxonomy":"product_tag","embeddable":true,"href":"https:\/\/origon-eu.com\/hu\/wp-json\/wp\/v2\/product_tag?post=39001"}],"curies":[{"name":"wp","href":"https:\/\/api.w.org\/{rel}","templated":true}]}}