{"id":35662,"date":"2025-02-28T11:20:41","date_gmt":"2025-02-28T09:20:41","guid":{"rendered":"https:\/\/origon-eu.com\/product\/shiatsu-foot-massager\/"},"modified":"2025-02-28T15:48:37","modified_gmt":"2025-02-28T13:48:37","slug":"shiatsu-foot-massager","status":"publish","type":"product","link":"https:\/\/origon-eu.com\/hu\/product\/shiatsu-foot-massager\/","title":{"rendered":"Shiatsu l\u00e1bmassz\u00edroz\u00f3"},"content":{"rendered":"<p>Enyh\u00edtse a f\u00e1radt izmokat \u00e9s engedje \u00e1t mag\u00e1t a laz\u00edt\u00e1snak a f\u0171t\u0151 funkci\u00f3val rendelkez\u0151 Shiatsu Foot Massagerrel. Ez a hordozhat\u00f3 massz\u00edroz\u00f3g\u00e9p h\u00e1rom massz\u00e1zsbe\u00e1ll\u00edt\u00e1st k\u00edn\u00e1l, hogy megfeleljen az \u00d6n preferenci\u00e1inak, valamint szab\u00e1lyozott h\u0151funkci\u00f3val a tov\u00e1bbi megnyugtat\u00f3 hat\u00e1s \u00e9rdek\u00e9ben.<\/p>\n<p><strong>A Shiatsu Foot Massager el\u0151nyei:<\/strong><\/p>\n<ul>\n<li>Jav\u00edtja a kering\u00e9st<\/li>\n<li>Stimul\u00e1lja az izmokat<\/li>\n<li>Cs\u00f6kkenti a fesz\u00fclts\u00e9get \u00e9s a f\u00e1jdalmat<\/li>\n<li>Enyh\u00edti a stresszt<\/li>\n<li>Enyh\u00edti a fejf\u00e1j\u00e1st \u00e9s a migr\u00e9nt<\/li>\n<li>Seg\u00edt a v\u00e9rnyom\u00e1s cs\u00f6kkent\u00e9s\u00e9ben<\/li>\n<li>Cs\u00f6kkenti a s\u00e9r\u00fcl\u00e9sek fel\u00e9p\u00fcl\u00e9si idej\u00e9t<\/li>\n<li>Cs\u00f6kkenti a szorong\u00e1st<\/li>\n<li>Jav\u00edtja az alv\u00e1s min\u0151s\u00e9g\u00e9t<\/li>\n<\/ul>\n<p><a href=\"https:\/\/origon-eu.com\/wp-content\/uploads\/2025\/02\/ISM001productimage.webp\"><img fetchpriority=\"high\" decoding=\"async\" class=\"alignnone wp-image-35348 size-full\" src=\"https:\/\/origon-eu.com\/wp-content\/uploads\/2025\/02\/ISM001productimage.webp\" alt=\"\" width=\"500\" height=\"500\" srcset=\"https:\/\/origon-eu.com\/wp-content\/uploads\/2025\/02\/ISM001productimage.webp 500w, https:\/\/origon-eu.com\/wp-content\/uploads\/2025\/02\/ISM001productimage-300x300.webp 300w, https:\/\/origon-eu.com\/wp-content\/uploads\/2025\/02\/ISM001productimage-150x150.webp 150w\" sizes=\"(max-width: 500px) 100vw, 500px\" \/><\/a><\/p>\n<p><strong>Shiatsu l\u00e1bmassz\u00edroz\u00f3 jellemz\u0151i:<\/strong><\/p>\n<ul>\n<li>Toj\u00e1s alak\u00fa kialak\u00edt\u00e1s az ergonomikus k\u00e9nyelem \u00e9rdek\u00e9ben<\/li>\n<li>K\u00f6nny\u0171 \u00e9s hordozhat\u00f3<\/li>\n<li>H\u00e1rom massz\u00edroz\u00f3 az \u00e1tfog\u00f3 talpmassz\u00e1zshoz<\/li>\n<li>Levehet\u0151 \u00e9s moshat\u00f3 huzatok a higi\u00e9nia \u00e9rdek\u00e9ben<\/li>\n<\/ul>\n<p><strong>M\u0171szaki adatok:<\/strong><\/p>\n<ul>\n<li>\u00d6t f\u00fcggetlen gomb a vez\u00e9rl\u0151pulton<\/li>\n<li>K\u00f6zponti massz\u00edroz\u00f3p\u00e1rna akupressz\u00far\u00e1hoz az \u00edveken<\/li>\n<li>Els\u0151 massz\u00edroz\u00f3p\u00e1rna dagaszt\u00f3hengerrel az els\u0151 talpakhoz<\/li>\n<li>H\u00e1ts\u00f3 massz\u00edroz\u00f3bet\u00e9t nyom\u00f3gy\u00far\u00e1ssal a sarkokhoz<\/li>\n<li>Bels\u0151 l\u00e9gzs\u00e1k a l\u00e1bfejek l\u00e9gnyom\u00e1s\u00e1ra<\/li>\n<li>Cipz\u00e1rral elt\u00e1vol\u00edthat\u00f3 anyag az egyszer\u0171 tiszt\u00edt\u00e1s \u00e9rdek\u00e9ben<\/li>\n<li>K\u00e1belt\u00e1rol\u00f3 a rendezett rendszerez\u00e9s\u00e9rt<\/li>\n<\/ul>\n<p><strong>Pr\u00f3b\u00e1lja ki a Shiatsu l\u00e1bmassz\u00edroz\u00f3t az \u00e9l\u00e9nk\u00edt\u0151 \u00e9s pihentet\u0151 \u00e9lm\u00e9ny\u00e9rt!<\/strong><\/p>\n<p><a href=\"https:\/\/origon-eu.com\/wp-content\/uploads\/2025\/02\/2_ba9be07b-cfe5-4341-87ac-866153800ce8.webp\"><img decoding=\"async\" class=\"alignnone size-full wp-image-35338\" src=\"https:\/\/origon-eu.com\/wp-content\/uploads\/2025\/02\/2_ba9be07b-cfe5-4341-87ac-866153800ce8.webp\" alt=\"\" width=\"713\" height=\"713\" srcset=\"https:\/\/origon-eu.com\/wp-content\/uploads\/2025\/02\/2_ba9be07b-cfe5-4341-87ac-866153800ce8.webp 713w, https:\/\/origon-eu.com\/wp-content\/uploads\/2025\/02\/2_ba9be07b-cfe5-4341-87ac-866153800ce8-300x300.webp 300w, https:\/\/origon-eu.com\/wp-content\/uploads\/2025\/02\/2_ba9be07b-cfe5-4341-87ac-866153800ce8-150x150.webp 150w, https:\/\/origon-eu.com\/wp-content\/uploads\/2025\/02\/2_ba9be07b-cfe5-4341-87ac-866153800ce8-600x600.webp 600w\" sizes=\"(max-width: 713px) 100vw, 713px\" \/><\/a> <a href=\"https:\/\/origon-eu.com\/wp-content\/uploads\/2025\/02\/4_f13bb2f4-084c-4e30-a75c-61f9d0e0dfbc.webp\"><img decoding=\"async\" class=\"alignnone size-full wp-image-35358\" src=\"https:\/\/origon-eu.com\/wp-content\/uploads\/2025\/02\/4_f13bb2f4-084c-4e30-a75c-61f9d0e0dfbc.webp\" alt=\"\" width=\"713\" height=\"713\" srcset=\"https:\/\/origon-eu.com\/wp-content\/uploads\/2025\/02\/4_f13bb2f4-084c-4e30-a75c-61f9d0e0dfbc.webp 713w, https:\/\/origon-eu.com\/wp-content\/uploads\/2025\/02\/4_f13bb2f4-084c-4e30-a75c-61f9d0e0dfbc-300x300.webp 300w, https:\/\/origon-eu.com\/wp-content\/uploads\/2025\/02\/4_f13bb2f4-084c-4e30-a75c-61f9d0e0dfbc-150x150.webp 150w, https:\/\/origon-eu.com\/wp-content\/uploads\/2025\/02\/4_f13bb2f4-084c-4e30-a75c-61f9d0e0dfbc-600x600.webp 600w\" sizes=\"(max-width: 713px) 100vw, 713px\" \/><\/a><\/p>\n","protected":false},"excerpt":{"rendered":"<ul>\n<li>Toj\u00e1s alak\u00fa kialak\u00edt\u00e1s az ergonomikus k\u00e9nyelem \u00e9rdek\u00e9ben<\/li>\n<li>K\u00f6nny\u0171 \u00e9s hordozhat\u00f3<\/li>\n<li>H\u00e1rom massz\u00edroz\u00f3 az \u00e1tfog\u00f3 talpmassz\u00e1zshoz<\/li>\n<li>Levehet\u0151 \u00e9s moshat\u00f3 huzatok a higi\u00e9nia \u00e9rdek\u00e9ben<\/li>\n<\/ul>\n","protected":false},"featured_media":35353,"template":"","meta":[],"product_cat":[265],"product_tag":[],"class_list":{"0":"post-35662","1":"product","2":"type-product","3":"status-publish","4":"has-post-thumbnail","6":"product_cat-szepseg-es-testapolas","8":"first","9":"instock","10":"sale","11":"shipping-taxable","12":"purchasable","13":"product-type-simple"},"yoast_head":"<!-- This site is optimized with the Yoast SEO plugin v24.2 - https:\/\/yoast.com\/wordpress\/plugins\/seo\/ -->\n<title>Shiatsu l\u00e1bmassz\u00edroz\u00f3 - Origon EU<\/title>\n<meta name=\"robots\" content=\"index, follow, max-snippet:-1, max-image-preview:large, max-video-preview:-1\" \/>\n<link rel=\"canonical\" href=\"https:\/\/origon-eu.com\/hu\/product\/shiatsu-foot-massager\/\" \/>\n<meta property=\"og:locale\" content=\"hu_HU\" \/>\n<meta property=\"og:type\" content=\"article\" \/>\n<meta property=\"og:title\" content=\"Shiatsu l\u00e1bmassz\u00edroz\u00f3 - Origon EU\" \/>\n<meta property=\"og:description\" content=\"Toj\u00e1s alak\u00fa kialak\u00edt\u00e1s az ergonomikus k\u00e9nyelem \u00e9rdek\u00e9ben  K\u00f6nny\u0171 \u00e9s hordozhat\u00f3  H\u00e1rom massz\u00edroz\u00f3 az \u00e1tfog\u00f3 talpmassz\u00e1zshoz  Levehet\u0151 \u00e9s moshat\u00f3 huzatok a higi\u00e9nia \u00e9rdek\u00e9ben\" \/>\n<meta property=\"og:url\" content=\"https:\/\/origon-eu.com\/hu\/product\/shiatsu-foot-massager\/\" \/>\n<meta property=\"og:site_name\" content=\"Origon EU\" \/>\n<meta property=\"article:modified_time\" content=\"2025-02-28T13:48:37+00:00\" \/>\n<meta property=\"og:image\" content=\"https:\/\/origon-eu.com\/wp-content\/uploads\/2025\/02\/ISM001productimage.webp\" \/>\n\t<meta property=\"og:image:width\" content=\"500\" \/>\n\t<meta property=\"og:image:height\" content=\"500\" \/>\n\t<meta property=\"og:image:type\" content=\"image\/webp\" \/>\n<meta name=\"twitter:card\" content=\"summary_large_image\" \/>\n<meta name=\"twitter:label1\" content=\"Becs\u00fclt olvas\u00e1si id\u0151\" \/>\n\t<meta name=\"twitter:data1\" content=\"2 perc\" \/>\n<script type=\"application\/ld+json\" class=\"yoast-schema-graph\">{\"@context\":\"https:\/\/schema.org\",\"@graph\":[{\"@type\":\"WebPage\",\"@id\":\"https:\/\/origon-eu.com\/hu\/product\/shiatsu-foot-massager\/\",\"url\":\"https:\/\/origon-eu.com\/hu\/product\/shiatsu-foot-massager\/\",\"name\":\"Shiatsu l\u00e1bmassz\u00edroz\u00f3 - Origon EU\",\"isPartOf\":{\"@id\":\"https:\/\/origon-eu.com\/#website\"},\"primaryImageOfPage\":{\"@id\":\"https:\/\/origon-eu.com\/hu\/product\/shiatsu-foot-massager\/#primaryimage\"},\"image\":{\"@id\":\"https:\/\/origon-eu.com\/hu\/product\/shiatsu-foot-massager\/#primaryimage\"},\"thumbnailUrl\":\"https:\/\/origon-eu.com\/wp-content\/uploads\/2025\/02\/ISM001productimage.webp\",\"datePublished\":\"2025-02-28T09:20:41+00:00\",\"dateModified\":\"2025-02-28T13:48:37+00:00\",\"breadcrumb\":{\"@id\":\"https:\/\/origon-eu.com\/hu\/product\/shiatsu-foot-massager\/#breadcrumb\"},\"inLanguage\":\"hu\",\"potentialAction\":[{\"@type\":\"ReadAction\",\"target\":[\"https:\/\/origon-eu.com\/hu\/product\/shiatsu-foot-massager\/\"]}]},{\"@type\":\"ImageObject\",\"inLanguage\":\"hu\",\"@id\":\"https:\/\/origon-eu.com\/hu\/product\/shiatsu-foot-massager\/#primaryimage\",\"url\":\"https:\/\/origon-eu.com\/wp-content\/uploads\/2025\/02\/ISM001productimage.webp\",\"contentUrl\":\"https:\/\/origon-eu.com\/wp-content\/uploads\/2025\/02\/ISM001productimage.webp\",\"width\":500,\"height\":500},{\"@type\":\"BreadcrumbList\",\"@id\":\"https:\/\/origon-eu.com\/hu\/product\/shiatsu-foot-massager\/#breadcrumb\",\"itemListElement\":[{\"@type\":\"ListItem\",\"position\":1,\"name\":\"Home\",\"item\":\"https:\/\/origon-eu.com\/\"},{\"@type\":\"ListItem\",\"position\":2,\"name\":\"\u00dczlet\",\"item\":\"https:\/\/origon-eu.com\/hu\/shop-2\/\"},{\"@type\":\"ListItem\",\"position\":3,\"name\":\"Shiatsu l\u00e1bmassz\u00edroz\u00f3\"}]},{\"@type\":\"WebSite\",\"@id\":\"https:\/\/origon-eu.com\/#website\",\"url\":\"https:\/\/origon-eu.com\/\",\"name\":\"Origon EU\",\"description\":\"Online Store\",\"publisher\":{\"@id\":\"https:\/\/origon-eu.com\/#organization\"},\"potentialAction\":[{\"@type\":\"SearchAction\",\"target\":{\"@type\":\"EntryPoint\",\"urlTemplate\":\"https:\/\/origon-eu.com\/?s={search_term_string}\"},\"query-input\":{\"@type\":\"PropertyValueSpecification\",\"valueRequired\":true,\"valueName\":\"search_term_string\"}}],\"inLanguage\":\"hu\"},{\"@type\":\"Organization\",\"@id\":\"https:\/\/origon-eu.com\/#organization\",\"name\":\"Origon EU\",\"url\":\"https:\/\/origon-eu.com\/\",\"logo\":{\"@type\":\"ImageObject\",\"inLanguage\":\"hu\",\"@id\":\"https:\/\/origon-eu.com\/#\/schema\/logo\/image\/\",\"url\":\"https:\/\/origon-eu.com\/wp-content\/uploads\/2024\/04\/Screenshot-2024-04-09-101814.png\",\"contentUrl\":\"https:\/\/origon-eu.com\/wp-content\/uploads\/2024\/04\/Screenshot-2024-04-09-101814.png\",\"width\":171,\"height\":59,\"caption\":\"Origon EU\"},\"image\":{\"@id\":\"https:\/\/origon-eu.com\/#\/schema\/logo\/image\/\"}}]}<\/script>\n<!-- \/ Yoast SEO plugin. -->","yoast_head_json":{"title":"Shiatsu l\u00e1bmassz\u00edroz\u00f3 - Origon EU","robots":{"index":"index","follow":"follow","max-snippet":"max-snippet:-1","max-image-preview":"max-image-preview:large","max-video-preview":"max-video-preview:-1"},"canonical":"https:\/\/origon-eu.com\/hu\/product\/shiatsu-foot-massager\/","og_locale":"hu_HU","og_type":"article","og_title":"Shiatsu l\u00e1bmassz\u00edroz\u00f3 - Origon EU","og_description":"Toj\u00e1s alak\u00fa kialak\u00edt\u00e1s az ergonomikus k\u00e9nyelem \u00e9rdek\u00e9ben  K\u00f6nny\u0171 \u00e9s hordozhat\u00f3  H\u00e1rom massz\u00edroz\u00f3 az \u00e1tfog\u00f3 talpmassz\u00e1zshoz  Levehet\u0151 \u00e9s moshat\u00f3 huzatok a higi\u00e9nia \u00e9rdek\u00e9ben","og_url":"https:\/\/origon-eu.com\/hu\/product\/shiatsu-foot-massager\/","og_site_name":"Origon EU","article_modified_time":"2025-02-28T13:48:37+00:00","og_image":[{"width":500,"height":500,"url":"https:\/\/origon-eu.com\/wp-content\/uploads\/2025\/02\/ISM001productimage.webp","type":"image\/webp"}],"twitter_card":"summary_large_image","twitter_misc":{"Becs\u00fclt olvas\u00e1si id\u0151":"2 perc"},"schema":{"@context":"https:\/\/schema.org","@graph":[{"@type":"WebPage","@id":"https:\/\/origon-eu.com\/hu\/product\/shiatsu-foot-massager\/","url":"https:\/\/origon-eu.com\/hu\/product\/shiatsu-foot-massager\/","name":"Shiatsu l\u00e1bmassz\u00edroz\u00f3 - Origon EU","isPartOf":{"@id":"https:\/\/origon-eu.com\/#website"},"primaryImageOfPage":{"@id":"https:\/\/origon-eu.com\/hu\/product\/shiatsu-foot-massager\/#primaryimage"},"image":{"@id":"https:\/\/origon-eu.com\/hu\/product\/shiatsu-foot-massager\/#primaryimage"},"thumbnailUrl":"https:\/\/origon-eu.com\/wp-content\/uploads\/2025\/02\/ISM001productimage.webp","datePublished":"2025-02-28T09:20:41+00:00","dateModified":"2025-02-28T13:48:37+00:00","breadcrumb":{"@id":"https:\/\/origon-eu.com\/hu\/product\/shiatsu-foot-massager\/#breadcrumb"},"inLanguage":"hu","potentialAction":[{"@type":"ReadAction","target":["https:\/\/origon-eu.com\/hu\/product\/shiatsu-foot-massager\/"]}]},{"@type":"ImageObject","inLanguage":"hu","@id":"https:\/\/origon-eu.com\/hu\/product\/shiatsu-foot-massager\/#primaryimage","url":"https:\/\/origon-eu.com\/wp-content\/uploads\/2025\/02\/ISM001productimage.webp","contentUrl":"https:\/\/origon-eu.com\/wp-content\/uploads\/2025\/02\/ISM001productimage.webp","width":500,"height":500},{"@type":"BreadcrumbList","@id":"https:\/\/origon-eu.com\/hu\/product\/shiatsu-foot-massager\/#breadcrumb","itemListElement":[{"@type":"ListItem","position":1,"name":"Home","item":"https:\/\/origon-eu.com\/"},{"@type":"ListItem","position":2,"name":"\u00dczlet","item":"https:\/\/origon-eu.com\/hu\/shop-2\/"},{"@type":"ListItem","position":3,"name":"Shiatsu l\u00e1bmassz\u00edroz\u00f3"}]},{"@type":"WebSite","@id":"https:\/\/origon-eu.com\/#website","url":"https:\/\/origon-eu.com\/","name":"Origon EU","description":"Online Store","publisher":{"@id":"https:\/\/origon-eu.com\/#organization"},"potentialAction":[{"@type":"SearchAction","target":{"@type":"EntryPoint","urlTemplate":"https:\/\/origon-eu.com\/?s={search_term_string}"},"query-input":{"@type":"PropertyValueSpecification","valueRequired":true,"valueName":"search_term_string"}}],"inLanguage":"hu"},{"@type":"Organization","@id":"https:\/\/origon-eu.com\/#organization","name":"Origon EU","url":"https:\/\/origon-eu.com\/","logo":{"@type":"ImageObject","inLanguage":"hu","@id":"https:\/\/origon-eu.com\/#\/schema\/logo\/image\/","url":"https:\/\/origon-eu.com\/wp-content\/uploads\/2024\/04\/Screenshot-2024-04-09-101814.png","contentUrl":"https:\/\/origon-eu.com\/wp-content\/uploads\/2024\/04\/Screenshot-2024-04-09-101814.png","width":171,"height":59,"caption":"Origon EU"},"image":{"@id":"https:\/\/origon-eu.com\/#\/schema\/logo\/image\/"}}]}},"tiered_pricing_type":"fixed","tiered_pricing_fixed_rules":[],"tiered_pricing_percentage_rules":[],"tiered_pricing_minimum":1,"tiered_pricing_roles_data":[],"_links":{"self":[{"href":"https:\/\/origon-eu.com\/hu\/wp-json\/wp\/v2\/product\/35662","targetHints":{"allow":["GET"]}}],"collection":[{"href":"https:\/\/origon-eu.com\/hu\/wp-json\/wp\/v2\/product"}],"about":[{"href":"https:\/\/origon-eu.com\/hu\/wp-json\/wp\/v2\/types\/product"}],"version-history":[{"count":1,"href":"https:\/\/origon-eu.com\/hu\/wp-json\/wp\/v2\/product\/35662\/revisions"}],"predecessor-version":[{"id":35663,"href":"https:\/\/origon-eu.com\/hu\/wp-json\/wp\/v2\/product\/35662\/revisions\/35663"}],"wp:featuredmedia":[{"embeddable":true,"href":"https:\/\/origon-eu.com\/hu\/wp-json\/wp\/v2\/media\/35353"}],"wp:attachment":[{"href":"https:\/\/origon-eu.com\/hu\/wp-json\/wp\/v2\/media?parent=35662"}],"wp:term":[{"taxonomy":"product_cat","embeddable":true,"href":"https:\/\/origon-eu.com\/hu\/wp-json\/wp\/v2\/product_cat?post=35662"},{"taxonomy":"product_tag","embeddable":true,"href":"https:\/\/origon-eu.com\/hu\/wp-json\/wp\/v2\/product_tag?post=35662"}],"curies":[{"name":"wp","href":"https:\/\/api.w.org\/{rel}","templated":true}]}}