{"id":35637,"date":"2025-02-28T11:14:55","date_gmt":"2025-02-28T09:14:55","guid":{"rendered":"https:\/\/origon-eu.com\/product\/lazy-beanbag-sofa\/"},"modified":"2025-03-21T10:56:16","modified_gmt":"2025-03-21T08:56:16","slug":"lazy-beanbag-sofa","status":"publish","type":"product","link":"https:\/\/origon-eu.com\/hu\/product\/lazy-beanbag-sofa\/","title":{"rendered":"Lazy BeanBag Sofa"},"content":{"rendered":"<p>Feln\u0151tt \u00f3ri\u00e1s babt\u00e1ska|Fuf babt\u00e1ska|Legjobb h\u00e1l\u00f3szoba kanap\u00e9|<\/p>\n<p>**P\u00e1ratlan k\u00e9nyelem \u00e9s st\u00edlus**<br \/>\nA Lazy BeanBag Sofas Cover Chair a k\u00e9nyelem \u00e9s a st\u00edlus tan\u00faja, val\u00f3di b\u0151rb\u0151l k\u00e9sz\u00fclt, amely luxus \u00e9rz\u00e9st \u00e9s tart\u00f3ss\u00e1got k\u00edn\u00e1l. Ezt az egy\u00fcl\u00e9ses babzs\u00e1kfotelt \u00fagy tervezt\u00e9k, hogy ergonomikus t\u00e1maszt ny\u00fajtson, \u00edgy kiv\u00e1l\u00f3 v\u00e1laszt\u00e1s azok sz\u00e1m\u00e1ra, akik \u00e9rt\u00e9kelik a k\u00e9nyelmet \u00e9s a st\u00edlust egyar\u00e1nt. A megn\u00f6velt h\u00e1tt\u00e1mla kialak\u00edt\u00e1sa biztos\u00edtja, hogy k\u00e9nyelmesen pihenhessen, ak\u00e1r TV-t n\u00e9z, ak\u00e1r k\u00f6nyvet olvas, vagy egyszer\u0171en csak pihen.<\/p>\n<p>**Sokoldal\u00fa \u00e9s k\u00e9nyelmes**<br \/>\nEz a babzs\u00e1ksz\u00e9k nem csak egy b\u00fator; sokoldal\u00fa kieg\u00e9sz\u00edt\u0151je minden lak\u00f3t\u00e9rnek. K\u00f6nny\u0171 kialak\u00edt\u00e1s\u00e1nak k\u00f6sz\u00f6nhet\u0151en k\u00f6nnyen mozgathat\u00f3, \u00edgy t\u00f6k\u00e9letes h\u00e1l\u00f3termekbe, j\u00e1t\u00e9kszob\u00e1kba vagy ak\u00e1r h\u00e1l\u00f3szob\u00e1ja hangulatos kieg\u00e9sz\u00edt\u0151jek\u00e9nt. A felf\u00fajhat\u00f3 bolyhos kanap\u00e9 k\u00f6nnyen fel\u00e1ll\u00edthat\u00f3, a mell\u00e9kelt pumpa pedig biztos\u00edtja, hogy pillanatok alatt \u00e9lvezhesse \u00faj sz\u00e9k\u00e9t. Kompakt m\u00e9ret\u00e9nek \u00e9s k\u00f6nny\u0171 s\u00faly\u00e1nak k\u00f6sz\u00f6nhet\u0151en k\u00f6nnyen t\u00e1rolhat\u00f3, ha nem haszn\u00e1lja.<\/p>\n<p>**K\u00f6nny\u0171 karbantart\u00e1s \u00e9s jav\u00edt\u00e1s**<br \/>\nA babzs\u00e1k sz\u00e9k tiszt\u00edt\u00e1sa gyerekj\u00e1t\u00e9k a g\u00e9pben moshat\u00f3 kanap\u00e9 funkci\u00f3nak k\u00f6sz\u00f6nhet\u0151en. A pelyhes\u00edt\u0151 anyagot \u00fagy tervezt\u00e9k, hogy ellen\u00e1lljon a foltoknak \u00e9s meg\u0151rizze puhas\u00e1g\u00e1t, \u00edgy biztos\u00edtva, hogy sz\u00e9ke m\u00e9g \u00e9vekig is kellemes kikapcsol\u00f3d\u00e1st ny\u00fajtson. Ritka defekt eset\u00e9n a sz\u00e9khez ragaszt\u00f3t is tartalmaz\u00f3 jav\u00edt\u00f3k\u00e9szlet tartozik, amely biztos\u00edtja, hogy a sz\u00e9k a legjobb \u00e1llapotban maradjon. Ne felejtse el m\u00e9rs\u00e9kelt g\u00e1zszintet tartani, hogy elker\u00fclje a sz\u00e9treped\u00e9st, \u00e9s \u00e9lvezze ennek a kiv\u00e1l\u00f3 min\u0151s\u00e9g\u0171 felf\u00fajhat\u00f3 \u00e1gynak a k\u00e9nyelm\u00e9t.<\/p>\n<p><a href=\"https:\/\/origon-eu.com\/wp-content\/uploads\/2025\/02\/S491fbbfe575a4089996aabca8ea58c48i.webp\"><img fetchpriority=\"high\" decoding=\"async\" class=\"alignnone size-full wp-image-35262\" src=\"https:\/\/origon-eu.com\/wp-content\/uploads\/2025\/02\/S491fbbfe575a4089996aabca8ea58c48i.webp\" alt=\"\" width=\"800\" height=\"563\" srcset=\"https:\/\/origon-eu.com\/wp-content\/uploads\/2025\/02\/S491fbbfe575a4089996aabca8ea58c48i.webp 800w, https:\/\/origon-eu.com\/wp-content\/uploads\/2025\/02\/S491fbbfe575a4089996aabca8ea58c48i-300x211.webp 300w, https:\/\/origon-eu.com\/wp-content\/uploads\/2025\/02\/S491fbbfe575a4089996aabca8ea58c48i-768x540.webp 768w, https:\/\/origon-eu.com\/wp-content\/uploads\/2025\/02\/S491fbbfe575a4089996aabca8ea58c48i-600x422.webp 600w, https:\/\/origon-eu.com\/wp-content\/uploads\/2025\/02\/S491fbbfe575a4089996aabca8ea58c48i-150x106.webp 150w\" sizes=\"(max-width: 800px) 100vw, 800px\" \/><\/a><\/p>\n<p>Anyaga: val\u00f3di b\u0151r<br \/>\nA sz\u00e1mhoz: Egyetlen<br \/>\nKialak\u00edt\u00e1s \u00e9s st\u00edlus: Felf\u00fajhat\u00f3 bolyhos kanap\u00e9 megn\u00f6velt h\u00e1tt\u00e1ml\u00e1val<br \/>\nHaszn\u00e1lat \u00e9s c\u00e9l: Ide\u00e1lis \u00fcl\u00e9shez, szieszt\u00e1hoz \u00e9s pihen\u00e9shez<br \/>\nForma vagy m\u00e9ret vagy s\u00faly vagy mennyis\u00e9g: 116 * 98 * 83 cm, 2 kg<br \/>\nTeljes\u00edtm\u00e9ny \u00e9s tulajdons\u00e1g: Ergonomikus kialak\u00edt\u00e1s a k\u00e9nyelem \u00e9s a t\u00e1mogat\u00e1s \u00e9rdek\u00e9ben<\/p>\n<p><a href=\"https:\/\/origon-eu.com\/wp-content\/uploads\/2025\/02\/Sb36a731dd2114e32993547b4d8881b1aR.jpg_960x960q75.jpg_.webp\"><img decoding=\"async\" class=\"alignnone size-full wp-image-35553\" src=\"https:\/\/origon-eu.com\/wp-content\/uploads\/2025\/02\/Sb36a731dd2114e32993547b4d8881b1aR.jpg_960x960q75.jpg_.webp\" alt=\"\" width=\"800\" height=\"800\" srcset=\"https:\/\/origon-eu.com\/wp-content\/uploads\/2025\/02\/Sb36a731dd2114e32993547b4d8881b1aR.jpg_960x960q75.jpg_.webp 800w, https:\/\/origon-eu.com\/wp-content\/uploads\/2025\/02\/Sb36a731dd2114e32993547b4d8881b1aR.jpg_960x960q75.jpg_-300x300.webp 300w, https:\/\/origon-eu.com\/wp-content\/uploads\/2025\/02\/Sb36a731dd2114e32993547b4d8881b1aR.jpg_960x960q75.jpg_-150x150.webp 150w, https:\/\/origon-eu.com\/wp-content\/uploads\/2025\/02\/Sb36a731dd2114e32993547b4d8881b1aR.jpg_960x960q75.jpg_-768x768.webp 768w, https:\/\/origon-eu.com\/wp-content\/uploads\/2025\/02\/Sb36a731dd2114e32993547b4d8881b1aR.jpg_960x960q75.jpg_-600x600.webp 600w\" sizes=\"(max-width: 800px) 100vw, 800px\" \/><\/a> <a href=\"https:\/\/origon-eu.com\/wp-content\/uploads\/2025\/02\/S2dd937b3583b4e349e97f2a084ece0adH.webp\"><img decoding=\"async\" class=\"alignnone size-full wp-image-35573\" src=\"https:\/\/origon-eu.com\/wp-content\/uploads\/2025\/02\/S2dd937b3583b4e349e97f2a084ece0adH.webp\" alt=\"\" width=\"800\" height=\"533\" srcset=\"https:\/\/origon-eu.com\/wp-content\/uploads\/2025\/02\/S2dd937b3583b4e349e97f2a084ece0adH.webp 800w, https:\/\/origon-eu.com\/wp-content\/uploads\/2025\/02\/S2dd937b3583b4e349e97f2a084ece0adH-300x200.webp 300w, https:\/\/origon-eu.com\/wp-content\/uploads\/2025\/02\/S2dd937b3583b4e349e97f2a084ece0adH-768x512.webp 768w, https:\/\/origon-eu.com\/wp-content\/uploads\/2025\/02\/S2dd937b3583b4e349e97f2a084ece0adH-600x400.webp 600w, https:\/\/origon-eu.com\/wp-content\/uploads\/2025\/02\/S2dd937b3583b4e349e97f2a084ece0adH-150x100.webp 150w\" sizes=\"(max-width: 800px) 100vw, 800px\" \/><\/a> <a href=\"https:\/\/origon-eu.com\/wp-content\/uploads\/2025\/02\/Sf6507ad7090f4c5ca3417ab39b9fa577v.webp\"><img loading=\"lazy\" decoding=\"async\" class=\"alignnone size-full wp-image-35583\" src=\"https:\/\/origon-eu.com\/wp-content\/uploads\/2025\/02\/Sf6507ad7090f4c5ca3417ab39b9fa577v.webp\" alt=\"\" width=\"800\" height=\"785\" srcset=\"https:\/\/origon-eu.com\/wp-content\/uploads\/2025\/02\/Sf6507ad7090f4c5ca3417ab39b9fa577v.webp 800w, https:\/\/origon-eu.com\/wp-content\/uploads\/2025\/02\/Sf6507ad7090f4c5ca3417ab39b9fa577v-300x294.webp 300w, https:\/\/origon-eu.com\/wp-content\/uploads\/2025\/02\/Sf6507ad7090f4c5ca3417ab39b9fa577v-768x754.webp 768w, https:\/\/origon-eu.com\/wp-content\/uploads\/2025\/02\/Sf6507ad7090f4c5ca3417ab39b9fa577v-600x589.webp 600w, https:\/\/origon-eu.com\/wp-content\/uploads\/2025\/02\/Sf6507ad7090f4c5ca3417ab39b9fa577v-150x147.webp 150w\" sizes=\"(max-width: 800px) 100vw, 800px\" \/><\/a> <a href=\"https:\/\/origon-eu.com\/wp-content\/uploads\/2025\/02\/Sad75a1565f1549dbb05dec6acf235573D.webp\"><img loading=\"lazy\" decoding=\"async\" class=\"alignnone size-full wp-image-35593\" src=\"https:\/\/origon-eu.com\/wp-content\/uploads\/2025\/02\/Sad75a1565f1549dbb05dec6acf235573D.webp\" alt=\"\" width=\"800\" height=\"666\" srcset=\"https:\/\/origon-eu.com\/wp-content\/uploads\/2025\/02\/Sad75a1565f1549dbb05dec6acf235573D.webp 800w, https:\/\/origon-eu.com\/wp-content\/uploads\/2025\/02\/Sad75a1565f1549dbb05dec6acf235573D-300x250.webp 300w, https:\/\/origon-eu.com\/wp-content\/uploads\/2025\/02\/Sad75a1565f1549dbb05dec6acf235573D-768x639.webp 768w, https:\/\/origon-eu.com\/wp-content\/uploads\/2025\/02\/Sad75a1565f1549dbb05dec6acf235573D-600x500.webp 600w, https:\/\/origon-eu.com\/wp-content\/uploads\/2025\/02\/Sad75a1565f1549dbb05dec6acf235573D-150x125.webp 150w\" sizes=\"(max-width: 800px) 100vw, 800px\" \/><\/a> <a href=\"https:\/\/origon-eu.com\/wp-content\/uploads\/2025\/02\/S77b9991115874337b145526c5a94fcd4M-1.webp\"><img loading=\"lazy\" decoding=\"async\" class=\"alignnone size-full wp-image-35603\" src=\"https:\/\/origon-eu.com\/wp-content\/uploads\/2025\/02\/S77b9991115874337b145526c5a94fcd4M-1.webp\" alt=\"\" width=\"800\" height=\"968\" srcset=\"https:\/\/origon-eu.com\/wp-content\/uploads\/2025\/02\/S77b9991115874337b145526c5a94fcd4M-1.webp 800w, https:\/\/origon-eu.com\/wp-content\/uploads\/2025\/02\/S77b9991115874337b145526c5a94fcd4M-1-248x300.webp 248w, https:\/\/origon-eu.com\/wp-content\/uploads\/2025\/02\/S77b9991115874337b145526c5a94fcd4M-1-768x929.webp 768w, https:\/\/origon-eu.com\/wp-content\/uploads\/2025\/02\/S77b9991115874337b145526c5a94fcd4M-1-600x726.webp 600w, https:\/\/origon-eu.com\/wp-content\/uploads\/2025\/02\/S77b9991115874337b145526c5a94fcd4M-1-150x182.webp 150w\" sizes=\"(max-width: 800px) 100vw, 800px\" \/><\/a><\/p>\n<div style=\"width: 1280px;\" class=\"wp-video\"><video class=\"wp-video-shortcode\" id=\"video-35637-1\" width=\"1280\" height=\"720\" preload=\"none\" controls=\"controls\"><source type=\"video\/mp4\" src=\"https:\/\/origon-eu.com\/wp-content\/uploads\/2025\/02\/ZOGL0ULhv6Mq4ETUPtS_1100172410205_mp4_265_hd.mp4?_=1\" \/><a href=\"https:\/\/origon-eu.com\/wp-content\/uploads\/2025\/02\/ZOGL0ULhv6Mq4ETUPtS_1100172410205_mp4_265_hd.mp4\">https:\/\/origon-eu.com\/wp-content\/uploads\/2025\/02\/ZOGL0ULhv6Mq4ETUPtS_1100172410205_mp4_265_hd.mp4<\/a><\/video><\/div>\n","protected":false},"excerpt":{"rendered":"<p>Feln\u0151tt \u00f3ri\u00e1s babzs\u00e1k | Fuf babzs\u00e1k | Anyaga: Val\u00f3di b\u0151r, Val\u00f3di b\u0151rb\u0151l k\u00e9sz\u00fclt, ez a babzs\u00e1kos kanap\u00e9 f\u00e9ny\u0171z\u0151 \u00e9rz\u00e9st \u00e9s tart\u00f3ss\u00e1got k\u00edn\u00e1l.<\/p>\n<p>M\u00e9rete: 116 * 98 * 83 cm, b\u0151s\u00e9ges, 116 * 98 * 83 cm-es m\u00e9ret\u00e9vel ez a babzs\u00e1kos kanap\u00e9 b\u0151s\u00e9ges helyet biztos\u00edt a hever\u00e9sz\u00e9shez \u00e9s a pihen\u00e9shez.<br \/>\nKivitel: Ergonomikusan megt\u00e1maszt\u00f3, ergon\u00f3miailag \u00fagy tervezt\u00e9k, hogy t\u00e1mogassa a testet, ez a babzs\u00e1kfotel k\u00e9nyelmet biztos\u00edt a hossz\u00fa \u00f3r\u00e1kon \u00e1t tart\u00f3 pihen\u00e9s sor\u00e1n.<\/p>\n","protected":false},"featured_media":35558,"template":"","meta":[],"product_cat":[207],"product_tag":[],"class_list":{"0":"post-35637","1":"product","2":"type-product","3":"status-publish","4":"has-post-thumbnail","6":"product_cat-otthon-es-konyha-hu","8":"first","9":"instock","10":"sale","11":"shipping-taxable","12":"purchasable","13":"product-type-simple"},"yoast_head":"<!-- This site is optimized with the Yoast SEO plugin v24.2 - https:\/\/yoast.com\/wordpress\/plugins\/seo\/ -->\n<title>Lazy BeanBag Sofa - Origon EU<\/title>\n<meta name=\"robots\" content=\"index, follow, max-snippet:-1, max-image-preview:large, max-video-preview:-1\" \/>\n<link rel=\"canonical\" href=\"https:\/\/origon-eu.com\/hu\/product\/lazy-beanbag-sofa\/\" \/>\n<meta property=\"og:locale\" content=\"hu_HU\" \/>\n<meta property=\"og:type\" content=\"article\" \/>\n<meta property=\"og:title\" content=\"Lazy BeanBag Sofa - Origon EU\" \/>\n<meta property=\"og:description\" content=\"Feln\u0151tt \u00f3ri\u00e1s babzs\u00e1k | Fuf babzs\u00e1k | Anyaga: Val\u00f3di b\u0151r, Val\u00f3di b\u0151rb\u0151l k\u00e9sz\u00fclt, ez a babzs\u00e1kos kanap\u00e9 f\u00e9ny\u0171z\u0151 \u00e9rz\u00e9st \u00e9s tart\u00f3ss\u00e1got k\u00edn\u00e1l.  M\u00e9rete: 116 * 98 * 83 cm, b\u0151s\u00e9ges, 116 * 98 * 83 cm-es m\u00e9ret\u00e9vel ez a babzs\u00e1kos kanap\u00e9 b\u0151s\u00e9ges helyet biztos\u00edt a hever\u00e9sz\u00e9shez \u00e9s a pihen\u00e9shez. Kivitel: Ergonomikusan megt\u00e1maszt\u00f3, ergon\u00f3miailag \u00fagy tervezt\u00e9k, hogy t\u00e1mogassa a testet, ez a babzs\u00e1kfotel k\u00e9nyelmet biztos\u00edt a hossz\u00fa \u00f3r\u00e1kon \u00e1t tart\u00f3 pihen\u00e9s sor\u00e1n.\" \/>\n<meta property=\"og:url\" content=\"https:\/\/origon-eu.com\/hu\/product\/lazy-beanbag-sofa\/\" \/>\n<meta property=\"og:site_name\" content=\"Origon EU\" \/>\n<meta property=\"article:modified_time\" content=\"2025-03-21T08:56:16+00:00\" \/>\n<meta property=\"og:image\" content=\"https:\/\/origon-eu.com\/wp-content\/uploads\/2025\/02\/Sb36a731dd2114e32993547b4d8881b1aR.jpg_960x960q75.jpg_.webp\" \/>\n\t<meta property=\"og:image:width\" content=\"800\" \/>\n\t<meta property=\"og:image:height\" content=\"800\" \/>\n\t<meta property=\"og:image:type\" content=\"image\/webp\" \/>\n<meta name=\"twitter:card\" content=\"summary_large_image\" \/>\n<meta name=\"twitter:label1\" content=\"Becs\u00fclt olvas\u00e1si id\u0151\" \/>\n\t<meta name=\"twitter:data1\" content=\"3 perc\" \/>\n<script type=\"application\/ld+json\" class=\"yoast-schema-graph\">{\"@context\":\"https:\/\/schema.org\",\"@graph\":[{\"@type\":\"WebPage\",\"@id\":\"https:\/\/origon-eu.com\/hu\/product\/lazy-beanbag-sofa\/\",\"url\":\"https:\/\/origon-eu.com\/hu\/product\/lazy-beanbag-sofa\/\",\"name\":\"Lazy BeanBag Sofa - Origon EU\",\"isPartOf\":{\"@id\":\"https:\/\/origon-eu.com\/#website\"},\"primaryImageOfPage\":{\"@id\":\"https:\/\/origon-eu.com\/hu\/product\/lazy-beanbag-sofa\/#primaryimage\"},\"image\":{\"@id\":\"https:\/\/origon-eu.com\/hu\/product\/lazy-beanbag-sofa\/#primaryimage\"},\"thumbnailUrl\":\"https:\/\/origon-eu.com\/wp-content\/uploads\/2025\/02\/Sb36a731dd2114e32993547b4d8881b1aR.jpg_960x960q75.jpg_.webp\",\"datePublished\":\"2025-02-28T09:14:55+00:00\",\"dateModified\":\"2025-03-21T08:56:16+00:00\",\"breadcrumb\":{\"@id\":\"https:\/\/origon-eu.com\/hu\/product\/lazy-beanbag-sofa\/#breadcrumb\"},\"inLanguage\":\"hu\",\"potentialAction\":[{\"@type\":\"ReadAction\",\"target\":[\"https:\/\/origon-eu.com\/hu\/product\/lazy-beanbag-sofa\/\"]}]},{\"@type\":\"ImageObject\",\"inLanguage\":\"hu\",\"@id\":\"https:\/\/origon-eu.com\/hu\/product\/lazy-beanbag-sofa\/#primaryimage\",\"url\":\"https:\/\/origon-eu.com\/wp-content\/uploads\/2025\/02\/Sb36a731dd2114e32993547b4d8881b1aR.jpg_960x960q75.jpg_.webp\",\"contentUrl\":\"https:\/\/origon-eu.com\/wp-content\/uploads\/2025\/02\/Sb36a731dd2114e32993547b4d8881b1aR.jpg_960x960q75.jpg_.webp\",\"width\":800,\"height\":800},{\"@type\":\"BreadcrumbList\",\"@id\":\"https:\/\/origon-eu.com\/hu\/product\/lazy-beanbag-sofa\/#breadcrumb\",\"itemListElement\":[{\"@type\":\"ListItem\",\"position\":1,\"name\":\"Home\",\"item\":\"https:\/\/origon-eu.com\/\"},{\"@type\":\"ListItem\",\"position\":2,\"name\":\"\u00dczlet\",\"item\":\"https:\/\/origon-eu.com\/hu\/shop-2\/\"},{\"@type\":\"ListItem\",\"position\":3,\"name\":\"Lazy BeanBag Sofa\"}]},{\"@type\":\"WebSite\",\"@id\":\"https:\/\/origon-eu.com\/#website\",\"url\":\"https:\/\/origon-eu.com\/\",\"name\":\"Origon EU\",\"description\":\"Online Store\",\"publisher\":{\"@id\":\"https:\/\/origon-eu.com\/#organization\"},\"potentialAction\":[{\"@type\":\"SearchAction\",\"target\":{\"@type\":\"EntryPoint\",\"urlTemplate\":\"https:\/\/origon-eu.com\/?s={search_term_string}\"},\"query-input\":{\"@type\":\"PropertyValueSpecification\",\"valueRequired\":true,\"valueName\":\"search_term_string\"}}],\"inLanguage\":\"hu\"},{\"@type\":\"Organization\",\"@id\":\"https:\/\/origon-eu.com\/#organization\",\"name\":\"Origon EU\",\"url\":\"https:\/\/origon-eu.com\/\",\"logo\":{\"@type\":\"ImageObject\",\"inLanguage\":\"hu\",\"@id\":\"https:\/\/origon-eu.com\/#\/schema\/logo\/image\/\",\"url\":\"https:\/\/origon-eu.com\/wp-content\/uploads\/2024\/04\/Screenshot-2024-04-09-101814.png\",\"contentUrl\":\"https:\/\/origon-eu.com\/wp-content\/uploads\/2024\/04\/Screenshot-2024-04-09-101814.png\",\"width\":171,\"height\":59,\"caption\":\"Origon EU\"},\"image\":{\"@id\":\"https:\/\/origon-eu.com\/#\/schema\/logo\/image\/\"}}]}<\/script>\n<!-- \/ Yoast SEO plugin. -->","yoast_head_json":{"title":"Lazy BeanBag Sofa - Origon EU","robots":{"index":"index","follow":"follow","max-snippet":"max-snippet:-1","max-image-preview":"max-image-preview:large","max-video-preview":"max-video-preview:-1"},"canonical":"https:\/\/origon-eu.com\/hu\/product\/lazy-beanbag-sofa\/","og_locale":"hu_HU","og_type":"article","og_title":"Lazy BeanBag Sofa - Origon EU","og_description":"Feln\u0151tt \u00f3ri\u00e1s babzs\u00e1k | Fuf babzs\u00e1k | Anyaga: Val\u00f3di b\u0151r, Val\u00f3di b\u0151rb\u0151l k\u00e9sz\u00fclt, ez a babzs\u00e1kos kanap\u00e9 f\u00e9ny\u0171z\u0151 \u00e9rz\u00e9st \u00e9s tart\u00f3ss\u00e1got k\u00edn\u00e1l.  M\u00e9rete: 116 * 98 * 83 cm, b\u0151s\u00e9ges, 116 * 98 * 83 cm-es m\u00e9ret\u00e9vel ez a babzs\u00e1kos kanap\u00e9 b\u0151s\u00e9ges helyet biztos\u00edt a hever\u00e9sz\u00e9shez \u00e9s a pihen\u00e9shez. Kivitel: Ergonomikusan megt\u00e1maszt\u00f3, ergon\u00f3miailag \u00fagy tervezt\u00e9k, hogy t\u00e1mogassa a testet, ez a babzs\u00e1kfotel k\u00e9nyelmet biztos\u00edt a hossz\u00fa \u00f3r\u00e1kon \u00e1t tart\u00f3 pihen\u00e9s sor\u00e1n.","og_url":"https:\/\/origon-eu.com\/hu\/product\/lazy-beanbag-sofa\/","og_site_name":"Origon EU","article_modified_time":"2025-03-21T08:56:16+00:00","og_image":[{"width":800,"height":800,"url":"https:\/\/origon-eu.com\/wp-content\/uploads\/2025\/02\/Sb36a731dd2114e32993547b4d8881b1aR.jpg_960x960q75.jpg_.webp","type":"image\/webp"}],"twitter_card":"summary_large_image","twitter_misc":{"Becs\u00fclt olvas\u00e1si id\u0151":"3 perc"},"schema":{"@context":"https:\/\/schema.org","@graph":[{"@type":"WebPage","@id":"https:\/\/origon-eu.com\/hu\/product\/lazy-beanbag-sofa\/","url":"https:\/\/origon-eu.com\/hu\/product\/lazy-beanbag-sofa\/","name":"Lazy BeanBag Sofa - Origon EU","isPartOf":{"@id":"https:\/\/origon-eu.com\/#website"},"primaryImageOfPage":{"@id":"https:\/\/origon-eu.com\/hu\/product\/lazy-beanbag-sofa\/#primaryimage"},"image":{"@id":"https:\/\/origon-eu.com\/hu\/product\/lazy-beanbag-sofa\/#primaryimage"},"thumbnailUrl":"https:\/\/origon-eu.com\/wp-content\/uploads\/2025\/02\/Sb36a731dd2114e32993547b4d8881b1aR.jpg_960x960q75.jpg_.webp","datePublished":"2025-02-28T09:14:55+00:00","dateModified":"2025-03-21T08:56:16+00:00","breadcrumb":{"@id":"https:\/\/origon-eu.com\/hu\/product\/lazy-beanbag-sofa\/#breadcrumb"},"inLanguage":"hu","potentialAction":[{"@type":"ReadAction","target":["https:\/\/origon-eu.com\/hu\/product\/lazy-beanbag-sofa\/"]}]},{"@type":"ImageObject","inLanguage":"hu","@id":"https:\/\/origon-eu.com\/hu\/product\/lazy-beanbag-sofa\/#primaryimage","url":"https:\/\/origon-eu.com\/wp-content\/uploads\/2025\/02\/Sb36a731dd2114e32993547b4d8881b1aR.jpg_960x960q75.jpg_.webp","contentUrl":"https:\/\/origon-eu.com\/wp-content\/uploads\/2025\/02\/Sb36a731dd2114e32993547b4d8881b1aR.jpg_960x960q75.jpg_.webp","width":800,"height":800},{"@type":"BreadcrumbList","@id":"https:\/\/origon-eu.com\/hu\/product\/lazy-beanbag-sofa\/#breadcrumb","itemListElement":[{"@type":"ListItem","position":1,"name":"Home","item":"https:\/\/origon-eu.com\/"},{"@type":"ListItem","position":2,"name":"\u00dczlet","item":"https:\/\/origon-eu.com\/hu\/shop-2\/"},{"@type":"ListItem","position":3,"name":"Lazy BeanBag Sofa"}]},{"@type":"WebSite","@id":"https:\/\/origon-eu.com\/#website","url":"https:\/\/origon-eu.com\/","name":"Origon EU","description":"Online Store","publisher":{"@id":"https:\/\/origon-eu.com\/#organization"},"potentialAction":[{"@type":"SearchAction","target":{"@type":"EntryPoint","urlTemplate":"https:\/\/origon-eu.com\/?s={search_term_string}"},"query-input":{"@type":"PropertyValueSpecification","valueRequired":true,"valueName":"search_term_string"}}],"inLanguage":"hu"},{"@type":"Organization","@id":"https:\/\/origon-eu.com\/#organization","name":"Origon EU","url":"https:\/\/origon-eu.com\/","logo":{"@type":"ImageObject","inLanguage":"hu","@id":"https:\/\/origon-eu.com\/#\/schema\/logo\/image\/","url":"https:\/\/origon-eu.com\/wp-content\/uploads\/2024\/04\/Screenshot-2024-04-09-101814.png","contentUrl":"https:\/\/origon-eu.com\/wp-content\/uploads\/2024\/04\/Screenshot-2024-04-09-101814.png","width":171,"height":59,"caption":"Origon EU"},"image":{"@id":"https:\/\/origon-eu.com\/#\/schema\/logo\/image\/"}}]}},"tiered_pricing_type":"fixed","tiered_pricing_fixed_rules":[],"tiered_pricing_percentage_rules":[],"tiered_pricing_minimum":1,"tiered_pricing_roles_data":[],"_links":{"self":[{"href":"https:\/\/origon-eu.com\/hu\/wp-json\/wp\/v2\/product\/35637","targetHints":{"allow":["GET"]}}],"collection":[{"href":"https:\/\/origon-eu.com\/hu\/wp-json\/wp\/v2\/product"}],"about":[{"href":"https:\/\/origon-eu.com\/hu\/wp-json\/wp\/v2\/types\/product"}],"version-history":[{"count":1,"href":"https:\/\/origon-eu.com\/hu\/wp-json\/wp\/v2\/product\/35637\/revisions"}],"predecessor-version":[{"id":35638,"href":"https:\/\/origon-eu.com\/hu\/wp-json\/wp\/v2\/product\/35637\/revisions\/35638"}],"wp:featuredmedia":[{"embeddable":true,"href":"https:\/\/origon-eu.com\/hu\/wp-json\/wp\/v2\/media\/35558"}],"wp:attachment":[{"href":"https:\/\/origon-eu.com\/hu\/wp-json\/wp\/v2\/media?parent=35637"}],"wp:term":[{"taxonomy":"product_cat","embeddable":true,"href":"https:\/\/origon-eu.com\/hu\/wp-json\/wp\/v2\/product_cat?post=35637"},{"taxonomy":"product_tag","embeddable":true,"href":"https:\/\/origon-eu.com\/hu\/wp-json\/wp\/v2\/product_tag?post=35637"}],"curies":[{"name":"wp","href":"https:\/\/api.w.org\/{rel}","templated":true}]}}