{"id":34902,"date":"2025-02-17T15:58:28","date_gmt":"2025-02-17T13:58:28","guid":{"rendered":"https:\/\/origon-eu.com\/product\/games-player-x-12-plus-10000games\/"},"modified":"2025-02-28T08:06:19","modified_gmt":"2025-02-28T06:06:19","slug":"games-player-x-12-plus-10000games","status":"publish","type":"product","link":"https:\/\/origon-eu.com\/hu\/product\/games-player-x-12-plus-10000games\/","title":{"rendered":"Konzolj\u00e1t\u00e9k lej\u00e1tsz\u00f3 x 12 plusz 10 000 j\u00e1t\u00e9k"},"content":{"rendered":"<p>***T\u00f6bb funkci\u00f3: Az X12 plus nem csak egy j\u00e1t\u00e9kkonzol, amellyel az USB-k\u00e1bel csatlakoztat\u00e1s\u00e1val TV-n is j\u00e1tszhat. Ek\u00f6zben zenelej\u00e1tsz\u00f3k\u00e9nt, videolej\u00e1tsz\u00f3k\u00e9nt, kamerak\u00e9nt is haszn\u00e1lhat\u00f3. DV, felvev\u0151, sz\u00e1mol\u00f3g\u00e9p stb. Egy j\u00e1t\u00e9kkonzolnak k\u00f6sz\u00f6nhet\u0151en k\u00fcl\u00f6nb\u00f6z\u0151 funkci\u00f3kat haszn\u00e1lhat.<br \/>\n*** 16 GB mem\u00f3ria: a t\u00f6bbi j\u00e1t\u00e9kkonzolhoz k\u00e9pest az X12 plus be\u00e9p\u00edtett 16 GB mem\u00f3ri\u00e1val rendelkezik, \u00edgy t\u00f6bb j\u00e1t\u00e9kot, vide\u00f3t vagy k\u00e9pet menthet el. Emellett t\u00f6bb mint 10 000 k\u00fcl\u00f6nb\u00f6z\u0151 j\u00e1t\u00e9kba van be\u00e9p\u00edtve, \u00edgy kiv\u00e1laszthatja a kedvenc j\u00e1t\u00e9kait, amelyeket szabadidej\u00e9ben szeretne j\u00e1tszani.<br \/>\n***2500 mah akkumul\u00e1tor: 2500 mah-s \u00fajrat\u00f6lthet\u0151 Li akkumul\u00e1torba van be\u00e9p\u00edtve, \u00edgy hosszabb ideig k\u00e9pes j\u00e1tszani. T\u00f6bb boldog id\u0151t t\u00f6lthet el a szabadid\u0151ben. Haszn\u00e1ljon 5V 2A t\u00f6lt\u0151t \u00e9s t\u00f6ltse fel.<br \/>\n***7 h\u00fcvelykes k\u00e9perny\u0151: 7 h\u00fcvelykes HD TFT sz\u00ednes k\u00e9perny\u0151vel, 800*480 felbont\u00e1ssal. A k\u00e9perny\u0151 m\u00e9g hossz\u00fa lej\u00e1tsz\u00e1si id\u0151 eset\u00e9n is \u00e1rtalmatlan a szemre. Sokkol\u00f3 j\u00e1t\u00e9k\u00e9lm\u00e9nyt hozhat<br \/>\n*** 10000+ ingyenes j\u00e1t\u00e9k: T\u00e1mogatja a j\u00e1t\u00e9k verzi\u00f3j\u00e1nak let\u00f6lt\u00e9s\u00e9t: zip \/ MAME \/ GBA \/ GBC \/ GB \/ NES \/ SFC \/ FC \/ SMD \/ MD. 1000+ k\u00fcl\u00f6nb\u00f6z\u0151 j\u00e1t\u00e9kba van be\u00e9p\u00edtve, emellett tov\u00e1bbi 10000+ ingyenes j\u00e1t\u00e9kot is let\u00f6lthet. T\u00f6bb ingyenes j\u00e1t\u00e9k k\u00f6z\u00fcl v\u00e1laszthat, t\u00f6bb \u00f6r\u00f6met okoz.<\/p>\n<p><a href=\"https:\/\/origon-eu.com\/wp-content\/uploads\/2025\/02\/516OLyOc2-L.jpg\"><img fetchpriority=\"high\" decoding=\"async\" class=\"alignnone size-full wp-image-34701\" src=\"https:\/\/origon-eu.com\/wp-content\/uploads\/2025\/02\/516OLyOc2-L.jpg\" alt=\"\" width=\"800\" height=\"800\" srcset=\"https:\/\/origon-eu.com\/wp-content\/uploads\/2025\/02\/516OLyOc2-L.jpg 800w, https:\/\/origon-eu.com\/wp-content\/uploads\/2025\/02\/516OLyOc2-L-300x300.jpg 300w, https:\/\/origon-eu.com\/wp-content\/uploads\/2025\/02\/516OLyOc2-L-150x150.jpg 150w, https:\/\/origon-eu.com\/wp-content\/uploads\/2025\/02\/516OLyOc2-L-768x768.jpg 768w, https:\/\/origon-eu.com\/wp-content\/uploads\/2025\/02\/516OLyOc2-L-600x600.jpg 600w\" sizes=\"(max-width: 800px) 100vw, 800px\" \/><\/a> <a href=\"https:\/\/origon-eu.com\/wp-content\/uploads\/2025\/02\/61o1sL8-B0L._SL1336_.jpg\"><img decoding=\"async\" class=\"alignnone size-full wp-image-34761\" src=\"https:\/\/origon-eu.com\/wp-content\/uploads\/2025\/02\/61o1sL8-B0L._SL1336_.jpg\" alt=\"\" width=\"750\" height=\"1336\" srcset=\"https:\/\/origon-eu.com\/wp-content\/uploads\/2025\/02\/61o1sL8-B0L._SL1336_.jpg 750w, https:\/\/origon-eu.com\/wp-content\/uploads\/2025\/02\/61o1sL8-B0L._SL1336_-168x300.jpg 168w, https:\/\/origon-eu.com\/wp-content\/uploads\/2025\/02\/61o1sL8-B0L._SL1336_-575x1024.jpg 575w, https:\/\/origon-eu.com\/wp-content\/uploads\/2025\/02\/61o1sL8-B0L._SL1336_-600x1069.jpg 600w, https:\/\/origon-eu.com\/wp-content\/uploads\/2025\/02\/61o1sL8-B0L._SL1336_-150x267.jpg 150w\" sizes=\"(max-width: 750px) 100vw, 750px\" \/><\/a> <a href=\"https:\/\/origon-eu.com\/wp-content\/uploads\/2025\/02\/81JmIZgtlQL._SL1500_.jpg\"><img decoding=\"async\" class=\"alignnone size-full wp-image-34751\" src=\"https:\/\/origon-eu.com\/wp-content\/uploads\/2025\/02\/81JmIZgtlQL._SL1500_.jpg\" alt=\"\" width=\"422\" height=\"1500\" srcset=\"https:\/\/origon-eu.com\/wp-content\/uploads\/2025\/02\/81JmIZgtlQL._SL1500_.jpg 422w, https:\/\/origon-eu.com\/wp-content\/uploads\/2025\/02\/81JmIZgtlQL._SL1500_-84x300.jpg 84w, https:\/\/origon-eu.com\/wp-content\/uploads\/2025\/02\/81JmIZgtlQL._SL1500_-288x1024.jpg 288w, https:\/\/origon-eu.com\/wp-content\/uploads\/2025\/02\/81JmIZgtlQL._SL1500_-150x533.jpg 150w\" sizes=\"(max-width: 422px) 100vw, 422px\" \/><\/a> <a href=\"https:\/\/origon-eu.com\/wp-content\/uploads\/2025\/02\/519i3LyzahL.jpg\"><img loading=\"lazy\" decoding=\"async\" class=\"alignnone size-full wp-image-34741\" src=\"https:\/\/origon-eu.com\/wp-content\/uploads\/2025\/02\/519i3LyzahL.jpg\" alt=\"\" width=\"800\" height=\"800\" srcset=\"https:\/\/origon-eu.com\/wp-content\/uploads\/2025\/02\/519i3LyzahL.jpg 800w, https:\/\/origon-eu.com\/wp-content\/uploads\/2025\/02\/519i3LyzahL-300x300.jpg 300w, https:\/\/origon-eu.com\/wp-content\/uploads\/2025\/02\/519i3LyzahL-150x150.jpg 150w, https:\/\/origon-eu.com\/wp-content\/uploads\/2025\/02\/519i3LyzahL-768x768.jpg 768w, https:\/\/origon-eu.com\/wp-content\/uploads\/2025\/02\/519i3LyzahL-600x600.jpg 600w\" sizes=\"(max-width: 800px) 100vw, 800px\" \/><\/a> <a href=\"https:\/\/origon-eu.com\/wp-content\/uploads\/2025\/02\/61uC1rVt9L.jpg\"><img loading=\"lazy\" decoding=\"async\" class=\"alignnone size-full wp-image-34731\" src=\"https:\/\/origon-eu.com\/wp-content\/uploads\/2025\/02\/61uC1rVt9L.jpg\" alt=\"\" width=\"800\" height=\"800\" srcset=\"https:\/\/origon-eu.com\/wp-content\/uploads\/2025\/02\/61uC1rVt9L.jpg 800w, https:\/\/origon-eu.com\/wp-content\/uploads\/2025\/02\/61uC1rVt9L-300x300.jpg 300w, https:\/\/origon-eu.com\/wp-content\/uploads\/2025\/02\/61uC1rVt9L-150x150.jpg 150w, https:\/\/origon-eu.com\/wp-content\/uploads\/2025\/02\/61uC1rVt9L-768x768.jpg 768w, https:\/\/origon-eu.com\/wp-content\/uploads\/2025\/02\/61uC1rVt9L-600x600.jpg 600w\" sizes=\"(max-width: 800px) 100vw, 800px\" \/><\/a> <a href=\"https:\/\/origon-eu.com\/wp-content\/uploads\/2025\/02\/611luXjmxYL.jpg\"><img loading=\"lazy\" decoding=\"async\" class=\"alignnone size-full wp-image-34721\" src=\"https:\/\/origon-eu.com\/wp-content\/uploads\/2025\/02\/611luXjmxYL.jpg\" alt=\"\" width=\"800\" height=\"800\" srcset=\"https:\/\/origon-eu.com\/wp-content\/uploads\/2025\/02\/611luXjmxYL.jpg 800w, https:\/\/origon-eu.com\/wp-content\/uploads\/2025\/02\/611luXjmxYL-300x300.jpg 300w, https:\/\/origon-eu.com\/wp-content\/uploads\/2025\/02\/611luXjmxYL-150x150.jpg 150w, https:\/\/origon-eu.com\/wp-content\/uploads\/2025\/02\/611luXjmxYL-768x768.jpg 768w, https:\/\/origon-eu.com\/wp-content\/uploads\/2025\/02\/611luXjmxYL-600x600.jpg 600w\" sizes=\"(max-width: 800px) 100vw, 800px\" \/><\/a> <a href=\"https:\/\/origon-eu.com\/wp-content\/uploads\/2025\/02\/61Ec5154sGL.jpg\"><img loading=\"lazy\" decoding=\"async\" class=\"alignnone size-full wp-image-34711\" src=\"https:\/\/origon-eu.com\/wp-content\/uploads\/2025\/02\/61Ec5154sGL.jpg\" alt=\"\" width=\"800\" height=\"800\" srcset=\"https:\/\/origon-eu.com\/wp-content\/uploads\/2025\/02\/61Ec5154sGL.jpg 800w, https:\/\/origon-eu.com\/wp-content\/uploads\/2025\/02\/61Ec5154sGL-300x300.jpg 300w, https:\/\/origon-eu.com\/wp-content\/uploads\/2025\/02\/61Ec5154sGL-150x150.jpg 150w, https:\/\/origon-eu.com\/wp-content\/uploads\/2025\/02\/61Ec5154sGL-768x768.jpg 768w, https:\/\/origon-eu.com\/wp-content\/uploads\/2025\/02\/61Ec5154sGL-600x600.jpg 600w\" sizes=\"(max-width: 800px) 100vw, 800px\" \/><\/a><\/p>\n","protected":false},"excerpt":{"rendered":"<ul>\n<li class=\"a-spacing-base\">16:9 HD k\u00e9perny\u0151, 800:400 felbont\u00e1s<\/li>\n<li class=\"a-spacing-base\">zip\/MAME\/GBA\/GB\/NES\/SFC\/FC\/SMD\/MD t\u00e1mogat\u00e1sa<\/li>\n<li class=\"a-spacing-base\">t\u00e1mogatja a TV-kimenetet, j\u00e1tszani \u00e9s filmeket n\u00e9zni a TV-n<\/li>\n<li class=\"a-spacing-base\">10000+ j\u00e1t\u00e9kod van<\/li>\n<li class=\"a-spacing-base\">t\u00e1mogat\u00e1s mp5<\/li>\n<li class=\"a-spacing-base\">t\u00e1mogatja a jpeg, bmp, gif, tif, png form\u00e1tum\u00fa dokumentumokat<\/li>\n<\/ul>\n","protected":false},"featured_media":34686,"template":"","meta":[],"product_cat":[208],"product_tag":[],"class_list":{"0":"post-34902","1":"product","2":"type-product","3":"status-publish","4":"has-post-thumbnail","6":"product_cat-elektronika-hu","8":"first","9":"instock","10":"sale","11":"shipping-taxable","12":"purchasable","13":"product-type-simple"},"yoast_head":"<!-- This site is optimized with the Yoast SEO plugin v24.2 - https:\/\/yoast.com\/wordpress\/plugins\/seo\/ -->\n<title>Konzolj\u00e1t\u00e9k lej\u00e1tsz\u00f3 x 12 plusz 10 000 j\u00e1t\u00e9k - Origon EU<\/title>\n<meta name=\"robots\" content=\"index, follow, max-snippet:-1, max-image-preview:large, max-video-preview:-1\" \/>\n<link rel=\"canonical\" href=\"https:\/\/origon-eu.com\/hu\/product\/games-player-x-12-plus-10000games\/\" \/>\n<meta property=\"og:locale\" content=\"hu_HU\" \/>\n<meta property=\"og:type\" content=\"article\" \/>\n<meta property=\"og:title\" content=\"Konzolj\u00e1t\u00e9k lej\u00e1tsz\u00f3 x 12 plusz 10 000 j\u00e1t\u00e9k - Origon EU\" \/>\n<meta property=\"og:description\" content=\"16:9 HD k\u00e9perny\u0151, 800:400 felbont\u00e1s  zip\/MAME\/GBA\/GB\/NES\/SFC\/FC\/SMD\/MD t\u00e1mogat\u00e1sa  t\u00e1mogatja a TV-kimenetet, j\u00e1tszani \u00e9s filmeket n\u00e9zni a TV-n  10000+ j\u00e1t\u00e9kod van  t\u00e1mogat\u00e1s mp5  t\u00e1mogatja a jpeg, bmp, gif, tif, png form\u00e1tum\u00fa dokumentumokat\" \/>\n<meta property=\"og:url\" content=\"https:\/\/origon-eu.com\/hu\/product\/games-player-x-12-plus-10000games\/\" \/>\n<meta property=\"og:site_name\" content=\"Origon EU\" \/>\n<meta property=\"article:modified_time\" content=\"2025-02-28T06:06:19+00:00\" \/>\n<meta property=\"og:image\" content=\"https:\/\/origon-eu.com\/wp-content\/uploads\/2025\/02\/71iiff7w50L._SL1500_.jpg\" \/>\n\t<meta property=\"og:image:width\" content=\"1500\" \/>\n\t<meta property=\"og:image:height\" content=\"1500\" \/>\n\t<meta property=\"og:image:type\" content=\"image\/jpeg\" \/>\n<meta name=\"twitter:card\" content=\"summary_large_image\" \/>\n<meta name=\"twitter:label1\" content=\"Becs\u00fclt olvas\u00e1si id\u0151\" \/>\n\t<meta name=\"twitter:data1\" content=\"3 perc\" \/>\n<script type=\"application\/ld+json\" class=\"yoast-schema-graph\">{\"@context\":\"https:\/\/schema.org\",\"@graph\":[{\"@type\":\"WebPage\",\"@id\":\"https:\/\/origon-eu.com\/hu\/product\/games-player-x-12-plus-10000games\/\",\"url\":\"https:\/\/origon-eu.com\/hu\/product\/games-player-x-12-plus-10000games\/\",\"name\":\"Konzolj\u00e1t\u00e9k lej\u00e1tsz\u00f3 x 12 plusz 10 000 j\u00e1t\u00e9k - Origon EU\",\"isPartOf\":{\"@id\":\"https:\/\/origon-eu.com\/#website\"},\"primaryImageOfPage\":{\"@id\":\"https:\/\/origon-eu.com\/hu\/product\/games-player-x-12-plus-10000games\/#primaryimage\"},\"image\":{\"@id\":\"https:\/\/origon-eu.com\/hu\/product\/games-player-x-12-plus-10000games\/#primaryimage\"},\"thumbnailUrl\":\"https:\/\/origon-eu.com\/wp-content\/uploads\/2025\/02\/71iiff7w50L._SL1500_.jpg\",\"datePublished\":\"2025-02-17T13:58:28+00:00\",\"dateModified\":\"2025-02-28T06:06:19+00:00\",\"breadcrumb\":{\"@id\":\"https:\/\/origon-eu.com\/hu\/product\/games-player-x-12-plus-10000games\/#breadcrumb\"},\"inLanguage\":\"hu\",\"potentialAction\":[{\"@type\":\"ReadAction\",\"target\":[\"https:\/\/origon-eu.com\/hu\/product\/games-player-x-12-plus-10000games\/\"]}]},{\"@type\":\"ImageObject\",\"inLanguage\":\"hu\",\"@id\":\"https:\/\/origon-eu.com\/hu\/product\/games-player-x-12-plus-10000games\/#primaryimage\",\"url\":\"https:\/\/origon-eu.com\/wp-content\/uploads\/2025\/02\/71iiff7w50L._SL1500_.jpg\",\"contentUrl\":\"https:\/\/origon-eu.com\/wp-content\/uploads\/2025\/02\/71iiff7w50L._SL1500_.jpg\",\"width\":1500,\"height\":1500},{\"@type\":\"BreadcrumbList\",\"@id\":\"https:\/\/origon-eu.com\/hu\/product\/games-player-x-12-plus-10000games\/#breadcrumb\",\"itemListElement\":[{\"@type\":\"ListItem\",\"position\":1,\"name\":\"Home\",\"item\":\"https:\/\/origon-eu.com\/\"},{\"@type\":\"ListItem\",\"position\":2,\"name\":\"\u00dczlet\",\"item\":\"https:\/\/origon-eu.com\/hu\/shop-2\/\"},{\"@type\":\"ListItem\",\"position\":3,\"name\":\"Konzolj\u00e1t\u00e9k lej\u00e1tsz\u00f3 x 12 plusz 10 000 j\u00e1t\u00e9k\"}]},{\"@type\":\"WebSite\",\"@id\":\"https:\/\/origon-eu.com\/#website\",\"url\":\"https:\/\/origon-eu.com\/\",\"name\":\"Origon EU\",\"description\":\"Online Store\",\"publisher\":{\"@id\":\"https:\/\/origon-eu.com\/#organization\"},\"potentialAction\":[{\"@type\":\"SearchAction\",\"target\":{\"@type\":\"EntryPoint\",\"urlTemplate\":\"https:\/\/origon-eu.com\/?s={search_term_string}\"},\"query-input\":{\"@type\":\"PropertyValueSpecification\",\"valueRequired\":true,\"valueName\":\"search_term_string\"}}],\"inLanguage\":\"hu\"},{\"@type\":\"Organization\",\"@id\":\"https:\/\/origon-eu.com\/#organization\",\"name\":\"Origon EU\",\"url\":\"https:\/\/origon-eu.com\/\",\"logo\":{\"@type\":\"ImageObject\",\"inLanguage\":\"hu\",\"@id\":\"https:\/\/origon-eu.com\/#\/schema\/logo\/image\/\",\"url\":\"https:\/\/origon-eu.com\/wp-content\/uploads\/2024\/04\/Screenshot-2024-04-09-101814.png\",\"contentUrl\":\"https:\/\/origon-eu.com\/wp-content\/uploads\/2024\/04\/Screenshot-2024-04-09-101814.png\",\"width\":171,\"height\":59,\"caption\":\"Origon EU\"},\"image\":{\"@id\":\"https:\/\/origon-eu.com\/#\/schema\/logo\/image\/\"}}]}<\/script>\n<!-- \/ Yoast SEO plugin. -->","yoast_head_json":{"title":"Konzolj\u00e1t\u00e9k lej\u00e1tsz\u00f3 x 12 plusz 10 000 j\u00e1t\u00e9k - Origon EU","robots":{"index":"index","follow":"follow","max-snippet":"max-snippet:-1","max-image-preview":"max-image-preview:large","max-video-preview":"max-video-preview:-1"},"canonical":"https:\/\/origon-eu.com\/hu\/product\/games-player-x-12-plus-10000games\/","og_locale":"hu_HU","og_type":"article","og_title":"Konzolj\u00e1t\u00e9k lej\u00e1tsz\u00f3 x 12 plusz 10 000 j\u00e1t\u00e9k - Origon EU","og_description":"16:9 HD k\u00e9perny\u0151, 800:400 felbont\u00e1s  zip\/MAME\/GBA\/GB\/NES\/SFC\/FC\/SMD\/MD t\u00e1mogat\u00e1sa  t\u00e1mogatja a TV-kimenetet, j\u00e1tszani \u00e9s filmeket n\u00e9zni a TV-n  10000+ j\u00e1t\u00e9kod van  t\u00e1mogat\u00e1s mp5  t\u00e1mogatja a jpeg, bmp, gif, tif, png form\u00e1tum\u00fa dokumentumokat","og_url":"https:\/\/origon-eu.com\/hu\/product\/games-player-x-12-plus-10000games\/","og_site_name":"Origon EU","article_modified_time":"2025-02-28T06:06:19+00:00","og_image":[{"width":1500,"height":1500,"url":"https:\/\/origon-eu.com\/wp-content\/uploads\/2025\/02\/71iiff7w50L._SL1500_.jpg","type":"image\/jpeg"}],"twitter_card":"summary_large_image","twitter_misc":{"Becs\u00fclt olvas\u00e1si id\u0151":"3 perc"},"schema":{"@context":"https:\/\/schema.org","@graph":[{"@type":"WebPage","@id":"https:\/\/origon-eu.com\/hu\/product\/games-player-x-12-plus-10000games\/","url":"https:\/\/origon-eu.com\/hu\/product\/games-player-x-12-plus-10000games\/","name":"Konzolj\u00e1t\u00e9k lej\u00e1tsz\u00f3 x 12 plusz 10 000 j\u00e1t\u00e9k - Origon EU","isPartOf":{"@id":"https:\/\/origon-eu.com\/#website"},"primaryImageOfPage":{"@id":"https:\/\/origon-eu.com\/hu\/product\/games-player-x-12-plus-10000games\/#primaryimage"},"image":{"@id":"https:\/\/origon-eu.com\/hu\/product\/games-player-x-12-plus-10000games\/#primaryimage"},"thumbnailUrl":"https:\/\/origon-eu.com\/wp-content\/uploads\/2025\/02\/71iiff7w50L._SL1500_.jpg","datePublished":"2025-02-17T13:58:28+00:00","dateModified":"2025-02-28T06:06:19+00:00","breadcrumb":{"@id":"https:\/\/origon-eu.com\/hu\/product\/games-player-x-12-plus-10000games\/#breadcrumb"},"inLanguage":"hu","potentialAction":[{"@type":"ReadAction","target":["https:\/\/origon-eu.com\/hu\/product\/games-player-x-12-plus-10000games\/"]}]},{"@type":"ImageObject","inLanguage":"hu","@id":"https:\/\/origon-eu.com\/hu\/product\/games-player-x-12-plus-10000games\/#primaryimage","url":"https:\/\/origon-eu.com\/wp-content\/uploads\/2025\/02\/71iiff7w50L._SL1500_.jpg","contentUrl":"https:\/\/origon-eu.com\/wp-content\/uploads\/2025\/02\/71iiff7w50L._SL1500_.jpg","width":1500,"height":1500},{"@type":"BreadcrumbList","@id":"https:\/\/origon-eu.com\/hu\/product\/games-player-x-12-plus-10000games\/#breadcrumb","itemListElement":[{"@type":"ListItem","position":1,"name":"Home","item":"https:\/\/origon-eu.com\/"},{"@type":"ListItem","position":2,"name":"\u00dczlet","item":"https:\/\/origon-eu.com\/hu\/shop-2\/"},{"@type":"ListItem","position":3,"name":"Konzolj\u00e1t\u00e9k lej\u00e1tsz\u00f3 x 12 plusz 10 000 j\u00e1t\u00e9k"}]},{"@type":"WebSite","@id":"https:\/\/origon-eu.com\/#website","url":"https:\/\/origon-eu.com\/","name":"Origon EU","description":"Online Store","publisher":{"@id":"https:\/\/origon-eu.com\/#organization"},"potentialAction":[{"@type":"SearchAction","target":{"@type":"EntryPoint","urlTemplate":"https:\/\/origon-eu.com\/?s={search_term_string}"},"query-input":{"@type":"PropertyValueSpecification","valueRequired":true,"valueName":"search_term_string"}}],"inLanguage":"hu"},{"@type":"Organization","@id":"https:\/\/origon-eu.com\/#organization","name":"Origon EU","url":"https:\/\/origon-eu.com\/","logo":{"@type":"ImageObject","inLanguage":"hu","@id":"https:\/\/origon-eu.com\/#\/schema\/logo\/image\/","url":"https:\/\/origon-eu.com\/wp-content\/uploads\/2024\/04\/Screenshot-2024-04-09-101814.png","contentUrl":"https:\/\/origon-eu.com\/wp-content\/uploads\/2024\/04\/Screenshot-2024-04-09-101814.png","width":171,"height":59,"caption":"Origon EU"},"image":{"@id":"https:\/\/origon-eu.com\/#\/schema\/logo\/image\/"}}]}},"tiered_pricing_type":"fixed","tiered_pricing_fixed_rules":[],"tiered_pricing_percentage_rules":[],"tiered_pricing_minimum":1,"tiered_pricing_roles_data":[],"_links":{"self":[{"href":"https:\/\/origon-eu.com\/hu\/wp-json\/wp\/v2\/product\/34902","targetHints":{"allow":["GET"]}}],"collection":[{"href":"https:\/\/origon-eu.com\/hu\/wp-json\/wp\/v2\/product"}],"about":[{"href":"https:\/\/origon-eu.com\/hu\/wp-json\/wp\/v2\/types\/product"}],"version-history":[{"count":2,"href":"https:\/\/origon-eu.com\/hu\/wp-json\/wp\/v2\/product\/34902\/revisions"}],"predecessor-version":[{"id":34904,"href":"https:\/\/origon-eu.com\/hu\/wp-json\/wp\/v2\/product\/34902\/revisions\/34904"}],"wp:featuredmedia":[{"embeddable":true,"href":"https:\/\/origon-eu.com\/hu\/wp-json\/wp\/v2\/media\/34686"}],"wp:attachment":[{"href":"https:\/\/origon-eu.com\/hu\/wp-json\/wp\/v2\/media?parent=34902"}],"wp:term":[{"taxonomy":"product_cat","embeddable":true,"href":"https:\/\/origon-eu.com\/hu\/wp-json\/wp\/v2\/product_cat?post=34902"},{"taxonomy":"product_tag","embeddable":true,"href":"https:\/\/origon-eu.com\/hu\/wp-json\/wp\/v2\/product_tag?post=34902"}],"curies":[{"name":"wp","href":"https:\/\/api.w.org\/{rel}","templated":true}]}}