{"id":34828,"date":"2025-02-17T15:05:28","date_gmt":"2025-02-17T13:05:28","guid":{"rendered":"https:\/\/origon-eu.com\/product\/4k-camera-drone-hd-camera-mini-drone\/"},"modified":"2025-03-01T19:16:03","modified_gmt":"2025-03-01T17:16:03","slug":"4k-camera-drone-hd-camera-mini-drone","status":"publish","type":"product","link":"https:\/\/origon-eu.com\/hu\/product\/4k-camera-drone-hd-camera-mini-drone\/","title":{"rendered":"4k kamer\u00e1s Drone HD kamera Mini Drone"},"content":{"rendered":"<p data-spm-anchor-id=\"a2g0o.detail.1000023.i1.64ebxue4xue4rp\">\u00d6sszehajthat\u00f3 MINI DRONE WIFI kamer\u00e1val HD FPV t\u00e1vir\u00e1ny\u00edt\u00f3, \u00faj friss\u00edt\u00e9s, 2022-es verzi\u00f3<br \/>\nLe\u00edr\u00e1s:<br \/>\nTerm\u00e9kkateg\u00f3ria: 998W-os quadcopter<br \/>\nJellemz\u0151k:<\/p>\n<p data-spm-anchor-id=\"a2g0o.detail.1000023.i1.64ebxue4xue4rp\"><a href=\"https:\/\/origon-eu.com\/wp-content\/uploads\/2025\/02\/dr1.webp\"><img fetchpriority=\"high\" decoding=\"async\" class=\"alignnone size-full wp-image-34597\" src=\"https:\/\/origon-eu.com\/wp-content\/uploads\/2025\/02\/dr1.webp\" alt=\"\" width=\"1000\" height=\"1000\" srcset=\"https:\/\/origon-eu.com\/wp-content\/uploads\/2025\/02\/dr1.webp 1000w, https:\/\/origon-eu.com\/wp-content\/uploads\/2025\/02\/dr1-300x300.webp 300w, https:\/\/origon-eu.com\/wp-content\/uploads\/2025\/02\/dr1-150x150.webp 150w, https:\/\/origon-eu.com\/wp-content\/uploads\/2025\/02\/dr1-768x768.webp 768w, https:\/\/origon-eu.com\/wp-content\/uploads\/2025\/02\/dr1-600x600.webp 600w\" sizes=\"(max-width: 1000px) 100vw, 1000px\" \/><\/a> <a href=\"https:\/\/origon-eu.com\/wp-content\/uploads\/2025\/02\/dr2.webp\"><img decoding=\"async\" class=\"alignnone size-full wp-image-34607\" src=\"https:\/\/origon-eu.com\/wp-content\/uploads\/2025\/02\/dr2.webp\" alt=\"\" width=\"1000\" height=\"1000\" srcset=\"https:\/\/origon-eu.com\/wp-content\/uploads\/2025\/02\/dr2.webp 1000w, https:\/\/origon-eu.com\/wp-content\/uploads\/2025\/02\/dr2-300x300.webp 300w, https:\/\/origon-eu.com\/wp-content\/uploads\/2025\/02\/dr2-150x150.webp 150w, https:\/\/origon-eu.com\/wp-content\/uploads\/2025\/02\/dr2-768x768.webp 768w, https:\/\/origon-eu.com\/wp-content\/uploads\/2025\/02\/dr2-600x600.webp 600w\" sizes=\"(max-width: 1000px) 100vw, 1000px\" \/><\/a> <a href=\"https:\/\/origon-eu.com\/wp-content\/uploads\/2025\/02\/dr3.webp\"><img decoding=\"async\" class=\"alignnone size-full wp-image-34618\" src=\"https:\/\/origon-eu.com\/wp-content\/uploads\/2025\/02\/dr3.webp\" alt=\"\" width=\"1000\" height=\"1000\" srcset=\"https:\/\/origon-eu.com\/wp-content\/uploads\/2025\/02\/dr3.webp 1000w, https:\/\/origon-eu.com\/wp-content\/uploads\/2025\/02\/dr3-300x300.webp 300w, https:\/\/origon-eu.com\/wp-content\/uploads\/2025\/02\/dr3-150x150.webp 150w, https:\/\/origon-eu.com\/wp-content\/uploads\/2025\/02\/dr3-768x768.webp 768w, https:\/\/origon-eu.com\/wp-content\/uploads\/2025\/02\/dr3-600x600.webp 600w\" sizes=\"(max-width: 1000px) 100vw, 1000px\" \/><\/a> <a href=\"https:\/\/origon-eu.com\/wp-content\/uploads\/2025\/02\/dr4.webp\"><img loading=\"lazy\" decoding=\"async\" class=\"alignnone size-full wp-image-34628\" src=\"https:\/\/origon-eu.com\/wp-content\/uploads\/2025\/02\/dr4.webp\" alt=\"\" width=\"1000\" height=\"1000\" srcset=\"https:\/\/origon-eu.com\/wp-content\/uploads\/2025\/02\/dr4.webp 1000w, https:\/\/origon-eu.com\/wp-content\/uploads\/2025\/02\/dr4-300x300.webp 300w, https:\/\/origon-eu.com\/wp-content\/uploads\/2025\/02\/dr4-150x150.webp 150w, https:\/\/origon-eu.com\/wp-content\/uploads\/2025\/02\/dr4-768x768.webp 768w, https:\/\/origon-eu.com\/wp-content\/uploads\/2025\/02\/dr4-600x600.webp 600w\" sizes=\"(max-width: 1000px) 100vw, 1000px\" \/><\/a><\/p>\n<p data-spm-anchor-id=\"a2g0o.detail.1000023.i1.64ebxue4xue4rp\">1. \u00d6sszecsukhat\u00f3 karral kicsi \u00e9s k\u00f6nnyen hordozhat\u00f3.<br \/>\n2. Magas tart\u00e1si m\u00f3d funkci\u00f3val rendelkezik a stabil rep\u00fcl\u00e9s biztos\u00edt\u00e1sa \u00e9rdek\u00e9ben.<br \/>\n3. A wifi funkci\u00f3val csatlakozhat az APP-hoz, az APK rendszerhez, hogy a mobiltelefon kamer\u00e1j\u00e1n kereszt\u00fcl val\u00f3s id\u0151ben tekinthessen meg f\u00e9nyk\u00e9peket, vide\u00f3kat \u00e9s k\u00e9peket vigyen \u00e1t.<br \/>\n4. Kifut\u00f3p\u00e1ly\u00e1s rep\u00fcl\u00e9si m\u00f3ddal. Az \u00fatvonalat l\u00e1thatod.<br \/>\n5. Gesztusokkal fot\u00f3zni. Mv zeneszerkeszt\u0151 funkci\u00f3k.<br \/>\n6. 720P sz\u00e9les l\u00e1t\u00f3sz\u00f6g\u0171 kamer\u00e1val felszerelve a f\u00e9nyk\u00e9pek \u00e9s vide\u00f3k sz\u00e9les sk\u00e1l\u00e1j\u00e1hoz.<br \/>\n7. F\u0151 \u00fczemm\u00f3d n\u00e9lk\u00fcl nem kell a g\u00e9pet rep\u00fcl\u00e9s el\u0151tt elhelyezni.<br \/>\n8. A gombos visszat\u00e9r\u00e9s funkci\u00f3val k\u00f6nnyed\u00e9n hazautazhatsz.<br \/>\n9. Az interferencia elleni v\u00e9delem 2,4 GHz-es technol\u00f3gi\u00e1t haszn\u00e1l.<br \/>\nFunkci\u00f3: fel\/le, el\u0151re\/h\u00e1tra, balra\/jobbra, rep\u00fcl\u00e9s, h\u00e1romszintes rep\u00fcl\u00e9si sebess\u00e9g, LED l\u00e1mpa, fejn\u00e9lk\u00fcli \u00fczemm\u00f3d, egy automatikus visszat\u00e9r\u0151 gomb, magass\u00e1gtart\u00f3 m\u00f3d, WiFi FPV<br \/>\nM\u0171szaki adatok:<br \/>\nT\u00edpus: 998W<br \/>\nAlkalmaz\u00e1s: WIFI-CAM<br \/>\nFrekvencia: 2,4G.<br \/>\nCsatorna: 4 csatorna<br \/>\nGiroszk\u00f3p: 6 tengely<br \/>\nQuadcopter akkumul\u00e1tor: 3,7 V 900 mAh l\u00edtium akkumul\u00e1tor (1 tartoz\u00e9k)<br \/>\nAd\u00f3 elem: 3&#215;1,5 AA (nem tartoz\u00e9k).<br \/>\nT\u00f6lt\u00e9si id\u0151: 60-70 perc.<br \/>\nRep\u00fcl\u00e9si id\u0151: 8-10 perc<br \/>\nDr\u00f3n s\u00falya: 85g (akkumul\u00e1torral)<br \/>\nT\u00e1vir\u00e1ny\u00edt\u00f3 t\u00e1vols\u00e1g: 80 m\u00e9ter kb.<br \/>\nKamera: 4K Ultra HD<br \/>\nCsomag s\u00falya: 0,435g.<\/p>\n<p data-spm-anchor-id=\"a2g0o.detail.1000023.i7.64ebxue4xue4rp\">Tartalmazza:<br \/>\n1 Drone 998W RC.<br \/>\n1 T\u00e1vir\u00e1ny\u00edt\u00f3 1 3,7 V 900 mAh l\u00edtium akkumul\u00e1tor.<br \/>\n1 db USB t\u00f6lt\u0151k\u00e1bel.<br \/>\n4 Propeller v\u00e9d\u0151<br \/>\n2 tartal\u00e9k propeller<br \/>\n1 csavarh\u00faz\u00f3.<\/p>\n","protected":false},"excerpt":{"rendered":"<p>\u00d6sszecsukhat\u00f3 MINI DRONE WIFI kamer\u00e1val HD FPV t\u00e1vir\u00e1ny\u00edt\u00f3val<\/p>\n","protected":false},"featured_media":34597,"template":"","meta":[],"product_cat":[],"product_tag":[],"class_list":{"0":"post-34828","1":"product","2":"type-product","3":"status-publish","4":"has-post-thumbnail","7":"first","8":"outofstock","9":"sale","10":"shipping-taxable","11":"purchasable","12":"product-type-simple"},"yoast_head":"<!-- This site is optimized with the Yoast SEO plugin v24.2 - https:\/\/yoast.com\/wordpress\/plugins\/seo\/ -->\n<title>4k kamer\u00e1s Drone HD kamera Mini Drone - Origon EU<\/title>\n<meta name=\"robots\" content=\"index, follow, max-snippet:-1, max-image-preview:large, max-video-preview:-1\" \/>\n<link rel=\"canonical\" href=\"https:\/\/origon-eu.com\/product\/4k-camera-drone-hd-camera-mini-drone\/\" \/>\n<meta property=\"og:locale\" content=\"hu_HU\" \/>\n<meta property=\"og:type\" content=\"article\" \/>\n<meta property=\"og:title\" content=\"4k kamer\u00e1s Drone HD kamera Mini Drone - Origon EU\" \/>\n<meta property=\"og:description\" content=\"\u00d6sszecsukhat\u00f3 MINI DRONE WIFI kamer\u00e1val HD FPV t\u00e1vir\u00e1ny\u00edt\u00f3val\" \/>\n<meta property=\"og:url\" content=\"https:\/\/origon-eu.com\/product\/4k-camera-drone-hd-camera-mini-drone\/\" \/>\n<meta property=\"og:site_name\" content=\"Origon EU\" \/>\n<meta property=\"article:modified_time\" content=\"2025-03-01T17:16:03+00:00\" \/>\n<meta property=\"og:image\" content=\"https:\/\/origon-eu.com\/wp-content\/uploads\/2025\/02\/dr1.webp\" \/>\n\t<meta property=\"og:image:width\" content=\"1000\" \/>\n\t<meta property=\"og:image:height\" content=\"1000\" \/>\n\t<meta property=\"og:image:type\" content=\"image\/webp\" \/>\n<meta name=\"twitter:card\" content=\"summary_large_image\" \/>\n<meta name=\"twitter:label1\" content=\"Becs\u00fclt olvas\u00e1si id\u0151\" \/>\n\t<meta name=\"twitter:data1\" content=\"2 perc\" \/>\n<script type=\"application\/ld+json\" class=\"yoast-schema-graph\">{\"@context\":\"https:\/\/schema.org\",\"@graph\":[{\"@type\":\"WebPage\",\"@id\":\"https:\/\/origon-eu.com\/product\/4k-camera-drone-hd-camera-mini-drone\/\",\"url\":\"https:\/\/origon-eu.com\/product\/4k-camera-drone-hd-camera-mini-drone\/\",\"name\":\"4k kamer\u00e1s Drone HD kamera Mini Drone - Origon EU\",\"isPartOf\":{\"@id\":\"https:\/\/origon-eu.com\/#website\"},\"primaryImageOfPage\":{\"@id\":\"https:\/\/origon-eu.com\/product\/4k-camera-drone-hd-camera-mini-drone\/#primaryimage\"},\"image\":{\"@id\":\"https:\/\/origon-eu.com\/product\/4k-camera-drone-hd-camera-mini-drone\/#primaryimage\"},\"thumbnailUrl\":\"https:\/\/origon-eu.com\/wp-content\/uploads\/2025\/02\/dr1.webp\",\"datePublished\":\"2025-02-17T13:05:28+00:00\",\"dateModified\":\"2025-03-01T17:16:03+00:00\",\"breadcrumb\":{\"@id\":\"https:\/\/origon-eu.com\/product\/4k-camera-drone-hd-camera-mini-drone\/#breadcrumb\"},\"inLanguage\":\"hu\",\"potentialAction\":[{\"@type\":\"ReadAction\",\"target\":[\"https:\/\/origon-eu.com\/product\/4k-camera-drone-hd-camera-mini-drone\/\"]}]},{\"@type\":\"ImageObject\",\"inLanguage\":\"hu\",\"@id\":\"https:\/\/origon-eu.com\/product\/4k-camera-drone-hd-camera-mini-drone\/#primaryimage\",\"url\":\"https:\/\/origon-eu.com\/wp-content\/uploads\/2025\/02\/dr1.webp\",\"contentUrl\":\"https:\/\/origon-eu.com\/wp-content\/uploads\/2025\/02\/dr1.webp\",\"width\":1000,\"height\":1000},{\"@type\":\"BreadcrumbList\",\"@id\":\"https:\/\/origon-eu.com\/product\/4k-camera-drone-hd-camera-mini-drone\/#breadcrumb\",\"itemListElement\":[{\"@type\":\"ListItem\",\"position\":1,\"name\":\"Home\",\"item\":\"https:\/\/origon-eu.com\/\"},{\"@type\":\"ListItem\",\"position\":2,\"name\":\"\u00dczlet\",\"item\":\"https:\/\/origon-eu.com\/hu\/shop-2\/\"},{\"@type\":\"ListItem\",\"position\":3,\"name\":\"4k kamer\u00e1s Drone HD kamera Mini Drone\"}]},{\"@type\":\"WebSite\",\"@id\":\"https:\/\/origon-eu.com\/#website\",\"url\":\"https:\/\/origon-eu.com\/\",\"name\":\"Origon EU\",\"description\":\"Online Store\",\"publisher\":{\"@id\":\"https:\/\/origon-eu.com\/#organization\"},\"potentialAction\":[{\"@type\":\"SearchAction\",\"target\":{\"@type\":\"EntryPoint\",\"urlTemplate\":\"https:\/\/origon-eu.com\/?s={search_term_string}\"},\"query-input\":{\"@type\":\"PropertyValueSpecification\",\"valueRequired\":true,\"valueName\":\"search_term_string\"}}],\"inLanguage\":\"hu\"},{\"@type\":\"Organization\",\"@id\":\"https:\/\/origon-eu.com\/#organization\",\"name\":\"Origon EU\",\"url\":\"https:\/\/origon-eu.com\/\",\"logo\":{\"@type\":\"ImageObject\",\"inLanguage\":\"hu\",\"@id\":\"https:\/\/origon-eu.com\/#\/schema\/logo\/image\/\",\"url\":\"https:\/\/origon-eu.com\/wp-content\/uploads\/2024\/04\/Screenshot-2024-04-09-101814.png\",\"contentUrl\":\"https:\/\/origon-eu.com\/wp-content\/uploads\/2024\/04\/Screenshot-2024-04-09-101814.png\",\"width\":171,\"height\":59,\"caption\":\"Origon EU\"},\"image\":{\"@id\":\"https:\/\/origon-eu.com\/#\/schema\/logo\/image\/\"}}]}<\/script>\n<!-- \/ Yoast SEO plugin. -->","yoast_head_json":{"title":"4k kamer\u00e1s Drone HD kamera Mini Drone - Origon EU","robots":{"index":"index","follow":"follow","max-snippet":"max-snippet:-1","max-image-preview":"max-image-preview:large","max-video-preview":"max-video-preview:-1"},"canonical":"https:\/\/origon-eu.com\/product\/4k-camera-drone-hd-camera-mini-drone\/","og_locale":"hu_HU","og_type":"article","og_title":"4k kamer\u00e1s Drone HD kamera Mini Drone - Origon EU","og_description":"\u00d6sszecsukhat\u00f3 MINI DRONE WIFI kamer\u00e1val HD FPV t\u00e1vir\u00e1ny\u00edt\u00f3val","og_url":"https:\/\/origon-eu.com\/product\/4k-camera-drone-hd-camera-mini-drone\/","og_site_name":"Origon EU","article_modified_time":"2025-03-01T17:16:03+00:00","og_image":[{"width":1000,"height":1000,"url":"https:\/\/origon-eu.com\/wp-content\/uploads\/2025\/02\/dr1.webp","type":"image\/webp"}],"twitter_card":"summary_large_image","twitter_misc":{"Becs\u00fclt olvas\u00e1si id\u0151":"2 perc"},"schema":{"@context":"https:\/\/schema.org","@graph":[{"@type":"WebPage","@id":"https:\/\/origon-eu.com\/product\/4k-camera-drone-hd-camera-mini-drone\/","url":"https:\/\/origon-eu.com\/product\/4k-camera-drone-hd-camera-mini-drone\/","name":"4k kamer\u00e1s Drone HD kamera Mini Drone - Origon EU","isPartOf":{"@id":"https:\/\/origon-eu.com\/#website"},"primaryImageOfPage":{"@id":"https:\/\/origon-eu.com\/product\/4k-camera-drone-hd-camera-mini-drone\/#primaryimage"},"image":{"@id":"https:\/\/origon-eu.com\/product\/4k-camera-drone-hd-camera-mini-drone\/#primaryimage"},"thumbnailUrl":"https:\/\/origon-eu.com\/wp-content\/uploads\/2025\/02\/dr1.webp","datePublished":"2025-02-17T13:05:28+00:00","dateModified":"2025-03-01T17:16:03+00:00","breadcrumb":{"@id":"https:\/\/origon-eu.com\/product\/4k-camera-drone-hd-camera-mini-drone\/#breadcrumb"},"inLanguage":"hu","potentialAction":[{"@type":"ReadAction","target":["https:\/\/origon-eu.com\/product\/4k-camera-drone-hd-camera-mini-drone\/"]}]},{"@type":"ImageObject","inLanguage":"hu","@id":"https:\/\/origon-eu.com\/product\/4k-camera-drone-hd-camera-mini-drone\/#primaryimage","url":"https:\/\/origon-eu.com\/wp-content\/uploads\/2025\/02\/dr1.webp","contentUrl":"https:\/\/origon-eu.com\/wp-content\/uploads\/2025\/02\/dr1.webp","width":1000,"height":1000},{"@type":"BreadcrumbList","@id":"https:\/\/origon-eu.com\/product\/4k-camera-drone-hd-camera-mini-drone\/#breadcrumb","itemListElement":[{"@type":"ListItem","position":1,"name":"Home","item":"https:\/\/origon-eu.com\/"},{"@type":"ListItem","position":2,"name":"\u00dczlet","item":"https:\/\/origon-eu.com\/hu\/shop-2\/"},{"@type":"ListItem","position":3,"name":"4k kamer\u00e1s Drone HD kamera Mini Drone"}]},{"@type":"WebSite","@id":"https:\/\/origon-eu.com\/#website","url":"https:\/\/origon-eu.com\/","name":"Origon EU","description":"Online Store","publisher":{"@id":"https:\/\/origon-eu.com\/#organization"},"potentialAction":[{"@type":"SearchAction","target":{"@type":"EntryPoint","urlTemplate":"https:\/\/origon-eu.com\/?s={search_term_string}"},"query-input":{"@type":"PropertyValueSpecification","valueRequired":true,"valueName":"search_term_string"}}],"inLanguage":"hu"},{"@type":"Organization","@id":"https:\/\/origon-eu.com\/#organization","name":"Origon EU","url":"https:\/\/origon-eu.com\/","logo":{"@type":"ImageObject","inLanguage":"hu","@id":"https:\/\/origon-eu.com\/#\/schema\/logo\/image\/","url":"https:\/\/origon-eu.com\/wp-content\/uploads\/2024\/04\/Screenshot-2024-04-09-101814.png","contentUrl":"https:\/\/origon-eu.com\/wp-content\/uploads\/2024\/04\/Screenshot-2024-04-09-101814.png","width":171,"height":59,"caption":"Origon EU"},"image":{"@id":"https:\/\/origon-eu.com\/#\/schema\/logo\/image\/"}}]}},"tiered_pricing_type":"fixed","tiered_pricing_fixed_rules":[],"tiered_pricing_percentage_rules":[],"tiered_pricing_minimum":1,"tiered_pricing_roles_data":[],"_links":{"self":[{"href":"https:\/\/origon-eu.com\/hu\/wp-json\/wp\/v2\/product\/34828","targetHints":{"allow":["GET"]}}],"collection":[{"href":"https:\/\/origon-eu.com\/hu\/wp-json\/wp\/v2\/product"}],"about":[{"href":"https:\/\/origon-eu.com\/hu\/wp-json\/wp\/v2\/types\/product"}],"version-history":[{"count":2,"href":"https:\/\/origon-eu.com\/hu\/wp-json\/wp\/v2\/product\/34828\/revisions"}],"predecessor-version":[{"id":34831,"href":"https:\/\/origon-eu.com\/hu\/wp-json\/wp\/v2\/product\/34828\/revisions\/34831"}],"wp:featuredmedia":[{"embeddable":true,"href":"https:\/\/origon-eu.com\/hu\/wp-json\/wp\/v2\/media\/34597"}],"wp:attachment":[{"href":"https:\/\/origon-eu.com\/hu\/wp-json\/wp\/v2\/media?parent=34828"}],"wp:term":[{"taxonomy":"product_cat","embeddable":true,"href":"https:\/\/origon-eu.com\/hu\/wp-json\/wp\/v2\/product_cat?post=34828"},{"taxonomy":"product_tag","embeddable":true,"href":"https:\/\/origon-eu.com\/hu\/wp-json\/wp\/v2\/product_tag?post=34828"}],"curies":[{"name":"wp","href":"https:\/\/api.w.org\/{rel}","templated":true}]}}