{"id":34784,"date":"2025-02-17T14:51:11","date_gmt":"2025-02-17T12:51:11","guid":{"rendered":"https:\/\/origon-eu.com\/product\/waterproof-sleeveless-heated-vest\/"},"modified":"2025-02-17T16:37:25","modified_gmt":"2025-02-17T14:37:25","slug":"waterproof-sleeveless-heated-vest","status":"publish","type":"product","link":"https:\/\/origon-eu.com\/hu\/product\/waterproof-sleeveless-heated-vest\/","title":{"rendered":"V\u00edz\u00e1ll\u00f3, ujjatlan f\u0171t\u00f6tt mell\u00e9ny"},"content":{"rendered":"<p class=\"\" style=\"text-align: center;\"><span class=\"\" data-sheets-root=\"1\">Maradjon melegen a FLAMEVEST seg\u00edts\u00e9g\u00e9vel, amely a legjobb t\u00e1rs a hideg id\u0151ben. Ez a h\u00e1rom f\u0171t\u0151elemmel \u00e9s egy nyakmeleg\u00edt\u0151vel ell\u00e1tott mell\u00e9ny m\u00e9g a legalacsonyabb h\u0151m\u00e9rs\u00e9kleten is k\u00e9nyelmet biztos\u00edt.<\/span><\/p>\n<p class=\"\" style=\"text-align: center;\">V\u00e1lassza ki az ide\u00e1lis meleget a 3 \u00e1ll\u00edthat\u00f3 h\u0151fokozattal. A gombon l\u00e9v\u0151 k\u00fcl\u00f6nb\u00f6z\u0151 sz\u00edn\u0171 LED-ek mutatj\u00e1k a kiv\u00e1lasztott h\u0151fokot. N\u00e9h\u00e1ny m\u00e1sodperc alatt felmelegszik, \u00e9s gyorsan meg\u00f3vja \u00d6nt a hidegt\u0151l.<\/p>\n<p><a href=\"https:\/\/origon-eu.com\/wp-content\/uploads\/2025\/02\/FLAMEVEST23689__df70ff35__314d8cf4__bc20f51a.webp\"><img fetchpriority=\"high\" decoding=\"async\" class=\"alignnone size-full wp-image-34482\" src=\"https:\/\/origon-eu.com\/wp-content\/uploads\/2025\/02\/FLAMEVEST23689__df70ff35__314d8cf4__bc20f51a.webp\" alt=\"\" width=\"600\" height=\"600\" srcset=\"https:\/\/origon-eu.com\/wp-content\/uploads\/2025\/02\/FLAMEVEST23689__df70ff35__314d8cf4__bc20f51a.webp 600w, https:\/\/origon-eu.com\/wp-content\/uploads\/2025\/02\/FLAMEVEST23689__df70ff35__314d8cf4__bc20f51a-300x300.webp 300w, https:\/\/origon-eu.com\/wp-content\/uploads\/2025\/02\/FLAMEVEST23689__df70ff35__314d8cf4__bc20f51a-150x150.webp 150w\" sizes=\"(max-width: 600px) 100vw, 600px\" \/><\/a><\/p>\n<p>&nbsp;<\/p>\n<p class=\"\" style=\"text-align: center;\"><strong class=\"\">\ufe0f Sokoldal\u00fa felhaszn\u00e1l\u00e1s<\/strong><\/p>\n<p class=\"\" style=\"text-align: center;\"><span class=\"\" data-sheets-root=\"1\">Ezt a meleg mell\u00e9nyt k\u00fcl\u00f6nf\u00e9le tev\u00e9kenys\u00e9gekhez tervezt\u00e9k. Haszn\u00e1lja s\u00e9t\u00e1hoz, t\u00far\u00e1z\u00e1shoz, s\u00edel\u00e9shez, fut\u00e1shoz, horg\u00e1szathoz vagy b\u00e1rmilyen m\u00e1s tev\u00e9kenys\u00e9ghez. \u00c9s term\u00e9szetesen mindennapi viseletre is alkalmas. Tart\u00f3s, k\u00f6nny\u0171, k\u00e9nyelmes \u00e9s nem akad\u00e1lyozza a mozg\u00e1st.<\/span><\/p>\n<p class=\"\" style=\"text-align: center;\"><a href=\"https:\/\/origon-eu.com\/wp-content\/uploads\/2025\/02\/FLAMEVEST24714__2edd0ddf__cda0b823__565c209d-1.webp\"><img decoding=\"async\" class=\"alignnone size-full wp-image-34492\" src=\"https:\/\/origon-eu.com\/wp-content\/uploads\/2025\/02\/FLAMEVEST24714__2edd0ddf__cda0b823__565c209d-1.webp\" alt=\"\" width=\"600\" height=\"601\" srcset=\"https:\/\/origon-eu.com\/wp-content\/uploads\/2025\/02\/FLAMEVEST24714__2edd0ddf__cda0b823__565c209d-1.webp 600w, https:\/\/origon-eu.com\/wp-content\/uploads\/2025\/02\/FLAMEVEST24714__2edd0ddf__cda0b823__565c209d-1-300x300.webp 300w, https:\/\/origon-eu.com\/wp-content\/uploads\/2025\/02\/FLAMEVEST24714__2edd0ddf__cda0b823__565c209d-1-150x150.webp 150w\" sizes=\"(max-width: 600px) 100vw, 600px\" \/><\/a><a href=\"https:\/\/origon-eu.com\/wp-content\/uploads\/2025\/02\/FLAMEVEST24714__2edd0ddf__cda0b823__565c209d-1.webp\">&gt;&lt;\/a<\/a><\/p>\n<p class=\"\" style=\"text-align: center;\"><strong class=\"\"> K\u00f6nnyen tiszt\u00edthat\u00f3<\/strong><\/p>\n<p class=\"\" style=\"text-align: center;\"><span class=\"\" data-sheets-root=\"1\">A mell\u00e9ny k\u00e9zzel moshat\u00f3, \u00edgy k\u00f6nnyen tiszt\u00e1n tarthat\u00f3, \u00e9s k\u00e9szen \u00e1ll a k\u00f6vetkez\u0151 kalandra. Tart\u00f3s \u00e9s tart\u00f3s, ez\u00e9rt mindennapi haszn\u00e1latra k\u00e9sz\u00fclt.<\/span><\/p>\n<p class=\"\" style=\"text-align: center;\"><a href=\"https:\/\/origon-eu.com\/wp-content\/uploads\/2025\/02\/FLAMEVEST22689__7c5c5fde__e9d16f8b__1ef41ffb.webp\"><img decoding=\"async\" class=\"lalignnone4 size-9\" src=\"https:\/\/origon-eu.com\/wp-content\/uploads\/2025\/02\/FLAMEVEST22689__7c5c5fde__e9d16f8b__1ef41ffb.webp\" alt=\"\" width=\"600\" height=\"600\" \/><\/a><\/p>\n<p class=\"\" style=\"text-align: center;\"><strong class=\"\">Term\u00e9kle\u00edr\u00e1sok:<\/strong><\/p>\n<p class=\"\" style=\"text-align: center;\"><span class=\"\" data-sheets-root=\"1\">Anyaga: 100% poli\u00e9szter<br \/>\nT\u00e1pell\u00e1t\u00e1s: DC 5V 2A<\/span><\/p>\n<p class=\"\" style=\"text-align: center;\"><strong class=\"\">A csomag tartalma:<\/strong><\/p>\n<p class=\"\" style=\"text-align: center;\"><span class=\"\" data-sheets-root=\"1\">1 FLAMEVEST (unisex f\u0171t\u0151mell\u00e9ny)<\/span><\/p>\n","protected":false},"excerpt":{"rendered":"<ul>\n<li>&lt;ul&gt;<br \/>\n&lt;li&gt;5 m\u00e1sodperc alatt gyorsan felmelegszik&lt;\/li&gt;<br \/>\n&lt;li&gt;\u00a03 \u00e1ll\u00edthat\u00f3 h\u0151fokozat&lt;\/li&gt;<br \/>\n&lt;li&gt;\ufe0f Extra melegs\u00e9g a nyaknak&lt;\/li&gt;<br \/>\n&lt;li&gt;K\u00e9zzel moshat\u00f3 az egyszer\u0171 karbantart\u00e1s \u00e9rdek\u00e9ben&lt;\/li&gt;<br \/>\n&lt;li&gt;USB t\u00e1pell\u00e1t\u00e1s a k\u00e9nyelem \u00e9rdek\u00e9ben&lt;\/li&gt;<br \/>\n&lt;\/ul&gt;<\/li>\n<\/ul>\n","protected":false},"featured_media":34512,"template":"","meta":[],"product_cat":[275],"product_tag":[],"class_list":{"0":"post-34784","1":"product","2":"type-product","3":"status-publish","4":"has-post-thumbnail","6":"product_cat-divat","8":"first","9":"instock","10":"sale","11":"shipping-taxable","12":"purchasable","13":"product-type-simple"},"yoast_head":"<!-- This site is optimized with the Yoast SEO plugin v24.2 - https:\/\/yoast.com\/wordpress\/plugins\/seo\/ -->\n<title>V\u00edz\u00e1ll\u00f3, ujjatlan f\u0171t\u00f6tt mell\u00e9ny - Origon EU<\/title>\n<meta name=\"robots\" content=\"index, follow, max-snippet:-1, max-image-preview:large, max-video-preview:-1\" \/>\n<link rel=\"canonical\" href=\"https:\/\/origon-eu.com\/hu\/product\/waterproof-sleeveless-heated-vest\/\" \/>\n<meta property=\"og:locale\" content=\"hu_HU\" \/>\n<meta property=\"og:type\" content=\"article\" \/>\n<meta property=\"og:title\" content=\"V\u00edz\u00e1ll\u00f3, ujjatlan f\u0171t\u00f6tt mell\u00e9ny - Origon EU\" \/>\n<meta property=\"og:description\" content=\"&lt;ul&gt; &lt;li&gt;5 m\u00e1sodperc alatt gyorsan felmelegszik&lt;\/li&gt; &lt;li&gt;\u00a03 \u00e1ll\u00edthat\u00f3 h\u0151fokozat&lt;\/li&gt; &lt;li&gt;\ufe0f Extra melegs\u00e9g a nyaknak&lt;\/li&gt; &lt;li&gt;K\u00e9zzel moshat\u00f3 az egyszer\u0171 karbantart\u00e1s \u00e9rdek\u00e9ben&lt;\/li&gt; &lt;li&gt;USB t\u00e1pell\u00e1t\u00e1s a k\u00e9nyelem \u00e9rdek\u00e9ben&lt;\/li&gt; &lt;\/ul&gt;\" \/>\n<meta property=\"og:url\" content=\"https:\/\/origon-eu.com\/hu\/product\/waterproof-sleeveless-heated-vest\/\" \/>\n<meta property=\"og:site_name\" content=\"Origon EU\" \/>\n<meta property=\"article:modified_time\" content=\"2025-02-17T14:37:25+00:00\" \/>\n<meta property=\"og:image\" content=\"https:\/\/origon-eu.com\/wp-content\/uploads\/2025\/02\/FLAMEVEST11748__ceca131a__7d7d09f6.jpg\" \/>\n\t<meta property=\"og:image:width\" content=\"600\" \/>\n\t<meta property=\"og:image:height\" content=\"600\" \/>\n\t<meta property=\"og:image:type\" content=\"image\/jpeg\" \/>\n<meta name=\"twitter:card\" content=\"summary_large_image\" \/>\n<meta name=\"twitter:label1\" content=\"Becs\u00fclt olvas\u00e1si id\u0151\" \/>\n\t<meta name=\"twitter:data1\" content=\"2 perc\" \/>\n<script type=\"application\/ld+json\" class=\"yoast-schema-graph\">{\"@context\":\"https:\/\/schema.org\",\"@graph\":[{\"@type\":\"WebPage\",\"@id\":\"https:\/\/origon-eu.com\/hu\/product\/waterproof-sleeveless-heated-vest\/\",\"url\":\"https:\/\/origon-eu.com\/hu\/product\/waterproof-sleeveless-heated-vest\/\",\"name\":\"V\u00edz\u00e1ll\u00f3, ujjatlan f\u0171t\u00f6tt mell\u00e9ny - Origon EU\",\"isPartOf\":{\"@id\":\"https:\/\/origon-eu.com\/#website\"},\"primaryImageOfPage\":{\"@id\":\"https:\/\/origon-eu.com\/hu\/product\/waterproof-sleeveless-heated-vest\/#primaryimage\"},\"image\":{\"@id\":\"https:\/\/origon-eu.com\/hu\/product\/waterproof-sleeveless-heated-vest\/#primaryimage\"},\"thumbnailUrl\":\"https:\/\/origon-eu.com\/wp-content\/uploads\/2025\/02\/FLAMEVEST11748__ceca131a__7d7d09f6.jpg\",\"datePublished\":\"2025-02-17T12:51:11+00:00\",\"dateModified\":\"2025-02-17T14:37:25+00:00\",\"breadcrumb\":{\"@id\":\"https:\/\/origon-eu.com\/hu\/product\/waterproof-sleeveless-heated-vest\/#breadcrumb\"},\"inLanguage\":\"hu\",\"potentialAction\":[{\"@type\":\"ReadAction\",\"target\":[\"https:\/\/origon-eu.com\/hu\/product\/waterproof-sleeveless-heated-vest\/\"]}]},{\"@type\":\"ImageObject\",\"inLanguage\":\"hu\",\"@id\":\"https:\/\/origon-eu.com\/hu\/product\/waterproof-sleeveless-heated-vest\/#primaryimage\",\"url\":\"https:\/\/origon-eu.com\/wp-content\/uploads\/2025\/02\/FLAMEVEST11748__ceca131a__7d7d09f6.jpg\",\"contentUrl\":\"https:\/\/origon-eu.com\/wp-content\/uploads\/2025\/02\/FLAMEVEST11748__ceca131a__7d7d09f6.jpg\",\"width\":600,\"height\":600},{\"@type\":\"BreadcrumbList\",\"@id\":\"https:\/\/origon-eu.com\/hu\/product\/waterproof-sleeveless-heated-vest\/#breadcrumb\",\"itemListElement\":[{\"@type\":\"ListItem\",\"position\":1,\"name\":\"Home\",\"item\":\"https:\/\/origon-eu.com\/\"},{\"@type\":\"ListItem\",\"position\":2,\"name\":\"\u00dczlet\",\"item\":\"https:\/\/origon-eu.com\/hu\/shop-2\/\"},{\"@type\":\"ListItem\",\"position\":3,\"name\":\"V\u00edz\u00e1ll\u00f3, ujjatlan f\u0171t\u00f6tt mell\u00e9ny\"}]},{\"@type\":\"WebSite\",\"@id\":\"https:\/\/origon-eu.com\/#website\",\"url\":\"https:\/\/origon-eu.com\/\",\"name\":\"Origon EU\",\"description\":\"Online Store\",\"publisher\":{\"@id\":\"https:\/\/origon-eu.com\/#organization\"},\"potentialAction\":[{\"@type\":\"SearchAction\",\"target\":{\"@type\":\"EntryPoint\",\"urlTemplate\":\"https:\/\/origon-eu.com\/?s={search_term_string}\"},\"query-input\":{\"@type\":\"PropertyValueSpecification\",\"valueRequired\":true,\"valueName\":\"search_term_string\"}}],\"inLanguage\":\"hu\"},{\"@type\":\"Organization\",\"@id\":\"https:\/\/origon-eu.com\/#organization\",\"name\":\"Origon EU\",\"url\":\"https:\/\/origon-eu.com\/\",\"logo\":{\"@type\":\"ImageObject\",\"inLanguage\":\"hu\",\"@id\":\"https:\/\/origon-eu.com\/#\/schema\/logo\/image\/\",\"url\":\"https:\/\/origon-eu.com\/wp-content\/uploads\/2024\/04\/Screenshot-2024-04-09-101814.png\",\"contentUrl\":\"https:\/\/origon-eu.com\/wp-content\/uploads\/2024\/04\/Screenshot-2024-04-09-101814.png\",\"width\":171,\"height\":59,\"caption\":\"Origon EU\"},\"image\":{\"@id\":\"https:\/\/origon-eu.com\/#\/schema\/logo\/image\/\"}}]}<\/script>\n<!-- \/ Yoast SEO plugin. -->","yoast_head_json":{"title":"V\u00edz\u00e1ll\u00f3, ujjatlan f\u0171t\u00f6tt mell\u00e9ny - Origon EU","robots":{"index":"index","follow":"follow","max-snippet":"max-snippet:-1","max-image-preview":"max-image-preview:large","max-video-preview":"max-video-preview:-1"},"canonical":"https:\/\/origon-eu.com\/hu\/product\/waterproof-sleeveless-heated-vest\/","og_locale":"hu_HU","og_type":"article","og_title":"V\u00edz\u00e1ll\u00f3, ujjatlan f\u0171t\u00f6tt mell\u00e9ny - Origon EU","og_description":"&lt;ul&gt; &lt;li&gt;5 m\u00e1sodperc alatt gyorsan felmelegszik&lt;\/li&gt; &lt;li&gt;\u00a03 \u00e1ll\u00edthat\u00f3 h\u0151fokozat&lt;\/li&gt; &lt;li&gt;\ufe0f Extra melegs\u00e9g a nyaknak&lt;\/li&gt; &lt;li&gt;K\u00e9zzel moshat\u00f3 az egyszer\u0171 karbantart\u00e1s \u00e9rdek\u00e9ben&lt;\/li&gt; &lt;li&gt;USB t\u00e1pell\u00e1t\u00e1s a k\u00e9nyelem \u00e9rdek\u00e9ben&lt;\/li&gt; &lt;\/ul&gt;","og_url":"https:\/\/origon-eu.com\/hu\/product\/waterproof-sleeveless-heated-vest\/","og_site_name":"Origon EU","article_modified_time":"2025-02-17T14:37:25+00:00","og_image":[{"width":600,"height":600,"url":"https:\/\/origon-eu.com\/wp-content\/uploads\/2025\/02\/FLAMEVEST11748__ceca131a__7d7d09f6.jpg","type":"image\/jpeg"}],"twitter_card":"summary_large_image","twitter_misc":{"Becs\u00fclt olvas\u00e1si id\u0151":"2 perc"},"schema":{"@context":"https:\/\/schema.org","@graph":[{"@type":"WebPage","@id":"https:\/\/origon-eu.com\/hu\/product\/waterproof-sleeveless-heated-vest\/","url":"https:\/\/origon-eu.com\/hu\/product\/waterproof-sleeveless-heated-vest\/","name":"V\u00edz\u00e1ll\u00f3, ujjatlan f\u0171t\u00f6tt mell\u00e9ny - Origon EU","isPartOf":{"@id":"https:\/\/origon-eu.com\/#website"},"primaryImageOfPage":{"@id":"https:\/\/origon-eu.com\/hu\/product\/waterproof-sleeveless-heated-vest\/#primaryimage"},"image":{"@id":"https:\/\/origon-eu.com\/hu\/product\/waterproof-sleeveless-heated-vest\/#primaryimage"},"thumbnailUrl":"https:\/\/origon-eu.com\/wp-content\/uploads\/2025\/02\/FLAMEVEST11748__ceca131a__7d7d09f6.jpg","datePublished":"2025-02-17T12:51:11+00:00","dateModified":"2025-02-17T14:37:25+00:00","breadcrumb":{"@id":"https:\/\/origon-eu.com\/hu\/product\/waterproof-sleeveless-heated-vest\/#breadcrumb"},"inLanguage":"hu","potentialAction":[{"@type":"ReadAction","target":["https:\/\/origon-eu.com\/hu\/product\/waterproof-sleeveless-heated-vest\/"]}]},{"@type":"ImageObject","inLanguage":"hu","@id":"https:\/\/origon-eu.com\/hu\/product\/waterproof-sleeveless-heated-vest\/#primaryimage","url":"https:\/\/origon-eu.com\/wp-content\/uploads\/2025\/02\/FLAMEVEST11748__ceca131a__7d7d09f6.jpg","contentUrl":"https:\/\/origon-eu.com\/wp-content\/uploads\/2025\/02\/FLAMEVEST11748__ceca131a__7d7d09f6.jpg","width":600,"height":600},{"@type":"BreadcrumbList","@id":"https:\/\/origon-eu.com\/hu\/product\/waterproof-sleeveless-heated-vest\/#breadcrumb","itemListElement":[{"@type":"ListItem","position":1,"name":"Home","item":"https:\/\/origon-eu.com\/"},{"@type":"ListItem","position":2,"name":"\u00dczlet","item":"https:\/\/origon-eu.com\/hu\/shop-2\/"},{"@type":"ListItem","position":3,"name":"V\u00edz\u00e1ll\u00f3, ujjatlan f\u0171t\u00f6tt mell\u00e9ny"}]},{"@type":"WebSite","@id":"https:\/\/origon-eu.com\/#website","url":"https:\/\/origon-eu.com\/","name":"Origon EU","description":"Online Store","publisher":{"@id":"https:\/\/origon-eu.com\/#organization"},"potentialAction":[{"@type":"SearchAction","target":{"@type":"EntryPoint","urlTemplate":"https:\/\/origon-eu.com\/?s={search_term_string}"},"query-input":{"@type":"PropertyValueSpecification","valueRequired":true,"valueName":"search_term_string"}}],"inLanguage":"hu"},{"@type":"Organization","@id":"https:\/\/origon-eu.com\/#organization","name":"Origon EU","url":"https:\/\/origon-eu.com\/","logo":{"@type":"ImageObject","inLanguage":"hu","@id":"https:\/\/origon-eu.com\/#\/schema\/logo\/image\/","url":"https:\/\/origon-eu.com\/wp-content\/uploads\/2024\/04\/Screenshot-2024-04-09-101814.png","contentUrl":"https:\/\/origon-eu.com\/wp-content\/uploads\/2024\/04\/Screenshot-2024-04-09-101814.png","width":171,"height":59,"caption":"Origon EU"},"image":{"@id":"https:\/\/origon-eu.com\/#\/schema\/logo\/image\/"}}]}},"tiered_pricing_type":"fixed","tiered_pricing_fixed_rules":[],"tiered_pricing_percentage_rules":[],"tiered_pricing_minimum":1,"tiered_pricing_roles_data":[],"_links":{"self":[{"href":"https:\/\/origon-eu.com\/hu\/wp-json\/wp\/v2\/product\/34784","targetHints":{"allow":["GET"]}}],"collection":[{"href":"https:\/\/origon-eu.com\/hu\/wp-json\/wp\/v2\/product"}],"about":[{"href":"https:\/\/origon-eu.com\/hu\/wp-json\/wp\/v2\/types\/product"}],"version-history":[{"count":3,"href":"https:\/\/origon-eu.com\/hu\/wp-json\/wp\/v2\/product\/34784\/revisions"}],"predecessor-version":[{"id":34787,"href":"https:\/\/origon-eu.com\/hu\/wp-json\/wp\/v2\/product\/34784\/revisions\/34787"}],"wp:featuredmedia":[{"embeddable":true,"href":"https:\/\/origon-eu.com\/hu\/wp-json\/wp\/v2\/media\/34512"}],"wp:attachment":[{"href":"https:\/\/origon-eu.com\/hu\/wp-json\/wp\/v2\/media?parent=34784"}],"wp:term":[{"taxonomy":"product_cat","embeddable":true,"href":"https:\/\/origon-eu.com\/hu\/wp-json\/wp\/v2\/product_cat?post=34784"},{"taxonomy":"product_tag","embeddable":true,"href":"https:\/\/origon-eu.com\/hu\/wp-json\/wp\/v2\/product_tag?post=34784"}],"curies":[{"name":"wp","href":"https:\/\/api.w.org\/{rel}","templated":true}]}}