{"id":33026,"date":"2025-01-09T22:19:01","date_gmt":"2025-01-09T20:19:01","guid":{"rendered":"https:\/\/origon-eu.com\/product\/electric-stainless-steel-food-processors-mixer-2l\/"},"modified":"2025-02-19T14:06:32","modified_gmt":"2025-02-19T12:06:32","slug":"electric-stainless-steel-food-processors-mixer-2l","status":"publish","type":"product","link":"https:\/\/origon-eu.com\/hu\/product\/electric-stainless-steel-food-processors-mixer-2l\/","title":{"rendered":"Elektromos rozsdamentes ac\u00e9l konyhai robotg\u00e9pek mixer 2L"},"content":{"rendered":"<div class=\"product-specs-list-container\">\n<p>Jellemz\u0151k:<\/p>\n<p>1: Finom kever\u00e9si m\u00e1sodpercek alatt s\u00e1r lesz, v\u00e1logat\u00f3s \u00edzlel\u0151bimb\u00f3k, t\u00f6bb\u00e9 nem kell kem\u00e9nyen dolgozni,<\/p>\n<p>mindenf\u00e9le hozz\u00e1val\u00f3t, ahogy szereted<\/p>\n<p>2: Gyors \u00e9s lass\u00fa kett\u0151s sebess\u00e9gfokozat, amely szabadon megragadja a finoms\u00e1g fok\u00e1t, az \u00f6sszetev\u0151k l\u00e1gys\u00e1g\u00e1nak \u00e9s kem\u00e9nys\u00e9g\u00e9nek foka szerint, v\u00e1lassza ki a sebess\u00e9gfokozatot, k\u00fcl\u00f6nb\u00f6z\u0151 sebess\u00e9ggel a k\u00fcl\u00f6nb\u00f6z\u0151 finoms\u00e1gok elrendez\u00e9s\u00e9hez<\/p>\n<p>3. A felszerel\u00e9s az \u00f6sszetev\u0151k l\u00e1gys\u00e1ga \u00e9s kem\u00e9nys\u00e9ge szerint v\u00e1laszthat\u00f3. A dar\u00e1lt h\u00fas \u00e9s z\u00f6lds\u00e9gek k\u00e9t sebess\u00e9ge kiel\u00e9g\u00edti a csal\u00e1d k\u00fcl\u00f6nb\u00f6z\u0151 \u00edzl\u00e9s\u00e9t.<\/p>\n<p>4. nagy kapacit\u00e1s, elegend\u0151 a csal\u00e1di bankettek ig\u00e9nyeinek kiel\u00e9g\u00edt\u00e9s\u00e9re, tiszta r\u00e9z tekercsel\u0151 motor, 4 dimenzi\u00f3s, n\u00e9gyr\u00e9teg\u0171 peng\u00e9vel, gyorsan, 6 m\u00e1sodperc alatt finomra dar\u00e1lja a h\u00fast.<\/p>\n<p>5. \u00a0304 rozsdamentes ac\u00e9l interf\u00e9sz, er\u0151s \u00e9s kop\u00e1s\u00e1ll\u00f3, sim\u00e1n fut, le\u00e1ll, amikor elengedi, \u00e9s a k\u00e9sk\u00e9szlet azonnal le\u00e1ll, hogy megakad\u00e1lyozza a penge megkarcol\u00f3d\u00e1s\u00e1t, \u00e9s az \u00e9tel nem fr\u00f6ccsen ki.<\/p>\n<p>6.Anti \uff44\uff52\uff4f\uff50 \u200b\u200b\u00e9s nem deform\u00e1l\u00f3dik, \u00fctk\u00f6z\u00e9sg\u00e1tl\u00f3 \u00e9s anti-\uff44\uff52\uff4f\uff50 deform\u00e1ci\u00f3 n\u00e9lk\u00fcl, stabil \u00e9s tapad\u00e1smentes \u00e9lelmiszer. 7.Magas h\u0151m\u00e9rs\u00e9klet\u0171 fert\u0151tlen\u00edt\u00e9s, higi\u00e9nikus \u00e9s tiszta, tiszt\u00edt\u00e1shoz levehet\u0151, kiv\u00e9ve a g\u00e9pfejet, sz\u00e9tszedhet\u0151 \u00e9s k\u00fcl\u00f6n tiszt\u00edthat\u00f3.<\/p>\n<p>Csomaglista:<br \/>\nH\u00fasdar\u00e1l\u00f3 *1<br \/>\nAdapter *1<br \/>\n\u00datmutat\u00f3 *1<br \/>\nSz\u00ednes doboz *1<\/p>\n<p><img decoding=\"async\" src=\"https:\/\/ae01.alicdn.com\/kf\/Sbc5bbb81b9dd400b9437caabd41ca8d7Q.jpg\" \/><img decoding=\"async\" src=\"https:\/\/ae01.alicdn.com\/kf\/S9848ef37d30347b9bfdb8a10e8aef65be.jpg\" \/><img decoding=\"async\" src=\"https:\/\/ae01.alicdn.com\/kf\/Sb4412c72b99b4b848de9d3143747c3b21.jpg\" \/><img decoding=\"async\" src=\"https:\/\/ae01.alicdn.com\/kf\/S85f60a879c63440e8c0abb9c4b51147fs.jpg\" \/><img decoding=\"async\" src=\"https:\/\/ae01.alicdn.com\/kf\/S86b0e42c557840ba883f709622d45bbfO.jpg\" \/><img decoding=\"async\" src=\"https:\/\/ae01.alicdn.com\/kf\/S293a336d492d4f1ca2cd2ccd2b8e99203.jpg\" \/><img decoding=\"async\" src=\"https:\/\/ae01.alicdn.com\/kf\/S83b3d615c77c41c48488b3b6d1ca8222N.jpg\" \/><img decoding=\"async\" src=\"https:\/\/ae01.alicdn.com\/kf\/S840ad252cf114aeba4c4039d7a73f5ccr.jpg\" \/><img decoding=\"async\" src=\"https:\/\/ae01.alicdn.com\/kf\/Sb04aef1447ec4c21af83587f7cf682c6H.jpg\" \/><img decoding=\"async\" src=\"https:\/\/ae01.alicdn.com\/kf\/Sc14f7bdc462b4890bcff173042d9d396v.jpg\" \/><img decoding=\"async\" src=\"https:\/\/ae01.alicdn.com\/kf\/Sc07ab0bc201141b88247f5bc715783cec.jpg\" \/><img decoding=\"async\" src=\"https:\/\/ae01.alicdn.com\/kf\/S54fcfd7d41a0442bb62e4dee8fd9c731W.jpg\" \/><img decoding=\"async\" src=\"https:\/\/ae01.alicdn.com\/kf\/S14efd76020ab4897b60cb277acf97576K.jpg\" \/><img decoding=\"async\" src=\"https:\/\/ae01.alicdn.com\/kf\/S0ec922e85a784cbe836d0c0358c3d154o.jpg\" \/><img decoding=\"async\" src=\"https:\/\/ae01.alicdn.com\/kf\/S137c557e75494bafba9d6dad238488c2o.jpg\" \/><img decoding=\"async\" src=\"https:\/\/ae01.alicdn.com\/kf\/S79e59b52ee59479ea17b3eb74378617cb.jpg\" \/><img decoding=\"async\" src=\"https:\/\/ae01.alicdn.com\/kf\/S2bf7ba15f51c4f2899f27db7448ae482o.jpg\" \/><\/p>\n<\/div>\n","protected":false},"excerpt":{"rendered":"<p>2 literes elektromos h\u00fasdar\u00e1l\u00f3 220 V rozsdamentes ac\u00e9l kever\u0151 z\u00f6lds\u00e9g apr\u00edt\u00f3 turmixg\u00e9p konyhai h\u00e1ztart\u00e1si robotg\u00e9pekhez<\/p>\n","protected":false},"featured_media":32891,"template":"","meta":[],"product_cat":[],"product_tag":[],"class_list":{"0":"post-33026","1":"product","2":"type-product","3":"status-publish","4":"has-post-thumbnail","7":"first","8":"outofstock","9":"sale","10":"shipping-taxable","11":"purchasable","12":"product-type-simple"},"yoast_head":"<!-- This site is optimized with the Yoast SEO plugin v24.2 - https:\/\/yoast.com\/wordpress\/plugins\/seo\/ -->\n<title>Elektromos rozsdamentes ac\u00e9l konyhai robotg\u00e9pek mixer 2L - Origon EU<\/title>\n<meta name=\"robots\" content=\"index, follow, max-snippet:-1, max-image-preview:large, max-video-preview:-1\" \/>\n<link rel=\"canonical\" href=\"https:\/\/origon-eu.com\/hu\/product\/electric-stainless-steel-food-processors-mixer-2l\/\" \/>\n<meta property=\"og:locale\" content=\"hu_HU\" \/>\n<meta property=\"og:type\" content=\"article\" \/>\n<meta property=\"og:title\" content=\"Elektromos rozsdamentes ac\u00e9l konyhai robotg\u00e9pek mixer 2L - Origon EU\" \/>\n<meta property=\"og:description\" content=\"2 literes elektromos h\u00fasdar\u00e1l\u00f3 220 V rozsdamentes ac\u00e9l kever\u0151 z\u00f6lds\u00e9g apr\u00edt\u00f3 turmixg\u00e9p konyhai h\u00e1ztart\u00e1si robotg\u00e9pekhez\" \/>\n<meta property=\"og:url\" content=\"https:\/\/origon-eu.com\/hu\/product\/electric-stainless-steel-food-processors-mixer-2l\/\" \/>\n<meta property=\"og:site_name\" content=\"Origon EU\" \/>\n<meta property=\"article:modified_time\" content=\"2025-02-19T12:06:32+00:00\" \/>\n<meta property=\"og:image\" content=\"https:\/\/origon-eu.com\/wp-content\/uploads\/2025\/01\/kf-Sbc5bbb81b9dd400b9437caabd41ca8d7Q.webp\" \/>\n\t<meta property=\"og:image:width\" content=\"1000\" \/>\n\t<meta property=\"og:image:height\" content=\"1000\" \/>\n\t<meta property=\"og:image:type\" content=\"image\/webp\" \/>\n<meta name=\"twitter:card\" content=\"summary_large_image\" \/>\n<meta name=\"twitter:label1\" content=\"Becs\u00fclt olvas\u00e1si id\u0151\" \/>\n\t<meta name=\"twitter:data1\" content=\"5 perc\" \/>\n<script type=\"application\/ld+json\" class=\"yoast-schema-graph\">{\"@context\":\"https:\/\/schema.org\",\"@graph\":[{\"@type\":\"WebPage\",\"@id\":\"https:\/\/origon-eu.com\/hu\/product\/electric-stainless-steel-food-processors-mixer-2l\/\",\"url\":\"https:\/\/origon-eu.com\/hu\/product\/electric-stainless-steel-food-processors-mixer-2l\/\",\"name\":\"Elektromos rozsdamentes ac\u00e9l konyhai robotg\u00e9pek mixer 2L - Origon EU\",\"isPartOf\":{\"@id\":\"https:\/\/origon-eu.com\/#website\"},\"primaryImageOfPage\":{\"@id\":\"https:\/\/origon-eu.com\/hu\/product\/electric-stainless-steel-food-processors-mixer-2l\/#primaryimage\"},\"image\":{\"@id\":\"https:\/\/origon-eu.com\/hu\/product\/electric-stainless-steel-food-processors-mixer-2l\/#primaryimage\"},\"thumbnailUrl\":\"https:\/\/origon-eu.com\/wp-content\/uploads\/2025\/01\/kf-Sbc5bbb81b9dd400b9437caabd41ca8d7Q.webp\",\"datePublished\":\"2025-01-09T20:19:01+00:00\",\"dateModified\":\"2025-02-19T12:06:32+00:00\",\"breadcrumb\":{\"@id\":\"https:\/\/origon-eu.com\/hu\/product\/electric-stainless-steel-food-processors-mixer-2l\/#breadcrumb\"},\"inLanguage\":\"hu\",\"potentialAction\":[{\"@type\":\"ReadAction\",\"target\":[\"https:\/\/origon-eu.com\/hu\/product\/electric-stainless-steel-food-processors-mixer-2l\/\"]}]},{\"@type\":\"ImageObject\",\"inLanguage\":\"hu\",\"@id\":\"https:\/\/origon-eu.com\/hu\/product\/electric-stainless-steel-food-processors-mixer-2l\/#primaryimage\",\"url\":\"https:\/\/origon-eu.com\/wp-content\/uploads\/2025\/01\/kf-Sbc5bbb81b9dd400b9437caabd41ca8d7Q.webp\",\"contentUrl\":\"https:\/\/origon-eu.com\/wp-content\/uploads\/2025\/01\/kf-Sbc5bbb81b9dd400b9437caabd41ca8d7Q.webp\",\"width\":1000,\"height\":1000},{\"@type\":\"BreadcrumbList\",\"@id\":\"https:\/\/origon-eu.com\/hu\/product\/electric-stainless-steel-food-processors-mixer-2l\/#breadcrumb\",\"itemListElement\":[{\"@type\":\"ListItem\",\"position\":1,\"name\":\"Home\",\"item\":\"https:\/\/origon-eu.com\/\"},{\"@type\":\"ListItem\",\"position\":2,\"name\":\"\u00dczlet\",\"item\":\"https:\/\/origon-eu.com\/hu\/shop-2\/\"},{\"@type\":\"ListItem\",\"position\":3,\"name\":\"Elektromos rozsdamentes ac\u00e9l konyhai robotg\u00e9pek mixer 2L\"}]},{\"@type\":\"WebSite\",\"@id\":\"https:\/\/origon-eu.com\/#website\",\"url\":\"https:\/\/origon-eu.com\/\",\"name\":\"Origon EU\",\"description\":\"Online Store\",\"publisher\":{\"@id\":\"https:\/\/origon-eu.com\/#organization\"},\"potentialAction\":[{\"@type\":\"SearchAction\",\"target\":{\"@type\":\"EntryPoint\",\"urlTemplate\":\"https:\/\/origon-eu.com\/?s={search_term_string}\"},\"query-input\":{\"@type\":\"PropertyValueSpecification\",\"valueRequired\":true,\"valueName\":\"search_term_string\"}}],\"inLanguage\":\"hu\"},{\"@type\":\"Organization\",\"@id\":\"https:\/\/origon-eu.com\/#organization\",\"name\":\"Origon EU\",\"url\":\"https:\/\/origon-eu.com\/\",\"logo\":{\"@type\":\"ImageObject\",\"inLanguage\":\"hu\",\"@id\":\"https:\/\/origon-eu.com\/#\/schema\/logo\/image\/\",\"url\":\"https:\/\/origon-eu.com\/wp-content\/uploads\/2024\/04\/Screenshot-2024-04-09-101814.png\",\"contentUrl\":\"https:\/\/origon-eu.com\/wp-content\/uploads\/2024\/04\/Screenshot-2024-04-09-101814.png\",\"width\":171,\"height\":59,\"caption\":\"Origon EU\"},\"image\":{\"@id\":\"https:\/\/origon-eu.com\/#\/schema\/logo\/image\/\"}}]}<\/script>\n<!-- \/ Yoast SEO plugin. -->","yoast_head_json":{"title":"Elektromos rozsdamentes ac\u00e9l konyhai robotg\u00e9pek mixer 2L - Origon EU","robots":{"index":"index","follow":"follow","max-snippet":"max-snippet:-1","max-image-preview":"max-image-preview:large","max-video-preview":"max-video-preview:-1"},"canonical":"https:\/\/origon-eu.com\/hu\/product\/electric-stainless-steel-food-processors-mixer-2l\/","og_locale":"hu_HU","og_type":"article","og_title":"Elektromos rozsdamentes ac\u00e9l konyhai robotg\u00e9pek mixer 2L - Origon EU","og_description":"2 literes elektromos h\u00fasdar\u00e1l\u00f3 220 V rozsdamentes ac\u00e9l kever\u0151 z\u00f6lds\u00e9g apr\u00edt\u00f3 turmixg\u00e9p konyhai h\u00e1ztart\u00e1si robotg\u00e9pekhez","og_url":"https:\/\/origon-eu.com\/hu\/product\/electric-stainless-steel-food-processors-mixer-2l\/","og_site_name":"Origon EU","article_modified_time":"2025-02-19T12:06:32+00:00","og_image":[{"width":1000,"height":1000,"url":"https:\/\/origon-eu.com\/wp-content\/uploads\/2025\/01\/kf-Sbc5bbb81b9dd400b9437caabd41ca8d7Q.webp","type":"image\/webp"}],"twitter_card":"summary_large_image","twitter_misc":{"Becs\u00fclt olvas\u00e1si id\u0151":"5 perc"},"schema":{"@context":"https:\/\/schema.org","@graph":[{"@type":"WebPage","@id":"https:\/\/origon-eu.com\/hu\/product\/electric-stainless-steel-food-processors-mixer-2l\/","url":"https:\/\/origon-eu.com\/hu\/product\/electric-stainless-steel-food-processors-mixer-2l\/","name":"Elektromos rozsdamentes ac\u00e9l konyhai robotg\u00e9pek mixer 2L - Origon EU","isPartOf":{"@id":"https:\/\/origon-eu.com\/#website"},"primaryImageOfPage":{"@id":"https:\/\/origon-eu.com\/hu\/product\/electric-stainless-steel-food-processors-mixer-2l\/#primaryimage"},"image":{"@id":"https:\/\/origon-eu.com\/hu\/product\/electric-stainless-steel-food-processors-mixer-2l\/#primaryimage"},"thumbnailUrl":"https:\/\/origon-eu.com\/wp-content\/uploads\/2025\/01\/kf-Sbc5bbb81b9dd400b9437caabd41ca8d7Q.webp","datePublished":"2025-01-09T20:19:01+00:00","dateModified":"2025-02-19T12:06:32+00:00","breadcrumb":{"@id":"https:\/\/origon-eu.com\/hu\/product\/electric-stainless-steel-food-processors-mixer-2l\/#breadcrumb"},"inLanguage":"hu","potentialAction":[{"@type":"ReadAction","target":["https:\/\/origon-eu.com\/hu\/product\/electric-stainless-steel-food-processors-mixer-2l\/"]}]},{"@type":"ImageObject","inLanguage":"hu","@id":"https:\/\/origon-eu.com\/hu\/product\/electric-stainless-steel-food-processors-mixer-2l\/#primaryimage","url":"https:\/\/origon-eu.com\/wp-content\/uploads\/2025\/01\/kf-Sbc5bbb81b9dd400b9437caabd41ca8d7Q.webp","contentUrl":"https:\/\/origon-eu.com\/wp-content\/uploads\/2025\/01\/kf-Sbc5bbb81b9dd400b9437caabd41ca8d7Q.webp","width":1000,"height":1000},{"@type":"BreadcrumbList","@id":"https:\/\/origon-eu.com\/hu\/product\/electric-stainless-steel-food-processors-mixer-2l\/#breadcrumb","itemListElement":[{"@type":"ListItem","position":1,"name":"Home","item":"https:\/\/origon-eu.com\/"},{"@type":"ListItem","position":2,"name":"\u00dczlet","item":"https:\/\/origon-eu.com\/hu\/shop-2\/"},{"@type":"ListItem","position":3,"name":"Elektromos rozsdamentes ac\u00e9l konyhai robotg\u00e9pek mixer 2L"}]},{"@type":"WebSite","@id":"https:\/\/origon-eu.com\/#website","url":"https:\/\/origon-eu.com\/","name":"Origon EU","description":"Online Store","publisher":{"@id":"https:\/\/origon-eu.com\/#organization"},"potentialAction":[{"@type":"SearchAction","target":{"@type":"EntryPoint","urlTemplate":"https:\/\/origon-eu.com\/?s={search_term_string}"},"query-input":{"@type":"PropertyValueSpecification","valueRequired":true,"valueName":"search_term_string"}}],"inLanguage":"hu"},{"@type":"Organization","@id":"https:\/\/origon-eu.com\/#organization","name":"Origon EU","url":"https:\/\/origon-eu.com\/","logo":{"@type":"ImageObject","inLanguage":"hu","@id":"https:\/\/origon-eu.com\/#\/schema\/logo\/image\/","url":"https:\/\/origon-eu.com\/wp-content\/uploads\/2024\/04\/Screenshot-2024-04-09-101814.png","contentUrl":"https:\/\/origon-eu.com\/wp-content\/uploads\/2024\/04\/Screenshot-2024-04-09-101814.png","width":171,"height":59,"caption":"Origon EU"},"image":{"@id":"https:\/\/origon-eu.com\/#\/schema\/logo\/image\/"}}]}},"tiered_pricing_type":"fixed","tiered_pricing_fixed_rules":[],"tiered_pricing_percentage_rules":[],"tiered_pricing_minimum":1,"tiered_pricing_roles_data":[],"_links":{"self":[{"href":"https:\/\/origon-eu.com\/hu\/wp-json\/wp\/v2\/product\/33026","targetHints":{"allow":["GET"]}}],"collection":[{"href":"https:\/\/origon-eu.com\/hu\/wp-json\/wp\/v2\/product"}],"about":[{"href":"https:\/\/origon-eu.com\/hu\/wp-json\/wp\/v2\/types\/product"}],"version-history":[{"count":1,"href":"https:\/\/origon-eu.com\/hu\/wp-json\/wp\/v2\/product\/33026\/revisions"}],"predecessor-version":[{"id":33027,"href":"https:\/\/origon-eu.com\/hu\/wp-json\/wp\/v2\/product\/33026\/revisions\/33027"}],"wp:featuredmedia":[{"embeddable":true,"href":"https:\/\/origon-eu.com\/hu\/wp-json\/wp\/v2\/media\/32891"}],"wp:attachment":[{"href":"https:\/\/origon-eu.com\/hu\/wp-json\/wp\/v2\/media?parent=33026"}],"wp:term":[{"taxonomy":"product_cat","embeddable":true,"href":"https:\/\/origon-eu.com\/hu\/wp-json\/wp\/v2\/product_cat?post=33026"},{"taxonomy":"product_tag","embeddable":true,"href":"https:\/\/origon-eu.com\/hu\/wp-json\/wp\/v2\/product_tag?post=33026"}],"curies":[{"name":"wp","href":"https:\/\/api.w.org\/{rel}","templated":true}]}}