{"id":32864,"date":"2025-01-09T12:36:38","date_gmt":"2025-01-09T10:36:38","guid":{"rendered":"https:\/\/origon-eu.com\/product\/wireless-portable-speaker\/"},"modified":"2025-02-23T21:55:44","modified_gmt":"2025-02-23T19:55:44","slug":"wireless-portable-speaker","status":"publish","type":"product","link":"https:\/\/origon-eu.com\/hu\/product\/wireless-portable-speaker\/","title":{"rendered":"Vezet\u00e9k n\u00e9lk\u00fcli hordozhat\u00f3 hangsz\u00f3r\u00f3"},"content":{"rendered":"<p>A k\u00e9szlet tartalma:<br \/>\n1 db. \u00dajrat\u00f6lthet\u0151 karaoke oszlop<br \/>\n1 db. Vezet\u00e9kes mikrofon<br \/>\n1 db. Karaoke rendszer t\u00e1pk\u00e1bel \u2013 220V<br \/>\n1 db. T\u00e1vir\u00e1ny\u00edt\u00f3.<br \/>\nM\u0171szaki jellemz\u0151k:<br \/>\nTeljes\u00edtm\u00e9ny: 8 h\u00fcvelykes m\u00e9lynyom\u00f3<br \/>\nZajszint: 85 dB<br \/>\nFrekvencia: 100Hz \u2013 20kHz<br \/>\nT\u00e1pell\u00e1t\u00e1s: 220V.<\/p>\n<p><a href=\"https:\/\/origon-eu.com\/wp-content\/uploads\/2025\/01\/0084277_kts-1175-bluetooth-wireless-portable-speaker.png\"><img fetchpriority=\"high\" decoding=\"async\" class=\"alignnone size-full wp -k\u00e9p-32672\" src=\"https:\/\/origon-eu.com\/wp-content\/uploads\/2025\/01\/0084277_kts-1175-bluetooth-wireless-portable-speaker.png\" alt=\"\" width=\"700\" height=\"700\" \" \/><\/a><a href=\"https:\/\/origon-eu.com\/wp-content\/uploads\/2025\/01\/prenosima-karaoke-tonkolona-kts-1175-8-s-mikrofon-30848.webp\"><img decoding=\"async\" class=\"alignnone m\u00e9ret-teljes wp-k\u00e9p-32684\" src=\"https:\/\/origon-eu.com\/wp-content\/uploads\/2025\/01\/prenosima-karaoke-tonkolona-kts-1175-8-s-mikrofon-30848.webp\" alt=\"\" width=\" 800\" height=\"600\" \/><\/a><a href=\"https:\/\/origon-eu.com\/wp-content\/uploads\/2025\/01\/prenosima-karaoke-tonkolona-kts-1175-8-s-mikrofon-30847.webp\"><img decoding=\"async\" class=\"alignnone size-full wp-image-32694\" src=\"https:\/\/origon-eu.com\/wp-content\/uploads\/2025\/01\/prenosima-karaoke-tonkolona-kts-1175-8-s-mikrofon-30847.webp\" alt=\"\" width=\" 800\" height=\"600\" srcset=\"https:\/\/origon-eu.com\/wp-content\/uploads\/2025\/01\/prenosima-karaoke-tonkolona-kts-1175-8-s-mikrofon-30847.webp 800w, https:\/\/origon-eu.com\/wp-content\/uploads\/2025\/01\/prenosima-karaoke-tonkolona-kts-1175-8-s-mikrofon-30847-300x225.webp 300w, https:\/\/origon-eu.com\/wp-content\/uploads\/2025\/01\/prenosima-karaoke-tonkolona-kts-1175-8-s-mikrofon-30847-768x576.webp 768w, https:\/\/origon-eu.com\/wp-content\/uploads\/2025\/01\/prenosima-karaoke-tonkolona-kts-1175-8-s-mikrofon-30847-600x450.webp 600w, https:\/\/origon-eu.com\/wp-content\/uploads\/2025\/01\/prenosima-karaoke-tonkolona-kts-1175-8-s-mikrofon-30847-150x113.webp 150w\" sizes=\"(max-width: 800px) 100vw, 800px\" \/><\/a><\/p>\n<p>Specifik\u00e1ci\u00f3:<br \/>\nKaraoke hangsz\u00f3r\u00f3 \u00fajrat\u00f6lthet\u0151 akkumul\u00e1torral (220V-r\u00f3l t\u00f6lthet\u0151)<br \/>\nCOLOR MUSIC \u2013 be\u00e9p\u00edtett f\u00e9nyeffektusok, be\/ki gombbal<br \/>\nBLUETOOTH funkci\u00f3 \u2013 a hangsz\u00f3r\u00f3 p\u00e1ros\u00edt\u00e1sa GSM-mel, sz\u00e1m\u00edt\u00f3g\u00e9ppel, laptoppal, \u00e9s vezet\u00e9k n\u00e9lk\u00fcl hallgathatja kedvenc zen\u00e9it \u2013 t\u00f6bb mint 10 m\u00e9terr\u0151l<br \/>\nFM tuner \u2013 R\u00c1DI\u00d3<br \/>\nT\u00e1vir\u00e1ny\u00edt\u00f3 (a k\u00e9szlet tartalmazza)<br \/>\n\u00d6n\u00e1ll\u00f3 haszn\u00e1lat lehet\u0151s\u00e9ge sz\u00e1m\u00edt\u00f3g\u00e9phez val\u00f3 csatlakoz\u00e1s n\u00e9lk\u00fcl:<br \/>\nSD\/MMC\/MMS mem\u00f3riak\u00e1rtya ny\u00edl\u00e1s<br \/>\nUSB flash meghajt\u00f3 ny\u00edl\u00e1s<br \/>\nAUX bemenet k\u00fcls\u0151 eszk\u00f6zr\u0151l (sz\u00e1m\u00edt\u00f3g\u00e9p, GSM, iPod, PSP)<br \/>\nLED KIJELZ\u0150<br \/>\nBemenet 1 mikrofonhoz<br \/>\nVezet\u00e9kes mikrofon 1 darab \u2013 a k\u00e9szlet tartalmazza<br \/>\nK\u00e9nyelmes visszah\u00fazhat\u00f3 foganty\u00fa \u2013 a hangsz\u00f3r\u00f3 k\u00f6nny\u0171 hordoz\u00e1s\u00e1hoz<br \/>\nM\u00e9retek: sz\/h\/m \u2013 24 \/ 36,5 \/ 20 cm<\/p>\n","protected":false},"excerpt":{"rendered":"<ul>\n<li>Karaoke hangsz\u00f3r\u00f3 \u00fajrat\u00f6lthet\u0151 akkumul\u00e1torral (220 V-r\u00f3l t\u00f6lthet\u0151)<\/li>\n<li>SZ\u00cdNES ZENE \u2013 be\u00e9p\u00edtett f\u00e9nyeffektusok, be\/ki gombbal<\/li>\n<li>BLUETOOTH funkci\u00f3 \u2013 a hangsz\u00f3r\u00f3 p\u00e1ros\u00edt\u00e1sa GSM-mel, sz\u00e1m\u00edt\u00f3g\u00e9ppel, laptoppal, \u00e9s vezet\u00e9k n\u00e9lk\u00fcl hallgathatja kedvenc zen\u00e9it \u2013 t\u00f6bb mint 10 m\u00e9terr\u0151l<\/li>\n<li>FM-tuner \u2013 R\u00c1DI\u00d3<\/li>\n<li>T\u00e1vir\u00e1ny\u00edt\u00f3 (a k\u00e9szlet r\u00e9sze)<\/li>\n<li>F\u00fcggetlen haszn\u00e1lat lehet\u0151s\u00e9ge sz\u00e1m\u00edt\u00f3g\u00e9phez val\u00f3 csatlakoz\u00e1s n\u00e9lk\u00fcl:<\/li>\n<li>SD\/MMC\/MMS mem\u00f3riak\u00e1rtya-ny\u00edl\u00e1s<\/li>\n<li>USB flash meghajt\u00f3 foglalat<\/li>\n<li>AUX bemenet k\u00fcls\u0151 eszk\u00f6zr\u0151l (sz\u00e1m\u00edt\u00f3g\u00e9p, GSM, iPod, PSP)<\/li>\n<li>LED KIJELZ\u0150<\/li>\n<li>1 mikrofon bemenete<\/li>\n<li>Vezet\u00e9kes mikrofon 1 darab \u2013 a k\u00e9szlet tartalmazza<\/li>\n<\/ul>\n","protected":false},"featured_media":32677,"template":"","meta":[],"product_cat":[208],"product_tag":[],"class_list":{"0":"post-32864","1":"product","2":"type-product","3":"status-publish","4":"has-post-thumbnail","6":"product_cat-elektronika-hu","8":"first","9":"instock","10":"sale","11":"shipping-taxable","12":"purchasable","13":"product-type-simple"},"yoast_head":"<!-- This site is optimized with the Yoast SEO plugin v24.2 - https:\/\/yoast.com\/wordpress\/plugins\/seo\/ -->\n<title>Vezet\u00e9k n\u00e9lk\u00fcli hordozhat\u00f3 hangsz\u00f3r\u00f3 - Origon EU<\/title>\n<meta name=\"robots\" content=\"index, follow, max-snippet:-1, max-image-preview:large, max-video-preview:-1\" \/>\n<link rel=\"canonical\" href=\"https:\/\/origon-eu.com\/hu\/product\/wireless-portable-speaker\/\" \/>\n<meta property=\"og:locale\" content=\"hu_HU\" \/>\n<meta property=\"og:type\" content=\"article\" \/>\n<meta property=\"og:title\" content=\"Vezet\u00e9k n\u00e9lk\u00fcli hordozhat\u00f3 hangsz\u00f3r\u00f3 - Origon EU\" \/>\n<meta property=\"og:description\" content=\"Karaoke hangsz\u00f3r\u00f3 \u00fajrat\u00f6lthet\u0151 akkumul\u00e1torral (220 V-r\u00f3l t\u00f6lthet\u0151)  SZ\u00cdNES ZENE \u2013 be\u00e9p\u00edtett f\u00e9nyeffektusok, be\/ki gombbal  BLUETOOTH funkci\u00f3 \u2013 a hangsz\u00f3r\u00f3 p\u00e1ros\u00edt\u00e1sa GSM-mel, sz\u00e1m\u00edt\u00f3g\u00e9ppel, laptoppal, \u00e9s vezet\u00e9k n\u00e9lk\u00fcl hallgathatja kedvenc zen\u00e9it \u2013 t\u00f6bb mint 10 m\u00e9terr\u0151l  FM-tuner \u2013 R\u00c1DI\u00d3  T\u00e1vir\u00e1ny\u00edt\u00f3 (a k\u00e9szlet r\u00e9sze)  F\u00fcggetlen haszn\u00e1lat lehet\u0151s\u00e9ge sz\u00e1m\u00edt\u00f3g\u00e9phez val\u00f3 csatlakoz\u00e1s n\u00e9lk\u00fcl:  SD\/MMC\/MMS mem\u00f3riak\u00e1rtya-ny\u00edl\u00e1s  USB flash meghajt\u00f3 foglalat  AUX bemenet k\u00fcls\u0151 eszk\u00f6zr\u0151l (sz\u00e1m\u00edt\u00f3g\u00e9p, GSM, iPod, PSP)  LED KIJELZ\u0150  1 mikrofon bemenete  Vezet\u00e9kes mikrofon 1 darab \u2013 a k\u00e9szlet tartalmazza\" \/>\n<meta property=\"og:url\" content=\"https:\/\/origon-eu.com\/hu\/product\/wireless-portable-speaker\/\" \/>\n<meta property=\"og:site_name\" content=\"Origon EU\" \/>\n<meta property=\"article:modified_time\" content=\"2025-02-23T19:55:44+00:00\" \/>\n<meta property=\"og:image\" content=\"https:\/\/origon-eu.com\/wp-content\/uploads\/2025\/01\/0084277_kts-1175-bluetooth-wireless-portable-speaker.png\" \/>\n\t<meta property=\"og:image:width\" content=\"700\" \/>\n\t<meta property=\"og:image:height\" content=\"700\" \/>\n\t<meta property=\"og:image:type\" content=\"image\/png\" \/>\n<meta name=\"twitter:card\" content=\"summary_large_image\" \/>\n<meta name=\"twitter:label1\" content=\"Becs\u00fclt olvas\u00e1si id\u0151\" \/>\n\t<meta name=\"twitter:data1\" content=\"2 perc\" \/>\n<script type=\"application\/ld+json\" class=\"yoast-schema-graph\">{\"@context\":\"https:\/\/schema.org\",\"@graph\":[{\"@type\":\"WebPage\",\"@id\":\"https:\/\/origon-eu.com\/hu\/product\/wireless-portable-speaker\/\",\"url\":\"https:\/\/origon-eu.com\/hu\/product\/wireless-portable-speaker\/\",\"name\":\"Vezet\u00e9k n\u00e9lk\u00fcli hordozhat\u00f3 hangsz\u00f3r\u00f3 - Origon EU\",\"isPartOf\":{\"@id\":\"https:\/\/origon-eu.com\/#website\"},\"primaryImageOfPage\":{\"@id\":\"https:\/\/origon-eu.com\/hu\/product\/wireless-portable-speaker\/#primaryimage\"},\"image\":{\"@id\":\"https:\/\/origon-eu.com\/hu\/product\/wireless-portable-speaker\/#primaryimage\"},\"thumbnailUrl\":\"https:\/\/origon-eu.com\/wp-content\/uploads\/2025\/01\/0084277_kts-1175-bluetooth-wireless-portable-speaker.png\",\"datePublished\":\"2025-01-09T10:36:38+00:00\",\"dateModified\":\"2025-02-23T19:55:44+00:00\",\"breadcrumb\":{\"@id\":\"https:\/\/origon-eu.com\/hu\/product\/wireless-portable-speaker\/#breadcrumb\"},\"inLanguage\":\"hu\",\"potentialAction\":[{\"@type\":\"ReadAction\",\"target\":[\"https:\/\/origon-eu.com\/hu\/product\/wireless-portable-speaker\/\"]}]},{\"@type\":\"ImageObject\",\"inLanguage\":\"hu\",\"@id\":\"https:\/\/origon-eu.com\/hu\/product\/wireless-portable-speaker\/#primaryimage\",\"url\":\"https:\/\/origon-eu.com\/wp-content\/uploads\/2025\/01\/0084277_kts-1175-bluetooth-wireless-portable-speaker.png\",\"contentUrl\":\"https:\/\/origon-eu.com\/wp-content\/uploads\/2025\/01\/0084277_kts-1175-bluetooth-wireless-portable-speaker.png\",\"width\":700,\"height\":700},{\"@type\":\"BreadcrumbList\",\"@id\":\"https:\/\/origon-eu.com\/hu\/product\/wireless-portable-speaker\/#breadcrumb\",\"itemListElement\":[{\"@type\":\"ListItem\",\"position\":1,\"name\":\"Home\",\"item\":\"https:\/\/origon-eu.com\/\"},{\"@type\":\"ListItem\",\"position\":2,\"name\":\"\u00dczlet\",\"item\":\"https:\/\/origon-eu.com\/hu\/shop-2\/\"},{\"@type\":\"ListItem\",\"position\":3,\"name\":\"Vezet\u00e9k n\u00e9lk\u00fcli hordozhat\u00f3 hangsz\u00f3r\u00f3\"}]},{\"@type\":\"WebSite\",\"@id\":\"https:\/\/origon-eu.com\/#website\",\"url\":\"https:\/\/origon-eu.com\/\",\"name\":\"Origon EU\",\"description\":\"Online Store\",\"publisher\":{\"@id\":\"https:\/\/origon-eu.com\/#organization\"},\"potentialAction\":[{\"@type\":\"SearchAction\",\"target\":{\"@type\":\"EntryPoint\",\"urlTemplate\":\"https:\/\/origon-eu.com\/?s={search_term_string}\"},\"query-input\":{\"@type\":\"PropertyValueSpecification\",\"valueRequired\":true,\"valueName\":\"search_term_string\"}}],\"inLanguage\":\"hu\"},{\"@type\":\"Organization\",\"@id\":\"https:\/\/origon-eu.com\/#organization\",\"name\":\"Origon EU\",\"url\":\"https:\/\/origon-eu.com\/\",\"logo\":{\"@type\":\"ImageObject\",\"inLanguage\":\"hu\",\"@id\":\"https:\/\/origon-eu.com\/#\/schema\/logo\/image\/\",\"url\":\"https:\/\/origon-eu.com\/wp-content\/uploads\/2024\/04\/Screenshot-2024-04-09-101814.png\",\"contentUrl\":\"https:\/\/origon-eu.com\/wp-content\/uploads\/2024\/04\/Screenshot-2024-04-09-101814.png\",\"width\":171,\"height\":59,\"caption\":\"Origon EU\"},\"image\":{\"@id\":\"https:\/\/origon-eu.com\/#\/schema\/logo\/image\/\"}}]}<\/script>\n<!-- \/ Yoast SEO plugin. -->","yoast_head_json":{"title":"Vezet\u00e9k n\u00e9lk\u00fcli hordozhat\u00f3 hangsz\u00f3r\u00f3 - Origon EU","robots":{"index":"index","follow":"follow","max-snippet":"max-snippet:-1","max-image-preview":"max-image-preview:large","max-video-preview":"max-video-preview:-1"},"canonical":"https:\/\/origon-eu.com\/hu\/product\/wireless-portable-speaker\/","og_locale":"hu_HU","og_type":"article","og_title":"Vezet\u00e9k n\u00e9lk\u00fcli hordozhat\u00f3 hangsz\u00f3r\u00f3 - Origon EU","og_description":"Karaoke hangsz\u00f3r\u00f3 \u00fajrat\u00f6lthet\u0151 akkumul\u00e1torral (220 V-r\u00f3l t\u00f6lthet\u0151)  SZ\u00cdNES ZENE \u2013 be\u00e9p\u00edtett f\u00e9nyeffektusok, be\/ki gombbal  BLUETOOTH funkci\u00f3 \u2013 a hangsz\u00f3r\u00f3 p\u00e1ros\u00edt\u00e1sa GSM-mel, sz\u00e1m\u00edt\u00f3g\u00e9ppel, laptoppal, \u00e9s vezet\u00e9k n\u00e9lk\u00fcl hallgathatja kedvenc zen\u00e9it \u2013 t\u00f6bb mint 10 m\u00e9terr\u0151l  FM-tuner \u2013 R\u00c1DI\u00d3  T\u00e1vir\u00e1ny\u00edt\u00f3 (a k\u00e9szlet r\u00e9sze)  F\u00fcggetlen haszn\u00e1lat lehet\u0151s\u00e9ge sz\u00e1m\u00edt\u00f3g\u00e9phez val\u00f3 csatlakoz\u00e1s n\u00e9lk\u00fcl:  SD\/MMC\/MMS mem\u00f3riak\u00e1rtya-ny\u00edl\u00e1s  USB flash meghajt\u00f3 foglalat  AUX bemenet k\u00fcls\u0151 eszk\u00f6zr\u0151l (sz\u00e1m\u00edt\u00f3g\u00e9p, GSM, iPod, PSP)  LED KIJELZ\u0150  1 mikrofon bemenete  Vezet\u00e9kes mikrofon 1 darab \u2013 a k\u00e9szlet tartalmazza","og_url":"https:\/\/origon-eu.com\/hu\/product\/wireless-portable-speaker\/","og_site_name":"Origon EU","article_modified_time":"2025-02-23T19:55:44+00:00","og_image":[{"width":700,"height":700,"url":"https:\/\/origon-eu.com\/wp-content\/uploads\/2025\/01\/0084277_kts-1175-bluetooth-wireless-portable-speaker.png","type":"image\/png"}],"twitter_card":"summary_large_image","twitter_misc":{"Becs\u00fclt olvas\u00e1si id\u0151":"2 perc"},"schema":{"@context":"https:\/\/schema.org","@graph":[{"@type":"WebPage","@id":"https:\/\/origon-eu.com\/hu\/product\/wireless-portable-speaker\/","url":"https:\/\/origon-eu.com\/hu\/product\/wireless-portable-speaker\/","name":"Vezet\u00e9k n\u00e9lk\u00fcli hordozhat\u00f3 hangsz\u00f3r\u00f3 - Origon EU","isPartOf":{"@id":"https:\/\/origon-eu.com\/#website"},"primaryImageOfPage":{"@id":"https:\/\/origon-eu.com\/hu\/product\/wireless-portable-speaker\/#primaryimage"},"image":{"@id":"https:\/\/origon-eu.com\/hu\/product\/wireless-portable-speaker\/#primaryimage"},"thumbnailUrl":"https:\/\/origon-eu.com\/wp-content\/uploads\/2025\/01\/0084277_kts-1175-bluetooth-wireless-portable-speaker.png","datePublished":"2025-01-09T10:36:38+00:00","dateModified":"2025-02-23T19:55:44+00:00","breadcrumb":{"@id":"https:\/\/origon-eu.com\/hu\/product\/wireless-portable-speaker\/#breadcrumb"},"inLanguage":"hu","potentialAction":[{"@type":"ReadAction","target":["https:\/\/origon-eu.com\/hu\/product\/wireless-portable-speaker\/"]}]},{"@type":"ImageObject","inLanguage":"hu","@id":"https:\/\/origon-eu.com\/hu\/product\/wireless-portable-speaker\/#primaryimage","url":"https:\/\/origon-eu.com\/wp-content\/uploads\/2025\/01\/0084277_kts-1175-bluetooth-wireless-portable-speaker.png","contentUrl":"https:\/\/origon-eu.com\/wp-content\/uploads\/2025\/01\/0084277_kts-1175-bluetooth-wireless-portable-speaker.png","width":700,"height":700},{"@type":"BreadcrumbList","@id":"https:\/\/origon-eu.com\/hu\/product\/wireless-portable-speaker\/#breadcrumb","itemListElement":[{"@type":"ListItem","position":1,"name":"Home","item":"https:\/\/origon-eu.com\/"},{"@type":"ListItem","position":2,"name":"\u00dczlet","item":"https:\/\/origon-eu.com\/hu\/shop-2\/"},{"@type":"ListItem","position":3,"name":"Vezet\u00e9k n\u00e9lk\u00fcli hordozhat\u00f3 hangsz\u00f3r\u00f3"}]},{"@type":"WebSite","@id":"https:\/\/origon-eu.com\/#website","url":"https:\/\/origon-eu.com\/","name":"Origon EU","description":"Online Store","publisher":{"@id":"https:\/\/origon-eu.com\/#organization"},"potentialAction":[{"@type":"SearchAction","target":{"@type":"EntryPoint","urlTemplate":"https:\/\/origon-eu.com\/?s={search_term_string}"},"query-input":{"@type":"PropertyValueSpecification","valueRequired":true,"valueName":"search_term_string"}}],"inLanguage":"hu"},{"@type":"Organization","@id":"https:\/\/origon-eu.com\/#organization","name":"Origon EU","url":"https:\/\/origon-eu.com\/","logo":{"@type":"ImageObject","inLanguage":"hu","@id":"https:\/\/origon-eu.com\/#\/schema\/logo\/image\/","url":"https:\/\/origon-eu.com\/wp-content\/uploads\/2024\/04\/Screenshot-2024-04-09-101814.png","contentUrl":"https:\/\/origon-eu.com\/wp-content\/uploads\/2024\/04\/Screenshot-2024-04-09-101814.png","width":171,"height":59,"caption":"Origon EU"},"image":{"@id":"https:\/\/origon-eu.com\/#\/schema\/logo\/image\/"}}]}},"tiered_pricing_type":"fixed","tiered_pricing_fixed_rules":[],"tiered_pricing_percentage_rules":[],"tiered_pricing_minimum":1,"tiered_pricing_roles_data":[],"_links":{"self":[{"href":"https:\/\/origon-eu.com\/hu\/wp-json\/wp\/v2\/product\/32864","targetHints":{"allow":["GET"]}}],"collection":[{"href":"https:\/\/origon-eu.com\/hu\/wp-json\/wp\/v2\/product"}],"about":[{"href":"https:\/\/origon-eu.com\/hu\/wp-json\/wp\/v2\/types\/product"}],"version-history":[{"count":1,"href":"https:\/\/origon-eu.com\/hu\/wp-json\/wp\/v2\/product\/32864\/revisions"}],"predecessor-version":[{"id":32865,"href":"https:\/\/origon-eu.com\/hu\/wp-json\/wp\/v2\/product\/32864\/revisions\/32865"}],"wp:featuredmedia":[{"embeddable":true,"href":"https:\/\/origon-eu.com\/hu\/wp-json\/wp\/v2\/media\/32677"}],"wp:attachment":[{"href":"https:\/\/origon-eu.com\/hu\/wp-json\/wp\/v2\/media?parent=32864"}],"wp:term":[{"taxonomy":"product_cat","embeddable":true,"href":"https:\/\/origon-eu.com\/hu\/wp-json\/wp\/v2\/product_cat?post=32864"},{"taxonomy":"product_tag","embeddable":true,"href":"https:\/\/origon-eu.com\/hu\/wp-json\/wp\/v2\/product_tag?post=32864"}],"curies":[{"name":"wp","href":"https:\/\/api.w.org\/{rel}","templated":true}]}}