{"id":32825,"date":"2025-01-08T16:24:29","date_gmt":"2025-01-08T14:24:29","guid":{"rendered":"https:\/\/origon-eu.com\/product\/cordless-handheld-stick-vacuum-cleaner\/"},"modified":"2025-05-17T17:52:48","modified_gmt":"2025-05-17T15:52:48","slug":"cordless-handheld-stick-vacuum-cleaner","status":"publish","type":"product","link":"https:\/\/origon-eu.com\/hu\/product\/cordless-handheld-stick-vacuum-cleaner\/","title":{"rendered":"Vezet\u00e9k n\u00e9lk\u00fcli k\u00e9zi porsz\u00edv\u00f3"},"content":{"rendered":"<ul>\n<li>A kett\u0151s motor \u00e9s a modul\u00e1ris kialak\u00edt\u00e1s a k\u00fcl\u00f6nf\u00e9le tartoz\u00e9kokhoz garant\u00e1lja a m\u00e9ly, kiv\u00e1l\u00f3 min\u0151s\u00e9g\u0171 tiszt\u00edt\u00e1st b\u00e1rmilyen fel\u00fcleten.<\/li>\n<li>Alkalmas aut\u00f3 belsej\u00e9nek tiszt\u00edt\u00e1s\u00e1ra A k\u00e9sz\u00fcl\u00e9k \u00f6n\u00e1ll\u00f3s\u00e1ga hozz\u00e1j\u00e1rul ahhoz, hogy nem csak a lak\u00e1sban tehet rendet<\/li>\n<li>A k\u00e9szletben 3 f\u00e9le padl\u00f3f\u00fav\u00f3ka tal\u00e1lhat\u00f3. Mindegyik kefe k\u00fcl\u00f6nb\u00f6z\u0151 t\u00edpus\u00fa szennyez\u0151d\u00e9sekhez k\u00e9sz\u00fclt. Egy 4 cm magas v\u00e9kony f\u00fav\u00f3ka seg\u00edt elt\u00e1vol\u00edtani a port a b\u00fatorok al\u00f3l. A hozz\u00e1f\u00e9rhetetlenebb helyeken pedig r\u00e9sf\u00fav\u00f3ka 2 az 1-ben<\/li>\n<li>Kiv\u00e1l\u00f3 min\u0151s\u00e9g\u0171 m\u0171anyagb\u00f3l k\u00e9sz\u00fclt robusztus tok<\/li>\n<li>Az \u00fajratervezett h\u0171t\u0151rendszer hat\u00e9konyan t\u00e1vol\u00edtja el a h\u0151t a motorb\u00f3l, megakad\u00e1lyozza a t\u00falmeleged\u00e9st \u00e9s meghosszabb\u00edtja a motor \u00e9lettartam\u00e1t.<\/li>\n<li>A porsz\u00edv\u00f3 mind\u00f6ssze 1,5 kg s\u00faly\u00fa, \u00edgy feln\u0151ttek \u00e9s id\u0151sek is k\u00f6nnyed\u00e9n haszn\u00e1lhatj\u00e1k a k\u00e9sz\u00fcl\u00e9ket hossz\u00fa ideig. Ezenk\u00edv\u00fcl lehet\u0151v\u00e9 teszi a porsz\u00edv\u00f3 k\u00f6nny\u0171 \u00e1thelyez\u00e9s\u00e9t nehezen el\u00e9rhet\u0151 helyekre<\/li>\n<li>K\u00e9nyelmes tiszt\u00edt\u00e1s a b\u00fatorok alatt (\u00e1talak\u00edthat\u00f3 foganty\u00fa)<\/li>\n<li>K\u00e9nyelmes tiszt\u00edt\u00e1s a b\u00fatorok alatt (\u00e1talak\u00edthat\u00f3 foganty\u00fa)<\/li>\n<li>LED-s h\u00e1tt\u00e9rvil\u00e1g\u00edt\u00e1s\u00fa turb\u00f3kefe<\/li>\n<li>Forgassa el a porsz\u00edv\u00f3 kef\u00e9j\u00e9t 180 fokkal<\/li>\n<li>T\u00f6lt\u00e9sjelz\u0151<\/li>\n<li>Sebess\u00e9gek sz\u00e1ma: 2<\/li>\n<li>Levehet\u0151 foganty\u00fa<\/li>\n<\/ul>\n<p><a href=\"https:\/\/origon-eu.com\/wp-content\/uploads\/2025\/01\/mobileleb-household-appliances-dsp-vacuum-cleaner-hand-held-rechargeable-120w-kd2023-34126785773700x1p24. \"><img fetchpriority=\"high\" decoding=\"async\" class=\"alignnone wp-image-32604 size-full\" src=\"https:\/\/origon-eu.com\/wp-content\/uploads\/2025\/01\/mobileleb-household-appliances-dsp-vacuum-cleaner-hand-held-rechargeable-120w-kd2023-34126785773700_1024x1024.webp\" alt=\"\" width=\"600\" height=\"600\" srcset=\"https:\/\/origon-eu.com\/wp-content\/uploads\/2025\/01\/mobileleb-household-appliances-dsp-vacuum-cleaner-hand-held-rechargeable-120w-kd2023-34126785773700_1024x1024.webp 600w, https:\/\/origon-eu.com\/wp-content\/uploads\/2025\/01\/mobileleb-household-appliances-dsp-vacuum-cleaner-hand-held-rechargeable-120w-kd2023-34126785773700_1024x1024-300x300.webp 300w, https:\/\/origon-eu.com\/wp-content\/uploads\/2025\/01\/mobileleb-household-appliances-dsp-vacuum-cleaner-hand-held-rechargeable-120w-kd2023-34126785773700_1024x1024-150x150.webp 150w\" sizes=\"(max-width: 600px) 100vw, 600px\" \/><\/a><\/p>\n<p><a href=\"https:\/\/origon-eu.com\/wp-content\/uploads\/2025\/01\/mobileleb-household-appliances-dsp-vacuum-cleaner-hand-held-rechargeable-120w-kd2023-34126785577092_1024x1024.webp\"><img decoding=\"async\" class=\"alignnone size-full wp-image-32619\" src=\"https:\/\/origon-eu.com\/wp-content\/uploads\/2025\/01\/mobileleb-household-appliances-dsp-vacuum-cleaner-hand-held-rechargeable-120w-kd2023-34126785577092_1024x1024.webp\" alt=\"\" width=\"600\" height=\"600\" srcset=\"https:\/\/origon-eu.com\/wp-content\/uploads\/2025\/01\/mobileleb-household-appliances-dsp-vacuum-cleaner-hand-held-rechargeable-120w-kd2023-34126785577092_1024x1024.webp 600w, https:\/\/origon-eu.com\/wp-content\/uploads\/2025\/01\/mobileleb-household-appliances-dsp-vacuum-cleaner-hand-held-rechargeable-120w-kd2023-34126785577092_1024x1024-300x300.webp 300w, https:\/\/origon-eu.com\/wp-content\/uploads\/2025\/01\/mobileleb-household-appliances-dsp-vacuum-cleaner-hand-held-rechargeable-120w-kd2023-34126785577092_1024x1024-150x150.webp 150w\" sizes=\"(max-width: 600px) 100vw, 600px\" \/><\/a><\/p>\n<p><a href=\"https:\/\/origon-eu.com\/wp-content\/uploads\/2025\/01\/41o1eNoNLEL._AC_.jpg\"><img decoding=\"async\" class=\"alignnone size-full wp-image-32570\" src=\"https:\/\/origon-eu.com\/wp-content\/uploads\/2025\/01\/41o1eNoNLEL._AC_.jpg\" alt=\"\" width=\"505\" height=\"550\" srcset=\"https:\/\/origon-eu.com\/wp-content\/uploads\/2025\/01\/41o1eNoNLEL._AC_.jpg 505w, https:\/\/origon-eu.com\/wp-content\/uploads\/2025\/01\/41o1eNoNLEL._AC_-275x300.jpg 275w, https:\/\/origon-eu.com\/wp-content\/uploads\/2025\/01\/41o1eNoNLEL._AC_-150x163.jpg 150w\" sizes=\"(max-width: 505px) 100vw, 505px\" \/><\/a><\/p>\n<p><strong>M\u0171szaki adatok:<\/strong><\/p>\n<ul>\n<li>Tiszt\u00edt\u00e1s t\u00edpusa: Sz\u00e1raz<\/li>\n<li>Pordoboz t\u00edpusa: tart\u00e1ly<\/li>\n<li>Teljes\u00edtm\u00e9ny: 120 W<\/li>\n<li>Pordoboz \u0171rtartalma: 0,8 l<\/li>\n<li>Parkol\u00e1s: f\u00fcgg\u0151leges<\/li>\n<li>Levehet\u0151 foganty\u00fa<\/li>\n<li>Sebess\u00e9gek sz\u00e1ma: 2<\/li>\n<li>Munkaid\u0151: 40 perc<\/li>\n<li>T\u00f6lt\u00e9si id\u0151: 4 \u00f3ra<\/li>\n<li>Akkumul\u00e1tor: Li-Ion 22,2 V, 2200 mAh<\/li>\n<li>2 az 1-ben t\u00edpus: f\u00fcgg\u0151leges, k\u00e9zi<\/li>\n<li>Sz\u0171r\u0151 t\u00edpusa: Hepa<\/li>\n<li>Be\/ki gomb<\/li>\n<li>M\u00e9retek (Ma 109 x SZ21,5 x M\u00e9 17,5) cm<\/li>\n<li>A porsz\u00edv\u00f3 s\u00falya: 1,5 kg<\/li>\n<\/ul>\n<ul>\n<li><\/li>\n<\/ul>\n","protected":false},"excerpt":{"rendered":"<ul>\n<li><strong>A csomag tartalma:<\/strong>\n<ul>\n<li>1x k\u00e9zi \u00fajrat\u00f6lthet\u0151 porsz\u00edv\u00f3<\/li>\n<li>1x k\u00e1rpitf\u00fav\u00f3ka<\/li>\n<li>1x r\u00e9sf\u00fav\u00f3ka<\/li>\n<li>1x kombin\u00e1lt f\u00fav\u00f3ka<\/li>\n<li>1x hosszabb\u00edt\u00f3 cs\u0151<\/li>\n<li>1x t\u00f6lt\u0151k\u00e1bel<\/li>\n<li>1x felhaszn\u00e1l\u00f3i k\u00e9zik\u00f6nyv<\/li>\n<\/ul>\n<\/li>\n<\/ul>\n","protected":false},"featured_media":32575,"template":"","meta":[],"product_cat":[],"product_tag":[],"class_list":{"0":"post-32825","1":"product","2":"type-product","3":"status-publish","4":"has-post-thumbnail","7":"first","8":"instock","9":"sale","10":"shipping-taxable","11":"purchasable","12":"product-type-simple"},"yoast_head":"<!-- This site is optimized with the Yoast SEO plugin v24.2 - https:\/\/yoast.com\/wordpress\/plugins\/seo\/ -->\n<title>Vezet\u00e9k n\u00e9lk\u00fcli k\u00e9zi porsz\u00edv\u00f3 - Origon EU<\/title>\n<meta name=\"robots\" content=\"index, follow, max-snippet:-1, max-image-preview:large, max-video-preview:-1\" \/>\n<link rel=\"canonical\" href=\"https:\/\/origon-eu.com\/hu\/product\/cordless-handheld-stick-vacuum-cleaner\/\" \/>\n<meta property=\"og:locale\" content=\"hu_HU\" \/>\n<meta property=\"og:type\" content=\"article\" \/>\n<meta property=\"og:title\" content=\"Vezet\u00e9k n\u00e9lk\u00fcli k\u00e9zi porsz\u00edv\u00f3 - Origon EU\" \/>\n<meta property=\"og:description\" content=\"A csomag tartalma:   1x k\u00e9zi \u00fajrat\u00f6lthet\u0151 porsz\u00edv\u00f3  1x k\u00e1rpitf\u00fav\u00f3ka  1x r\u00e9sf\u00fav\u00f3ka  1x kombin\u00e1lt f\u00fav\u00f3ka  1x hosszabb\u00edt\u00f3 cs\u0151  1x t\u00f6lt\u0151k\u00e1bel  1x felhaszn\u00e1l\u00f3i k\u00e9zik\u00f6nyv\" \/>\n<meta property=\"og:url\" content=\"https:\/\/origon-eu.com\/hu\/product\/cordless-handheld-stick-vacuum-cleaner\/\" \/>\n<meta property=\"og:site_name\" content=\"Origon EU\" \/>\n<meta property=\"article:modified_time\" content=\"2025-05-17T15:52:48+00:00\" \/>\n<meta property=\"og:image\" content=\"https:\/\/origon-eu.com\/wp-content\/uploads\/2025\/01\/41o1eNoNLEL._AC_.jpg\" \/>\n\t<meta property=\"og:image:width\" content=\"505\" \/>\n\t<meta property=\"og:image:height\" content=\"550\" \/>\n\t<meta property=\"og:image:type\" content=\"image\/jpeg\" \/>\n<meta name=\"twitter:card\" content=\"summary_large_image\" \/>\n<meta name=\"twitter:label1\" content=\"Becs\u00fclt olvas\u00e1si id\u0151\" \/>\n\t<meta name=\"twitter:data1\" content=\"2 perc\" \/>\n<script type=\"application\/ld+json\" class=\"yoast-schema-graph\">{\"@context\":\"https:\/\/schema.org\",\"@graph\":[{\"@type\":\"WebPage\",\"@id\":\"https:\/\/origon-eu.com\/hu\/product\/cordless-handheld-stick-vacuum-cleaner\/\",\"url\":\"https:\/\/origon-eu.com\/hu\/product\/cordless-handheld-stick-vacuum-cleaner\/\",\"name\":\"Vezet\u00e9k n\u00e9lk\u00fcli k\u00e9zi porsz\u00edv\u00f3 - Origon EU\",\"isPartOf\":{\"@id\":\"https:\/\/origon-eu.com\/#website\"},\"primaryImageOfPage\":{\"@id\":\"https:\/\/origon-eu.com\/hu\/product\/cordless-handheld-stick-vacuum-cleaner\/#primaryimage\"},\"image\":{\"@id\":\"https:\/\/origon-eu.com\/hu\/product\/cordless-handheld-stick-vacuum-cleaner\/#primaryimage\"},\"thumbnailUrl\":\"https:\/\/origon-eu.com\/wp-content\/uploads\/2025\/01\/41o1eNoNLEL._AC_.jpg\",\"datePublished\":\"2025-01-08T14:24:29+00:00\",\"dateModified\":\"2025-05-17T15:52:48+00:00\",\"breadcrumb\":{\"@id\":\"https:\/\/origon-eu.com\/hu\/product\/cordless-handheld-stick-vacuum-cleaner\/#breadcrumb\"},\"inLanguage\":\"hu\",\"potentialAction\":[{\"@type\":\"ReadAction\",\"target\":[\"https:\/\/origon-eu.com\/hu\/product\/cordless-handheld-stick-vacuum-cleaner\/\"]}]},{\"@type\":\"ImageObject\",\"inLanguage\":\"hu\",\"@id\":\"https:\/\/origon-eu.com\/hu\/product\/cordless-handheld-stick-vacuum-cleaner\/#primaryimage\",\"url\":\"https:\/\/origon-eu.com\/wp-content\/uploads\/2025\/01\/41o1eNoNLEL._AC_.jpg\",\"contentUrl\":\"https:\/\/origon-eu.com\/wp-content\/uploads\/2025\/01\/41o1eNoNLEL._AC_.jpg\",\"width\":505,\"height\":550},{\"@type\":\"BreadcrumbList\",\"@id\":\"https:\/\/origon-eu.com\/hu\/product\/cordless-handheld-stick-vacuum-cleaner\/#breadcrumb\",\"itemListElement\":[{\"@type\":\"ListItem\",\"position\":1,\"name\":\"Home\",\"item\":\"https:\/\/origon-eu.com\/\"},{\"@type\":\"ListItem\",\"position\":2,\"name\":\"\u00dczlet\",\"item\":\"https:\/\/origon-eu.com\/hu\/shop-2\/\"},{\"@type\":\"ListItem\",\"position\":3,\"name\":\"Vezet\u00e9k n\u00e9lk\u00fcli k\u00e9zi porsz\u00edv\u00f3\"}]},{\"@type\":\"WebSite\",\"@id\":\"https:\/\/origon-eu.com\/#website\",\"url\":\"https:\/\/origon-eu.com\/\",\"name\":\"Origon EU\",\"description\":\"Online Store\",\"publisher\":{\"@id\":\"https:\/\/origon-eu.com\/#organization\"},\"potentialAction\":[{\"@type\":\"SearchAction\",\"target\":{\"@type\":\"EntryPoint\",\"urlTemplate\":\"https:\/\/origon-eu.com\/?s={search_term_string}\"},\"query-input\":{\"@type\":\"PropertyValueSpecification\",\"valueRequired\":true,\"valueName\":\"search_term_string\"}}],\"inLanguage\":\"hu\"},{\"@type\":\"Organization\",\"@id\":\"https:\/\/origon-eu.com\/#organization\",\"name\":\"Origon EU\",\"url\":\"https:\/\/origon-eu.com\/\",\"logo\":{\"@type\":\"ImageObject\",\"inLanguage\":\"hu\",\"@id\":\"https:\/\/origon-eu.com\/#\/schema\/logo\/image\/\",\"url\":\"https:\/\/origon-eu.com\/wp-content\/uploads\/2024\/04\/Screenshot-2024-04-09-101814.png\",\"contentUrl\":\"https:\/\/origon-eu.com\/wp-content\/uploads\/2024\/04\/Screenshot-2024-04-09-101814.png\",\"width\":171,\"height\":59,\"caption\":\"Origon EU\"},\"image\":{\"@id\":\"https:\/\/origon-eu.com\/#\/schema\/logo\/image\/\"}}]}<\/script>\n<!-- \/ Yoast SEO plugin. -->","yoast_head_json":{"title":"Vezet\u00e9k n\u00e9lk\u00fcli k\u00e9zi porsz\u00edv\u00f3 - Origon EU","robots":{"index":"index","follow":"follow","max-snippet":"max-snippet:-1","max-image-preview":"max-image-preview:large","max-video-preview":"max-video-preview:-1"},"canonical":"https:\/\/origon-eu.com\/hu\/product\/cordless-handheld-stick-vacuum-cleaner\/","og_locale":"hu_HU","og_type":"article","og_title":"Vezet\u00e9k n\u00e9lk\u00fcli k\u00e9zi porsz\u00edv\u00f3 - Origon EU","og_description":"A csomag tartalma:   1x k\u00e9zi \u00fajrat\u00f6lthet\u0151 porsz\u00edv\u00f3  1x k\u00e1rpitf\u00fav\u00f3ka  1x r\u00e9sf\u00fav\u00f3ka  1x kombin\u00e1lt f\u00fav\u00f3ka  1x hosszabb\u00edt\u00f3 cs\u0151  1x t\u00f6lt\u0151k\u00e1bel  1x felhaszn\u00e1l\u00f3i k\u00e9zik\u00f6nyv","og_url":"https:\/\/origon-eu.com\/hu\/product\/cordless-handheld-stick-vacuum-cleaner\/","og_site_name":"Origon EU","article_modified_time":"2025-05-17T15:52:48+00:00","og_image":[{"width":505,"height":550,"url":"https:\/\/origon-eu.com\/wp-content\/uploads\/2025\/01\/41o1eNoNLEL._AC_.jpg","type":"image\/jpeg"}],"twitter_card":"summary_large_image","twitter_misc":{"Becs\u00fclt olvas\u00e1si id\u0151":"2 perc"},"schema":{"@context":"https:\/\/schema.org","@graph":[{"@type":"WebPage","@id":"https:\/\/origon-eu.com\/hu\/product\/cordless-handheld-stick-vacuum-cleaner\/","url":"https:\/\/origon-eu.com\/hu\/product\/cordless-handheld-stick-vacuum-cleaner\/","name":"Vezet\u00e9k n\u00e9lk\u00fcli k\u00e9zi porsz\u00edv\u00f3 - Origon EU","isPartOf":{"@id":"https:\/\/origon-eu.com\/#website"},"primaryImageOfPage":{"@id":"https:\/\/origon-eu.com\/hu\/product\/cordless-handheld-stick-vacuum-cleaner\/#primaryimage"},"image":{"@id":"https:\/\/origon-eu.com\/hu\/product\/cordless-handheld-stick-vacuum-cleaner\/#primaryimage"},"thumbnailUrl":"https:\/\/origon-eu.com\/wp-content\/uploads\/2025\/01\/41o1eNoNLEL._AC_.jpg","datePublished":"2025-01-08T14:24:29+00:00","dateModified":"2025-05-17T15:52:48+00:00","breadcrumb":{"@id":"https:\/\/origon-eu.com\/hu\/product\/cordless-handheld-stick-vacuum-cleaner\/#breadcrumb"},"inLanguage":"hu","potentialAction":[{"@type":"ReadAction","target":["https:\/\/origon-eu.com\/hu\/product\/cordless-handheld-stick-vacuum-cleaner\/"]}]},{"@type":"ImageObject","inLanguage":"hu","@id":"https:\/\/origon-eu.com\/hu\/product\/cordless-handheld-stick-vacuum-cleaner\/#primaryimage","url":"https:\/\/origon-eu.com\/wp-content\/uploads\/2025\/01\/41o1eNoNLEL._AC_.jpg","contentUrl":"https:\/\/origon-eu.com\/wp-content\/uploads\/2025\/01\/41o1eNoNLEL._AC_.jpg","width":505,"height":550},{"@type":"BreadcrumbList","@id":"https:\/\/origon-eu.com\/hu\/product\/cordless-handheld-stick-vacuum-cleaner\/#breadcrumb","itemListElement":[{"@type":"ListItem","position":1,"name":"Home","item":"https:\/\/origon-eu.com\/"},{"@type":"ListItem","position":2,"name":"\u00dczlet","item":"https:\/\/origon-eu.com\/hu\/shop-2\/"},{"@type":"ListItem","position":3,"name":"Vezet\u00e9k n\u00e9lk\u00fcli k\u00e9zi porsz\u00edv\u00f3"}]},{"@type":"WebSite","@id":"https:\/\/origon-eu.com\/#website","url":"https:\/\/origon-eu.com\/","name":"Origon EU","description":"Online Store","publisher":{"@id":"https:\/\/origon-eu.com\/#organization"},"potentialAction":[{"@type":"SearchAction","target":{"@type":"EntryPoint","urlTemplate":"https:\/\/origon-eu.com\/?s={search_term_string}"},"query-input":{"@type":"PropertyValueSpecification","valueRequired":true,"valueName":"search_term_string"}}],"inLanguage":"hu"},{"@type":"Organization","@id":"https:\/\/origon-eu.com\/#organization","name":"Origon EU","url":"https:\/\/origon-eu.com\/","logo":{"@type":"ImageObject","inLanguage":"hu","@id":"https:\/\/origon-eu.com\/#\/schema\/logo\/image\/","url":"https:\/\/origon-eu.com\/wp-content\/uploads\/2024\/04\/Screenshot-2024-04-09-101814.png","contentUrl":"https:\/\/origon-eu.com\/wp-content\/uploads\/2024\/04\/Screenshot-2024-04-09-101814.png","width":171,"height":59,"caption":"Origon EU"},"image":{"@id":"https:\/\/origon-eu.com\/#\/schema\/logo\/image\/"}}]}},"tiered_pricing_type":"fixed","tiered_pricing_fixed_rules":[],"tiered_pricing_percentage_rules":[],"tiered_pricing_minimum":1,"tiered_pricing_roles_data":[],"_links":{"self":[{"href":"https:\/\/origon-eu.com\/hu\/wp-json\/wp\/v2\/product\/32825","targetHints":{"allow":["GET"]}}],"collection":[{"href":"https:\/\/origon-eu.com\/hu\/wp-json\/wp\/v2\/product"}],"about":[{"href":"https:\/\/origon-eu.com\/hu\/wp-json\/wp\/v2\/types\/product"}],"version-history":[{"count":1,"href":"https:\/\/origon-eu.com\/hu\/wp-json\/wp\/v2\/product\/32825\/revisions"}],"predecessor-version":[{"id":32826,"href":"https:\/\/origon-eu.com\/hu\/wp-json\/wp\/v2\/product\/32825\/revisions\/32826"}],"wp:featuredmedia":[{"embeddable":true,"href":"https:\/\/origon-eu.com\/hu\/wp-json\/wp\/v2\/media\/32575"}],"wp:attachment":[{"href":"https:\/\/origon-eu.com\/hu\/wp-json\/wp\/v2\/media?parent=32825"}],"wp:term":[{"taxonomy":"product_cat","embeddable":true,"href":"https:\/\/origon-eu.com\/hu\/wp-json\/wp\/v2\/product_cat?post=32825"},{"taxonomy":"product_tag","embeddable":true,"href":"https:\/\/origon-eu.com\/hu\/wp-json\/wp\/v2\/product_tag?post=32825"}],"curies":[{"name":"wp","href":"https:\/\/api.w.org\/{rel}","templated":true}]}}