{"id":32655,"date":"2025-01-08T14:43:21","date_gmt":"2025-01-08T12:43:21","guid":{"rendered":"https:\/\/origon-eu.com\/product\/vanjska-i-unutarnja-bezicna-kamera-digicam\/"},"modified":"2025-01-30T14:51:40","modified_gmt":"2025-01-30T12:51:40","slug":"vanjska-i-unutarnja-bezicna-kamera-digicam","status":"publish","type":"product","link":"https:\/\/origon-eu.com\/hu\/product\/vanjska-i-unutarnja-bezicna-kamera-digicam\/","title":{"rendered":"K\u00fclt\u00e9ri \u00e9s belt\u00e9ri vezet\u00e9k n\u00e9lk\u00fcli kamera | DIGICAM"},"content":{"rendered":"<p style=\"text-align: center;\"><strong>Mindig ir\u00e1ny\u00edtsa telefonj\u00e1t<\/strong><\/p>\n<p style=\"text-align: center;\">A kamera riaszt\u00e1si \u00fczenetet k\u00fcld az okostelefonj\u00e1ra, \u00e9s a l\u00e1togat\u00f3i tev\u00e9kenys\u00e9geket mem\u00f3riak\u00e1rty\u00e1ra menti, hogy k\u00e9s\u0151bb ellen\u0151rizhesse azokat.<\/p>\n<p style=\"text-align: center;\"><strong><a href=\"https:\/\/origon-eu.com\/wp-content\/uploads\/2025\/01\/ezgif.com-video-to-gif -converter-3.gif\"><img decoding=\"async\" class=\"aligncenter wp-image-32317 size-full\" src=\"https:\/\/origon-eu.com\/wp-content\/uploads\/2025\/01\/ezgif.com-video-to-gif-converter-3.gif\" alt=\"\" width=\"400\" height= \"270\" \/><\/a>Legyen szeme otthona vagy irod\u00e1ja minden sark\u00e1ban<\/strong><\/p>\n<p style=\"text-align: center;\">A panor\u00e1ma n\u00e9zetben mindent l\u00e1that, ami otthon\u00e1ban vagy k\u00edv\u00fcl t\u00f6rt\u00e9nik. Babakamerak\u00e9nt is haszn\u00e1lhat\u00f3.<\/p>\n<p style=\"text-align: center;\"><strong><a href=\"https:\/\/origon-eu.com\/wp-content\/uploads\/2025\/01\/ezgif.com-video-to-gif -converter-4.gif\"><img decoding=\"async\" class=\"size-full wp-image-32337 aligncenter\" src=\"https:\/\/origon-eu.com\/wp-content\/uploads\/2025\/01\/ezgif.com-video-to-gif-converter-4.gif\" alt=\"\" width=\"680\" height= \"382\" \/><\/a>Intelligens wifi kapcsolat<\/strong><\/p>\n<p style=\"text-align: center;\">K\u00f6nnyen csatlakozik otthoni vagy irodai Wi-Fi-h\u00e1l\u00f3zat\u00e1hoz, \u00edgy b\u00e1rhonnan hozz\u00e1f\u00e9rhet vide\u00f3j\u00e1hoz internetkapcsolattal. Az iOS-re \u00e9s Androidra egyar\u00e1nt el\u00e9rhet\u0151 intuit\u00edv alkalmaz\u00e1ssal val\u00f3s id\u0151ben n\u00e9zhet vide\u00f3kat.<\/p>\n<p style=\"text-align: center;\"><a href=\"https:\/\/origon-eu.com\/wp-content\/uploads\/2025\/01\/DIGICAM23859-HR__8f95f165.webp\"><img fetchpriority=\"high\" decoding=\"async\" class=\" alignnone wp-image-32152 size-full\" src=\"https:\/\/origon-eu.com\/wp-content\/uploads\/2025\/01\/DIGICAM23859-HR__8f95f165.webp\" alt=\"\" width=\"600\" height=\"600\" srcset=\"https:\/\/origon-eu.com\/wp-content\/uploads\/2025\/01\/DIGICAM23859-HR__8f95f165.webp 600w, https:\/\/origon-eu.com\/wp-content\/uploads\/2025\/01\/DIGICAM23859-HR__8f95f165-300x300.webp 300w, https:\/\/origon-eu.com\/wp-content\/uploads\/2025\/01\/DIGICAM23859-HR__8f95f165-150x150.webp 150w\" sizes=\"(max-width: 600px) 100vw, 600px\" \/><\/a>< \/p><\/p>\n<p style=\"text-align: center;\"><strong>Hallgasd \u00e9s csevegj a kamer\u00e1n kereszt\u00fcl<\/strong><\/p>\n<p style=\"text-align: center;\">Be\u00e9p\u00edtett reszponz\u00edv mikrofon a k\u00fclt\u00e9ri biztons\u00e1gi kamer\u00e1n, melynek k\u00f6sz\u00f6nhet\u0151en alkalmaz\u00e1sunkon kereszt\u00fcl hallgathat \u00e9s besz\u00e9lhet. A k\u00e9tir\u00e1ny\u00fa hangz\u00e1s lehet\u0151v\u00e9 teszi a bar\u00e1tokkal val\u00f3 kommunik\u00e1ci\u00f3t, a mozg\u00e1s\u00e9rz\u00e9kel\u0151 riaszt\u00e1s pedig lehet\u0151v\u00e9 teszi, hogy megszabaduljon a nem k\u00edv\u00e1nt vend\u00e9gekt\u0151l vagy \u00e1llatokt\u00f3l.<\/p>\n<p style=\"text-align: center;\"><a href=\"https:\/\/origon-eu.com\/wp-content\/uploads\/2025\/01\/DIGICAM24618-HR__97ff47bf.webp\"><img decoding=\"async\" class=\" alignnone wp-image-32162 size-full\" src=\"https:\/\/origon-eu.com\/wp-content\/uploads\/2025\/01\/DIGICAM24618-HR__97ff47bf.webp\" alt=\"\" width=\"600\" height=\"600\" srcset=\"https:\/\/origon-eu.com\/wp-content\/uploads\/2025\/01\/DIGICAM24618-HR__97ff47bf.webp 600w, https:\/\/origon-eu.com\/wp-content\/uploads\/2025\/01\/DIGICAM24618-HR__97ff47bf-300x300.webp 300w, https:\/\/origon-eu.com\/wp-content\/uploads\/2025\/01\/DIGICAM24618-HR__97ff47bf-150x150.webp 150w\" sizes=\"(max-width: 600px) 100vw, 600px\" \/><\/a>< \/p><\/p>\n<p style=\"text-align: center;\"><strong>Az ir\u00e1ny vez\u00e9rl\u00e9se mobiltelefonon kereszt\u00fcl<\/strong><\/p>\n<p style=\"text-align: center;\">320\u00b0-os v\u00edzszintes \u00e9s 110\u00b0-os f\u00fcgg\u0151leges elforgat\u00e1st biztos\u00edt, amely minden ter\u00fcletet lefed. A 4-szeres digit\u00e1lis zoom lehet\u0151v\u00e9 teszi a nagy\u00edt\u00e1st, hogy r\u00e9szletesebben l\u00e1ssa a t\u00e1voli objektumokat, vagy a kicsiny\u00edt\u00e9st a sz\u00e9lesebb \u00e9s nagyobb n\u00e9zet \u00e9rdek\u00e9ben.<\/p>\n<p style=\"text-align: center;\"><a href=\"https:\/\/origon-eu.com\/wp-content\/uploads\/2025\/01\/DIGICAM28157-HR__931cbf63.webp\"><img decoding=\"async\" class=\" alignnone wp-image-32182 size-full\" src=\"https:\/\/origon-eu.com\/wp-content\/uploads\/2025\/01\/DIGICAM28157-HR__931cbf63.webp\" alt=\"\" width=\"600\" height=\"600\" srcset=\"https:\/\/origon-eu.com\/wp-content\/uploads\/2025\/01\/DIGICAM28157-HR__931cbf63.webp 600w, https:\/\/origon-eu.com\/wp-content\/uploads\/2025\/01\/DIGICAM28157-HR__931cbf63-300x300.webp 300w, https:\/\/origon-eu.com\/wp-content\/uploads\/2025\/01\/DIGICAM28157-HR__931cbf63-150x150.webp 150w\" sizes=\"(max-width: 600px) 100vw, 600px\" \/><\/a>< \/p><\/p>\n<p style=\"text-align: center;\"><strong>Mozg\u00e1s\u00e9rz\u00e9kel\u00e9si riaszt\u00e1s<\/strong><\/p>\n<p style=\"text-align: center;\">Amikor mozg\u00e1st \u00e9szlel, riaszt\u00e1sokat kap k\u00f6zvetlen\u00fcl az okostelefonj\u00e1ra. Egyetlen emberi mozg\u00e1s sem maradhat bejelent\u00e9s n\u00e9lk\u00fcl. Nem kell folyton a vide\u00f3kat n\u00e9zegetned!<\/p>\n<p style=\"text-align: center;\"><picture class=\"aligncenter size-full wp-image-633402\"><source srcset=\"https:\/\/vigoshop.hr\/app\/uploads\/2019\/11\/ digicam-14.webp\" type=\"image\/webp\" data-srcset=\"https:\/\/vigoshop.hr\/app\/uploads\/2019\/11\/digicam-14.webp\" \/><\/picture><a href=\"https:\/\/origon-eu.com\/wp- content\/uploads\/2025\/01\/digicam-14.webp\"><img loading=\"lazy\" decoding=\"async\" class=\"alignnone size-full wp-image-32172\" src=\"https:\/\/origon-eu.com\/wp-content\/uploads\/2025\/01\/digicam-14.webp\" alt=\"\" width=\"600\" height=\"600\" srcset=\"https:\/\/origon-eu.com\/wp-content\/uploads\/2025\/01\/digicam-14.webp 600w, https:\/\/origon-eu.com\/wp-content\/uploads\/2025\/01\/digicam-14-300x300.webp 300w, https:\/\/origon-eu.com\/wp-content\/uploads\/2025\/01\/digicam-14-150x150.webp 150w\" sizes=\"(max-width: 600px) 100vw, 600px\" \/><\/a>< \/p><\/p>\n<p style=\"text-align: center;\"><strong>V\u00edz- \u00e9s por\u00e1ll\u00f3<\/strong><\/p>\n<p style=\"text-align: center;\">A kamera v\u00edz\u00e1ll\u00f3, \u00edgy b\u00e1rmilyen k\u00fclt\u00e9ri sarokban elhelyezhet\u0151, \u00e9s b\u00e1rmilyen id\u0151j\u00e1r\u00e1s eset\u00e9n t\u00f6k\u00e9letesen m\u0171k\u00f6dik.<\/p>\n<p style=\"text-align: center;\"><picture class=\"aligncenter size-full wp-image-633403\"><source srcset=\"https:\/\/vigoshop.hr\/app\/uploads\/2019\/11\/ digicam-3.webp\" type=\"image\/webp\" data-srcset=\"https:\/\/vigoshop.hr\/app\/uploads\/2019\/11\/digicam-3.webp\" \/><\/picture><a href=\"https:\/\/origon-eu.com\/wp- content\/uploads\/2025\/01\/digicam-3.webp\"><img loading=\"lazy\" decoding=\"async\" class=\"alignnone size-full wp-image-32192\" src=\"https:\/\/origon-eu.com\/wp-content\/uploads\/2025\/01\/digicam-3.webp\" alt=\"\" width=\"600\" height=\"600\" srcset=\"https:\/\/origon-eu.com\/wp-content\/uploads\/2025\/01\/digicam-3.webp 600w, https:\/\/origon-eu.com\/wp-content\/uploads\/2025\/01\/digicam-3-300x300.webp 300w, https:\/\/origon-eu.com\/wp-content\/uploads\/2025\/01\/digicam-3-150x150.webp 150w\" sizes=\"(max-width: 600px) 100vw, 600px\" \/><\/a>< \/p><\/p>\n<p style=\"text-align: center;\"><strong>Nappali \u00e9s \u00e9jszakai sz\u00edn<\/strong><\/p>\n<p style=\"text-align: center;\">3 sz\u00e9les l\u00e1t\u00f3sz\u00f6g\u0171 infrav\u00f6r\u00f6s l\u00e1mp\u00e1t \u00e9s 4 f\u00e9nyes LED l\u00e1mp\u00e1t konfigur\u00e1l, \u00edgy s\u00f6t\u00e9tben is sz\u00ednes \u00e9jjell\u00e1t\u00f3 vide\u00f3t kaphat.<\/p>\n","protected":false},"excerpt":{"rendered":"<ul>\n<li>Anyaga: ABS<\/li>\n<li>K\u00e9tir\u00e1ny\u00fa hang<\/li>\n<li>24\/7 folyamatos felv\u00e9tel<\/li>\n<li>Ak\u00e1r 128 GB-os micro SD k\u00e1rty\u00e1t t\u00e1mogat (nem tartoz\u00e9k)<\/li>\n<li>Nagy felbont\u00e1s: 1080P (Full-HD)<\/li>\n<li>Sz\u00edn: feh\u00e9r<\/li>\n<\/ul>\n","protected":false},"featured_media":32217,"template":"","meta":[],"product_cat":[208,284],"product_tag":[],"class_list":{"0":"post-32655","1":"product","2":"type-product","3":"status-publish","4":"has-post-thumbnail","6":"product_cat-elektronika-hu","7":"product_cat-intelligens-otthon","9":"first","10":"instock","11":"sale","12":"shipping-taxable","13":"purchasable","14":"product-type-simple"},"yoast_head":"<!-- This site is optimized with the Yoast SEO plugin v24.2 - https:\/\/yoast.com\/wordpress\/plugins\/seo\/ -->\n<title>K\u00fclt\u00e9ri \u00e9s belt\u00e9ri vezet\u00e9k n\u00e9lk\u00fcli kamera | DIGICAM - Origon EU<\/title>\n<meta name=\"robots\" content=\"index, follow, max-snippet:-1, max-image-preview:large, max-video-preview:-1\" \/>\n<link rel=\"canonical\" href=\"https:\/\/origon-eu.com\/hu\/product\/vanjska-i-unutarnja-bezicna-kamera-digicam\/\" \/>\n<meta property=\"og:locale\" content=\"hu_HU\" \/>\n<meta property=\"og:type\" content=\"article\" \/>\n<meta property=\"og:title\" content=\"K\u00fclt\u00e9ri \u00e9s belt\u00e9ri vezet\u00e9k n\u00e9lk\u00fcli kamera | DIGICAM - Origon EU\" \/>\n<meta property=\"og:description\" content=\"Anyaga: ABS  K\u00e9tir\u00e1ny\u00fa hang  24\/7 folyamatos felv\u00e9tel  Ak\u00e1r 128 GB-os micro SD k\u00e1rty\u00e1t t\u00e1mogat (nem tartoz\u00e9k)  Nagy felbont\u00e1s: 1080P (Full-HD)  Sz\u00edn: feh\u00e9r\" \/>\n<meta property=\"og:url\" content=\"https:\/\/origon-eu.com\/hu\/product\/vanjska-i-unutarnja-bezicna-kamera-digicam\/\" \/>\n<meta property=\"og:site_name\" content=\"Origon EU\" \/>\n<meta property=\"article:modified_time\" content=\"2025-01-30T12:51:40+00:00\" \/>\n<meta property=\"og:image\" content=\"https:\/\/origon-eu.com\/wp-content\/uploads\/2025\/01\/digicam-87939-1__d2765c98.jpg\" \/>\n\t<meta property=\"og:image:width\" content=\"600\" \/>\n\t<meta property=\"og:image:height\" content=\"600\" \/>\n\t<meta property=\"og:image:type\" content=\"image\/jpeg\" \/>\n<meta name=\"twitter:card\" content=\"summary_large_image\" \/>\n<meta name=\"twitter:label1\" content=\"Becs\u00fclt olvas\u00e1si id\u0151\" \/>\n\t<meta name=\"twitter:data1\" content=\"3 perc\" \/>\n<script type=\"application\/ld+json\" class=\"yoast-schema-graph\">{\"@context\":\"https:\/\/schema.org\",\"@graph\":[{\"@type\":\"WebPage\",\"@id\":\"https:\/\/origon-eu.com\/hu\/product\/vanjska-i-unutarnja-bezicna-kamera-digicam\/\",\"url\":\"https:\/\/origon-eu.com\/hu\/product\/vanjska-i-unutarnja-bezicna-kamera-digicam\/\",\"name\":\"K\u00fclt\u00e9ri \u00e9s belt\u00e9ri vezet\u00e9k n\u00e9lk\u00fcli kamera | DIGICAM - Origon EU\",\"isPartOf\":{\"@id\":\"https:\/\/origon-eu.com\/#website\"},\"primaryImageOfPage\":{\"@id\":\"https:\/\/origon-eu.com\/hu\/product\/vanjska-i-unutarnja-bezicna-kamera-digicam\/#primaryimage\"},\"image\":{\"@id\":\"https:\/\/origon-eu.com\/hu\/product\/vanjska-i-unutarnja-bezicna-kamera-digicam\/#primaryimage\"},\"thumbnailUrl\":\"https:\/\/origon-eu.com\/wp-content\/uploads\/2025\/01\/digicam-87939-1__d2765c98.jpg\",\"datePublished\":\"2025-01-08T12:43:21+00:00\",\"dateModified\":\"2025-01-30T12:51:40+00:00\",\"breadcrumb\":{\"@id\":\"https:\/\/origon-eu.com\/hu\/product\/vanjska-i-unutarnja-bezicna-kamera-digicam\/#breadcrumb\"},\"inLanguage\":\"hu\",\"potentialAction\":[{\"@type\":\"ReadAction\",\"target\":[\"https:\/\/origon-eu.com\/hu\/product\/vanjska-i-unutarnja-bezicna-kamera-digicam\/\"]}]},{\"@type\":\"ImageObject\",\"inLanguage\":\"hu\",\"@id\":\"https:\/\/origon-eu.com\/hu\/product\/vanjska-i-unutarnja-bezicna-kamera-digicam\/#primaryimage\",\"url\":\"https:\/\/origon-eu.com\/wp-content\/uploads\/2025\/01\/digicam-87939-1__d2765c98.jpg\",\"contentUrl\":\"https:\/\/origon-eu.com\/wp-content\/uploads\/2025\/01\/digicam-87939-1__d2765c98.jpg\",\"width\":600,\"height\":600},{\"@type\":\"BreadcrumbList\",\"@id\":\"https:\/\/origon-eu.com\/hu\/product\/vanjska-i-unutarnja-bezicna-kamera-digicam\/#breadcrumb\",\"itemListElement\":[{\"@type\":\"ListItem\",\"position\":1,\"name\":\"Home\",\"item\":\"https:\/\/origon-eu.com\/\"},{\"@type\":\"ListItem\",\"position\":2,\"name\":\"\u00dczlet\",\"item\":\"https:\/\/origon-eu.com\/hu\/shop-2\/\"},{\"@type\":\"ListItem\",\"position\":3,\"name\":\"K\u00fclt\u00e9ri \u00e9s belt\u00e9ri vezet\u00e9k n\u00e9lk\u00fcli kamera | DIGICAM\"}]},{\"@type\":\"WebSite\",\"@id\":\"https:\/\/origon-eu.com\/#website\",\"url\":\"https:\/\/origon-eu.com\/\",\"name\":\"Origon EU\",\"description\":\"Online Store\",\"publisher\":{\"@id\":\"https:\/\/origon-eu.com\/#organization\"},\"potentialAction\":[{\"@type\":\"SearchAction\",\"target\":{\"@type\":\"EntryPoint\",\"urlTemplate\":\"https:\/\/origon-eu.com\/?s={search_term_string}\"},\"query-input\":{\"@type\":\"PropertyValueSpecification\",\"valueRequired\":true,\"valueName\":\"search_term_string\"}}],\"inLanguage\":\"hu\"},{\"@type\":\"Organization\",\"@id\":\"https:\/\/origon-eu.com\/#organization\",\"name\":\"Origon EU\",\"url\":\"https:\/\/origon-eu.com\/\",\"logo\":{\"@type\":\"ImageObject\",\"inLanguage\":\"hu\",\"@id\":\"https:\/\/origon-eu.com\/#\/schema\/logo\/image\/\",\"url\":\"https:\/\/origon-eu.com\/wp-content\/uploads\/2024\/04\/Screenshot-2024-04-09-101814.png\",\"contentUrl\":\"https:\/\/origon-eu.com\/wp-content\/uploads\/2024\/04\/Screenshot-2024-04-09-101814.png\",\"width\":171,\"height\":59,\"caption\":\"Origon EU\"},\"image\":{\"@id\":\"https:\/\/origon-eu.com\/#\/schema\/logo\/image\/\"}}]}<\/script>\n<!-- \/ Yoast SEO plugin. -->","yoast_head_json":{"title":"K\u00fclt\u00e9ri \u00e9s belt\u00e9ri vezet\u00e9k n\u00e9lk\u00fcli kamera | DIGICAM - Origon EU","robots":{"index":"index","follow":"follow","max-snippet":"max-snippet:-1","max-image-preview":"max-image-preview:large","max-video-preview":"max-video-preview:-1"},"canonical":"https:\/\/origon-eu.com\/hu\/product\/vanjska-i-unutarnja-bezicna-kamera-digicam\/","og_locale":"hu_HU","og_type":"article","og_title":"K\u00fclt\u00e9ri \u00e9s belt\u00e9ri vezet\u00e9k n\u00e9lk\u00fcli kamera | DIGICAM - Origon EU","og_description":"Anyaga: ABS  K\u00e9tir\u00e1ny\u00fa hang  24\/7 folyamatos felv\u00e9tel  Ak\u00e1r 128 GB-os micro SD k\u00e1rty\u00e1t t\u00e1mogat (nem tartoz\u00e9k)  Nagy felbont\u00e1s: 1080P (Full-HD)  Sz\u00edn: feh\u00e9r","og_url":"https:\/\/origon-eu.com\/hu\/product\/vanjska-i-unutarnja-bezicna-kamera-digicam\/","og_site_name":"Origon EU","article_modified_time":"2025-01-30T12:51:40+00:00","og_image":[{"width":600,"height":600,"url":"https:\/\/origon-eu.com\/wp-content\/uploads\/2025\/01\/digicam-87939-1__d2765c98.jpg","type":"image\/jpeg"}],"twitter_card":"summary_large_image","twitter_misc":{"Becs\u00fclt olvas\u00e1si id\u0151":"3 perc"},"schema":{"@context":"https:\/\/schema.org","@graph":[{"@type":"WebPage","@id":"https:\/\/origon-eu.com\/hu\/product\/vanjska-i-unutarnja-bezicna-kamera-digicam\/","url":"https:\/\/origon-eu.com\/hu\/product\/vanjska-i-unutarnja-bezicna-kamera-digicam\/","name":"K\u00fclt\u00e9ri \u00e9s belt\u00e9ri vezet\u00e9k n\u00e9lk\u00fcli kamera | DIGICAM - Origon EU","isPartOf":{"@id":"https:\/\/origon-eu.com\/#website"},"primaryImageOfPage":{"@id":"https:\/\/origon-eu.com\/hu\/product\/vanjska-i-unutarnja-bezicna-kamera-digicam\/#primaryimage"},"image":{"@id":"https:\/\/origon-eu.com\/hu\/product\/vanjska-i-unutarnja-bezicna-kamera-digicam\/#primaryimage"},"thumbnailUrl":"https:\/\/origon-eu.com\/wp-content\/uploads\/2025\/01\/digicam-87939-1__d2765c98.jpg","datePublished":"2025-01-08T12:43:21+00:00","dateModified":"2025-01-30T12:51:40+00:00","breadcrumb":{"@id":"https:\/\/origon-eu.com\/hu\/product\/vanjska-i-unutarnja-bezicna-kamera-digicam\/#breadcrumb"},"inLanguage":"hu","potentialAction":[{"@type":"ReadAction","target":["https:\/\/origon-eu.com\/hu\/product\/vanjska-i-unutarnja-bezicna-kamera-digicam\/"]}]},{"@type":"ImageObject","inLanguage":"hu","@id":"https:\/\/origon-eu.com\/hu\/product\/vanjska-i-unutarnja-bezicna-kamera-digicam\/#primaryimage","url":"https:\/\/origon-eu.com\/wp-content\/uploads\/2025\/01\/digicam-87939-1__d2765c98.jpg","contentUrl":"https:\/\/origon-eu.com\/wp-content\/uploads\/2025\/01\/digicam-87939-1__d2765c98.jpg","width":600,"height":600},{"@type":"BreadcrumbList","@id":"https:\/\/origon-eu.com\/hu\/product\/vanjska-i-unutarnja-bezicna-kamera-digicam\/#breadcrumb","itemListElement":[{"@type":"ListItem","position":1,"name":"Home","item":"https:\/\/origon-eu.com\/"},{"@type":"ListItem","position":2,"name":"\u00dczlet","item":"https:\/\/origon-eu.com\/hu\/shop-2\/"},{"@type":"ListItem","position":3,"name":"K\u00fclt\u00e9ri \u00e9s belt\u00e9ri vezet\u00e9k n\u00e9lk\u00fcli kamera | DIGICAM"}]},{"@type":"WebSite","@id":"https:\/\/origon-eu.com\/#website","url":"https:\/\/origon-eu.com\/","name":"Origon EU","description":"Online Store","publisher":{"@id":"https:\/\/origon-eu.com\/#organization"},"potentialAction":[{"@type":"SearchAction","target":{"@type":"EntryPoint","urlTemplate":"https:\/\/origon-eu.com\/?s={search_term_string}"},"query-input":{"@type":"PropertyValueSpecification","valueRequired":true,"valueName":"search_term_string"}}],"inLanguage":"hu"},{"@type":"Organization","@id":"https:\/\/origon-eu.com\/#organization","name":"Origon EU","url":"https:\/\/origon-eu.com\/","logo":{"@type":"ImageObject","inLanguage":"hu","@id":"https:\/\/origon-eu.com\/#\/schema\/logo\/image\/","url":"https:\/\/origon-eu.com\/wp-content\/uploads\/2024\/04\/Screenshot-2024-04-09-101814.png","contentUrl":"https:\/\/origon-eu.com\/wp-content\/uploads\/2024\/04\/Screenshot-2024-04-09-101814.png","width":171,"height":59,"caption":"Origon EU"},"image":{"@id":"https:\/\/origon-eu.com\/#\/schema\/logo\/image\/"}}]}},"tiered_pricing_type":"fixed","tiered_pricing_fixed_rules":{"2":"36.99","3":"34.99","4":"32.99"},"tiered_pricing_percentage_rules":[],"tiered_pricing_minimum":1,"tiered_pricing_roles_data":[],"_links":{"self":[{"href":"https:\/\/origon-eu.com\/hu\/wp-json\/wp\/v2\/product\/32655","targetHints":{"allow":["GET"]}}],"collection":[{"href":"https:\/\/origon-eu.com\/hu\/wp-json\/wp\/v2\/product"}],"about":[{"href":"https:\/\/origon-eu.com\/hu\/wp-json\/wp\/v2\/types\/product"}],"version-history":[{"count":1,"href":"https:\/\/origon-eu.com\/hu\/wp-json\/wp\/v2\/product\/32655\/revisions"}],"predecessor-version":[{"id":32656,"href":"https:\/\/origon-eu.com\/hu\/wp-json\/wp\/v2\/product\/32655\/revisions\/32656"}],"wp:featuredmedia":[{"embeddable":true,"href":"https:\/\/origon-eu.com\/hu\/wp-json\/wp\/v2\/media\/32217"}],"wp:attachment":[{"href":"https:\/\/origon-eu.com\/hu\/wp-json\/wp\/v2\/media?parent=32655"}],"wp:term":[{"taxonomy":"product_cat","embeddable":true,"href":"https:\/\/origon-eu.com\/hu\/wp-json\/wp\/v2\/product_cat?post=32655"},{"taxonomy":"product_tag","embeddable":true,"href":"https:\/\/origon-eu.com\/hu\/wp-json\/wp\/v2\/product_tag?post=32655"}],"curies":[{"name":"wp","href":"https:\/\/api.w.org\/{rel}","templated":true}]}}