{"id":32627,"date":"2025-01-08T16:41:50","date_gmt":"2025-01-08T14:41:50","guid":{"rendered":"https:\/\/origon-eu.com\/product\/lever-espresso-coffee-machine\/"},"modified":"2025-03-10T16:44:56","modified_gmt":"2025-03-10T14:44:56","slug":"lever-espresso-coffee-machine","status":"publish","type":"product","link":"https:\/\/origon-eu.com\/hu\/product\/lever-espresso-coffee-machine\/","title":{"rendered":"Lever espresso coffee machine"},"content":{"rendered":"<p><strong>K\u00e1v\u00e9z\u00f3 az otthonodban<\/strong><br \/>\nA Llever k\u00e1v\u00e9f\u0151z\u0151vel b\u00e1rmit elk\u00e9sz\u00edthet. A termoblokkos f\u0171t\u00e9si rendszernek k\u00f6sz\u00f6nhet\u0151en pedig nem kell v\u00e1rnia. A kiv\u00e1l\u00f3 min\u0151s\u00e9g\u0171, 20 bar nyom\u00e1s\u00fa olasz pump\u00e1nak k\u00f6sz\u00f6nhet\u0151en az eszpressz\u00f3 gazdag kr\u00e9mmel \u00e9s arom\u00e1val rendelkezik. A g\u0151zf\u00fav\u00f3k\u00e1val bolyhos mikrohabot verhet a tejb\u0151l.<\/p>\n<p>A cs\u00e9szemeleg\u00edt\u0151 nem csak szesz\u00e9ly, hanem felt\u00e9tlen\u00fcl sz\u00fcks\u00e9ges. A k\u00e1v\u00e9nak nemcsak \u00e1lland\u00f3 nyom\u00e1sra, hanem h\u0151m\u00e9rs\u00e9kletre is sz\u00fcks\u00e9ge van. Egy hideg b\u00f6gre pedig tisztess\u00e9gesen megv\u00e1ltoztathatja a kapott \u00edzt.<\/p>\n<p><a href=\"https:\/\/origon-eu.com\/wp-content\/uploads\/2025\/01\/kavovar1.webp\"><img fetchpriority=\"high\" decoding=\"async\" class=\"size-full wp-image-32427 aligncenter\" src=\"https:\/\/origon-eu.com\/wp-content\/uploads\/2025\/01\/kavovar1.webp\" alt=\"\" width=\"790\" height=\"530\" srcset=\"https:\/\/origon-eu.com\/wp-content\/uploads\/2025\/01\/kavovar1.webp 790w, https:\/\/origon-eu.com\/wp-content\/uploads\/2025\/01\/kavovar1-300x201.webp 300w, https:\/\/origon-eu.com\/wp-content\/uploads\/2025\/01\/kavovar1-768x515.webp 768w, https:\/\/origon-eu.com\/wp-content\/uploads\/2025\/01\/kavovar1-600x403.webp 600w, https:\/\/origon-eu.com\/wp-content\/uploads\/2025\/01\/kavovar1-150x101.webp 150w\" sizes=\"(max-width: 790px) 100vw, 790px\" \/><\/a><\/p>\n<p><strong>M\u00e9g a legkisebb konyh\u00e1ba is illeszkedik<\/strong><\/p>\n<p>A teljesen f\u00e9m kialak\u00edt\u00e1s\u00e1nak k\u00f6sz\u00f6nhet\u0151en pedig j\u00f3l fog kin\u00e9zni ott. A v\u00edztart\u00e1ly m\u00e9g mindig elegend\u0151, 1,4 literes, \u00edgy nem kell folyamatosan t\u00f6ltenie.<\/p>\n<p>Ne agg\u00f3djon a takar\u00edt\u00e1s miatt sem. Egyszer\u0171en ki\u00f6bl\u00edtheti a kart, a sz\u0171r\u0151t \u00e9s a cseppt\u00e1lc\u00e1t. A k\u00fcls\u0151 g\u0151zf\u00fav\u00f3ka azt is biztos\u00edtja, hogy a tej ne rak\u00f3djon le a k\u00e1v\u00e9f\u0151z\u0151 belsej\u00e9ben. Ami a be\u00e9p\u00edtett habos\u00edt\u00f3kkal probl\u00e9ma. Csak f\u00fajja \u00e1t az \u00fcres helyen, \u00e9s t\u00f6r\u00f6lje le.<\/p>\n<p><a href=\"https:\/\/origon-eu.com\/wp-content\/uploads\/2025\/01\/kavovar.webp\"><img decoding=\"async\" class=\"size-full wp-image-32437 aligncenter\" src=\"https:\/\/origon-eu.com\/wp-content\/uploads\/2025\/01\/kavovar.webp\" alt=\"\" width=\"790\" height=\"530\" srcset=\"https:\/\/origon-eu.com\/wp-content\/uploads\/2025\/01\/kavovar.webp 790w, https:\/\/origon-eu.com\/wp-content\/uploads\/2025\/01\/kavovar-300x201.webp 300w, https:\/\/origon-eu.com\/wp-content\/uploads\/2025\/01\/kavovar-768x515.webp 768w, https:\/\/origon-eu.com\/wp-content\/uploads\/2025\/01\/kavovar-600x403.webp 600w, https:\/\/origon-eu.com\/wp-content\/uploads\/2025\/01\/kavovar-150x101.webp 150w\" sizes=\"(max-width: 790px) 100vw, 790px\" \/><\/a><\/p>\n<p><strong>Nem kell semmin gondolkodnod.<\/strong><\/p>\n<p>A Patricca Lacrema k\u00e1v\u00e9f\u0151z\u0151 megteszi ezt \u00d6n helyett. K\u00f6nnyen vez\u00e9relhet\u0151 4 gombbal. Ezenk\u00edv\u00fcl a k\u00e1v\u00e9t pontosan \u00fagy t\u00e1rolhatja, ahogyan szereti \u2013 k\u00fcl\u00f6n egy \u00e9s k\u00e9t cs\u00e9sze sz\u00e1m\u00e1ra.<\/p>\n<p>\u00c9s ha v\u00e9letlen\u00fcl elfelejten\u00e9 kikapcsolni?Egy\u00e1ltal\u00e1n nem t\u00f6rt\u00e9nik semmi. Mag\u00e1t\u00f3l csin\u00e1lja.<\/p>\n<p><a href=\"https:\/\/origon-eu.com\/wp-content\/uploads\/2025\/01\/Kavovar-Patricca-Lacrema.webp\"><img decoding=\"async\" class=\"size-full wp-image-32449 aligncenter\" src=\"https:\/\/origon-eu.com\/wp-content\/uploads\/2025\/01\/Kavovar-Patricca-Lacrema.webp\" alt=\"\" width=\"790\" height=\"600\" \/><\/a><\/p>\n<h2>Hogyan n\u00e9z ki a Lacrema k\u00e1v\u00e9f\u0151z\u0151 m\u0171k\u00f6d\u00e9s k\u00f6zben?<\/h2>\n<div style=\"width: 1280px;\" class=\"wp-video\"><video class=\"wp-video-shortcode\" id=\"video-32627-1\" width=\"1280\" height=\"720\" preload=\"metadata\" controls=\"controls\"><source type=\"video\/mp4\" src=\"https:\/\/origon-eu.com\/wp-content\/uploads\/2025\/01\/coffee.mp4?_=1\" \/><a href=\"https:\/\/origon-eu.com\/wp-content\/uploads\/2025\/01\/coffee.mp4\">https:\/\/origon-eu.com\/wp-content\/uploads\/2025\/01\/coffee.mp4<\/a><\/video><\/div>\n","protected":false},"excerpt":{"rendered":"<p>\u00c1ll\u00edtsa be otthon a vil\u00e1g legjobb k\u00e1v\u00e9z\u00f3j\u00e1t. Mindig lesz hova le\u00fclni, \u00e9s nem kell v\u00e1rnia a k\u00e1v\u00e9ra. Ak\u00e1r egy j\u00f3 eszpressz\u00f3ra, ak\u00e1r egy felvert latte macchiat\u00f3ra v\u00e1gyik.<\/p>\n<ul>\n<li>Kiv\u00e1l\u00f3 min\u0151s\u00e9g\u0171 olasz szivatty\u00fa: 20 bar nyom\u00e1s<\/li>\n<li>K\u00f6nnyen kezelhet\u0151:\u00a04 gombbal<\/li>\n<li>Gyors v\u00edzmeleg\u00edt\u00e9s: termoblokk rendszer<\/li>\n<li>K\u00e1v\u00e9k sz\u00e1ma: egyszerre legfeljebb 2 cs\u00e9sze<\/li>\n<li>G\u0151zf\u00fav\u00f3ka:\u00a0\u00a0gyorsan habos\u00edtsa fel a tejet<\/li>\n<li>\u0170rtartalom: 1,4 l<\/li>\n<li>Automatikus kikapcsol\u00e1s<\/li>\n<li>Teljesen f\u00e9m kivitel<\/li>\n<\/ul>\n","protected":false},"featured_media":32442,"template":"","meta":[],"product_cat":[208,207],"product_tag":[],"class_list":{"0":"post-32627","1":"product","2":"type-product","3":"status-publish","4":"has-post-thumbnail","6":"product_cat-elektronika-hu","7":"product_cat-otthon-es-konyha-hu","9":"first","10":"outofstock","11":"sale","12":"shipping-taxable","13":"purchasable","14":"product-type-simple"},"yoast_head":"<!-- This site is optimized with the Yoast SEO plugin v24.2 - https:\/\/yoast.com\/wordpress\/plugins\/seo\/ -->\n<title>Lever espresso coffee machine - Origon EU<\/title>\n<meta name=\"robots\" content=\"index, follow, max-snippet:-1, max-image-preview:large, max-video-preview:-1\" \/>\n<link rel=\"canonical\" href=\"https:\/\/origon-eu.com\/hu\/product\/lever-espresso-coffee-machine\/\" \/>\n<meta property=\"og:locale\" content=\"hu_HU\" \/>\n<meta property=\"og:type\" content=\"article\" \/>\n<meta property=\"og:title\" content=\"Lever espresso coffee machine - Origon EU\" \/>\n<meta property=\"og:description\" content=\"\u00c1ll\u00edtsa be otthon a vil\u00e1g legjobb k\u00e1v\u00e9z\u00f3j\u00e1t. Mindig lesz hova le\u00fclni, \u00e9s nem kell v\u00e1rnia a k\u00e1v\u00e9ra. Ak\u00e1r egy j\u00f3 eszpressz\u00f3ra, ak\u00e1r egy felvert latte macchiat\u00f3ra v\u00e1gyik.   Kiv\u00e1l\u00f3 min\u0151s\u00e9g\u0171 olasz szivatty\u00fa: 20 bar nyom\u00e1s  K\u00f6nnyen kezelhet\u0151:\u00a04 gombbal  Gyors v\u00edzmeleg\u00edt\u00e9s: termoblokk rendszer  K\u00e1v\u00e9k sz\u00e1ma: egyszerre legfeljebb 2 cs\u00e9sze  G\u0151zf\u00fav\u00f3ka:\u00a0\u00a0gyorsan habos\u00edtsa fel a tejet  \u0170rtartalom: 1,4 l  Automatikus kikapcsol\u00e1s  Teljesen f\u00e9m kivitel\" \/>\n<meta property=\"og:url\" content=\"https:\/\/origon-eu.com\/hu\/product\/lever-espresso-coffee-machine\/\" \/>\n<meta property=\"og:site_name\" content=\"Origon EU\" \/>\n<meta property=\"article:modified_time\" content=\"2025-03-10T14:44:56+00:00\" \/>\n<meta property=\"og:image\" content=\"https:\/\/origon-eu.com\/wp-content\/uploads\/2025\/01\/kavovar.webp\" \/>\n\t<meta property=\"og:image:width\" content=\"790\" \/>\n\t<meta property=\"og:image:height\" content=\"530\" \/>\n\t<meta property=\"og:image:type\" content=\"image\/webp\" \/>\n<meta name=\"twitter:card\" content=\"summary_large_image\" \/>\n<meta name=\"twitter:label1\" content=\"Becs\u00fclt olvas\u00e1si id\u0151\" \/>\n\t<meta name=\"twitter:data1\" content=\"2 perc\" \/>\n<script type=\"application\/ld+json\" class=\"yoast-schema-graph\">{\"@context\":\"https:\/\/schema.org\",\"@graph\":[{\"@type\":\"WebPage\",\"@id\":\"https:\/\/origon-eu.com\/hu\/product\/lever-espresso-coffee-machine\/\",\"url\":\"https:\/\/origon-eu.com\/hu\/product\/lever-espresso-coffee-machine\/\",\"name\":\"Lever espresso coffee machine - Origon EU\",\"isPartOf\":{\"@id\":\"https:\/\/origon-eu.com\/#website\"},\"primaryImageOfPage\":{\"@id\":\"https:\/\/origon-eu.com\/hu\/product\/lever-espresso-coffee-machine\/#primaryimage\"},\"image\":{\"@id\":\"https:\/\/origon-eu.com\/hu\/product\/lever-espresso-coffee-machine\/#primaryimage\"},\"thumbnailUrl\":\"https:\/\/origon-eu.com\/wp-content\/uploads\/2025\/01\/kavovar.webp\",\"datePublished\":\"2025-01-08T14:41:50+00:00\",\"dateModified\":\"2025-03-10T14:44:56+00:00\",\"breadcrumb\":{\"@id\":\"https:\/\/origon-eu.com\/hu\/product\/lever-espresso-coffee-machine\/#breadcrumb\"},\"inLanguage\":\"hu\",\"potentialAction\":[{\"@type\":\"ReadAction\",\"target\":[\"https:\/\/origon-eu.com\/hu\/product\/lever-espresso-coffee-machine\/\"]}]},{\"@type\":\"ImageObject\",\"inLanguage\":\"hu\",\"@id\":\"https:\/\/origon-eu.com\/hu\/product\/lever-espresso-coffee-machine\/#primaryimage\",\"url\":\"https:\/\/origon-eu.com\/wp-content\/uploads\/2025\/01\/kavovar.webp\",\"contentUrl\":\"https:\/\/origon-eu.com\/wp-content\/uploads\/2025\/01\/kavovar.webp\",\"width\":790,\"height\":530},{\"@type\":\"BreadcrumbList\",\"@id\":\"https:\/\/origon-eu.com\/hu\/product\/lever-espresso-coffee-machine\/#breadcrumb\",\"itemListElement\":[{\"@type\":\"ListItem\",\"position\":1,\"name\":\"Home\",\"item\":\"https:\/\/origon-eu.com\/\"},{\"@type\":\"ListItem\",\"position\":2,\"name\":\"\u00dczlet\",\"item\":\"https:\/\/origon-eu.com\/hu\/shop-2\/\"},{\"@type\":\"ListItem\",\"position\":3,\"name\":\"Lever espresso coffee machine\"}]},{\"@type\":\"WebSite\",\"@id\":\"https:\/\/origon-eu.com\/#website\",\"url\":\"https:\/\/origon-eu.com\/\",\"name\":\"Origon EU\",\"description\":\"Online Store\",\"publisher\":{\"@id\":\"https:\/\/origon-eu.com\/#organization\"},\"potentialAction\":[{\"@type\":\"SearchAction\",\"target\":{\"@type\":\"EntryPoint\",\"urlTemplate\":\"https:\/\/origon-eu.com\/?s={search_term_string}\"},\"query-input\":{\"@type\":\"PropertyValueSpecification\",\"valueRequired\":true,\"valueName\":\"search_term_string\"}}],\"inLanguage\":\"hu\"},{\"@type\":\"Organization\",\"@id\":\"https:\/\/origon-eu.com\/#organization\",\"name\":\"Origon EU\",\"url\":\"https:\/\/origon-eu.com\/\",\"logo\":{\"@type\":\"ImageObject\",\"inLanguage\":\"hu\",\"@id\":\"https:\/\/origon-eu.com\/#\/schema\/logo\/image\/\",\"url\":\"https:\/\/origon-eu.com\/wp-content\/uploads\/2024\/04\/Screenshot-2024-04-09-101814.png\",\"contentUrl\":\"https:\/\/origon-eu.com\/wp-content\/uploads\/2024\/04\/Screenshot-2024-04-09-101814.png\",\"width\":171,\"height\":59,\"caption\":\"Origon EU\"},\"image\":{\"@id\":\"https:\/\/origon-eu.com\/#\/schema\/logo\/image\/\"}}]}<\/script>\n<!-- \/ Yoast SEO plugin. -->","yoast_head_json":{"title":"Lever espresso coffee machine - Origon EU","robots":{"index":"index","follow":"follow","max-snippet":"max-snippet:-1","max-image-preview":"max-image-preview:large","max-video-preview":"max-video-preview:-1"},"canonical":"https:\/\/origon-eu.com\/hu\/product\/lever-espresso-coffee-machine\/","og_locale":"hu_HU","og_type":"article","og_title":"Lever espresso coffee machine - Origon EU","og_description":"\u00c1ll\u00edtsa be otthon a vil\u00e1g legjobb k\u00e1v\u00e9z\u00f3j\u00e1t. Mindig lesz hova le\u00fclni, \u00e9s nem kell v\u00e1rnia a k\u00e1v\u00e9ra. Ak\u00e1r egy j\u00f3 eszpressz\u00f3ra, ak\u00e1r egy felvert latte macchiat\u00f3ra v\u00e1gyik.   Kiv\u00e1l\u00f3 min\u0151s\u00e9g\u0171 olasz szivatty\u00fa: 20 bar nyom\u00e1s  K\u00f6nnyen kezelhet\u0151:\u00a04 gombbal  Gyors v\u00edzmeleg\u00edt\u00e9s: termoblokk rendszer  K\u00e1v\u00e9k sz\u00e1ma: egyszerre legfeljebb 2 cs\u00e9sze  G\u0151zf\u00fav\u00f3ka:\u00a0\u00a0gyorsan habos\u00edtsa fel a tejet  \u0170rtartalom: 1,4 l  Automatikus kikapcsol\u00e1s  Teljesen f\u00e9m kivitel","og_url":"https:\/\/origon-eu.com\/hu\/product\/lever-espresso-coffee-machine\/","og_site_name":"Origon EU","article_modified_time":"2025-03-10T14:44:56+00:00","og_image":[{"width":790,"height":530,"url":"https:\/\/origon-eu.com\/wp-content\/uploads\/2025\/01\/kavovar.webp","type":"image\/webp"}],"twitter_card":"summary_large_image","twitter_misc":{"Becs\u00fclt olvas\u00e1si id\u0151":"2 perc"},"schema":{"@context":"https:\/\/schema.org","@graph":[{"@type":"WebPage","@id":"https:\/\/origon-eu.com\/hu\/product\/lever-espresso-coffee-machine\/","url":"https:\/\/origon-eu.com\/hu\/product\/lever-espresso-coffee-machine\/","name":"Lever espresso coffee machine - Origon EU","isPartOf":{"@id":"https:\/\/origon-eu.com\/#website"},"primaryImageOfPage":{"@id":"https:\/\/origon-eu.com\/hu\/product\/lever-espresso-coffee-machine\/#primaryimage"},"image":{"@id":"https:\/\/origon-eu.com\/hu\/product\/lever-espresso-coffee-machine\/#primaryimage"},"thumbnailUrl":"https:\/\/origon-eu.com\/wp-content\/uploads\/2025\/01\/kavovar.webp","datePublished":"2025-01-08T14:41:50+00:00","dateModified":"2025-03-10T14:44:56+00:00","breadcrumb":{"@id":"https:\/\/origon-eu.com\/hu\/product\/lever-espresso-coffee-machine\/#breadcrumb"},"inLanguage":"hu","potentialAction":[{"@type":"ReadAction","target":["https:\/\/origon-eu.com\/hu\/product\/lever-espresso-coffee-machine\/"]}]},{"@type":"ImageObject","inLanguage":"hu","@id":"https:\/\/origon-eu.com\/hu\/product\/lever-espresso-coffee-machine\/#primaryimage","url":"https:\/\/origon-eu.com\/wp-content\/uploads\/2025\/01\/kavovar.webp","contentUrl":"https:\/\/origon-eu.com\/wp-content\/uploads\/2025\/01\/kavovar.webp","width":790,"height":530},{"@type":"BreadcrumbList","@id":"https:\/\/origon-eu.com\/hu\/product\/lever-espresso-coffee-machine\/#breadcrumb","itemListElement":[{"@type":"ListItem","position":1,"name":"Home","item":"https:\/\/origon-eu.com\/"},{"@type":"ListItem","position":2,"name":"\u00dczlet","item":"https:\/\/origon-eu.com\/hu\/shop-2\/"},{"@type":"ListItem","position":3,"name":"Lever espresso coffee machine"}]},{"@type":"WebSite","@id":"https:\/\/origon-eu.com\/#website","url":"https:\/\/origon-eu.com\/","name":"Origon EU","description":"Online Store","publisher":{"@id":"https:\/\/origon-eu.com\/#organization"},"potentialAction":[{"@type":"SearchAction","target":{"@type":"EntryPoint","urlTemplate":"https:\/\/origon-eu.com\/?s={search_term_string}"},"query-input":{"@type":"PropertyValueSpecification","valueRequired":true,"valueName":"search_term_string"}}],"inLanguage":"hu"},{"@type":"Organization","@id":"https:\/\/origon-eu.com\/#organization","name":"Origon EU","url":"https:\/\/origon-eu.com\/","logo":{"@type":"ImageObject","inLanguage":"hu","@id":"https:\/\/origon-eu.com\/#\/schema\/logo\/image\/","url":"https:\/\/origon-eu.com\/wp-content\/uploads\/2024\/04\/Screenshot-2024-04-09-101814.png","contentUrl":"https:\/\/origon-eu.com\/wp-content\/uploads\/2024\/04\/Screenshot-2024-04-09-101814.png","width":171,"height":59,"caption":"Origon EU"},"image":{"@id":"https:\/\/origon-eu.com\/#\/schema\/logo\/image\/"}}]}},"tiered_pricing_type":"fixed","tiered_pricing_fixed_rules":[],"tiered_pricing_percentage_rules":[],"tiered_pricing_minimum":1,"tiered_pricing_roles_data":[],"_links":{"self":[{"href":"https:\/\/origon-eu.com\/hu\/wp-json\/wp\/v2\/product\/32627","targetHints":{"allow":["GET"]}}],"collection":[{"href":"https:\/\/origon-eu.com\/hu\/wp-json\/wp\/v2\/product"}],"about":[{"href":"https:\/\/origon-eu.com\/hu\/wp-json\/wp\/v2\/types\/product"}],"version-history":[{"count":2,"href":"https:\/\/origon-eu.com\/hu\/wp-json\/wp\/v2\/product\/32627\/revisions"}],"predecessor-version":[{"id":32629,"href":"https:\/\/origon-eu.com\/hu\/wp-json\/wp\/v2\/product\/32627\/revisions\/32629"}],"wp:featuredmedia":[{"embeddable":true,"href":"https:\/\/origon-eu.com\/hu\/wp-json\/wp\/v2\/media\/32442"}],"wp:attachment":[{"href":"https:\/\/origon-eu.com\/hu\/wp-json\/wp\/v2\/media?parent=32627"}],"wp:term":[{"taxonomy":"product_cat","embeddable":true,"href":"https:\/\/origon-eu.com\/hu\/wp-json\/wp\/v2\/product_cat?post=32627"},{"taxonomy":"product_tag","embeddable":true,"href":"https:\/\/origon-eu.com\/hu\/wp-json\/wp\/v2\/product_tag?post=32627"}],"curies":[{"name":"wp","href":"https:\/\/api.w.org\/{rel}","templated":true}]}}