{"id":28849,"date":"2024-10-29T12:02:06","date_gmt":"2024-10-29T10:02:06","guid":{"rendered":"https:\/\/origon-eu.com\/?post_type=product&#038;p=28849"},"modified":"2025-01-09T14:37:31","modified_gmt":"2025-01-09T12:37:31","slug":"magic-nail-fungus-removal-spray","status":"publish","type":"product","link":"https:\/\/origon-eu.com\/hu\/product\/magic-nail-fungus-removal-spray\/","title":{"rendered":"Magic k\u00f6r\u00f6mgomba elt\u00e1vol\u00edt\u00f3 spray"},"content":{"rendered":"<p>1\u3001\u3010Az \u00f6sszetev\u0151k biztons\u00e1ga\u3011 A term\u00e9szetes \u00f6sszetev\u0151k er\u0151s\u00edtik a t\u00f6r\u00e9keny k\u00f6rm\u00f6ket, helyre\u00e1ll\u00edtj\u00e1k az elsz\u00ednez\u0151d\u00f6tt \u00e9s s\u00e9r\u00fclt k\u00f6rm\u00f6ket, \u00e9s felgyors\u00edtj\u00e1k az eg\u00e9szs\u00e9ges k\u00f6r\u00f6mn\u00f6veked\u00e9st. A Nail Repair Essence biztons\u00e1gos \u00e9s gyeng\u00e9d.<br \/>\n2\u3001\u3010K\u00f6nnyen jav\u00edthat\u00f3\u3011Term\u00e9szetes f\u00e9nyt ad a k\u00f6rmeinek, \u00e9s seg\u00edt kisim\u00edtani \u0151ket. A fel\u00e9p\u00fcl\u00e9si id\u0151szak a k\u00f6r\u00f6m n\u00f6veked\u00e9s\u00e9t\u0151l \u00e9s k\u00e1rosod\u00e1s\u00e1t\u00f3l f\u00fcgg, ez\u00e9rt elt\u00e9r\u0151 ideig tarthat.<br \/>\n3\u3001\u3010Er\u0151s k\u00f6rm\u00f6k\u3011Jav\u00edtja a k\u00f6r\u00f6msz\u00f6vetet, az eg\u00e9szs\u00e9ges sz\u00f6vetek er\u0151sebb\u00e9 teszik a k\u00f6rm\u00f6ket \u00e9s kev\u00e9sb\u00e9 hajlamosak a t\u00f6r\u00e9sre. A term\u00e9szetes k\u00f6r\u00f6mjav\u00edt\u00f3 esszencia seg\u00edt cs\u00f6kkenteni az elsz\u00ednez\u0151d\u00e9st, korrig\u00e1lni a deform\u00e1l\u00f3dott form\u00e1kat \u00e9s normaliz\u00e1lni a vastags\u00e1got.<br \/>\n4\u3001\u3010Multi-Purpose\u3011 Az Extra Strong Nail Repair for Toenail alkalmas zsugorod\u00e1sra, egyenetlen fel\u00fcletekre, r\u00e9tegveszt\u00e9sre, megvastagod\u00e1sra \u00e9s s\u00e1rgul\u00e1sra, k\u00f6r\u00f6m elt\u00e1vol\u00edt\u00e1s\u00e1ra, zavaros elsz\u00ednez\u0151d\u00e9sre, k\u00f6r\u00f6mprobl\u00e9m\u00e1kra stb.<br \/>\n5\u3001\u3010Haszn\u00e1lat\u3011 Naponta k\u00e9tszer, nappal \u00e9s \u00e9jszaka. Minden 2-3 napos haszn\u00e1lat ut\u00e1n lakkozzon k\u00f6r\u00f6mfel\u00fcletet, \u00e9s folytassa a haszn\u00e1lat\u00e1t. A l\u00e1bujj- \u00e9s ujjk\u00f6r\u00f6messzenci\u00e1t k\u00f6nny\u0171 haszn\u00e1lni.<br \/>\nLe\u00edr\u00e1s:<br \/>\nA term\u00e9szetes \u00f6sszetev\u0151k er\u0151s\u00edtik a t\u00f6r\u00e9keny k\u00f6rm\u00f6ket, helyre\u00e1ll\u00edtj\u00e1k az elsz\u00ednez\u0151d\u00f6tt \u00e9s s\u00e9r\u00fclt k\u00f6rm\u00f6ket, \u00e9s felgyors\u00edtj\u00e1k az eg\u00e9szs\u00e9ges k\u00f6r\u00f6mn\u00f6veked\u00e9st. A Nail Repair Essence biztons\u00e1gos \u00e9s gyeng\u00e9d. Az eg\u00e9szs\u00e9ges sz\u00f6vetek er\u0151sebb\u00e9 teszik a k\u00f6rm\u00f6ket, \u00e9s kev\u00e9sb\u00e9 hajlamosak a t\u00f6r\u00e9sre. A Natural Toenail Repair Essence seg\u00edt er\u0151s k\u00f6rm\u00f6k n\u00f6veszt\u00e9s\u00e9ben, cs\u00f6kkenti az elsz\u00ednez\u0151d\u00e9st, korrig\u00e1lja a deform\u00e1lt alakot stb.<br \/>\nNaponta k\u00e9tszer, egyszer reggel, egyszer este. Minden 2-3 napos haszn\u00e1lat ut\u00e1n lakkozzon k\u00f6r\u00f6mfel\u00fcletet, \u00e9s folytassa a haszn\u00e1lat\u00e1t.<\/p>\n<p><a href=\"https:\/\/origon-eu.com\/wp-content\/uploads\/2024\/10\/S98765ea6afd04e73a31089d99c3756e7H.avif\"><img fetchpriority=\"high\" decoding=\"async\" class=\"alignnone size-full wp-image-32710\" src=\"https:\/\/origon-eu.com\/wp-content\/uploads\/2024\/10\/S98765ea6afd04e73a31089d99c3756e7H.avif\" alt=\"\" width=\"1000\" height=\"1000\" \/><\/a> <a href=\"https:\/\/origon-eu.com\/wp-content\/uploads\/2024\/10\/Sa8a2b52d780b49959a440f8fa6d491c2W.avif\"><img decoding=\"async\" class=\"alignnone size-full wp-image-32721\" src=\"https:\/\/origon-eu.com\/wp-content\/uploads\/2024\/10\/Sa8a2b52d780b49959a440f8fa6d491c2W.avif\" alt=\"\" width=\"1000\" height=\"1000\" \/><\/a> <a href=\"https:\/\/origon-eu.com\/wp-content\/uploads\/2024\/10\/Sf265ad80b692425a8ad98922eac3107co.avif\"><img decoding=\"async\" class=\"alignnone size-full wp-image-32731\" src=\"https:\/\/origon-eu.com\/wp-content\/uploads\/2024\/10\/Sf265ad80b692425a8ad98922eac3107co.avif\" alt=\"\" width=\"1000\" height=\"1000\" \/><\/a> <a href=\"https:\/\/origon-eu.com\/wp-content\/uploads\/2024\/10\/S9ae0e23410d54186aa72dbcc067830faD.avif\"><img loading=\"lazy\" decoding=\"async\" class=\"alignnone size-full wp-image-32741\" src=\"https:\/\/origon-eu.com\/wp-content\/uploads\/2024\/10\/S9ae0e23410d54186aa72dbcc067830faD.avif\" alt=\"\" width=\"1000\" height=\"1000\" \/><\/a> <a href=\"https:\/\/origon-eu.com\/wp-content\/uploads\/2024\/10\/S83cd5546cc4c4eb8a3900ecd72b5f99c4.avif\"><img loading=\"lazy\" decoding=\"async\" class=\"alignnone size-full wp-image-32751\" src=\"https:\/\/origon-eu.com\/wp-content\/uploads\/2024\/10\/S83cd5546cc4c4eb8a3900ecd72b5f99c4.avif\" alt=\"\" width=\"1000\" height=\"1000\" \/><\/a> <a href=\"https:\/\/origon-eu.com\/wp-content\/uploads\/2024\/10\/S42d34c19bc544f568bbe2a0ab7b9f85b0.avif\"><img loading=\"lazy\" decoding=\"async\" class=\"alignnone size-full wp-image-32761\" src=\"https:\/\/origon-eu.com\/wp-content\/uploads\/2024\/10\/S42d34c19bc544f568bbe2a0ab7b9f85b0.avif\" alt=\"\" width=\"1000\" height=\"1000\" \/><\/a> <a href=\"https:\/\/origon-eu.com\/wp-content\/uploads\/2024\/10\/Sa602da4a567b480e891d9a10004e8e5ew.avif\"><img loading=\"lazy\" decoding=\"async\" class=\"alignnone size-full wp-image-32771\" src=\"https:\/\/origon-eu.com\/wp-content\/uploads\/2024\/10\/Sa602da4a567b480e891d9a10004e8e5ew.avif\" alt=\"\" width=\"1000\" height=\"1000\" \/><\/a> <a href=\"https:\/\/origon-eu.com\/wp-content\/uploads\/2024\/10\/S9cede87958e245b7ba420c8969e77493u.avif\"><img loading=\"lazy\" decoding=\"async\" class=\"alignnone size-full wp-image-32781\" src=\"https:\/\/origon-eu.com\/wp-content\/uploads\/2024\/10\/S9cede87958e245b7ba420c8969e77493u.avif\" alt=\"\" width=\"1000\" height=\"1000\" \/><\/a> <a href=\"https:\/\/origon-eu.com\/wp-content\/uploads\/2024\/10\/S7ec07d42016c45928dc27f9673a65fa0O.avif\"><img loading=\"lazy\" decoding=\"async\" class=\"alignnone size-full wp-image-32791\" src=\"https:\/\/origon-eu.com\/wp-content\/uploads\/2024\/10\/S7ec07d42016c45928dc27f9673a65fa0O.avif\" alt=\"\" width=\"1000\" height=\"1000\" \/><\/a><\/p>\n","protected":false},"excerpt":{"rendered":"<ul>\n<li>L\u00e1that\u00f3 eredm\u00e9ny 7 nap alkalmaz\u00e1s ut\u00e1n<\/li>\n<li>Cs\u00f6kkenti \u00e9s lass\u00edtja a hajhull\u00e1st<\/li>\n<li>N\u00f6veli a haj s\u0171r\u0171s\u00e9g\u00e9t<\/li>\n<li>El\u0151seg\u00edti az \u00faj haj n\u00f6veked\u00e9s\u00e9t<\/li>\n<li>Stimul\u00e1lja a gy\u00f6kerek regener\u00e1l\u00f3d\u00e1s\u00e1t \u00e9s a haj vastags\u00e1g\u00e1t<\/li>\n<li>F\u00e9rfiak \u00e9s n\u0151k sz\u00e1m\u00e1ra<\/li>\n<\/ul>\n","protected":false},"featured_media":28869,"template":"","meta":[],"product_cat":[265],"product_tag":[],"class_list":{"0":"post-28849","1":"product","2":"type-product","3":"status-publish","4":"has-post-thumbnail","6":"product_cat-szepseg-es-testapolas","8":"first","9":"instock","10":"sale","11":"shipping-taxable","12":"purchasable","13":"product-type-simple"},"yoast_head":"<!-- This site is optimized with the Yoast SEO plugin v24.2 - https:\/\/yoast.com\/wordpress\/plugins\/seo\/ -->\n<title>Magic k\u00f6r\u00f6mgomba elt\u00e1vol\u00edt\u00f3 spray - Origon EU<\/title>\n<meta name=\"robots\" content=\"index, follow, max-snippet:-1, max-image-preview:large, max-video-preview:-1\" \/>\n<link rel=\"canonical\" href=\"https:\/\/origon-eu.com\/hu\/product\/magic-nail-fungus-removal-spray\/\" \/>\n<meta property=\"og:locale\" content=\"hu_HU\" \/>\n<meta property=\"og:type\" content=\"article\" \/>\n<meta property=\"og:title\" content=\"Magic k\u00f6r\u00f6mgomba elt\u00e1vol\u00edt\u00f3 spray - Origon EU\" \/>\n<meta property=\"og:description\" content=\"L\u00e1that\u00f3 eredm\u00e9ny 7 nap alkalmaz\u00e1s ut\u00e1n  Cs\u00f6kkenti \u00e9s lass\u00edtja a hajhull\u00e1st  N\u00f6veli a haj s\u0171r\u0171s\u00e9g\u00e9t  El\u0151seg\u00edti az \u00faj haj n\u00f6veked\u00e9s\u00e9t  Stimul\u00e1lja a gy\u00f6kerek regener\u00e1l\u00f3d\u00e1s\u00e1t \u00e9s a haj vastags\u00e1g\u00e1t  F\u00e9rfiak \u00e9s n\u0151k sz\u00e1m\u00e1ra\" \/>\n<meta property=\"og:url\" content=\"https:\/\/origon-eu.com\/hu\/product\/magic-nail-fungus-removal-spray\/\" \/>\n<meta property=\"og:site_name\" content=\"Origon EU\" \/>\n<meta property=\"article:modified_time\" content=\"2025-01-09T12:37:31+00:00\" \/>\n<meta property=\"og:image\" content=\"https:\/\/origon-eu.com\/wp-content\/uploads\/2024\/10\/posledna.webp\" \/>\n\t<meta property=\"og:image:width\" content=\"1000\" \/>\n\t<meta property=\"og:image:height\" content=\"1000\" \/>\n\t<meta property=\"og:image:type\" content=\"image\/webp\" \/>\n<meta name=\"twitter:card\" content=\"summary_large_image\" \/>\n<meta name=\"twitter:label1\" content=\"Becs\u00fclt olvas\u00e1si id\u0151\" \/>\n\t<meta name=\"twitter:data1\" content=\"3 perc\" \/>\n<script type=\"application\/ld+json\" class=\"yoast-schema-graph\">{\"@context\":\"https:\/\/schema.org\",\"@graph\":[{\"@type\":\"WebPage\",\"@id\":\"https:\/\/origon-eu.com\/hu\/product\/magic-nail-fungus-removal-spray\/\",\"url\":\"https:\/\/origon-eu.com\/hu\/product\/magic-nail-fungus-removal-spray\/\",\"name\":\"Magic k\u00f6r\u00f6mgomba elt\u00e1vol\u00edt\u00f3 spray - Origon EU\",\"isPartOf\":{\"@id\":\"https:\/\/origon-eu.com\/#website\"},\"primaryImageOfPage\":{\"@id\":\"https:\/\/origon-eu.com\/hu\/product\/magic-nail-fungus-removal-spray\/#primaryimage\"},\"image\":{\"@id\":\"https:\/\/origon-eu.com\/hu\/product\/magic-nail-fungus-removal-spray\/#primaryimage\"},\"thumbnailUrl\":\"https:\/\/origon-eu.com\/wp-content\/uploads\/2024\/10\/posledna.webp\",\"datePublished\":\"2024-10-29T10:02:06+00:00\",\"dateModified\":\"2025-01-09T12:37:31+00:00\",\"breadcrumb\":{\"@id\":\"https:\/\/origon-eu.com\/hu\/product\/magic-nail-fungus-removal-spray\/#breadcrumb\"},\"inLanguage\":\"hu\",\"potentialAction\":[{\"@type\":\"ReadAction\",\"target\":[\"https:\/\/origon-eu.com\/hu\/product\/magic-nail-fungus-removal-spray\/\"]}]},{\"@type\":\"ImageObject\",\"inLanguage\":\"hu\",\"@id\":\"https:\/\/origon-eu.com\/hu\/product\/magic-nail-fungus-removal-spray\/#primaryimage\",\"url\":\"https:\/\/origon-eu.com\/wp-content\/uploads\/2024\/10\/posledna.webp\",\"contentUrl\":\"https:\/\/origon-eu.com\/wp-content\/uploads\/2024\/10\/posledna.webp\",\"width\":1000,\"height\":1000},{\"@type\":\"BreadcrumbList\",\"@id\":\"https:\/\/origon-eu.com\/hu\/product\/magic-nail-fungus-removal-spray\/#breadcrumb\",\"itemListElement\":[{\"@type\":\"ListItem\",\"position\":1,\"name\":\"Home\",\"item\":\"https:\/\/origon-eu.com\/\"},{\"@type\":\"ListItem\",\"position\":2,\"name\":\"\u00dczlet\",\"item\":\"https:\/\/origon-eu.com\/hu\/shop-2\/\"},{\"@type\":\"ListItem\",\"position\":3,\"name\":\"Magic k\u00f6r\u00f6mgomba elt\u00e1vol\u00edt\u00f3 spray\"}]},{\"@type\":\"WebSite\",\"@id\":\"https:\/\/origon-eu.com\/#website\",\"url\":\"https:\/\/origon-eu.com\/\",\"name\":\"Origon EU\",\"description\":\"Online Store\",\"publisher\":{\"@id\":\"https:\/\/origon-eu.com\/#organization\"},\"potentialAction\":[{\"@type\":\"SearchAction\",\"target\":{\"@type\":\"EntryPoint\",\"urlTemplate\":\"https:\/\/origon-eu.com\/?s={search_term_string}\"},\"query-input\":{\"@type\":\"PropertyValueSpecification\",\"valueRequired\":true,\"valueName\":\"search_term_string\"}}],\"inLanguage\":\"hu\"},{\"@type\":\"Organization\",\"@id\":\"https:\/\/origon-eu.com\/#organization\",\"name\":\"Origon EU\",\"url\":\"https:\/\/origon-eu.com\/\",\"logo\":{\"@type\":\"ImageObject\",\"inLanguage\":\"hu\",\"@id\":\"https:\/\/origon-eu.com\/#\/schema\/logo\/image\/\",\"url\":\"https:\/\/origon-eu.com\/wp-content\/uploads\/2024\/04\/Screenshot-2024-04-09-101814.png\",\"contentUrl\":\"https:\/\/origon-eu.com\/wp-content\/uploads\/2024\/04\/Screenshot-2024-04-09-101814.png\",\"width\":171,\"height\":59,\"caption\":\"Origon EU\"},\"image\":{\"@id\":\"https:\/\/origon-eu.com\/#\/schema\/logo\/image\/\"}}]}<\/script>\n<!-- \/ Yoast SEO plugin. -->","yoast_head_json":{"title":"Magic k\u00f6r\u00f6mgomba elt\u00e1vol\u00edt\u00f3 spray - Origon EU","robots":{"index":"index","follow":"follow","max-snippet":"max-snippet:-1","max-image-preview":"max-image-preview:large","max-video-preview":"max-video-preview:-1"},"canonical":"https:\/\/origon-eu.com\/hu\/product\/magic-nail-fungus-removal-spray\/","og_locale":"hu_HU","og_type":"article","og_title":"Magic k\u00f6r\u00f6mgomba elt\u00e1vol\u00edt\u00f3 spray - Origon EU","og_description":"L\u00e1that\u00f3 eredm\u00e9ny 7 nap alkalmaz\u00e1s ut\u00e1n  Cs\u00f6kkenti \u00e9s lass\u00edtja a hajhull\u00e1st  N\u00f6veli a haj s\u0171r\u0171s\u00e9g\u00e9t  El\u0151seg\u00edti az \u00faj haj n\u00f6veked\u00e9s\u00e9t  Stimul\u00e1lja a gy\u00f6kerek regener\u00e1l\u00f3d\u00e1s\u00e1t \u00e9s a haj vastags\u00e1g\u00e1t  F\u00e9rfiak \u00e9s n\u0151k sz\u00e1m\u00e1ra","og_url":"https:\/\/origon-eu.com\/hu\/product\/magic-nail-fungus-removal-spray\/","og_site_name":"Origon EU","article_modified_time":"2025-01-09T12:37:31+00:00","og_image":[{"width":1000,"height":1000,"url":"https:\/\/origon-eu.com\/wp-content\/uploads\/2024\/10\/posledna.webp","type":"image\/webp"}],"twitter_card":"summary_large_image","twitter_misc":{"Becs\u00fclt olvas\u00e1si id\u0151":"3 perc"},"schema":{"@context":"https:\/\/schema.org","@graph":[{"@type":"WebPage","@id":"https:\/\/origon-eu.com\/hu\/product\/magic-nail-fungus-removal-spray\/","url":"https:\/\/origon-eu.com\/hu\/product\/magic-nail-fungus-removal-spray\/","name":"Magic k\u00f6r\u00f6mgomba elt\u00e1vol\u00edt\u00f3 spray - Origon EU","isPartOf":{"@id":"https:\/\/origon-eu.com\/#website"},"primaryImageOfPage":{"@id":"https:\/\/origon-eu.com\/hu\/product\/magic-nail-fungus-removal-spray\/#primaryimage"},"image":{"@id":"https:\/\/origon-eu.com\/hu\/product\/magic-nail-fungus-removal-spray\/#primaryimage"},"thumbnailUrl":"https:\/\/origon-eu.com\/wp-content\/uploads\/2024\/10\/posledna.webp","datePublished":"2024-10-29T10:02:06+00:00","dateModified":"2025-01-09T12:37:31+00:00","breadcrumb":{"@id":"https:\/\/origon-eu.com\/hu\/product\/magic-nail-fungus-removal-spray\/#breadcrumb"},"inLanguage":"hu","potentialAction":[{"@type":"ReadAction","target":["https:\/\/origon-eu.com\/hu\/product\/magic-nail-fungus-removal-spray\/"]}]},{"@type":"ImageObject","inLanguage":"hu","@id":"https:\/\/origon-eu.com\/hu\/product\/magic-nail-fungus-removal-spray\/#primaryimage","url":"https:\/\/origon-eu.com\/wp-content\/uploads\/2024\/10\/posledna.webp","contentUrl":"https:\/\/origon-eu.com\/wp-content\/uploads\/2024\/10\/posledna.webp","width":1000,"height":1000},{"@type":"BreadcrumbList","@id":"https:\/\/origon-eu.com\/hu\/product\/magic-nail-fungus-removal-spray\/#breadcrumb","itemListElement":[{"@type":"ListItem","position":1,"name":"Home","item":"https:\/\/origon-eu.com\/"},{"@type":"ListItem","position":2,"name":"\u00dczlet","item":"https:\/\/origon-eu.com\/hu\/shop-2\/"},{"@type":"ListItem","position":3,"name":"Magic k\u00f6r\u00f6mgomba elt\u00e1vol\u00edt\u00f3 spray"}]},{"@type":"WebSite","@id":"https:\/\/origon-eu.com\/#website","url":"https:\/\/origon-eu.com\/","name":"Origon EU","description":"Online Store","publisher":{"@id":"https:\/\/origon-eu.com\/#organization"},"potentialAction":[{"@type":"SearchAction","target":{"@type":"EntryPoint","urlTemplate":"https:\/\/origon-eu.com\/?s={search_term_string}"},"query-input":{"@type":"PropertyValueSpecification","valueRequired":true,"valueName":"search_term_string"}}],"inLanguage":"hu"},{"@type":"Organization","@id":"https:\/\/origon-eu.com\/#organization","name":"Origon EU","url":"https:\/\/origon-eu.com\/","logo":{"@type":"ImageObject","inLanguage":"hu","@id":"https:\/\/origon-eu.com\/#\/schema\/logo\/image\/","url":"https:\/\/origon-eu.com\/wp-content\/uploads\/2024\/04\/Screenshot-2024-04-09-101814.png","contentUrl":"https:\/\/origon-eu.com\/wp-content\/uploads\/2024\/04\/Screenshot-2024-04-09-101814.png","width":171,"height":59,"caption":"Origon EU"},"image":{"@id":"https:\/\/origon-eu.com\/#\/schema\/logo\/image\/"}}]}},"tiered_pricing_type":"fixed","tiered_pricing_fixed_rules":{"2":"17.99","3":"16.99","4":"15.99"},"tiered_pricing_percentage_rules":[],"tiered_pricing_minimum":1,"tiered_pricing_roles_data":[],"_links":{"self":[{"href":"https:\/\/origon-eu.com\/hu\/wp-json\/wp\/v2\/product\/28849","targetHints":{"allow":["GET"]}}],"collection":[{"href":"https:\/\/origon-eu.com\/hu\/wp-json\/wp\/v2\/product"}],"about":[{"href":"https:\/\/origon-eu.com\/hu\/wp-json\/wp\/v2\/types\/product"}],"version-history":[{"count":2,"href":"https:\/\/origon-eu.com\/hu\/wp-json\/wp\/v2\/product\/28849\/revisions"}],"predecessor-version":[{"id":32805,"href":"https:\/\/origon-eu.com\/hu\/wp-json\/wp\/v2\/product\/28849\/revisions\/32805"}],"wp:featuredmedia":[{"embeddable":true,"href":"https:\/\/origon-eu.com\/hu\/wp-json\/wp\/v2\/media\/28869"}],"wp:attachment":[{"href":"https:\/\/origon-eu.com\/hu\/wp-json\/wp\/v2\/media?parent=28849"}],"wp:term":[{"taxonomy":"product_cat","embeddable":true,"href":"https:\/\/origon-eu.com\/hu\/wp-json\/wp\/v2\/product_cat?post=28849"},{"taxonomy":"product_tag","embeddable":true,"href":"https:\/\/origon-eu.com\/hu\/wp-json\/wp\/v2\/product_tag?post=28849"}],"curies":[{"name":"wp","href":"https:\/\/api.w.org\/{rel}","templated":true}]}}