{"id":24626,"date":"2024-04-05T07:46:50","date_gmt":"2024-04-05T07:46:50","guid":{"rendered":"https:\/\/origon-eu.com\/pravila-o-zastiti-privatnosti\/"},"modified":"2024-05-15T16:35:44","modified_gmt":"2024-05-15T14:35:44","slug":"pravila-o-zastiti-privatnosti","status":"publish","type":"page","link":"https:\/\/origon-eu.com\/hu\/pravila-o-zastiti-privatnosti\/","title":{"rendered":"Adatv\u00e9delmi ir\u00e1nyelvek"},"content":{"rendered":"\t\t<div data-elementor-type=\"wp-page\" data-elementor-id=\"24626\" class=\"elementor elementor-24626 elementor-14393\" data-elementor-post-type=\"page\">\n\t\t\t\t<div class=\"elementor-element elementor-element-694b288 e-flex e-con-boxed e-con e-parent\" data-id=\"694b288\" data-element_type=\"container\">\n\t\t\t\t\t<div class=\"e-con-inner\">\n\t\t\t\t<div class=\"elementor-element elementor-element-6d02187 color-scheme-inherit text-left elementor-widget elementor-widget-text-editor\" data-id=\"6d02187\" data-element_type=\"widget\" data-widget_type=\"text-editor.default\">\n\t\t\t\t<div class=\"elementor-widget-container\">\n\t\t\t\t\t\t\t\t\t<p>Adatv\u00e9delmi ir\u00e1nyelvek<\/p><p>GDPR<\/p><p>\u00a0<\/p><p>Az internetes \u00e1ruh\u00e1z \u00fczemeltet\u0151je, mint adatkezel\u0151, az \u00e9rv\u00e9nyben l\u00e9v\u0151 jogszab\u00e1lyoknak megfelel\u0151en kezeli a felhaszn\u00e1l\u00f3 \u00e1ltal az \u00fczemeltet\u0151 rendelkez\u00e9s\u00e9re bocs\u00e1tott szem\u00e9lyes adatokat. A weboldal l\u00e1togat\u00f3it\u00f3l kapott \u00f6sszes adat (a tov\u00e1bbiakban: szem\u00e9lyes adatok) szem\u00e9lyes adatnak min\u0151s\u00fcl, \u00e9s azokat a 101\/2000 Coll. sz\u00e1m\u00fa t\u00f6rv\u00e9ny (Adatv\u00e9delmi t\u00f6rv\u00e9ny) \u00e9s a GDPR rendelet szerint v\u00e9di.<\/p><p>\u00a0<\/p><p>A weboldal felhaszn\u00e1l\u00f3ja hozz\u00e1j\u00e1rul szem\u00e9lyes adatainak fent eml\u00edtett t\u00f6rv\u00e9nyekkel \u00e9s vonatkoz\u00f3 rendeletekkel \u00f6sszhangban t\u00f6rt\u00e9n\u0151 kezel\u00e9s\u00e9hez. Az adatkezel\u0151 v\u00e1llalja, hogy a szem\u00e9lyes adatokat nem adja \u00e1t harmadik szem\u00e9lyeknek, kiv\u00e9ve az adatkezel\u0151 \u00e1ltal az adatfeldolgoz\u00e1si szerz\u0151d\u00e9s alapj\u00e1n felhatalmazott alanyokat. A felhaszn\u00e1l\u00f3 kifejezetten \u00e9s egy\u00e9rtelm\u0171en hozz\u00e1j\u00e1rul, \u00e9s \u00e9rtes\u00edti az \u00fczemeltet\u0151t, hogy szem\u00e9lyes adatait statisztikai, elemz\u00e9si \u00e9s rekl\u00e1mc\u00e9lokra kezeli (l\u00e1sd s\u00fctik haszn\u00e1lata). Az adatkezel\u0151 bizonyos adatokat gy\u0171jt a felhaszn\u00e1l\u00f3kr\u00f3l a l\u00e1togat\u00e1saik sor\u00e1n. Ezek az adatok teljesen anonimak, \u00e9s az \u00fczemeltet\u0151 kiz\u00e1r\u00f3lag a weboldal fejleszt\u00e9se \u00e9s jav\u00edt\u00e1sa c\u00e9lj\u00e1b\u00f3l gy\u0171jti \u00e9s dolgozza fel \u0151ket.<\/p><p>\u00a0<\/p><p>S\u00dcTIK HASZN\u00c1LATA<\/p><p>\u00a0<\/p><p>Ez a weboldal s\u00fctiket haszn\u00e1l a [WEBOLDAL], Google Adwords, Google Analytics, Facebook, Sklik, Heureka Zbozi.cz szolg\u00e1ltat\u00e1sokhoz, szem\u00e9lyre szabott hirdet\u00e9sek k\u00e9sz\u00edt\u00e9s\u00e9hez \u00e9s a forgalom elemz\u00e9s\u00e9hez.<\/p><p>\u00a0<\/p><p>AZ \u00c1LTAL\u00c1NOS ADATV\u00c9DELMI RENDELET SZERINTI \u00c1LTAL\u00c1NOS ADATV\u00c9DELMI FELT\u00c9TELEK a haszn\u00e1lati felt\u00e9telekben tal\u00e1lhat\u00f3k.<\/p><p>\u00a0<\/p><p>A v\u00e1s\u00e1rl\u00f3, mint term\u00e9szetes szem\u00e9ly, szem\u00e9lyes adatainak v\u00e9delm\u00e9t a 101\/2000Sb. sz\u00e1m\u00fa t\u00f6rv\u00e9ny \u00e9s a GDPR rendelet (a GDPR 4(11) \u00e9s 7. cikke) szab\u00e1lyozza.<\/p><p>\u00a0<\/p><p>A szerz\u0151d\u00e9s teljes\u00edt\u00e9s\u00e9hez a Sz\u00e1ll\u00edt\u00f3 kezeli a v\u00e1s\u00e1rl\u00f3 szem\u00e9lyes adatait, nevezetesen: n\u00e9v, vezet\u00e9kn\u00e9v, c\u00e9g neve, c\u00edm, t\u00e1rsadalombiztos\u00edt\u00e1si sz\u00e1m, ad\u00f3sz\u00e1m, e-mail c\u00edm, telefonsz\u00e1m (a tov\u00e1bbiakban egy\u00fcttesen \u201eszem\u00e9lyes adatok\u201d).<\/p><p>\u00a0<\/p><p>A Sz\u00e1ll\u00edt\u00f3 a v\u00e1s\u00e1rl\u00f3 szem\u00e9lyes adatait a v\u00e1s\u00e1rl\u00e1si szerz\u0151d\u00e9sben meghat\u00e1rozott jogok \u00e9s k\u00f6telezetts\u00e9gek \u00e9rv\u00e9nyes\u00edt\u00e9se \u00e9s fenntart\u00e1sa c\u00e9lj\u00e1b\u00f3l kezeli.<\/p><p>\u00a0<\/p><p>A v\u00e1s\u00e1rl\u00f3 meger\u0151s\u00edti, hogy k\u00f6teles pontos \u00e9s val\u00f3s szem\u00e9lyes adatokat megadni (regisztr\u00e1ci\u00f3kor, a felhaszn\u00e1l\u00f3i fi\u00f3kj\u00e1ban, a web\u00e1ruh\u00e1z fel\u00fclet\u00e9n t\u00f6rt\u00e9n\u0151 megrendel\u00e9skor), \u00e9s k\u00f6teles azonnal \u00e9rtes\u00edteni az elad\u00f3t adatainak minden v\u00e1ltoz\u00e1s\u00e1r\u00f3l.<\/p><p>\u00a0<\/p><p>A felhaszn\u00e1l\u00f3k szem\u00e9lyes adatainak kezel\u00e9se sor\u00e1n a Szolg\u00e1ltat\u00f3 harmadik feleknek is kioszthatja az adatfeldolgoz\u00f3i szerepet. A szem\u00e9lyes adatokat nem tov\u00e1bb\u00edtj\u00e1k a Szolg\u00e1ltat\u00f3 el\u0151zetes hozz\u00e1j\u00e1rul\u00e1sa n\u00e9lk\u00fcl olyan harmadik feleknek, akik nem jogosultak adatfeldolgoz\u00f3k\u00e9nt elj\u00e1rni, kiv\u00e9ve a Heureka.sk, Zbozi.cz szolg\u00e1ltat\u00e1sokat, partnerszervezeteket \u00e9s az \u00e1rusz\u00e1ll\u00edt\u00e1sban r\u00e9szt vev\u0151 szem\u00e9lyeket.<\/p><p>\u00a0<\/p><p>A v\u00e1s\u00e1rl\u00f3 meger\u0151s\u00edti, hogy a megadott szem\u00e9lyes adatok pontosak, \u00e9s meger\u0151s\u00edti, hogy ezen szem\u00e9lyes adatok \u00f6nk\u00e9ntes k\u00f6zl\u00e9se sz\u00fcks\u00e9ges.<\/p><p>\u00a0<\/p><p>Ha a v\u00e1s\u00e1rl\u00f3 \u00fagy v\u00e9li, hogy az Elad\u00f3 vagy a felhatalmazott adatfeldolgoz\u00f3 (1.60. cikk) a szem\u00e9lyes adatait a v\u00e1s\u00e1rl\u00f3 mag\u00e1n\u00e9let\u00e9nek \u00e9s mag\u00e1nszf\u00e9r\u00e1j\u00e1nak v\u00e9delme ellen\u00e9re vagy a t\u00f6rv\u00e9ny megs\u00e9rt\u00e9se ellen\u00e9re kezeli, k\u00fcl\u00f6n\u00f6sen, ha a szem\u00e9lyes adatok pontatlanok azok kezel\u00e9s\u00e9nek c\u00e9lj\u00e1hoz k\u00e9pest, joga van:<\/p><p>\u00a0<\/p><p>K\u00e9rjen helyesb\u00edt\u00e9st a szem\u00e9lyes adatokra vonatkoz\u00f3an K\u00e9rje az elad\u00f3t\u00f3l vagy az adatfeldolgoz\u00f3t\u00f3l a helyzet orvosl\u00e1s\u00e1t K\u00e9rje az elad\u00f3t\u00f3l vagy az adatfeldolgoz\u00f3t\u00f3l az adatkezel\u00e9s elleni kifog\u00e1st Ha a v\u00e1s\u00e1rl\u00f3 inform\u00e1ci\u00f3kat k\u00e9r szem\u00e9lyes adatainak kezel\u00e9s\u00e9r\u0151l, az elad\u00f3 k\u00f6teles ezeket az inform\u00e1ci\u00f3kat megadni. Az elad\u00f3 jogosult k\u00fcl\u00f6n d\u00edjat felsz\u00e1m\u00edtani az inform\u00e1ci\u00f3k ny\u00fajt\u00e1s\u00e1\u00e9rt, ha az meghaladja a fent eml\u00edtett k\u00f6lts\u00e9geket, de nem haladhatja meg az inform\u00e1ci\u00f3k ny\u00fajt\u00e1s\u00e1hoz sz\u00fcks\u00e9ges k\u00f6lts\u00e9geket.<\/p><p>\u00a0<\/p><p>Ezen verzi\u00f3 adatv\u00e9delmi felt\u00e9telei 2018. m\u00e1jus 24-\u00e9n l\u00e9pnek hat\u00e1lyba. SZEM\u00c9LYES ADATOK MARKETING C\u00c9L\u00da KEZEL\u00c9SE A GDPR RENDELETEIVEL \u00d6SSZHANGBAN.<\/p><p>\u00a0<\/p><p>AGRAM GROUP LTD 71-75, Shelton Street, Covent Garden, London, WC2H 9JQ, EGYES\u00dcLT KIR\u00c1LYS\u00c1G \/ info@origon-eu.com<\/p><p>\u00a0<\/p><p>Bejegyz\u00e9si jogosults\u00e1g: Londoni Ker\u00fcleti B\u00edr\u00f3s\u00e1g IBAN BE73 9673 2562 8760 \/\/ C\u00e9gjegyz\u00e9ksz\u00e1m: 14181933<\/p>\t\t\t\t\t\t\t\t<\/div>\n\t\t\t\t<\/div>\n\t\t\t\t\t<\/div>\n\t\t\t\t<\/div>\n\t\t\t\t<\/div>\n\t\t","protected":false},"excerpt":{"rendered":"<p>Adatv\u00e9delmi ir\u00e1nyelvek GDPR \u00a0 Az internetes \u00e1ruh\u00e1z \u00fczemeltet\u0151je, mint adatkezel\u0151, az \u00e9rv\u00e9nyben l\u00e9v\u0151 jogszab\u00e1lyoknak megfelel\u0151en kezeli a felhaszn\u00e1l\u00f3 \u00e1ltal az<\/p>\n","protected":false},"author":1,"featured_media":0,"parent":0,"menu_order":0,"comment_status":"closed","ping_status":"closed","template":"","meta":{"footnotes":""},"class_list":["post-24626","page","type-page","status-publish","hentry"],"yoast_head":"<!-- This site is optimized with the Yoast SEO plugin v24.2 - https:\/\/yoast.com\/wordpress\/plugins\/seo\/ -->\n<title>Adatv\u00e9delmi ir\u00e1nyelvek - Origon EU<\/title>\n<meta name=\"robots\" content=\"index, follow, max-snippet:-1, max-image-preview:large, max-video-preview:-1\" \/>\n<link rel=\"canonical\" href=\"https:\/\/origon-eu.com\/hu\/pravila-o-zastiti-privatnosti\/\" \/>\n<meta property=\"og:locale\" content=\"hu_HU\" \/>\n<meta property=\"og:type\" content=\"article\" \/>\n<meta property=\"og:title\" content=\"Adatv\u00e9delmi ir\u00e1nyelvek - Origon EU\" \/>\n<meta property=\"og:description\" content=\"Adatv\u00e9delmi ir\u00e1nyelvek GDPR \u00a0 Az internetes \u00e1ruh\u00e1z \u00fczemeltet\u0151je, mint adatkezel\u0151, az \u00e9rv\u00e9nyben l\u00e9v\u0151 jogszab\u00e1lyoknak megfelel\u0151en kezeli a felhaszn\u00e1l\u00f3 \u00e1ltal az\" \/>\n<meta property=\"og:url\" content=\"https:\/\/origon-eu.com\/hu\/pravila-o-zastiti-privatnosti\/\" \/>\n<meta property=\"og:site_name\" content=\"Origon EU\" \/>\n<meta property=\"article:modified_time\" content=\"2024-05-15T14:35:44+00:00\" \/>\n<meta name=\"twitter:card\" content=\"summary_large_image\" \/>\n<meta name=\"twitter:label1\" content=\"Becs\u00fclt olvas\u00e1si id\u0151\" \/>\n\t<meta name=\"twitter:data1\" content=\"3 perc\" \/>\n<script type=\"application\/ld+json\" class=\"yoast-schema-graph\">{\"@context\":\"https:\/\/schema.org\",\"@graph\":[{\"@type\":\"WebPage\",\"@id\":\"https:\/\/origon-eu.com\/hu\/pravila-o-zastiti-privatnosti\/\",\"url\":\"https:\/\/origon-eu.com\/hu\/pravila-o-zastiti-privatnosti\/\",\"name\":\"Adatv\u00e9delmi ir\u00e1nyelvek - Origon EU\",\"isPartOf\":{\"@id\":\"https:\/\/origon-eu.com\/#website\"},\"datePublished\":\"2024-04-05T07:46:50+00:00\",\"dateModified\":\"2024-05-15T14:35:44+00:00\",\"breadcrumb\":{\"@id\":\"https:\/\/origon-eu.com\/hu\/pravila-o-zastiti-privatnosti\/#breadcrumb\"},\"inLanguage\":\"hu\",\"potentialAction\":[{\"@type\":\"ReadAction\",\"target\":[\"https:\/\/origon-eu.com\/hu\/pravila-o-zastiti-privatnosti\/\"]}]},{\"@type\":\"BreadcrumbList\",\"@id\":\"https:\/\/origon-eu.com\/hu\/pravila-o-zastiti-privatnosti\/#breadcrumb\",\"itemListElement\":[{\"@type\":\"ListItem\",\"position\":1,\"name\":\"Home\",\"item\":\"https:\/\/origon-eu.com\/\"},{\"@type\":\"ListItem\",\"position\":2,\"name\":\"Adatv\u00e9delmi ir\u00e1nyelvek\"}]},{\"@type\":\"WebSite\",\"@id\":\"https:\/\/origon-eu.com\/#website\",\"url\":\"https:\/\/origon-eu.com\/\",\"name\":\"Origon EU\",\"description\":\"Online Store\",\"publisher\":{\"@id\":\"https:\/\/origon-eu.com\/#organization\"},\"potentialAction\":[{\"@type\":\"SearchAction\",\"target\":{\"@type\":\"EntryPoint\",\"urlTemplate\":\"https:\/\/origon-eu.com\/?s={search_term_string}\"},\"query-input\":{\"@type\":\"PropertyValueSpecification\",\"valueRequired\":true,\"valueName\":\"search_term_string\"}}],\"inLanguage\":\"hu\"},{\"@type\":\"Organization\",\"@id\":\"https:\/\/origon-eu.com\/#organization\",\"name\":\"Origon EU\",\"url\":\"https:\/\/origon-eu.com\/\",\"logo\":{\"@type\":\"ImageObject\",\"inLanguage\":\"hu\",\"@id\":\"https:\/\/origon-eu.com\/#\/schema\/logo\/image\/\",\"url\":\"https:\/\/origon-eu.com\/wp-content\/uploads\/2024\/04\/Screenshot-2024-04-09-101814.png\",\"contentUrl\":\"https:\/\/origon-eu.com\/wp-content\/uploads\/2024\/04\/Screenshot-2024-04-09-101814.png\",\"width\":171,\"height\":59,\"caption\":\"Origon EU\"},\"image\":{\"@id\":\"https:\/\/origon-eu.com\/#\/schema\/logo\/image\/\"}}]}<\/script>\n<!-- \/ Yoast SEO plugin. -->","yoast_head_json":{"title":"Adatv\u00e9delmi ir\u00e1nyelvek - Origon EU","robots":{"index":"index","follow":"follow","max-snippet":"max-snippet:-1","max-image-preview":"max-image-preview:large","max-video-preview":"max-video-preview:-1"},"canonical":"https:\/\/origon-eu.com\/hu\/pravila-o-zastiti-privatnosti\/","og_locale":"hu_HU","og_type":"article","og_title":"Adatv\u00e9delmi ir\u00e1nyelvek - Origon EU","og_description":"Adatv\u00e9delmi ir\u00e1nyelvek GDPR \u00a0 Az internetes \u00e1ruh\u00e1z \u00fczemeltet\u0151je, mint adatkezel\u0151, az \u00e9rv\u00e9nyben l\u00e9v\u0151 jogszab\u00e1lyoknak megfelel\u0151en kezeli a felhaszn\u00e1l\u00f3 \u00e1ltal az","og_url":"https:\/\/origon-eu.com\/hu\/pravila-o-zastiti-privatnosti\/","og_site_name":"Origon EU","article_modified_time":"2024-05-15T14:35:44+00:00","twitter_card":"summary_large_image","twitter_misc":{"Becs\u00fclt olvas\u00e1si id\u0151":"3 perc"},"schema":{"@context":"https:\/\/schema.org","@graph":[{"@type":"WebPage","@id":"https:\/\/origon-eu.com\/hu\/pravila-o-zastiti-privatnosti\/","url":"https:\/\/origon-eu.com\/hu\/pravila-o-zastiti-privatnosti\/","name":"Adatv\u00e9delmi ir\u00e1nyelvek - Origon EU","isPartOf":{"@id":"https:\/\/origon-eu.com\/#website"},"datePublished":"2024-04-05T07:46:50+00:00","dateModified":"2024-05-15T14:35:44+00:00","breadcrumb":{"@id":"https:\/\/origon-eu.com\/hu\/pravila-o-zastiti-privatnosti\/#breadcrumb"},"inLanguage":"hu","potentialAction":[{"@type":"ReadAction","target":["https:\/\/origon-eu.com\/hu\/pravila-o-zastiti-privatnosti\/"]}]},{"@type":"BreadcrumbList","@id":"https:\/\/origon-eu.com\/hu\/pravila-o-zastiti-privatnosti\/#breadcrumb","itemListElement":[{"@type":"ListItem","position":1,"name":"Home","item":"https:\/\/origon-eu.com\/"},{"@type":"ListItem","position":2,"name":"Adatv\u00e9delmi ir\u00e1nyelvek"}]},{"@type":"WebSite","@id":"https:\/\/origon-eu.com\/#website","url":"https:\/\/origon-eu.com\/","name":"Origon EU","description":"Online Store","publisher":{"@id":"https:\/\/origon-eu.com\/#organization"},"potentialAction":[{"@type":"SearchAction","target":{"@type":"EntryPoint","urlTemplate":"https:\/\/origon-eu.com\/?s={search_term_string}"},"query-input":{"@type":"PropertyValueSpecification","valueRequired":true,"valueName":"search_term_string"}}],"inLanguage":"hu"},{"@type":"Organization","@id":"https:\/\/origon-eu.com\/#organization","name":"Origon EU","url":"https:\/\/origon-eu.com\/","logo":{"@type":"ImageObject","inLanguage":"hu","@id":"https:\/\/origon-eu.com\/#\/schema\/logo\/image\/","url":"https:\/\/origon-eu.com\/wp-content\/uploads\/2024\/04\/Screenshot-2024-04-09-101814.png","contentUrl":"https:\/\/origon-eu.com\/wp-content\/uploads\/2024\/04\/Screenshot-2024-04-09-101814.png","width":171,"height":59,"caption":"Origon EU"},"image":{"@id":"https:\/\/origon-eu.com\/#\/schema\/logo\/image\/"}}]}},"_links":{"self":[{"href":"https:\/\/origon-eu.com\/hu\/wp-json\/wp\/v2\/pages\/24626","targetHints":{"allow":["GET"]}}],"collection":[{"href":"https:\/\/origon-eu.com\/hu\/wp-json\/wp\/v2\/pages"}],"about":[{"href":"https:\/\/origon-eu.com\/hu\/wp-json\/wp\/v2\/types\/page"}],"author":[{"embeddable":true,"href":"https:\/\/origon-eu.com\/hu\/wp-json\/wp\/v2\/users\/1"}],"replies":[{"embeddable":true,"href":"https:\/\/origon-eu.com\/hu\/wp-json\/wp\/v2\/comments?post=24626"}],"version-history":[{"count":0,"href":"https:\/\/origon-eu.com\/hu\/wp-json\/wp\/v2\/pages\/24626\/revisions"}],"wp:attachment":[{"href":"https:\/\/origon-eu.com\/hu\/wp-json\/wp\/v2\/media?parent=24626"}],"curies":[{"name":"wp","href":"https:\/\/api.w.org\/{rel}","templated":true}]}}