{"id":24620,"date":"2024-03-15T09:26:43","date_gmt":"2024-03-15T09:26:43","guid":{"rendered":"https:\/\/origon-eu.com\/privacy-policy\/"},"modified":"2024-05-15T16:36:55","modified_gmt":"2024-05-15T14:36:55","slug":"privacy-policy","status":"publish","type":"page","link":"https:\/\/origon-eu.com\/hu\/privacy-policy\/","title":{"rendered":"Szolg\u00e1ltat\u00e1si felt\u00e9telek"},"content":{"rendered":"\t\t<div data-elementor-type=\"wp-page\" data-elementor-id=\"24620\" class=\"elementor elementor-24620\" data-elementor-post-type=\"page\">\n\t\t\t\t<div class=\"elementor-element elementor-element-7e921295 e-flex e-con-boxed e-con e-parent\" data-id=\"7e921295\" data-element_type=\"container\">\n\t\t\t\t\t<div class=\"e-con-inner\">\n\t\t\t\t<div class=\"elementor-element elementor-element-1d404fe2 color-scheme-inherit text-left elementor-widget elementor-widget-text-editor\" data-id=\"1d404fe2\" data-element_type=\"widget\" data-widget_type=\"text-editor.default\">\n\t\t\t\t<div class=\"elementor-widget-container\">\n\t\t\t\t\t\t\t\t\t<p>Szolg\u00e1ltat\u00e1si felt\u00e9telek<br \/><br \/><\/p><p>Ezek a felt\u00e9telek az origon-eu.com internetes \u00e1ruh\u00e1zban v\u00e9grehajtott v\u00e1s\u00e1rl\u00e1sokra vonatkoznak. A felt\u00e9telek \u00e9s kik\u00f6t\u00e9sek tov\u00e1bb\u00e1 meghat\u00e1rozz\u00e1k az elad\u00f3 (a tov\u00e1bbiakban \u00fczemeltet\u0151) \u00e9s a v\u00e1s\u00e1rl\u00f3 (a tov\u00e1bbiakban v\u00e1s\u00e1rl\u00f3) jogait \u00e9s k\u00f6telezetts\u00e9geit.<\/p><p>Rendel\u00e9s \u00e9s ad\u00e1sv\u00e9teli szerz\u0151d\u00e9s megk\u00f6t\u00e9se. Minden rendel\u00e9s, amelyet az<\/p><p>origon-eu.com internetes \u00e1ruh\u00e1zon kereszt\u00fcl k\u00fcldenek, k\u00f6telez\u0151 \u00e9rv\u00e9ny\u0171. A rendel\u00e9s lead\u00e1s\u00e1val a v\u00e1s\u00e1rl\u00f3 meger\u0151s\u00edti, hogy elolvasta \u00e9s elfogadja ezeket a felt\u00e9teleket \u00e9s a lemond\u00e1si elj\u00e1r\u00e1st. A megrendel\u0151lap a beszerz\u00e9si szerz\u0151d\u00e9s v\u00e1zlata. Az e-kereskedelmi ad\u00e1sv\u00e9teli szerz\u0151d\u00e9s a rendel\u00e9s elk\u00fcld\u00e9sekor j\u00f6n l\u00e9tre. Az \u00fczemeltet\u0151 k\u00f6teles kisz\u00e1ll\u00edtani a v\u00e1s\u00e1rl\u00f3 \u00e1ltal megrendelt term\u00e9ket. Az egyetlen kiv\u00e9tel az \u00e1ruk \u00e9rt\u00e9kes\u00edt\u00e9se. Az elektronikus rendel\u00e9s \u00e9rv\u00e9nyess\u00e9g\u00e9nek el\u0151felt\u00e9tele az \u0171rlapon megadott \u00f6sszes inform\u00e1ci\u00f3 \u00e9s k\u00f6vetelm\u00e9ny kit\u00f6lt\u00e9se.<\/p><p>14 napos p\u00e9nzvisszafizet\u00e9si politik\u00e1nk van, ami azt jelenti, hogy a rendel\u00e9st\u0151l sz\u00e1m\u00edtott 14 napon bel\u00fcl k\u00e9rheti a p\u00e9nzvisszat\u00e9r\u00edt\u00e9st.<\/p><p>Az \u00e1ru kisz\u00e1ll\u00edt\u00e1si helye az a sz\u00e1ll\u00edt\u00e1si c\u00edm, amelyet a v\u00e1s\u00e1rl\u00f3 a megrendel\u0151lapon megadott.<\/p><p>Az \u00e1ru tulajdonjoga a v\u00e9tel\u00e1r megfizet\u00e9s\u00e9nek \u00e9s a k\u00e9s\u0151bbi visszav\u00e1s\u00e1rl\u00e1s felt\u00e9telek\u00e9nt sz\u00e1ll \u00e1t a v\u00e1s\u00e1rl\u00f3ra.<\/p><p>Panaszok \u00e9s csere<\/p><p>Minden reklam\u00e1ci\u00f3t az outleton.ro internetes \u00e1ruh\u00e1z panaszkezel\u00e9si elj\u00e1r\u00e1s\u00e1nak megfelel\u0151en int\u00e9znek.<\/p><p>Az \u00e1rukkal kapcsolatos panasz beny\u00fajt\u00e1s\u00e1nak elj\u00e1r\u00e1sa r\u00e9szletesen le van \u00edrva a panasz beny\u00fajt\u00e1si elj\u00e1r\u00e1sban, de az al\u00e1bbiak szerint foglalhat\u00f3 \u00f6ssze:<\/p><p>Azonnal \u00e9rtes\u00edtsen minket panasz\u00e1r\u00f3l e-mailben vagy \u00edr\u00e1sban, \u00e9s t\u00e1j\u00e9koztasson minket javasolt megold\u00e1s\u00e1r\u00f3l (csere, jav\u00edt\u00e1s, kedvezm\u00e9ny, visszat\u00e9r\u00edt\u00e9s \u2013 szerz\u0151d\u00e9sbont\u00e1s) K\u00fcldje vissza az \u00e1rut a v\u00e1s\u00e1rl\u00e1si bizonylattal egy\u00fctt aj\u00e1nlott k\u00fcldem\u00e9nyk\u00e9nt (visszat\u00e9r\u00edt\u00e9s n\u00e9lk\u00fcl) c\u00edm\u00fcnkre A k\u00fcldem\u00e9nyben vagy e-mailben adja meg a panasz ok\u00e1t \u00e9s javaslat\u00e1t az \u00e1ru jav\u00edt\u00e1s\u00e1ra (csere, jav\u00edt\u00e1s, kedvezm\u00e9ny, visszat\u00e9r\u00edt\u00e9s \u2013 szerz\u0151d\u00e9sbont\u00e1s) Panasza megold\u00e1s\u00e1nak hat\u00e1rideje 14 nap A postak\u00f6lts\u00e9get a v\u00e1s\u00e1rl\u00f3 fizeti, ha t\u00f6rv\u00e9nyes el\u00e1ll\u00e1s vagy szerz\u0151d\u00e9sbont\u00e1s t\u00f6rt\u00e9nik a t\u00f6rv\u00e9nyben meghat\u00e1rozott hat\u00e1rid\u0151n bel\u00fcl \u00e9s a t\u00f6rv\u00e9nyben meghat\u00e1rozott felt\u00e9telek szerint.<\/p>\t\t\t\t\t\t\t\t<\/div>\n\t\t\t\t<\/div>\n\t\t\t\t\t<\/div>\n\t\t\t\t<\/div>\n\t\t\t\t<\/div>\n\t\t","protected":false},"excerpt":{"rendered":"<p>Szolg\u00e1ltat\u00e1si felt\u00e9telek Ezek a felt\u00e9telek az origon-eu.com internetes \u00e1ruh\u00e1zban v\u00e9grehajtott v\u00e1s\u00e1rl\u00e1sokra vonatkoznak. A felt\u00e9telek \u00e9s kik\u00f6t\u00e9sek tov\u00e1bb\u00e1 meghat\u00e1rozz\u00e1k az elad\u00f3<\/p>\n","protected":false},"author":1,"featured_media":0,"parent":0,"menu_order":0,"comment_status":"closed","ping_status":"open","template":"","meta":{"footnotes":""},"class_list":["post-24620","page","type-page","status-publish","hentry"],"yoast_head":"<!-- This site is optimized with the Yoast SEO plugin v24.2 - https:\/\/yoast.com\/wordpress\/plugins\/seo\/ -->\n<title>Szolg\u00e1ltat\u00e1si felt\u00e9telek - Origon EU<\/title>\n<meta name=\"robots\" content=\"index, follow, max-snippet:-1, max-image-preview:large, max-video-preview:-1\" \/>\n<link rel=\"canonical\" href=\"https:\/\/origon-eu.com\/hu\/privacy-policy\/\" \/>\n<meta property=\"og:locale\" content=\"hu_HU\" \/>\n<meta property=\"og:type\" content=\"article\" \/>\n<meta property=\"og:title\" content=\"Szolg\u00e1ltat\u00e1si felt\u00e9telek - Origon EU\" \/>\n<meta property=\"og:description\" content=\"Szolg\u00e1ltat\u00e1si felt\u00e9telek Ezek a felt\u00e9telek az origon-eu.com internetes \u00e1ruh\u00e1zban v\u00e9grehajtott v\u00e1s\u00e1rl\u00e1sokra vonatkoznak. A felt\u00e9telek \u00e9s kik\u00f6t\u00e9sek tov\u00e1bb\u00e1 meghat\u00e1rozz\u00e1k az elad\u00f3\" \/>\n<meta property=\"og:url\" content=\"https:\/\/origon-eu.com\/hu\/privacy-policy\/\" \/>\n<meta property=\"og:site_name\" content=\"Origon EU\" \/>\n<meta property=\"article:modified_time\" content=\"2024-05-15T14:36:55+00:00\" \/>\n<meta name=\"twitter:card\" content=\"summary_large_image\" \/>\n<meta name=\"twitter:label1\" content=\"Becs\u00fclt olvas\u00e1si id\u0151\" \/>\n\t<meta name=\"twitter:data1\" content=\"3 perc\" \/>\n<script type=\"application\/ld+json\" class=\"yoast-schema-graph\">{\"@context\":\"https:\/\/schema.org\",\"@graph\":[{\"@type\":\"WebPage\",\"@id\":\"https:\/\/origon-eu.com\/hu\/privacy-policy\/\",\"url\":\"https:\/\/origon-eu.com\/hu\/privacy-policy\/\",\"name\":\"Szolg\u00e1ltat\u00e1si felt\u00e9telek - Origon EU\",\"isPartOf\":{\"@id\":\"https:\/\/origon-eu.com\/#website\"},\"datePublished\":\"2024-03-15T09:26:43+00:00\",\"dateModified\":\"2024-05-15T14:36:55+00:00\",\"breadcrumb\":{\"@id\":\"https:\/\/origon-eu.com\/hu\/privacy-policy\/#breadcrumb\"},\"inLanguage\":\"hu\",\"potentialAction\":[{\"@type\":\"ReadAction\",\"target\":[\"https:\/\/origon-eu.com\/hu\/privacy-policy\/\"]}]},{\"@type\":\"BreadcrumbList\",\"@id\":\"https:\/\/origon-eu.com\/hu\/privacy-policy\/#breadcrumb\",\"itemListElement\":[{\"@type\":\"ListItem\",\"position\":1,\"name\":\"Home\",\"item\":\"https:\/\/origon-eu.com\/\"},{\"@type\":\"ListItem\",\"position\":2,\"name\":\"Szolg\u00e1ltat\u00e1si felt\u00e9telek\"}]},{\"@type\":\"WebSite\",\"@id\":\"https:\/\/origon-eu.com\/#website\",\"url\":\"https:\/\/origon-eu.com\/\",\"name\":\"Origon EU\",\"description\":\"Online Store\",\"publisher\":{\"@id\":\"https:\/\/origon-eu.com\/#organization\"},\"potentialAction\":[{\"@type\":\"SearchAction\",\"target\":{\"@type\":\"EntryPoint\",\"urlTemplate\":\"https:\/\/origon-eu.com\/?s={search_term_string}\"},\"query-input\":{\"@type\":\"PropertyValueSpecification\",\"valueRequired\":true,\"valueName\":\"search_term_string\"}}],\"inLanguage\":\"hu\"},{\"@type\":\"Organization\",\"@id\":\"https:\/\/origon-eu.com\/#organization\",\"name\":\"Origon EU\",\"url\":\"https:\/\/origon-eu.com\/\",\"logo\":{\"@type\":\"ImageObject\",\"inLanguage\":\"hu\",\"@id\":\"https:\/\/origon-eu.com\/#\/schema\/logo\/image\/\",\"url\":\"https:\/\/origon-eu.com\/wp-content\/uploads\/2024\/04\/Screenshot-2024-04-09-101814.png\",\"contentUrl\":\"https:\/\/origon-eu.com\/wp-content\/uploads\/2024\/04\/Screenshot-2024-04-09-101814.png\",\"width\":171,\"height\":59,\"caption\":\"Origon EU\"},\"image\":{\"@id\":\"https:\/\/origon-eu.com\/#\/schema\/logo\/image\/\"}}]}<\/script>\n<!-- \/ Yoast SEO plugin. -->","yoast_head_json":{"title":"Szolg\u00e1ltat\u00e1si felt\u00e9telek - Origon EU","robots":{"index":"index","follow":"follow","max-snippet":"max-snippet:-1","max-image-preview":"max-image-preview:large","max-video-preview":"max-video-preview:-1"},"canonical":"https:\/\/origon-eu.com\/hu\/privacy-policy\/","og_locale":"hu_HU","og_type":"article","og_title":"Szolg\u00e1ltat\u00e1si felt\u00e9telek - Origon EU","og_description":"Szolg\u00e1ltat\u00e1si felt\u00e9telek Ezek a felt\u00e9telek az origon-eu.com internetes \u00e1ruh\u00e1zban v\u00e9grehajtott v\u00e1s\u00e1rl\u00e1sokra vonatkoznak. A felt\u00e9telek \u00e9s kik\u00f6t\u00e9sek tov\u00e1bb\u00e1 meghat\u00e1rozz\u00e1k az elad\u00f3","og_url":"https:\/\/origon-eu.com\/hu\/privacy-policy\/","og_site_name":"Origon EU","article_modified_time":"2024-05-15T14:36:55+00:00","twitter_card":"summary_large_image","twitter_misc":{"Becs\u00fclt olvas\u00e1si id\u0151":"3 perc"},"schema":{"@context":"https:\/\/schema.org","@graph":[{"@type":"WebPage","@id":"https:\/\/origon-eu.com\/hu\/privacy-policy\/","url":"https:\/\/origon-eu.com\/hu\/privacy-policy\/","name":"Szolg\u00e1ltat\u00e1si felt\u00e9telek - Origon EU","isPartOf":{"@id":"https:\/\/origon-eu.com\/#website"},"datePublished":"2024-03-15T09:26:43+00:00","dateModified":"2024-05-15T14:36:55+00:00","breadcrumb":{"@id":"https:\/\/origon-eu.com\/hu\/privacy-policy\/#breadcrumb"},"inLanguage":"hu","potentialAction":[{"@type":"ReadAction","target":["https:\/\/origon-eu.com\/hu\/privacy-policy\/"]}]},{"@type":"BreadcrumbList","@id":"https:\/\/origon-eu.com\/hu\/privacy-policy\/#breadcrumb","itemListElement":[{"@type":"ListItem","position":1,"name":"Home","item":"https:\/\/origon-eu.com\/"},{"@type":"ListItem","position":2,"name":"Szolg\u00e1ltat\u00e1si felt\u00e9telek"}]},{"@type":"WebSite","@id":"https:\/\/origon-eu.com\/#website","url":"https:\/\/origon-eu.com\/","name":"Origon EU","description":"Online Store","publisher":{"@id":"https:\/\/origon-eu.com\/#organization"},"potentialAction":[{"@type":"SearchAction","target":{"@type":"EntryPoint","urlTemplate":"https:\/\/origon-eu.com\/?s={search_term_string}"},"query-input":{"@type":"PropertyValueSpecification","valueRequired":true,"valueName":"search_term_string"}}],"inLanguage":"hu"},{"@type":"Organization","@id":"https:\/\/origon-eu.com\/#organization","name":"Origon EU","url":"https:\/\/origon-eu.com\/","logo":{"@type":"ImageObject","inLanguage":"hu","@id":"https:\/\/origon-eu.com\/#\/schema\/logo\/image\/","url":"https:\/\/origon-eu.com\/wp-content\/uploads\/2024\/04\/Screenshot-2024-04-09-101814.png","contentUrl":"https:\/\/origon-eu.com\/wp-content\/uploads\/2024\/04\/Screenshot-2024-04-09-101814.png","width":171,"height":59,"caption":"Origon EU"},"image":{"@id":"https:\/\/origon-eu.com\/#\/schema\/logo\/image\/"}}]}},"_links":{"self":[{"href":"https:\/\/origon-eu.com\/hu\/wp-json\/wp\/v2\/pages\/24620","targetHints":{"allow":["GET"]}}],"collection":[{"href":"https:\/\/origon-eu.com\/hu\/wp-json\/wp\/v2\/pages"}],"about":[{"href":"https:\/\/origon-eu.com\/hu\/wp-json\/wp\/v2\/types\/page"}],"author":[{"embeddable":true,"href":"https:\/\/origon-eu.com\/hu\/wp-json\/wp\/v2\/users\/1"}],"replies":[{"embeddable":true,"href":"https:\/\/origon-eu.com\/hu\/wp-json\/wp\/v2\/comments?post=24620"}],"version-history":[{"count":0,"href":"https:\/\/origon-eu.com\/hu\/wp-json\/wp\/v2\/pages\/24620\/revisions"}],"wp:attachment":[{"href":"https:\/\/origon-eu.com\/hu\/wp-json\/wp\/v2\/media?parent=24620"}],"curies":[{"name":"wp","href":"https:\/\/api.w.org\/{rel}","templated":true}]}}