{"id":19232,"date":"2024-04-09T07:55:48","date_gmt":"2024-04-09T07:55:48","guid":{"rendered":"https:\/\/origon-eu.com\/cuw-offer\/"},"modified":"2024-04-19T10:24:53","modified_gmt":"2024-04-19T08:24:53","slug":"cuw-offer","status":"publish","type":"page","link":"https:\/\/origon-eu.com\/hu\/cuw-offer\/","title":{"rendered":"Exclusive Offer"},"content":{"rendered":"\t\t<div data-elementor-type=\"wp-page\" data-elementor-id=\"19232\" class=\"elementor elementor-19232 elementor-15479\" data-elementor-post-type=\"page\">\n\t\t\t\t<div class=\"elementor-element elementor-element-65bd45a5 e-flex e-con-boxed e-con e-parent\" data-id=\"65bd45a5\" data-element_type=\"container\">\n\t\t\t\t\t<div class=\"e-con-inner\">\n\t\t\t\t<div class=\"elementor-element elementor-element-bdfb1f1 text-center color-scheme-inherit elementor-widget elementor-widget-text-editor\" data-id=\"bdfb1f1\" data-element_type=\"widget\" data-widget_type=\"text-editor.default\">\n\t\t\t\t<div class=\"elementor-widget-container\">\n\t\t\t\t\t\t\t\t\t<p>[cuw_notices]<\/p><p>[cuw_offer_expire_notice]<\/p><div class=\"wp-block-spacer\" style=\"height: 32px;\" aria-hidden=\"true\">\u00a0<\/div><h2>Exkluz\u00edv Egyszeri K\u00fcl\u00f6nleges Aj\u00e1nlat Csak Az \u00d6n Sz\u00e1m\u00e1ra!<\/h2><div class=\"wp-block-spacer\" style=\"height: 32px;\" aria-hidden=\"true\">\u00a0<\/div><h2 class=\"has-text-align-center\">[cuw_offer_title]<\/h2><p>[cuw_product_image]<\/p><div class=\"wp-block-spacer\" style=\"height: 8px;\" aria-hidden=\"true\">\u00a0<\/div><h4 class=\"has-text-align-center\">[cuw_product_title]<\/h4><div class=\"wp-block-spacer\" style=\"height: 16px;\" aria-hidden=\"true\">\u00a0<\/div><h4>Az aj\u00e1nlat \u00e1ra [cuw_offer_price]<\/h4><p>[cuw_offer_form]<\/p><div class=\"wp-block-spacer\" style=\"height: 8px;\" aria-hidden=\"true\">\u00a0<\/div><p class=\"has-text-align-center\">[cuw_offer_description]<\/p>\t\t\t\t\t\t\t\t<\/div>\n\t\t\t\t<\/div>\n\t\t\t\t\t<\/div>\n\t\t\t\t<\/div>\n\t\t\t\t<\/div>\n\t\t","protected":false},"excerpt":{"rendered":"<p>[cuw_notices] [cuw_offer_expire_notice] \u00a0 Exkluz\u00edv Egyszeri K\u00fcl\u00f6nleges Aj\u00e1nlat Csak Az \u00d6n Sz\u00e1m\u00e1ra! \u00a0 [cuw_offer_title] [cuw_product_image] \u00a0 [cuw_product_title] \u00a0 Az aj\u00e1nlat \u00e1ra<\/p>\n","protected":false},"author":1,"featured_media":0,"parent":0,"menu_order":0,"comment_status":"closed","ping_status":"closed","template":"","meta":{"footnotes":""},"class_list":["post-19232","page","type-page","status-publish","hentry"],"yoast_head":"<!-- This site is optimized with the Yoast SEO plugin v24.2 - https:\/\/yoast.com\/wordpress\/plugins\/seo\/ -->\n<title>Exclusive Offer - Origon EU<\/title>\n<meta name=\"robots\" content=\"index, follow, max-snippet:-1, max-image-preview:large, max-video-preview:-1\" \/>\n<link rel=\"canonical\" href=\"https:\/\/origon-eu.com\/hu\/cuw-offer\/\" \/>\n<meta property=\"og:locale\" content=\"hu_HU\" \/>\n<meta property=\"og:type\" content=\"article\" \/>\n<meta property=\"og:title\" content=\"Exclusive Offer - Origon EU\" \/>\n<meta property=\"og:description\" content=\"[cuw_notices] [cuw_offer_expire_notice] \u00a0 Exkluz\u00edv Egyszeri K\u00fcl\u00f6nleges Aj\u00e1nlat Csak Az \u00d6n Sz\u00e1m\u00e1ra! \u00a0 [cuw_offer_title] [cuw_product_image] \u00a0 [cuw_product_title] \u00a0 Az aj\u00e1nlat \u00e1ra\" \/>\n<meta property=\"og:url\" content=\"https:\/\/origon-eu.com\/hu\/cuw-offer\/\" \/>\n<meta property=\"og:site_name\" content=\"Origon EU\" \/>\n<meta property=\"article:modified_time\" content=\"2024-04-19T08:24:53+00:00\" \/>\n<meta name=\"twitter:card\" content=\"summary_large_image\" \/>\n<script type=\"application\/ld+json\" class=\"yoast-schema-graph\">{\"@context\":\"https:\/\/schema.org\",\"@graph\":[{\"@type\":\"WebPage\",\"@id\":\"https:\/\/origon-eu.com\/hu\/cuw-offer\/\",\"url\":\"https:\/\/origon-eu.com\/hu\/cuw-offer\/\",\"name\":\"Exclusive Offer - Origon EU\",\"isPartOf\":{\"@id\":\"https:\/\/origon-eu.com\/#website\"},\"datePublished\":\"2024-04-09T07:55:48+00:00\",\"dateModified\":\"2024-04-19T08:24:53+00:00\",\"breadcrumb\":{\"@id\":\"https:\/\/origon-eu.com\/hu\/cuw-offer\/#breadcrumb\"},\"inLanguage\":\"hu\",\"potentialAction\":[{\"@type\":\"ReadAction\",\"target\":[\"https:\/\/origon-eu.com\/hu\/cuw-offer\/\"]}]},{\"@type\":\"BreadcrumbList\",\"@id\":\"https:\/\/origon-eu.com\/hu\/cuw-offer\/#breadcrumb\",\"itemListElement\":[{\"@type\":\"ListItem\",\"position\":1,\"name\":\"Home\",\"item\":\"https:\/\/origon-eu.com\/\"},{\"@type\":\"ListItem\",\"position\":2,\"name\":\"Exclusive Offer\"}]},{\"@type\":\"WebSite\",\"@id\":\"https:\/\/origon-eu.com\/#website\",\"url\":\"https:\/\/origon-eu.com\/\",\"name\":\"Origon EU\",\"description\":\"Online Store\",\"publisher\":{\"@id\":\"https:\/\/origon-eu.com\/#organization\"},\"potentialAction\":[{\"@type\":\"SearchAction\",\"target\":{\"@type\":\"EntryPoint\",\"urlTemplate\":\"https:\/\/origon-eu.com\/?s={search_term_string}\"},\"query-input\":{\"@type\":\"PropertyValueSpecification\",\"valueRequired\":true,\"valueName\":\"search_term_string\"}}],\"inLanguage\":\"hu\"},{\"@type\":\"Organization\",\"@id\":\"https:\/\/origon-eu.com\/#organization\",\"name\":\"Origon EU\",\"url\":\"https:\/\/origon-eu.com\/\",\"logo\":{\"@type\":\"ImageObject\",\"inLanguage\":\"hu\",\"@id\":\"https:\/\/origon-eu.com\/#\/schema\/logo\/image\/\",\"url\":\"https:\/\/origon-eu.com\/wp-content\/uploads\/2024\/04\/Screenshot-2024-04-09-101814.png\",\"contentUrl\":\"https:\/\/origon-eu.com\/wp-content\/uploads\/2024\/04\/Screenshot-2024-04-09-101814.png\",\"width\":171,\"height\":59,\"caption\":\"Origon EU\"},\"image\":{\"@id\":\"https:\/\/origon-eu.com\/#\/schema\/logo\/image\/\"}}]}<\/script>\n<!-- \/ Yoast SEO plugin. -->","yoast_head_json":{"title":"Exclusive Offer - Origon EU","robots":{"index":"index","follow":"follow","max-snippet":"max-snippet:-1","max-image-preview":"max-image-preview:large","max-video-preview":"max-video-preview:-1"},"canonical":"https:\/\/origon-eu.com\/hu\/cuw-offer\/","og_locale":"hu_HU","og_type":"article","og_title":"Exclusive Offer - Origon EU","og_description":"[cuw_notices] [cuw_offer_expire_notice] \u00a0 Exkluz\u00edv Egyszeri K\u00fcl\u00f6nleges Aj\u00e1nlat Csak Az \u00d6n Sz\u00e1m\u00e1ra! \u00a0 [cuw_offer_title] [cuw_product_image] \u00a0 [cuw_product_title] \u00a0 Az aj\u00e1nlat \u00e1ra","og_url":"https:\/\/origon-eu.com\/hu\/cuw-offer\/","og_site_name":"Origon EU","article_modified_time":"2024-04-19T08:24:53+00:00","twitter_card":"summary_large_image","schema":{"@context":"https:\/\/schema.org","@graph":[{"@type":"WebPage","@id":"https:\/\/origon-eu.com\/hu\/cuw-offer\/","url":"https:\/\/origon-eu.com\/hu\/cuw-offer\/","name":"Exclusive Offer - Origon EU","isPartOf":{"@id":"https:\/\/origon-eu.com\/#website"},"datePublished":"2024-04-09T07:55:48+00:00","dateModified":"2024-04-19T08:24:53+00:00","breadcrumb":{"@id":"https:\/\/origon-eu.com\/hu\/cuw-offer\/#breadcrumb"},"inLanguage":"hu","potentialAction":[{"@type":"ReadAction","target":["https:\/\/origon-eu.com\/hu\/cuw-offer\/"]}]},{"@type":"BreadcrumbList","@id":"https:\/\/origon-eu.com\/hu\/cuw-offer\/#breadcrumb","itemListElement":[{"@type":"ListItem","position":1,"name":"Home","item":"https:\/\/origon-eu.com\/"},{"@type":"ListItem","position":2,"name":"Exclusive Offer"}]},{"@type":"WebSite","@id":"https:\/\/origon-eu.com\/#website","url":"https:\/\/origon-eu.com\/","name":"Origon EU","description":"Online Store","publisher":{"@id":"https:\/\/origon-eu.com\/#organization"},"potentialAction":[{"@type":"SearchAction","target":{"@type":"EntryPoint","urlTemplate":"https:\/\/origon-eu.com\/?s={search_term_string}"},"query-input":{"@type":"PropertyValueSpecification","valueRequired":true,"valueName":"search_term_string"}}],"inLanguage":"hu"},{"@type":"Organization","@id":"https:\/\/origon-eu.com\/#organization","name":"Origon EU","url":"https:\/\/origon-eu.com\/","logo":{"@type":"ImageObject","inLanguage":"hu","@id":"https:\/\/origon-eu.com\/#\/schema\/logo\/image\/","url":"https:\/\/origon-eu.com\/wp-content\/uploads\/2024\/04\/Screenshot-2024-04-09-101814.png","contentUrl":"https:\/\/origon-eu.com\/wp-content\/uploads\/2024\/04\/Screenshot-2024-04-09-101814.png","width":171,"height":59,"caption":"Origon EU"},"image":{"@id":"https:\/\/origon-eu.com\/#\/schema\/logo\/image\/"}}]}},"_links":{"self":[{"href":"https:\/\/origon-eu.com\/hu\/wp-json\/wp\/v2\/pages\/19232","targetHints":{"allow":["GET"]}}],"collection":[{"href":"https:\/\/origon-eu.com\/hu\/wp-json\/wp\/v2\/pages"}],"about":[{"href":"https:\/\/origon-eu.com\/hu\/wp-json\/wp\/v2\/types\/page"}],"author":[{"embeddable":true,"href":"https:\/\/origon-eu.com\/hu\/wp-json\/wp\/v2\/users\/1"}],"replies":[{"embeddable":true,"href":"https:\/\/origon-eu.com\/hu\/wp-json\/wp\/v2\/comments?post=19232"}],"version-history":[{"count":0,"href":"https:\/\/origon-eu.com\/hu\/wp-json\/wp\/v2\/pages\/19232\/revisions"}],"wp:attachment":[{"href":"https:\/\/origon-eu.com\/hu\/wp-json\/wp\/v2\/media?parent=19232"}],"curies":[{"name":"wp","href":"https:\/\/api.w.org\/{rel}","templated":true}]}}