{"id":39412,"date":"2025-03-21T16:52:35","date_gmt":"2025-03-21T14:52:35","guid":{"rendered":"https:\/\/origon-eu.com\/product\/microcotton-bathrobe-with-hood-450gr-100-cotton-brown\/"},"modified":"2025-03-25T15:49:40","modified_gmt":"2025-03-25T13:49:40","slug":"microcotton-bathrobe-with-hood-450gr-100-cotton-brown","status":"publish","type":"product","link":"https:\/\/origon-eu.com\/hr\/product\/microcotton-bathrobe-with-hood-450gr-100-cotton-brown\/","title":{"rendered":"Premium Mikropamuk Kupa\u0107i ogrta\u010d s kapulja\u010dom, 450g \u2013 100% pamuk, Sme\u0111a"},"content":{"rendered":"<p>Luksuzni kupa\u0107i ogrta\u010d s kapu\u0161an od microcottona, visoke gusto\u0107e i stiliziranog dizajna. Microcotton je pamu\u010dna pre\u0111a koja je pro\u0161la posebnu obradu, zbog \u010dega su proizvodi od nje izuzetno mekani, nje\u017eni na dodir i imaju savr\u0161enu upijaju\u0107u mo\u0107. Trajne boje.<\/p>\n<p data-start=\"328\" data-end=\"337\">Zna\u010dajke:<\/p>\n<p data-start=\"339\" data-end=\"372\">Veli\u010dina: XL<br data-start=\"351\" data-end=\"354\" \/>Sastav: 100% pamuk<\/p>\n<p data-start=\"374\" data-end=\"383\">Napomene:<\/p>\n<p data-start=\"385\" data-end=\"497\">Mo\u017ee se prati u perilici do 40 stupnjeva!<br data-start=\"426\" data-end=\"429\" \/>SLIKA JE ILUSTRATIVNA I PREDSTAVLJA OP\u0106E KARAKTERISTIKE PROIZVODA!!!<\/p>\n","protected":false},"excerpt":{"rendered":"<ul>\n<li data-start=\"0\" data-end=\"74\"><strong>Materijal:<\/strong> 100% pamuk microcotton za mekan i ultra-absorbiraju\u0107i osje\u0107aj<\/li>\n<li data-start=\"0\" data-end=\"74\"><strong>Te\u017eina:<\/strong> 450 grama, pru\u017ea pli\u0161astu i udobnu teksturu<\/li>\n<li data-start=\"0\" data-end=\"74\"><strong>Dizajn:<\/strong> S kapu\u0161an za dodatnu toplinu i udobnost<\/li>\n<li data-start=\"0\" data-end=\"74\"><strong>Boja:<\/strong> Bogata sme\u0111a za topao, zemljani izgled<\/li>\n<li data-start=\"0\" data-end=\"74\"><strong>Upijanje:<\/strong> Izuzetno upijaju\u0107i, savr\u0161eno za brisanje nakon kupanja ili tu\u0161iranja<\/li>\n<li data-start=\"0\" data-end=\"74\"><strong>Udobno:<\/strong> Pru\u017ea luksuzno, spa iskustvo kod ku\u0107e<\/li>\n<\/ul>\n","protected":false},"featured_media":38885,"template":"","meta":[],"product_cat":[495],"product_tag":[],"class_list":{"0":"post-39412","1":"product","2":"type-product","3":"status-publish","4":"has-post-thumbnail","6":"product_cat-bathrobes-hr","8":"first","9":"outofstock","10":"shipping-taxable","11":"purchasable","12":"product-type-variable"},"yoast_head":"<!-- This site is optimized with the Yoast SEO plugin v24.2 - https:\/\/yoast.com\/wordpress\/plugins\/seo\/ -->\n<title>Premium Mikropamuk Kupa\u0107i ogrta\u010d s kapulja\u010dom, 450g \u2013 100% pamuk, Sme\u0111a - Origon EU<\/title>\n<meta name=\"robots\" content=\"index, follow, max-snippet:-1, max-image-preview:large, max-video-preview:-1\" \/>\n<link rel=\"canonical\" href=\"https:\/\/origon-eu.com\/hr\/product\/microcotton-bathrobe-with-hood-450gr-100-cotton-brown\/\" \/>\n<meta property=\"og:locale\" content=\"hr_HR\" \/>\n<meta property=\"og:type\" content=\"article\" \/>\n<meta property=\"og:title\" content=\"Premium Mikropamuk Kupa\u0107i ogrta\u010d s kapulja\u010dom, 450g \u2013 100% pamuk, Sme\u0111a - Origon EU\" \/>\n<meta property=\"og:description\" content=\"Materijal: 100% pamuk microcotton za mekan i ultra-absorbiraju\u0107i osje\u0107aj  Te\u017eina: 450 grama, pru\u017ea pli\u0161astu i udobnu teksturu  Dizajn: S kapu\u0161an za dodatnu toplinu i udobnost  Boja: Bogata sme\u0111a za topao, zemljani izgled  Upijanje: Izuzetno upijaju\u0107i, savr\u0161eno za brisanje nakon kupanja ili tu\u0161iranja  Udobno: Pru\u017ea luksuzno, spa iskustvo kod ku\u0107e\" \/>\n<meta property=\"og:url\" content=\"https:\/\/origon-eu.com\/hr\/product\/microcotton-bathrobe-with-hood-450gr-100-cotton-brown\/\" \/>\n<meta property=\"og:site_name\" content=\"Origon EU\" \/>\n<meta property=\"article:modified_time\" content=\"2025-03-25T13:49:40+00:00\" \/>\n<meta property=\"og:image\" content=\"https:\/\/origon-eu.com\/wp-content\/uploads\/2025\/03\/halat-mikropamuk-s-kaculka-450gr-100-pamuk-kafavo-image_670cf703181ef_1920x1920.webp\" \/>\n\t<meta property=\"og:image:width\" content=\"1280\" \/>\n\t<meta property=\"og:image:height\" content=\"1920\" \/>\n\t<meta property=\"og:image:type\" content=\"image\/webp\" \/>\n<meta name=\"twitter:card\" content=\"summary_large_image\" \/>\n<meta name=\"twitter:label1\" content=\"Procijenjeno vrijeme \u010ditanja\" \/>\n\t<meta name=\"twitter:data1\" content=\"1 minuta\" \/>\n<script type=\"application\/ld+json\" class=\"yoast-schema-graph\">{\"@context\":\"https:\/\/schema.org\",\"@graph\":[{\"@type\":\"WebPage\",\"@id\":\"https:\/\/origon-eu.com\/hr\/product\/microcotton-bathrobe-with-hood-450gr-100-cotton-brown\/\",\"url\":\"https:\/\/origon-eu.com\/hr\/product\/microcotton-bathrobe-with-hood-450gr-100-cotton-brown\/\",\"name\":\"Premium Mikropamuk Kupa\u0107i ogrta\u010d s kapulja\u010dom, 450g \u2013 100% pamuk, Sme\u0111a - Origon EU\",\"isPartOf\":{\"@id\":\"https:\/\/origon-eu.com\/#website\"},\"primaryImageOfPage\":{\"@id\":\"https:\/\/origon-eu.com\/hr\/product\/microcotton-bathrobe-with-hood-450gr-100-cotton-brown\/#primaryimage\"},\"image\":{\"@id\":\"https:\/\/origon-eu.com\/hr\/product\/microcotton-bathrobe-with-hood-450gr-100-cotton-brown\/#primaryimage\"},\"thumbnailUrl\":\"https:\/\/origon-eu.com\/wp-content\/uploads\/2025\/03\/halat-mikropamuk-s-kaculka-450gr-100-pamuk-kafavo-image_670cf703181ef_1920x1920.webp\",\"datePublished\":\"2025-03-21T14:52:35+00:00\",\"dateModified\":\"2025-03-25T13:49:40+00:00\",\"breadcrumb\":{\"@id\":\"https:\/\/origon-eu.com\/hr\/product\/microcotton-bathrobe-with-hood-450gr-100-cotton-brown\/#breadcrumb\"},\"inLanguage\":\"hr\",\"potentialAction\":[{\"@type\":\"ReadAction\",\"target\":[\"https:\/\/origon-eu.com\/hr\/product\/microcotton-bathrobe-with-hood-450gr-100-cotton-brown\/\"]}]},{\"@type\":\"ImageObject\",\"inLanguage\":\"hr\",\"@id\":\"https:\/\/origon-eu.com\/hr\/product\/microcotton-bathrobe-with-hood-450gr-100-cotton-brown\/#primaryimage\",\"url\":\"https:\/\/origon-eu.com\/wp-content\/uploads\/2025\/03\/halat-mikropamuk-s-kaculka-450gr-100-pamuk-kafavo-image_670cf703181ef_1920x1920.webp\",\"contentUrl\":\"https:\/\/origon-eu.com\/wp-content\/uploads\/2025\/03\/halat-mikropamuk-s-kaculka-450gr-100-pamuk-kafavo-image_670cf703181ef_1920x1920.webp\",\"width\":1280,\"height\":1920},{\"@type\":\"BreadcrumbList\",\"@id\":\"https:\/\/origon-eu.com\/hr\/product\/microcotton-bathrobe-with-hood-450gr-100-cotton-brown\/#breadcrumb\",\"itemListElement\":[{\"@type\":\"ListItem\",\"position\":1,\"name\":\"Home\",\"item\":\"https:\/\/origon-eu.com\/\"},{\"@type\":\"ListItem\",\"position\":2,\"name\":\"Katalog\",\"item\":\"https:\/\/origon-eu.com\/hr\/shop-2\/\"},{\"@type\":\"ListItem\",\"position\":3,\"name\":\"Premium Mikropamuk Kupa\u0107i ogrta\u010d s kapulja\u010dom, 450g \u2013 100% pamuk, Sme\u0111a\"}]},{\"@type\":\"WebSite\",\"@id\":\"https:\/\/origon-eu.com\/#website\",\"url\":\"https:\/\/origon-eu.com\/\",\"name\":\"Origon EU\",\"description\":\"Online Store\",\"publisher\":{\"@id\":\"https:\/\/origon-eu.com\/#organization\"},\"potentialAction\":[{\"@type\":\"SearchAction\",\"target\":{\"@type\":\"EntryPoint\",\"urlTemplate\":\"https:\/\/origon-eu.com\/?s={search_term_string}\"},\"query-input\":{\"@type\":\"PropertyValueSpecification\",\"valueRequired\":true,\"valueName\":\"search_term_string\"}}],\"inLanguage\":\"hr\"},{\"@type\":\"Organization\",\"@id\":\"https:\/\/origon-eu.com\/#organization\",\"name\":\"Origon EU\",\"url\":\"https:\/\/origon-eu.com\/\",\"logo\":{\"@type\":\"ImageObject\",\"inLanguage\":\"hr\",\"@id\":\"https:\/\/origon-eu.com\/#\/schema\/logo\/image\/\",\"url\":\"https:\/\/origon-eu.com\/wp-content\/uploads\/2024\/04\/Screenshot-2024-04-09-101814.png\",\"contentUrl\":\"https:\/\/origon-eu.com\/wp-content\/uploads\/2024\/04\/Screenshot-2024-04-09-101814.png\",\"width\":171,\"height\":59,\"caption\":\"Origon EU\"},\"image\":{\"@id\":\"https:\/\/origon-eu.com\/#\/schema\/logo\/image\/\"}}]}<\/script>\n<!-- \/ Yoast SEO plugin. -->","yoast_head_json":{"title":"Premium Mikropamuk Kupa\u0107i ogrta\u010d s kapulja\u010dom, 450g \u2013 100% pamuk, Sme\u0111a - Origon EU","robots":{"index":"index","follow":"follow","max-snippet":"max-snippet:-1","max-image-preview":"max-image-preview:large","max-video-preview":"max-video-preview:-1"},"canonical":"https:\/\/origon-eu.com\/hr\/product\/microcotton-bathrobe-with-hood-450gr-100-cotton-brown\/","og_locale":"hr_HR","og_type":"article","og_title":"Premium Mikropamuk Kupa\u0107i ogrta\u010d s kapulja\u010dom, 450g \u2013 100% pamuk, Sme\u0111a - Origon EU","og_description":"Materijal: 100% pamuk microcotton za mekan i ultra-absorbiraju\u0107i osje\u0107aj  Te\u017eina: 450 grama, pru\u017ea pli\u0161astu i udobnu teksturu  Dizajn: S kapu\u0161an za dodatnu toplinu i udobnost  Boja: Bogata sme\u0111a za topao, zemljani izgled  Upijanje: Izuzetno upijaju\u0107i, savr\u0161eno za brisanje nakon kupanja ili tu\u0161iranja  Udobno: Pru\u017ea luksuzno, spa iskustvo kod ku\u0107e","og_url":"https:\/\/origon-eu.com\/hr\/product\/microcotton-bathrobe-with-hood-450gr-100-cotton-brown\/","og_site_name":"Origon EU","article_modified_time":"2025-03-25T13:49:40+00:00","og_image":[{"width":1280,"height":1920,"url":"https:\/\/origon-eu.com\/wp-content\/uploads\/2025\/03\/halat-mikropamuk-s-kaculka-450gr-100-pamuk-kafavo-image_670cf703181ef_1920x1920.webp","type":"image\/webp"}],"twitter_card":"summary_large_image","twitter_misc":{"Procijenjeno vrijeme \u010ditanja":"1 minuta"},"schema":{"@context":"https:\/\/schema.org","@graph":[{"@type":"WebPage","@id":"https:\/\/origon-eu.com\/hr\/product\/microcotton-bathrobe-with-hood-450gr-100-cotton-brown\/","url":"https:\/\/origon-eu.com\/hr\/product\/microcotton-bathrobe-with-hood-450gr-100-cotton-brown\/","name":"Premium Mikropamuk Kupa\u0107i ogrta\u010d s kapulja\u010dom, 450g \u2013 100% pamuk, Sme\u0111a - Origon EU","isPartOf":{"@id":"https:\/\/origon-eu.com\/#website"},"primaryImageOfPage":{"@id":"https:\/\/origon-eu.com\/hr\/product\/microcotton-bathrobe-with-hood-450gr-100-cotton-brown\/#primaryimage"},"image":{"@id":"https:\/\/origon-eu.com\/hr\/product\/microcotton-bathrobe-with-hood-450gr-100-cotton-brown\/#primaryimage"},"thumbnailUrl":"https:\/\/origon-eu.com\/wp-content\/uploads\/2025\/03\/halat-mikropamuk-s-kaculka-450gr-100-pamuk-kafavo-image_670cf703181ef_1920x1920.webp","datePublished":"2025-03-21T14:52:35+00:00","dateModified":"2025-03-25T13:49:40+00:00","breadcrumb":{"@id":"https:\/\/origon-eu.com\/hr\/product\/microcotton-bathrobe-with-hood-450gr-100-cotton-brown\/#breadcrumb"},"inLanguage":"hr","potentialAction":[{"@type":"ReadAction","target":["https:\/\/origon-eu.com\/hr\/product\/microcotton-bathrobe-with-hood-450gr-100-cotton-brown\/"]}]},{"@type":"ImageObject","inLanguage":"hr","@id":"https:\/\/origon-eu.com\/hr\/product\/microcotton-bathrobe-with-hood-450gr-100-cotton-brown\/#primaryimage","url":"https:\/\/origon-eu.com\/wp-content\/uploads\/2025\/03\/halat-mikropamuk-s-kaculka-450gr-100-pamuk-kafavo-image_670cf703181ef_1920x1920.webp","contentUrl":"https:\/\/origon-eu.com\/wp-content\/uploads\/2025\/03\/halat-mikropamuk-s-kaculka-450gr-100-pamuk-kafavo-image_670cf703181ef_1920x1920.webp","width":1280,"height":1920},{"@type":"BreadcrumbList","@id":"https:\/\/origon-eu.com\/hr\/product\/microcotton-bathrobe-with-hood-450gr-100-cotton-brown\/#breadcrumb","itemListElement":[{"@type":"ListItem","position":1,"name":"Home","item":"https:\/\/origon-eu.com\/"},{"@type":"ListItem","position":2,"name":"Katalog","item":"https:\/\/origon-eu.com\/hr\/shop-2\/"},{"@type":"ListItem","position":3,"name":"Premium Mikropamuk Kupa\u0107i ogrta\u010d s kapulja\u010dom, 450g \u2013 100% pamuk, Sme\u0111a"}]},{"@type":"WebSite","@id":"https:\/\/origon-eu.com\/#website","url":"https:\/\/origon-eu.com\/","name":"Origon EU","description":"Online Store","publisher":{"@id":"https:\/\/origon-eu.com\/#organization"},"potentialAction":[{"@type":"SearchAction","target":{"@type":"EntryPoint","urlTemplate":"https:\/\/origon-eu.com\/?s={search_term_string}"},"query-input":{"@type":"PropertyValueSpecification","valueRequired":true,"valueName":"search_term_string"}}],"inLanguage":"hr"},{"@type":"Organization","@id":"https:\/\/origon-eu.com\/#organization","name":"Origon EU","url":"https:\/\/origon-eu.com\/","logo":{"@type":"ImageObject","inLanguage":"hr","@id":"https:\/\/origon-eu.com\/#\/schema\/logo\/image\/","url":"https:\/\/origon-eu.com\/wp-content\/uploads\/2024\/04\/Screenshot-2024-04-09-101814.png","contentUrl":"https:\/\/origon-eu.com\/wp-content\/uploads\/2024\/04\/Screenshot-2024-04-09-101814.png","width":171,"height":59,"caption":"Origon EU"},"image":{"@id":"https:\/\/origon-eu.com\/#\/schema\/logo\/image\/"}}]}},"tiered_pricing_type":"fixed","tiered_pricing_fixed_rules":[],"tiered_pricing_percentage_rules":[],"tiered_pricing_minimum":1,"tiered_pricing_roles_data":[],"_links":{"self":[{"href":"https:\/\/origon-eu.com\/hr\/wp-json\/wp\/v2\/product\/39412","targetHints":{"allow":["GET"]}}],"collection":[{"href":"https:\/\/origon-eu.com\/hr\/wp-json\/wp\/v2\/product"}],"about":[{"href":"https:\/\/origon-eu.com\/hr\/wp-json\/wp\/v2\/types\/product"}],"version-history":[{"count":3,"href":"https:\/\/origon-eu.com\/hr\/wp-json\/wp\/v2\/product\/39412\/revisions"}],"predecessor-version":[{"id":39902,"href":"https:\/\/origon-eu.com\/hr\/wp-json\/wp\/v2\/product\/39412\/revisions\/39902"}],"wp:featuredmedia":[{"embeddable":true,"href":"https:\/\/origon-eu.com\/hr\/wp-json\/wp\/v2\/media\/38885"}],"wp:attachment":[{"href":"https:\/\/origon-eu.com\/hr\/wp-json\/wp\/v2\/media?parent=39412"}],"wp:term":[{"taxonomy":"product_cat","embeddable":true,"href":"https:\/\/origon-eu.com\/hr\/wp-json\/wp\/v2\/product_cat?post=39412"},{"taxonomy":"product_tag","embeddable":true,"href":"https:\/\/origon-eu.com\/hr\/wp-json\/wp\/v2\/product_tag?post=39412"}],"curies":[{"name":"wp","href":"https:\/\/api.w.org\/{rel}","templated":true}]}}