{"id":39200,"date":"2025-03-21T16:42:37","date_gmt":"2025-03-21T14:42:37","guid":{"rendered":"https:\/\/origon-eu.com\/product\/hooded-bathrobe-380gr-100-cotton-petrol\/"},"modified":"2025-03-25T15:42:08","modified_gmt":"2025-03-25T13:42:08","slug":"hooded-bathrobe-380gr-100-cotton-petrol","status":"publish","type":"product","link":"https:\/\/origon-eu.com\/hr\/product\/hooded-bathrobe-380gr-100-cotton-petrol\/","title":{"rendered":"Luksuzni 380g Kupa\u0107i ogrta\u010d s kapulja\u010dom, 100% pamuk \u2013 Petrol"},"content":{"rendered":"<p>Visokokvalitetni, debeli kupa\u0107i mantil s kapulja\u010dom, izra\u0111en od 100% pamuka. Elegantnog dizajna, s odli\u010dnom upojno\u0161\u0107u, udoban, mekan i nje\u017ean na dodir.<\/p>\n<p data-start=\"216\" data-end=\"231\">Karakteristike:<\/p>\n<p data-start=\"233\" data-end=\"277\">Veli\u010dine: M, L, XL, XXL<br data-start=\"256\" data-end=\"259\" \/>Sastav: 100% pamuk<\/p>\n<p data-start=\"279\" data-end=\"433\">Mo\u017ee se prati u perilici na temperaturi do 40 stupnjeva!<br data-start=\"335\" data-end=\"338\" \/>Nemojte koristiti izbjeljiva\u010d!<br data-start=\"368\" data-end=\"371\" \/>Slike su ilustrativne i opisuju op\u0107e karakteristike proizvoda!<\/p>\n","protected":false},"excerpt":{"rendered":"<ul>\n<li data-start=\"0\" data-end=\"60\"><strong>Materijal:<\/strong> 100% pamuk za mekan i prozra\u010dan osje\u0107aj<\/li>\n<li data-start=\"0\" data-end=\"60\"><strong>Te\u017eina:<\/strong> 380 grama, nudi udoban, lagan osje\u0107aj<\/li>\n<li data-start=\"0\" data-end=\"60\"><strong>Dizajn:<\/strong> S kapulja\u010dom za dodatnu toplinu<\/li>\n<li data-start=\"0\" data-end=\"60\"><strong>Boja:<\/strong> Bogata petrol boja za moderan, stilski izgled<\/li>\n<li data-start=\"0\" data-end=\"60\"><strong>Upijaju\u0107i:<\/strong> Idealno za brisanje nakon kupke ili tu\u0161iranja<\/li>\n<li data-start=\"0\" data-end=\"60\"><strong>Udoban:<\/strong> Nudi luksuzno, spa iskustvo kod ku\u0107e<\/li>\n<\/ul>\n","protected":false},"featured_media":38826,"template":"","meta":[],"product_cat":[495],"product_tag":[],"class_list":{"0":"post-39200","1":"product","2":"type-product","3":"status-publish","4":"has-post-thumbnail","6":"product_cat-bathrobes-hr","8":"first","9":"outofstock","10":"shipping-taxable","11":"purchasable","12":"product-type-variable"},"yoast_head":"<!-- This site is optimized with the Yoast SEO plugin v24.2 - https:\/\/yoast.com\/wordpress\/plugins\/seo\/ -->\n<title>Luksuzni 380g Kupa\u0107i ogrta\u010d s kapulja\u010dom, 100% pamuk \u2013 Petrol - Origon EU<\/title>\n<meta name=\"robots\" content=\"index, follow, max-snippet:-1, max-image-preview:large, max-video-preview:-1\" \/>\n<link rel=\"canonical\" href=\"https:\/\/origon-eu.com\/hr\/product\/hooded-bathrobe-380gr-100-cotton-petrol\/\" \/>\n<meta property=\"og:locale\" content=\"hr_HR\" \/>\n<meta property=\"og:type\" content=\"article\" \/>\n<meta property=\"og:title\" content=\"Luksuzni 380g Kupa\u0107i ogrta\u010d s kapulja\u010dom, 100% pamuk \u2013 Petrol - Origon EU\" \/>\n<meta property=\"og:description\" content=\"Materijal: 100% pamuk za mekan i prozra\u010dan osje\u0107aj  Te\u017eina: 380 grama, nudi udoban, lagan osje\u0107aj  Dizajn: S kapulja\u010dom za dodatnu toplinu  Boja: Bogata petrol boja za moderan, stilski izgled  Upijaju\u0107i: Idealno za brisanje nakon kupke ili tu\u0161iranja  Udoban: Nudi luksuzno, spa iskustvo kod ku\u0107e\" \/>\n<meta property=\"og:url\" content=\"https:\/\/origon-eu.com\/hr\/product\/hooded-bathrobe-380gr-100-cotton-petrol\/\" \/>\n<meta property=\"og:site_name\" content=\"Origon EU\" \/>\n<meta property=\"article:modified_time\" content=\"2025-03-25T13:42:08+00:00\" \/>\n<meta property=\"og:image\" content=\"https:\/\/origon-eu.com\/wp-content\/uploads\/2025\/03\/halat-za-bana-s-kaculka-380gr-100-pamuk-petrol-image_670cf59e056b2_1920x1920.webp\" \/>\n\t<meta property=\"og:image:width\" content=\"1280\" \/>\n\t<meta property=\"og:image:height\" content=\"1920\" \/>\n\t<meta property=\"og:image:type\" content=\"image\/webp\" \/>\n<meta name=\"twitter:card\" content=\"summary_large_image\" \/>\n<meta name=\"twitter:label1\" content=\"Procijenjeno vrijeme \u010ditanja\" \/>\n\t<meta name=\"twitter:data1\" content=\"1 minuta\" \/>\n<script type=\"application\/ld+json\" class=\"yoast-schema-graph\">{\"@context\":\"https:\/\/schema.org\",\"@graph\":[{\"@type\":\"WebPage\",\"@id\":\"https:\/\/origon-eu.com\/hr\/product\/hooded-bathrobe-380gr-100-cotton-petrol\/\",\"url\":\"https:\/\/origon-eu.com\/hr\/product\/hooded-bathrobe-380gr-100-cotton-petrol\/\",\"name\":\"Luksuzni 380g Kupa\u0107i ogrta\u010d s kapulja\u010dom, 100% pamuk \u2013 Petrol - Origon EU\",\"isPartOf\":{\"@id\":\"https:\/\/origon-eu.com\/#website\"},\"primaryImageOfPage\":{\"@id\":\"https:\/\/origon-eu.com\/hr\/product\/hooded-bathrobe-380gr-100-cotton-petrol\/#primaryimage\"},\"image\":{\"@id\":\"https:\/\/origon-eu.com\/hr\/product\/hooded-bathrobe-380gr-100-cotton-petrol\/#primaryimage\"},\"thumbnailUrl\":\"https:\/\/origon-eu.com\/wp-content\/uploads\/2025\/03\/halat-za-bana-s-kaculka-380gr-100-pamuk-petrol-image_670cf59e056b2_1920x1920.webp\",\"datePublished\":\"2025-03-21T14:42:37+00:00\",\"dateModified\":\"2025-03-25T13:42:08+00:00\",\"breadcrumb\":{\"@id\":\"https:\/\/origon-eu.com\/hr\/product\/hooded-bathrobe-380gr-100-cotton-petrol\/#breadcrumb\"},\"inLanguage\":\"hr\",\"potentialAction\":[{\"@type\":\"ReadAction\",\"target\":[\"https:\/\/origon-eu.com\/hr\/product\/hooded-bathrobe-380gr-100-cotton-petrol\/\"]}]},{\"@type\":\"ImageObject\",\"inLanguage\":\"hr\",\"@id\":\"https:\/\/origon-eu.com\/hr\/product\/hooded-bathrobe-380gr-100-cotton-petrol\/#primaryimage\",\"url\":\"https:\/\/origon-eu.com\/wp-content\/uploads\/2025\/03\/halat-za-bana-s-kaculka-380gr-100-pamuk-petrol-image_670cf59e056b2_1920x1920.webp\",\"contentUrl\":\"https:\/\/origon-eu.com\/wp-content\/uploads\/2025\/03\/halat-za-bana-s-kaculka-380gr-100-pamuk-petrol-image_670cf59e056b2_1920x1920.webp\",\"width\":1280,\"height\":1920},{\"@type\":\"BreadcrumbList\",\"@id\":\"https:\/\/origon-eu.com\/hr\/product\/hooded-bathrobe-380gr-100-cotton-petrol\/#breadcrumb\",\"itemListElement\":[{\"@type\":\"ListItem\",\"position\":1,\"name\":\"Home\",\"item\":\"https:\/\/origon-eu.com\/\"},{\"@type\":\"ListItem\",\"position\":2,\"name\":\"Katalog\",\"item\":\"https:\/\/origon-eu.com\/hr\/shop-2\/\"},{\"@type\":\"ListItem\",\"position\":3,\"name\":\"Luksuzni 380g Kupa\u0107i ogrta\u010d s kapulja\u010dom, 100% pamuk \u2013 Petrol\"}]},{\"@type\":\"WebSite\",\"@id\":\"https:\/\/origon-eu.com\/#website\",\"url\":\"https:\/\/origon-eu.com\/\",\"name\":\"Origon EU\",\"description\":\"Online Store\",\"publisher\":{\"@id\":\"https:\/\/origon-eu.com\/#organization\"},\"potentialAction\":[{\"@type\":\"SearchAction\",\"target\":{\"@type\":\"EntryPoint\",\"urlTemplate\":\"https:\/\/origon-eu.com\/?s={search_term_string}\"},\"query-input\":{\"@type\":\"PropertyValueSpecification\",\"valueRequired\":true,\"valueName\":\"search_term_string\"}}],\"inLanguage\":\"hr\"},{\"@type\":\"Organization\",\"@id\":\"https:\/\/origon-eu.com\/#organization\",\"name\":\"Origon EU\",\"url\":\"https:\/\/origon-eu.com\/\",\"logo\":{\"@type\":\"ImageObject\",\"inLanguage\":\"hr\",\"@id\":\"https:\/\/origon-eu.com\/#\/schema\/logo\/image\/\",\"url\":\"https:\/\/origon-eu.com\/wp-content\/uploads\/2024\/04\/Screenshot-2024-04-09-101814.png\",\"contentUrl\":\"https:\/\/origon-eu.com\/wp-content\/uploads\/2024\/04\/Screenshot-2024-04-09-101814.png\",\"width\":171,\"height\":59,\"caption\":\"Origon EU\"},\"image\":{\"@id\":\"https:\/\/origon-eu.com\/#\/schema\/logo\/image\/\"}}]}<\/script>\n<!-- \/ Yoast SEO plugin. -->","yoast_head_json":{"title":"Luksuzni 380g Kupa\u0107i ogrta\u010d s kapulja\u010dom, 100% pamuk \u2013 Petrol - Origon EU","robots":{"index":"index","follow":"follow","max-snippet":"max-snippet:-1","max-image-preview":"max-image-preview:large","max-video-preview":"max-video-preview:-1"},"canonical":"https:\/\/origon-eu.com\/hr\/product\/hooded-bathrobe-380gr-100-cotton-petrol\/","og_locale":"hr_HR","og_type":"article","og_title":"Luksuzni 380g Kupa\u0107i ogrta\u010d s kapulja\u010dom, 100% pamuk \u2013 Petrol - Origon EU","og_description":"Materijal: 100% pamuk za mekan i prozra\u010dan osje\u0107aj  Te\u017eina: 380 grama, nudi udoban, lagan osje\u0107aj  Dizajn: S kapulja\u010dom za dodatnu toplinu  Boja: Bogata petrol boja za moderan, stilski izgled  Upijaju\u0107i: Idealno za brisanje nakon kupke ili tu\u0161iranja  Udoban: Nudi luksuzno, spa iskustvo kod ku\u0107e","og_url":"https:\/\/origon-eu.com\/hr\/product\/hooded-bathrobe-380gr-100-cotton-petrol\/","og_site_name":"Origon EU","article_modified_time":"2025-03-25T13:42:08+00:00","og_image":[{"width":1280,"height":1920,"url":"https:\/\/origon-eu.com\/wp-content\/uploads\/2025\/03\/halat-za-bana-s-kaculka-380gr-100-pamuk-petrol-image_670cf59e056b2_1920x1920.webp","type":"image\/webp"}],"twitter_card":"summary_large_image","twitter_misc":{"Procijenjeno vrijeme \u010ditanja":"1 minuta"},"schema":{"@context":"https:\/\/schema.org","@graph":[{"@type":"WebPage","@id":"https:\/\/origon-eu.com\/hr\/product\/hooded-bathrobe-380gr-100-cotton-petrol\/","url":"https:\/\/origon-eu.com\/hr\/product\/hooded-bathrobe-380gr-100-cotton-petrol\/","name":"Luksuzni 380g Kupa\u0107i ogrta\u010d s kapulja\u010dom, 100% pamuk \u2013 Petrol - Origon EU","isPartOf":{"@id":"https:\/\/origon-eu.com\/#website"},"primaryImageOfPage":{"@id":"https:\/\/origon-eu.com\/hr\/product\/hooded-bathrobe-380gr-100-cotton-petrol\/#primaryimage"},"image":{"@id":"https:\/\/origon-eu.com\/hr\/product\/hooded-bathrobe-380gr-100-cotton-petrol\/#primaryimage"},"thumbnailUrl":"https:\/\/origon-eu.com\/wp-content\/uploads\/2025\/03\/halat-za-bana-s-kaculka-380gr-100-pamuk-petrol-image_670cf59e056b2_1920x1920.webp","datePublished":"2025-03-21T14:42:37+00:00","dateModified":"2025-03-25T13:42:08+00:00","breadcrumb":{"@id":"https:\/\/origon-eu.com\/hr\/product\/hooded-bathrobe-380gr-100-cotton-petrol\/#breadcrumb"},"inLanguage":"hr","potentialAction":[{"@type":"ReadAction","target":["https:\/\/origon-eu.com\/hr\/product\/hooded-bathrobe-380gr-100-cotton-petrol\/"]}]},{"@type":"ImageObject","inLanguage":"hr","@id":"https:\/\/origon-eu.com\/hr\/product\/hooded-bathrobe-380gr-100-cotton-petrol\/#primaryimage","url":"https:\/\/origon-eu.com\/wp-content\/uploads\/2025\/03\/halat-za-bana-s-kaculka-380gr-100-pamuk-petrol-image_670cf59e056b2_1920x1920.webp","contentUrl":"https:\/\/origon-eu.com\/wp-content\/uploads\/2025\/03\/halat-za-bana-s-kaculka-380gr-100-pamuk-petrol-image_670cf59e056b2_1920x1920.webp","width":1280,"height":1920},{"@type":"BreadcrumbList","@id":"https:\/\/origon-eu.com\/hr\/product\/hooded-bathrobe-380gr-100-cotton-petrol\/#breadcrumb","itemListElement":[{"@type":"ListItem","position":1,"name":"Home","item":"https:\/\/origon-eu.com\/"},{"@type":"ListItem","position":2,"name":"Katalog","item":"https:\/\/origon-eu.com\/hr\/shop-2\/"},{"@type":"ListItem","position":3,"name":"Luksuzni 380g Kupa\u0107i ogrta\u010d s kapulja\u010dom, 100% pamuk \u2013 Petrol"}]},{"@type":"WebSite","@id":"https:\/\/origon-eu.com\/#website","url":"https:\/\/origon-eu.com\/","name":"Origon EU","description":"Online Store","publisher":{"@id":"https:\/\/origon-eu.com\/#organization"},"potentialAction":[{"@type":"SearchAction","target":{"@type":"EntryPoint","urlTemplate":"https:\/\/origon-eu.com\/?s={search_term_string}"},"query-input":{"@type":"PropertyValueSpecification","valueRequired":true,"valueName":"search_term_string"}}],"inLanguage":"hr"},{"@type":"Organization","@id":"https:\/\/origon-eu.com\/#organization","name":"Origon EU","url":"https:\/\/origon-eu.com\/","logo":{"@type":"ImageObject","inLanguage":"hr","@id":"https:\/\/origon-eu.com\/#\/schema\/logo\/image\/","url":"https:\/\/origon-eu.com\/wp-content\/uploads\/2024\/04\/Screenshot-2024-04-09-101814.png","contentUrl":"https:\/\/origon-eu.com\/wp-content\/uploads\/2024\/04\/Screenshot-2024-04-09-101814.png","width":171,"height":59,"caption":"Origon EU"},"image":{"@id":"https:\/\/origon-eu.com\/#\/schema\/logo\/image\/"}}]}},"tiered_pricing_type":"fixed","tiered_pricing_fixed_rules":[],"tiered_pricing_percentage_rules":[],"tiered_pricing_minimum":1,"tiered_pricing_roles_data":[],"_links":{"self":[{"href":"https:\/\/origon-eu.com\/hr\/wp-json\/wp\/v2\/product\/39200","targetHints":{"allow":["GET"]}}],"collection":[{"href":"https:\/\/origon-eu.com\/hr\/wp-json\/wp\/v2\/product"}],"about":[{"href":"https:\/\/origon-eu.com\/hr\/wp-json\/wp\/v2\/types\/product"}],"version-history":[{"count":2,"href":"https:\/\/origon-eu.com\/hr\/wp-json\/wp\/v2\/product\/39200\/revisions"}],"predecessor-version":[{"id":39869,"href":"https:\/\/origon-eu.com\/hr\/wp-json\/wp\/v2\/product\/39200\/revisions\/39869"}],"wp:featuredmedia":[{"embeddable":true,"href":"https:\/\/origon-eu.com\/hr\/wp-json\/wp\/v2\/media\/38826"}],"wp:attachment":[{"href":"https:\/\/origon-eu.com\/hr\/wp-json\/wp\/v2\/media?parent=39200"}],"wp:term":[{"taxonomy":"product_cat","embeddable":true,"href":"https:\/\/origon-eu.com\/hr\/wp-json\/wp\/v2\/product_cat?post=39200"},{"taxonomy":"product_tag","embeddable":true,"href":"https:\/\/origon-eu.com\/hr\/wp-json\/wp\/v2\/product_tag?post=39200"}],"curies":[{"name":"wp","href":"https:\/\/api.w.org\/{rel}","templated":true}]}}