{"id":38985,"date":"2025-03-21T15:58:05","date_gmt":"2025-03-21T13:58:05","guid":{"rendered":"https:\/\/origon-eu.com\/product\/white-towel-hotel-bathrobe-400gr\/"},"modified":"2025-03-25T15:30:46","modified_gmt":"2025-03-25T13:30:46","slug":"white-towel-hotel-bathrobe-400gr","status":"publish","type":"product","link":"https:\/\/origon-eu.com\/hr\/product\/white-towel-hotel-bathrobe-400gr\/","title":{"rendered":"Premium bijeli hotelski ogrta\u010d od frotira 400g"},"content":{"rendered":"<p>SASTAV &#8211; 100% PAMUK<\/p>\n<p data-start=\"75\" data-end=\"390\">Kupa\u0107i mantil visoke kvalitete, debeo, bez kapulja\u010de s ogrlicom, izra\u0111en od 100% pamuka. Pogodan za ku\u0107nu uporabu, hotele i pansione. Elegantnog dizajna, s odli\u010dnom upojno\u0161\u0107u, udoban, mekan i nje\u017ean na dodir. Visokokvalitetna tkanina koja se brzo su\u0161i. Za ve\u0107i komfor i prakti\u010dnost, kupa\u0107i mantil tako\u0111er ima pojas.<\/p>\n<p data-start=\"392\" data-end=\"434\">Za vas ili va\u0161e goste, odaberite najbolje.<\/p>\n<p data-start=\"436\" data-end=\"459\">Dostupno u veli\u010dini XL.<\/p>\n<p data-start=\"461\" data-end=\"517\">Preporu\u010da se pranje na temperaturi vode do 40 stupnjeva!<\/p>\n<p data-start=\"519\" data-end=\"581\">Slike su ilustrativne i opisuju op\u0107e karakteristike proizvoda!<\/p>\n","protected":false},"excerpt":{"rendered":"<ul>\n<li data-start=\"0\" data-end=\"35\"><strong>Materijal:<\/strong> Visokokvalitetni pamuk<\/li>\n<li data-start=\"0\" data-end=\"35\"><strong>Te\u017eina:<\/strong> 400 grama, pru\u017ea ravnote\u017eu izme\u0111u topline i udobnosti<\/li>\n<li data-start=\"0\" data-end=\"35\"><strong>Mekan i puhast:<\/strong> Pru\u017ea luksuzan, udoban osje\u0107aj<\/li>\n<li data-start=\"0\" data-end=\"35\"><strong>Upijaju\u0107i:<\/strong> Idealno za brisanje nakon tu\u0161iranja ili kupanja<\/li>\n<li data-start=\"0\" data-end=\"35\"><strong>Elegantni dizajn:<\/strong> O\u0161tro bijela boja dodaje sofisticirani dodir<\/li>\n<li data-start=\"0\" data-end=\"35\"><strong>Hotel-Style:<\/strong> Savr\u0161eno za rekreiranje spa ili hotelskog iskustva kod ku\u0107e<\/li>\n<\/ul>\n","protected":false},"featured_media":38742,"template":"","meta":[],"product_cat":[495],"product_tag":[],"class_list":{"0":"post-38985","1":"product","2":"type-product","3":"status-publish","4":"has-post-thumbnail","6":"product_cat-bathrobes-hr","8":"first","9":"outofstock","10":"shipping-taxable","11":"purchasable","12":"product-type-variable"},"yoast_head":"<!-- This site is optimized with the Yoast SEO plugin v24.2 - https:\/\/yoast.com\/wordpress\/plugins\/seo\/ -->\n<title>Premium bijeli hotelski ogrta\u010d od frotira 400g - Origon EU<\/title>\n<meta name=\"robots\" content=\"index, follow, max-snippet:-1, max-image-preview:large, max-video-preview:-1\" \/>\n<link rel=\"canonical\" href=\"https:\/\/origon-eu.com\/hr\/product\/white-towel-hotel-bathrobe-400gr\/\" \/>\n<meta property=\"og:locale\" content=\"hr_HR\" \/>\n<meta property=\"og:type\" content=\"article\" \/>\n<meta property=\"og:title\" content=\"Premium bijeli hotelski ogrta\u010d od frotira 400g - Origon EU\" \/>\n<meta property=\"og:description\" content=\"Materijal: Visokokvalitetni pamuk  Te\u017eina: 400 grama, pru\u017ea ravnote\u017eu izme\u0111u topline i udobnosti  Mekan i puhast: Pru\u017ea luksuzan, udoban osje\u0107aj  Upijaju\u0107i: Idealno za brisanje nakon tu\u0161iranja ili kupanja  Elegantni dizajn: O\u0161tro bijela boja dodaje sofisticirani dodir  Hotel-Style: Savr\u0161eno za rekreiranje spa ili hotelskog iskustva kod ku\u0107e\" \/>\n<meta property=\"og:url\" content=\"https:\/\/origon-eu.com\/hr\/product\/white-towel-hotel-bathrobe-400gr\/\" \/>\n<meta property=\"og:site_name\" content=\"Origon EU\" \/>\n<meta property=\"article:modified_time\" content=\"2025-03-25T13:30:46+00:00\" \/>\n<meta property=\"og:image\" content=\"https:\/\/origon-eu.com\/wp-content\/uploads\/2025\/03\/bal-havlien-hotelski-halat-400gr-image_670cfa8c60028_1920x1920-1.jpeg\" \/>\n\t<meta property=\"og:image:width\" content=\"1252\" \/>\n\t<meta property=\"og:image:height\" content=\"1920\" \/>\n\t<meta property=\"og:image:type\" content=\"image\/jpeg\" \/>\n<meta name=\"twitter:card\" content=\"summary_large_image\" \/>\n<meta name=\"twitter:label1\" content=\"Procijenjeno vrijeme \u010ditanja\" \/>\n\t<meta name=\"twitter:data1\" content=\"1 minuta\" \/>\n<script type=\"application\/ld+json\" class=\"yoast-schema-graph\">{\"@context\":\"https:\/\/schema.org\",\"@graph\":[{\"@type\":\"WebPage\",\"@id\":\"https:\/\/origon-eu.com\/hr\/product\/white-towel-hotel-bathrobe-400gr\/\",\"url\":\"https:\/\/origon-eu.com\/hr\/product\/white-towel-hotel-bathrobe-400gr\/\",\"name\":\"Premium bijeli hotelski ogrta\u010d od frotira 400g - Origon EU\",\"isPartOf\":{\"@id\":\"https:\/\/origon-eu.com\/#website\"},\"primaryImageOfPage\":{\"@id\":\"https:\/\/origon-eu.com\/hr\/product\/white-towel-hotel-bathrobe-400gr\/#primaryimage\"},\"image\":{\"@id\":\"https:\/\/origon-eu.com\/hr\/product\/white-towel-hotel-bathrobe-400gr\/#primaryimage\"},\"thumbnailUrl\":\"https:\/\/origon-eu.com\/wp-content\/uploads\/2025\/03\/bal-havlien-hotelski-halat-400gr-image_670cfa8c60028_1920x1920-1.jpeg\",\"datePublished\":\"2025-03-21T13:58:05+00:00\",\"dateModified\":\"2025-03-25T13:30:46+00:00\",\"breadcrumb\":{\"@id\":\"https:\/\/origon-eu.com\/hr\/product\/white-towel-hotel-bathrobe-400gr\/#breadcrumb\"},\"inLanguage\":\"hr\",\"potentialAction\":[{\"@type\":\"ReadAction\",\"target\":[\"https:\/\/origon-eu.com\/hr\/product\/white-towel-hotel-bathrobe-400gr\/\"]}]},{\"@type\":\"ImageObject\",\"inLanguage\":\"hr\",\"@id\":\"https:\/\/origon-eu.com\/hr\/product\/white-towel-hotel-bathrobe-400gr\/#primaryimage\",\"url\":\"https:\/\/origon-eu.com\/wp-content\/uploads\/2025\/03\/bal-havlien-hotelski-halat-400gr-image_670cfa8c60028_1920x1920-1.jpeg\",\"contentUrl\":\"https:\/\/origon-eu.com\/wp-content\/uploads\/2025\/03\/bal-havlien-hotelski-halat-400gr-image_670cfa8c60028_1920x1920-1.jpeg\",\"width\":1252,\"height\":1920},{\"@type\":\"BreadcrumbList\",\"@id\":\"https:\/\/origon-eu.com\/hr\/product\/white-towel-hotel-bathrobe-400gr\/#breadcrumb\",\"itemListElement\":[{\"@type\":\"ListItem\",\"position\":1,\"name\":\"Home\",\"item\":\"https:\/\/origon-eu.com\/\"},{\"@type\":\"ListItem\",\"position\":2,\"name\":\"Katalog\",\"item\":\"https:\/\/origon-eu.com\/hr\/shop-2\/\"},{\"@type\":\"ListItem\",\"position\":3,\"name\":\"Premium bijeli hotelski ogrta\u010d od frotira 400g\"}]},{\"@type\":\"WebSite\",\"@id\":\"https:\/\/origon-eu.com\/#website\",\"url\":\"https:\/\/origon-eu.com\/\",\"name\":\"Origon EU\",\"description\":\"Online Store\",\"publisher\":{\"@id\":\"https:\/\/origon-eu.com\/#organization\"},\"potentialAction\":[{\"@type\":\"SearchAction\",\"target\":{\"@type\":\"EntryPoint\",\"urlTemplate\":\"https:\/\/origon-eu.com\/?s={search_term_string}\"},\"query-input\":{\"@type\":\"PropertyValueSpecification\",\"valueRequired\":true,\"valueName\":\"search_term_string\"}}],\"inLanguage\":\"hr\"},{\"@type\":\"Organization\",\"@id\":\"https:\/\/origon-eu.com\/#organization\",\"name\":\"Origon EU\",\"url\":\"https:\/\/origon-eu.com\/\",\"logo\":{\"@type\":\"ImageObject\",\"inLanguage\":\"hr\",\"@id\":\"https:\/\/origon-eu.com\/#\/schema\/logo\/image\/\",\"url\":\"https:\/\/origon-eu.com\/wp-content\/uploads\/2024\/04\/Screenshot-2024-04-09-101814.png\",\"contentUrl\":\"https:\/\/origon-eu.com\/wp-content\/uploads\/2024\/04\/Screenshot-2024-04-09-101814.png\",\"width\":171,\"height\":59,\"caption\":\"Origon EU\"},\"image\":{\"@id\":\"https:\/\/origon-eu.com\/#\/schema\/logo\/image\/\"}}]}<\/script>\n<!-- \/ Yoast SEO plugin. -->","yoast_head_json":{"title":"Premium bijeli hotelski ogrta\u010d od frotira 400g - Origon EU","robots":{"index":"index","follow":"follow","max-snippet":"max-snippet:-1","max-image-preview":"max-image-preview:large","max-video-preview":"max-video-preview:-1"},"canonical":"https:\/\/origon-eu.com\/hr\/product\/white-towel-hotel-bathrobe-400gr\/","og_locale":"hr_HR","og_type":"article","og_title":"Premium bijeli hotelski ogrta\u010d od frotira 400g - Origon EU","og_description":"Materijal: Visokokvalitetni pamuk  Te\u017eina: 400 grama, pru\u017ea ravnote\u017eu izme\u0111u topline i udobnosti  Mekan i puhast: Pru\u017ea luksuzan, udoban osje\u0107aj  Upijaju\u0107i: Idealno za brisanje nakon tu\u0161iranja ili kupanja  Elegantni dizajn: O\u0161tro bijela boja dodaje sofisticirani dodir  Hotel-Style: Savr\u0161eno za rekreiranje spa ili hotelskog iskustva kod ku\u0107e","og_url":"https:\/\/origon-eu.com\/hr\/product\/white-towel-hotel-bathrobe-400gr\/","og_site_name":"Origon EU","article_modified_time":"2025-03-25T13:30:46+00:00","og_image":[{"width":1252,"height":1920,"url":"https:\/\/origon-eu.com\/wp-content\/uploads\/2025\/03\/bal-havlien-hotelski-halat-400gr-image_670cfa8c60028_1920x1920-1.jpeg","type":"image\/jpeg"}],"twitter_card":"summary_large_image","twitter_misc":{"Procijenjeno vrijeme \u010ditanja":"1 minuta"},"schema":{"@context":"https:\/\/schema.org","@graph":[{"@type":"WebPage","@id":"https:\/\/origon-eu.com\/hr\/product\/white-towel-hotel-bathrobe-400gr\/","url":"https:\/\/origon-eu.com\/hr\/product\/white-towel-hotel-bathrobe-400gr\/","name":"Premium bijeli hotelski ogrta\u010d od frotira 400g - Origon EU","isPartOf":{"@id":"https:\/\/origon-eu.com\/#website"},"primaryImageOfPage":{"@id":"https:\/\/origon-eu.com\/hr\/product\/white-towel-hotel-bathrobe-400gr\/#primaryimage"},"image":{"@id":"https:\/\/origon-eu.com\/hr\/product\/white-towel-hotel-bathrobe-400gr\/#primaryimage"},"thumbnailUrl":"https:\/\/origon-eu.com\/wp-content\/uploads\/2025\/03\/bal-havlien-hotelski-halat-400gr-image_670cfa8c60028_1920x1920-1.jpeg","datePublished":"2025-03-21T13:58:05+00:00","dateModified":"2025-03-25T13:30:46+00:00","breadcrumb":{"@id":"https:\/\/origon-eu.com\/hr\/product\/white-towel-hotel-bathrobe-400gr\/#breadcrumb"},"inLanguage":"hr","potentialAction":[{"@type":"ReadAction","target":["https:\/\/origon-eu.com\/hr\/product\/white-towel-hotel-bathrobe-400gr\/"]}]},{"@type":"ImageObject","inLanguage":"hr","@id":"https:\/\/origon-eu.com\/hr\/product\/white-towel-hotel-bathrobe-400gr\/#primaryimage","url":"https:\/\/origon-eu.com\/wp-content\/uploads\/2025\/03\/bal-havlien-hotelski-halat-400gr-image_670cfa8c60028_1920x1920-1.jpeg","contentUrl":"https:\/\/origon-eu.com\/wp-content\/uploads\/2025\/03\/bal-havlien-hotelski-halat-400gr-image_670cfa8c60028_1920x1920-1.jpeg","width":1252,"height":1920},{"@type":"BreadcrumbList","@id":"https:\/\/origon-eu.com\/hr\/product\/white-towel-hotel-bathrobe-400gr\/#breadcrumb","itemListElement":[{"@type":"ListItem","position":1,"name":"Home","item":"https:\/\/origon-eu.com\/"},{"@type":"ListItem","position":2,"name":"Katalog","item":"https:\/\/origon-eu.com\/hr\/shop-2\/"},{"@type":"ListItem","position":3,"name":"Premium bijeli hotelski ogrta\u010d od frotira 400g"}]},{"@type":"WebSite","@id":"https:\/\/origon-eu.com\/#website","url":"https:\/\/origon-eu.com\/","name":"Origon EU","description":"Online Store","publisher":{"@id":"https:\/\/origon-eu.com\/#organization"},"potentialAction":[{"@type":"SearchAction","target":{"@type":"EntryPoint","urlTemplate":"https:\/\/origon-eu.com\/?s={search_term_string}"},"query-input":{"@type":"PropertyValueSpecification","valueRequired":true,"valueName":"search_term_string"}}],"inLanguage":"hr"},{"@type":"Organization","@id":"https:\/\/origon-eu.com\/#organization","name":"Origon EU","url":"https:\/\/origon-eu.com\/","logo":{"@type":"ImageObject","inLanguage":"hr","@id":"https:\/\/origon-eu.com\/#\/schema\/logo\/image\/","url":"https:\/\/origon-eu.com\/wp-content\/uploads\/2024\/04\/Screenshot-2024-04-09-101814.png","contentUrl":"https:\/\/origon-eu.com\/wp-content\/uploads\/2024\/04\/Screenshot-2024-04-09-101814.png","width":171,"height":59,"caption":"Origon EU"},"image":{"@id":"https:\/\/origon-eu.com\/#\/schema\/logo\/image\/"}}]}},"tiered_pricing_type":"fixed","tiered_pricing_fixed_rules":[],"tiered_pricing_percentage_rules":[],"tiered_pricing_minimum":1,"tiered_pricing_roles_data":[],"_links":{"self":[{"href":"https:\/\/origon-eu.com\/hr\/wp-json\/wp\/v2\/product\/38985","targetHints":{"allow":["GET"]}}],"collection":[{"href":"https:\/\/origon-eu.com\/hr\/wp-json\/wp\/v2\/product"}],"about":[{"href":"https:\/\/origon-eu.com\/hr\/wp-json\/wp\/v2\/types\/product"}],"version-history":[{"count":4,"href":"https:\/\/origon-eu.com\/hr\/wp-json\/wp\/v2\/product\/38985\/revisions"}],"predecessor-version":[{"id":39825,"href":"https:\/\/origon-eu.com\/hr\/wp-json\/wp\/v2\/product\/38985\/revisions\/39825"}],"wp:featuredmedia":[{"embeddable":true,"href":"https:\/\/origon-eu.com\/hr\/wp-json\/wp\/v2\/media\/38742"}],"wp:attachment":[{"href":"https:\/\/origon-eu.com\/hr\/wp-json\/wp\/v2\/media?parent=38985"}],"wp:term":[{"taxonomy":"product_cat","embeddable":true,"href":"https:\/\/origon-eu.com\/hr\/wp-json\/wp\/v2\/product_cat?post=38985"},{"taxonomy":"product_tag","embeddable":true,"href":"https:\/\/origon-eu.com\/hr\/wp-json\/wp\/v2\/product_tag?post=38985"}],"curies":[{"name":"wp","href":"https:\/\/api.w.org\/{rel}","templated":true}]}}