{"id":34892,"date":"2025-02-17T15:58:28","date_gmt":"2025-02-17T13:58:28","guid":{"rendered":"https:\/\/origon-eu.com\/product\/games-player-x-12-plus-10000games\/"},"modified":"2025-03-15T05:05:39","modified_gmt":"2025-03-15T03:05:39","slug":"games-player-x-12-plus-10000games","status":"publish","type":"product","link":"https:\/\/origon-eu.com\/hr\/product\/games-player-x-12-plus-10000games\/","title":{"rendered":"Player za igre na konzoli x12 plus 10000 igara"},"content":{"rendered":"<p>***Vi\u0161estruke funkcije: X12 plus nije samo igra\u0107a konzola, koju tako\u0111er mo\u017eete igrati na TV-u spajanjem USB kabela. U me\u0111uvremenu se mo\u017ee koristiti kao glazbeni player, video player, kamera. DV, snima\u010d, kalkulator itd. Zahvaljuju\u0107i jednoj igra\u0107oj konzoli, mo\u017eete koristiti razli\u010dite funkcije.<br \/>\n*** 16 GB memorije: u usporedbi s drugim igra\u0107im konzolama, X12 plus ima ugra\u0111enu memoriju od 16 GB, mo\u017ee spremiti vi\u0161e igrica, videa ili slika unutra. Osim toga, izgra\u0111en je u vi\u0161e od 10 000 razli\u010ditih igara, mo\u017eete odabrati igre koje \u017eelite igrati tijekom slobodnog vremena.<br \/>\n***Baterija od 2500 mah: Ugra\u0111ena je u punjivu Li bateriju od 2500 mah, pa mo\u017ee igrati vi\u0161e vremena. Donijet \u0107e vam vi\u0161e sre\u0107e tijekom va\u0161eg slobodnog vremena. Koristite 5v 2A punja\u010d za punjenje.<br \/>\n***Ekran od 7 in\u010da: Opremljen HD TFT zaslonom u boji od 7 in\u010da, rezolucije 800*480. Zaslon je bezopasan za o\u010di \u010dak i tijekom duge igre. Mo\u017ee vam donijeti \u0161okantno iskustvo igre<br \/>\n*** 10000+ besplatnih igara: Podr\u017eava verziju za preuzimanje igre: zip \/ MAME \/ GBA \/ GBC \/ GB \/ NES \/ SFC \/ FC \/ SMD \/ MD. ugra\u0111en je u 1000+ razli\u010ditih igara, osim toga mo\u017ee preuzeti drugih 10000+ besplatnih igara. Vi\u0161e besplatnih igara koje mo\u017eete odabrati, donose vam vi\u0161e radosti.<\/p>\n<p><a href=\"https:\/\/origon-eu.com\/wp-content\/uploads\/2025\/02\/516OLyOc2-L.jpg\"><img fetchpriority=\"high\" decoding=\"async\" class=\"alignnone size-full wp-image-34701\" src=\"https:\/\/origon-eu.com\/wp-content\/uploads\/2025\/02\/516OLyOc2-L.jpg\" alt=\"\" width=\"800\" height=\"800\" srcset=\"https:\/\/origon-eu.com\/wp-content\/uploads\/2025\/02\/516OLyOc2-L.jpg 800w, https:\/\/origon-eu.com\/wp-content\/uploads\/2025\/02\/516OLyOc2-L-300x300.jpg 300w, https:\/\/origon-eu.com\/wp-content\/uploads\/2025\/02\/516OLyOc2-L-150x150.jpg 150w, https:\/\/origon-eu.com\/wp-content\/uploads\/2025\/02\/516OLyOc2-L-768x768.jpg 768w, https:\/\/origon-eu.com\/wp-content\/uploads\/2025\/02\/516OLyOc2-L-600x600.jpg 600w\" sizes=\"(max-width: 800px) 100vw, 800px\" \/><\/a> <a href=\"https:\/\/origon-eu.com\/wp-content\/uploads\/2025\/02\/61o1sL8-B0L._SL1336_.jpg\"><img decoding=\"async\" class=\"alignnone size-full wp-image-34761\" src=\"https:\/\/origon-eu.com\/wp-content\/uploads\/2025\/02\/61o1sL8-B0L._SL1336_.jpg\" alt=\"\" width=\"750\" height=\"1336\" srcset=\"https:\/\/origon-eu.com\/wp-content\/uploads\/2025\/02\/61o1sL8-B0L._SL1336_.jpg 750w, https:\/\/origon-eu.com\/wp-content\/uploads\/2025\/02\/61o1sL8-B0L._SL1336_-168x300.jpg 168w, https:\/\/origon-eu.com\/wp-content\/uploads\/2025\/02\/61o1sL8-B0L._SL1336_-575x1024.jpg 575w, https:\/\/origon-eu.com\/wp-content\/uploads\/2025\/02\/61o1sL8-B0L._SL1336_-600x1069.jpg 600w, https:\/\/origon-eu.com\/wp-content\/uploads\/2025\/02\/61o1sL8-B0L._SL1336_-150x267.jpg 150w\" sizes=\"(max-width: 750px) 100vw, 750px\" \/><\/a> <a href=\"https:\/\/origon-eu.com\/wp-content\/uploads\/2025\/02\/81JmIZgtlQL._SL1500_.jpg\"><img decoding=\"async\" class=\"alignnone size-full wp-image-34751\" src=\"https:\/\/origon-eu.com\/wp-content\/uploads\/2025\/02\/81JmIZgtlQL._SL1500_.jpg\" alt=\"\" width=\"422\" height=\"1500\" srcset=\"https:\/\/origon-eu.com\/wp-content\/uploads\/2025\/02\/81JmIZgtlQL._SL1500_.jpg 422w, https:\/\/origon-eu.com\/wp-content\/uploads\/2025\/02\/81JmIZgtlQL._SL1500_-84x300.jpg 84w, https:\/\/origon-eu.com\/wp-content\/uploads\/2025\/02\/81JmIZgtlQL._SL1500_-288x1024.jpg 288w, https:\/\/origon-eu.com\/wp-content\/uploads\/2025\/02\/81JmIZgtlQL._SL1500_-150x533.jpg 150w\" sizes=\"(max-width: 422px) 100vw, 422px\" \/><\/a> <a href=\"https:\/\/origon-eu.com\/wp-content\/uploads\/2025\/02\/519i3LyzahL.jpg\"><img loading=\"lazy\" decoding=\"async\" class=\"alignnone size-full wp-image-34741\" src=\"https:\/\/origon-eu.com\/wp-content\/uploads\/2025\/02\/519i3LyzahL.jpg\" alt=\"\" width=\"800\" height=\"800\" srcset=\"https:\/\/origon-eu.com\/wp-content\/uploads\/2025\/02\/519i3LyzahL.jpg 800w, https:\/\/origon-eu.com\/wp-content\/uploads\/2025\/02\/519i3LyzahL-300x300.jpg 300w, https:\/\/origon-eu.com\/wp-content\/uploads\/2025\/02\/519i3LyzahL-150x150.jpg 150w, https:\/\/origon-eu.com\/wp-content\/uploads\/2025\/02\/519i3LyzahL-768x768.jpg 768w, https:\/\/origon-eu.com\/wp-content\/uploads\/2025\/02\/519i3LyzahL-600x600.jpg 600w\" sizes=\"(max-width: 800px) 100vw, 800px\" \/><\/a> <a href=\"https:\/\/origon-eu.com\/wp-content\/uploads\/2025\/02\/61uC1rVt9L.jpg\"><img loading=\"lazy\" decoding=\"async\" class=\"alignnone size-full wp-image-34731\" src=\"https:\/\/origon-eu.com\/wp-content\/uploads\/2025\/02\/61uC1rVt9L.jpg\" alt=\"\" width=\"800\" height=\"800\" srcset=\"https:\/\/origon-eu.com\/wp-content\/uploads\/2025\/02\/61uC1rVt9L.jpg 800w, https:\/\/origon-eu.com\/wp-content\/uploads\/2025\/02\/61uC1rVt9L-300x300.jpg 300w, https:\/\/origon-eu.com\/wp-content\/uploads\/2025\/02\/61uC1rVt9L-150x150.jpg 150w, https:\/\/origon-eu.com\/wp-content\/uploads\/2025\/02\/61uC1rVt9L-768x768.jpg 768w, https:\/\/origon-eu.com\/wp-content\/uploads\/2025\/02\/61uC1rVt9L-600x600.jpg 600w\" sizes=\"(max-width: 800px) 100vw, 800px\" \/><\/a> <a href=\"https:\/\/origon-eu.com\/wp-content\/uploads\/2025\/02\/611luXjmxYL.jpg\"><img loading=\"lazy\" decoding=\"async\" class=\"alignnone size-full wp-image-34721\" src=\"https:\/\/origon-eu.com\/wp-content\/uploads\/2025\/02\/611luXjmxYL.jpg\" alt=\"\" width=\"800\" height=\"800\" srcset=\"https:\/\/origon-eu.com\/wp-content\/uploads\/2025\/02\/611luXjmxYL.jpg 800w, https:\/\/origon-eu.com\/wp-content\/uploads\/2025\/02\/611luXjmxYL-300x300.jpg 300w, https:\/\/origon-eu.com\/wp-content\/uploads\/2025\/02\/611luXjmxYL-150x150.jpg 150w, https:\/\/origon-eu.com\/wp-content\/uploads\/2025\/02\/611luXjmxYL-768x768.jpg 768w, https:\/\/origon-eu.com\/wp-content\/uploads\/2025\/02\/611luXjmxYL-600x600.jpg 600w\" sizes=\"(max-width: 800px) 100vw, 800px\" \/><\/a> <a href=\"https:\/\/origon-eu.com\/wp-content\/uploads\/2025\/02\/61Ec5154sGL.jpg\"><img loading=\"lazy\" decoding=\"async\" class=\"alignnone size-full wp-image-34711\" src=\"https:\/\/origon-eu.com\/wp-content\/uploads\/2025\/02\/61Ec5154sGL.jpg\" alt=\"\" width=\"800\" height=\"800\" srcset=\"https:\/\/origon-eu.com\/wp-content\/uploads\/2025\/02\/61Ec5154sGL.jpg 800w, https:\/\/origon-eu.com\/wp-content\/uploads\/2025\/02\/61Ec5154sGL-300x300.jpg 300w, https:\/\/origon-eu.com\/wp-content\/uploads\/2025\/02\/61Ec5154sGL-150x150.jpg 150w, https:\/\/origon-eu.com\/wp-content\/uploads\/2025\/02\/61Ec5154sGL-768x768.jpg 768w, https:\/\/origon-eu.com\/wp-content\/uploads\/2025\/02\/61Ec5154sGL-600x600.jpg 600w\" sizes=\"(max-width: 800px) 100vw, 800px\" \/><\/a><\/p>\n","protected":false},"excerpt":{"rendered":"<ul>\n<li class=\"a-spacing-base\">16:9 HD ekran, rezolucija 800:400<\/li>\n<li class=\"a-spacing-base\">podr\u017eava zip\/MAME\/GBA\/GB\/NES\/SFC\/FC\/SMD\/MD<\/li>\n<li class=\"a-spacing-base\">podr\u017eava TV izlaz, igra igrice i gleda filmove na TV-u<\/li>\n<li class=\"a-spacing-base\">imaju 10000+ igara<\/li>\n<li class=\"a-spacing-base\">podr\u017eava mp5<\/li>\n<li class=\"a-spacing-base\">podr\u017eava jpeg,bmp,gif,tif,png format dokumenta<\/li>\n<\/ul>\n","protected":false},"featured_media":34683,"template":"","meta":[],"product_cat":[248],"product_tag":[],"class_list":{"0":"post-34892","1":"product","2":"type-product","3":"status-publish","4":"has-post-thumbnail","6":"product_cat-elektronika","8":"first","9":"instock","10":"sale","11":"shipping-taxable","12":"purchasable","13":"product-type-simple"},"yoast_head":"<!-- This site is optimized with the Yoast SEO plugin v24.2 - https:\/\/yoast.com\/wordpress\/plugins\/seo\/ -->\n<title>Player za igre na konzoli x12 plus 10000 igara - Origon EU<\/title>\n<meta name=\"robots\" content=\"index, follow, max-snippet:-1, max-image-preview:large, max-video-preview:-1\" \/>\n<link rel=\"canonical\" href=\"https:\/\/origon-eu.com\/hr\/product\/games-player-x-12-plus-10000games\/\" \/>\n<meta property=\"og:locale\" content=\"hr_HR\" \/>\n<meta property=\"og:type\" content=\"article\" \/>\n<meta property=\"og:title\" content=\"Player za igre na konzoli x12 plus 10000 igara - Origon EU\" \/>\n<meta property=\"og:description\" content=\"16:9 HD ekran, rezolucija 800:400  podr\u017eava zip\/MAME\/GBA\/GB\/NES\/SFC\/FC\/SMD\/MD  podr\u017eava TV izlaz, igra igrice i gleda filmove na TV-u  imaju 10000+ igara  podr\u017eava mp5  podr\u017eava jpeg,bmp,gif,tif,png format dokumenta\" \/>\n<meta property=\"og:url\" content=\"https:\/\/origon-eu.com\/hr\/product\/games-player-x-12-plus-10000games\/\" \/>\n<meta property=\"og:site_name\" content=\"Origon EU\" \/>\n<meta property=\"article:modified_time\" content=\"2025-03-15T03:05:39+00:00\" \/>\n<meta property=\"og:image\" content=\"https:\/\/origon-eu.com\/wp-content\/uploads\/2025\/02\/71iiff7w50L._SL1500_.jpg\" \/>\n\t<meta property=\"og:image:width\" content=\"1500\" \/>\n\t<meta property=\"og:image:height\" content=\"1500\" \/>\n\t<meta property=\"og:image:type\" content=\"image\/jpeg\" \/>\n<meta name=\"twitter:card\" content=\"summary_large_image\" \/>\n<meta name=\"twitter:label1\" content=\"Procijenjeno vrijeme \u010ditanja\" \/>\n\t<meta name=\"twitter:data1\" content=\"3 minute\" \/>\n<script type=\"application\/ld+json\" class=\"yoast-schema-graph\">{\"@context\":\"https:\/\/schema.org\",\"@graph\":[{\"@type\":\"WebPage\",\"@id\":\"https:\/\/origon-eu.com\/hr\/product\/games-player-x-12-plus-10000games\/\",\"url\":\"https:\/\/origon-eu.com\/hr\/product\/games-player-x-12-plus-10000games\/\",\"name\":\"Player za igre na konzoli x12 plus 10000 igara - Origon EU\",\"isPartOf\":{\"@id\":\"https:\/\/origon-eu.com\/#website\"},\"primaryImageOfPage\":{\"@id\":\"https:\/\/origon-eu.com\/hr\/product\/games-player-x-12-plus-10000games\/#primaryimage\"},\"image\":{\"@id\":\"https:\/\/origon-eu.com\/hr\/product\/games-player-x-12-plus-10000games\/#primaryimage\"},\"thumbnailUrl\":\"https:\/\/origon-eu.com\/wp-content\/uploads\/2025\/02\/71iiff7w50L._SL1500_.jpg\",\"datePublished\":\"2025-02-17T13:58:28+00:00\",\"dateModified\":\"2025-03-15T03:05:39+00:00\",\"breadcrumb\":{\"@id\":\"https:\/\/origon-eu.com\/hr\/product\/games-player-x-12-plus-10000games\/#breadcrumb\"},\"inLanguage\":\"hr\",\"potentialAction\":[{\"@type\":\"ReadAction\",\"target\":[\"https:\/\/origon-eu.com\/hr\/product\/games-player-x-12-plus-10000games\/\"]}]},{\"@type\":\"ImageObject\",\"inLanguage\":\"hr\",\"@id\":\"https:\/\/origon-eu.com\/hr\/product\/games-player-x-12-plus-10000games\/#primaryimage\",\"url\":\"https:\/\/origon-eu.com\/wp-content\/uploads\/2025\/02\/71iiff7w50L._SL1500_.jpg\",\"contentUrl\":\"https:\/\/origon-eu.com\/wp-content\/uploads\/2025\/02\/71iiff7w50L._SL1500_.jpg\",\"width\":1500,\"height\":1500},{\"@type\":\"BreadcrumbList\",\"@id\":\"https:\/\/origon-eu.com\/hr\/product\/games-player-x-12-plus-10000games\/#breadcrumb\",\"itemListElement\":[{\"@type\":\"ListItem\",\"position\":1,\"name\":\"Home\",\"item\":\"https:\/\/origon-eu.com\/\"},{\"@type\":\"ListItem\",\"position\":2,\"name\":\"Katalog\",\"item\":\"https:\/\/origon-eu.com\/hr\/shop-2\/\"},{\"@type\":\"ListItem\",\"position\":3,\"name\":\"Player za igre na konzoli x12 plus 10000 igara\"}]},{\"@type\":\"WebSite\",\"@id\":\"https:\/\/origon-eu.com\/#website\",\"url\":\"https:\/\/origon-eu.com\/\",\"name\":\"Origon EU\",\"description\":\"Online Store\",\"publisher\":{\"@id\":\"https:\/\/origon-eu.com\/#organization\"},\"potentialAction\":[{\"@type\":\"SearchAction\",\"target\":{\"@type\":\"EntryPoint\",\"urlTemplate\":\"https:\/\/origon-eu.com\/?s={search_term_string}\"},\"query-input\":{\"@type\":\"PropertyValueSpecification\",\"valueRequired\":true,\"valueName\":\"search_term_string\"}}],\"inLanguage\":\"hr\"},{\"@type\":\"Organization\",\"@id\":\"https:\/\/origon-eu.com\/#organization\",\"name\":\"Origon EU\",\"url\":\"https:\/\/origon-eu.com\/\",\"logo\":{\"@type\":\"ImageObject\",\"inLanguage\":\"hr\",\"@id\":\"https:\/\/origon-eu.com\/#\/schema\/logo\/image\/\",\"url\":\"https:\/\/origon-eu.com\/wp-content\/uploads\/2024\/04\/Screenshot-2024-04-09-101814.png\",\"contentUrl\":\"https:\/\/origon-eu.com\/wp-content\/uploads\/2024\/04\/Screenshot-2024-04-09-101814.png\",\"width\":171,\"height\":59,\"caption\":\"Origon EU\"},\"image\":{\"@id\":\"https:\/\/origon-eu.com\/#\/schema\/logo\/image\/\"}}]}<\/script>\n<!-- \/ Yoast SEO plugin. -->","yoast_head_json":{"title":"Player za igre na konzoli x12 plus 10000 igara - Origon EU","robots":{"index":"index","follow":"follow","max-snippet":"max-snippet:-1","max-image-preview":"max-image-preview:large","max-video-preview":"max-video-preview:-1"},"canonical":"https:\/\/origon-eu.com\/hr\/product\/games-player-x-12-plus-10000games\/","og_locale":"hr_HR","og_type":"article","og_title":"Player za igre na konzoli x12 plus 10000 igara - Origon EU","og_description":"16:9 HD ekran, rezolucija 800:400  podr\u017eava zip\/MAME\/GBA\/GB\/NES\/SFC\/FC\/SMD\/MD  podr\u017eava TV izlaz, igra igrice i gleda filmove na TV-u  imaju 10000+ igara  podr\u017eava mp5  podr\u017eava jpeg,bmp,gif,tif,png format dokumenta","og_url":"https:\/\/origon-eu.com\/hr\/product\/games-player-x-12-plus-10000games\/","og_site_name":"Origon EU","article_modified_time":"2025-03-15T03:05:39+00:00","og_image":[{"width":1500,"height":1500,"url":"https:\/\/origon-eu.com\/wp-content\/uploads\/2025\/02\/71iiff7w50L._SL1500_.jpg","type":"image\/jpeg"}],"twitter_card":"summary_large_image","twitter_misc":{"Procijenjeno vrijeme \u010ditanja":"3 minute"},"schema":{"@context":"https:\/\/schema.org","@graph":[{"@type":"WebPage","@id":"https:\/\/origon-eu.com\/hr\/product\/games-player-x-12-plus-10000games\/","url":"https:\/\/origon-eu.com\/hr\/product\/games-player-x-12-plus-10000games\/","name":"Player za igre na konzoli x12 plus 10000 igara - Origon EU","isPartOf":{"@id":"https:\/\/origon-eu.com\/#website"},"primaryImageOfPage":{"@id":"https:\/\/origon-eu.com\/hr\/product\/games-player-x-12-plus-10000games\/#primaryimage"},"image":{"@id":"https:\/\/origon-eu.com\/hr\/product\/games-player-x-12-plus-10000games\/#primaryimage"},"thumbnailUrl":"https:\/\/origon-eu.com\/wp-content\/uploads\/2025\/02\/71iiff7w50L._SL1500_.jpg","datePublished":"2025-02-17T13:58:28+00:00","dateModified":"2025-03-15T03:05:39+00:00","breadcrumb":{"@id":"https:\/\/origon-eu.com\/hr\/product\/games-player-x-12-plus-10000games\/#breadcrumb"},"inLanguage":"hr","potentialAction":[{"@type":"ReadAction","target":["https:\/\/origon-eu.com\/hr\/product\/games-player-x-12-plus-10000games\/"]}]},{"@type":"ImageObject","inLanguage":"hr","@id":"https:\/\/origon-eu.com\/hr\/product\/games-player-x-12-plus-10000games\/#primaryimage","url":"https:\/\/origon-eu.com\/wp-content\/uploads\/2025\/02\/71iiff7w50L._SL1500_.jpg","contentUrl":"https:\/\/origon-eu.com\/wp-content\/uploads\/2025\/02\/71iiff7w50L._SL1500_.jpg","width":1500,"height":1500},{"@type":"BreadcrumbList","@id":"https:\/\/origon-eu.com\/hr\/product\/games-player-x-12-plus-10000games\/#breadcrumb","itemListElement":[{"@type":"ListItem","position":1,"name":"Home","item":"https:\/\/origon-eu.com\/"},{"@type":"ListItem","position":2,"name":"Katalog","item":"https:\/\/origon-eu.com\/hr\/shop-2\/"},{"@type":"ListItem","position":3,"name":"Player za igre na konzoli x12 plus 10000 igara"}]},{"@type":"WebSite","@id":"https:\/\/origon-eu.com\/#website","url":"https:\/\/origon-eu.com\/","name":"Origon EU","description":"Online Store","publisher":{"@id":"https:\/\/origon-eu.com\/#organization"},"potentialAction":[{"@type":"SearchAction","target":{"@type":"EntryPoint","urlTemplate":"https:\/\/origon-eu.com\/?s={search_term_string}"},"query-input":{"@type":"PropertyValueSpecification","valueRequired":true,"valueName":"search_term_string"}}],"inLanguage":"hr"},{"@type":"Organization","@id":"https:\/\/origon-eu.com\/#organization","name":"Origon EU","url":"https:\/\/origon-eu.com\/","logo":{"@type":"ImageObject","inLanguage":"hr","@id":"https:\/\/origon-eu.com\/#\/schema\/logo\/image\/","url":"https:\/\/origon-eu.com\/wp-content\/uploads\/2024\/04\/Screenshot-2024-04-09-101814.png","contentUrl":"https:\/\/origon-eu.com\/wp-content\/uploads\/2024\/04\/Screenshot-2024-04-09-101814.png","width":171,"height":59,"caption":"Origon EU"},"image":{"@id":"https:\/\/origon-eu.com\/#\/schema\/logo\/image\/"}}]}},"tiered_pricing_type":"fixed","tiered_pricing_fixed_rules":[],"tiered_pricing_percentage_rules":[],"tiered_pricing_minimum":1,"tiered_pricing_roles_data":[],"_links":{"self":[{"href":"https:\/\/origon-eu.com\/hr\/wp-json\/wp\/v2\/product\/34892","targetHints":{"allow":["GET"]}}],"collection":[{"href":"https:\/\/origon-eu.com\/hr\/wp-json\/wp\/v2\/product"}],"about":[{"href":"https:\/\/origon-eu.com\/hr\/wp-json\/wp\/v2\/types\/product"}],"version-history":[{"count":1,"href":"https:\/\/origon-eu.com\/hr\/wp-json\/wp\/v2\/product\/34892\/revisions"}],"predecessor-version":[{"id":34893,"href":"https:\/\/origon-eu.com\/hr\/wp-json\/wp\/v2\/product\/34892\/revisions\/34893"}],"wp:featuredmedia":[{"embeddable":true,"href":"https:\/\/origon-eu.com\/hr\/wp-json\/wp\/v2\/media\/34683"}],"wp:attachment":[{"href":"https:\/\/origon-eu.com\/hr\/wp-json\/wp\/v2\/media?parent=34892"}],"wp:term":[{"taxonomy":"product_cat","embeddable":true,"href":"https:\/\/origon-eu.com\/hr\/wp-json\/wp\/v2\/product_cat?post=34892"},{"taxonomy":"product_tag","embeddable":true,"href":"https:\/\/origon-eu.com\/hr\/wp-json\/wp\/v2\/product_tag?post=34892"}],"curies":[{"name":"wp","href":"https:\/\/api.w.org\/{rel}","templated":true}]}}