{"id":34816,"date":"2025-02-17T15:05:28","date_gmt":"2025-02-17T13:05:28","guid":{"rendered":"https:\/\/origon-eu.com\/product\/4k-camera-drone-hd-camera-mini-drone\/"},"modified":"2025-03-01T20:37:42","modified_gmt":"2025-03-01T18:37:42","slug":"4k-camera-drone-hd-camera-mini-drone","status":"publish","type":"product","link":"https:\/\/origon-eu.com\/hr\/product\/4k-camera-drone-hd-camera-mini-drone\/","title":{"rendered":"4k kamera Drone HD kamera Mini Drone"},"content":{"rendered":"<p data-spm-anchor-id=\"a2g0o.detail.1000023.i1.64ebxue4xue4rp\">Sklopivi MINI DRON s WIFI kamerom HD FPV daljinskim UPRAVLJA\u010cEM, nova verzija a\u017euriranja 2022.<br \/>\nOpis:<br \/>\nKategorija proizvoda: quadcopter snage 998 W<br \/>\nZna\u010dajke:<\/p>\n<p data-spm-anchor-id=\"a2g0o.detail.1000023.i1.64ebxue4xue4rp\"><a href=\"https:\/\/origon-eu.com\/wp-content\/uploads\/2025\/02\/dr1.webp\"><img fetchpriority=\"high\" decoding=\"async\" class=\"alignnone size-full wp-image-34592\" src=\"https:\/\/origon-eu.com\/wp-content\/uploads\/2025\/02\/dr1.webp\" alt=\"\" width=\"1000\" height=\"1000\" srcset=\"https:\/\/origon-eu.com\/wp-content\/uploads\/2025\/02\/dr1.webp 1000w, https:\/\/origon-eu.com\/wp-content\/uploads\/2025\/02\/dr1-300x300.webp 300w, https:\/\/origon-eu.com\/wp-content\/uploads\/2025\/02\/dr1-150x150.webp 150w, https:\/\/origon-eu.com\/wp-content\/uploads\/2025\/02\/dr1-768x768.webp 768w, https:\/\/origon-eu.com\/wp-content\/uploads\/2025\/02\/dr1-600x600.webp 600w\" sizes=\"(max-width: 1000px) 100vw, 1000px\" \/><\/a> <a href=\"https:\/\/origon-eu.com\/wp-content\/uploads\/2025\/02\/dr2.webp\"><img decoding=\"async\" class=\"alignnone size-full wp-image-34602\" src=\"https:\/\/origon-eu.com\/wp-content\/uploads\/2025\/02\/dr2.webp\" alt=\"\" width=\"1000\" height=\"1000\" srcset=\"https:\/\/origon-eu.com\/wp-content\/uploads\/2025\/02\/dr2.webp 1000w, https:\/\/origon-eu.com\/wp-content\/uploads\/2025\/02\/dr2-300x300.webp 300w, https:\/\/origon-eu.com\/wp-content\/uploads\/2025\/02\/dr2-150x150.webp 150w, https:\/\/origon-eu.com\/wp-content\/uploads\/2025\/02\/dr2-768x768.webp 768w, https:\/\/origon-eu.com\/wp-content\/uploads\/2025\/02\/dr2-600x600.webp 600w\" sizes=\"(max-width: 1000px) 100vw, 1000px\" \/><\/a> <a href=\"https:\/\/origon-eu.com\/wp-content\/uploads\/2025\/02\/dr3.webp\"><img decoding=\"async\" class=\"alignnone size-full wp-image-34613\" src=\"https:\/\/origon-eu.com\/wp-content\/uploads\/2025\/02\/dr3.webp\" alt=\"\" width=\"1000\" height=\"1000\" srcset=\"https:\/\/origon-eu.com\/wp-content\/uploads\/2025\/02\/dr3.webp 1000w, https:\/\/origon-eu.com\/wp-content\/uploads\/2025\/02\/dr3-300x300.webp 300w, https:\/\/origon-eu.com\/wp-content\/uploads\/2025\/02\/dr3-150x150.webp 150w, https:\/\/origon-eu.com\/wp-content\/uploads\/2025\/02\/dr3-768x768.webp 768w, https:\/\/origon-eu.com\/wp-content\/uploads\/2025\/02\/dr3-600x600.webp 600w\" sizes=\"(max-width: 1000px) 100vw, 1000px\" \/><\/a> <a href=\"https:\/\/origon-eu.com\/wp-content\/uploads\/2025\/02\/dr4.webp\"><img loading=\"lazy\" decoding=\"async\" class=\"alignnone size-full wp-image-34623\" src=\"https:\/\/origon-eu.com\/wp-content\/uploads\/2025\/02\/dr4.webp\" alt=\"\" width=\"1000\" height=\"1000\" srcset=\"https:\/\/origon-eu.com\/wp-content\/uploads\/2025\/02\/dr4.webp 1000w, https:\/\/origon-eu.com\/wp-content\/uploads\/2025\/02\/dr4-300x300.webp 300w, https:\/\/origon-eu.com\/wp-content\/uploads\/2025\/02\/dr4-150x150.webp 150w, https:\/\/origon-eu.com\/wp-content\/uploads\/2025\/02\/dr4-768x768.webp 768w, https:\/\/origon-eu.com\/wp-content\/uploads\/2025\/02\/dr4-600x600.webp 600w\" sizes=\"(max-width: 1000px) 100vw, 1000px\" \/><\/a><br \/>\n1. Uz preklopnu ruku, malen je i lak za no\u0161enje.<br \/>\n2. Ima funkciju visokog zadr\u017eavanja kako bi se osigurao stabilan let.<br \/>\n3. Pomo\u0107u wifi funkcije mo\u017eete se povezati s APP, APK sustavom za pregled fotografija, videa i prijenos slika u stvarnom vremenu putem kamere mobilnog telefona.<br \/>\n4. S na\u010dinom letenja pistom. Mo\u017eete vidjeti rutu.<br \/>\n5. Pokretima za fotografiranje. Mv funkcije za ure\u0111ivanje glazbe.<br \/>\n6. Opremljen \u0161irokokutnom kamerom od 720P za \u0161irok raspon fotografija i videozapisa.<br \/>\n7. Bez glavnog moda, nema potrebe postavljati avion prije leta.<br \/>\n8. S funkcijom povratka gumba, lako se mo\u017eete vratiti ku\u0107i.<br \/>\n9. Za\u0161tita od smetnji koristi tehnologiju od 2,4 GHz.<br \/>\nFunkcija: gore\/dolje, naprijed\/nazad, lijevo\/desno, let, tri razine brzine leta, LED svjetlo, bezglavi na\u010din rada, jedna tipka za automatski povratak, na\u010din zadr\u017eavanja visine, WiFi FPV<br \/>\nTehni\u010dki podaci:<br \/>\nModel: 998W<br \/>\nAplikacija: WIFI-CAM<br \/>\nFrekvencija: 2,4G.<br \/>\nKanal: 4 kanala<br \/>\n\u017diroskop: 6 osi<br \/>\nBaterija kvadrokoptera: 3,7 V 900 mAh litijska baterija (1 uklju\u010dena)<br \/>\nBaterija oda\u0161ilja\u010da: 3&#215;1,5 AA (nije uklju\u010dena).<br \/>\nVrijeme punjenja: 60-70 minuta.<br \/>\nVrijeme leta: 8 &#8211; 10 minuta<br \/>\nTe\u017eina drona: 85g (s baterijom)<br \/>\nUdaljenost daljinskog upravlja\u010da: cca 80 metara.<br \/>\nKamera: 4K Ultra HD<br \/>\nTe\u017eina pakiranja: 0,435g.<\/p>\n<p data-spm-anchor-id=\"a2g0o.detail.1000023.i7.64ebxue4xue4rp\">Uklju\u010di:<br \/>\n1 dron 998W RC.<br \/>\n1 daljinski upravlja\u010d 1 3,7 V 900 mAh litijska baterija.<br \/>\n1 USB kabel za punjenje.<br \/>\n4 \u0160titnik propelera<br \/>\n2 rezervna propelera<br \/>\n1 odvija\u010d.<\/p>\n","protected":false},"excerpt":{"rendered":"<p>Sklopivi MINI DRON s WIFI kamerom HD FPV daljinskim UPRAVLJA\u010cEM,<\/p>\n","protected":false},"featured_media":34594,"template":"","meta":[],"product_cat":[],"product_tag":[],"class_list":{"0":"post-34816","1":"product","2":"type-product","3":"status-publish","4":"has-post-thumbnail","7":"first","8":"outofstock","9":"sale","10":"shipping-taxable","11":"purchasable","12":"product-type-simple"},"yoast_head":"<!-- This site is optimized with the Yoast SEO plugin v24.2 - https:\/\/yoast.com\/wordpress\/plugins\/seo\/ -->\n<title>4k kamera Drone HD kamera Mini Drone - Origon EU<\/title>\n<meta name=\"robots\" content=\"index, follow, max-snippet:-1, max-image-preview:large, max-video-preview:-1\" \/>\n<link rel=\"canonical\" href=\"https:\/\/origon-eu.com\/product\/4k-camera-drone-hd-camera-mini-drone\/\" \/>\n<meta property=\"og:locale\" content=\"hr_HR\" \/>\n<meta property=\"og:type\" content=\"article\" \/>\n<meta property=\"og:title\" content=\"4k kamera Drone HD kamera Mini Drone - Origon EU\" \/>\n<meta property=\"og:description\" content=\"Sklopivi MINI DRON s WIFI kamerom HD FPV daljinskim UPRAVLJA\u010cEM,\" \/>\n<meta property=\"og:url\" content=\"https:\/\/origon-eu.com\/product\/4k-camera-drone-hd-camera-mini-drone\/\" \/>\n<meta property=\"og:site_name\" content=\"Origon EU\" \/>\n<meta property=\"article:modified_time\" content=\"2025-03-01T18:37:42+00:00\" \/>\n<meta property=\"og:image\" content=\"https:\/\/origon-eu.com\/wp-content\/uploads\/2025\/02\/dr1.webp\" \/>\n\t<meta property=\"og:image:width\" content=\"1000\" \/>\n\t<meta property=\"og:image:height\" content=\"1000\" \/>\n\t<meta property=\"og:image:type\" content=\"image\/webp\" \/>\n<meta name=\"twitter:card\" content=\"summary_large_image\" \/>\n<meta name=\"twitter:label1\" content=\"Procijenjeno vrijeme \u010ditanja\" \/>\n\t<meta name=\"twitter:data1\" content=\"3 minute\" \/>\n<script type=\"application\/ld+json\" class=\"yoast-schema-graph\">{\"@context\":\"https:\/\/schema.org\",\"@graph\":[{\"@type\":\"WebPage\",\"@id\":\"https:\/\/origon-eu.com\/product\/4k-camera-drone-hd-camera-mini-drone\/\",\"url\":\"https:\/\/origon-eu.com\/product\/4k-camera-drone-hd-camera-mini-drone\/\",\"name\":\"4k kamera Drone HD kamera Mini Drone - Origon EU\",\"isPartOf\":{\"@id\":\"https:\/\/origon-eu.com\/#website\"},\"primaryImageOfPage\":{\"@id\":\"https:\/\/origon-eu.com\/product\/4k-camera-drone-hd-camera-mini-drone\/#primaryimage\"},\"image\":{\"@id\":\"https:\/\/origon-eu.com\/product\/4k-camera-drone-hd-camera-mini-drone\/#primaryimage\"},\"thumbnailUrl\":\"https:\/\/origon-eu.com\/wp-content\/uploads\/2025\/02\/dr1.webp\",\"datePublished\":\"2025-02-17T13:05:28+00:00\",\"dateModified\":\"2025-03-01T18:37:42+00:00\",\"breadcrumb\":{\"@id\":\"https:\/\/origon-eu.com\/product\/4k-camera-drone-hd-camera-mini-drone\/#breadcrumb\"},\"inLanguage\":\"hr\",\"potentialAction\":[{\"@type\":\"ReadAction\",\"target\":[\"https:\/\/origon-eu.com\/product\/4k-camera-drone-hd-camera-mini-drone\/\"]}]},{\"@type\":\"ImageObject\",\"inLanguage\":\"hr\",\"@id\":\"https:\/\/origon-eu.com\/product\/4k-camera-drone-hd-camera-mini-drone\/#primaryimage\",\"url\":\"https:\/\/origon-eu.com\/wp-content\/uploads\/2025\/02\/dr1.webp\",\"contentUrl\":\"https:\/\/origon-eu.com\/wp-content\/uploads\/2025\/02\/dr1.webp\",\"width\":1000,\"height\":1000},{\"@type\":\"BreadcrumbList\",\"@id\":\"https:\/\/origon-eu.com\/product\/4k-camera-drone-hd-camera-mini-drone\/#breadcrumb\",\"itemListElement\":[{\"@type\":\"ListItem\",\"position\":1,\"name\":\"Home\",\"item\":\"https:\/\/origon-eu.com\/\"},{\"@type\":\"ListItem\",\"position\":2,\"name\":\"Katalog\",\"item\":\"https:\/\/origon-eu.com\/hr\/shop-2\/\"},{\"@type\":\"ListItem\",\"position\":3,\"name\":\"4k kamera Drone HD kamera Mini Drone\"}]},{\"@type\":\"WebSite\",\"@id\":\"https:\/\/origon-eu.com\/#website\",\"url\":\"https:\/\/origon-eu.com\/\",\"name\":\"Origon EU\",\"description\":\"Online Store\",\"publisher\":{\"@id\":\"https:\/\/origon-eu.com\/#organization\"},\"potentialAction\":[{\"@type\":\"SearchAction\",\"target\":{\"@type\":\"EntryPoint\",\"urlTemplate\":\"https:\/\/origon-eu.com\/?s={search_term_string}\"},\"query-input\":{\"@type\":\"PropertyValueSpecification\",\"valueRequired\":true,\"valueName\":\"search_term_string\"}}],\"inLanguage\":\"hr\"},{\"@type\":\"Organization\",\"@id\":\"https:\/\/origon-eu.com\/#organization\",\"name\":\"Origon EU\",\"url\":\"https:\/\/origon-eu.com\/\",\"logo\":{\"@type\":\"ImageObject\",\"inLanguage\":\"hr\",\"@id\":\"https:\/\/origon-eu.com\/#\/schema\/logo\/image\/\",\"url\":\"https:\/\/origon-eu.com\/wp-content\/uploads\/2024\/04\/Screenshot-2024-04-09-101814.png\",\"contentUrl\":\"https:\/\/origon-eu.com\/wp-content\/uploads\/2024\/04\/Screenshot-2024-04-09-101814.png\",\"width\":171,\"height\":59,\"caption\":\"Origon EU\"},\"image\":{\"@id\":\"https:\/\/origon-eu.com\/#\/schema\/logo\/image\/\"}}]}<\/script>\n<!-- \/ Yoast SEO plugin. -->","yoast_head_json":{"title":"4k kamera Drone HD kamera Mini Drone - Origon EU","robots":{"index":"index","follow":"follow","max-snippet":"max-snippet:-1","max-image-preview":"max-image-preview:large","max-video-preview":"max-video-preview:-1"},"canonical":"https:\/\/origon-eu.com\/product\/4k-camera-drone-hd-camera-mini-drone\/","og_locale":"hr_HR","og_type":"article","og_title":"4k kamera Drone HD kamera Mini Drone - Origon EU","og_description":"Sklopivi MINI DRON s WIFI kamerom HD FPV daljinskim UPRAVLJA\u010cEM,","og_url":"https:\/\/origon-eu.com\/product\/4k-camera-drone-hd-camera-mini-drone\/","og_site_name":"Origon EU","article_modified_time":"2025-03-01T18:37:42+00:00","og_image":[{"width":1000,"height":1000,"url":"https:\/\/origon-eu.com\/wp-content\/uploads\/2025\/02\/dr1.webp","type":"image\/webp"}],"twitter_card":"summary_large_image","twitter_misc":{"Procijenjeno vrijeme \u010ditanja":"3 minute"},"schema":{"@context":"https:\/\/schema.org","@graph":[{"@type":"WebPage","@id":"https:\/\/origon-eu.com\/product\/4k-camera-drone-hd-camera-mini-drone\/","url":"https:\/\/origon-eu.com\/product\/4k-camera-drone-hd-camera-mini-drone\/","name":"4k kamera Drone HD kamera Mini Drone - Origon EU","isPartOf":{"@id":"https:\/\/origon-eu.com\/#website"},"primaryImageOfPage":{"@id":"https:\/\/origon-eu.com\/product\/4k-camera-drone-hd-camera-mini-drone\/#primaryimage"},"image":{"@id":"https:\/\/origon-eu.com\/product\/4k-camera-drone-hd-camera-mini-drone\/#primaryimage"},"thumbnailUrl":"https:\/\/origon-eu.com\/wp-content\/uploads\/2025\/02\/dr1.webp","datePublished":"2025-02-17T13:05:28+00:00","dateModified":"2025-03-01T18:37:42+00:00","breadcrumb":{"@id":"https:\/\/origon-eu.com\/product\/4k-camera-drone-hd-camera-mini-drone\/#breadcrumb"},"inLanguage":"hr","potentialAction":[{"@type":"ReadAction","target":["https:\/\/origon-eu.com\/product\/4k-camera-drone-hd-camera-mini-drone\/"]}]},{"@type":"ImageObject","inLanguage":"hr","@id":"https:\/\/origon-eu.com\/product\/4k-camera-drone-hd-camera-mini-drone\/#primaryimage","url":"https:\/\/origon-eu.com\/wp-content\/uploads\/2025\/02\/dr1.webp","contentUrl":"https:\/\/origon-eu.com\/wp-content\/uploads\/2025\/02\/dr1.webp","width":1000,"height":1000},{"@type":"BreadcrumbList","@id":"https:\/\/origon-eu.com\/product\/4k-camera-drone-hd-camera-mini-drone\/#breadcrumb","itemListElement":[{"@type":"ListItem","position":1,"name":"Home","item":"https:\/\/origon-eu.com\/"},{"@type":"ListItem","position":2,"name":"Katalog","item":"https:\/\/origon-eu.com\/hr\/shop-2\/"},{"@type":"ListItem","position":3,"name":"4k kamera Drone HD kamera Mini Drone"}]},{"@type":"WebSite","@id":"https:\/\/origon-eu.com\/#website","url":"https:\/\/origon-eu.com\/","name":"Origon EU","description":"Online Store","publisher":{"@id":"https:\/\/origon-eu.com\/#organization"},"potentialAction":[{"@type":"SearchAction","target":{"@type":"EntryPoint","urlTemplate":"https:\/\/origon-eu.com\/?s={search_term_string}"},"query-input":{"@type":"PropertyValueSpecification","valueRequired":true,"valueName":"search_term_string"}}],"inLanguage":"hr"},{"@type":"Organization","@id":"https:\/\/origon-eu.com\/#organization","name":"Origon EU","url":"https:\/\/origon-eu.com\/","logo":{"@type":"ImageObject","inLanguage":"hr","@id":"https:\/\/origon-eu.com\/#\/schema\/logo\/image\/","url":"https:\/\/origon-eu.com\/wp-content\/uploads\/2024\/04\/Screenshot-2024-04-09-101814.png","contentUrl":"https:\/\/origon-eu.com\/wp-content\/uploads\/2024\/04\/Screenshot-2024-04-09-101814.png","width":171,"height":59,"caption":"Origon EU"},"image":{"@id":"https:\/\/origon-eu.com\/#\/schema\/logo\/image\/"}}]}},"tiered_pricing_type":"fixed","tiered_pricing_fixed_rules":[],"tiered_pricing_percentage_rules":[],"tiered_pricing_minimum":1,"tiered_pricing_roles_data":[],"_links":{"self":[{"href":"https:\/\/origon-eu.com\/hr\/wp-json\/wp\/v2\/product\/34816","targetHints":{"allow":["GET"]}}],"collection":[{"href":"https:\/\/origon-eu.com\/hr\/wp-json\/wp\/v2\/product"}],"about":[{"href":"https:\/\/origon-eu.com\/hr\/wp-json\/wp\/v2\/types\/product"}],"version-history":[{"count":1,"href":"https:\/\/origon-eu.com\/hr\/wp-json\/wp\/v2\/product\/34816\/revisions"}],"predecessor-version":[{"id":34817,"href":"https:\/\/origon-eu.com\/hr\/wp-json\/wp\/v2\/product\/34816\/revisions\/34817"}],"wp:featuredmedia":[{"embeddable":true,"href":"https:\/\/origon-eu.com\/hr\/wp-json\/wp\/v2\/media\/34594"}],"wp:attachment":[{"href":"https:\/\/origon-eu.com\/hr\/wp-json\/wp\/v2\/media?parent=34816"}],"wp:term":[{"taxonomy":"product_cat","embeddable":true,"href":"https:\/\/origon-eu.com\/hr\/wp-json\/wp\/v2\/product_cat?post=34816"},{"taxonomy":"product_tag","embeddable":true,"href":"https:\/\/origon-eu.com\/hr\/wp-json\/wp\/v2\/product_tag?post=34816"}],"curies":[{"name":"wp","href":"https:\/\/api.w.org\/{rel}","templated":true}]}}