{"id":32853,"date":"2025-01-09T12:36:38","date_gmt":"2025-01-09T10:36:38","guid":{"rendered":"https:\/\/origon-eu.com\/product\/wireless-portable-speaker\/"},"modified":"2025-02-27T19:37:21","modified_gmt":"2025-02-27T17:37:21","slug":"wireless-portable-speaker","status":"publish","type":"product","link":"https:\/\/origon-eu.com\/hr\/product\/wireless-portable-speaker\/","title":{"rendered":"Wireless Portable Speaker"},"content":{"rendered":"<p>Set sadr\u017ei:<br \/>\n1 kom. Punjiva kolona za karaoke<br \/>\n1 kom. \u017di\u010dani mikrofon<br \/>\n1 kom. Kabel za napajanje karaoke sustava \u2013 220V<br \/>\n1 kom. Daljinski upravlja\u010d.<br \/>\nTehni\u010dke karakteristike:<br \/>\nSnaga: woofer od 8 in\u010da<br \/>\nRazina zvuka: 85 dB<br \/>\nFrekvencija: 100Hz \u2013 20kHz<br \/>\nNapajanje: 220V.<\/p>\n<p><a href=\"https:\/\/origon-eu.com\/wp-content\/uploads\/2025\/01\/0084277_kts-1175-bluetooth-wireless-portable-speaker.png\"><img decoding=\"async\" class=\"alignnone size-full wp -slika-32672\" src=\"https:\/\/origon-eu.com\/wp-content\/uploads\/2025\/01\/0084277_kts-1175-bluetooth-wireless-portable-speaker.png\" alt=\"\" width=\"700\" height=\"700 \" \/><\/a><a href=\"https:\/\/origon-eu.com\/wp-content\/uploads\/2025\/01\/prenosima-karaoke-tonkolona-kts-1175-8-s-mikrofon-30848.webp\"><img decoding=\"async\" class=\"alignnone veli\u010dina-puna slika-32684\" src=\"https:\/\/origon-eu.com\/wp-content\/uploads\/2025\/01\/prenosima-karaoke-tonkolona-kts-1175-8-s-mikrofon-30848.webp\" alt=\"\" width=\" 800\" height=\"600\" \/><\/a><a href=\"https:\/\/origon-eu.com\/wp-content\/uploads\/2025\/01\/prenosima-karaoke-tonkolona-kts-1175-8-s-mikrofon-30847.webp\"><img decoding=\"async\" class=\"alignnone veli\u010dina-puna slika-32694\" src=\"https:\/\/origon-eu.com\/wp-content\/uploads\/2025\/01\/prenosima-karaoke-tonkolona-kts-1175-8-s-mikrofon-30847.webp\" alt=\"\" width=\" 800\" height=\"600\" \/><\/a><\/p>\n<p>Specifikacija:<br \/>\nKaraoke zvu\u010dnik s punjivom baterijom (puni se od 220V)<br \/>\nCOLOR MUSIC \u2013 ugra\u0111eni svjetlosni efekti, s tipkom za uklju\u010divanje\/isklju\u010divanje<br \/>\nBLUETOOTH funkcija \u2013 uparivanje zvu\u010dnika s GSM-om, ra\u010dunalom, prijenosnim ra\u010dunalom i slu\u0161anje omiljene glazbe be\u017ei\u010dno \u2013 preko 10 metara<br \/>\nFM tuner \u2013 RADIO<br \/>\nDaljinski upravlja\u010d (uklju\u010den u set)<br \/>\nMogu\u0107nost samostalnog kori\u0161tenja bez spajanja na ra\u010dunalo putem:<br \/>\nUtor za SD\/MMC\/MMS memorijsku karticu<br \/>\nutor za USB flash pogon<br \/>\nAUX ulaz s vanjskog ure\u0111aja (ra\u010dunalo, GSM, Ipod, PSP)<br \/>\nLED ZASLON<br \/>\nUlaz za 1 mikrofon<br \/>\n\u017di\u010dani mikrofon 1 komad \u2013 uklju\u010den u set<br \/>\nPrakti\u010dna ru\u010dka na uvla\u010denje \u2013 za jednostavno no\u0161enje zvu\u010dnika<br \/>\nMjere: \u0161\/v\/d \u2013 24 \/ 36,5 \/ 20 cm<\/p>\n","protected":false},"excerpt":{"rendered":"<ul>\n<li>Karaoke zvu\u010dnik s punjivom baterijom (puni se od 220V)<\/li>\n<li>COLOR MUSIC \u2013 ugra\u0111eni svjetlosni efekti, s gumbom za uklju\u010divanje\/isklju\u010divanje<\/li>\n<li>BLUETOOTH funkcija \u2013 uparivanje zvu\u010dnika s GSM-om, ra\u010dunalom, prijenosnim ra\u010dunalom i slu\u0161anje omiljene glazbe be\u017ei\u010dno \u2013 preko 10 metara<\/li>\n<li>FM tuner \u2013 RADIO<\/li>\n<li>Daljinski upravlja\u010d (uklju\u010den u set)<\/li>\n<li>Mogu\u0107nost samostalnog kori\u0161tenja bez povezivanja s ra\u010dunalom putem:<\/li>\n<li>Utor za SD\/MMC\/MMS memorijsku karticu<\/li>\n<li>Utor za USB flash pogon<\/li>\n<li>AUX ulaz s vanjskog ure\u0111aja (ra\u010dunalo, GSM, Ipod, PSP)<\/li>\n<li>LED ZASLON<\/li>\n<li>Ulaz za 1 mikrofon<\/li>\n<li>\u017di\u010dni mikrofon 1 komad \u2013 uklju\u010den u set<\/li>\n<\/ul>\n","protected":false},"featured_media":32674,"template":"","meta":[],"product_cat":[248],"product_tag":[],"class_list":{"0":"post-32853","1":"product","2":"type-product","3":"status-publish","4":"has-post-thumbnail","6":"product_cat-elektronika","8":"first","9":"instock","10":"sale","11":"shipping-taxable","12":"purchasable","13":"product-type-simple"},"yoast_head":"<!-- This site is optimized with the Yoast SEO plugin v24.2 - https:\/\/yoast.com\/wordpress\/plugins\/seo\/ -->\n<title>Wireless Portable Speaker - Origon EU<\/title>\n<meta name=\"robots\" content=\"index, follow, max-snippet:-1, max-image-preview:large, max-video-preview:-1\" \/>\n<link rel=\"canonical\" href=\"https:\/\/origon-eu.com\/hr\/product\/wireless-portable-speaker\/\" \/>\n<meta property=\"og:locale\" content=\"hr_HR\" \/>\n<meta property=\"og:type\" content=\"article\" \/>\n<meta property=\"og:title\" content=\"Wireless Portable Speaker - Origon EU\" \/>\n<meta property=\"og:description\" content=\"Karaoke zvu\u010dnik s punjivom baterijom (puni se od 220V)  COLOR MUSIC \u2013 ugra\u0111eni svjetlosni efekti, s gumbom za uklju\u010divanje\/isklju\u010divanje  BLUETOOTH funkcija \u2013 uparivanje zvu\u010dnika s GSM-om, ra\u010dunalom, prijenosnim ra\u010dunalom i slu\u0161anje omiljene glazbe be\u017ei\u010dno \u2013 preko 10 metara  FM tuner \u2013 RADIO  Daljinski upravlja\u010d (uklju\u010den u set)  Mogu\u0107nost samostalnog kori\u0161tenja bez povezivanja s ra\u010dunalom putem:  Utor za SD\/MMC\/MMS memorijsku karticu  Utor za USB flash pogon  AUX ulaz s vanjskog ure\u0111aja (ra\u010dunalo, GSM, Ipod, PSP)  LED ZASLON  Ulaz za 1 mikrofon  \u017di\u010dni mikrofon 1 komad \u2013 uklju\u010den u set\" \/>\n<meta property=\"og:url\" content=\"https:\/\/origon-eu.com\/hr\/product\/wireless-portable-speaker\/\" \/>\n<meta property=\"og:site_name\" content=\"Origon EU\" \/>\n<meta property=\"article:modified_time\" content=\"2025-02-27T17:37:21+00:00\" \/>\n<meta property=\"og:image\" content=\"https:\/\/origon-eu.com\/wp-content\/uploads\/2025\/01\/0084277_kts-1175-bluetooth-wireless-portable-speaker.png\" \/>\n\t<meta property=\"og:image:width\" content=\"700\" \/>\n\t<meta property=\"og:image:height\" content=\"700\" \/>\n\t<meta property=\"og:image:type\" content=\"image\/png\" \/>\n<meta name=\"twitter:card\" content=\"summary_large_image\" \/>\n<meta name=\"twitter:label1\" content=\"Procijenjeno vrijeme \u010ditanja\" \/>\n\t<meta name=\"twitter:data1\" content=\"2 minute\" \/>\n<script type=\"application\/ld+json\" class=\"yoast-schema-graph\">{\"@context\":\"https:\/\/schema.org\",\"@graph\":[{\"@type\":\"WebPage\",\"@id\":\"https:\/\/origon-eu.com\/hr\/product\/wireless-portable-speaker\/\",\"url\":\"https:\/\/origon-eu.com\/hr\/product\/wireless-portable-speaker\/\",\"name\":\"Wireless Portable Speaker - Origon EU\",\"isPartOf\":{\"@id\":\"https:\/\/origon-eu.com\/#website\"},\"primaryImageOfPage\":{\"@id\":\"https:\/\/origon-eu.com\/hr\/product\/wireless-portable-speaker\/#primaryimage\"},\"image\":{\"@id\":\"https:\/\/origon-eu.com\/hr\/product\/wireless-portable-speaker\/#primaryimage\"},\"thumbnailUrl\":\"https:\/\/origon-eu.com\/wp-content\/uploads\/2025\/01\/0084277_kts-1175-bluetooth-wireless-portable-speaker.png\",\"datePublished\":\"2025-01-09T10:36:38+00:00\",\"dateModified\":\"2025-02-27T17:37:21+00:00\",\"breadcrumb\":{\"@id\":\"https:\/\/origon-eu.com\/hr\/product\/wireless-portable-speaker\/#breadcrumb\"},\"inLanguage\":\"hr\",\"potentialAction\":[{\"@type\":\"ReadAction\",\"target\":[\"https:\/\/origon-eu.com\/hr\/product\/wireless-portable-speaker\/\"]}]},{\"@type\":\"ImageObject\",\"inLanguage\":\"hr\",\"@id\":\"https:\/\/origon-eu.com\/hr\/product\/wireless-portable-speaker\/#primaryimage\",\"url\":\"https:\/\/origon-eu.com\/wp-content\/uploads\/2025\/01\/0084277_kts-1175-bluetooth-wireless-portable-speaker.png\",\"contentUrl\":\"https:\/\/origon-eu.com\/wp-content\/uploads\/2025\/01\/0084277_kts-1175-bluetooth-wireless-portable-speaker.png\",\"width\":700,\"height\":700},{\"@type\":\"BreadcrumbList\",\"@id\":\"https:\/\/origon-eu.com\/hr\/product\/wireless-portable-speaker\/#breadcrumb\",\"itemListElement\":[{\"@type\":\"ListItem\",\"position\":1,\"name\":\"Home\",\"item\":\"https:\/\/origon-eu.com\/\"},{\"@type\":\"ListItem\",\"position\":2,\"name\":\"Katalog\",\"item\":\"https:\/\/origon-eu.com\/hr\/shop-2\/\"},{\"@type\":\"ListItem\",\"position\":3,\"name\":\"Wireless Portable Speaker\"}]},{\"@type\":\"WebSite\",\"@id\":\"https:\/\/origon-eu.com\/#website\",\"url\":\"https:\/\/origon-eu.com\/\",\"name\":\"Origon EU\",\"description\":\"Online Store\",\"publisher\":{\"@id\":\"https:\/\/origon-eu.com\/#organization\"},\"potentialAction\":[{\"@type\":\"SearchAction\",\"target\":{\"@type\":\"EntryPoint\",\"urlTemplate\":\"https:\/\/origon-eu.com\/?s={search_term_string}\"},\"query-input\":{\"@type\":\"PropertyValueSpecification\",\"valueRequired\":true,\"valueName\":\"search_term_string\"}}],\"inLanguage\":\"hr\"},{\"@type\":\"Organization\",\"@id\":\"https:\/\/origon-eu.com\/#organization\",\"name\":\"Origon EU\",\"url\":\"https:\/\/origon-eu.com\/\",\"logo\":{\"@type\":\"ImageObject\",\"inLanguage\":\"hr\",\"@id\":\"https:\/\/origon-eu.com\/#\/schema\/logo\/image\/\",\"url\":\"https:\/\/origon-eu.com\/wp-content\/uploads\/2024\/04\/Screenshot-2024-04-09-101814.png\",\"contentUrl\":\"https:\/\/origon-eu.com\/wp-content\/uploads\/2024\/04\/Screenshot-2024-04-09-101814.png\",\"width\":171,\"height\":59,\"caption\":\"Origon EU\"},\"image\":{\"@id\":\"https:\/\/origon-eu.com\/#\/schema\/logo\/image\/\"}}]}<\/script>\n<!-- \/ Yoast SEO plugin. -->","yoast_head_json":{"title":"Wireless Portable Speaker - Origon EU","robots":{"index":"index","follow":"follow","max-snippet":"max-snippet:-1","max-image-preview":"max-image-preview:large","max-video-preview":"max-video-preview:-1"},"canonical":"https:\/\/origon-eu.com\/hr\/product\/wireless-portable-speaker\/","og_locale":"hr_HR","og_type":"article","og_title":"Wireless Portable Speaker - Origon EU","og_description":"Karaoke zvu\u010dnik s punjivom baterijom (puni se od 220V)  COLOR MUSIC \u2013 ugra\u0111eni svjetlosni efekti, s gumbom za uklju\u010divanje\/isklju\u010divanje  BLUETOOTH funkcija \u2013 uparivanje zvu\u010dnika s GSM-om, ra\u010dunalom, prijenosnim ra\u010dunalom i slu\u0161anje omiljene glazbe be\u017ei\u010dno \u2013 preko 10 metara  FM tuner \u2013 RADIO  Daljinski upravlja\u010d (uklju\u010den u set)  Mogu\u0107nost samostalnog kori\u0161tenja bez povezivanja s ra\u010dunalom putem:  Utor za SD\/MMC\/MMS memorijsku karticu  Utor za USB flash pogon  AUX ulaz s vanjskog ure\u0111aja (ra\u010dunalo, GSM, Ipod, PSP)  LED ZASLON  Ulaz za 1 mikrofon  \u017di\u010dni mikrofon 1 komad \u2013 uklju\u010den u set","og_url":"https:\/\/origon-eu.com\/hr\/product\/wireless-portable-speaker\/","og_site_name":"Origon EU","article_modified_time":"2025-02-27T17:37:21+00:00","og_image":[{"width":700,"height":700,"url":"https:\/\/origon-eu.com\/wp-content\/uploads\/2025\/01\/0084277_kts-1175-bluetooth-wireless-portable-speaker.png","type":"image\/png"}],"twitter_card":"summary_large_image","twitter_misc":{"Procijenjeno vrijeme \u010ditanja":"2 minute"},"schema":{"@context":"https:\/\/schema.org","@graph":[{"@type":"WebPage","@id":"https:\/\/origon-eu.com\/hr\/product\/wireless-portable-speaker\/","url":"https:\/\/origon-eu.com\/hr\/product\/wireless-portable-speaker\/","name":"Wireless Portable Speaker - Origon EU","isPartOf":{"@id":"https:\/\/origon-eu.com\/#website"},"primaryImageOfPage":{"@id":"https:\/\/origon-eu.com\/hr\/product\/wireless-portable-speaker\/#primaryimage"},"image":{"@id":"https:\/\/origon-eu.com\/hr\/product\/wireless-portable-speaker\/#primaryimage"},"thumbnailUrl":"https:\/\/origon-eu.com\/wp-content\/uploads\/2025\/01\/0084277_kts-1175-bluetooth-wireless-portable-speaker.png","datePublished":"2025-01-09T10:36:38+00:00","dateModified":"2025-02-27T17:37:21+00:00","breadcrumb":{"@id":"https:\/\/origon-eu.com\/hr\/product\/wireless-portable-speaker\/#breadcrumb"},"inLanguage":"hr","potentialAction":[{"@type":"ReadAction","target":["https:\/\/origon-eu.com\/hr\/product\/wireless-portable-speaker\/"]}]},{"@type":"ImageObject","inLanguage":"hr","@id":"https:\/\/origon-eu.com\/hr\/product\/wireless-portable-speaker\/#primaryimage","url":"https:\/\/origon-eu.com\/wp-content\/uploads\/2025\/01\/0084277_kts-1175-bluetooth-wireless-portable-speaker.png","contentUrl":"https:\/\/origon-eu.com\/wp-content\/uploads\/2025\/01\/0084277_kts-1175-bluetooth-wireless-portable-speaker.png","width":700,"height":700},{"@type":"BreadcrumbList","@id":"https:\/\/origon-eu.com\/hr\/product\/wireless-portable-speaker\/#breadcrumb","itemListElement":[{"@type":"ListItem","position":1,"name":"Home","item":"https:\/\/origon-eu.com\/"},{"@type":"ListItem","position":2,"name":"Katalog","item":"https:\/\/origon-eu.com\/hr\/shop-2\/"},{"@type":"ListItem","position":3,"name":"Wireless Portable Speaker"}]},{"@type":"WebSite","@id":"https:\/\/origon-eu.com\/#website","url":"https:\/\/origon-eu.com\/","name":"Origon EU","description":"Online Store","publisher":{"@id":"https:\/\/origon-eu.com\/#organization"},"potentialAction":[{"@type":"SearchAction","target":{"@type":"EntryPoint","urlTemplate":"https:\/\/origon-eu.com\/?s={search_term_string}"},"query-input":{"@type":"PropertyValueSpecification","valueRequired":true,"valueName":"search_term_string"}}],"inLanguage":"hr"},{"@type":"Organization","@id":"https:\/\/origon-eu.com\/#organization","name":"Origon EU","url":"https:\/\/origon-eu.com\/","logo":{"@type":"ImageObject","inLanguage":"hr","@id":"https:\/\/origon-eu.com\/#\/schema\/logo\/image\/","url":"https:\/\/origon-eu.com\/wp-content\/uploads\/2024\/04\/Screenshot-2024-04-09-101814.png","contentUrl":"https:\/\/origon-eu.com\/wp-content\/uploads\/2024\/04\/Screenshot-2024-04-09-101814.png","width":171,"height":59,"caption":"Origon EU"},"image":{"@id":"https:\/\/origon-eu.com\/#\/schema\/logo\/image\/"}}]}},"tiered_pricing_type":"fixed","tiered_pricing_fixed_rules":[],"tiered_pricing_percentage_rules":[],"tiered_pricing_minimum":1,"tiered_pricing_roles_data":[],"_links":{"self":[{"href":"https:\/\/origon-eu.com\/hr\/wp-json\/wp\/v2\/product\/32853","targetHints":{"allow":["GET"]}}],"collection":[{"href":"https:\/\/origon-eu.com\/hr\/wp-json\/wp\/v2\/product"}],"about":[{"href":"https:\/\/origon-eu.com\/hr\/wp-json\/wp\/v2\/types\/product"}],"version-history":[{"count":2,"href":"https:\/\/origon-eu.com\/hr\/wp-json\/wp\/v2\/product\/32853\/revisions"}],"predecessor-version":[{"id":32855,"href":"https:\/\/origon-eu.com\/hr\/wp-json\/wp\/v2\/product\/32853\/revisions\/32855"}],"wp:featuredmedia":[{"embeddable":true,"href":"https:\/\/origon-eu.com\/hr\/wp-json\/wp\/v2\/media\/32674"}],"wp:attachment":[{"href":"https:\/\/origon-eu.com\/hr\/wp-json\/wp\/v2\/media?parent=32853"}],"wp:term":[{"taxonomy":"product_cat","embeddable":true,"href":"https:\/\/origon-eu.com\/hr\/wp-json\/wp\/v2\/product_cat?post=32853"},{"taxonomy":"product_tag","embeddable":true,"href":"https:\/\/origon-eu.com\/hr\/wp-json\/wp\/v2\/product_tag?post=32853"}],"curies":[{"name":"wp","href":"https:\/\/api.w.org\/{rel}","templated":true}]}}