{"id":32812,"date":"2025-01-08T16:24:29","date_gmt":"2025-01-08T14:24:29","guid":{"rendered":"https:\/\/origon-eu.com\/product\/cordless-handheld-stick-vacuum-cleaner\/"},"modified":"2025-01-09T14:49:34","modified_gmt":"2025-01-09T12:49:34","slug":"cordless-handheld-stick-vacuum-cleaner","status":"publish","type":"product","link":"https:\/\/origon-eu.com\/hr\/product\/cordless-handheld-stick-vacuum-cleaner\/","title":{"rendered":"Be\u017ei\u010dni ru\u010dni \u0161tapni usisiva\u010d"},"content":{"rendered":"<ul>\n<li>Dvostruki motor i modularni dizajn za razne dodatke jam\u010de dubinsko, visokokvalitetno \u010di\u0161\u0107enje bilo koje povr\u0161ine<\/li>\n<li>Pogodno za \u010di\u0161\u0107enje unutra\u0161njosti automobila. Autonomija ure\u0111aja doprinosi tome da stvari mo\u017eete dovesti u red ne samo u svom stanu<\/li>\n<li>Set dolazi s 3 vrste mlaznica za podove, svaka je \u010detka dizajnirana za drugu vrstu prljave povr\u0161ine. Tanka mlaznica visine 4 cm pomo\u0107i \u0107e ukloniti pra\u0161inu ispod namje\u0161taja. A na nedostupnijim mjestima \u2013 mlaznica za pukotine 2 u 1<\/li>\n<li>Robusno ku\u0107i\u0161te izra\u0111eno od visokokvalitetne plastike<\/li>\n<li>Redizajnirani sustav hla\u0111enja u\u010dinkovito uklanja toplinu iz motora, sprje\u010dava pregrijavanje i produljuje vijek trajanja motora<\/li>\n<li>Usisiva\u010d je te\u017eak samo 1,5 kg, \u0161to olak\u0161ava dugotrajno kori\u0161tenje ure\u0111aja i odraslima i starijima. Osim toga, omogu\u0107uje vam jednostavno premje\u0161tanje usisava\u010da na te\u0161ko dostupna mjesta<\/li>\n<li>Prakti\u010dno \u010di\u0161\u0107enje ispod namje\u0161taja (preklopna ru\u010dka)<\/li>\n<li>Prakti\u010dno \u010di\u0161\u0107enje ispod namje\u0161taja (preklopna ru\u010dka)<\/li>\n<li>Turbo \u010detka s LED pozadinskim osvjetljenjem<\/li>\n<li>Okrenite \u010detku usisava\u010da za 180 stupnjeva<\/li>\n<li>Indikator punjenja<\/li>\n<li>Broj brzina: 2<\/li>\n<li>Odvojiva ru\u010dka<\/li>\n<\/ul>\n<p><a href=\"https:\/\/origon-eu.com\/wp-content\/uploads\/2025\/01\/mobileleb-household-appliances-dsp-vacuum-cleaner-hand-held-rechargeable-120w-kd2023-34126785773700_1024x1024.webp \"><img decoding=\"async\" class=\"alignnone veli\u010dina-puna slika-32604\" src=\"https:\/\/origon-eu.com\/wp-content\/uploads\/2025\/01\/mobileleb-household-appliances-dsp-vacuum-cleaner-hand-held-rechargeable-120w-kd2023-34126785773700_1024x1024.webp\" alt =\"\" \u0161irina=\"600\" visina=\"600\" \/><\/a><\/p>\n<p>&nbsp;<\/p>\n<p><a href=\"https:\/\/origon-eu.com\/wp-content\/uploads\/2025\/01\/mobileleb-household-appliances-dsp-vacuum-cleaner-hand-held-rechargeable-120w-kd2023-34126785577092_1024x1024.webp \"><img decoding=\"async\" class=\"alignnone veli\u010dina-puna slika-32614\" src=\"https:\/\/origon-eu.com\/wp-content\/uploads\/2025\/01\/mobileleb-household-appliances-dsp-vacuum-cleaner-hand-held-rechargeable-120w-kd2023-34126785577092_1024x1024.webp\" alt =\"\" \u0161irina=\"600\" visina=\"600\" \/><\/a><\/p>\n<p><a href=\"https:\/\/origon-eu.com\/wp-content\/uploads\/2025\/01\/41o1eNoNLEL._AC_.jpg\"><img fetchpriority=\"high\" decoding=\"async\" class=\"alignnone size-full wp-image-32570\" src=\"https:\/\/origon-eu.com\/wp-content\/uploads\/2025\/01\/41o1eNoNLEL._AC_.jpg\" alt=\"\" width=\"505\" height=\"550\" srcset=\"https:\/\/origon-eu.com\/wp-content\/uploads\/2025\/01\/41o1eNoNLEL._AC_.jpg 505w, https:\/\/origon-eu.com\/wp-content\/uploads\/2025\/01\/41o1eNoNLEL._AC_-275x300.jpg 275w, https:\/\/origon-eu.com\/wp-content\/uploads\/2025\/01\/41o1eNoNLEL._AC_-150x163.jpg 150w\" sizes=\"(max-width: 505px) 100vw, 505px\" \/><\/a><\/p>\n<p><strong>Specifikacije:<\/strong><\/p>\n<ul>\n<li>Vrsta \u010di\u0161\u0107enja: suho<\/li>\n<li>Vrsta kutije za pra\u0161inu: Spremnik<\/li>\n<li>Snaga: 120 W<\/li>\n<li>Kapacitet kutije za pra\u0161inu: 0,8L<\/li>\n<li>Parkiranje: okomito<\/li>\n<li>Odvojiva ru\u010dka<\/li>\n<li>Broj brzina: 2<\/li>\n<li>Radno vrijeme: 40 min<\/li>\n<li>Vrijeme punjenja: 4 h<\/li>\n<li>Baterija: Li-Ion 22,2 V, 2200 mAh<\/li>\n<li>2 u 1 vrsta: okomiti, ru\u010dni<\/li>\n<li>Vrsta filtra: Hepa<\/li>\n<li>Gumb za uklju\u010divanje\/isklju\u010divanje<\/li>\n<li>Dimenzije (V109 x \u016021,5 x D17,5)cm<\/li>\n<li>Te\u017eina usisava\u010da: 1,5 kg<\/li>\n<\/ul>\n<ul>\n<li><\/li>\n<\/ul>\n","protected":false},"excerpt":{"rendered":"<ul>\n<li><strong>Paket uklju\u010duje:<\/strong>\n<ul>\n<li>1x ru\u010dni punjivi usisava\u010d<\/li>\n<li>1x mlaznica za presvlake<\/li>\n<li>1x mlaznica za pukotine<\/li>\n<li>1x kombinirana mlaznica<\/li>\n<li>1x produ\u017ena cijev<\/li>\n<li>1x kabel punja\u010da<\/li>\n<li>1x korisni\u010dki priru\u010dnik<\/li>\n<\/ul>\n<\/li>\n<\/ul>\n","protected":false},"featured_media":32572,"template":"","meta":[],"product_cat":[],"product_tag":[],"class_list":{"0":"post-32812","1":"product","2":"type-product","3":"status-publish","4":"has-post-thumbnail","7":"first","8":"instock","9":"sale","10":"shipping-taxable","11":"purchasable","12":"product-type-simple"},"yoast_head":"<!-- This site is optimized with the Yoast SEO plugin v24.2 - https:\/\/yoast.com\/wordpress\/plugins\/seo\/ -->\n<title>Be\u017ei\u010dni ru\u010dni \u0161tapni usisiva\u010d - Origon EU<\/title>\n<meta name=\"robots\" content=\"index, follow, max-snippet:-1, max-image-preview:large, max-video-preview:-1\" \/>\n<link rel=\"canonical\" href=\"https:\/\/origon-eu.com\/hr\/product\/cordless-handheld-stick-vacuum-cleaner\/\" \/>\n<meta property=\"og:locale\" content=\"hr_HR\" \/>\n<meta property=\"og:type\" content=\"article\" \/>\n<meta property=\"og:title\" content=\"Be\u017ei\u010dni ru\u010dni \u0161tapni usisiva\u010d - Origon EU\" \/>\n<meta property=\"og:description\" content=\"Paket uklju\u010duje:   1x ru\u010dni punjivi usisava\u010d  1x mlaznica za presvlake  1x mlaznica za pukotine  1x kombinirana mlaznica  1x produ\u017ena cijev  1x kabel punja\u010da  1x korisni\u010dki priru\u010dnik\" \/>\n<meta property=\"og:url\" content=\"https:\/\/origon-eu.com\/hr\/product\/cordless-handheld-stick-vacuum-cleaner\/\" \/>\n<meta property=\"og:site_name\" content=\"Origon EU\" \/>\n<meta property=\"article:modified_time\" content=\"2025-01-09T12:49:34+00:00\" \/>\n<meta property=\"og:image\" content=\"https:\/\/origon-eu.com\/wp-content\/uploads\/2025\/01\/41o1eNoNLEL._AC_.jpg\" \/>\n\t<meta property=\"og:image:width\" content=\"505\" \/>\n\t<meta property=\"og:image:height\" content=\"550\" \/>\n\t<meta property=\"og:image:type\" content=\"image\/jpeg\" \/>\n<meta name=\"twitter:card\" content=\"summary_large_image\" \/>\n<meta name=\"twitter:label1\" content=\"Procijenjeno vrijeme \u010ditanja\" \/>\n\t<meta name=\"twitter:data1\" content=\"2 minute\" \/>\n<script type=\"application\/ld+json\" class=\"yoast-schema-graph\">{\"@context\":\"https:\/\/schema.org\",\"@graph\":[{\"@type\":\"WebPage\",\"@id\":\"https:\/\/origon-eu.com\/hr\/product\/cordless-handheld-stick-vacuum-cleaner\/\",\"url\":\"https:\/\/origon-eu.com\/hr\/product\/cordless-handheld-stick-vacuum-cleaner\/\",\"name\":\"Be\u017ei\u010dni ru\u010dni \u0161tapni usisiva\u010d - Origon EU\",\"isPartOf\":{\"@id\":\"https:\/\/origon-eu.com\/#website\"},\"primaryImageOfPage\":{\"@id\":\"https:\/\/origon-eu.com\/hr\/product\/cordless-handheld-stick-vacuum-cleaner\/#primaryimage\"},\"image\":{\"@id\":\"https:\/\/origon-eu.com\/hr\/product\/cordless-handheld-stick-vacuum-cleaner\/#primaryimage\"},\"thumbnailUrl\":\"https:\/\/origon-eu.com\/wp-content\/uploads\/2025\/01\/41o1eNoNLEL._AC_.jpg\",\"datePublished\":\"2025-01-08T14:24:29+00:00\",\"dateModified\":\"2025-01-09T12:49:34+00:00\",\"breadcrumb\":{\"@id\":\"https:\/\/origon-eu.com\/hr\/product\/cordless-handheld-stick-vacuum-cleaner\/#breadcrumb\"},\"inLanguage\":\"hr\",\"potentialAction\":[{\"@type\":\"ReadAction\",\"target\":[\"https:\/\/origon-eu.com\/hr\/product\/cordless-handheld-stick-vacuum-cleaner\/\"]}]},{\"@type\":\"ImageObject\",\"inLanguage\":\"hr\",\"@id\":\"https:\/\/origon-eu.com\/hr\/product\/cordless-handheld-stick-vacuum-cleaner\/#primaryimage\",\"url\":\"https:\/\/origon-eu.com\/wp-content\/uploads\/2025\/01\/41o1eNoNLEL._AC_.jpg\",\"contentUrl\":\"https:\/\/origon-eu.com\/wp-content\/uploads\/2025\/01\/41o1eNoNLEL._AC_.jpg\",\"width\":505,\"height\":550},{\"@type\":\"BreadcrumbList\",\"@id\":\"https:\/\/origon-eu.com\/hr\/product\/cordless-handheld-stick-vacuum-cleaner\/#breadcrumb\",\"itemListElement\":[{\"@type\":\"ListItem\",\"position\":1,\"name\":\"Home\",\"item\":\"https:\/\/origon-eu.com\/\"},{\"@type\":\"ListItem\",\"position\":2,\"name\":\"Katalog\",\"item\":\"https:\/\/origon-eu.com\/hr\/shop-2\/\"},{\"@type\":\"ListItem\",\"position\":3,\"name\":\"Be\u017ei\u010dni ru\u010dni \u0161tapni usisiva\u010d\"}]},{\"@type\":\"WebSite\",\"@id\":\"https:\/\/origon-eu.com\/#website\",\"url\":\"https:\/\/origon-eu.com\/\",\"name\":\"Origon EU\",\"description\":\"Online Store\",\"publisher\":{\"@id\":\"https:\/\/origon-eu.com\/#organization\"},\"potentialAction\":[{\"@type\":\"SearchAction\",\"target\":{\"@type\":\"EntryPoint\",\"urlTemplate\":\"https:\/\/origon-eu.com\/?s={search_term_string}\"},\"query-input\":{\"@type\":\"PropertyValueSpecification\",\"valueRequired\":true,\"valueName\":\"search_term_string\"}}],\"inLanguage\":\"hr\"},{\"@type\":\"Organization\",\"@id\":\"https:\/\/origon-eu.com\/#organization\",\"name\":\"Origon EU\",\"url\":\"https:\/\/origon-eu.com\/\",\"logo\":{\"@type\":\"ImageObject\",\"inLanguage\":\"hr\",\"@id\":\"https:\/\/origon-eu.com\/#\/schema\/logo\/image\/\",\"url\":\"https:\/\/origon-eu.com\/wp-content\/uploads\/2024\/04\/Screenshot-2024-04-09-101814.png\",\"contentUrl\":\"https:\/\/origon-eu.com\/wp-content\/uploads\/2024\/04\/Screenshot-2024-04-09-101814.png\",\"width\":171,\"height\":59,\"caption\":\"Origon EU\"},\"image\":{\"@id\":\"https:\/\/origon-eu.com\/#\/schema\/logo\/image\/\"}}]}<\/script>\n<!-- \/ Yoast SEO plugin. -->","yoast_head_json":{"title":"Be\u017ei\u010dni ru\u010dni \u0161tapni usisiva\u010d - Origon EU","robots":{"index":"index","follow":"follow","max-snippet":"max-snippet:-1","max-image-preview":"max-image-preview:large","max-video-preview":"max-video-preview:-1"},"canonical":"https:\/\/origon-eu.com\/hr\/product\/cordless-handheld-stick-vacuum-cleaner\/","og_locale":"hr_HR","og_type":"article","og_title":"Be\u017ei\u010dni ru\u010dni \u0161tapni usisiva\u010d - Origon EU","og_description":"Paket uklju\u010duje:   1x ru\u010dni punjivi usisava\u010d  1x mlaznica za presvlake  1x mlaznica za pukotine  1x kombinirana mlaznica  1x produ\u017ena cijev  1x kabel punja\u010da  1x korisni\u010dki priru\u010dnik","og_url":"https:\/\/origon-eu.com\/hr\/product\/cordless-handheld-stick-vacuum-cleaner\/","og_site_name":"Origon EU","article_modified_time":"2025-01-09T12:49:34+00:00","og_image":[{"width":505,"height":550,"url":"https:\/\/origon-eu.com\/wp-content\/uploads\/2025\/01\/41o1eNoNLEL._AC_.jpg","type":"image\/jpeg"}],"twitter_card":"summary_large_image","twitter_misc":{"Procijenjeno vrijeme \u010ditanja":"2 minute"},"schema":{"@context":"https:\/\/schema.org","@graph":[{"@type":"WebPage","@id":"https:\/\/origon-eu.com\/hr\/product\/cordless-handheld-stick-vacuum-cleaner\/","url":"https:\/\/origon-eu.com\/hr\/product\/cordless-handheld-stick-vacuum-cleaner\/","name":"Be\u017ei\u010dni ru\u010dni \u0161tapni usisiva\u010d - Origon EU","isPartOf":{"@id":"https:\/\/origon-eu.com\/#website"},"primaryImageOfPage":{"@id":"https:\/\/origon-eu.com\/hr\/product\/cordless-handheld-stick-vacuum-cleaner\/#primaryimage"},"image":{"@id":"https:\/\/origon-eu.com\/hr\/product\/cordless-handheld-stick-vacuum-cleaner\/#primaryimage"},"thumbnailUrl":"https:\/\/origon-eu.com\/wp-content\/uploads\/2025\/01\/41o1eNoNLEL._AC_.jpg","datePublished":"2025-01-08T14:24:29+00:00","dateModified":"2025-01-09T12:49:34+00:00","breadcrumb":{"@id":"https:\/\/origon-eu.com\/hr\/product\/cordless-handheld-stick-vacuum-cleaner\/#breadcrumb"},"inLanguage":"hr","potentialAction":[{"@type":"ReadAction","target":["https:\/\/origon-eu.com\/hr\/product\/cordless-handheld-stick-vacuum-cleaner\/"]}]},{"@type":"ImageObject","inLanguage":"hr","@id":"https:\/\/origon-eu.com\/hr\/product\/cordless-handheld-stick-vacuum-cleaner\/#primaryimage","url":"https:\/\/origon-eu.com\/wp-content\/uploads\/2025\/01\/41o1eNoNLEL._AC_.jpg","contentUrl":"https:\/\/origon-eu.com\/wp-content\/uploads\/2025\/01\/41o1eNoNLEL._AC_.jpg","width":505,"height":550},{"@type":"BreadcrumbList","@id":"https:\/\/origon-eu.com\/hr\/product\/cordless-handheld-stick-vacuum-cleaner\/#breadcrumb","itemListElement":[{"@type":"ListItem","position":1,"name":"Home","item":"https:\/\/origon-eu.com\/"},{"@type":"ListItem","position":2,"name":"Katalog","item":"https:\/\/origon-eu.com\/hr\/shop-2\/"},{"@type":"ListItem","position":3,"name":"Be\u017ei\u010dni ru\u010dni \u0161tapni usisiva\u010d"}]},{"@type":"WebSite","@id":"https:\/\/origon-eu.com\/#website","url":"https:\/\/origon-eu.com\/","name":"Origon EU","description":"Online Store","publisher":{"@id":"https:\/\/origon-eu.com\/#organization"},"potentialAction":[{"@type":"SearchAction","target":{"@type":"EntryPoint","urlTemplate":"https:\/\/origon-eu.com\/?s={search_term_string}"},"query-input":{"@type":"PropertyValueSpecification","valueRequired":true,"valueName":"search_term_string"}}],"inLanguage":"hr"},{"@type":"Organization","@id":"https:\/\/origon-eu.com\/#organization","name":"Origon EU","url":"https:\/\/origon-eu.com\/","logo":{"@type":"ImageObject","inLanguage":"hr","@id":"https:\/\/origon-eu.com\/#\/schema\/logo\/image\/","url":"https:\/\/origon-eu.com\/wp-content\/uploads\/2024\/04\/Screenshot-2024-04-09-101814.png","contentUrl":"https:\/\/origon-eu.com\/wp-content\/uploads\/2024\/04\/Screenshot-2024-04-09-101814.png","width":171,"height":59,"caption":"Origon EU"},"image":{"@id":"https:\/\/origon-eu.com\/#\/schema\/logo\/image\/"}}]}},"tiered_pricing_type":"fixed","tiered_pricing_fixed_rules":[],"tiered_pricing_percentage_rules":[],"tiered_pricing_minimum":1,"tiered_pricing_roles_data":[],"_links":{"self":[{"href":"https:\/\/origon-eu.com\/hr\/wp-json\/wp\/v2\/product\/32812","targetHints":{"allow":["GET"]}}],"collection":[{"href":"https:\/\/origon-eu.com\/hr\/wp-json\/wp\/v2\/product"}],"about":[{"href":"https:\/\/origon-eu.com\/hr\/wp-json\/wp\/v2\/types\/product"}],"version-history":[{"count":2,"href":"https:\/\/origon-eu.com\/hr\/wp-json\/wp\/v2\/product\/32812\/revisions"}],"predecessor-version":[{"id":32814,"href":"https:\/\/origon-eu.com\/hr\/wp-json\/wp\/v2\/product\/32812\/revisions\/32814"}],"wp:featuredmedia":[{"embeddable":true,"href":"https:\/\/origon-eu.com\/hr\/wp-json\/wp\/v2\/media\/32572"}],"wp:attachment":[{"href":"https:\/\/origon-eu.com\/hr\/wp-json\/wp\/v2\/media?parent=32812"}],"wp:term":[{"taxonomy":"product_cat","embeddable":true,"href":"https:\/\/origon-eu.com\/hr\/wp-json\/wp\/v2\/product_cat?post=32812"},{"taxonomy":"product_tag","embeddable":true,"href":"https:\/\/origon-eu.com\/hr\/wp-json\/wp\/v2\/product_tag?post=32812"}],"curies":[{"name":"wp","href":"https:\/\/api.w.org\/{rel}","templated":true}]}}