{"id":32535,"date":"2025-01-08T16:41:50","date_gmt":"2025-01-08T14:41:50","guid":{"rendered":"https:\/\/origon-eu.com\/product\/lever-espresso-coffee-machine\/"},"modified":"2025-02-13T21:58:37","modified_gmt":"2025-02-13T19:58:37","slug":"lever-espresso-coffee-machine","status":"publish","type":"product","link":"https:\/\/origon-eu.com\/hr\/product\/lever-espresso-coffee-machine\/","title":{"rendered":"Lever espresso coffee machine"},"content":{"rendered":"<p><strong>Kafu kod ku\u0107e<\/strong><br \/>\nS aparatom za kavu <strong>Llever<\/strong> mo\u017eete pripremiti bilo \u0161to. Zahvaljuju\u0107i sustavu grijanja s termoblokom, ne\u0107ete morati \u010dekati. Espresso \u0107e imati bogatu kremu i aromu zahvaljuju\u0107i visokokvalitetnoj talijanskoj pumpi s tlakom od 20 bara. Pomo\u0107u mlaznice za paru mo\u017eete napraviti pahuljastu mikro-pjenu od mlijeka.<\/p>\n<p><a href=\"https:\/\/origon-eu.com\/wp-content\/uploads\/2025\/01\/kavovar1.webp\"><img fetchpriority=\"high\" decoding=\"async\" class=\"size-full wp-image-32429 aligncenter\" src=\"https:\/\/origon-eu.com\/wp-content\/uploads\/2025\/01\/kavovar1.webp\" alt=\"\" width=\"790\" height=\"530\" srcset=\"https:\/\/origon-eu.com\/wp-content\/uploads\/2025\/01\/kavovar1.webp 790w, https:\/\/origon-eu.com\/wp-content\/uploads\/2025\/01\/kavovar1-300x201.webp 300w, https:\/\/origon-eu.com\/wp-content\/uploads\/2025\/01\/kavovar1-768x515.webp 768w, https:\/\/origon-eu.com\/wp-content\/uploads\/2025\/01\/kavovar1-600x403.webp 600w, https:\/\/origon-eu.com\/wp-content\/uploads\/2025\/01\/kavovar1-150x101.webp 150w\" sizes=\"(max-width: 790px) 100vw, 790px\" \/><\/a><\/p>\n<p>Grija\u010d za \u0161alice nije samo hir, ve\u0107 apsolutna nu\u017enost. Kava zahtijeva ne samo stalni pritisak, ve\u0107 i odgovaraju\u0107u temperaturu. Hladna \u0161alica mo\u017ee napraviti zna\u010dajnu razliku u kona\u010dnom okusu.<\/p>\n<p><strong>Prilago\u0111en i najmanjoj kuhinji<\/strong><br \/>\nZahvaljuju\u0107i <strong>potpuno metalnom dizajnu<\/strong>, izgledat \u0107e sjajno u svakoj kuhinji. Spremnik za vodu ima dovoljno veliki kapacitet od <strong>1,4 litra<\/strong>, pa ga ne\u0107ete morati \u010desto puniti.<\/p>\n<p><a href=\"https:\/\/origon-eu.com\/wp-content\/uploads\/2025\/01\/kavovar.webp\"><img decoding=\"async\" class=\"size-full wp-image-32439 aligncenter\" src=\"https:\/\/origon-eu.com\/wp-content\/uploads\/2025\/01\/kavovar.webp\" alt=\"\" width=\"790\" height=\"530\" srcset=\"https:\/\/origon-eu.com\/wp-content\/uploads\/2025\/01\/kavovar.webp 790w, https:\/\/origon-eu.com\/wp-content\/uploads\/2025\/01\/kavovar-300x201.webp 300w, https:\/\/origon-eu.com\/wp-content\/uploads\/2025\/01\/kavovar-768x515.webp 768w, https:\/\/origon-eu.com\/wp-content\/uploads\/2025\/01\/kavovar-600x403.webp 600w, https:\/\/origon-eu.com\/wp-content\/uploads\/2025\/01\/kavovar-150x101.webp 150w\" sizes=\"(max-width: 790px) 100vw, 790px\" \/><\/a><\/p>\n<p>Ni oko \u010di\u0161\u0107enja se ne morate brinuti. Polugu, filter i pladanj za kapanje mo\u017eete jednostavno isprati. Vanjska mlaznica za paru osigurava da se <strong>mlijeko ne nakuplja unutar aparata<\/strong>. To je problem kod ugra\u0111enih sustava za pjenjenje mlijeka. Jednostavno ju ispuhajte kroz prazan prostor i obri\u0161ite.<\/p>\n<p><a href=\"https:\/\/origon-eu.com\/wp-content\/uploads\/2025\/01\/Kavovar-Patricca-Lacrema.webp\"><img decoding=\"async\" class=\"size-full wp-image-32451 aligncenter\" src=\"https:\/\/origon-eu.com\/wp-content\/uploads\/2025\/01\/Kavovar-Patricca-Lacrema.webp\" alt=\"\" width=\"790\" height=\"528\" srcset=\"https:\/\/origon-eu.com\/wp-content\/uploads\/2025\/01\/Kavovar-Patricca-Lacrema.webp 790w, https:\/\/origon-eu.com\/wp-content\/uploads\/2025\/01\/Kavovar-Patricca-Lacrema-300x201.webp 300w, https:\/\/origon-eu.com\/wp-content\/uploads\/2025\/01\/Kavovar-Patricca-Lacrema-768x513.webp 768w, https:\/\/origon-eu.com\/wp-content\/uploads\/2025\/01\/Kavovar-Patricca-Lacrema-600x401.webp 600w, https:\/\/origon-eu.com\/wp-content\/uploads\/2025\/01\/Kavovar-Patricca-Lacrema-150x100.webp 150w\" sizes=\"(max-width: 790px) 100vw, 790px\" \/><\/a><\/p>\n<p><strong>Ne morate razmi\u0161ljati o ni\u010demu.<\/strong><br \/>\nAparat za kavu <strong>Patricca Lacrema<\/strong> sve radi umjesto vas. Jednostavno se kontrolira pomo\u0107u <strong>4 gumba<\/strong>. Osim toga, mo\u017eete <strong>pohraniti postavke kave<\/strong> to\u010dno onako kako volite \u2013 posebno za jednu i dvije \u0161alice.<\/p>\n<p>A ako slu\u010dajno zaboravite ugasiti aparat? <strong>Ne brinite. On se sam isklju\u010di.<\/strong><\/p>\n<p><strong>Kako izgleda aparat za kavu Patricca Lacrema u akciji?<\/strong><\/p>\n<div style=\"width: 1280px;\" class=\"wp-video\"><video class=\"wp-video-shortcode\" id=\"video-32535-1\" width=\"1280\" height=\"720\" preload=\"metadata\" controls=\"controls\"><source type=\"video\/mp4\" src=\"https:\/\/origon-eu.com\/wp-content\/uploads\/2025\/01\/coffee.mp4?_=1\" \/><a href=\"https:\/\/origon-eu.com\/wp-content\/uploads\/2025\/01\/coffee.mp4\">https:\/\/origon-eu.com\/wp-content\/uploads\/2025\/01\/coffee.mp4<\/a><\/video><\/div>\n","protected":false},"excerpt":{"rendered":"<div class=\"flex-shrink-0 flex flex-col relative items-end\">\n<div>\n<div class=\"pt-0\">\n<div class=\"gizmo-bot-avatar flex h-8 w-8 items-center justify-center overflow-hidden rounded-full\">\n<div class=\"relative p-1 rounded-sm flex items-center justify-center bg-token-main-surface-primary text-token-text-primary h-8 w-8\"><strong>Postavite najbolji kafu na svijetu kod ku\u0107e<\/strong><\/div>\n<\/div>\n<\/div>\n<\/div>\n<\/div>\n<div class=\"group\/conversation-turn relative flex w-full min-w-0 flex-col agent-turn\">\n<div class=\"flex-col gap-1 md:gap-3\">\n<div class=\"flex max-w-full flex-col flex-grow\">\n<div class=\"min-h-8 text-message flex w-full flex-col items-end gap-2 whitespace-normal break-words text-start [.text-message+&amp;]:mt-5\" dir=\"auto\" data-message-author-role=\"assistant\" data-message-id=\"4527a821-e5c3-4ff9-9a69-05f0a839e5d9\" data-message-model-slug=\"gpt-4o\">\n<div class=\"flex w-full flex-col gap-1 empty:hidden first:pt-[3px]\">\n<div class=\"markdown prose w-full break-words dark:prose-invert light\">\n<p>Uvijek \u0107ete imati mjesto za sjedenje i nikada ne\u0107ete morati \u010dekati na svoju kavu. Bez obzira \u017eelite li u\u017eivati u <strong>dobrom espressu<\/strong> ili <strong>pjenastom latte macchiatu<\/strong>.<\/p>\n<ul>\n<li><strong>Visokokvalitetna talijanska pumpa:<\/strong> tlak od 20 bara<\/li>\n<li><strong>Jednostavno upravljanje:<\/strong> s pomo\u0107u 4 gumba<\/li>\n<li><strong>Brzo zagrijavanje vode:<\/strong> termoblok sustav<\/li>\n<li><strong>Broj \u0161alica kave:<\/strong> do 2 \u0161alice odjednom<\/li>\n<li><strong>Mlaznica za paru:<\/strong> brzo pjenjenje mlijeka<\/li>\n<li><strong>Kapacitet:<\/strong> 1,4 l<\/li>\n<li><strong>Automatsko isklju\u010divanje<\/strong><\/li>\n<li><strong>Potpuno metalni dizajn<\/strong><\/li>\n<\/ul>\n<p>&nbsp;<\/p>\n<\/div>\n<\/div>\n<\/div>\n<\/div>\n<\/div>\n<\/div>\n","protected":false},"featured_media":32439,"template":"","meta":[],"product_cat":[243,248],"product_tag":[],"class_list":{"0":"post-32535","1":"product","2":"type-product","3":"status-publish","4":"has-post-thumbnail","6":"product_cat-dom-i-kuhinja-hr","7":"product_cat-elektronika","9":"first","10":"outofstock","11":"sale","12":"shipping-taxable","13":"purchasable","14":"product-type-simple"},"yoast_head":"<!-- This site is optimized with the Yoast SEO plugin v24.2 - https:\/\/yoast.com\/wordpress\/plugins\/seo\/ -->\n<title>Lever espresso coffee machine - Origon EU<\/title>\n<meta name=\"robots\" content=\"index, follow, max-snippet:-1, max-image-preview:large, max-video-preview:-1\" \/>\n<link rel=\"canonical\" href=\"https:\/\/origon-eu.com\/hr\/product\/lever-espresso-coffee-machine\/\" \/>\n<meta property=\"og:locale\" content=\"hr_HR\" \/>\n<meta property=\"og:type\" content=\"article\" \/>\n<meta property=\"og:title\" content=\"Lever espresso coffee machine - Origon EU\" \/>\n<meta property=\"og:description\" content=\"Postavite najbolji kafu na svijetu kod ku\u0107e            Uvijek \u0107ete imati mjesto za sjedenje i nikada ne\u0107ete morati \u010dekati na svoju kavu. Bez obzira \u017eelite li u\u017eivati u dobrom espressu ili pjenastom latte macchiatu.   Visokokvalitetna talijanska pumpa: tlak od 20 bara  Jednostavno upravljanje: s pomo\u0107u 4 gumba  Brzo zagrijavanje vode: termoblok sustav  Broj \u0161alica kave: do 2 \u0161alice odjednom  Mlaznica za paru: brzo pjenjenje mlijeka  Kapacitet: 1,4 l  Automatsko isklju\u010divanje  Potpuno metalni dizajn  &nbsp;\" \/>\n<meta property=\"og:url\" content=\"https:\/\/origon-eu.com\/hr\/product\/lever-espresso-coffee-machine\/\" \/>\n<meta property=\"og:site_name\" content=\"Origon EU\" \/>\n<meta property=\"article:modified_time\" content=\"2025-02-13T19:58:37+00:00\" \/>\n<meta property=\"og:image\" content=\"https:\/\/origon-eu.com\/wp-content\/uploads\/2025\/01\/kavovar.webp\" \/>\n\t<meta property=\"og:image:width\" content=\"790\" \/>\n\t<meta property=\"og:image:height\" content=\"530\" \/>\n\t<meta property=\"og:image:type\" content=\"image\/webp\" \/>\n<meta name=\"twitter:card\" content=\"summary_large_image\" \/>\n<meta name=\"twitter:label1\" content=\"Procijenjeno vrijeme \u010ditanja\" \/>\n\t<meta name=\"twitter:data1\" content=\"2 minute\" \/>\n<script type=\"application\/ld+json\" class=\"yoast-schema-graph\">{\"@context\":\"https:\/\/schema.org\",\"@graph\":[{\"@type\":\"WebPage\",\"@id\":\"https:\/\/origon-eu.com\/hr\/product\/lever-espresso-coffee-machine\/\",\"url\":\"https:\/\/origon-eu.com\/hr\/product\/lever-espresso-coffee-machine\/\",\"name\":\"Lever espresso coffee machine - Origon EU\",\"isPartOf\":{\"@id\":\"https:\/\/origon-eu.com\/#website\"},\"primaryImageOfPage\":{\"@id\":\"https:\/\/origon-eu.com\/hr\/product\/lever-espresso-coffee-machine\/#primaryimage\"},\"image\":{\"@id\":\"https:\/\/origon-eu.com\/hr\/product\/lever-espresso-coffee-machine\/#primaryimage\"},\"thumbnailUrl\":\"https:\/\/origon-eu.com\/wp-content\/uploads\/2025\/01\/kavovar.webp\",\"datePublished\":\"2025-01-08T14:41:50+00:00\",\"dateModified\":\"2025-02-13T19:58:37+00:00\",\"breadcrumb\":{\"@id\":\"https:\/\/origon-eu.com\/hr\/product\/lever-espresso-coffee-machine\/#breadcrumb\"},\"inLanguage\":\"hr\",\"potentialAction\":[{\"@type\":\"ReadAction\",\"target\":[\"https:\/\/origon-eu.com\/hr\/product\/lever-espresso-coffee-machine\/\"]}]},{\"@type\":\"ImageObject\",\"inLanguage\":\"hr\",\"@id\":\"https:\/\/origon-eu.com\/hr\/product\/lever-espresso-coffee-machine\/#primaryimage\",\"url\":\"https:\/\/origon-eu.com\/wp-content\/uploads\/2025\/01\/kavovar.webp\",\"contentUrl\":\"https:\/\/origon-eu.com\/wp-content\/uploads\/2025\/01\/kavovar.webp\",\"width\":790,\"height\":530},{\"@type\":\"BreadcrumbList\",\"@id\":\"https:\/\/origon-eu.com\/hr\/product\/lever-espresso-coffee-machine\/#breadcrumb\",\"itemListElement\":[{\"@type\":\"ListItem\",\"position\":1,\"name\":\"Home\",\"item\":\"https:\/\/origon-eu.com\/\"},{\"@type\":\"ListItem\",\"position\":2,\"name\":\"Katalog\",\"item\":\"https:\/\/origon-eu.com\/hr\/shop-2\/\"},{\"@type\":\"ListItem\",\"position\":3,\"name\":\"Lever espresso coffee machine\"}]},{\"@type\":\"WebSite\",\"@id\":\"https:\/\/origon-eu.com\/#website\",\"url\":\"https:\/\/origon-eu.com\/\",\"name\":\"Origon EU\",\"description\":\"Online Store\",\"publisher\":{\"@id\":\"https:\/\/origon-eu.com\/#organization\"},\"potentialAction\":[{\"@type\":\"SearchAction\",\"target\":{\"@type\":\"EntryPoint\",\"urlTemplate\":\"https:\/\/origon-eu.com\/?s={search_term_string}\"},\"query-input\":{\"@type\":\"PropertyValueSpecification\",\"valueRequired\":true,\"valueName\":\"search_term_string\"}}],\"inLanguage\":\"hr\"},{\"@type\":\"Organization\",\"@id\":\"https:\/\/origon-eu.com\/#organization\",\"name\":\"Origon EU\",\"url\":\"https:\/\/origon-eu.com\/\",\"logo\":{\"@type\":\"ImageObject\",\"inLanguage\":\"hr\",\"@id\":\"https:\/\/origon-eu.com\/#\/schema\/logo\/image\/\",\"url\":\"https:\/\/origon-eu.com\/wp-content\/uploads\/2024\/04\/Screenshot-2024-04-09-101814.png\",\"contentUrl\":\"https:\/\/origon-eu.com\/wp-content\/uploads\/2024\/04\/Screenshot-2024-04-09-101814.png\",\"width\":171,\"height\":59,\"caption\":\"Origon EU\"},\"image\":{\"@id\":\"https:\/\/origon-eu.com\/#\/schema\/logo\/image\/\"}}]}<\/script>\n<!-- \/ Yoast SEO plugin. -->","yoast_head_json":{"title":"Lever espresso coffee machine - Origon EU","robots":{"index":"index","follow":"follow","max-snippet":"max-snippet:-1","max-image-preview":"max-image-preview:large","max-video-preview":"max-video-preview:-1"},"canonical":"https:\/\/origon-eu.com\/hr\/product\/lever-espresso-coffee-machine\/","og_locale":"hr_HR","og_type":"article","og_title":"Lever espresso coffee machine - Origon EU","og_description":"Postavite najbolji kafu na svijetu kod ku\u0107e            Uvijek \u0107ete imati mjesto za sjedenje i nikada ne\u0107ete morati \u010dekati na svoju kavu. Bez obzira \u017eelite li u\u017eivati u dobrom espressu ili pjenastom latte macchiatu.   Visokokvalitetna talijanska pumpa: tlak od 20 bara  Jednostavno upravljanje: s pomo\u0107u 4 gumba  Brzo zagrijavanje vode: termoblok sustav  Broj \u0161alica kave: do 2 \u0161alice odjednom  Mlaznica za paru: brzo pjenjenje mlijeka  Kapacitet: 1,4 l  Automatsko isklju\u010divanje  Potpuno metalni dizajn  &nbsp;","og_url":"https:\/\/origon-eu.com\/hr\/product\/lever-espresso-coffee-machine\/","og_site_name":"Origon EU","article_modified_time":"2025-02-13T19:58:37+00:00","og_image":[{"width":790,"height":530,"url":"https:\/\/origon-eu.com\/wp-content\/uploads\/2025\/01\/kavovar.webp","type":"image\/webp"}],"twitter_card":"summary_large_image","twitter_misc":{"Procijenjeno vrijeme \u010ditanja":"2 minute"},"schema":{"@context":"https:\/\/schema.org","@graph":[{"@type":"WebPage","@id":"https:\/\/origon-eu.com\/hr\/product\/lever-espresso-coffee-machine\/","url":"https:\/\/origon-eu.com\/hr\/product\/lever-espresso-coffee-machine\/","name":"Lever espresso coffee machine - Origon EU","isPartOf":{"@id":"https:\/\/origon-eu.com\/#website"},"primaryImageOfPage":{"@id":"https:\/\/origon-eu.com\/hr\/product\/lever-espresso-coffee-machine\/#primaryimage"},"image":{"@id":"https:\/\/origon-eu.com\/hr\/product\/lever-espresso-coffee-machine\/#primaryimage"},"thumbnailUrl":"https:\/\/origon-eu.com\/wp-content\/uploads\/2025\/01\/kavovar.webp","datePublished":"2025-01-08T14:41:50+00:00","dateModified":"2025-02-13T19:58:37+00:00","breadcrumb":{"@id":"https:\/\/origon-eu.com\/hr\/product\/lever-espresso-coffee-machine\/#breadcrumb"},"inLanguage":"hr","potentialAction":[{"@type":"ReadAction","target":["https:\/\/origon-eu.com\/hr\/product\/lever-espresso-coffee-machine\/"]}]},{"@type":"ImageObject","inLanguage":"hr","@id":"https:\/\/origon-eu.com\/hr\/product\/lever-espresso-coffee-machine\/#primaryimage","url":"https:\/\/origon-eu.com\/wp-content\/uploads\/2025\/01\/kavovar.webp","contentUrl":"https:\/\/origon-eu.com\/wp-content\/uploads\/2025\/01\/kavovar.webp","width":790,"height":530},{"@type":"BreadcrumbList","@id":"https:\/\/origon-eu.com\/hr\/product\/lever-espresso-coffee-machine\/#breadcrumb","itemListElement":[{"@type":"ListItem","position":1,"name":"Home","item":"https:\/\/origon-eu.com\/"},{"@type":"ListItem","position":2,"name":"Katalog","item":"https:\/\/origon-eu.com\/hr\/shop-2\/"},{"@type":"ListItem","position":3,"name":"Lever espresso coffee machine"}]},{"@type":"WebSite","@id":"https:\/\/origon-eu.com\/#website","url":"https:\/\/origon-eu.com\/","name":"Origon EU","description":"Online Store","publisher":{"@id":"https:\/\/origon-eu.com\/#organization"},"potentialAction":[{"@type":"SearchAction","target":{"@type":"EntryPoint","urlTemplate":"https:\/\/origon-eu.com\/?s={search_term_string}"},"query-input":{"@type":"PropertyValueSpecification","valueRequired":true,"valueName":"search_term_string"}}],"inLanguage":"hr"},{"@type":"Organization","@id":"https:\/\/origon-eu.com\/#organization","name":"Origon EU","url":"https:\/\/origon-eu.com\/","logo":{"@type":"ImageObject","inLanguage":"hr","@id":"https:\/\/origon-eu.com\/#\/schema\/logo\/image\/","url":"https:\/\/origon-eu.com\/wp-content\/uploads\/2024\/04\/Screenshot-2024-04-09-101814.png","contentUrl":"https:\/\/origon-eu.com\/wp-content\/uploads\/2024\/04\/Screenshot-2024-04-09-101814.png","width":171,"height":59,"caption":"Origon EU"},"image":{"@id":"https:\/\/origon-eu.com\/#\/schema\/logo\/image\/"}}]}},"tiered_pricing_type":"fixed","tiered_pricing_fixed_rules":[],"tiered_pricing_percentage_rules":[],"tiered_pricing_minimum":1,"tiered_pricing_roles_data":[],"_links":{"self":[{"href":"https:\/\/origon-eu.com\/hr\/wp-json\/wp\/v2\/product\/32535","targetHints":{"allow":["GET"]}}],"collection":[{"href":"https:\/\/origon-eu.com\/hr\/wp-json\/wp\/v2\/product"}],"about":[{"href":"https:\/\/origon-eu.com\/hr\/wp-json\/wp\/v2\/types\/product"}],"version-history":[{"count":6,"href":"https:\/\/origon-eu.com\/hr\/wp-json\/wp\/v2\/product\/32535\/revisions"}],"predecessor-version":[{"id":32560,"href":"https:\/\/origon-eu.com\/hr\/wp-json\/wp\/v2\/product\/32535\/revisions\/32560"}],"wp:featuredmedia":[{"embeddable":true,"href":"https:\/\/origon-eu.com\/hr\/wp-json\/wp\/v2\/media\/32439"}],"wp:attachment":[{"href":"https:\/\/origon-eu.com\/hr\/wp-json\/wp\/v2\/media?parent=32535"}],"wp:term":[{"taxonomy":"product_cat","embeddable":true,"href":"https:\/\/origon-eu.com\/hr\/wp-json\/wp\/v2\/product_cat?post=32535"},{"taxonomy":"product_tag","embeddable":true,"href":"https:\/\/origon-eu.com\/hr\/wp-json\/wp\/v2\/product_tag?post=32535"}],"curies":[{"name":"wp","href":"https:\/\/api.w.org\/{rel}","templated":true}]}}