{"id":32131,"date":"2025-01-08T14:43:21","date_gmt":"2025-01-08T12:43:21","guid":{"rendered":"https:\/\/origon-eu.com\/?post_type=product&#038;p=32131"},"modified":"2025-03-17T13:44:33","modified_gmt":"2025-03-17T11:44:33","slug":"vanjska-i-unutarnja-bezicna-kamera-digicam","status":"publish","type":"product","link":"https:\/\/origon-eu.com\/hr\/product\/vanjska-i-unutarnja-bezicna-kamera-digicam\/","title":{"rendered":"Vanjska i unutarnja be\u017ei\u010dna kamera"},"content":{"rendered":"<p style=\"text-align: center\"><strong>Uvijek imajte kontrolu nad svojim telefonom<\/strong><\/p>\n<p style=\"text-align: center\">Kamera vam \u0161alje alarmnu poruku na pametni telefon i sprema aktivnosti posjetitelja na memorijsku karticu pa \u0107ete ih kasnije mo\u0107i provjeriti.<\/p>\n<p style=\"text-align: center\"><strong><a href=\"https:\/\/origon-eu.com\/wp-content\/uploads\/2025\/01\/ezgif.com-video-to-gif-converter-3.gif\"><img fetchpriority=\"high\" decoding=\"async\" class=\"aligncenter wp-image-32317 size-full\" src=\"https:\/\/origon-eu.com\/wp-content\/uploads\/2025\/01\/ezgif.com-video-to-gif-converter-3.gif\" alt=\"\" width=\"400\" height=\"270\" \/><\/a>Imajte o\u010di u svakom kutku kod ku\u0107e ili na poslu<\/strong><\/p>\n<p style=\"text-align: center\">Panoramski pogled omogu\u0107uje vam da vidite sve \u0161to se doga\u0111a unutar ili izvan va\u0161eg doma. Mo\u017ee se koristiti i kao kameru za bebe.<\/p>\n<p style=\"text-align: center\"><strong><a href=\"https:\/\/origon-eu.com\/wp-content\/uploads\/2025\/01\/ezgif.com-video-to-gif-converter-4.gif\"><img decoding=\"async\" class=\"size-full wp-image-32337 aligncenter\" src=\"https:\/\/origon-eu.com\/wp-content\/uploads\/2025\/01\/ezgif.com-video-to-gif-converter-4.gif\" alt=\"\" width=\"680\" height=\"382\" \/><\/a>Pametna wifi veza<\/strong><\/p>\n<p style=\"text-align: center\">Lako se povezuje s va\u0161om ku\u0107nom ili uredskom WiFi mre\u017eom, omogu\u0107uju\u0107i vam pristup svom videozapisu s bilo kojeg mjesta internetskom vezom. Pomo\u0107u intuitivne aplikacije, dostupne i za iOS i Android, mo\u017eete gledati video u stvarnom vremenu.<\/p>\n<p style=\"text-align: center\"><a href=\"https:\/\/origon-eu.com\/wp-content\/uploads\/2025\/01\/DIGICAM23859-HR__8f95f165.webp\"><img decoding=\"async\" class=\"alignnone wp-image-32152 size-full\" src=\"https:\/\/origon-eu.com\/wp-content\/uploads\/2025\/01\/DIGICAM23859-HR__8f95f165.webp\" alt=\"\" width=\"600\" height=\"600\" srcset=\"https:\/\/origon-eu.com\/wp-content\/uploads\/2025\/01\/DIGICAM23859-HR__8f95f165.webp 600w, https:\/\/origon-eu.com\/wp-content\/uploads\/2025\/01\/DIGICAM23859-HR__8f95f165-300x300.webp 300w, https:\/\/origon-eu.com\/wp-content\/uploads\/2025\/01\/DIGICAM23859-HR__8f95f165-150x150.webp 150w\" sizes=\"(max-width: 600px) 100vw, 600px\" \/><\/a><\/p>\n<p style=\"text-align: center\"><strong>Slu\u0161ajte i razgovorajte preko kamere<\/strong><\/p>\n<p style=\"text-align: center\">Ugra\u0111eni responzivni mikrofon na vanjskoj sigurnosnoj kameri, zahvaljuju\u0107i kojemu mo\u017eete slu\u0161ati i razgovarati putem na\u0161e aplikacije. Dvosmjerni zvuk omogu\u0107uje komunikaciju s prijateljima, a alarmom za otkrivanje pokreta mo\u017eete se rije\u0161iti ne\u017eeljenih gostiju ili \u017eivotinja.<\/p>\n<p style=\"text-align: center\"><a href=\"https:\/\/origon-eu.com\/wp-content\/uploads\/2025\/01\/DIGICAM24618-HR__97ff47bf.webp\"><img loading=\"lazy\" decoding=\"async\" class=\"alignnone wp-image-32162 size-full\" src=\"https:\/\/origon-eu.com\/wp-content\/uploads\/2025\/01\/DIGICAM24618-HR__97ff47bf.webp\" alt=\"\" width=\"600\" height=\"600\" srcset=\"https:\/\/origon-eu.com\/wp-content\/uploads\/2025\/01\/DIGICAM24618-HR__97ff47bf.webp 600w, https:\/\/origon-eu.com\/wp-content\/uploads\/2025\/01\/DIGICAM24618-HR__97ff47bf-300x300.webp 300w, https:\/\/origon-eu.com\/wp-content\/uploads\/2025\/01\/DIGICAM24618-HR__97ff47bf-150x150.webp 150w\" sizes=\"(max-width: 600px) 100vw, 600px\" \/><\/a><\/p>\n<p style=\"text-align: center\"><strong>Upravljajte smjerom putem mobilnog telefona<\/strong><\/p>\n<p style=\"text-align: center\">Pru\u017ea 320\u00b0 horizontalnu i 110\u00b0 vertikalnu rotaciju, kojom se mogu pokriti sva podru\u010dja. 4x digitalno zumiranje omogu\u0107ava vam pove\u0107avanje kako biste vidjeli daleke predmete s vi\u0161e detalja ili umanjili prikaz i time dobili \u0161iri i ve\u0107i prikaz.<\/p>\n<p style=\"text-align: center\"><a href=\"https:\/\/origon-eu.com\/wp-content\/uploads\/2025\/01\/DIGICAM28157-HR__931cbf63.webp\"><img loading=\"lazy\" decoding=\"async\" class=\"alignnone wp-image-32182 size-full\" src=\"https:\/\/origon-eu.com\/wp-content\/uploads\/2025\/01\/DIGICAM28157-HR__931cbf63.webp\" alt=\"\" width=\"600\" height=\"600\" srcset=\"https:\/\/origon-eu.com\/wp-content\/uploads\/2025\/01\/DIGICAM28157-HR__931cbf63.webp 600w, https:\/\/origon-eu.com\/wp-content\/uploads\/2025\/01\/DIGICAM28157-HR__931cbf63-300x300.webp 300w, https:\/\/origon-eu.com\/wp-content\/uploads\/2025\/01\/DIGICAM28157-HR__931cbf63-150x150.webp 150w\" sizes=\"(max-width: 600px) 100vw, 600px\" \/><\/a><\/p>\n<p style=\"text-align: center\"><strong>Upozorenje za otkrivanje pokreta<\/strong><\/p>\n<p style=\"text-align: center\">Dobit \u0107ete upozorenja izravno na va\u0161 pametni telefon iz aplikacije u bilo kojem trenutku kada se zatekne pokret. Nijedan ljudski pokret ne mo\u017ee pro\u0107i bez obavijesti. Ne morate stalno gledati u videozapise!<\/p>\n<p style=\"text-align: center\"><a href=\"https:\/\/origon-eu.com\/wp-content\/uploads\/2025\/01\/digicam-14.webp\"><img loading=\"lazy\" decoding=\"async\" class=\"alignnone size-full wp-image-32172\" src=\"https:\/\/origon-eu.com\/wp-content\/uploads\/2025\/01\/digicam-14.webp\" alt=\"\" width=\"600\" height=\"600\" srcset=\"https:\/\/origon-eu.com\/wp-content\/uploads\/2025\/01\/digicam-14.webp 600w, https:\/\/origon-eu.com\/wp-content\/uploads\/2025\/01\/digicam-14-300x300.webp 300w, https:\/\/origon-eu.com\/wp-content\/uploads\/2025\/01\/digicam-14-150x150.webp 150w\" sizes=\"(max-width: 600px) 100vw, 600px\" \/><\/a><\/p>\n<p style=\"text-align: center\"><strong>Otporno na vodu i pra\u0161inu<\/strong><\/p>\n<p style=\"text-align: center\">Kamera je vodootporna pa se mo\u017ee postaviti u bilo koji vanjski kutak i savr\u0161eno funkcionira u bilo kojoj vremenskoj prilici.<\/p>\n<p style=\"text-align: center\"><a href=\"https:\/\/origon-eu.com\/wp-content\/uploads\/2025\/01\/digicam-3.webp\"><img loading=\"lazy\" decoding=\"async\" class=\"alignnone size-full wp-image-32192\" src=\"https:\/\/origon-eu.com\/wp-content\/uploads\/2025\/01\/digicam-3.webp\" alt=\"\" width=\"600\" height=\"600\" srcset=\"https:\/\/origon-eu.com\/wp-content\/uploads\/2025\/01\/digicam-3.webp 600w, https:\/\/origon-eu.com\/wp-content\/uploads\/2025\/01\/digicam-3-300x300.webp 300w, https:\/\/origon-eu.com\/wp-content\/uploads\/2025\/01\/digicam-3-150x150.webp 150w\" sizes=\"(max-width: 600px) 100vw, 600px\" \/><\/a><\/p>\n<p style=\"text-align: center\"><strong>Dnevna i no\u0107na boja<\/strong><\/p>\n<p style=\"text-align: center\">Konfigurira 3 \u0161irokokutna infracrvena svjetla i 4 svijetla led svjetla tako da mo\u017eete dobiti \u0161areni video no\u0107ni vid \u010dak i u mraku.<\/p>\n<p style=\"text-align: center\"><a href=\"https:\/\/origon-eu.com\/wp-content\/uploads\/2025\/01\/DIGICAM25827-HR__d12d464c.webp\"><img loading=\"lazy\" decoding=\"async\" class=\"alignnone size-full wp-image-32202\" src=\"https:\/\/origon-eu.com\/wp-content\/uploads\/2025\/01\/DIGICAM25827-HR__d12d464c.webp\" alt=\"\" width=\"600\" height=\"600\" srcset=\"https:\/\/origon-eu.com\/wp-content\/uploads\/2025\/01\/DIGICAM25827-HR__d12d464c.webp 600w, https:\/\/origon-eu.com\/wp-content\/uploads\/2025\/01\/DIGICAM25827-HR__d12d464c-300x300.webp 300w, https:\/\/origon-eu.com\/wp-content\/uploads\/2025\/01\/DIGICAM25827-HR__d12d464c-150x150.webp 150w\" sizes=\"(max-width: 600px) 100vw, 600px\" \/><\/a><\/p>\n","protected":false},"excerpt":{"rendered":"<ul>\n<li>Materijal: ABS<\/li>\n<li>Dvosmjerni audio<\/li>\n<li>24\/7 kontinuirano snimanje<\/li>\n<li>Podr\u017eava do 128GB mikro SD karticu (nije uklju\u010deno)<\/li>\n<li>Visoka definicija: 1080P (Full-HD)<\/li>\n<li>Boja: bijela<\/li>\n<\/ul>\n","protected":false},"featured_media":32212,"template":"","meta":[],"product_cat":[248,282],"product_tag":[],"class_list":{"0":"post-32131","1":"product","2":"type-product","3":"status-publish","4":"has-post-thumbnail","6":"product_cat-elektronika","7":"product_cat-pametni-dom-hr","9":"first","10":"instock","11":"sale","12":"shipping-taxable","13":"purchasable","14":"product-type-simple"},"yoast_head":"<!-- This site is optimized with the Yoast SEO plugin v24.2 - https:\/\/yoast.com\/wordpress\/plugins\/seo\/ -->\n<title>Vanjska i unutarnja be\u017ei\u010dna kamera - Origon EU<\/title>\n<meta name=\"robots\" content=\"index, follow, max-snippet:-1, max-image-preview:large, max-video-preview:-1\" \/>\n<link rel=\"canonical\" href=\"https:\/\/origon-eu.com\/hr\/product\/vanjska-i-unutarnja-bezicna-kamera-digicam\/\" \/>\n<meta property=\"og:locale\" content=\"hr_HR\" \/>\n<meta property=\"og:type\" content=\"article\" \/>\n<meta property=\"og:title\" content=\"Vanjska i unutarnja be\u017ei\u010dna kamera - Origon EU\" \/>\n<meta property=\"og:description\" content=\"Materijal: ABS  Dvosmjerni audio  24\/7 kontinuirano snimanje  Podr\u017eava do 128GB mikro SD karticu (nije uklju\u010deno)  Visoka definicija: 1080P (Full-HD)  Boja: bijela\" \/>\n<meta property=\"og:url\" content=\"https:\/\/origon-eu.com\/hr\/product\/vanjska-i-unutarnja-bezicna-kamera-digicam\/\" \/>\n<meta property=\"og:site_name\" content=\"Origon EU\" \/>\n<meta property=\"article:modified_time\" content=\"2025-03-17T11:44:33+00:00\" \/>\n<meta property=\"og:image\" content=\"https:\/\/origon-eu.com\/wp-content\/uploads\/2025\/01\/digicam-87939-1__d2765c98.jpg\" \/>\n\t<meta property=\"og:image:width\" content=\"600\" \/>\n\t<meta property=\"og:image:height\" content=\"600\" \/>\n\t<meta property=\"og:image:type\" content=\"image\/jpeg\" \/>\n<meta name=\"twitter:card\" content=\"summary_large_image\" \/>\n<meta name=\"twitter:label1\" content=\"Procijenjeno vrijeme \u010ditanja\" \/>\n\t<meta name=\"twitter:data1\" content=\"3 minute\" \/>\n<script type=\"application\/ld+json\" class=\"yoast-schema-graph\">{\"@context\":\"https:\/\/schema.org\",\"@graph\":[{\"@type\":\"WebPage\",\"@id\":\"https:\/\/origon-eu.com\/hr\/product\/vanjska-i-unutarnja-bezicna-kamera-digicam\/\",\"url\":\"https:\/\/origon-eu.com\/hr\/product\/vanjska-i-unutarnja-bezicna-kamera-digicam\/\",\"name\":\"Vanjska i unutarnja be\u017ei\u010dna kamera - Origon EU\",\"isPartOf\":{\"@id\":\"https:\/\/origon-eu.com\/#website\"},\"primaryImageOfPage\":{\"@id\":\"https:\/\/origon-eu.com\/hr\/product\/vanjska-i-unutarnja-bezicna-kamera-digicam\/#primaryimage\"},\"image\":{\"@id\":\"https:\/\/origon-eu.com\/hr\/product\/vanjska-i-unutarnja-bezicna-kamera-digicam\/#primaryimage\"},\"thumbnailUrl\":\"https:\/\/origon-eu.com\/wp-content\/uploads\/2025\/01\/digicam-87939-1__d2765c98.jpg\",\"datePublished\":\"2025-01-08T12:43:21+00:00\",\"dateModified\":\"2025-03-17T11:44:33+00:00\",\"breadcrumb\":{\"@id\":\"https:\/\/origon-eu.com\/hr\/product\/vanjska-i-unutarnja-bezicna-kamera-digicam\/#breadcrumb\"},\"inLanguage\":\"hr\",\"potentialAction\":[{\"@type\":\"ReadAction\",\"target\":[\"https:\/\/origon-eu.com\/hr\/product\/vanjska-i-unutarnja-bezicna-kamera-digicam\/\"]}]},{\"@type\":\"ImageObject\",\"inLanguage\":\"hr\",\"@id\":\"https:\/\/origon-eu.com\/hr\/product\/vanjska-i-unutarnja-bezicna-kamera-digicam\/#primaryimage\",\"url\":\"https:\/\/origon-eu.com\/wp-content\/uploads\/2025\/01\/digicam-87939-1__d2765c98.jpg\",\"contentUrl\":\"https:\/\/origon-eu.com\/wp-content\/uploads\/2025\/01\/digicam-87939-1__d2765c98.jpg\",\"width\":600,\"height\":600},{\"@type\":\"BreadcrumbList\",\"@id\":\"https:\/\/origon-eu.com\/hr\/product\/vanjska-i-unutarnja-bezicna-kamera-digicam\/#breadcrumb\",\"itemListElement\":[{\"@type\":\"ListItem\",\"position\":1,\"name\":\"Home\",\"item\":\"https:\/\/origon-eu.com\/\"},{\"@type\":\"ListItem\",\"position\":2,\"name\":\"Katalog\",\"item\":\"https:\/\/origon-eu.com\/hr\/shop-2\/\"},{\"@type\":\"ListItem\",\"position\":3,\"name\":\"Vanjska i unutarnja be\u017ei\u010dna kamera\"}]},{\"@type\":\"WebSite\",\"@id\":\"https:\/\/origon-eu.com\/#website\",\"url\":\"https:\/\/origon-eu.com\/\",\"name\":\"Origon EU\",\"description\":\"Online Store\",\"publisher\":{\"@id\":\"https:\/\/origon-eu.com\/#organization\"},\"potentialAction\":[{\"@type\":\"SearchAction\",\"target\":{\"@type\":\"EntryPoint\",\"urlTemplate\":\"https:\/\/origon-eu.com\/?s={search_term_string}\"},\"query-input\":{\"@type\":\"PropertyValueSpecification\",\"valueRequired\":true,\"valueName\":\"search_term_string\"}}],\"inLanguage\":\"hr\"},{\"@type\":\"Organization\",\"@id\":\"https:\/\/origon-eu.com\/#organization\",\"name\":\"Origon EU\",\"url\":\"https:\/\/origon-eu.com\/\",\"logo\":{\"@type\":\"ImageObject\",\"inLanguage\":\"hr\",\"@id\":\"https:\/\/origon-eu.com\/#\/schema\/logo\/image\/\",\"url\":\"https:\/\/origon-eu.com\/wp-content\/uploads\/2024\/04\/Screenshot-2024-04-09-101814.png\",\"contentUrl\":\"https:\/\/origon-eu.com\/wp-content\/uploads\/2024\/04\/Screenshot-2024-04-09-101814.png\",\"width\":171,\"height\":59,\"caption\":\"Origon EU\"},\"image\":{\"@id\":\"https:\/\/origon-eu.com\/#\/schema\/logo\/image\/\"}}]}<\/script>\n<!-- \/ Yoast SEO plugin. -->","yoast_head_json":{"title":"Vanjska i unutarnja be\u017ei\u010dna kamera - Origon EU","robots":{"index":"index","follow":"follow","max-snippet":"max-snippet:-1","max-image-preview":"max-image-preview:large","max-video-preview":"max-video-preview:-1"},"canonical":"https:\/\/origon-eu.com\/hr\/product\/vanjska-i-unutarnja-bezicna-kamera-digicam\/","og_locale":"hr_HR","og_type":"article","og_title":"Vanjska i unutarnja be\u017ei\u010dna kamera - Origon EU","og_description":"Materijal: ABS  Dvosmjerni audio  24\/7 kontinuirano snimanje  Podr\u017eava do 128GB mikro SD karticu (nije uklju\u010deno)  Visoka definicija: 1080P (Full-HD)  Boja: bijela","og_url":"https:\/\/origon-eu.com\/hr\/product\/vanjska-i-unutarnja-bezicna-kamera-digicam\/","og_site_name":"Origon EU","article_modified_time":"2025-03-17T11:44:33+00:00","og_image":[{"width":600,"height":600,"url":"https:\/\/origon-eu.com\/wp-content\/uploads\/2025\/01\/digicam-87939-1__d2765c98.jpg","type":"image\/jpeg"}],"twitter_card":"summary_large_image","twitter_misc":{"Procijenjeno vrijeme \u010ditanja":"3 minute"},"schema":{"@context":"https:\/\/schema.org","@graph":[{"@type":"WebPage","@id":"https:\/\/origon-eu.com\/hr\/product\/vanjska-i-unutarnja-bezicna-kamera-digicam\/","url":"https:\/\/origon-eu.com\/hr\/product\/vanjska-i-unutarnja-bezicna-kamera-digicam\/","name":"Vanjska i unutarnja be\u017ei\u010dna kamera - Origon EU","isPartOf":{"@id":"https:\/\/origon-eu.com\/#website"},"primaryImageOfPage":{"@id":"https:\/\/origon-eu.com\/hr\/product\/vanjska-i-unutarnja-bezicna-kamera-digicam\/#primaryimage"},"image":{"@id":"https:\/\/origon-eu.com\/hr\/product\/vanjska-i-unutarnja-bezicna-kamera-digicam\/#primaryimage"},"thumbnailUrl":"https:\/\/origon-eu.com\/wp-content\/uploads\/2025\/01\/digicam-87939-1__d2765c98.jpg","datePublished":"2025-01-08T12:43:21+00:00","dateModified":"2025-03-17T11:44:33+00:00","breadcrumb":{"@id":"https:\/\/origon-eu.com\/hr\/product\/vanjska-i-unutarnja-bezicna-kamera-digicam\/#breadcrumb"},"inLanguage":"hr","potentialAction":[{"@type":"ReadAction","target":["https:\/\/origon-eu.com\/hr\/product\/vanjska-i-unutarnja-bezicna-kamera-digicam\/"]}]},{"@type":"ImageObject","inLanguage":"hr","@id":"https:\/\/origon-eu.com\/hr\/product\/vanjska-i-unutarnja-bezicna-kamera-digicam\/#primaryimage","url":"https:\/\/origon-eu.com\/wp-content\/uploads\/2025\/01\/digicam-87939-1__d2765c98.jpg","contentUrl":"https:\/\/origon-eu.com\/wp-content\/uploads\/2025\/01\/digicam-87939-1__d2765c98.jpg","width":600,"height":600},{"@type":"BreadcrumbList","@id":"https:\/\/origon-eu.com\/hr\/product\/vanjska-i-unutarnja-bezicna-kamera-digicam\/#breadcrumb","itemListElement":[{"@type":"ListItem","position":1,"name":"Home","item":"https:\/\/origon-eu.com\/"},{"@type":"ListItem","position":2,"name":"Katalog","item":"https:\/\/origon-eu.com\/hr\/shop-2\/"},{"@type":"ListItem","position":3,"name":"Vanjska i unutarnja be\u017ei\u010dna kamera"}]},{"@type":"WebSite","@id":"https:\/\/origon-eu.com\/#website","url":"https:\/\/origon-eu.com\/","name":"Origon EU","description":"Online Store","publisher":{"@id":"https:\/\/origon-eu.com\/#organization"},"potentialAction":[{"@type":"SearchAction","target":{"@type":"EntryPoint","urlTemplate":"https:\/\/origon-eu.com\/?s={search_term_string}"},"query-input":{"@type":"PropertyValueSpecification","valueRequired":true,"valueName":"search_term_string"}}],"inLanguage":"hr"},{"@type":"Organization","@id":"https:\/\/origon-eu.com\/#organization","name":"Origon EU","url":"https:\/\/origon-eu.com\/","logo":{"@type":"ImageObject","inLanguage":"hr","@id":"https:\/\/origon-eu.com\/#\/schema\/logo\/image\/","url":"https:\/\/origon-eu.com\/wp-content\/uploads\/2024\/04\/Screenshot-2024-04-09-101814.png","contentUrl":"https:\/\/origon-eu.com\/wp-content\/uploads\/2024\/04\/Screenshot-2024-04-09-101814.png","width":171,"height":59,"caption":"Origon EU"},"image":{"@id":"https:\/\/origon-eu.com\/#\/schema\/logo\/image\/"}}]}},"tiered_pricing_type":"fixed","tiered_pricing_fixed_rules":{"2":"36.99","3":"34.99","4":"32.99"},"tiered_pricing_percentage_rules":[],"tiered_pricing_minimum":1,"tiered_pricing_roles_data":[],"_links":{"self":[{"href":"https:\/\/origon-eu.com\/hr\/wp-json\/wp\/v2\/product\/32131","targetHints":{"allow":["GET"]}}],"collection":[{"href":"https:\/\/origon-eu.com\/hr\/wp-json\/wp\/v2\/product"}],"about":[{"href":"https:\/\/origon-eu.com\/hr\/wp-json\/wp\/v2\/types\/product"}],"version-history":[{"count":8,"href":"https:\/\/origon-eu.com\/hr\/wp-json\/wp\/v2\/product\/32131\/revisions"}],"predecessor-version":[{"id":35838,"href":"https:\/\/origon-eu.com\/hr\/wp-json\/wp\/v2\/product\/32131\/revisions\/35838"}],"wp:featuredmedia":[{"embeddable":true,"href":"https:\/\/origon-eu.com\/hr\/wp-json\/wp\/v2\/media\/32212"}],"wp:attachment":[{"href":"https:\/\/origon-eu.com\/hr\/wp-json\/wp\/v2\/media?parent=32131"}],"wp:term":[{"taxonomy":"product_cat","embeddable":true,"href":"https:\/\/origon-eu.com\/hr\/wp-json\/wp\/v2\/product_cat?post=32131"},{"taxonomy":"product_tag","embeddable":true,"href":"https:\/\/origon-eu.com\/hr\/wp-json\/wp\/v2\/product_tag?post=32131"}],"curies":[{"name":"wp","href":"https:\/\/api.w.org\/{rel}","templated":true}]}}