{"id":28848,"date":"2024-10-29T12:02:06","date_gmt":"2024-10-29T10:02:06","guid":{"rendered":"https:\/\/origon-eu.com\/?post_type=product&#038;p=28848"},"modified":"2025-03-15T16:55:04","modified_gmt":"2025-03-15T14:55:04","slug":"magic-nail-fungus-removal-spray","status":"publish","type":"product","link":"https:\/\/origon-eu.com\/hr\/product\/magic-nail-fungus-removal-spray\/","title":{"rendered":"\u010carobni sprej za uklanjanje gljivica na noktima"},"content":{"rendered":"<p>1\u3001\u3010Sigurnost sastojaka\u3011Prirodni sastojci ja\u010daju lomljive nokte, popravljaju obojene i o\u0161te\u0107ene nokte i ubrzavaju zdrav rast noktiju. Nail Repair Essence je siguran i nje\u017ean.<br \/>\n2\u3001\u3010Lako se popravlja\u3011Daje noktima prirodan sjaj i poma\u017ee ih zagladiti. Razdoblje oporavka ovisi o rastu i o\u0161te\u0107enju nokta, stoga mo\u017ee trajati razli\u010dito.<br \/>\n3\u3001\u3010Jaki nokti\u3011Pobolj\u0161ava tkivo nokta, zdravo tkivo \u010dini va\u0161e nokte ja\u010dima i manje sklonima lomljenju. Natural Toenail Repair Essence poma\u017ee smanjiti promjenu boje, ispraviti deformirane oblike i normalizirati debljinu.<br \/>\n4\u3001\u3010Vi\u0161enamjenski\u3011Extra Strong Nail Repair for Toenail prikladan je za skupljanje, neravne povr\u0161ine, raslojavanje, zadebljanje i \u017eutilo, uklanjanje noktiju, zamu\u0107enu promjenu boje, probleme s noktima itd.<br \/>\n5\u3001\u3010Kako koristiti\u3011Dva puta dnevno danju i no\u0107u. Nakon svaka 2-3 dana kori\u0161tenja, ispolirajte povr\u0161ine noktiju i nastavite koristiti. Essence za nokte na prstima i prstima je jednostavna za kori\u0161tenje.<br \/>\nOpis:<br \/>\nPrirodni sastojci ja\u010daju lomljive nokte, obnavljaju obojene i o\u0161te\u0107ene nokte te ubrzavaju rast zdravih noktiju. Nail Repair Essence je siguran i nje\u017ean. Zdravo tkivo \u010dini va\u0161e nokte ja\u010dima i manje sklonima lomljenju. Natural Toenail Repair Essence poma\u017ee u rastu jakih noktiju, smanjenju promjene boje, ispravljanju deformiranog oblika itd.<br \/>\nDva puta dnevno, jednom ujutro, jednom nave\u010der. Nakon svaka 2-3 dana kori\u0161tenja, ispolirajte povr\u0161ine noktiju i nastavite koristiti.<\/p>\n<p><a href=\"https:\/\/origon-eu.com\/wp-content\/uploads\/2024\/10\/S98765ea6afd04e73a31089d99c3756e7H.avif\"><img fetchpriority=\"high\" decoding=\"async\" class=\"alignnone size-full wp-image-32710\" src=\"https:\/\/origon-eu.com\/wp-content\/uploads\/2024\/10\/S98765ea6afd04e73a31089d99c3756e7H.avif\" alt=\"\" width=\"1000\" height=\"1000\" \/><\/a> <a href=\"https:\/\/origon-eu.com\/wp-content\/uploads\/2024\/10\/Sa8a2b52d780b49959a440f8fa6d491c2W.avif\"><img decoding=\"async\" class=\"alignnone size-full wp-image-32721\" src=\"https:\/\/origon-eu.com\/wp-content\/uploads\/2024\/10\/Sa8a2b52d780b49959a440f8fa6d491c2W.avif\" alt=\"\" width=\"1000\" height=\"1000\" \/><\/a> <a href=\"https:\/\/origon-eu.com\/wp-content\/uploads\/2024\/10\/Sf265ad80b692425a8ad98922eac3107co.avif\"><img decoding=\"async\" class=\"alignnone size-full wp-image-32731\" src=\"https:\/\/origon-eu.com\/wp-content\/uploads\/2024\/10\/Sf265ad80b692425a8ad98922eac3107co.avif\" alt=\"\" width=\"1000\" height=\"1000\" \/><\/a> <a href=\"https:\/\/origon-eu.com\/wp-content\/uploads\/2024\/10\/S9ae0e23410d54186aa72dbcc067830faD.avif\"><img loading=\"lazy\" decoding=\"async\" class=\"alignnone size-full wp-image-32741\" src=\"https:\/\/origon-eu.com\/wp-content\/uploads\/2024\/10\/S9ae0e23410d54186aa72dbcc067830faD.avif\" alt=\"\" width=\"1000\" height=\"1000\" \/><\/a> <a href=\"https:\/\/origon-eu.com\/wp-content\/uploads\/2024\/10\/S83cd5546cc4c4eb8a3900ecd72b5f99c4.avif\"><img loading=\"lazy\" decoding=\"async\" class=\"alignnone size-full wp-image-32751\" src=\"https:\/\/origon-eu.com\/wp-content\/uploads\/2024\/10\/S83cd5546cc4c4eb8a3900ecd72b5f99c4.avif\" alt=\"\" width=\"1000\" height=\"1000\" \/><\/a> <a href=\"https:\/\/origon-eu.com\/wp-content\/uploads\/2024\/10\/S42d34c19bc544f568bbe2a0ab7b9f85b0.avif\"><img loading=\"lazy\" decoding=\"async\" class=\"alignnone size-full wp-image-32761\" src=\"https:\/\/origon-eu.com\/wp-content\/uploads\/2024\/10\/S42d34c19bc544f568bbe2a0ab7b9f85b0.avif\" alt=\"\" width=\"1000\" height=\"1000\" \/><\/a> <a href=\"https:\/\/origon-eu.com\/wp-content\/uploads\/2024\/10\/Sa602da4a567b480e891d9a10004e8e5ew.avif\"><img loading=\"lazy\" decoding=\"async\" class=\"alignnone size-full wp-image-32771\" src=\"https:\/\/origon-eu.com\/wp-content\/uploads\/2024\/10\/Sa602da4a567b480e891d9a10004e8e5ew.avif\" alt=\"\" width=\"1000\" height=\"1000\" \/><\/a> <a href=\"https:\/\/origon-eu.com\/wp-content\/uploads\/2024\/10\/S9cede87958e245b7ba420c8969e77493u.avif\"><img loading=\"lazy\" decoding=\"async\" class=\"alignnone size-full wp-image-32781\" src=\"https:\/\/origon-eu.com\/wp-content\/uploads\/2024\/10\/S9cede87958e245b7ba420c8969e77493u.avif\" alt=\"\" width=\"1000\" height=\"1000\" \/><\/a> <a href=\"https:\/\/origon-eu.com\/wp-content\/uploads\/2024\/10\/S7ec07d42016c45928dc27f9673a65fa0O.avif\"><img loading=\"lazy\" decoding=\"async\" class=\"alignnone size-full wp-image-32791\" src=\"https:\/\/origon-eu.com\/wp-content\/uploads\/2024\/10\/S7ec07d42016c45928dc27f9673a65fa0O.avif\" alt=\"\" width=\"1000\" height=\"1000\" \/><\/a><\/p>\n","protected":false},"excerpt":{"rendered":"<ul>\n<li>Vidljivi rezultati nakon 7 dana primjene<\/li>\n<li>Smanjuje i usporava gubitak kose<\/li>\n<li>Pove\u0107ava gusto\u0107u kose<\/li>\n<li>Poti\u010de rast nove kose<\/li>\n<li>Poti\u010de regeneraciju korijena i gusto\u0107u kose<\/li>\n<li>Za mu\u0161karce i \u017eene<\/li>\n<\/ul>\n","protected":false},"featured_media":28866,"template":"","meta":[],"product_cat":[262],"product_tag":[],"class_list":{"0":"post-28848","1":"product","2":"type-product","3":"status-publish","4":"has-post-thumbnail","6":"product_cat-ljepota-i-osobna-njega-hr","8":"first","9":"instock","10":"sale","11":"shipping-taxable","12":"purchasable","13":"product-type-simple"},"yoast_head":"<!-- This site is optimized with the Yoast SEO plugin v24.2 - https:\/\/yoast.com\/wordpress\/plugins\/seo\/ -->\n<title>\u010carobni sprej za uklanjanje gljivica na noktima - Origon EU<\/title>\n<meta name=\"robots\" content=\"index, follow, max-snippet:-1, max-image-preview:large, max-video-preview:-1\" \/>\n<link rel=\"canonical\" href=\"https:\/\/origon-eu.com\/hr\/product\/magic-nail-fungus-removal-spray\/\" \/>\n<meta property=\"og:locale\" content=\"hr_HR\" \/>\n<meta property=\"og:type\" content=\"article\" \/>\n<meta property=\"og:title\" content=\"\u010carobni sprej za uklanjanje gljivica na noktima - Origon EU\" \/>\n<meta property=\"og:description\" content=\"Vidljivi rezultati nakon 7 dana primjene  Smanjuje i usporava gubitak kose  Pove\u0107ava gusto\u0107u kose  Poti\u010de rast nove kose  Poti\u010de regeneraciju korijena i gusto\u0107u kose  Za mu\u0161karce i \u017eene\" \/>\n<meta property=\"og:url\" content=\"https:\/\/origon-eu.com\/hr\/product\/magic-nail-fungus-removal-spray\/\" \/>\n<meta property=\"og:site_name\" content=\"Origon EU\" \/>\n<meta property=\"article:modified_time\" content=\"2025-03-15T14:55:04+00:00\" \/>\n<meta property=\"og:image\" content=\"https:\/\/origon-eu.com\/wp-content\/uploads\/2024\/10\/posledna.webp\" \/>\n\t<meta property=\"og:image:width\" content=\"1000\" \/>\n\t<meta property=\"og:image:height\" content=\"1000\" \/>\n\t<meta property=\"og:image:type\" content=\"image\/webp\" \/>\n<meta name=\"twitter:card\" content=\"summary_large_image\" \/>\n<meta name=\"twitter:label1\" content=\"Procijenjeno vrijeme \u010ditanja\" \/>\n\t<meta name=\"twitter:data1\" content=\"3 minute\" \/>\n<script type=\"application\/ld+json\" class=\"yoast-schema-graph\">{\"@context\":\"https:\/\/schema.org\",\"@graph\":[{\"@type\":\"WebPage\",\"@id\":\"https:\/\/origon-eu.com\/hr\/product\/magic-nail-fungus-removal-spray\/\",\"url\":\"https:\/\/origon-eu.com\/hr\/product\/magic-nail-fungus-removal-spray\/\",\"name\":\"\u010carobni sprej za uklanjanje gljivica na noktima - Origon EU\",\"isPartOf\":{\"@id\":\"https:\/\/origon-eu.com\/#website\"},\"primaryImageOfPage\":{\"@id\":\"https:\/\/origon-eu.com\/hr\/product\/magic-nail-fungus-removal-spray\/#primaryimage\"},\"image\":{\"@id\":\"https:\/\/origon-eu.com\/hr\/product\/magic-nail-fungus-removal-spray\/#primaryimage\"},\"thumbnailUrl\":\"https:\/\/origon-eu.com\/wp-content\/uploads\/2024\/10\/posledna.webp\",\"datePublished\":\"2024-10-29T10:02:06+00:00\",\"dateModified\":\"2025-03-15T14:55:04+00:00\",\"breadcrumb\":{\"@id\":\"https:\/\/origon-eu.com\/hr\/product\/magic-nail-fungus-removal-spray\/#breadcrumb\"},\"inLanguage\":\"hr\",\"potentialAction\":[{\"@type\":\"ReadAction\",\"target\":[\"https:\/\/origon-eu.com\/hr\/product\/magic-nail-fungus-removal-spray\/\"]}]},{\"@type\":\"ImageObject\",\"inLanguage\":\"hr\",\"@id\":\"https:\/\/origon-eu.com\/hr\/product\/magic-nail-fungus-removal-spray\/#primaryimage\",\"url\":\"https:\/\/origon-eu.com\/wp-content\/uploads\/2024\/10\/posledna.webp\",\"contentUrl\":\"https:\/\/origon-eu.com\/wp-content\/uploads\/2024\/10\/posledna.webp\",\"width\":1000,\"height\":1000},{\"@type\":\"BreadcrumbList\",\"@id\":\"https:\/\/origon-eu.com\/hr\/product\/magic-nail-fungus-removal-spray\/#breadcrumb\",\"itemListElement\":[{\"@type\":\"ListItem\",\"position\":1,\"name\":\"Home\",\"item\":\"https:\/\/origon-eu.com\/\"},{\"@type\":\"ListItem\",\"position\":2,\"name\":\"Katalog\",\"item\":\"https:\/\/origon-eu.com\/hr\/shop-2\/\"},{\"@type\":\"ListItem\",\"position\":3,\"name\":\"\u010carobni sprej za uklanjanje gljivica na noktima\"}]},{\"@type\":\"WebSite\",\"@id\":\"https:\/\/origon-eu.com\/#website\",\"url\":\"https:\/\/origon-eu.com\/\",\"name\":\"Origon EU\",\"description\":\"Online Store\",\"publisher\":{\"@id\":\"https:\/\/origon-eu.com\/#organization\"},\"potentialAction\":[{\"@type\":\"SearchAction\",\"target\":{\"@type\":\"EntryPoint\",\"urlTemplate\":\"https:\/\/origon-eu.com\/?s={search_term_string}\"},\"query-input\":{\"@type\":\"PropertyValueSpecification\",\"valueRequired\":true,\"valueName\":\"search_term_string\"}}],\"inLanguage\":\"hr\"},{\"@type\":\"Organization\",\"@id\":\"https:\/\/origon-eu.com\/#organization\",\"name\":\"Origon EU\",\"url\":\"https:\/\/origon-eu.com\/\",\"logo\":{\"@type\":\"ImageObject\",\"inLanguage\":\"hr\",\"@id\":\"https:\/\/origon-eu.com\/#\/schema\/logo\/image\/\",\"url\":\"https:\/\/origon-eu.com\/wp-content\/uploads\/2024\/04\/Screenshot-2024-04-09-101814.png\",\"contentUrl\":\"https:\/\/origon-eu.com\/wp-content\/uploads\/2024\/04\/Screenshot-2024-04-09-101814.png\",\"width\":171,\"height\":59,\"caption\":\"Origon EU\"},\"image\":{\"@id\":\"https:\/\/origon-eu.com\/#\/schema\/logo\/image\/\"}}]}<\/script>\n<!-- \/ Yoast SEO plugin. -->","yoast_head_json":{"title":"\u010carobni sprej za uklanjanje gljivica na noktima - Origon EU","robots":{"index":"index","follow":"follow","max-snippet":"max-snippet:-1","max-image-preview":"max-image-preview:large","max-video-preview":"max-video-preview:-1"},"canonical":"https:\/\/origon-eu.com\/hr\/product\/magic-nail-fungus-removal-spray\/","og_locale":"hr_HR","og_type":"article","og_title":"\u010carobni sprej za uklanjanje gljivica na noktima - Origon EU","og_description":"Vidljivi rezultati nakon 7 dana primjene  Smanjuje i usporava gubitak kose  Pove\u0107ava gusto\u0107u kose  Poti\u010de rast nove kose  Poti\u010de regeneraciju korijena i gusto\u0107u kose  Za mu\u0161karce i \u017eene","og_url":"https:\/\/origon-eu.com\/hr\/product\/magic-nail-fungus-removal-spray\/","og_site_name":"Origon EU","article_modified_time":"2025-03-15T14:55:04+00:00","og_image":[{"width":1000,"height":1000,"url":"https:\/\/origon-eu.com\/wp-content\/uploads\/2024\/10\/posledna.webp","type":"image\/webp"}],"twitter_card":"summary_large_image","twitter_misc":{"Procijenjeno vrijeme \u010ditanja":"3 minute"},"schema":{"@context":"https:\/\/schema.org","@graph":[{"@type":"WebPage","@id":"https:\/\/origon-eu.com\/hr\/product\/magic-nail-fungus-removal-spray\/","url":"https:\/\/origon-eu.com\/hr\/product\/magic-nail-fungus-removal-spray\/","name":"\u010carobni sprej za uklanjanje gljivica na noktima - Origon EU","isPartOf":{"@id":"https:\/\/origon-eu.com\/#website"},"primaryImageOfPage":{"@id":"https:\/\/origon-eu.com\/hr\/product\/magic-nail-fungus-removal-spray\/#primaryimage"},"image":{"@id":"https:\/\/origon-eu.com\/hr\/product\/magic-nail-fungus-removal-spray\/#primaryimage"},"thumbnailUrl":"https:\/\/origon-eu.com\/wp-content\/uploads\/2024\/10\/posledna.webp","datePublished":"2024-10-29T10:02:06+00:00","dateModified":"2025-03-15T14:55:04+00:00","breadcrumb":{"@id":"https:\/\/origon-eu.com\/hr\/product\/magic-nail-fungus-removal-spray\/#breadcrumb"},"inLanguage":"hr","potentialAction":[{"@type":"ReadAction","target":["https:\/\/origon-eu.com\/hr\/product\/magic-nail-fungus-removal-spray\/"]}]},{"@type":"ImageObject","inLanguage":"hr","@id":"https:\/\/origon-eu.com\/hr\/product\/magic-nail-fungus-removal-spray\/#primaryimage","url":"https:\/\/origon-eu.com\/wp-content\/uploads\/2024\/10\/posledna.webp","contentUrl":"https:\/\/origon-eu.com\/wp-content\/uploads\/2024\/10\/posledna.webp","width":1000,"height":1000},{"@type":"BreadcrumbList","@id":"https:\/\/origon-eu.com\/hr\/product\/magic-nail-fungus-removal-spray\/#breadcrumb","itemListElement":[{"@type":"ListItem","position":1,"name":"Home","item":"https:\/\/origon-eu.com\/"},{"@type":"ListItem","position":2,"name":"Katalog","item":"https:\/\/origon-eu.com\/hr\/shop-2\/"},{"@type":"ListItem","position":3,"name":"\u010carobni sprej za uklanjanje gljivica na noktima"}]},{"@type":"WebSite","@id":"https:\/\/origon-eu.com\/#website","url":"https:\/\/origon-eu.com\/","name":"Origon EU","description":"Online Store","publisher":{"@id":"https:\/\/origon-eu.com\/#organization"},"potentialAction":[{"@type":"SearchAction","target":{"@type":"EntryPoint","urlTemplate":"https:\/\/origon-eu.com\/?s={search_term_string}"},"query-input":{"@type":"PropertyValueSpecification","valueRequired":true,"valueName":"search_term_string"}}],"inLanguage":"hr"},{"@type":"Organization","@id":"https:\/\/origon-eu.com\/#organization","name":"Origon EU","url":"https:\/\/origon-eu.com\/","logo":{"@type":"ImageObject","inLanguage":"hr","@id":"https:\/\/origon-eu.com\/#\/schema\/logo\/image\/","url":"https:\/\/origon-eu.com\/wp-content\/uploads\/2024\/04\/Screenshot-2024-04-09-101814.png","contentUrl":"https:\/\/origon-eu.com\/wp-content\/uploads\/2024\/04\/Screenshot-2024-04-09-101814.png","width":171,"height":59,"caption":"Origon EU"},"image":{"@id":"https:\/\/origon-eu.com\/#\/schema\/logo\/image\/"}}]}},"tiered_pricing_type":"fixed","tiered_pricing_fixed_rules":{"2":"17.99","3":"16.99","4":"15.99"},"tiered_pricing_percentage_rules":[],"tiered_pricing_minimum":1,"tiered_pricing_roles_data":[],"_links":{"self":[{"href":"https:\/\/origon-eu.com\/hr\/wp-json\/wp\/v2\/product\/28848","targetHints":{"allow":["GET"]}}],"collection":[{"href":"https:\/\/origon-eu.com\/hr\/wp-json\/wp\/v2\/product"}],"about":[{"href":"https:\/\/origon-eu.com\/hr\/wp-json\/wp\/v2\/types\/product"}],"version-history":[{"count":1,"href":"https:\/\/origon-eu.com\/hr\/wp-json\/wp\/v2\/product\/28848\/revisions"}],"predecessor-version":[{"id":32803,"href":"https:\/\/origon-eu.com\/hr\/wp-json\/wp\/v2\/product\/28848\/revisions\/32803"}],"wp:featuredmedia":[{"embeddable":true,"href":"https:\/\/origon-eu.com\/hr\/wp-json\/wp\/v2\/media\/28866"}],"wp:attachment":[{"href":"https:\/\/origon-eu.com\/hr\/wp-json\/wp\/v2\/media?parent=28848"}],"wp:term":[{"taxonomy":"product_cat","embeddable":true,"href":"https:\/\/origon-eu.com\/hr\/wp-json\/wp\/v2\/product_cat?post=28848"},{"taxonomy":"product_tag","embeddable":true,"href":"https:\/\/origon-eu.com\/hr\/wp-json\/wp\/v2\/product_tag?post=28848"}],"curies":[{"name":"wp","href":"https:\/\/api.w.org\/{rel}","templated":true}]}}