{"id":39617,"date":"2025-03-21T17:00:35","date_gmt":"2025-03-21T15:00:35","guid":{"rendered":"https:\/\/origon-eu.com\/product\/microcotton-robe-with-hood-450gr-100-cotton-dark-blue\/"},"modified":"2025-03-25T15:56:29","modified_gmt":"2025-03-25T13:56:29","slug":"microcotton-robe-with-hood-450gr-100-cotton-dark-blue","status":"publish","type":"product","link":"https:\/\/origon-eu.com\/cz\/product\/microcotton-robe-with-hood-450gr-100-cotton-dark-blue\/","title":{"rendered":"Premium Mikropamuk Koupac\u00ed pl\u00e1\u0161\u0165 s kapuc\u00ed, 450g \u2013 100% Bavlna, Tmav\u011b modr\u00e1"},"content":{"rendered":"<p>Luxusn\u00ed koupelov\u00fd \u017eupan s kapuc\u00ed z mikrovl\u00e1kna, s vysokou hustotou a modern\u00edm designem. Mikrovl\u00e1kno je bavln\u011bn\u00e1 p\u0159\u00edze, kter\u00e1 pro\u0161la speci\u00e1ln\u00ed \u00fapravou, d\u00edky \u010demu\u017e jsou produkty z n\u011bj extr\u00e9mn\u011b m\u011bkk\u00e9 a jemn\u00e9 na dotyk s vynikaj\u00edc\u00ed absorp\u010dn\u00ed schopnost\u00ed. Trvanliv\u00e9 barvy.<\/p>\n<p>Vlastnosti:<\/p>\n<p>Velikosti: M, L, XL, XXL<\/p>\n<p>Slo\u017een\u00ed: 100% bavlna<\/p>\n<p>Pozn\u00e1mky:<\/p>\n<p class=\"\" data-start=\"444\" data-end=\"480\">Lze pr\u00e1t v pra\u010dce a\u017e do 40 stup\u0148\u016f!<\/p>\n<p class=\"\" data-start=\"483\" data-end=\"550\">Obr\u00e1zek je ilustrativn\u00ed a zobrazuje obecn\u00e9 vlastnosti produktu!<\/p>\n","protected":false},"excerpt":{"rendered":"<ul>\n<li data-start=\"0\" data-end=\"75\"><strong data-start=\"555\" data-end=\"568\">Materi\u00e1l:<\/strong> 100% bavlna mikrovl\u00e1kno pro m\u011bkk\u00fd a vysoce absorbuj\u00edc\u00ed pocit<\/li>\n<li data-start=\"0\" data-end=\"75\"><strong data-start=\"632\" data-end=\"645\">Hmotnost:<\/strong> 450 gram\u016f, poskytuj\u00edc\u00ed luxusn\u00ed a pohodlnou texturu<\/li>\n<li data-start=\"0\" data-end=\"75\"><strong data-start=\"699\" data-end=\"710\">Design:<\/strong> Obsahuje kapuci pro extra teplo a pohodl\u00ed<\/li>\n<li data-start=\"0\" data-end=\"75\"><strong data-start=\"755\" data-end=\"765\">Barva:<\/strong> Tmav\u011b modr\u00e1 pro sofistikovan\u00fd a uklid\u0148uj\u00edc\u00ed vzhled<\/li>\n<li data-start=\"0\" data-end=\"75\"><strong data-start=\"819\" data-end=\"833\">Absorp\u010dn\u00ed:<\/strong> Vynikaj\u00edc\u00ed absorp\u010dn\u00ed schopnost, ide\u00e1ln\u00ed pro osu\u0161en\u00ed po koupeli nebo sprchov\u00e1n\u00ed<\/li>\n<li data-start=\"0\" data-end=\"75\"><strong data-start=\"915\" data-end=\"928\">Pohodln\u00fd:<\/strong> Poskytuje luxusn\u00ed z\u00e1\u017eitek, jako ve wellness, p\u0159\u00edmo doma<\/li>\n<\/ul>\n","protected":false},"featured_media":38957,"template":"","meta":[],"product_cat":[497],"product_tag":[],"class_list":{"0":"post-39617","1":"product","2":"type-product","3":"status-publish","4":"has-post-thumbnail","6":"product_cat-bathrobes-cz","8":"first","9":"outofstock","10":"shipping-taxable","11":"purchasable","12":"product-type-variable"},"yoast_head":"<!-- This site is optimized with the Yoast SEO plugin v24.2 - https:\/\/yoast.com\/wordpress\/plugins\/seo\/ -->\n<title>Premium Mikropamuk Koupac\u00ed pl\u00e1\u0161\u0165 s kapuc\u00ed, 450g \u2013 100% Bavlna, Tmav\u011b modr\u00e1 - Origon EU<\/title>\n<meta name=\"robots\" content=\"index, follow, max-snippet:-1, max-image-preview:large, max-video-preview:-1\" \/>\n<link rel=\"canonical\" href=\"https:\/\/origon-eu.com\/cz\/product\/microcotton-robe-with-hood-450gr-100-cotton-dark-blue\/\" \/>\n<meta property=\"og:locale\" content=\"en_US\" \/>\n<meta property=\"og:type\" content=\"article\" \/>\n<meta property=\"og:title\" content=\"Premium Mikropamuk Koupac\u00ed pl\u00e1\u0161\u0165 s kapuc\u00ed, 450g \u2013 100% Bavlna, Tmav\u011b modr\u00e1 - Origon EU\" \/>\n<meta property=\"og:description\" content=\"Materi\u00e1l: 100% bavlna mikrovl\u00e1kno pro m\u011bkk\u00fd a vysoce absorbuj\u00edc\u00ed pocit  Hmotnost: 450 gram\u016f, poskytuj\u00edc\u00ed luxusn\u00ed a pohodlnou texturu  Design: Obsahuje kapuci pro extra teplo a pohodl\u00ed  Barva: Tmav\u011b modr\u00e1 pro sofistikovan\u00fd a uklid\u0148uj\u00edc\u00ed vzhled  Absorp\u010dn\u00ed: Vynikaj\u00edc\u00ed absorp\u010dn\u00ed schopnost, ide\u00e1ln\u00ed pro osu\u0161en\u00ed po koupeli nebo sprchov\u00e1n\u00ed  Pohodln\u00fd: Poskytuje luxusn\u00ed z\u00e1\u017eitek, jako ve wellness, p\u0159\u00edmo doma\" \/>\n<meta property=\"og:url\" content=\"https:\/\/origon-eu.com\/cz\/product\/microcotton-robe-with-hood-450gr-100-cotton-dark-blue\/\" \/>\n<meta property=\"og:site_name\" content=\"Origon EU\" \/>\n<meta property=\"article:modified_time\" content=\"2025-03-25T13:56:29+00:00\" \/>\n<meta property=\"og:image\" content=\"https:\/\/origon-eu.com\/wp-content\/uploads\/2025\/03\/halat-mikropamuk-s-kaculka-450gr-100-pamuk-tamno-sino-image_670cf30234ada_1920x1920.webp\" \/>\n\t<meta property=\"og:image:width\" content=\"1280\" \/>\n\t<meta property=\"og:image:height\" content=\"1920\" \/>\n\t<meta property=\"og:image:type\" content=\"image\/webp\" \/>\n<meta name=\"twitter:card\" content=\"summary_large_image\" \/>\n<meta name=\"twitter:label1\" content=\"Est. reading time\" \/>\n\t<meta name=\"twitter:data1\" content=\"1 minute\" \/>\n<script type=\"application\/ld+json\" class=\"yoast-schema-graph\">{\"@context\":\"https:\/\/schema.org\",\"@graph\":[{\"@type\":\"WebPage\",\"@id\":\"https:\/\/origon-eu.com\/cz\/product\/microcotton-robe-with-hood-450gr-100-cotton-dark-blue\/\",\"url\":\"https:\/\/origon-eu.com\/cz\/product\/microcotton-robe-with-hood-450gr-100-cotton-dark-blue\/\",\"name\":\"Premium Mikropamuk Koupac\u00ed pl\u00e1\u0161\u0165 s kapuc\u00ed, 450g \u2013 100% Bavlna, Tmav\u011b modr\u00e1 - Origon EU\",\"isPartOf\":{\"@id\":\"https:\/\/origon-eu.com\/#website\"},\"primaryImageOfPage\":{\"@id\":\"https:\/\/origon-eu.com\/cz\/product\/microcotton-robe-with-hood-450gr-100-cotton-dark-blue\/#primaryimage\"},\"image\":{\"@id\":\"https:\/\/origon-eu.com\/cz\/product\/microcotton-robe-with-hood-450gr-100-cotton-dark-blue\/#primaryimage\"},\"thumbnailUrl\":\"https:\/\/origon-eu.com\/wp-content\/uploads\/2025\/03\/halat-mikropamuk-s-kaculka-450gr-100-pamuk-tamno-sino-image_670cf30234ada_1920x1920.webp\",\"datePublished\":\"2025-03-21T15:00:35+00:00\",\"dateModified\":\"2025-03-25T13:56:29+00:00\",\"breadcrumb\":{\"@id\":\"https:\/\/origon-eu.com\/cz\/product\/microcotton-robe-with-hood-450gr-100-cotton-dark-blue\/#breadcrumb\"},\"inLanguage\":\"cz-CZ\",\"potentialAction\":[{\"@type\":\"ReadAction\",\"target\":[\"https:\/\/origon-eu.com\/cz\/product\/microcotton-robe-with-hood-450gr-100-cotton-dark-blue\/\"]}]},{\"@type\":\"ImageObject\",\"inLanguage\":\"cz-CZ\",\"@id\":\"https:\/\/origon-eu.com\/cz\/product\/microcotton-robe-with-hood-450gr-100-cotton-dark-blue\/#primaryimage\",\"url\":\"https:\/\/origon-eu.com\/wp-content\/uploads\/2025\/03\/halat-mikropamuk-s-kaculka-450gr-100-pamuk-tamno-sino-image_670cf30234ada_1920x1920.webp\",\"contentUrl\":\"https:\/\/origon-eu.com\/wp-content\/uploads\/2025\/03\/halat-mikropamuk-s-kaculka-450gr-100-pamuk-tamno-sino-image_670cf30234ada_1920x1920.webp\",\"width\":1280,\"height\":1920},{\"@type\":\"BreadcrumbList\",\"@id\":\"https:\/\/origon-eu.com\/cz\/product\/microcotton-robe-with-hood-450gr-100-cotton-dark-blue\/#breadcrumb\",\"itemListElement\":[{\"@type\":\"ListItem\",\"position\":1,\"name\":\"Home\",\"item\":\"https:\/\/origon-eu.com\/\"},{\"@type\":\"ListItem\",\"position\":2,\"name\":\"Shop\",\"item\":\"https:\/\/origon-eu.com\/cz\/shop-2\/\"},{\"@type\":\"ListItem\",\"position\":3,\"name\":\"Premium Mikropamuk Koupac\u00ed pl\u00e1\u0161\u0165 s kapuc\u00ed, 450g \u2013 100% Bavlna, Tmav\u011b modr\u00e1\"}]},{\"@type\":\"WebSite\",\"@id\":\"https:\/\/origon-eu.com\/#website\",\"url\":\"https:\/\/origon-eu.com\/\",\"name\":\"Origon EU\",\"description\":\"Online Store\",\"publisher\":{\"@id\":\"https:\/\/origon-eu.com\/#organization\"},\"potentialAction\":[{\"@type\":\"SearchAction\",\"target\":{\"@type\":\"EntryPoint\",\"urlTemplate\":\"https:\/\/origon-eu.com\/?s={search_term_string}\"},\"query-input\":{\"@type\":\"PropertyValueSpecification\",\"valueRequired\":true,\"valueName\":\"search_term_string\"}}],\"inLanguage\":\"cz-CZ\"},{\"@type\":\"Organization\",\"@id\":\"https:\/\/origon-eu.com\/#organization\",\"name\":\"Origon EU\",\"url\":\"https:\/\/origon-eu.com\/\",\"logo\":{\"@type\":\"ImageObject\",\"inLanguage\":\"cz-CZ\",\"@id\":\"https:\/\/origon-eu.com\/#\/schema\/logo\/image\/\",\"url\":\"https:\/\/origon-eu.com\/wp-content\/uploads\/2024\/04\/Screenshot-2024-04-09-101814.png\",\"contentUrl\":\"https:\/\/origon-eu.com\/wp-content\/uploads\/2024\/04\/Screenshot-2024-04-09-101814.png\",\"width\":171,\"height\":59,\"caption\":\"Origon EU\"},\"image\":{\"@id\":\"https:\/\/origon-eu.com\/#\/schema\/logo\/image\/\"}}]}<\/script>\n<!-- \/ Yoast SEO plugin. -->","yoast_head_json":{"title":"Premium Mikropamuk Koupac\u00ed pl\u00e1\u0161\u0165 s kapuc\u00ed, 450g \u2013 100% Bavlna, Tmav\u011b modr\u00e1 - Origon EU","robots":{"index":"index","follow":"follow","max-snippet":"max-snippet:-1","max-image-preview":"max-image-preview:large","max-video-preview":"max-video-preview:-1"},"canonical":"https:\/\/origon-eu.com\/cz\/product\/microcotton-robe-with-hood-450gr-100-cotton-dark-blue\/","og_locale":"en_US","og_type":"article","og_title":"Premium Mikropamuk Koupac\u00ed pl\u00e1\u0161\u0165 s kapuc\u00ed, 450g \u2013 100% Bavlna, Tmav\u011b modr\u00e1 - Origon EU","og_description":"Materi\u00e1l: 100% bavlna mikrovl\u00e1kno pro m\u011bkk\u00fd a vysoce absorbuj\u00edc\u00ed pocit  Hmotnost: 450 gram\u016f, poskytuj\u00edc\u00ed luxusn\u00ed a pohodlnou texturu  Design: Obsahuje kapuci pro extra teplo a pohodl\u00ed  Barva: Tmav\u011b modr\u00e1 pro sofistikovan\u00fd a uklid\u0148uj\u00edc\u00ed vzhled  Absorp\u010dn\u00ed: Vynikaj\u00edc\u00ed absorp\u010dn\u00ed schopnost, ide\u00e1ln\u00ed pro osu\u0161en\u00ed po koupeli nebo sprchov\u00e1n\u00ed  Pohodln\u00fd: Poskytuje luxusn\u00ed z\u00e1\u017eitek, jako ve wellness, p\u0159\u00edmo doma","og_url":"https:\/\/origon-eu.com\/cz\/product\/microcotton-robe-with-hood-450gr-100-cotton-dark-blue\/","og_site_name":"Origon EU","article_modified_time":"2025-03-25T13:56:29+00:00","og_image":[{"width":1280,"height":1920,"url":"https:\/\/origon-eu.com\/wp-content\/uploads\/2025\/03\/halat-mikropamuk-s-kaculka-450gr-100-pamuk-tamno-sino-image_670cf30234ada_1920x1920.webp","type":"image\/webp"}],"twitter_card":"summary_large_image","twitter_misc":{"Est. reading time":"1 minute"},"schema":{"@context":"https:\/\/schema.org","@graph":[{"@type":"WebPage","@id":"https:\/\/origon-eu.com\/cz\/product\/microcotton-robe-with-hood-450gr-100-cotton-dark-blue\/","url":"https:\/\/origon-eu.com\/cz\/product\/microcotton-robe-with-hood-450gr-100-cotton-dark-blue\/","name":"Premium Mikropamuk Koupac\u00ed pl\u00e1\u0161\u0165 s kapuc\u00ed, 450g \u2013 100% Bavlna, Tmav\u011b modr\u00e1 - Origon EU","isPartOf":{"@id":"https:\/\/origon-eu.com\/#website"},"primaryImageOfPage":{"@id":"https:\/\/origon-eu.com\/cz\/product\/microcotton-robe-with-hood-450gr-100-cotton-dark-blue\/#primaryimage"},"image":{"@id":"https:\/\/origon-eu.com\/cz\/product\/microcotton-robe-with-hood-450gr-100-cotton-dark-blue\/#primaryimage"},"thumbnailUrl":"https:\/\/origon-eu.com\/wp-content\/uploads\/2025\/03\/halat-mikropamuk-s-kaculka-450gr-100-pamuk-tamno-sino-image_670cf30234ada_1920x1920.webp","datePublished":"2025-03-21T15:00:35+00:00","dateModified":"2025-03-25T13:56:29+00:00","breadcrumb":{"@id":"https:\/\/origon-eu.com\/cz\/product\/microcotton-robe-with-hood-450gr-100-cotton-dark-blue\/#breadcrumb"},"inLanguage":"cz-CZ","potentialAction":[{"@type":"ReadAction","target":["https:\/\/origon-eu.com\/cz\/product\/microcotton-robe-with-hood-450gr-100-cotton-dark-blue\/"]}]},{"@type":"ImageObject","inLanguage":"cz-CZ","@id":"https:\/\/origon-eu.com\/cz\/product\/microcotton-robe-with-hood-450gr-100-cotton-dark-blue\/#primaryimage","url":"https:\/\/origon-eu.com\/wp-content\/uploads\/2025\/03\/halat-mikropamuk-s-kaculka-450gr-100-pamuk-tamno-sino-image_670cf30234ada_1920x1920.webp","contentUrl":"https:\/\/origon-eu.com\/wp-content\/uploads\/2025\/03\/halat-mikropamuk-s-kaculka-450gr-100-pamuk-tamno-sino-image_670cf30234ada_1920x1920.webp","width":1280,"height":1920},{"@type":"BreadcrumbList","@id":"https:\/\/origon-eu.com\/cz\/product\/microcotton-robe-with-hood-450gr-100-cotton-dark-blue\/#breadcrumb","itemListElement":[{"@type":"ListItem","position":1,"name":"Home","item":"https:\/\/origon-eu.com\/"},{"@type":"ListItem","position":2,"name":"Shop","item":"https:\/\/origon-eu.com\/cz\/shop-2\/"},{"@type":"ListItem","position":3,"name":"Premium Mikropamuk Koupac\u00ed pl\u00e1\u0161\u0165 s kapuc\u00ed, 450g \u2013 100% Bavlna, Tmav\u011b modr\u00e1"}]},{"@type":"WebSite","@id":"https:\/\/origon-eu.com\/#website","url":"https:\/\/origon-eu.com\/","name":"Origon EU","description":"Online Store","publisher":{"@id":"https:\/\/origon-eu.com\/#organization"},"potentialAction":[{"@type":"SearchAction","target":{"@type":"EntryPoint","urlTemplate":"https:\/\/origon-eu.com\/?s={search_term_string}"},"query-input":{"@type":"PropertyValueSpecification","valueRequired":true,"valueName":"search_term_string"}}],"inLanguage":"cz-CZ"},{"@type":"Organization","@id":"https:\/\/origon-eu.com\/#organization","name":"Origon EU","url":"https:\/\/origon-eu.com\/","logo":{"@type":"ImageObject","inLanguage":"cz-CZ","@id":"https:\/\/origon-eu.com\/#\/schema\/logo\/image\/","url":"https:\/\/origon-eu.com\/wp-content\/uploads\/2024\/04\/Screenshot-2024-04-09-101814.png","contentUrl":"https:\/\/origon-eu.com\/wp-content\/uploads\/2024\/04\/Screenshot-2024-04-09-101814.png","width":171,"height":59,"caption":"Origon EU"},"image":{"@id":"https:\/\/origon-eu.com\/#\/schema\/logo\/image\/"}}]}},"tiered_pricing_type":"fixed","tiered_pricing_fixed_rules":[],"tiered_pricing_percentage_rules":[],"tiered_pricing_minimum":1,"tiered_pricing_roles_data":[],"_links":{"self":[{"href":"https:\/\/origon-eu.com\/cz\/wp-json\/wp\/v2\/product\/39617","targetHints":{"allow":["GET"]}}],"collection":[{"href":"https:\/\/origon-eu.com\/cz\/wp-json\/wp\/v2\/product"}],"about":[{"href":"https:\/\/origon-eu.com\/cz\/wp-json\/wp\/v2\/types\/product"}],"version-history":[{"count":2,"href":"https:\/\/origon-eu.com\/cz\/wp-json\/wp\/v2\/product\/39617\/revisions"}],"predecessor-version":[{"id":39936,"href":"https:\/\/origon-eu.com\/cz\/wp-json\/wp\/v2\/product\/39617\/revisions\/39936"}],"wp:featuredmedia":[{"embeddable":true,"href":"https:\/\/origon-eu.com\/cz\/wp-json\/wp\/v2\/media\/38957"}],"wp:attachment":[{"href":"https:\/\/origon-eu.com\/cz\/wp-json\/wp\/v2\/media?parent=39617"}],"wp:term":[{"taxonomy":"product_cat","embeddable":true,"href":"https:\/\/origon-eu.com\/cz\/wp-json\/wp\/v2\/product_cat?post=39617"},{"taxonomy":"product_tag","embeddable":true,"href":"https:\/\/origon-eu.com\/cz\/wp-json\/wp\/v2\/product_tag?post=39617"}],"curies":[{"name":"wp","href":"https:\/\/api.w.org\/{rel}","templated":true}]}}