{"id":39406,"date":"2025-03-21T16:52:35","date_gmt":"2025-03-25T13:49:46","guid":{"rendered":"https:\/\/origon-eu.com\/?post_type=product&#038;p=39406"},"modified":"2025-03-25T15:49:47","modified_gmt":"2025-03-25T13:49:47","slug":"premium-mikropamuk-koupaci-plast-s-kapuci-450g-100-bavlna-hneda","status":"publish","type":"product","link":"https:\/\/origon-eu.com\/cz\/product\/premium-mikropamuk-koupaci-plast-s-kapuci-450g-100-bavlna-hneda\/","title":{"rendered":"Premium Mikropamuk Koupac\u00ed pl\u00e1\u0161\u0165 s kapuc\u00ed, 450g \u2013 100% Bavlna, Hn\u011bd\u00e1"},"content":{"rendered":"","protected":false},"excerpt":{"rendered":"","protected":false},"featured_media":38886,"template":"","meta":[],"product_cat":[497],"product_tag":[],"class_list":{"0":"post-39406","1":"product","2":"type-product","3":"status-publish","4":"has-post-thumbnail","6":"product_cat-bathrobes-cz","8":"first","9":"outofstock","10":"shipping-taxable","11":"purchasable","12":"product-type-variable"},"yoast_head":"<!-- This site is optimized with the Yoast SEO plugin v24.2 - https:\/\/yoast.com\/wordpress\/plugins\/seo\/ -->\n<title>Premium Mikropamuk Koupac\u00ed pl\u00e1\u0161\u0165 s kapuc\u00ed, 450g \u2013 100% Bavlna, Hn\u011bd\u00e1 - Origon EU<\/title>\n<meta name=\"robots\" content=\"index, follow, max-snippet:-1, max-image-preview:large, max-video-preview:-1\" \/>\n<link rel=\"canonical\" href=\"https:\/\/origon-eu.com\/cz\/product\/premium-mikropamuk-koupaci-plast-s-kapuci-450g-100-bavlna-hneda\/\" \/>\n<meta property=\"og:locale\" content=\"en_US\" \/>\n<meta property=\"og:type\" content=\"article\" \/>\n<meta property=\"og:title\" content=\"Premium Mikropamuk Koupac\u00ed pl\u00e1\u0161\u0165 s kapuc\u00ed, 450g \u2013 100% Bavlna, Hn\u011bd\u00e1 - Origon EU\" \/>\n<meta property=\"og:url\" content=\"https:\/\/origon-eu.com\/cz\/product\/premium-mikropamuk-koupaci-plast-s-kapuci-450g-100-bavlna-hneda\/\" \/>\n<meta property=\"og:site_name\" content=\"Origon EU\" \/>\n<meta property=\"article:modified_time\" content=\"2025-03-25T13:49:47+00:00\" \/>\n<meta property=\"og:image\" content=\"https:\/\/origon-eu.com\/wp-content\/uploads\/2025\/03\/halat-mikropamuk-s-kaculka-450gr-100-pamuk-kafavo-image_670cf703181ef_1920x1920.webp\" \/>\n\t<meta property=\"og:image:width\" content=\"1280\" \/>\n\t<meta property=\"og:image:height\" content=\"1920\" \/>\n\t<meta property=\"og:image:type\" content=\"image\/webp\" \/>\n<meta name=\"twitter:card\" content=\"summary_large_image\" \/>\n<meta name=\"twitter:label1\" content=\"Est. reading time\" \/>\n\t<meta name=\"twitter:data1\" content=\"1 minute\" \/>\n<script type=\"application\/ld+json\" class=\"yoast-schema-graph\">{\"@context\":\"https:\/\/schema.org\",\"@graph\":[{\"@type\":\"WebPage\",\"@id\":\"https:\/\/origon-eu.com\/cz\/product\/premium-mikropamuk-koupaci-plast-s-kapuci-450g-100-bavlna-hneda\/\",\"url\":\"https:\/\/origon-eu.com\/cz\/product\/premium-mikropamuk-koupaci-plast-s-kapuci-450g-100-bavlna-hneda\/\",\"name\":\"Premium Mikropamuk Koupac\u00ed pl\u00e1\u0161\u0165 s kapuc\u00ed, 450g \u2013 100% Bavlna, Hn\u011bd\u00e1 - Origon EU\",\"isPartOf\":{\"@id\":\"https:\/\/origon-eu.com\/#website\"},\"primaryImageOfPage\":{\"@id\":\"https:\/\/origon-eu.com\/cz\/product\/premium-mikropamuk-koupaci-plast-s-kapuci-450g-100-bavlna-hneda\/#primaryimage\"},\"image\":{\"@id\":\"https:\/\/origon-eu.com\/cz\/product\/premium-mikropamuk-koupaci-plast-s-kapuci-450g-100-bavlna-hneda\/#primaryimage\"},\"thumbnailUrl\":\"https:\/\/origon-eu.com\/wp-content\/uploads\/2025\/03\/halat-mikropamuk-s-kaculka-450gr-100-pamuk-kafavo-image_670cf703181ef_1920x1920.webp\",\"datePublished\":\"2025-03-25T13:49:46+00:00\",\"dateModified\":\"2025-03-25T13:49:47+00:00\",\"breadcrumb\":{\"@id\":\"https:\/\/origon-eu.com\/cz\/product\/premium-mikropamuk-koupaci-plast-s-kapuci-450g-100-bavlna-hneda\/#breadcrumb\"},\"inLanguage\":\"cz-CZ\",\"potentialAction\":[{\"@type\":\"ReadAction\",\"target\":[\"https:\/\/origon-eu.com\/cz\/product\/premium-mikropamuk-koupaci-plast-s-kapuci-450g-100-bavlna-hneda\/\"]}]},{\"@type\":\"ImageObject\",\"inLanguage\":\"cz-CZ\",\"@id\":\"https:\/\/origon-eu.com\/cz\/product\/premium-mikropamuk-koupaci-plast-s-kapuci-450g-100-bavlna-hneda\/#primaryimage\",\"url\":\"https:\/\/origon-eu.com\/wp-content\/uploads\/2025\/03\/halat-mikropamuk-s-kaculka-450gr-100-pamuk-kafavo-image_670cf703181ef_1920x1920.webp\",\"contentUrl\":\"https:\/\/origon-eu.com\/wp-content\/uploads\/2025\/03\/halat-mikropamuk-s-kaculka-450gr-100-pamuk-kafavo-image_670cf703181ef_1920x1920.webp\",\"width\":1280,\"height\":1920},{\"@type\":\"BreadcrumbList\",\"@id\":\"https:\/\/origon-eu.com\/cz\/product\/premium-mikropamuk-koupaci-plast-s-kapuci-450g-100-bavlna-hneda\/#breadcrumb\",\"itemListElement\":[{\"@type\":\"ListItem\",\"position\":1,\"name\":\"Home\",\"item\":\"https:\/\/origon-eu.com\/\"},{\"@type\":\"ListItem\",\"position\":2,\"name\":\"Shop\",\"item\":\"https:\/\/origon-eu.com\/cz\/shop-2\/\"},{\"@type\":\"ListItem\",\"position\":3,\"name\":\"Premium Mikropamuk Koupac\u00ed pl\u00e1\u0161\u0165 s kapuc\u00ed, 450g \u2013 100% Bavlna, Hn\u011bd\u00e1\"}]},{\"@type\":\"WebSite\",\"@id\":\"https:\/\/origon-eu.com\/#website\",\"url\":\"https:\/\/origon-eu.com\/\",\"name\":\"Origon EU\",\"description\":\"Online Store\",\"publisher\":{\"@id\":\"https:\/\/origon-eu.com\/#organization\"},\"potentialAction\":[{\"@type\":\"SearchAction\",\"target\":{\"@type\":\"EntryPoint\",\"urlTemplate\":\"https:\/\/origon-eu.com\/?s={search_term_string}\"},\"query-input\":{\"@type\":\"PropertyValueSpecification\",\"valueRequired\":true,\"valueName\":\"search_term_string\"}}],\"inLanguage\":\"cz-CZ\"},{\"@type\":\"Organization\",\"@id\":\"https:\/\/origon-eu.com\/#organization\",\"name\":\"Origon EU\",\"url\":\"https:\/\/origon-eu.com\/\",\"logo\":{\"@type\":\"ImageObject\",\"inLanguage\":\"cz-CZ\",\"@id\":\"https:\/\/origon-eu.com\/#\/schema\/logo\/image\/\",\"url\":\"https:\/\/origon-eu.com\/wp-content\/uploads\/2024\/04\/Screenshot-2024-04-09-101814.png\",\"contentUrl\":\"https:\/\/origon-eu.com\/wp-content\/uploads\/2024\/04\/Screenshot-2024-04-09-101814.png\",\"width\":171,\"height\":59,\"caption\":\"Origon EU\"},\"image\":{\"@id\":\"https:\/\/origon-eu.com\/#\/schema\/logo\/image\/\"}}]}<\/script>\n<!-- \/ Yoast SEO plugin. -->","yoast_head_json":{"title":"Premium Mikropamuk Koupac\u00ed pl\u00e1\u0161\u0165 s kapuc\u00ed, 450g \u2013 100% Bavlna, Hn\u011bd\u00e1 - Origon EU","robots":{"index":"index","follow":"follow","max-snippet":"max-snippet:-1","max-image-preview":"max-image-preview:large","max-video-preview":"max-video-preview:-1"},"canonical":"https:\/\/origon-eu.com\/cz\/product\/premium-mikropamuk-koupaci-plast-s-kapuci-450g-100-bavlna-hneda\/","og_locale":"en_US","og_type":"article","og_title":"Premium Mikropamuk Koupac\u00ed pl\u00e1\u0161\u0165 s kapuc\u00ed, 450g \u2013 100% Bavlna, Hn\u011bd\u00e1 - Origon EU","og_url":"https:\/\/origon-eu.com\/cz\/product\/premium-mikropamuk-koupaci-plast-s-kapuci-450g-100-bavlna-hneda\/","og_site_name":"Origon EU","article_modified_time":"2025-03-25T13:49:47+00:00","og_image":[{"width":1280,"height":1920,"url":"https:\/\/origon-eu.com\/wp-content\/uploads\/2025\/03\/halat-mikropamuk-s-kaculka-450gr-100-pamuk-kafavo-image_670cf703181ef_1920x1920.webp","type":"image\/webp"}],"twitter_card":"summary_large_image","twitter_misc":{"Est. reading time":"1 minute"},"schema":{"@context":"https:\/\/schema.org","@graph":[{"@type":"WebPage","@id":"https:\/\/origon-eu.com\/cz\/product\/premium-mikropamuk-koupaci-plast-s-kapuci-450g-100-bavlna-hneda\/","url":"https:\/\/origon-eu.com\/cz\/product\/premium-mikropamuk-koupaci-plast-s-kapuci-450g-100-bavlna-hneda\/","name":"Premium Mikropamuk Koupac\u00ed pl\u00e1\u0161\u0165 s kapuc\u00ed, 450g \u2013 100% Bavlna, Hn\u011bd\u00e1 - Origon EU","isPartOf":{"@id":"https:\/\/origon-eu.com\/#website"},"primaryImageOfPage":{"@id":"https:\/\/origon-eu.com\/cz\/product\/premium-mikropamuk-koupaci-plast-s-kapuci-450g-100-bavlna-hneda\/#primaryimage"},"image":{"@id":"https:\/\/origon-eu.com\/cz\/product\/premium-mikropamuk-koupaci-plast-s-kapuci-450g-100-bavlna-hneda\/#primaryimage"},"thumbnailUrl":"https:\/\/origon-eu.com\/wp-content\/uploads\/2025\/03\/halat-mikropamuk-s-kaculka-450gr-100-pamuk-kafavo-image_670cf703181ef_1920x1920.webp","datePublished":"2025-03-25T13:49:46+00:00","dateModified":"2025-03-25T13:49:47+00:00","breadcrumb":{"@id":"https:\/\/origon-eu.com\/cz\/product\/premium-mikropamuk-koupaci-plast-s-kapuci-450g-100-bavlna-hneda\/#breadcrumb"},"inLanguage":"cz-CZ","potentialAction":[{"@type":"ReadAction","target":["https:\/\/origon-eu.com\/cz\/product\/premium-mikropamuk-koupaci-plast-s-kapuci-450g-100-bavlna-hneda\/"]}]},{"@type":"ImageObject","inLanguage":"cz-CZ","@id":"https:\/\/origon-eu.com\/cz\/product\/premium-mikropamuk-koupaci-plast-s-kapuci-450g-100-bavlna-hneda\/#primaryimage","url":"https:\/\/origon-eu.com\/wp-content\/uploads\/2025\/03\/halat-mikropamuk-s-kaculka-450gr-100-pamuk-kafavo-image_670cf703181ef_1920x1920.webp","contentUrl":"https:\/\/origon-eu.com\/wp-content\/uploads\/2025\/03\/halat-mikropamuk-s-kaculka-450gr-100-pamuk-kafavo-image_670cf703181ef_1920x1920.webp","width":1280,"height":1920},{"@type":"BreadcrumbList","@id":"https:\/\/origon-eu.com\/cz\/product\/premium-mikropamuk-koupaci-plast-s-kapuci-450g-100-bavlna-hneda\/#breadcrumb","itemListElement":[{"@type":"ListItem","position":1,"name":"Home","item":"https:\/\/origon-eu.com\/"},{"@type":"ListItem","position":2,"name":"Shop","item":"https:\/\/origon-eu.com\/cz\/shop-2\/"},{"@type":"ListItem","position":3,"name":"Premium Mikropamuk Koupac\u00ed pl\u00e1\u0161\u0165 s kapuc\u00ed, 450g \u2013 100% Bavlna, Hn\u011bd\u00e1"}]},{"@type":"WebSite","@id":"https:\/\/origon-eu.com\/#website","url":"https:\/\/origon-eu.com\/","name":"Origon EU","description":"Online Store","publisher":{"@id":"https:\/\/origon-eu.com\/#organization"},"potentialAction":[{"@type":"SearchAction","target":{"@type":"EntryPoint","urlTemplate":"https:\/\/origon-eu.com\/?s={search_term_string}"},"query-input":{"@type":"PropertyValueSpecification","valueRequired":true,"valueName":"search_term_string"}}],"inLanguage":"cz-CZ"},{"@type":"Organization","@id":"https:\/\/origon-eu.com\/#organization","name":"Origon EU","url":"https:\/\/origon-eu.com\/","logo":{"@type":"ImageObject","inLanguage":"cz-CZ","@id":"https:\/\/origon-eu.com\/#\/schema\/logo\/image\/","url":"https:\/\/origon-eu.com\/wp-content\/uploads\/2024\/04\/Screenshot-2024-04-09-101814.png","contentUrl":"https:\/\/origon-eu.com\/wp-content\/uploads\/2024\/04\/Screenshot-2024-04-09-101814.png","width":171,"height":59,"caption":"Origon EU"},"image":{"@id":"https:\/\/origon-eu.com\/#\/schema\/logo\/image\/"}}]}},"tiered_pricing_type":"fixed","tiered_pricing_fixed_rules":[],"tiered_pricing_percentage_rules":[],"tiered_pricing_minimum":1,"tiered_pricing_roles_data":[],"_links":{"self":[{"href":"https:\/\/origon-eu.com\/cz\/wp-json\/wp\/v2\/product\/39406","targetHints":{"allow":["GET"]}}],"collection":[{"href":"https:\/\/origon-eu.com\/cz\/wp-json\/wp\/v2\/product"}],"about":[{"href":"https:\/\/origon-eu.com\/cz\/wp-json\/wp\/v2\/types\/product"}],"version-history":[{"count":1,"href":"https:\/\/origon-eu.com\/cz\/wp-json\/wp\/v2\/product\/39406\/revisions"}],"predecessor-version":[{"id":39903,"href":"https:\/\/origon-eu.com\/cz\/wp-json\/wp\/v2\/product\/39406\/revisions\/39903"}],"wp:featuredmedia":[{"embeddable":true,"href":"https:\/\/origon-eu.com\/cz\/wp-json\/wp\/v2\/media\/38886"}],"wp:attachment":[{"href":"https:\/\/origon-eu.com\/cz\/wp-json\/wp\/v2\/media?parent=39406"}],"wp:term":[{"taxonomy":"product_cat","embeddable":true,"href":"https:\/\/origon-eu.com\/cz\/wp-json\/wp\/v2\/product_cat?post=39406"},{"taxonomy":"product_tag","embeddable":true,"href":"https:\/\/origon-eu.com\/cz\/wp-json\/wp\/v2\/product_tag?post=39406"}],"curies":[{"name":"wp","href":"https:\/\/api.w.org\/{rel}","templated":true}]}}