{"id":39319,"date":"2025-03-21T16:47:49","date_gmt":"2025-03-21T14:47:49","guid":{"rendered":"https:\/\/origon-eu.com\/product\/microcotton-bathrobe-with-hood-450gr-100-cotton-ecru\/"},"modified":"2025-03-25T15:45:35","modified_gmt":"2025-03-25T13:45:35","slug":"microcotton-bathrobe-with-hood-450gr-100-cotton-ecru","status":"publish","type":"product","link":"https:\/\/origon-eu.com\/cz\/product\/microcotton-bathrobe-with-hood-450gr-100-cotton-ecru\/","title":{"rendered":"Premium Mikropamuk Koupac\u00ed pl\u00e1\u0161\u0165 s kapuc\u00ed, 450g \u2013 100% Bavlna, Ecru"},"content":{"rendered":"<p>Luxusn\u00ed koupac\u00ed \u017eupan s kapuc\u00ed z microcottonu, vysok\u00e9 hustoty a stylov\u00e9ho designu. Microcotton je bavln\u011bn\u00e1 p\u0159\u00edze, kter\u00e1 pro\u0161la speci\u00e1ln\u00ed \u00fapravou, co\u017e \u010din\u00ed produkty vyroben\u00e9 z n\u00ed extr\u00e9mn\u011b m\u011bkk\u00e9 a jemn\u00e9 na dotek s dokonalou savost\u00ed. Trvanliv\u00e9 barvy.<\/p>\n<p data-start=\"318\" data-end=\"329\">Vlastnosti:<\/p>\n<p data-start=\"331\" data-end=\"373\">Velikosti: M, L, XL<br data-start=\"350\" data-end=\"353\" \/>Slo\u017een\u00ed: 100% bavlna<\/p>\n<p data-start=\"375\" data-end=\"384\">Pozn\u00e1mky:<\/p>\n<p data-start=\"386\" data-end=\"495\">Lze pr\u00e1t v pra\u010dce p\u0159i teplot\u011b do 40 stup\u0148\u016f!<br data-start=\"429\" data-end=\"432\" \/>OBR\u00c1ZEK JE ILUSTRA\u010cN\u00cd A ZOBRAZUJE OBECN\u00cd VLASTNOSTI PRODUKTU!!!<\/p>\n","protected":false},"excerpt":{"rendered":"<ul>\n<li data-start=\"0\" data-end=\"74\"><strong>Materi\u00e1l:<\/strong> 100% bavlna microcotton pro m\u011bkk\u00fd a vysoce sav\u00fd pocit<\/li>\n<li data-start=\"0\" data-end=\"74\"><strong>Hmotnost:<\/strong> 450 gram\u016f, poskytuje t\u011b\u017e\u0161\u00ed, ply\u0161ovou texturu<\/li>\n<li data-start=\"0\" data-end=\"74\"><strong>Design:<\/strong> S kapuc\u00ed pro dodate\u010dn\u00e9 teplo a pohodl\u00ed<\/li>\n<li data-start=\"0\" data-end=\"74\"><strong>Barva:<\/strong> Elegantn\u00ed ecru odst\u00edn pro sofistikovan\u00fd, neutr\u00e1ln\u00ed vzhled<\/li>\n<li data-start=\"0\" data-end=\"74\"><strong>Savost:<\/strong> Vysoce sav\u00fd, ide\u00e1ln\u00ed pro rychl\u00e9 osu\u0161en\u00ed<\/li>\n<li data-start=\"0\" data-end=\"74\"><strong>Pohodln\u00fd:<\/strong> Nab\u00edz\u00ed luxusn\u00ed z\u00e1\u017eitek typu spa doma<\/li>\n<\/ul>\n","protected":false},"featured_media":38855,"template":"","meta":[],"product_cat":[497],"product_tag":[],"class_list":{"0":"post-39319","1":"product","2":"type-product","3":"status-publish","4":"has-post-thumbnail","6":"product_cat-bathrobes-cz","8":"first","9":"outofstock","10":"shipping-taxable","11":"purchasable","12":"product-type-variable"},"yoast_head":"<!-- This site is optimized with the Yoast SEO plugin v24.2 - https:\/\/yoast.com\/wordpress\/plugins\/seo\/ -->\n<title>Premium Mikropamuk Koupac\u00ed pl\u00e1\u0161\u0165 s kapuc\u00ed, 450g \u2013 100% Bavlna, Ecru - Origon EU<\/title>\n<meta name=\"robots\" content=\"index, follow, max-snippet:-1, max-image-preview:large, max-video-preview:-1\" \/>\n<link rel=\"canonical\" href=\"https:\/\/origon-eu.com\/cz\/product\/microcotton-bathrobe-with-hood-450gr-100-cotton-ecru\/\" \/>\n<meta property=\"og:locale\" content=\"en_US\" \/>\n<meta property=\"og:type\" content=\"article\" \/>\n<meta property=\"og:title\" content=\"Premium Mikropamuk Koupac\u00ed pl\u00e1\u0161\u0165 s kapuc\u00ed, 450g \u2013 100% Bavlna, Ecru - Origon EU\" \/>\n<meta property=\"og:description\" content=\"Materi\u00e1l: 100% bavlna microcotton pro m\u011bkk\u00fd a vysoce sav\u00fd pocit  Hmotnost: 450 gram\u016f, poskytuje t\u011b\u017e\u0161\u00ed, ply\u0161ovou texturu  Design: S kapuc\u00ed pro dodate\u010dn\u00e9 teplo a pohodl\u00ed  Barva: Elegantn\u00ed ecru odst\u00edn pro sofistikovan\u00fd, neutr\u00e1ln\u00ed vzhled  Savost: Vysoce sav\u00fd, ide\u00e1ln\u00ed pro rychl\u00e9 osu\u0161en\u00ed  Pohodln\u00fd: Nab\u00edz\u00ed luxusn\u00ed z\u00e1\u017eitek typu spa doma\" \/>\n<meta property=\"og:url\" content=\"https:\/\/origon-eu.com\/cz\/product\/microcotton-bathrobe-with-hood-450gr-100-cotton-ecru\/\" \/>\n<meta property=\"og:site_name\" content=\"Origon EU\" \/>\n<meta property=\"article:modified_time\" content=\"2025-03-25T13:45:35+00:00\" \/>\n<meta property=\"og:image\" content=\"https:\/\/origon-eu.com\/wp-content\/uploads\/2025\/03\/halat-mikropamuk-s-kaculka-450gr-100-pamuk-ekru-image_670cf370c8236_1920x1920.webp\" \/>\n\t<meta property=\"og:image:width\" content=\"1280\" \/>\n\t<meta property=\"og:image:height\" content=\"1920\" \/>\n\t<meta property=\"og:image:type\" content=\"image\/webp\" \/>\n<meta name=\"twitter:card\" content=\"summary_large_image\" \/>\n<meta name=\"twitter:label1\" content=\"Est. reading time\" \/>\n\t<meta name=\"twitter:data1\" content=\"1 minute\" \/>\n<script type=\"application\/ld+json\" class=\"yoast-schema-graph\">{\"@context\":\"https:\/\/schema.org\",\"@graph\":[{\"@type\":\"WebPage\",\"@id\":\"https:\/\/origon-eu.com\/cz\/product\/microcotton-bathrobe-with-hood-450gr-100-cotton-ecru\/\",\"url\":\"https:\/\/origon-eu.com\/cz\/product\/microcotton-bathrobe-with-hood-450gr-100-cotton-ecru\/\",\"name\":\"Premium Mikropamuk Koupac\u00ed pl\u00e1\u0161\u0165 s kapuc\u00ed, 450g \u2013 100% Bavlna, Ecru - Origon EU\",\"isPartOf\":{\"@id\":\"https:\/\/origon-eu.com\/#website\"},\"primaryImageOfPage\":{\"@id\":\"https:\/\/origon-eu.com\/cz\/product\/microcotton-bathrobe-with-hood-450gr-100-cotton-ecru\/#primaryimage\"},\"image\":{\"@id\":\"https:\/\/origon-eu.com\/cz\/product\/microcotton-bathrobe-with-hood-450gr-100-cotton-ecru\/#primaryimage\"},\"thumbnailUrl\":\"https:\/\/origon-eu.com\/wp-content\/uploads\/2025\/03\/halat-mikropamuk-s-kaculka-450gr-100-pamuk-ekru-image_670cf370c8236_1920x1920.webp\",\"datePublished\":\"2025-03-21T14:47:49+00:00\",\"dateModified\":\"2025-03-25T13:45:35+00:00\",\"breadcrumb\":{\"@id\":\"https:\/\/origon-eu.com\/cz\/product\/microcotton-bathrobe-with-hood-450gr-100-cotton-ecru\/#breadcrumb\"},\"inLanguage\":\"cz-CZ\",\"potentialAction\":[{\"@type\":\"ReadAction\",\"target\":[\"https:\/\/origon-eu.com\/cz\/product\/microcotton-bathrobe-with-hood-450gr-100-cotton-ecru\/\"]}]},{\"@type\":\"ImageObject\",\"inLanguage\":\"cz-CZ\",\"@id\":\"https:\/\/origon-eu.com\/cz\/product\/microcotton-bathrobe-with-hood-450gr-100-cotton-ecru\/#primaryimage\",\"url\":\"https:\/\/origon-eu.com\/wp-content\/uploads\/2025\/03\/halat-mikropamuk-s-kaculka-450gr-100-pamuk-ekru-image_670cf370c8236_1920x1920.webp\",\"contentUrl\":\"https:\/\/origon-eu.com\/wp-content\/uploads\/2025\/03\/halat-mikropamuk-s-kaculka-450gr-100-pamuk-ekru-image_670cf370c8236_1920x1920.webp\",\"width\":1280,\"height\":1920},{\"@type\":\"BreadcrumbList\",\"@id\":\"https:\/\/origon-eu.com\/cz\/product\/microcotton-bathrobe-with-hood-450gr-100-cotton-ecru\/#breadcrumb\",\"itemListElement\":[{\"@type\":\"ListItem\",\"position\":1,\"name\":\"Home\",\"item\":\"https:\/\/origon-eu.com\/\"},{\"@type\":\"ListItem\",\"position\":2,\"name\":\"Shop\",\"item\":\"https:\/\/origon-eu.com\/cz\/shop-2\/\"},{\"@type\":\"ListItem\",\"position\":3,\"name\":\"Premium Mikropamuk Koupac\u00ed pl\u00e1\u0161\u0165 s kapuc\u00ed, 450g \u2013 100% Bavlna, Ecru\"}]},{\"@type\":\"WebSite\",\"@id\":\"https:\/\/origon-eu.com\/#website\",\"url\":\"https:\/\/origon-eu.com\/\",\"name\":\"Origon EU\",\"description\":\"Online Store\",\"publisher\":{\"@id\":\"https:\/\/origon-eu.com\/#organization\"},\"potentialAction\":[{\"@type\":\"SearchAction\",\"target\":{\"@type\":\"EntryPoint\",\"urlTemplate\":\"https:\/\/origon-eu.com\/?s={search_term_string}\"},\"query-input\":{\"@type\":\"PropertyValueSpecification\",\"valueRequired\":true,\"valueName\":\"search_term_string\"}}],\"inLanguage\":\"cz-CZ\"},{\"@type\":\"Organization\",\"@id\":\"https:\/\/origon-eu.com\/#organization\",\"name\":\"Origon EU\",\"url\":\"https:\/\/origon-eu.com\/\",\"logo\":{\"@type\":\"ImageObject\",\"inLanguage\":\"cz-CZ\",\"@id\":\"https:\/\/origon-eu.com\/#\/schema\/logo\/image\/\",\"url\":\"https:\/\/origon-eu.com\/wp-content\/uploads\/2024\/04\/Screenshot-2024-04-09-101814.png\",\"contentUrl\":\"https:\/\/origon-eu.com\/wp-content\/uploads\/2024\/04\/Screenshot-2024-04-09-101814.png\",\"width\":171,\"height\":59,\"caption\":\"Origon EU\"},\"image\":{\"@id\":\"https:\/\/origon-eu.com\/#\/schema\/logo\/image\/\"}}]}<\/script>\n<!-- \/ Yoast SEO plugin. -->","yoast_head_json":{"title":"Premium Mikropamuk Koupac\u00ed pl\u00e1\u0161\u0165 s kapuc\u00ed, 450g \u2013 100% Bavlna, Ecru - Origon EU","robots":{"index":"index","follow":"follow","max-snippet":"max-snippet:-1","max-image-preview":"max-image-preview:large","max-video-preview":"max-video-preview:-1"},"canonical":"https:\/\/origon-eu.com\/cz\/product\/microcotton-bathrobe-with-hood-450gr-100-cotton-ecru\/","og_locale":"en_US","og_type":"article","og_title":"Premium Mikropamuk Koupac\u00ed pl\u00e1\u0161\u0165 s kapuc\u00ed, 450g \u2013 100% Bavlna, Ecru - Origon EU","og_description":"Materi\u00e1l: 100% bavlna microcotton pro m\u011bkk\u00fd a vysoce sav\u00fd pocit  Hmotnost: 450 gram\u016f, poskytuje t\u011b\u017e\u0161\u00ed, ply\u0161ovou texturu  Design: S kapuc\u00ed pro dodate\u010dn\u00e9 teplo a pohodl\u00ed  Barva: Elegantn\u00ed ecru odst\u00edn pro sofistikovan\u00fd, neutr\u00e1ln\u00ed vzhled  Savost: Vysoce sav\u00fd, ide\u00e1ln\u00ed pro rychl\u00e9 osu\u0161en\u00ed  Pohodln\u00fd: Nab\u00edz\u00ed luxusn\u00ed z\u00e1\u017eitek typu spa doma","og_url":"https:\/\/origon-eu.com\/cz\/product\/microcotton-bathrobe-with-hood-450gr-100-cotton-ecru\/","og_site_name":"Origon EU","article_modified_time":"2025-03-25T13:45:35+00:00","og_image":[{"width":1280,"height":1920,"url":"https:\/\/origon-eu.com\/wp-content\/uploads\/2025\/03\/halat-mikropamuk-s-kaculka-450gr-100-pamuk-ekru-image_670cf370c8236_1920x1920.webp","type":"image\/webp"}],"twitter_card":"summary_large_image","twitter_misc":{"Est. reading time":"1 minute"},"schema":{"@context":"https:\/\/schema.org","@graph":[{"@type":"WebPage","@id":"https:\/\/origon-eu.com\/cz\/product\/microcotton-bathrobe-with-hood-450gr-100-cotton-ecru\/","url":"https:\/\/origon-eu.com\/cz\/product\/microcotton-bathrobe-with-hood-450gr-100-cotton-ecru\/","name":"Premium Mikropamuk Koupac\u00ed pl\u00e1\u0161\u0165 s kapuc\u00ed, 450g \u2013 100% Bavlna, Ecru - Origon EU","isPartOf":{"@id":"https:\/\/origon-eu.com\/#website"},"primaryImageOfPage":{"@id":"https:\/\/origon-eu.com\/cz\/product\/microcotton-bathrobe-with-hood-450gr-100-cotton-ecru\/#primaryimage"},"image":{"@id":"https:\/\/origon-eu.com\/cz\/product\/microcotton-bathrobe-with-hood-450gr-100-cotton-ecru\/#primaryimage"},"thumbnailUrl":"https:\/\/origon-eu.com\/wp-content\/uploads\/2025\/03\/halat-mikropamuk-s-kaculka-450gr-100-pamuk-ekru-image_670cf370c8236_1920x1920.webp","datePublished":"2025-03-21T14:47:49+00:00","dateModified":"2025-03-25T13:45:35+00:00","breadcrumb":{"@id":"https:\/\/origon-eu.com\/cz\/product\/microcotton-bathrobe-with-hood-450gr-100-cotton-ecru\/#breadcrumb"},"inLanguage":"cz-CZ","potentialAction":[{"@type":"ReadAction","target":["https:\/\/origon-eu.com\/cz\/product\/microcotton-bathrobe-with-hood-450gr-100-cotton-ecru\/"]}]},{"@type":"ImageObject","inLanguage":"cz-CZ","@id":"https:\/\/origon-eu.com\/cz\/product\/microcotton-bathrobe-with-hood-450gr-100-cotton-ecru\/#primaryimage","url":"https:\/\/origon-eu.com\/wp-content\/uploads\/2025\/03\/halat-mikropamuk-s-kaculka-450gr-100-pamuk-ekru-image_670cf370c8236_1920x1920.webp","contentUrl":"https:\/\/origon-eu.com\/wp-content\/uploads\/2025\/03\/halat-mikropamuk-s-kaculka-450gr-100-pamuk-ekru-image_670cf370c8236_1920x1920.webp","width":1280,"height":1920},{"@type":"BreadcrumbList","@id":"https:\/\/origon-eu.com\/cz\/product\/microcotton-bathrobe-with-hood-450gr-100-cotton-ecru\/#breadcrumb","itemListElement":[{"@type":"ListItem","position":1,"name":"Home","item":"https:\/\/origon-eu.com\/"},{"@type":"ListItem","position":2,"name":"Shop","item":"https:\/\/origon-eu.com\/cz\/shop-2\/"},{"@type":"ListItem","position":3,"name":"Premium Mikropamuk Koupac\u00ed pl\u00e1\u0161\u0165 s kapuc\u00ed, 450g \u2013 100% Bavlna, Ecru"}]},{"@type":"WebSite","@id":"https:\/\/origon-eu.com\/#website","url":"https:\/\/origon-eu.com\/","name":"Origon EU","description":"Online Store","publisher":{"@id":"https:\/\/origon-eu.com\/#organization"},"potentialAction":[{"@type":"SearchAction","target":{"@type":"EntryPoint","urlTemplate":"https:\/\/origon-eu.com\/?s={search_term_string}"},"query-input":{"@type":"PropertyValueSpecification","valueRequired":true,"valueName":"search_term_string"}}],"inLanguage":"cz-CZ"},{"@type":"Organization","@id":"https:\/\/origon-eu.com\/#organization","name":"Origon EU","url":"https:\/\/origon-eu.com\/","logo":{"@type":"ImageObject","inLanguage":"cz-CZ","@id":"https:\/\/origon-eu.com\/#\/schema\/logo\/image\/","url":"https:\/\/origon-eu.com\/wp-content\/uploads\/2024\/04\/Screenshot-2024-04-09-101814.png","contentUrl":"https:\/\/origon-eu.com\/wp-content\/uploads\/2024\/04\/Screenshot-2024-04-09-101814.png","width":171,"height":59,"caption":"Origon EU"},"image":{"@id":"https:\/\/origon-eu.com\/#\/schema\/logo\/image\/"}}]}},"tiered_pricing_type":"fixed","tiered_pricing_fixed_rules":[],"tiered_pricing_percentage_rules":[],"tiered_pricing_minimum":1,"tiered_pricing_roles_data":[],"_links":{"self":[{"href":"https:\/\/origon-eu.com\/cz\/wp-json\/wp\/v2\/product\/39319","targetHints":{"allow":["GET"]}}],"collection":[{"href":"https:\/\/origon-eu.com\/cz\/wp-json\/wp\/v2\/product"}],"about":[{"href":"https:\/\/origon-eu.com\/cz\/wp-json\/wp\/v2\/types\/product"}],"version-history":[{"count":2,"href":"https:\/\/origon-eu.com\/cz\/wp-json\/wp\/v2\/product\/39319\/revisions"}],"predecessor-version":[{"id":39886,"href":"https:\/\/origon-eu.com\/cz\/wp-json\/wp\/v2\/product\/39319\/revisions\/39886"}],"wp:featuredmedia":[{"embeddable":true,"href":"https:\/\/origon-eu.com\/cz\/wp-json\/wp\/v2\/media\/38855"}],"wp:attachment":[{"href":"https:\/\/origon-eu.com\/cz\/wp-json\/wp\/v2\/media?parent=39319"}],"wp:term":[{"taxonomy":"product_cat","embeddable":true,"href":"https:\/\/origon-eu.com\/cz\/wp-json\/wp\/v2\/product_cat?post=39319"},{"taxonomy":"product_tag","embeddable":true,"href":"https:\/\/origon-eu.com\/cz\/wp-json\/wp\/v2\/product_tag?post=39319"}],"curies":[{"name":"wp","href":"https:\/\/api.w.org\/{rel}","templated":true}]}}