{"id":39264,"date":"2025-03-21T16:45:01","date_gmt":"2025-03-21T14:45:01","guid":{"rendered":"https:\/\/origon-eu.com\/product\/hooded-bathrobe-380gr-100-cotton-grey\/"},"modified":"2025-03-25T15:43:59","modified_gmt":"2025-03-25T13:43:59","slug":"hooded-bathrobe-380gr-100-cotton-grey","status":"publish","type":"product","link":"https:\/\/origon-eu.com\/cz\/product\/hooded-bathrobe-380gr-100-cotton-grey\/","title":{"rendered":"Luxusn\u00ed 380g Koupac\u00ed pl\u00e1\u0161\u0165 s kapuc\u00ed, 100% Bavlna \u2013 \u0160ed\u00e1"},"content":{"rendered":"<p>Vysoce kvalitn\u00ed, siln\u00fd koupac\u00ed \u017eupan s kapuc\u00ed, vyroben\u00fd ze 100% bavlny. Stylov\u00fd design, vynikaj\u00edc\u00ed savost, pohodln\u00fd, m\u011bkk\u00fd a jemn\u00fd na dotek.<\/p>\n<p data-start=\"199\" data-end=\"210\">Vlastnosti:<\/p>\n<p data-start=\"212\" data-end=\"259\">Velikosti: M, L, XL, XXL<br data-start=\"236\" data-end=\"239\" \/>Slo\u017een\u00ed: 100% bavlna<\/p>\n<p data-start=\"261\" data-end=\"393\">Lze pr\u00e1t v pra\u010dce p\u0159i teplot\u011b do 40 stup\u0148\u016f!<br data-start=\"304\" data-end=\"307\" \/>Nepou\u017e\u00edvejte b\u011blidlo!<br data-start=\"328\" data-end=\"331\" \/>Obr\u00e1zky jsou ilustra\u010dn\u00ed a popisuj\u00ed obecn\u00e9 vlastnosti produkt\u016f!<\/p>\n","protected":false},"excerpt":{"rendered":"<ul>\n<li data-start=\"0\" data-end=\"57\"><strong>Materi\u00e1l:<\/strong> 100% bavlna pro jemn\u00fd a prody\u0161n\u00fd pocit<\/li>\n<li data-start=\"0\" data-end=\"57\"><strong>Hmotnost:<\/strong> 380 gram\u016f, poskytuje pohodlnou a lehkou volbu<\/li>\n<li data-start=\"0\" data-end=\"57\"><strong>Design:<\/strong> S kapuc\u00ed pro v\u011bt\u0161\u00ed teplo a pohodl\u00ed<\/li>\n<li data-start=\"0\" data-end=\"57\"><strong>Barva:<\/strong> Klasick\u00e1 \u0161ed\u00e1 pro univerz\u00e1ln\u00ed a modern\u00ed vzhled<\/li>\n<li data-start=\"0\" data-end=\"57\"><strong>Savost:<\/strong> Ide\u00e1ln\u00ed pro osu\u0161en\u00ed po koupeli nebo sprchov\u00e1n\u00ed<\/li>\n<li data-start=\"0\" data-end=\"57\"><strong>Pohodln\u00fd:<\/strong> Nab\u00edz\u00ed luxusn\u00ed z\u00e1\u017eitek typu spa doma<\/li>\n<\/ul>\n","protected":false},"featured_media":38843,"template":"","meta":[],"product_cat":[497],"product_tag":[],"class_list":{"0":"post-39264","1":"product","2":"type-product","3":"status-publish","4":"has-post-thumbnail","6":"product_cat-bathrobes-cz","8":"first","9":"outofstock","10":"shipping-taxable","11":"purchasable","12":"product-type-variable"},"yoast_head":"<!-- This site is optimized with the Yoast SEO plugin v24.2 - https:\/\/yoast.com\/wordpress\/plugins\/seo\/ -->\n<title>Luxusn\u00ed 380g Koupac\u00ed pl\u00e1\u0161\u0165 s kapuc\u00ed, 100% Bavlna \u2013 \u0160ed\u00e1 - Origon EU<\/title>\n<meta name=\"robots\" content=\"index, follow, max-snippet:-1, max-image-preview:large, max-video-preview:-1\" \/>\n<link rel=\"canonical\" href=\"https:\/\/origon-eu.com\/cz\/product\/hooded-bathrobe-380gr-100-cotton-grey\/\" \/>\n<meta property=\"og:locale\" content=\"en_US\" \/>\n<meta property=\"og:type\" content=\"article\" \/>\n<meta property=\"og:title\" content=\"Luxusn\u00ed 380g Koupac\u00ed pl\u00e1\u0161\u0165 s kapuc\u00ed, 100% Bavlna \u2013 \u0160ed\u00e1 - Origon EU\" \/>\n<meta property=\"og:description\" content=\"Materi\u00e1l: 100% bavlna pro jemn\u00fd a prody\u0161n\u00fd pocit  Hmotnost: 380 gram\u016f, poskytuje pohodlnou a lehkou volbu  Design: S kapuc\u00ed pro v\u011bt\u0161\u00ed teplo a pohodl\u00ed  Barva: Klasick\u00e1 \u0161ed\u00e1 pro univerz\u00e1ln\u00ed a modern\u00ed vzhled  Savost: Ide\u00e1ln\u00ed pro osu\u0161en\u00ed po koupeli nebo sprchov\u00e1n\u00ed  Pohodln\u00fd: Nab\u00edz\u00ed luxusn\u00ed z\u00e1\u017eitek typu spa doma\" \/>\n<meta property=\"og:url\" content=\"https:\/\/origon-eu.com\/cz\/product\/hooded-bathrobe-380gr-100-cotton-grey\/\" \/>\n<meta property=\"og:site_name\" content=\"Origon EU\" \/>\n<meta property=\"article:modified_time\" content=\"2025-03-25T13:43:59+00:00\" \/>\n<meta property=\"og:image\" content=\"https:\/\/origon-eu.com\/wp-content\/uploads\/2025\/03\/halat-za-bana-s-kaculka-380gr-100-pamuk-sivo-image_670cf722d15da_1920x1920.webp\" \/>\n\t<meta property=\"og:image:width\" content=\"1280\" \/>\n\t<meta property=\"og:image:height\" content=\"1920\" \/>\n\t<meta property=\"og:image:type\" content=\"image\/webp\" \/>\n<meta name=\"twitter:card\" content=\"summary_large_image\" \/>\n<meta name=\"twitter:label1\" content=\"Est. reading time\" \/>\n\t<meta name=\"twitter:data1\" content=\"1 minute\" \/>\n<script type=\"application\/ld+json\" class=\"yoast-schema-graph\">{\"@context\":\"https:\/\/schema.org\",\"@graph\":[{\"@type\":\"WebPage\",\"@id\":\"https:\/\/origon-eu.com\/cz\/product\/hooded-bathrobe-380gr-100-cotton-grey\/\",\"url\":\"https:\/\/origon-eu.com\/cz\/product\/hooded-bathrobe-380gr-100-cotton-grey\/\",\"name\":\"Luxusn\u00ed 380g Koupac\u00ed pl\u00e1\u0161\u0165 s kapuc\u00ed, 100% Bavlna \u2013 \u0160ed\u00e1 - Origon EU\",\"isPartOf\":{\"@id\":\"https:\/\/origon-eu.com\/#website\"},\"primaryImageOfPage\":{\"@id\":\"https:\/\/origon-eu.com\/cz\/product\/hooded-bathrobe-380gr-100-cotton-grey\/#primaryimage\"},\"image\":{\"@id\":\"https:\/\/origon-eu.com\/cz\/product\/hooded-bathrobe-380gr-100-cotton-grey\/#primaryimage\"},\"thumbnailUrl\":\"https:\/\/origon-eu.com\/wp-content\/uploads\/2025\/03\/halat-za-bana-s-kaculka-380gr-100-pamuk-sivo-image_670cf722d15da_1920x1920.webp\",\"datePublished\":\"2025-03-21T14:45:01+00:00\",\"dateModified\":\"2025-03-25T13:43:59+00:00\",\"breadcrumb\":{\"@id\":\"https:\/\/origon-eu.com\/cz\/product\/hooded-bathrobe-380gr-100-cotton-grey\/#breadcrumb\"},\"inLanguage\":\"cz-CZ\",\"potentialAction\":[{\"@type\":\"ReadAction\",\"target\":[\"https:\/\/origon-eu.com\/cz\/product\/hooded-bathrobe-380gr-100-cotton-grey\/\"]}]},{\"@type\":\"ImageObject\",\"inLanguage\":\"cz-CZ\",\"@id\":\"https:\/\/origon-eu.com\/cz\/product\/hooded-bathrobe-380gr-100-cotton-grey\/#primaryimage\",\"url\":\"https:\/\/origon-eu.com\/wp-content\/uploads\/2025\/03\/halat-za-bana-s-kaculka-380gr-100-pamuk-sivo-image_670cf722d15da_1920x1920.webp\",\"contentUrl\":\"https:\/\/origon-eu.com\/wp-content\/uploads\/2025\/03\/halat-za-bana-s-kaculka-380gr-100-pamuk-sivo-image_670cf722d15da_1920x1920.webp\",\"width\":1280,\"height\":1920},{\"@type\":\"BreadcrumbList\",\"@id\":\"https:\/\/origon-eu.com\/cz\/product\/hooded-bathrobe-380gr-100-cotton-grey\/#breadcrumb\",\"itemListElement\":[{\"@type\":\"ListItem\",\"position\":1,\"name\":\"Home\",\"item\":\"https:\/\/origon-eu.com\/\"},{\"@type\":\"ListItem\",\"position\":2,\"name\":\"Shop\",\"item\":\"https:\/\/origon-eu.com\/cz\/shop-2\/\"},{\"@type\":\"ListItem\",\"position\":3,\"name\":\"Luxusn\u00ed 380g Koupac\u00ed pl\u00e1\u0161\u0165 s kapuc\u00ed, 100% Bavlna \u2013 \u0160ed\u00e1\"}]},{\"@type\":\"WebSite\",\"@id\":\"https:\/\/origon-eu.com\/#website\",\"url\":\"https:\/\/origon-eu.com\/\",\"name\":\"Origon EU\",\"description\":\"Online Store\",\"publisher\":{\"@id\":\"https:\/\/origon-eu.com\/#organization\"},\"potentialAction\":[{\"@type\":\"SearchAction\",\"target\":{\"@type\":\"EntryPoint\",\"urlTemplate\":\"https:\/\/origon-eu.com\/?s={search_term_string}\"},\"query-input\":{\"@type\":\"PropertyValueSpecification\",\"valueRequired\":true,\"valueName\":\"search_term_string\"}}],\"inLanguage\":\"cz-CZ\"},{\"@type\":\"Organization\",\"@id\":\"https:\/\/origon-eu.com\/#organization\",\"name\":\"Origon EU\",\"url\":\"https:\/\/origon-eu.com\/\",\"logo\":{\"@type\":\"ImageObject\",\"inLanguage\":\"cz-CZ\",\"@id\":\"https:\/\/origon-eu.com\/#\/schema\/logo\/image\/\",\"url\":\"https:\/\/origon-eu.com\/wp-content\/uploads\/2024\/04\/Screenshot-2024-04-09-101814.png\",\"contentUrl\":\"https:\/\/origon-eu.com\/wp-content\/uploads\/2024\/04\/Screenshot-2024-04-09-101814.png\",\"width\":171,\"height\":59,\"caption\":\"Origon EU\"},\"image\":{\"@id\":\"https:\/\/origon-eu.com\/#\/schema\/logo\/image\/\"}}]}<\/script>\n<!-- \/ Yoast SEO plugin. -->","yoast_head_json":{"title":"Luxusn\u00ed 380g Koupac\u00ed pl\u00e1\u0161\u0165 s kapuc\u00ed, 100% Bavlna \u2013 \u0160ed\u00e1 - Origon EU","robots":{"index":"index","follow":"follow","max-snippet":"max-snippet:-1","max-image-preview":"max-image-preview:large","max-video-preview":"max-video-preview:-1"},"canonical":"https:\/\/origon-eu.com\/cz\/product\/hooded-bathrobe-380gr-100-cotton-grey\/","og_locale":"en_US","og_type":"article","og_title":"Luxusn\u00ed 380g Koupac\u00ed pl\u00e1\u0161\u0165 s kapuc\u00ed, 100% Bavlna \u2013 \u0160ed\u00e1 - Origon EU","og_description":"Materi\u00e1l: 100% bavlna pro jemn\u00fd a prody\u0161n\u00fd pocit  Hmotnost: 380 gram\u016f, poskytuje pohodlnou a lehkou volbu  Design: S kapuc\u00ed pro v\u011bt\u0161\u00ed teplo a pohodl\u00ed  Barva: Klasick\u00e1 \u0161ed\u00e1 pro univerz\u00e1ln\u00ed a modern\u00ed vzhled  Savost: Ide\u00e1ln\u00ed pro osu\u0161en\u00ed po koupeli nebo sprchov\u00e1n\u00ed  Pohodln\u00fd: Nab\u00edz\u00ed luxusn\u00ed z\u00e1\u017eitek typu spa doma","og_url":"https:\/\/origon-eu.com\/cz\/product\/hooded-bathrobe-380gr-100-cotton-grey\/","og_site_name":"Origon EU","article_modified_time":"2025-03-25T13:43:59+00:00","og_image":[{"width":1280,"height":1920,"url":"https:\/\/origon-eu.com\/wp-content\/uploads\/2025\/03\/halat-za-bana-s-kaculka-380gr-100-pamuk-sivo-image_670cf722d15da_1920x1920.webp","type":"image\/webp"}],"twitter_card":"summary_large_image","twitter_misc":{"Est. reading time":"1 minute"},"schema":{"@context":"https:\/\/schema.org","@graph":[{"@type":"WebPage","@id":"https:\/\/origon-eu.com\/cz\/product\/hooded-bathrobe-380gr-100-cotton-grey\/","url":"https:\/\/origon-eu.com\/cz\/product\/hooded-bathrobe-380gr-100-cotton-grey\/","name":"Luxusn\u00ed 380g Koupac\u00ed pl\u00e1\u0161\u0165 s kapuc\u00ed, 100% Bavlna \u2013 \u0160ed\u00e1 - Origon EU","isPartOf":{"@id":"https:\/\/origon-eu.com\/#website"},"primaryImageOfPage":{"@id":"https:\/\/origon-eu.com\/cz\/product\/hooded-bathrobe-380gr-100-cotton-grey\/#primaryimage"},"image":{"@id":"https:\/\/origon-eu.com\/cz\/product\/hooded-bathrobe-380gr-100-cotton-grey\/#primaryimage"},"thumbnailUrl":"https:\/\/origon-eu.com\/wp-content\/uploads\/2025\/03\/halat-za-bana-s-kaculka-380gr-100-pamuk-sivo-image_670cf722d15da_1920x1920.webp","datePublished":"2025-03-21T14:45:01+00:00","dateModified":"2025-03-25T13:43:59+00:00","breadcrumb":{"@id":"https:\/\/origon-eu.com\/cz\/product\/hooded-bathrobe-380gr-100-cotton-grey\/#breadcrumb"},"inLanguage":"cz-CZ","potentialAction":[{"@type":"ReadAction","target":["https:\/\/origon-eu.com\/cz\/product\/hooded-bathrobe-380gr-100-cotton-grey\/"]}]},{"@type":"ImageObject","inLanguage":"cz-CZ","@id":"https:\/\/origon-eu.com\/cz\/product\/hooded-bathrobe-380gr-100-cotton-grey\/#primaryimage","url":"https:\/\/origon-eu.com\/wp-content\/uploads\/2025\/03\/halat-za-bana-s-kaculka-380gr-100-pamuk-sivo-image_670cf722d15da_1920x1920.webp","contentUrl":"https:\/\/origon-eu.com\/wp-content\/uploads\/2025\/03\/halat-za-bana-s-kaculka-380gr-100-pamuk-sivo-image_670cf722d15da_1920x1920.webp","width":1280,"height":1920},{"@type":"BreadcrumbList","@id":"https:\/\/origon-eu.com\/cz\/product\/hooded-bathrobe-380gr-100-cotton-grey\/#breadcrumb","itemListElement":[{"@type":"ListItem","position":1,"name":"Home","item":"https:\/\/origon-eu.com\/"},{"@type":"ListItem","position":2,"name":"Shop","item":"https:\/\/origon-eu.com\/cz\/shop-2\/"},{"@type":"ListItem","position":3,"name":"Luxusn\u00ed 380g Koupac\u00ed pl\u00e1\u0161\u0165 s kapuc\u00ed, 100% Bavlna \u2013 \u0160ed\u00e1"}]},{"@type":"WebSite","@id":"https:\/\/origon-eu.com\/#website","url":"https:\/\/origon-eu.com\/","name":"Origon EU","description":"Online Store","publisher":{"@id":"https:\/\/origon-eu.com\/#organization"},"potentialAction":[{"@type":"SearchAction","target":{"@type":"EntryPoint","urlTemplate":"https:\/\/origon-eu.com\/?s={search_term_string}"},"query-input":{"@type":"PropertyValueSpecification","valueRequired":true,"valueName":"search_term_string"}}],"inLanguage":"cz-CZ"},{"@type":"Organization","@id":"https:\/\/origon-eu.com\/#organization","name":"Origon EU","url":"https:\/\/origon-eu.com\/","logo":{"@type":"ImageObject","inLanguage":"cz-CZ","@id":"https:\/\/origon-eu.com\/#\/schema\/logo\/image\/","url":"https:\/\/origon-eu.com\/wp-content\/uploads\/2024\/04\/Screenshot-2024-04-09-101814.png","contentUrl":"https:\/\/origon-eu.com\/wp-content\/uploads\/2024\/04\/Screenshot-2024-04-09-101814.png","width":171,"height":59,"caption":"Origon EU"},"image":{"@id":"https:\/\/origon-eu.com\/#\/schema\/logo\/image\/"}}]}},"tiered_pricing_type":"fixed","tiered_pricing_fixed_rules":[],"tiered_pricing_percentage_rules":[],"tiered_pricing_minimum":1,"tiered_pricing_roles_data":[],"_links":{"self":[{"href":"https:\/\/origon-eu.com\/cz\/wp-json\/wp\/v2\/product\/39264","targetHints":{"allow":["GET"]}}],"collection":[{"href":"https:\/\/origon-eu.com\/cz\/wp-json\/wp\/v2\/product"}],"about":[{"href":"https:\/\/origon-eu.com\/cz\/wp-json\/wp\/v2\/types\/product"}],"version-history":[{"count":2,"href":"https:\/\/origon-eu.com\/cz\/wp-json\/wp\/v2\/product\/39264\/revisions"}],"predecessor-version":[{"id":39878,"href":"https:\/\/origon-eu.com\/cz\/wp-json\/wp\/v2\/product\/39264\/revisions\/39878"}],"wp:featuredmedia":[{"embeddable":true,"href":"https:\/\/origon-eu.com\/cz\/wp-json\/wp\/v2\/media\/38843"}],"wp:attachment":[{"href":"https:\/\/origon-eu.com\/cz\/wp-json\/wp\/v2\/media?parent=39264"}],"wp:term":[{"taxonomy":"product_cat","embeddable":true,"href":"https:\/\/origon-eu.com\/cz\/wp-json\/wp\/v2\/product_cat?post=39264"},{"taxonomy":"product_tag","embeddable":true,"href":"https:\/\/origon-eu.com\/cz\/wp-json\/wp\/v2\/product_tag?post=39264"}],"curies":[{"name":"wp","href":"https:\/\/api.w.org\/{rel}","templated":true}]}}