{"id":38990,"date":"2025-03-21T15:58:05","date_gmt":"2025-03-21T13:58:05","guid":{"rendered":"https:\/\/origon-eu.com\/product\/white-towel-hotel-bathrobe-400gr\/"},"modified":"2025-03-25T15:30:55","modified_gmt":"2025-03-25T13:30:55","slug":"white-towel-hotel-bathrobe-400gr","status":"publish","type":"product","link":"https:\/\/origon-eu.com\/cz\/product\/white-towel-hotel-bathrobe-400gr\/","title":{"rendered":"Pr\u00e9miov\u00fd b\u00edl\u00fd hotelov\u00fd \u017eupan z frot\u00e9 400g"},"content":{"rendered":"<p>SLO\u017dEN\u00cd &#8211; 100% BAVLNA<\/p>\n<p data-start=\"66\" data-end=\"359\">Vysoce kvalitn\u00ed, siln\u00fd koupac\u00ed \u017eupan bez kapuce s l\u00edmcem, vyroben\u00fd ze 100% bavlny. Vhodn\u00fd pro dom\u00e1c\u00ed pou\u017eit\u00ed, hotely a penziony. Stylov\u00fd design, vynikaj\u00edc\u00ed savost, pohodln\u00fd, m\u011bkk\u00fd a jemn\u00fd na dotek. Vysoce kvalitn\u00ed tkanina, kter\u00e1 se rychle su\u0161\u00ed. Pro v\u011bt\u0161\u00ed komfort a pohodl\u00ed m\u00e1 \u017eupan tak\u00e9 p\u00e1sek.<\/p>\n<p data-start=\"361\" data-end=\"405\">Pro v\u00e1s nebo va\u0161e hosty vyberte to nejlep\u0161\u00ed.<\/p>\n<p data-start=\"407\" data-end=\"432\">Dostupn\u00e9 ve velikosti XL.<\/p>\n<p data-start=\"434\" data-end=\"483\">Doporu\u010duje se pr\u00e1t p\u0159i teplot\u011b vody do 40 stup\u0148\u016f!<\/p>\n<p data-start=\"485\" data-end=\"547\">Obr\u00e1zky jsou ilustra\u010dn\u00ed a popisuj\u00ed obecn\u00e9 vlastnosti produkt\u016f!<\/p>\n","protected":false},"excerpt":{"rendered":"<ul>\n<li data-start=\"0\" data-end=\"35\"><strong>Materi\u00e1l:<\/strong> Vysoce kvalitn\u00ed bavlna<\/li>\n<li data-start=\"0\" data-end=\"35\"><strong>Hmotnost:<\/strong> 400 gram\u016f, poskytuje rovnov\u00e1hu mezi teplem a pohodl\u00edm<\/li>\n<li data-start=\"0\" data-end=\"35\"><strong>M\u011bkk\u00fd a hu\u0148at\u00fd:<\/strong> Poskytuje luxusn\u00ed, pohodln\u00fd pocit<\/li>\n<li data-start=\"0\" data-end=\"35\"><strong>Sav\u00fd:<\/strong> Ide\u00e1ln\u00ed pro osu\u0161en\u00ed po spr\u0161e nebo koupeli<\/li>\n<li data-start=\"0\" data-end=\"35\"><strong>Elegantn\u00ed design:<\/strong> Ostr\u00e1 b\u00edl\u00e1 barva dod\u00e1v\u00e1 sofistikovan\u00fd n\u00e1dech<\/li>\n<li data-start=\"0\" data-end=\"35\"><strong>Hotelov\u00fd styl:<\/strong> Ide\u00e1ln\u00ed pro vytvo\u0159en\u00ed spa nebo hotelov\u00e9ho z\u00e1\u017eitku doma<\/li>\n<\/ul>\n","protected":false},"featured_media":38743,"template":"","meta":[],"product_cat":[497],"product_tag":[],"class_list":{"0":"post-38990","1":"product","2":"type-product","3":"status-publish","4":"has-post-thumbnail","6":"product_cat-bathrobes-cz","8":"first","9":"outofstock","10":"shipping-taxable","11":"purchasable","12":"product-type-variable"},"yoast_head":"<!-- This site is optimized with the Yoast SEO plugin v24.2 - https:\/\/yoast.com\/wordpress\/plugins\/seo\/ -->\n<title>Pr\u00e9miov\u00fd b\u00edl\u00fd hotelov\u00fd \u017eupan z frot\u00e9 400g - Origon EU<\/title>\n<meta name=\"robots\" content=\"index, follow, max-snippet:-1, max-image-preview:large, max-video-preview:-1\" \/>\n<link rel=\"canonical\" href=\"https:\/\/origon-eu.com\/cz\/product\/white-towel-hotel-bathrobe-400gr\/\" \/>\n<meta property=\"og:locale\" content=\"en_US\" \/>\n<meta property=\"og:type\" content=\"article\" \/>\n<meta property=\"og:title\" content=\"Pr\u00e9miov\u00fd b\u00edl\u00fd hotelov\u00fd \u017eupan z frot\u00e9 400g - Origon EU\" \/>\n<meta property=\"og:description\" content=\"Materi\u00e1l: Vysoce kvalitn\u00ed bavlna  Hmotnost: 400 gram\u016f, poskytuje rovnov\u00e1hu mezi teplem a pohodl\u00edm  M\u011bkk\u00fd a hu\u0148at\u00fd: Poskytuje luxusn\u00ed, pohodln\u00fd pocit  Sav\u00fd: Ide\u00e1ln\u00ed pro osu\u0161en\u00ed po spr\u0161e nebo koupeli  Elegantn\u00ed design: Ostr\u00e1 b\u00edl\u00e1 barva dod\u00e1v\u00e1 sofistikovan\u00fd n\u00e1dech  Hotelov\u00fd styl: Ide\u00e1ln\u00ed pro vytvo\u0159en\u00ed spa nebo hotelov\u00e9ho z\u00e1\u017eitku doma\" \/>\n<meta property=\"og:url\" content=\"https:\/\/origon-eu.com\/cz\/product\/white-towel-hotel-bathrobe-400gr\/\" \/>\n<meta property=\"og:site_name\" content=\"Origon EU\" \/>\n<meta property=\"article:modified_time\" content=\"2025-03-25T13:30:55+00:00\" \/>\n<meta property=\"og:image\" content=\"https:\/\/origon-eu.com\/wp-content\/uploads\/2025\/03\/bal-havlien-hotelski-halat-400gr-image_670cfa8c60028_1920x1920-1.jpeg\" \/>\n\t<meta property=\"og:image:width\" content=\"1252\" \/>\n\t<meta property=\"og:image:height\" content=\"1920\" \/>\n\t<meta property=\"og:image:type\" content=\"image\/jpeg\" \/>\n<meta name=\"twitter:card\" content=\"summary_large_image\" \/>\n<meta name=\"twitter:label1\" content=\"Est. reading time\" \/>\n\t<meta name=\"twitter:data1\" content=\"1 minute\" \/>\n<script type=\"application\/ld+json\" class=\"yoast-schema-graph\">{\"@context\":\"https:\/\/schema.org\",\"@graph\":[{\"@type\":\"WebPage\",\"@id\":\"https:\/\/origon-eu.com\/cz\/product\/white-towel-hotel-bathrobe-400gr\/\",\"url\":\"https:\/\/origon-eu.com\/cz\/product\/white-towel-hotel-bathrobe-400gr\/\",\"name\":\"Pr\u00e9miov\u00fd b\u00edl\u00fd hotelov\u00fd \u017eupan z frot\u00e9 400g - Origon EU\",\"isPartOf\":{\"@id\":\"https:\/\/origon-eu.com\/#website\"},\"primaryImageOfPage\":{\"@id\":\"https:\/\/origon-eu.com\/cz\/product\/white-towel-hotel-bathrobe-400gr\/#primaryimage\"},\"image\":{\"@id\":\"https:\/\/origon-eu.com\/cz\/product\/white-towel-hotel-bathrobe-400gr\/#primaryimage\"},\"thumbnailUrl\":\"https:\/\/origon-eu.com\/wp-content\/uploads\/2025\/03\/bal-havlien-hotelski-halat-400gr-image_670cfa8c60028_1920x1920-1.jpeg\",\"datePublished\":\"2025-03-21T13:58:05+00:00\",\"dateModified\":\"2025-03-25T13:30:55+00:00\",\"breadcrumb\":{\"@id\":\"https:\/\/origon-eu.com\/cz\/product\/white-towel-hotel-bathrobe-400gr\/#breadcrumb\"},\"inLanguage\":\"cz-CZ\",\"potentialAction\":[{\"@type\":\"ReadAction\",\"target\":[\"https:\/\/origon-eu.com\/cz\/product\/white-towel-hotel-bathrobe-400gr\/\"]}]},{\"@type\":\"ImageObject\",\"inLanguage\":\"cz-CZ\",\"@id\":\"https:\/\/origon-eu.com\/cz\/product\/white-towel-hotel-bathrobe-400gr\/#primaryimage\",\"url\":\"https:\/\/origon-eu.com\/wp-content\/uploads\/2025\/03\/bal-havlien-hotelski-halat-400gr-image_670cfa8c60028_1920x1920-1.jpeg\",\"contentUrl\":\"https:\/\/origon-eu.com\/wp-content\/uploads\/2025\/03\/bal-havlien-hotelski-halat-400gr-image_670cfa8c60028_1920x1920-1.jpeg\",\"width\":1252,\"height\":1920},{\"@type\":\"BreadcrumbList\",\"@id\":\"https:\/\/origon-eu.com\/cz\/product\/white-towel-hotel-bathrobe-400gr\/#breadcrumb\",\"itemListElement\":[{\"@type\":\"ListItem\",\"position\":1,\"name\":\"Home\",\"item\":\"https:\/\/origon-eu.com\/\"},{\"@type\":\"ListItem\",\"position\":2,\"name\":\"Shop\",\"item\":\"https:\/\/origon-eu.com\/cz\/shop-2\/\"},{\"@type\":\"ListItem\",\"position\":3,\"name\":\"Pr\u00e9miov\u00fd b\u00edl\u00fd hotelov\u00fd \u017eupan z frot\u00e9 400g\"}]},{\"@type\":\"WebSite\",\"@id\":\"https:\/\/origon-eu.com\/#website\",\"url\":\"https:\/\/origon-eu.com\/\",\"name\":\"Origon EU\",\"description\":\"Online Store\",\"publisher\":{\"@id\":\"https:\/\/origon-eu.com\/#organization\"},\"potentialAction\":[{\"@type\":\"SearchAction\",\"target\":{\"@type\":\"EntryPoint\",\"urlTemplate\":\"https:\/\/origon-eu.com\/?s={search_term_string}\"},\"query-input\":{\"@type\":\"PropertyValueSpecification\",\"valueRequired\":true,\"valueName\":\"search_term_string\"}}],\"inLanguage\":\"cz-CZ\"},{\"@type\":\"Organization\",\"@id\":\"https:\/\/origon-eu.com\/#organization\",\"name\":\"Origon EU\",\"url\":\"https:\/\/origon-eu.com\/\",\"logo\":{\"@type\":\"ImageObject\",\"inLanguage\":\"cz-CZ\",\"@id\":\"https:\/\/origon-eu.com\/#\/schema\/logo\/image\/\",\"url\":\"https:\/\/origon-eu.com\/wp-content\/uploads\/2024\/04\/Screenshot-2024-04-09-101814.png\",\"contentUrl\":\"https:\/\/origon-eu.com\/wp-content\/uploads\/2024\/04\/Screenshot-2024-04-09-101814.png\",\"width\":171,\"height\":59,\"caption\":\"Origon EU\"},\"image\":{\"@id\":\"https:\/\/origon-eu.com\/#\/schema\/logo\/image\/\"}}]}<\/script>\n<!-- \/ Yoast SEO plugin. -->","yoast_head_json":{"title":"Pr\u00e9miov\u00fd b\u00edl\u00fd hotelov\u00fd \u017eupan z frot\u00e9 400g - Origon EU","robots":{"index":"index","follow":"follow","max-snippet":"max-snippet:-1","max-image-preview":"max-image-preview:large","max-video-preview":"max-video-preview:-1"},"canonical":"https:\/\/origon-eu.com\/cz\/product\/white-towel-hotel-bathrobe-400gr\/","og_locale":"en_US","og_type":"article","og_title":"Pr\u00e9miov\u00fd b\u00edl\u00fd hotelov\u00fd \u017eupan z frot\u00e9 400g - Origon EU","og_description":"Materi\u00e1l: Vysoce kvalitn\u00ed bavlna  Hmotnost: 400 gram\u016f, poskytuje rovnov\u00e1hu mezi teplem a pohodl\u00edm  M\u011bkk\u00fd a hu\u0148at\u00fd: Poskytuje luxusn\u00ed, pohodln\u00fd pocit  Sav\u00fd: Ide\u00e1ln\u00ed pro osu\u0161en\u00ed po spr\u0161e nebo koupeli  Elegantn\u00ed design: Ostr\u00e1 b\u00edl\u00e1 barva dod\u00e1v\u00e1 sofistikovan\u00fd n\u00e1dech  Hotelov\u00fd styl: Ide\u00e1ln\u00ed pro vytvo\u0159en\u00ed spa nebo hotelov\u00e9ho z\u00e1\u017eitku doma","og_url":"https:\/\/origon-eu.com\/cz\/product\/white-towel-hotel-bathrobe-400gr\/","og_site_name":"Origon EU","article_modified_time":"2025-03-25T13:30:55+00:00","og_image":[{"width":1252,"height":1920,"url":"https:\/\/origon-eu.com\/wp-content\/uploads\/2025\/03\/bal-havlien-hotelski-halat-400gr-image_670cfa8c60028_1920x1920-1.jpeg","type":"image\/jpeg"}],"twitter_card":"summary_large_image","twitter_misc":{"Est. reading time":"1 minute"},"schema":{"@context":"https:\/\/schema.org","@graph":[{"@type":"WebPage","@id":"https:\/\/origon-eu.com\/cz\/product\/white-towel-hotel-bathrobe-400gr\/","url":"https:\/\/origon-eu.com\/cz\/product\/white-towel-hotel-bathrobe-400gr\/","name":"Pr\u00e9miov\u00fd b\u00edl\u00fd hotelov\u00fd \u017eupan z frot\u00e9 400g - Origon EU","isPartOf":{"@id":"https:\/\/origon-eu.com\/#website"},"primaryImageOfPage":{"@id":"https:\/\/origon-eu.com\/cz\/product\/white-towel-hotel-bathrobe-400gr\/#primaryimage"},"image":{"@id":"https:\/\/origon-eu.com\/cz\/product\/white-towel-hotel-bathrobe-400gr\/#primaryimage"},"thumbnailUrl":"https:\/\/origon-eu.com\/wp-content\/uploads\/2025\/03\/bal-havlien-hotelski-halat-400gr-image_670cfa8c60028_1920x1920-1.jpeg","datePublished":"2025-03-21T13:58:05+00:00","dateModified":"2025-03-25T13:30:55+00:00","breadcrumb":{"@id":"https:\/\/origon-eu.com\/cz\/product\/white-towel-hotel-bathrobe-400gr\/#breadcrumb"},"inLanguage":"cz-CZ","potentialAction":[{"@type":"ReadAction","target":["https:\/\/origon-eu.com\/cz\/product\/white-towel-hotel-bathrobe-400gr\/"]}]},{"@type":"ImageObject","inLanguage":"cz-CZ","@id":"https:\/\/origon-eu.com\/cz\/product\/white-towel-hotel-bathrobe-400gr\/#primaryimage","url":"https:\/\/origon-eu.com\/wp-content\/uploads\/2025\/03\/bal-havlien-hotelski-halat-400gr-image_670cfa8c60028_1920x1920-1.jpeg","contentUrl":"https:\/\/origon-eu.com\/wp-content\/uploads\/2025\/03\/bal-havlien-hotelski-halat-400gr-image_670cfa8c60028_1920x1920-1.jpeg","width":1252,"height":1920},{"@type":"BreadcrumbList","@id":"https:\/\/origon-eu.com\/cz\/product\/white-towel-hotel-bathrobe-400gr\/#breadcrumb","itemListElement":[{"@type":"ListItem","position":1,"name":"Home","item":"https:\/\/origon-eu.com\/"},{"@type":"ListItem","position":2,"name":"Shop","item":"https:\/\/origon-eu.com\/cz\/shop-2\/"},{"@type":"ListItem","position":3,"name":"Pr\u00e9miov\u00fd b\u00edl\u00fd hotelov\u00fd \u017eupan z frot\u00e9 400g"}]},{"@type":"WebSite","@id":"https:\/\/origon-eu.com\/#website","url":"https:\/\/origon-eu.com\/","name":"Origon EU","description":"Online Store","publisher":{"@id":"https:\/\/origon-eu.com\/#organization"},"potentialAction":[{"@type":"SearchAction","target":{"@type":"EntryPoint","urlTemplate":"https:\/\/origon-eu.com\/?s={search_term_string}"},"query-input":{"@type":"PropertyValueSpecification","valueRequired":true,"valueName":"search_term_string"}}],"inLanguage":"cz-CZ"},{"@type":"Organization","@id":"https:\/\/origon-eu.com\/#organization","name":"Origon EU","url":"https:\/\/origon-eu.com\/","logo":{"@type":"ImageObject","inLanguage":"cz-CZ","@id":"https:\/\/origon-eu.com\/#\/schema\/logo\/image\/","url":"https:\/\/origon-eu.com\/wp-content\/uploads\/2024\/04\/Screenshot-2024-04-09-101814.png","contentUrl":"https:\/\/origon-eu.com\/wp-content\/uploads\/2024\/04\/Screenshot-2024-04-09-101814.png","width":171,"height":59,"caption":"Origon EU"},"image":{"@id":"https:\/\/origon-eu.com\/#\/schema\/logo\/image\/"}}]}},"tiered_pricing_type":"fixed","tiered_pricing_fixed_rules":[],"tiered_pricing_percentage_rules":[],"tiered_pricing_minimum":1,"tiered_pricing_roles_data":[],"_links":{"self":[{"href":"https:\/\/origon-eu.com\/cz\/wp-json\/wp\/v2\/product\/38990","targetHints":{"allow":["GET"]}}],"collection":[{"href":"https:\/\/origon-eu.com\/cz\/wp-json\/wp\/v2\/product"}],"about":[{"href":"https:\/\/origon-eu.com\/cz\/wp-json\/wp\/v2\/types\/product"}],"version-history":[{"count":3,"href":"https:\/\/origon-eu.com\/cz\/wp-json\/wp\/v2\/product\/38990\/revisions"}],"predecessor-version":[{"id":39826,"href":"https:\/\/origon-eu.com\/cz\/wp-json\/wp\/v2\/product\/38990\/revisions\/39826"}],"wp:featuredmedia":[{"embeddable":true,"href":"https:\/\/origon-eu.com\/cz\/wp-json\/wp\/v2\/media\/38743"}],"wp:attachment":[{"href":"https:\/\/origon-eu.com\/cz\/wp-json\/wp\/v2\/media?parent=38990"}],"wp:term":[{"taxonomy":"product_cat","embeddable":true,"href":"https:\/\/origon-eu.com\/cz\/wp-json\/wp\/v2\/product_cat?post=38990"},{"taxonomy":"product_tag","embeddable":true,"href":"https:\/\/origon-eu.com\/cz\/wp-json\/wp\/v2\/product_tag?post=38990"}],"curies":[{"name":"wp","href":"https:\/\/api.w.org\/{rel}","templated":true}]}}