{"id":35656,"date":"2025-02-28T11:20:41","date_gmt":"2025-02-28T09:20:41","guid":{"rendered":"https:\/\/origon-eu.com\/product\/shiatsu-foot-massager\/"},"modified":"2025-02-28T15:45:38","modified_gmt":"2025-02-28T13:45:38","slug":"shiatsu-foot-massager","status":"publish","type":"product","link":"https:\/\/origon-eu.com\/cz\/product\/shiatsu-foot-massager\/","title":{"rendered":"Shiatsu Foot Massager"},"content":{"rendered":"<p>Uvoln\u011bte unaven\u00e9 svaly a dop\u0159ejte si relaxaci s mas\u00e1\u017en\u00edm p\u0159\u00edstrojem na nohy Shiatsu s funkc\u00ed oh\u0159evu. Tento p\u0159enosn\u00fd mas\u00e9r nab\u00edz\u00ed t\u0159i nastaven\u00ed mas\u00e1\u017ee podle va\u0161ich preferenc\u00ed spolu s funkc\u00ed \u0159\u00edzen\u00e9ho oh\u0159evu pro dodate\u010dn\u00fd uklid\u0148uj\u00edc\u00ed dotek.<\/p>\n<p><strong>V\u00fdhody mas\u00e1\u017en\u00edho p\u0159\u00edstroje na nohy Shiatsu:<\/strong><\/p>\n<ul>\n<li>Zlep\u0161uje ob\u011bh<\/li>\n<li>Stimuluje svaly<\/li>\n<li>Sni\u017euje nap\u011bt\u00ed a bolest<\/li>\n<li>Uvol\u0148uje stres<\/li>\n<li>Zm\u00edr\u0148uje bolesti hlavy a migr\u00e9ny<\/li>\n<li>Pom\u00e1h\u00e1 p\u0159i sni\u017eov\u00e1n\u00ed krevn\u00edho tlaku<\/li>\n<li>Zkracuje dobu zotaven\u00ed po zran\u011bn\u00ed<\/li>\n<li>Sni\u017euje \u00fazkost<\/li>\n<li>Zlep\u0161uje kvalitu sp\u00e1nku<\/li>\n<\/ul>\n<p><a href=\"https:\/\/origon-eu.com\/wp-content\/uploads\/2025\/02\/ISM001productimage.webp\"><img fetchpriority=\"high\" decoding=\"async\" class=\"alignnone size-full wp-image-35351\" src=\"https:\/\/origon-eu.com\/wp-content\/uploads\/2025\/02\/ISM001productimage.webp\" alt=\"\" width=\"500\" height=\"500\" srcset=\"https:\/\/origon-eu.com\/wp-content\/uploads\/2025\/02\/ISM001productimage.webp 500w, https:\/\/origon-eu.com\/wp-content\/uploads\/2025\/02\/ISM001productimage-300x300.webp 300w, https:\/\/origon-eu.com\/wp-content\/uploads\/2025\/02\/ISM001productimage-150x150.webp 150w\" sizes=\"(max-width: 500px) 100vw, 500px\" \/><\/a><\/p>\n<p>&nbsp;<\/p>\n<p><strong>Funkce mas\u00e1\u017en\u00edho p\u0159\u00edstroje na nohy Shiatsu:<\/strong><\/p>\n<ul>\n<li>Design ve tvaru vejce pro ergonomick\u00e9 pohodl\u00ed<\/li>\n<li>Lehk\u00fd a p\u0159enosn\u00fd<\/li>\n<li>T\u0159i mas\u00e1\u017en\u00ed p\u0159\u00edstroje pro komplexn\u00ed mas\u00e1\u017e chodidel<\/li>\n<li>Sn\u00edmateln\u00e9 a prateln\u00e9 potahy pro hygienu<\/li>\n<\/ul>\n<p><strong>Specifikace:<\/strong><\/p>\n<ul>\n<li>P\u011bt nez\u00e1visl\u00fdch tla\u010d\u00edtek na ovl\u00e1dac\u00edm panelu<\/li>\n<li>Centr\u00e1ln\u00ed mas\u00e1\u017en\u00ed podlo\u017eka pro akupresuru na klenb\u00e1ch<\/li>\n<li>P\u0159edn\u00ed mas\u00e1\u017en\u00ed podlo\u017eka s hn\u011btac\u00edm v\u00e1le\u010dkem pro p\u0159edn\u00ed chodidla<\/li>\n<li>Zadn\u00ed mas\u00e1\u017en\u00ed podlo\u017eka s tlakov\u00fdm hn\u011bten\u00edm pro paty<\/li>\n<li>Vnit\u0159n\u00ed airbag pro tlak vzduchu na n\u00e1rty<\/li>\n<li>Odn\u00edmateln\u00e1 tkanina na zip pro snadn\u00e9 \u010di\u0161t\u011bn\u00ed<\/li>\n<li>\u00dalo\u017ei\u0161t\u011b kabelu pro p\u0159ehlednou organizaci<\/li>\n<\/ul>\n<p><strong>Vyzkou\u0161ejte mas\u00e1\u017en\u00ed p\u0159\u00edstroj na nohy Shiatsu pro povzbuzuj\u00edc\u00ed a relaxa\u010dn\u00ed z\u00e1\u017eitek!<\/strong><\/p>\n<p><a href=\"https:\/\/origon-eu.com\/wp-content\/uploads\/2025\/02\/2_ba9be07b-cfe5-4341-87ac-866153800ce8.webp\"><img decoding=\"async\" class=\"alignnone size-full wp-image-35338\" src=\"https:\/\/origon-eu.com\/wp-content\/uploads\/2025\/02\/2_ba9be07b-cfe5-4341-87ac-866153800ce8.webp\" alt=\"\" width=\"713\" height=\"713\" srcset=\"https:\/\/origon-eu.com\/wp-content\/uploads\/2025\/02\/2_ba9be07b-cfe5-4341-87ac-866153800ce8.webp 713w, https:\/\/origon-eu.com\/wp-content\/uploads\/2025\/02\/2_ba9be07b-cfe5-4341-87ac-866153800ce8-300x300.webp 300w, https:\/\/origon-eu.com\/wp-content\/uploads\/2025\/02\/2_ba9be07b-cfe5-4341-87ac-866153800ce8-150x150.webp 150w, https:\/\/origon-eu.com\/wp-content\/uploads\/2025\/02\/2_ba9be07b-cfe5-4341-87ac-866153800ce8-600x600.webp 600w\" sizes=\"(max-width: 713px) 100vw, 713px\" \/><\/a> <a href=\"https:\/\/origon-eu.com\/wp-content\/uploads\/2025\/02\/4_f13bb2f4-084c-4e30-a75c-61f9d0e0dfbc.webp\"><img decoding=\"async\" class=\"alignnone size-full wp-image-35358\" src=\"https:\/\/origon-eu.com\/wp-content\/uploads\/2025\/02\/4_f13bb2f4-084c-4e30-a75c-61f9d0e0dfbc.webp\" alt=\"\" width=\"713\" height=\"713\" srcset=\"https:\/\/origon-eu.com\/wp-content\/uploads\/2025\/02\/4_f13bb2f4-084c-4e30-a75c-61f9d0e0dfbc.webp 713w, https:\/\/origon-eu.com\/wp-content\/uploads\/2025\/02\/4_f13bb2f4-084c-4e30-a75c-61f9d0e0dfbc-300x300.webp 300w, https:\/\/origon-eu.com\/wp-content\/uploads\/2025\/02\/4_f13bb2f4-084c-4e30-a75c-61f9d0e0dfbc-150x150.webp 150w, https:\/\/origon-eu.com\/wp-content\/uploads\/2025\/02\/4_f13bb2f4-084c-4e30-a75c-61f9d0e0dfbc-600x600.webp 600w\" sizes=\"(max-width: 713px) 100vw, 713px\" \/><\/a><\/p>\n","protected":false},"excerpt":{"rendered":"<ul>\n<li>Design ve tvaru vejce pro ergonomick\u00e9 pohodl\u00ed<\/li>\n<li>Lehk\u00fd a p\u0159enosn\u00fd<\/li>\n<li>T\u0159i mas\u00e1\u017en\u00ed p\u0159\u00edstroje pro komplexn\u00ed mas\u00e1\u017e chodidel<\/li>\n<li>Sn\u00edmateln\u00e9 a prateln\u00e9 potahy pro hygienu<\/li>\n<\/ul>\n","protected":false},"featured_media":35351,"template":"","meta":[],"product_cat":[416],"product_tag":[],"class_list":{"0":"post-35656","1":"product","2":"type-product","3":"status-publish","4":"has-post-thumbnail","6":"product_cat-ljepota-i-osobna-njega-cz","8":"first","9":"instock","10":"sale","11":"shipping-taxable","12":"purchasable","13":"product-type-simple"},"yoast_head":"<!-- This site is optimized with the Yoast SEO plugin v24.2 - https:\/\/yoast.com\/wordpress\/plugins\/seo\/ -->\n<title>Shiatsu Foot Massager - Origon EU<\/title>\n<meta name=\"robots\" content=\"index, follow, max-snippet:-1, max-image-preview:large, max-video-preview:-1\" \/>\n<link rel=\"canonical\" href=\"https:\/\/origon-eu.com\/cz\/product\/shiatsu-foot-massager\/\" \/>\n<meta property=\"og:locale\" content=\"en_US\" \/>\n<meta property=\"og:type\" content=\"article\" \/>\n<meta property=\"og:title\" content=\"Shiatsu Foot Massager - Origon EU\" \/>\n<meta property=\"og:description\" content=\"Design ve tvaru vejce pro ergonomick\u00e9 pohodl\u00ed  Lehk\u00fd a p\u0159enosn\u00fd  T\u0159i mas\u00e1\u017en\u00ed p\u0159\u00edstroje pro komplexn\u00ed mas\u00e1\u017e chodidel  Sn\u00edmateln\u00e9 a prateln\u00e9 potahy pro hygienu\" \/>\n<meta property=\"og:url\" content=\"https:\/\/origon-eu.com\/cz\/product\/shiatsu-foot-massager\/\" \/>\n<meta property=\"og:site_name\" content=\"Origon EU\" \/>\n<meta property=\"article:modified_time\" content=\"2025-02-28T13:45:38+00:00\" \/>\n<meta property=\"og:image\" content=\"https:\/\/origon-eu.com\/wp-content\/uploads\/2025\/02\/ISM001productimage.webp\" \/>\n\t<meta property=\"og:image:width\" content=\"500\" \/>\n\t<meta property=\"og:image:height\" content=\"500\" \/>\n\t<meta property=\"og:image:type\" content=\"image\/webp\" \/>\n<meta name=\"twitter:card\" content=\"summary_large_image\" \/>\n<meta name=\"twitter:label1\" content=\"Est. reading time\" \/>\n\t<meta name=\"twitter:data1\" content=\"2 minutes\" \/>\n<script type=\"application\/ld+json\" class=\"yoast-schema-graph\">{\"@context\":\"https:\/\/schema.org\",\"@graph\":[{\"@type\":\"WebPage\",\"@id\":\"https:\/\/origon-eu.com\/cz\/product\/shiatsu-foot-massager\/\",\"url\":\"https:\/\/origon-eu.com\/cz\/product\/shiatsu-foot-massager\/\",\"name\":\"Shiatsu Foot Massager - Origon EU\",\"isPartOf\":{\"@id\":\"https:\/\/origon-eu.com\/#website\"},\"primaryImageOfPage\":{\"@id\":\"https:\/\/origon-eu.com\/cz\/product\/shiatsu-foot-massager\/#primaryimage\"},\"image\":{\"@id\":\"https:\/\/origon-eu.com\/cz\/product\/shiatsu-foot-massager\/#primaryimage\"},\"thumbnailUrl\":\"https:\/\/origon-eu.com\/wp-content\/uploads\/2025\/02\/ISM001productimage.webp\",\"datePublished\":\"2025-02-28T09:20:41+00:00\",\"dateModified\":\"2025-02-28T13:45:38+00:00\",\"breadcrumb\":{\"@id\":\"https:\/\/origon-eu.com\/cz\/product\/shiatsu-foot-massager\/#breadcrumb\"},\"inLanguage\":\"cz-CZ\",\"potentialAction\":[{\"@type\":\"ReadAction\",\"target\":[\"https:\/\/origon-eu.com\/cz\/product\/shiatsu-foot-massager\/\"]}]},{\"@type\":\"ImageObject\",\"inLanguage\":\"cz-CZ\",\"@id\":\"https:\/\/origon-eu.com\/cz\/product\/shiatsu-foot-massager\/#primaryimage\",\"url\":\"https:\/\/origon-eu.com\/wp-content\/uploads\/2025\/02\/ISM001productimage.webp\",\"contentUrl\":\"https:\/\/origon-eu.com\/wp-content\/uploads\/2025\/02\/ISM001productimage.webp\",\"width\":500,\"height\":500},{\"@type\":\"BreadcrumbList\",\"@id\":\"https:\/\/origon-eu.com\/cz\/product\/shiatsu-foot-massager\/#breadcrumb\",\"itemListElement\":[{\"@type\":\"ListItem\",\"position\":1,\"name\":\"Home\",\"item\":\"https:\/\/origon-eu.com\/\"},{\"@type\":\"ListItem\",\"position\":2,\"name\":\"Shop\",\"item\":\"https:\/\/origon-eu.com\/cz\/shop-2\/\"},{\"@type\":\"ListItem\",\"position\":3,\"name\":\"Shiatsu Foot Massager\"}]},{\"@type\":\"WebSite\",\"@id\":\"https:\/\/origon-eu.com\/#website\",\"url\":\"https:\/\/origon-eu.com\/\",\"name\":\"Origon EU\",\"description\":\"Online Store\",\"publisher\":{\"@id\":\"https:\/\/origon-eu.com\/#organization\"},\"potentialAction\":[{\"@type\":\"SearchAction\",\"target\":{\"@type\":\"EntryPoint\",\"urlTemplate\":\"https:\/\/origon-eu.com\/?s={search_term_string}\"},\"query-input\":{\"@type\":\"PropertyValueSpecification\",\"valueRequired\":true,\"valueName\":\"search_term_string\"}}],\"inLanguage\":\"cz-CZ\"},{\"@type\":\"Organization\",\"@id\":\"https:\/\/origon-eu.com\/#organization\",\"name\":\"Origon EU\",\"url\":\"https:\/\/origon-eu.com\/\",\"logo\":{\"@type\":\"ImageObject\",\"inLanguage\":\"cz-CZ\",\"@id\":\"https:\/\/origon-eu.com\/#\/schema\/logo\/image\/\",\"url\":\"https:\/\/origon-eu.com\/wp-content\/uploads\/2024\/04\/Screenshot-2024-04-09-101814.png\",\"contentUrl\":\"https:\/\/origon-eu.com\/wp-content\/uploads\/2024\/04\/Screenshot-2024-04-09-101814.png\",\"width\":171,\"height\":59,\"caption\":\"Origon EU\"},\"image\":{\"@id\":\"https:\/\/origon-eu.com\/#\/schema\/logo\/image\/\"}}]}<\/script>\n<!-- \/ Yoast SEO plugin. -->","yoast_head_json":{"title":"Shiatsu Foot Massager - Origon EU","robots":{"index":"index","follow":"follow","max-snippet":"max-snippet:-1","max-image-preview":"max-image-preview:large","max-video-preview":"max-video-preview:-1"},"canonical":"https:\/\/origon-eu.com\/cz\/product\/shiatsu-foot-massager\/","og_locale":"en_US","og_type":"article","og_title":"Shiatsu Foot Massager - Origon EU","og_description":"Design ve tvaru vejce pro ergonomick\u00e9 pohodl\u00ed  Lehk\u00fd a p\u0159enosn\u00fd  T\u0159i mas\u00e1\u017en\u00ed p\u0159\u00edstroje pro komplexn\u00ed mas\u00e1\u017e chodidel  Sn\u00edmateln\u00e9 a prateln\u00e9 potahy pro hygienu","og_url":"https:\/\/origon-eu.com\/cz\/product\/shiatsu-foot-massager\/","og_site_name":"Origon EU","article_modified_time":"2025-02-28T13:45:38+00:00","og_image":[{"width":500,"height":500,"url":"https:\/\/origon-eu.com\/wp-content\/uploads\/2025\/02\/ISM001productimage.webp","type":"image\/webp"}],"twitter_card":"summary_large_image","twitter_misc":{"Est. reading time":"2 minutes"},"schema":{"@context":"https:\/\/schema.org","@graph":[{"@type":"WebPage","@id":"https:\/\/origon-eu.com\/cz\/product\/shiatsu-foot-massager\/","url":"https:\/\/origon-eu.com\/cz\/product\/shiatsu-foot-massager\/","name":"Shiatsu Foot Massager - Origon EU","isPartOf":{"@id":"https:\/\/origon-eu.com\/#website"},"primaryImageOfPage":{"@id":"https:\/\/origon-eu.com\/cz\/product\/shiatsu-foot-massager\/#primaryimage"},"image":{"@id":"https:\/\/origon-eu.com\/cz\/product\/shiatsu-foot-massager\/#primaryimage"},"thumbnailUrl":"https:\/\/origon-eu.com\/wp-content\/uploads\/2025\/02\/ISM001productimage.webp","datePublished":"2025-02-28T09:20:41+00:00","dateModified":"2025-02-28T13:45:38+00:00","breadcrumb":{"@id":"https:\/\/origon-eu.com\/cz\/product\/shiatsu-foot-massager\/#breadcrumb"},"inLanguage":"cz-CZ","potentialAction":[{"@type":"ReadAction","target":["https:\/\/origon-eu.com\/cz\/product\/shiatsu-foot-massager\/"]}]},{"@type":"ImageObject","inLanguage":"cz-CZ","@id":"https:\/\/origon-eu.com\/cz\/product\/shiatsu-foot-massager\/#primaryimage","url":"https:\/\/origon-eu.com\/wp-content\/uploads\/2025\/02\/ISM001productimage.webp","contentUrl":"https:\/\/origon-eu.com\/wp-content\/uploads\/2025\/02\/ISM001productimage.webp","width":500,"height":500},{"@type":"BreadcrumbList","@id":"https:\/\/origon-eu.com\/cz\/product\/shiatsu-foot-massager\/#breadcrumb","itemListElement":[{"@type":"ListItem","position":1,"name":"Home","item":"https:\/\/origon-eu.com\/"},{"@type":"ListItem","position":2,"name":"Shop","item":"https:\/\/origon-eu.com\/cz\/shop-2\/"},{"@type":"ListItem","position":3,"name":"Shiatsu Foot Massager"}]},{"@type":"WebSite","@id":"https:\/\/origon-eu.com\/#website","url":"https:\/\/origon-eu.com\/","name":"Origon EU","description":"Online Store","publisher":{"@id":"https:\/\/origon-eu.com\/#organization"},"potentialAction":[{"@type":"SearchAction","target":{"@type":"EntryPoint","urlTemplate":"https:\/\/origon-eu.com\/?s={search_term_string}"},"query-input":{"@type":"PropertyValueSpecification","valueRequired":true,"valueName":"search_term_string"}}],"inLanguage":"cz-CZ"},{"@type":"Organization","@id":"https:\/\/origon-eu.com\/#organization","name":"Origon EU","url":"https:\/\/origon-eu.com\/","logo":{"@type":"ImageObject","inLanguage":"cz-CZ","@id":"https:\/\/origon-eu.com\/#\/schema\/logo\/image\/","url":"https:\/\/origon-eu.com\/wp-content\/uploads\/2024\/04\/Screenshot-2024-04-09-101814.png","contentUrl":"https:\/\/origon-eu.com\/wp-content\/uploads\/2024\/04\/Screenshot-2024-04-09-101814.png","width":171,"height":59,"caption":"Origon EU"},"image":{"@id":"https:\/\/origon-eu.com\/#\/schema\/logo\/image\/"}}]}},"tiered_pricing_type":"fixed","tiered_pricing_fixed_rules":[],"tiered_pricing_percentage_rules":[],"tiered_pricing_minimum":1,"tiered_pricing_roles_data":[],"_links":{"self":[{"href":"https:\/\/origon-eu.com\/cz\/wp-json\/wp\/v2\/product\/35656","targetHints":{"allow":["GET"]}}],"collection":[{"href":"https:\/\/origon-eu.com\/cz\/wp-json\/wp\/v2\/product"}],"about":[{"href":"https:\/\/origon-eu.com\/cz\/wp-json\/wp\/v2\/types\/product"}],"version-history":[{"count":1,"href":"https:\/\/origon-eu.com\/cz\/wp-json\/wp\/v2\/product\/35656\/revisions"}],"predecessor-version":[{"id":35657,"href":"https:\/\/origon-eu.com\/cz\/wp-json\/wp\/v2\/product\/35656\/revisions\/35657"}],"wp:featuredmedia":[{"embeddable":true,"href":"https:\/\/origon-eu.com\/cz\/wp-json\/wp\/v2\/media\/35351"}],"wp:attachment":[{"href":"https:\/\/origon-eu.com\/cz\/wp-json\/wp\/v2\/media?parent=35656"}],"wp:term":[{"taxonomy":"product_cat","embeddable":true,"href":"https:\/\/origon-eu.com\/cz\/wp-json\/wp\/v2\/product_cat?post=35656"},{"taxonomy":"product_tag","embeddable":true,"href":"https:\/\/origon-eu.com\/cz\/wp-json\/wp\/v2\/product_tag?post=35656"}],"curies":[{"name":"wp","href":"https:\/\/api.w.org\/{rel}","templated":true}]}}