{"id":35631,"date":"2025-02-28T11:14:55","date_gmt":"2025-02-28T09:14:55","guid":{"rendered":"https:\/\/origon-eu.com\/product\/lazy-beanbag-sofa\/"},"modified":"2025-02-28T15:35:06","modified_gmt":"2025-02-28T13:35:06","slug":"lazy-beanbag-sofa","status":"publish","type":"product","link":"https:\/\/origon-eu.com\/cz\/product\/lazy-beanbag-sofa\/","title":{"rendered":"Pohovka Lazy BeanBag"},"content":{"rendered":"<p>Ob\u0159\u00ed sedac\u00ed pytel pro dosp\u011bl\u00e9|Fuf Bean Bag|Nejlep\u0161\u00ed pohovka do lo\u017enice|<\/p>\n<p>**Bezkonkuren\u010dn\u00ed pohodl\u00ed a styl**<br \/>\nLazy BeanBag Sofas Cover Chair je d\u016fkazem pohodl\u00ed a stylu, vyroben\u00fd z prav\u00e9 k\u016f\u017ee, kter\u00e1 nab\u00edz\u00ed luxusn\u00ed pocit a odolnost. Tato jednom\u00edstn\u00e1 sedac\u00ed \u017eidle je navr\u017eena tak, aby poskytovala ergonomickou podporu, tak\u017ee je vynikaj\u00edc\u00ed volbou pro ty, kte\u0159\u00ed oce\u0148uj\u00ed pohodl\u00ed i styl. Zv\u00fd\u0161en\u00e1 konstrukce op\u011bradla zaji\u0161\u0165uje, \u017ee m\u016f\u017eete pohodln\u011b odpo\u010d\u00edvat, a\u0165 u\u017e sledujete televizi, \u010dtete knihu nebo prost\u011b jen relaxujete.<\/p>\n<p>**V\u0161estrann\u00e9 a pohodln\u00e9**<br \/>\nTato \u017eidle nen\u00ed jen kus n\u00e1bytku; je v\u0161estrann\u00fdm dopl\u0148kem ka\u017ed\u00e9ho obytn\u00e9ho prostoru. D\u00edky lehk\u00e9mu designu se snadno p\u0159emis\u0165uje, tak\u017ee se skv\u011ble hod\u00ed do lo\u017enic, heren nebo dokonce jako \u00fatuln\u00fd dopln\u011bk do va\u0161\u00ed lo\u017enice. Nafukovac\u00ed pohovka se snadno nastavuje a dod\u00e1van\u00e1 pumpa zaji\u0161\u0165uje, \u017ee si sv\u00e9 nov\u00e9 k\u0159eslo budete moci u\u017e\u00edvat b\u011bhem okam\u017eiku. Kompaktn\u00ed velikost a n\u00edzk\u00e1 hmotnost umo\u017e\u0148uj\u00ed snadn\u00e9 skladov\u00e1n\u00ed, kdy\u017e se nepou\u017e\u00edv\u00e1.<\/p>\n<p>**Snadn\u00e1 \u00fadr\u017eba a opravy**<br \/>\n\u010ci\u0161t\u011bn\u00ed va\u0161\u00ed seda\u010dky je hra\u010dka d\u00edky funkci pohovky, kterou lze pr\u00e1t v pra\u010dce. Vlo\u010dkov\u00fd materi\u00e1l je navr\u017een tak, aby odolal skvrn\u00e1m a zachoval si m\u011bkkost, tak\u017ee va\u0161e \u017eidle z\u016fstane \u00fatuln\u00fdm \u00fato\u010di\u0161t\u011bm po mnoho let. V ojedin\u011bl\u00fdch p\u0159\u00edpadech prop\u00edchnut\u00ed je k\u0159eslo dod\u00e1v\u00e1no s opravnou sadou v\u010detn\u011b lepidla, kter\u00e9 zajist\u00ed, \u017ee va\u0161e k\u0159eslo z\u016fstane v nejlep\u0161\u00edm stavu. Nezapome\u0148te udr\u017eovat m\u00edrnou hladinu plynu, aby nedo\u0161lo k prasknut\u00ed, a u\u017eijte si pohodl\u00ed a pohodl\u00ed t\u00e9to vysoce kvalitn\u00ed nafukovac\u00ed postele.<\/p>\n<p><a href=\"https:\/\/origon-eu.com\/wp-content\/uploads\/2025\/02\/S491fbbfe575a4089996aabca8ea58c48i.webp\"><img fetchpriority=\"high\" decoding=\"async\" class=\"alignnone size-full wp-image-35262\" src=\"https:\/\/origon-eu.com\/wp-content\/uploads\/2025\/02\/S491fbbfe575a4089996aabca8ea58c48i.webp\" alt=\"\" width=\"800\" height=\"563\" srcset=\"https:\/\/origon-eu.com\/wp-content\/uploads\/2025\/02\/S491fbbfe575a4089996aabca8ea58c48i.webp 800w, https:\/\/origon-eu.com\/wp-content\/uploads\/2025\/02\/S491fbbfe575a4089996aabca8ea58c48i-300x211.webp 300w, https:\/\/origon-eu.com\/wp-content\/uploads\/2025\/02\/S491fbbfe575a4089996aabca8ea58c48i-768x540.webp 768w, https:\/\/origon-eu.com\/wp-content\/uploads\/2025\/02\/S491fbbfe575a4089996aabca8ea58c48i-600x422.webp 600w, https:\/\/origon-eu.com\/wp-content\/uploads\/2025\/02\/S491fbbfe575a4089996aabca8ea58c48i-150x106.webp 150w\" sizes=\"(max-width: 800px) 100vw, 800px\" \/><\/a><\/p>\n<p>Materi\u00e1l: Prav\u00e1 k\u016f\u017ee<br \/>\nPro \u010d\u00edslo: Single<br \/>\nDesign a styl: Nafukovac\u00ed pohovka se zv\u00fd\u0161en\u00fdm op\u011bradlem<br \/>\nPou\u017eit\u00ed a \u00fa\u010del: Ide\u00e1ln\u00ed pro sezen\u00ed, siestu a odpo\u010dinek<br \/>\nTvar nebo velikost nebo hmotnost nebo mno\u017estv\u00ed: 116 * 98 * 83 cm, 2 kg<br \/>\nV\u00fdkon a vlastnosti: Ergonomicky navr\u017een\u00fd pro pohodl\u00ed a podporu<\/p>\n<p><a href=\"https:\/\/origon-eu.com\/wp-content\/uploads\/2025\/02\/Sb36a731dd2114e32993547b4d8881b1aR.jpg_960x960q75.jpg_.webp\"><img decoding=\"async\" class=\"alignnone size-full wp-image-35553\" src=\"https:\/\/origon-eu.com\/wp-content\/uploads\/2025\/02\/Sb36a731dd2114e32993547b4d8881b1aR.jpg_960x960q75.jpg_.webp\" alt=\"\" width=\"800\" height=\"800\" srcset=\"https:\/\/origon-eu.com\/wp-content\/uploads\/2025\/02\/Sb36a731dd2114e32993547b4d8881b1aR.jpg_960x960q75.jpg_.webp 800w, https:\/\/origon-eu.com\/wp-content\/uploads\/2025\/02\/Sb36a731dd2114e32993547b4d8881b1aR.jpg_960x960q75.jpg_-300x300.webp 300w, https:\/\/origon-eu.com\/wp-content\/uploads\/2025\/02\/Sb36a731dd2114e32993547b4d8881b1aR.jpg_960x960q75.jpg_-150x150.webp 150w, https:\/\/origon-eu.com\/wp-content\/uploads\/2025\/02\/Sb36a731dd2114e32993547b4d8881b1aR.jpg_960x960q75.jpg_-768x768.webp 768w, https:\/\/origon-eu.com\/wp-content\/uploads\/2025\/02\/Sb36a731dd2114e32993547b4d8881b1aR.jpg_960x960q75.jpg_-600x600.webp 600w\" sizes=\"(max-width: 800px) 100vw, 800px\" \/><\/a> <a href=\"https:\/\/origon-eu.com\/wp-content\/uploads\/2025\/02\/S2dd937b3583b4e349e97f2a084ece0adH.webp\"><img decoding=\"async\" class=\"alignnone size-full wp-image-35573\" src=\"https:\/\/origon-eu.com\/wp-content\/uploads\/2025\/02\/S2dd937b3583b4e349e97f2a084ece0adH.webp\" alt=\"\" width=\"800\" height=\"533\" srcset=\"https:\/\/origon-eu.com\/wp-content\/uploads\/2025\/02\/S2dd937b3583b4e349e97f2a084ece0adH.webp 800w, https:\/\/origon-eu.com\/wp-content\/uploads\/2025\/02\/S2dd937b3583b4e349e97f2a084ece0adH-300x200.webp 300w, https:\/\/origon-eu.com\/wp-content\/uploads\/2025\/02\/S2dd937b3583b4e349e97f2a084ece0adH-768x512.webp 768w, https:\/\/origon-eu.com\/wp-content\/uploads\/2025\/02\/S2dd937b3583b4e349e97f2a084ece0adH-600x400.webp 600w, https:\/\/origon-eu.com\/wp-content\/uploads\/2025\/02\/S2dd937b3583b4e349e97f2a084ece0adH-150x100.webp 150w\" sizes=\"(max-width: 800px) 100vw, 800px\" \/><\/a> <a href=\"https:\/\/origon-eu.com\/wp-content\/uploads\/2025\/02\/Sf6507ad7090f4c5ca3417ab39b9fa577v.webp\"><img loading=\"lazy\" decoding=\"async\" class=\"alignnone size-full wp-image-35583\" src=\"https:\/\/origon-eu.com\/wp-content\/uploads\/2025\/02\/Sf6507ad7090f4c5ca3417ab39b9fa577v.webp\" alt=\"\" width=\"800\" height=\"785\" srcset=\"https:\/\/origon-eu.com\/wp-content\/uploads\/2025\/02\/Sf6507ad7090f4c5ca3417ab39b9fa577v.webp 800w, https:\/\/origon-eu.com\/wp-content\/uploads\/2025\/02\/Sf6507ad7090f4c5ca3417ab39b9fa577v-300x294.webp 300w, https:\/\/origon-eu.com\/wp-content\/uploads\/2025\/02\/Sf6507ad7090f4c5ca3417ab39b9fa577v-768x754.webp 768w, https:\/\/origon-eu.com\/wp-content\/uploads\/2025\/02\/Sf6507ad7090f4c5ca3417ab39b9fa577v-600x589.webp 600w, https:\/\/origon-eu.com\/wp-content\/uploads\/2025\/02\/Sf6507ad7090f4c5ca3417ab39b9fa577v-150x147.webp 150w\" sizes=\"(max-width: 800px) 100vw, 800px\" \/><\/a> <a href=\"https:\/\/origon-eu.com\/wp-content\/uploads\/2025\/02\/Sad75a1565f1549dbb05dec6acf235573D.webp\"><img loading=\"lazy\" decoding=\"async\" class=\"alignnone size-full wp-image-35593\" src=\"https:\/\/origon-eu.com\/wp-content\/uploads\/2025\/02\/Sad75a1565f1549dbb05dec6acf235573D.webp\" alt=\"\" width=\"800\" height=\"666\" srcset=\"https:\/\/origon-eu.com\/wp-content\/uploads\/2025\/02\/Sad75a1565f1549dbb05dec6acf235573D.webp 800w, https:\/\/origon-eu.com\/wp-content\/uploads\/2025\/02\/Sad75a1565f1549dbb05dec6acf235573D-300x250.webp 300w, https:\/\/origon-eu.com\/wp-content\/uploads\/2025\/02\/Sad75a1565f1549dbb05dec6acf235573D-768x639.webp 768w, https:\/\/origon-eu.com\/wp-content\/uploads\/2025\/02\/Sad75a1565f1549dbb05dec6acf235573D-600x500.webp 600w, https:\/\/origon-eu.com\/wp-content\/uploads\/2025\/02\/Sad75a1565f1549dbb05dec6acf235573D-150x125.webp 150w\" sizes=\"(max-width: 800px) 100vw, 800px\" \/><\/a> <a href=\"https:\/\/origon-eu.com\/wp-content\/uploads\/2025\/02\/S77b9991115874337b145526c5a94fcd4M-1.webp\"><img loading=\"lazy\" decoding=\"async\" class=\"alignnone size-full wp-image-35603\" src=\"https:\/\/origon-eu.com\/wp-content\/uploads\/2025\/02\/S77b9991115874337b145526c5a94fcd4M-1.webp\" alt=\"\" width=\"800\" height=\"968\" srcset=\"https:\/\/origon-eu.com\/wp-content\/uploads\/2025\/02\/S77b9991115874337b145526c5a94fcd4M-1.webp 800w, https:\/\/origon-eu.com\/wp-content\/uploads\/2025\/02\/S77b9991115874337b145526c5a94fcd4M-1-248x300.webp 248w, https:\/\/origon-eu.com\/wp-content\/uploads\/2025\/02\/S77b9991115874337b145526c5a94fcd4M-1-768x929.webp 768w, https:\/\/origon-eu.com\/wp-content\/uploads\/2025\/02\/S77b9991115874337b145526c5a94fcd4M-1-600x726.webp 600w, https:\/\/origon-eu.com\/wp-content\/uploads\/2025\/02\/S77b9991115874337b145526c5a94fcd4M-1-150x182.webp 150w\" sizes=\"(max-width: 800px) 100vw, 800px\" \/><\/a><\/p>\n<div style=\"width: 1280px;\" class=\"wp-video\"><video class=\"wp-video-shortcode\" id=\"video-35631-1\" width=\"1280\" height=\"720\" preload=\"none\" controls=\"controls\"><source type=\"video\/mp4\" src=\"https:\/\/origon-eu.com\/wp-content\/uploads\/2025\/02\/ZOGL0ULhv6Mq4ETUPtS_1100172410205_mp4_265_hd.mp4?_=1\" \/><a href=\"https:\/\/origon-eu.com\/wp-content\/uploads\/2025\/02\/ZOGL0ULhv6Mq4ETUPtS_1100172410205_mp4_265_hd.mp4\">https:\/\/origon-eu.com\/wp-content\/uploads\/2025\/02\/ZOGL0ULhv6Mq4ETUPtS_1100172410205_mp4_265_hd.mp4<\/a><\/video><\/div>\n","protected":false},"excerpt":{"rendered":"<p>Ob\u0159\u00ed sedac\u00ed pytel pro dosp\u011bl\u00e9|Fuf Bean Bag|Materi\u00e1l: prav\u00e1 k\u016f\u017ee, vyrobeno z prav\u00e9 k\u016f\u017ee, tato pohovka se sedac\u00edm vakem nab\u00edz\u00ed luxusn\u00ed pocit a odolnost.<\/p>\n<p>Velikost: 116 * 98 * 83 cm, P\u0159i velkorys\u00e9 velikosti 116 * 98 * 83 cm poskytuje tato pohovka se sedac\u00edm vakem dostatek prostoru pro leno\u0161en\u00ed a relaxaci.<br \/>\nDesign: Ergonomicky podp\u016frn\u00e1, Ergonomicky navr\u017een\u00e1 tak, aby podp\u00edrala va\u0161e t\u011blo, tato \u017eidle se sedac\u00edm vakem zaji\u0161\u0165uje pohodl\u00ed b\u011bhem dlouh\u00fdch hodin relaxace.<\/p>\n","protected":false},"featured_media":35556,"template":"","meta":[],"product_cat":[414],"product_tag":[],"class_list":{"0":"post-35631","1":"product","2":"type-product","3":"status-publish","4":"has-post-thumbnail","6":"product_cat-dom-i-kuhinja-cz","8":"first","9":"instock","10":"sale","11":"shipping-taxable","12":"purchasable","13":"product-type-simple"},"yoast_head":"<!-- This site is optimized with the Yoast SEO plugin v24.2 - https:\/\/yoast.com\/wordpress\/plugins\/seo\/ -->\n<title>Pohovka Lazy BeanBag - Origon EU<\/title>\n<meta name=\"robots\" content=\"index, follow, max-snippet:-1, max-image-preview:large, max-video-preview:-1\" \/>\n<link rel=\"canonical\" href=\"https:\/\/origon-eu.com\/cz\/product\/lazy-beanbag-sofa\/\" \/>\n<meta property=\"og:locale\" content=\"en_US\" \/>\n<meta property=\"og:type\" content=\"article\" \/>\n<meta property=\"og:title\" content=\"Pohovka Lazy BeanBag - Origon EU\" \/>\n<meta property=\"og:description\" content=\"Ob\u0159\u00ed sedac\u00ed pytel pro dosp\u011bl\u00e9|Fuf Bean Bag|Materi\u00e1l: prav\u00e1 k\u016f\u017ee, vyrobeno z prav\u00e9 k\u016f\u017ee, tato pohovka se sedac\u00edm vakem nab\u00edz\u00ed luxusn\u00ed pocit a odolnost.  Velikost: 116 * 98 * 83 cm, P\u0159i velkorys\u00e9 velikosti 116 * 98 * 83 cm poskytuje tato pohovka se sedac\u00edm vakem dostatek prostoru pro leno\u0161en\u00ed a relaxaci. Design: Ergonomicky podp\u016frn\u00e1, Ergonomicky navr\u017een\u00e1 tak, aby podp\u00edrala va\u0161e t\u011blo, tato \u017eidle se sedac\u00edm vakem zaji\u0161\u0165uje pohodl\u00ed b\u011bhem dlouh\u00fdch hodin relaxace.\" \/>\n<meta property=\"og:url\" content=\"https:\/\/origon-eu.com\/cz\/product\/lazy-beanbag-sofa\/\" \/>\n<meta property=\"og:site_name\" content=\"Origon EU\" \/>\n<meta property=\"article:modified_time\" content=\"2025-02-28T13:35:06+00:00\" \/>\n<meta property=\"og:image\" content=\"https:\/\/origon-eu.com\/wp-content\/uploads\/2025\/02\/Sb36a731dd2114e32993547b4d8881b1aR.jpg_960x960q75.jpg_.webp\" \/>\n\t<meta property=\"og:image:width\" content=\"800\" \/>\n\t<meta property=\"og:image:height\" content=\"800\" \/>\n\t<meta property=\"og:image:type\" content=\"image\/webp\" \/>\n<meta name=\"twitter:card\" content=\"summary_large_image\" \/>\n<meta name=\"twitter:label1\" content=\"Est. reading time\" \/>\n\t<meta name=\"twitter:data1\" content=\"3 minutes\" \/>\n<script type=\"application\/ld+json\" class=\"yoast-schema-graph\">{\"@context\":\"https:\/\/schema.org\",\"@graph\":[{\"@type\":\"WebPage\",\"@id\":\"https:\/\/origon-eu.com\/cz\/product\/lazy-beanbag-sofa\/\",\"url\":\"https:\/\/origon-eu.com\/cz\/product\/lazy-beanbag-sofa\/\",\"name\":\"Pohovka Lazy BeanBag - Origon EU\",\"isPartOf\":{\"@id\":\"https:\/\/origon-eu.com\/#website\"},\"primaryImageOfPage\":{\"@id\":\"https:\/\/origon-eu.com\/cz\/product\/lazy-beanbag-sofa\/#primaryimage\"},\"image\":{\"@id\":\"https:\/\/origon-eu.com\/cz\/product\/lazy-beanbag-sofa\/#primaryimage\"},\"thumbnailUrl\":\"https:\/\/origon-eu.com\/wp-content\/uploads\/2025\/02\/Sb36a731dd2114e32993547b4d8881b1aR.jpg_960x960q75.jpg_.webp\",\"datePublished\":\"2025-02-28T09:14:55+00:00\",\"dateModified\":\"2025-02-28T13:35:06+00:00\",\"breadcrumb\":{\"@id\":\"https:\/\/origon-eu.com\/cz\/product\/lazy-beanbag-sofa\/#breadcrumb\"},\"inLanguage\":\"cz-CZ\",\"potentialAction\":[{\"@type\":\"ReadAction\",\"target\":[\"https:\/\/origon-eu.com\/cz\/product\/lazy-beanbag-sofa\/\"]}]},{\"@type\":\"ImageObject\",\"inLanguage\":\"cz-CZ\",\"@id\":\"https:\/\/origon-eu.com\/cz\/product\/lazy-beanbag-sofa\/#primaryimage\",\"url\":\"https:\/\/origon-eu.com\/wp-content\/uploads\/2025\/02\/Sb36a731dd2114e32993547b4d8881b1aR.jpg_960x960q75.jpg_.webp\",\"contentUrl\":\"https:\/\/origon-eu.com\/wp-content\/uploads\/2025\/02\/Sb36a731dd2114e32993547b4d8881b1aR.jpg_960x960q75.jpg_.webp\",\"width\":800,\"height\":800},{\"@type\":\"BreadcrumbList\",\"@id\":\"https:\/\/origon-eu.com\/cz\/product\/lazy-beanbag-sofa\/#breadcrumb\",\"itemListElement\":[{\"@type\":\"ListItem\",\"position\":1,\"name\":\"Home\",\"item\":\"https:\/\/origon-eu.com\/\"},{\"@type\":\"ListItem\",\"position\":2,\"name\":\"Shop\",\"item\":\"https:\/\/origon-eu.com\/cz\/shop-2\/\"},{\"@type\":\"ListItem\",\"position\":3,\"name\":\"Pohovka Lazy BeanBag\"}]},{\"@type\":\"WebSite\",\"@id\":\"https:\/\/origon-eu.com\/#website\",\"url\":\"https:\/\/origon-eu.com\/\",\"name\":\"Origon EU\",\"description\":\"Online Store\",\"publisher\":{\"@id\":\"https:\/\/origon-eu.com\/#organization\"},\"potentialAction\":[{\"@type\":\"SearchAction\",\"target\":{\"@type\":\"EntryPoint\",\"urlTemplate\":\"https:\/\/origon-eu.com\/?s={search_term_string}\"},\"query-input\":{\"@type\":\"PropertyValueSpecification\",\"valueRequired\":true,\"valueName\":\"search_term_string\"}}],\"inLanguage\":\"cz-CZ\"},{\"@type\":\"Organization\",\"@id\":\"https:\/\/origon-eu.com\/#organization\",\"name\":\"Origon EU\",\"url\":\"https:\/\/origon-eu.com\/\",\"logo\":{\"@type\":\"ImageObject\",\"inLanguage\":\"cz-CZ\",\"@id\":\"https:\/\/origon-eu.com\/#\/schema\/logo\/image\/\",\"url\":\"https:\/\/origon-eu.com\/wp-content\/uploads\/2024\/04\/Screenshot-2024-04-09-101814.png\",\"contentUrl\":\"https:\/\/origon-eu.com\/wp-content\/uploads\/2024\/04\/Screenshot-2024-04-09-101814.png\",\"width\":171,\"height\":59,\"caption\":\"Origon EU\"},\"image\":{\"@id\":\"https:\/\/origon-eu.com\/#\/schema\/logo\/image\/\"}}]}<\/script>\n<!-- \/ Yoast SEO plugin. -->","yoast_head_json":{"title":"Pohovka Lazy BeanBag - Origon EU","robots":{"index":"index","follow":"follow","max-snippet":"max-snippet:-1","max-image-preview":"max-image-preview:large","max-video-preview":"max-video-preview:-1"},"canonical":"https:\/\/origon-eu.com\/cz\/product\/lazy-beanbag-sofa\/","og_locale":"en_US","og_type":"article","og_title":"Pohovka Lazy BeanBag - Origon EU","og_description":"Ob\u0159\u00ed sedac\u00ed pytel pro dosp\u011bl\u00e9|Fuf Bean Bag|Materi\u00e1l: prav\u00e1 k\u016f\u017ee, vyrobeno z prav\u00e9 k\u016f\u017ee, tato pohovka se sedac\u00edm vakem nab\u00edz\u00ed luxusn\u00ed pocit a odolnost.  Velikost: 116 * 98 * 83 cm, P\u0159i velkorys\u00e9 velikosti 116 * 98 * 83 cm poskytuje tato pohovka se sedac\u00edm vakem dostatek prostoru pro leno\u0161en\u00ed a relaxaci. Design: Ergonomicky podp\u016frn\u00e1, Ergonomicky navr\u017een\u00e1 tak, aby podp\u00edrala va\u0161e t\u011blo, tato \u017eidle se sedac\u00edm vakem zaji\u0161\u0165uje pohodl\u00ed b\u011bhem dlouh\u00fdch hodin relaxace.","og_url":"https:\/\/origon-eu.com\/cz\/product\/lazy-beanbag-sofa\/","og_site_name":"Origon EU","article_modified_time":"2025-02-28T13:35:06+00:00","og_image":[{"width":800,"height":800,"url":"https:\/\/origon-eu.com\/wp-content\/uploads\/2025\/02\/Sb36a731dd2114e32993547b4d8881b1aR.jpg_960x960q75.jpg_.webp","type":"image\/webp"}],"twitter_card":"summary_large_image","twitter_misc":{"Est. reading time":"3 minutes"},"schema":{"@context":"https:\/\/schema.org","@graph":[{"@type":"WebPage","@id":"https:\/\/origon-eu.com\/cz\/product\/lazy-beanbag-sofa\/","url":"https:\/\/origon-eu.com\/cz\/product\/lazy-beanbag-sofa\/","name":"Pohovka Lazy BeanBag - Origon EU","isPartOf":{"@id":"https:\/\/origon-eu.com\/#website"},"primaryImageOfPage":{"@id":"https:\/\/origon-eu.com\/cz\/product\/lazy-beanbag-sofa\/#primaryimage"},"image":{"@id":"https:\/\/origon-eu.com\/cz\/product\/lazy-beanbag-sofa\/#primaryimage"},"thumbnailUrl":"https:\/\/origon-eu.com\/wp-content\/uploads\/2025\/02\/Sb36a731dd2114e32993547b4d8881b1aR.jpg_960x960q75.jpg_.webp","datePublished":"2025-02-28T09:14:55+00:00","dateModified":"2025-02-28T13:35:06+00:00","breadcrumb":{"@id":"https:\/\/origon-eu.com\/cz\/product\/lazy-beanbag-sofa\/#breadcrumb"},"inLanguage":"cz-CZ","potentialAction":[{"@type":"ReadAction","target":["https:\/\/origon-eu.com\/cz\/product\/lazy-beanbag-sofa\/"]}]},{"@type":"ImageObject","inLanguage":"cz-CZ","@id":"https:\/\/origon-eu.com\/cz\/product\/lazy-beanbag-sofa\/#primaryimage","url":"https:\/\/origon-eu.com\/wp-content\/uploads\/2025\/02\/Sb36a731dd2114e32993547b4d8881b1aR.jpg_960x960q75.jpg_.webp","contentUrl":"https:\/\/origon-eu.com\/wp-content\/uploads\/2025\/02\/Sb36a731dd2114e32993547b4d8881b1aR.jpg_960x960q75.jpg_.webp","width":800,"height":800},{"@type":"BreadcrumbList","@id":"https:\/\/origon-eu.com\/cz\/product\/lazy-beanbag-sofa\/#breadcrumb","itemListElement":[{"@type":"ListItem","position":1,"name":"Home","item":"https:\/\/origon-eu.com\/"},{"@type":"ListItem","position":2,"name":"Shop","item":"https:\/\/origon-eu.com\/cz\/shop-2\/"},{"@type":"ListItem","position":3,"name":"Pohovka Lazy BeanBag"}]},{"@type":"WebSite","@id":"https:\/\/origon-eu.com\/#website","url":"https:\/\/origon-eu.com\/","name":"Origon EU","description":"Online Store","publisher":{"@id":"https:\/\/origon-eu.com\/#organization"},"potentialAction":[{"@type":"SearchAction","target":{"@type":"EntryPoint","urlTemplate":"https:\/\/origon-eu.com\/?s={search_term_string}"},"query-input":{"@type":"PropertyValueSpecification","valueRequired":true,"valueName":"search_term_string"}}],"inLanguage":"cz-CZ"},{"@type":"Organization","@id":"https:\/\/origon-eu.com\/#organization","name":"Origon EU","url":"https:\/\/origon-eu.com\/","logo":{"@type":"ImageObject","inLanguage":"cz-CZ","@id":"https:\/\/origon-eu.com\/#\/schema\/logo\/image\/","url":"https:\/\/origon-eu.com\/wp-content\/uploads\/2024\/04\/Screenshot-2024-04-09-101814.png","contentUrl":"https:\/\/origon-eu.com\/wp-content\/uploads\/2024\/04\/Screenshot-2024-04-09-101814.png","width":171,"height":59,"caption":"Origon EU"},"image":{"@id":"https:\/\/origon-eu.com\/#\/schema\/logo\/image\/"}}]}},"tiered_pricing_type":"fixed","tiered_pricing_fixed_rules":[],"tiered_pricing_percentage_rules":[],"tiered_pricing_minimum":1,"tiered_pricing_roles_data":[],"_links":{"self":[{"href":"https:\/\/origon-eu.com\/cz\/wp-json\/wp\/v2\/product\/35631","targetHints":{"allow":["GET"]}}],"collection":[{"href":"https:\/\/origon-eu.com\/cz\/wp-json\/wp\/v2\/product"}],"about":[{"href":"https:\/\/origon-eu.com\/cz\/wp-json\/wp\/v2\/types\/product"}],"version-history":[{"count":1,"href":"https:\/\/origon-eu.com\/cz\/wp-json\/wp\/v2\/product\/35631\/revisions"}],"predecessor-version":[{"id":35632,"href":"https:\/\/origon-eu.com\/cz\/wp-json\/wp\/v2\/product\/35631\/revisions\/35632"}],"wp:featuredmedia":[{"embeddable":true,"href":"https:\/\/origon-eu.com\/cz\/wp-json\/wp\/v2\/media\/35556"}],"wp:attachment":[{"href":"https:\/\/origon-eu.com\/cz\/wp-json\/wp\/v2\/media?parent=35631"}],"wp:term":[{"taxonomy":"product_cat","embeddable":true,"href":"https:\/\/origon-eu.com\/cz\/wp-json\/wp\/v2\/product_cat?post=35631"},{"taxonomy":"product_tag","embeddable":true,"href":"https:\/\/origon-eu.com\/cz\/wp-json\/wp\/v2\/product_tag?post=35631"}],"curies":[{"name":"wp","href":"https:\/\/api.w.org\/{rel}","templated":true}]}}