{"id":34895,"date":"2025-02-17T15:58:28","date_gmt":"2025-02-17T13:58:28","guid":{"rendered":"https:\/\/origon-eu.com\/product\/games-player-x-12-plus-10000games\/"},"modified":"2025-02-18T10:56:47","modified_gmt":"2025-02-18T08:56:47","slug":"games-player-x-12-plus-10000games","status":"publish","type":"product","link":"https:\/\/origon-eu.com\/cz\/product\/games-player-x-12-plus-10000games\/","title":{"rendered":"P\u0159ehr\u00e1va\u010d her na konzoli x 12 plus 10 000 her"},"content":{"rendered":"<p>***V\u00edce funkc\u00ed: X12 plus nen\u00ed jen hern\u00ed konzole, na kter\u00e9 m\u016f\u017eete hr\u00e1t hry i na TV p\u0159ipojen\u00edm USB kabelu. Mezit\u00edm m\u016f\u017ee b\u00fdt pou\u017eit jako hudebn\u00ed p\u0159ehr\u00e1va\u010d, video p\u0159ehr\u00e1va\u010d, fotoapar\u00e1t. DV, Recoder, Calculator atd. D\u00edky jedn\u00e9 hern\u00ed konzoli m\u016f\u017eete pou\u017e\u00edvat r\u016fzn\u00e9 funkce.<br \/>\n*** 16gb pam\u011b\u0165: ve srovn\u00e1n\u00ed s jin\u00fdmi hern\u00edmi konzolami je X12 plus vestav\u011bna 16gb pam\u011b\u0165, do kter\u00e9 lze ulo\u017eit v\u00edce her, vide\u00ed nebo obr\u00e1zk\u016f. Krom\u011b toho, \u017ee je vestav\u011bno ve v\u00edce ne\u017e 10 000 r\u016fzn\u00fdch hr\u00e1ch, m\u016f\u017eete si vybrat hry, kter\u00e9 preferujete ve sv\u00e9m voln\u00e9m \u010dase.<br \/>\n*** 2500 mAh baterie: Je vestav\u011bn\u00e1 2500 mAh dob\u00edjec\u00ed Li baterie, tak\u017ee m\u016f\u017ee hr\u00e1t d\u00e9le a d\u00e9le. P\u0159inese v\u00e1m v\u00edce \u0161\u0165astn\u00fdch chvil p\u0159i va\u0161em voln\u00e9m \u010dase. Pou\u017eijte 5v 2A nab\u00edje\u010dku nabijte jej.<br \/>\n*** 7palcov\u00e1 obrazovka: Vybavena 7palcov\u00fdm HD TFT barevn\u00fdm displejem, rozli\u0161en\u00ed 800*480. Obrazovka je ne\u0161kodn\u00e1 pro o\u010di i p\u0159i dlouh\u00e9m hran\u00ed. M\u016f\u017ee v\u00e1m p\u0159in\u00e9st \u0161okuj\u00edc\u00ed hern\u00ed z\u00e1\u017eitek<br \/>\n*** 10 000+ her zdarma: Podporuje verzi hry ke sta\u017een\u00ed: zip \/ MAME \/ GBA \/ GBC \/ GB \/ NES \/ SFC \/ FC \/ SMD \/ MD. je zabudov\u00e1n do 1000+ r\u016fzn\u00fdch her, krom\u011b toho si m\u016f\u017ee st\u00e1hnout dal\u0161\u00edch 10000+ her zdarma. V\u00edce bezplatn\u00fdch her, kter\u00e9 si m\u016f\u017eete vybrat, v\u00e1m p\u0159inesou v\u00edce radosti.<\/p>\n<p><a href=\"https:\/\/origon-eu.com\/wp-content\/uploads\/2025\/02\/516OLyOc2-L.jpg\"><img fetchpriority=\"high\" decoding=\"async\" class=\"alignnone size-full wp-image-34701\" src=\"https:\/\/origon-eu.com\/wp-content\/uploads\/2025\/02\/516OLyOc2-L.jpg\" alt=\"\" width=\"800\" height=\"800\" srcset=\"https:\/\/origon-eu.com\/wp-content\/uploads\/2025\/02\/516OLyOc2-L.jpg 800w, https:\/\/origon-eu.com\/wp-content\/uploads\/2025\/02\/516OLyOc2-L-300x300.jpg 300w, https:\/\/origon-eu.com\/wp-content\/uploads\/2025\/02\/516OLyOc2-L-150x150.jpg 150w, https:\/\/origon-eu.com\/wp-content\/uploads\/2025\/02\/516OLyOc2-L-768x768.jpg 768w, https:\/\/origon-eu.com\/wp-content\/uploads\/2025\/02\/516OLyOc2-L-600x600.jpg 600w\" sizes=\"(max-width: 800px) 100vw, 800px\" \/><\/a> <a href=\"https:\/\/origon-eu.com\/wp-content\/uploads\/2025\/02\/61o1sL8-B0L._SL1336_.jpg\"><img decoding=\"async\" class=\"alignnone size-full wp-image-34761\" src=\"https:\/\/origon-eu.com\/wp-content\/uploads\/2025\/02\/61o1sL8-B0L._SL1336_.jpg\" alt=\"\" width=\"750\" height=\"1336\" srcset=\"https:\/\/origon-eu.com\/wp-content\/uploads\/2025\/02\/61o1sL8-B0L._SL1336_.jpg 750w, https:\/\/origon-eu.com\/wp-content\/uploads\/2025\/02\/61o1sL8-B0L._SL1336_-168x300.jpg 168w, https:\/\/origon-eu.com\/wp-content\/uploads\/2025\/02\/61o1sL8-B0L._SL1336_-575x1024.jpg 575w, https:\/\/origon-eu.com\/wp-content\/uploads\/2025\/02\/61o1sL8-B0L._SL1336_-600x1069.jpg 600w, https:\/\/origon-eu.com\/wp-content\/uploads\/2025\/02\/61o1sL8-B0L._SL1336_-150x267.jpg 150w\" sizes=\"(max-width: 750px) 100vw, 750px\" \/><\/a> <a href=\"https:\/\/origon-eu.com\/wp-content\/uploads\/2025\/02\/81JmIZgtlQL._SL1500_.jpg\"><img decoding=\"async\" class=\"alignnone size-full wp-image-34751\" src=\"https:\/\/origon-eu.com\/wp-content\/uploads\/2025\/02\/81JmIZgtlQL._SL1500_.jpg\" alt=\"\" width=\"422\" height=\"1500\" srcset=\"https:\/\/origon-eu.com\/wp-content\/uploads\/2025\/02\/81JmIZgtlQL._SL1500_.jpg 422w, https:\/\/origon-eu.com\/wp-content\/uploads\/2025\/02\/81JmIZgtlQL._SL1500_-84x300.jpg 84w, https:\/\/origon-eu.com\/wp-content\/uploads\/2025\/02\/81JmIZgtlQL._SL1500_-288x1024.jpg 288w, https:\/\/origon-eu.com\/wp-content\/uploads\/2025\/02\/81JmIZgtlQL._SL1500_-150x533.jpg 150w\" sizes=\"(max-width: 422px) 100vw, 422px\" \/><\/a> <a href=\"https:\/\/origon-eu.com\/wp-content\/uploads\/2025\/02\/519i3LyzahL.jpg\"><img loading=\"lazy\" decoding=\"async\" class=\"alignnone size-full wp-image-34741\" src=\"https:\/\/origon-eu.com\/wp-content\/uploads\/2025\/02\/519i3LyzahL.jpg\" alt=\"\" width=\"800\" height=\"800\" srcset=\"https:\/\/origon-eu.com\/wp-content\/uploads\/2025\/02\/519i3LyzahL.jpg 800w, https:\/\/origon-eu.com\/wp-content\/uploads\/2025\/02\/519i3LyzahL-300x300.jpg 300w, https:\/\/origon-eu.com\/wp-content\/uploads\/2025\/02\/519i3LyzahL-150x150.jpg 150w, https:\/\/origon-eu.com\/wp-content\/uploads\/2025\/02\/519i3LyzahL-768x768.jpg 768w, https:\/\/origon-eu.com\/wp-content\/uploads\/2025\/02\/519i3LyzahL-600x600.jpg 600w\" sizes=\"(max-width: 800px) 100vw, 800px\" \/><\/a> <a href=\"https:\/\/origon-eu.com\/wp-content\/uploads\/2025\/02\/61uC1rVt9L.jpg\"><img loading=\"lazy\" decoding=\"async\" class=\"alignnone size-full wp-image-34731\" src=\"https:\/\/origon-eu.com\/wp-content\/uploads\/2025\/02\/61uC1rVt9L.jpg\" alt=\"\" width=\"800\" height=\"800\" srcset=\"https:\/\/origon-eu.com\/wp-content\/uploads\/2025\/02\/61uC1rVt9L.jpg 800w, https:\/\/origon-eu.com\/wp-content\/uploads\/2025\/02\/61uC1rVt9L-300x300.jpg 300w, https:\/\/origon-eu.com\/wp-content\/uploads\/2025\/02\/61uC1rVt9L-150x150.jpg 150w, https:\/\/origon-eu.com\/wp-content\/uploads\/2025\/02\/61uC1rVt9L-768x768.jpg 768w, https:\/\/origon-eu.com\/wp-content\/uploads\/2025\/02\/61uC1rVt9L-600x600.jpg 600w\" sizes=\"(max-width: 800px) 100vw, 800px\" \/><\/a> <a href=\"https:\/\/origon-eu.com\/wp-content\/uploads\/2025\/02\/611luXjmxYL.jpg\"><img loading=\"lazy\" decoding=\"async\" class=\"alignnone size-full wp-image-34721\" src=\"https:\/\/origon-eu.com\/wp-content\/uploads\/2025\/02\/611luXjmxYL.jpg\" alt=\"\" width=\"800\" height=\"800\" srcset=\"https:\/\/origon-eu.com\/wp-content\/uploads\/2025\/02\/611luXjmxYL.jpg 800w, https:\/\/origon-eu.com\/wp-content\/uploads\/2025\/02\/611luXjmxYL-300x300.jpg 300w, https:\/\/origon-eu.com\/wp-content\/uploads\/2025\/02\/611luXjmxYL-150x150.jpg 150w, https:\/\/origon-eu.com\/wp-content\/uploads\/2025\/02\/611luXjmxYL-768x768.jpg 768w, https:\/\/origon-eu.com\/wp-content\/uploads\/2025\/02\/611luXjmxYL-600x600.jpg 600w\" sizes=\"(max-width: 800px) 100vw, 800px\" \/><\/a> <a href=\"https:\/\/origon-eu.com\/wp-content\/uploads\/2025\/02\/61Ec5154sGL.jpg\"><img loading=\"lazy\" decoding=\"async\" class=\"alignnone size-full wp-image-34711\" src=\"https:\/\/origon-eu.com\/wp-content\/uploads\/2025\/02\/61Ec5154sGL.jpg\" alt=\"\" width=\"800\" height=\"800\" srcset=\"https:\/\/origon-eu.com\/wp-content\/uploads\/2025\/02\/61Ec5154sGL.jpg 800w, https:\/\/origon-eu.com\/wp-content\/uploads\/2025\/02\/61Ec5154sGL-300x300.jpg 300w, https:\/\/origon-eu.com\/wp-content\/uploads\/2025\/02\/61Ec5154sGL-150x150.jpg 150w, https:\/\/origon-eu.com\/wp-content\/uploads\/2025\/02\/61Ec5154sGL-768x768.jpg 768w, https:\/\/origon-eu.com\/wp-content\/uploads\/2025\/02\/61Ec5154sGL-600x600.jpg 600w\" sizes=\"(max-width: 800px) 100vw, 800px\" \/><\/a><\/p>\n","protected":false},"excerpt":{"rendered":"<ul>\n<li>Obrazovka 16:9 HD, rozli\u0161en\u00ed 800:400<\/li>\n<li>podpora zip\/MAME\/GBA\/GB\/NES\/SFC\/FC\/SMD\/MD<\/li>\n<li>podpora TV v\u00fdstupu, hran\u00ed her a sledov\u00e1n\u00ed film\u016f v televizi<\/li>\n<li>m\u00edt 10 000+ her<\/li>\n<li>podpora mp5<\/li>\n<li>podpora dokument\u016f ve form\u00e1tu jpeg,bmp,gif,tif,png<\/li>\n<\/ul>\n","protected":false},"featured_media":34684,"template":"","meta":[],"product_cat":[415],"product_tag":[],"class_list":{"0":"post-34895","1":"product","2":"type-product","3":"status-publish","4":"has-post-thumbnail","6":"product_cat-elektornika-cz","8":"first","9":"instock","10":"sale","11":"shipping-taxable","12":"purchasable","13":"product-type-simple"},"yoast_head":"<!-- This site is optimized with the Yoast SEO plugin v24.2 - https:\/\/yoast.com\/wordpress\/plugins\/seo\/ -->\n<title>P\u0159ehr\u00e1va\u010d her na konzoli x 12 plus 10 000 her - Origon EU<\/title>\n<meta name=\"robots\" content=\"index, follow, max-snippet:-1, max-image-preview:large, max-video-preview:-1\" \/>\n<link rel=\"canonical\" href=\"https:\/\/origon-eu.com\/cz\/product\/games-player-x-12-plus-10000games\/\" \/>\n<meta property=\"og:locale\" content=\"en_US\" \/>\n<meta property=\"og:type\" content=\"article\" \/>\n<meta property=\"og:title\" content=\"P\u0159ehr\u00e1va\u010d her na konzoli x 12 plus 10 000 her - Origon EU\" \/>\n<meta property=\"og:description\" content=\"Obrazovka 16:9 HD, rozli\u0161en\u00ed 800:400  podpora zip\/MAME\/GBA\/GB\/NES\/SFC\/FC\/SMD\/MD  podpora TV v\u00fdstupu, hran\u00ed her a sledov\u00e1n\u00ed film\u016f v televizi  m\u00edt 10 000+ her  podpora mp5  podpora dokument\u016f ve form\u00e1tu jpeg,bmp,gif,tif,png\" \/>\n<meta property=\"og:url\" content=\"https:\/\/origon-eu.com\/cz\/product\/games-player-x-12-plus-10000games\/\" \/>\n<meta property=\"og:site_name\" content=\"Origon EU\" \/>\n<meta property=\"article:modified_time\" content=\"2025-02-18T08:56:47+00:00\" \/>\n<meta property=\"og:image\" content=\"https:\/\/origon-eu.com\/wp-content\/uploads\/2025\/02\/71iiff7w50L._SL1500_.jpg\" \/>\n\t<meta property=\"og:image:width\" content=\"1500\" \/>\n\t<meta property=\"og:image:height\" content=\"1500\" \/>\n\t<meta property=\"og:image:type\" content=\"image\/jpeg\" \/>\n<meta name=\"twitter:card\" content=\"summary_large_image\" \/>\n<meta name=\"twitter:label1\" content=\"Est. reading time\" \/>\n\t<meta name=\"twitter:data1\" content=\"3 minutes\" \/>\n<script type=\"application\/ld+json\" class=\"yoast-schema-graph\">{\"@context\":\"https:\/\/schema.org\",\"@graph\":[{\"@type\":\"WebPage\",\"@id\":\"https:\/\/origon-eu.com\/cz\/product\/games-player-x-12-plus-10000games\/\",\"url\":\"https:\/\/origon-eu.com\/cz\/product\/games-player-x-12-plus-10000games\/\",\"name\":\"P\u0159ehr\u00e1va\u010d her na konzoli x 12 plus 10 000 her - Origon EU\",\"isPartOf\":{\"@id\":\"https:\/\/origon-eu.com\/#website\"},\"primaryImageOfPage\":{\"@id\":\"https:\/\/origon-eu.com\/cz\/product\/games-player-x-12-plus-10000games\/#primaryimage\"},\"image\":{\"@id\":\"https:\/\/origon-eu.com\/cz\/product\/games-player-x-12-plus-10000games\/#primaryimage\"},\"thumbnailUrl\":\"https:\/\/origon-eu.com\/wp-content\/uploads\/2025\/02\/71iiff7w50L._SL1500_.jpg\",\"datePublished\":\"2025-02-17T13:58:28+00:00\",\"dateModified\":\"2025-02-18T08:56:47+00:00\",\"breadcrumb\":{\"@id\":\"https:\/\/origon-eu.com\/cz\/product\/games-player-x-12-plus-10000games\/#breadcrumb\"},\"inLanguage\":\"cz-CZ\",\"potentialAction\":[{\"@type\":\"ReadAction\",\"target\":[\"https:\/\/origon-eu.com\/cz\/product\/games-player-x-12-plus-10000games\/\"]}]},{\"@type\":\"ImageObject\",\"inLanguage\":\"cz-CZ\",\"@id\":\"https:\/\/origon-eu.com\/cz\/product\/games-player-x-12-plus-10000games\/#primaryimage\",\"url\":\"https:\/\/origon-eu.com\/wp-content\/uploads\/2025\/02\/71iiff7w50L._SL1500_.jpg\",\"contentUrl\":\"https:\/\/origon-eu.com\/wp-content\/uploads\/2025\/02\/71iiff7w50L._SL1500_.jpg\",\"width\":1500,\"height\":1500},{\"@type\":\"BreadcrumbList\",\"@id\":\"https:\/\/origon-eu.com\/cz\/product\/games-player-x-12-plus-10000games\/#breadcrumb\",\"itemListElement\":[{\"@type\":\"ListItem\",\"position\":1,\"name\":\"Home\",\"item\":\"https:\/\/origon-eu.com\/\"},{\"@type\":\"ListItem\",\"position\":2,\"name\":\"Shop\",\"item\":\"https:\/\/origon-eu.com\/cz\/shop-2\/\"},{\"@type\":\"ListItem\",\"position\":3,\"name\":\"P\u0159ehr\u00e1va\u010d her na konzoli x 12 plus 10 000 her\"}]},{\"@type\":\"WebSite\",\"@id\":\"https:\/\/origon-eu.com\/#website\",\"url\":\"https:\/\/origon-eu.com\/\",\"name\":\"Origon EU\",\"description\":\"Online Store\",\"publisher\":{\"@id\":\"https:\/\/origon-eu.com\/#organization\"},\"potentialAction\":[{\"@type\":\"SearchAction\",\"target\":{\"@type\":\"EntryPoint\",\"urlTemplate\":\"https:\/\/origon-eu.com\/?s={search_term_string}\"},\"query-input\":{\"@type\":\"PropertyValueSpecification\",\"valueRequired\":true,\"valueName\":\"search_term_string\"}}],\"inLanguage\":\"cz-CZ\"},{\"@type\":\"Organization\",\"@id\":\"https:\/\/origon-eu.com\/#organization\",\"name\":\"Origon EU\",\"url\":\"https:\/\/origon-eu.com\/\",\"logo\":{\"@type\":\"ImageObject\",\"inLanguage\":\"cz-CZ\",\"@id\":\"https:\/\/origon-eu.com\/#\/schema\/logo\/image\/\",\"url\":\"https:\/\/origon-eu.com\/wp-content\/uploads\/2024\/04\/Screenshot-2024-04-09-101814.png\",\"contentUrl\":\"https:\/\/origon-eu.com\/wp-content\/uploads\/2024\/04\/Screenshot-2024-04-09-101814.png\",\"width\":171,\"height\":59,\"caption\":\"Origon EU\"},\"image\":{\"@id\":\"https:\/\/origon-eu.com\/#\/schema\/logo\/image\/\"}}]}<\/script>\n<!-- \/ Yoast SEO plugin. -->","yoast_head_json":{"title":"P\u0159ehr\u00e1va\u010d her na konzoli x 12 plus 10 000 her - Origon EU","robots":{"index":"index","follow":"follow","max-snippet":"max-snippet:-1","max-image-preview":"max-image-preview:large","max-video-preview":"max-video-preview:-1"},"canonical":"https:\/\/origon-eu.com\/cz\/product\/games-player-x-12-plus-10000games\/","og_locale":"en_US","og_type":"article","og_title":"P\u0159ehr\u00e1va\u010d her na konzoli x 12 plus 10 000 her - Origon EU","og_description":"Obrazovka 16:9 HD, rozli\u0161en\u00ed 800:400  podpora zip\/MAME\/GBA\/GB\/NES\/SFC\/FC\/SMD\/MD  podpora TV v\u00fdstupu, hran\u00ed her a sledov\u00e1n\u00ed film\u016f v televizi  m\u00edt 10 000+ her  podpora mp5  podpora dokument\u016f ve form\u00e1tu jpeg,bmp,gif,tif,png","og_url":"https:\/\/origon-eu.com\/cz\/product\/games-player-x-12-plus-10000games\/","og_site_name":"Origon EU","article_modified_time":"2025-02-18T08:56:47+00:00","og_image":[{"width":1500,"height":1500,"url":"https:\/\/origon-eu.com\/wp-content\/uploads\/2025\/02\/71iiff7w50L._SL1500_.jpg","type":"image\/jpeg"}],"twitter_card":"summary_large_image","twitter_misc":{"Est. reading time":"3 minutes"},"schema":{"@context":"https:\/\/schema.org","@graph":[{"@type":"WebPage","@id":"https:\/\/origon-eu.com\/cz\/product\/games-player-x-12-plus-10000games\/","url":"https:\/\/origon-eu.com\/cz\/product\/games-player-x-12-plus-10000games\/","name":"P\u0159ehr\u00e1va\u010d her na konzoli x 12 plus 10 000 her - Origon EU","isPartOf":{"@id":"https:\/\/origon-eu.com\/#website"},"primaryImageOfPage":{"@id":"https:\/\/origon-eu.com\/cz\/product\/games-player-x-12-plus-10000games\/#primaryimage"},"image":{"@id":"https:\/\/origon-eu.com\/cz\/product\/games-player-x-12-plus-10000games\/#primaryimage"},"thumbnailUrl":"https:\/\/origon-eu.com\/wp-content\/uploads\/2025\/02\/71iiff7w50L._SL1500_.jpg","datePublished":"2025-02-17T13:58:28+00:00","dateModified":"2025-02-18T08:56:47+00:00","breadcrumb":{"@id":"https:\/\/origon-eu.com\/cz\/product\/games-player-x-12-plus-10000games\/#breadcrumb"},"inLanguage":"cz-CZ","potentialAction":[{"@type":"ReadAction","target":["https:\/\/origon-eu.com\/cz\/product\/games-player-x-12-plus-10000games\/"]}]},{"@type":"ImageObject","inLanguage":"cz-CZ","@id":"https:\/\/origon-eu.com\/cz\/product\/games-player-x-12-plus-10000games\/#primaryimage","url":"https:\/\/origon-eu.com\/wp-content\/uploads\/2025\/02\/71iiff7w50L._SL1500_.jpg","contentUrl":"https:\/\/origon-eu.com\/wp-content\/uploads\/2025\/02\/71iiff7w50L._SL1500_.jpg","width":1500,"height":1500},{"@type":"BreadcrumbList","@id":"https:\/\/origon-eu.com\/cz\/product\/games-player-x-12-plus-10000games\/#breadcrumb","itemListElement":[{"@type":"ListItem","position":1,"name":"Home","item":"https:\/\/origon-eu.com\/"},{"@type":"ListItem","position":2,"name":"Shop","item":"https:\/\/origon-eu.com\/cz\/shop-2\/"},{"@type":"ListItem","position":3,"name":"P\u0159ehr\u00e1va\u010d her na konzoli x 12 plus 10 000 her"}]},{"@type":"WebSite","@id":"https:\/\/origon-eu.com\/#website","url":"https:\/\/origon-eu.com\/","name":"Origon EU","description":"Online Store","publisher":{"@id":"https:\/\/origon-eu.com\/#organization"},"potentialAction":[{"@type":"SearchAction","target":{"@type":"EntryPoint","urlTemplate":"https:\/\/origon-eu.com\/?s={search_term_string}"},"query-input":{"@type":"PropertyValueSpecification","valueRequired":true,"valueName":"search_term_string"}}],"inLanguage":"cz-CZ"},{"@type":"Organization","@id":"https:\/\/origon-eu.com\/#organization","name":"Origon EU","url":"https:\/\/origon-eu.com\/","logo":{"@type":"ImageObject","inLanguage":"cz-CZ","@id":"https:\/\/origon-eu.com\/#\/schema\/logo\/image\/","url":"https:\/\/origon-eu.com\/wp-content\/uploads\/2024\/04\/Screenshot-2024-04-09-101814.png","contentUrl":"https:\/\/origon-eu.com\/wp-content\/uploads\/2024\/04\/Screenshot-2024-04-09-101814.png","width":171,"height":59,"caption":"Origon EU"},"image":{"@id":"https:\/\/origon-eu.com\/#\/schema\/logo\/image\/"}}]}},"tiered_pricing_type":"fixed","tiered_pricing_fixed_rules":[],"tiered_pricing_percentage_rules":[],"tiered_pricing_minimum":1,"tiered_pricing_roles_data":[],"_links":{"self":[{"href":"https:\/\/origon-eu.com\/cz\/wp-json\/wp\/v2\/product\/34895","targetHints":{"allow":["GET"]}}],"collection":[{"href":"https:\/\/origon-eu.com\/cz\/wp-json\/wp\/v2\/product"}],"about":[{"href":"https:\/\/origon-eu.com\/cz\/wp-json\/wp\/v2\/types\/product"}],"version-history":[{"count":1,"href":"https:\/\/origon-eu.com\/cz\/wp-json\/wp\/v2\/product\/34895\/revisions"}],"predecessor-version":[{"id":34896,"href":"https:\/\/origon-eu.com\/cz\/wp-json\/wp\/v2\/product\/34895\/revisions\/34896"}],"wp:featuredmedia":[{"embeddable":true,"href":"https:\/\/origon-eu.com\/cz\/wp-json\/wp\/v2\/media\/34684"}],"wp:attachment":[{"href":"https:\/\/origon-eu.com\/cz\/wp-json\/wp\/v2\/media?parent=34895"}],"wp:term":[{"taxonomy":"product_cat","embeddable":true,"href":"https:\/\/origon-eu.com\/cz\/wp-json\/wp\/v2\/product_cat?post=34895"},{"taxonomy":"product_tag","embeddable":true,"href":"https:\/\/origon-eu.com\/cz\/wp-json\/wp\/v2\/product_tag?post=34895"}],"curies":[{"name":"wp","href":"https:\/\/api.w.org\/{rel}","templated":true}]}}