{"id":34820,"date":"2025-02-17T15:05:28","date_gmt":"2025-02-17T13:05:28","guid":{"rendered":"https:\/\/origon-eu.com\/product\/4k-camera-drone-hd-camera-mini-drone\/"},"modified":"2025-02-17T17:20:47","modified_gmt":"2025-02-17T15:20:47","slug":"4k-camera-drone-hd-camera-mini-drone","status":"publish","type":"product","link":"https:\/\/origon-eu.com\/cz\/product\/4k-camera-drone-hd-camera-mini-drone\/","title":{"rendered":"Skl\u00e1dac\u00ed MINI DRONE s WIFI kamerou HD FPV d\u00e1lkov\u00fdm OVL\u00c1D\u00c1N\u00cdM"},"content":{"rendered":"<p data-spm-anchor-id=\"a2g0o.detail.1000023.i1.64ebxue4xue4rp\">Skl\u00e1dac\u00ed MINI DRONE s WIFI kamerou HD FPV d\u00e1lkov\u00e9 OVL\u00c1D\u00c1N\u00cd, nov\u00e1 aktualizace verze 2022<br \/>\nPopis:<br \/>\nKategorie produktu: 998W kvadrokopt\u00e9ra<br \/>\nFunkce:<\/p>\n<p data-spm-anchor-id=\"a2g0o.detail.1000023.i1.64ebxue4xue4rp\"><a href=\"https:\/\/origon-eu.com\/wp-content\/uploads\/2025\/02\/dr1.webp\"><img fetchpriority=\"high\" decoding=\"async\" class=\"alignnone size-full wp-image-34595\" src=\"https:\/\/origon-eu.com\/wp-content\/uploads\/2025\/02\/dr1.webp\" alt=\"\" width=\"1000\" height=\"1000\" srcset=\"https:\/\/origon-eu.com\/wp-content\/uploads\/2025\/02\/dr1.webp 1000w, https:\/\/origon-eu.com\/wp-content\/uploads\/2025\/02\/dr1-300x300.webp 300w, https:\/\/origon-eu.com\/wp-content\/uploads\/2025\/02\/dr1-150x150.webp 150w, https:\/\/origon-eu.com\/wp-content\/uploads\/2025\/02\/dr1-768x768.webp 768w, https:\/\/origon-eu.com\/wp-content\/uploads\/2025\/02\/dr1-600x600.webp 600w\" sizes=\"(max-width: 1000px) 100vw, 1000px\" \/><\/a> <a href=\"https:\/\/origon-eu.com\/wp-content\/uploads\/2025\/02\/dr2.webp\"><img decoding=\"async\" class=\"alignnone size-full wp-image-34605\" src=\"https:\/\/origon-eu.com\/wp-content\/uploads\/2025\/02\/dr2.webp\" alt=\"\" width=\"1000\" height=\"1000\" srcset=\"https:\/\/origon-eu.com\/wp-content\/uploads\/2025\/02\/dr2.webp 1000w, https:\/\/origon-eu.com\/wp-content\/uploads\/2025\/02\/dr2-300x300.webp 300w, https:\/\/origon-eu.com\/wp-content\/uploads\/2025\/02\/dr2-150x150.webp 150w, https:\/\/origon-eu.com\/wp-content\/uploads\/2025\/02\/dr2-768x768.webp 768w, https:\/\/origon-eu.com\/wp-content\/uploads\/2025\/02\/dr2-600x600.webp 600w\" sizes=\"(max-width: 1000px) 100vw, 1000px\" \/><\/a> <a href=\"https:\/\/origon-eu.com\/wp-content\/uploads\/2025\/02\/dr3.webp\"><img decoding=\"async\" class=\"alignnone size-full wp-image-34616\" src=\"https:\/\/origon-eu.com\/wp-content\/uploads\/2025\/02\/dr3.webp\" alt=\"\" width=\"1000\" height=\"1000\" srcset=\"https:\/\/origon-eu.com\/wp-content\/uploads\/2025\/02\/dr3.webp 1000w, https:\/\/origon-eu.com\/wp-content\/uploads\/2025\/02\/dr3-300x300.webp 300w, https:\/\/origon-eu.com\/wp-content\/uploads\/2025\/02\/dr3-150x150.webp 150w, https:\/\/origon-eu.com\/wp-content\/uploads\/2025\/02\/dr3-768x768.webp 768w, https:\/\/origon-eu.com\/wp-content\/uploads\/2025\/02\/dr3-600x600.webp 600w\" sizes=\"(max-width: 1000px) 100vw, 1000px\" \/><\/a> <a href=\"https:\/\/origon-eu.com\/wp-content\/uploads\/2025\/02\/dr4.webp\"><img loading=\"lazy\" decoding=\"async\" class=\"alignnone size-full wp-image-34626\" src=\"https:\/\/origon-eu.com\/wp-content\/uploads\/2025\/02\/dr4.webp\" alt=\"\" width=\"1000\" height=\"1000\" srcset=\"https:\/\/origon-eu.com\/wp-content\/uploads\/2025\/02\/dr4.webp 1000w, https:\/\/origon-eu.com\/wp-content\/uploads\/2025\/02\/dr4-300x300.webp 300w, https:\/\/origon-eu.com\/wp-content\/uploads\/2025\/02\/dr4-150x150.webp 150w, https:\/\/origon-eu.com\/wp-content\/uploads\/2025\/02\/dr4-768x768.webp 768w, https:\/\/origon-eu.com\/wp-content\/uploads\/2025\/02\/dr4-600x600.webp 600w\" sizes=\"(max-width: 1000px) 100vw, 1000px\" \/><\/a>1. Se sklopn\u00fdm ramenem je mal\u00fd a snadno se p\u0159en\u00e1\u0161\u00ed.<br \/>\n2. M\u00e1 funkci re\u017eimu vysok\u00e9ho p\u0159idr\u017een\u00ed pro zaji\u0161t\u011bn\u00ed stabiln\u00edho letu.<br \/>\n3. Pomoc\u00ed funkce wifi se m\u016f\u017eete p\u0159ipojit k APP, syst\u00e9mu APK pro prohl\u00ed\u017een\u00ed fotografi\u00ed, videa a p\u0159enos obr\u00e1zk\u016f v re\u00e1ln\u00e9m \u010dase prost\u0159ednictv\u00edm fotoapar\u00e1tu mobiln\u00edho telefonu.<br \/>\n4. S letov\u00fdm re\u017eimem dr\u00e1hy. M\u016f\u017eete vid\u011bt trasu.<br \/>\n5. S gesty k fotografov\u00e1n\u00ed. Funkce \u00fapravy hudby MV.<br \/>\n6. Vybaveno 720P \u0161iroko\u00fahl\u00fdm fotoapar\u00e1tem pro \u0161irokou \u0161k\u00e1lu fotografi\u00ed a vide\u00ed.<br \/>\n7. Bez hlavn\u00edho re\u017eimu nen\u00ed t\u0159eba um\u00edstit letadlo p\u0159ed letem.<br \/>\n8. S funkc\u00ed n\u00e1vratu tla\u010d\u00edtka se snadno dostanete dom\u016f.<br \/>\n9. Proti ru\u0161en\u00ed vyu\u017e\u00edv\u00e1 technologii 2,4 GHz.<br \/>\nFunkce: nahoru\/dol\u016f, vp\u0159ed\/vzad, vlevo\/vpravo, let, t\u0159i \u00farovn\u011b rychlosti letu, LED sv\u011btlo, re\u017eim bez hlavy, jedno tla\u010d\u00edtko automatick\u00e9ho n\u00e1vratu, re\u017eim zachov\u00e1n\u00ed v\u00fd\u0161ky, WiFi FPV<br \/>\nSpecifikace:<br \/>\nModel: 998W<br \/>\nAplikace: WIFI-CAM<br \/>\nFrekvence: 2,4G.<br \/>\nKan\u00e1l: 4 kan\u00e1ly<br \/>\nGyro: 6 os<br \/>\nBaterie kvadrokopt\u00e9ry: 3,7 V 900 mAh lithiov\u00e1 baterie (1 sou\u010d\u00e1st\u00ed balen\u00ed)<br \/>\nBaterie vys\u00edla\u010de: 3&#215;1,5 AA (nen\u00ed sou\u010d\u00e1st\u00ed balen\u00ed).<br \/>\nDoba nab\u00edjen\u00ed: 60-70 minut.<br \/>\nDoba letu: 8 &#8211; 10 minut<br \/>\nHmotnost dronu: 85 g (s bateri\u00ed)<br \/>\nVzd\u00e1lenost d\u00e1lkov\u00e9ho ovl\u00e1d\u00e1n\u00ed: cca 80 metr\u016f.<br \/>\nFotoapar\u00e1t: 4K Ultra HD<br \/>\nHmotnost balen\u00ed: 0,435g.<\/p>\n<p data-spm-anchor-id=\"a2g0o.detail.1000023.i7.64ebxue4xue4rp\">Zahrnout:<br \/>\n1 dron 998W RC.<br \/>\n1 D\u00e1lkov\u00fd ovlada\u010d 1 Lithiov\u00e1 baterie 3,7 V 900 mAh.<br \/>\n1 USB nab\u00edjec\u00ed kabel.<br \/>\n4 Chr\u00e1ni\u010d vrtule<br \/>\n2 n\u00e1hradn\u00ed vrtule<br \/>\n1 \u0161roubov\u00e1k.<\/p>\n","protected":false},"excerpt":{"rendered":"<p>Skl\u00e1dac\u00ed MINI DRONE s WIFI kamerou HD FPV d\u00e1lkov\u00fdm OVL\u00c1D\u00c1N\u00cdM<\/p>\n","protected":false},"featured_media":34595,"template":"","meta":[],"product_cat":[],"product_tag":[],"class_list":{"0":"post-34820","1":"product","2":"type-product","3":"status-publish","4":"has-post-thumbnail","7":"first","8":"outofstock","9":"sale","10":"shipping-taxable","11":"purchasable","12":"product-type-simple"},"yoast_head":"<!-- This site is optimized with the Yoast SEO plugin v24.2 - https:\/\/yoast.com\/wordpress\/plugins\/seo\/ -->\n<title>Skl\u00e1dac\u00ed MINI DRONE s WIFI kamerou HD FPV d\u00e1lkov\u00fdm OVL\u00c1D\u00c1N\u00cdM - Origon EU<\/title>\n<meta name=\"robots\" content=\"index, follow, max-snippet:-1, max-image-preview:large, max-video-preview:-1\" \/>\n<link rel=\"canonical\" href=\"https:\/\/origon-eu.com\/product\/4k-camera-drone-hd-camera-mini-drone\/\" \/>\n<meta property=\"og:locale\" content=\"en_US\" \/>\n<meta property=\"og:type\" content=\"article\" \/>\n<meta property=\"og:title\" content=\"Skl\u00e1dac\u00ed MINI DRONE s WIFI kamerou HD FPV d\u00e1lkov\u00fdm OVL\u00c1D\u00c1N\u00cdM - Origon EU\" \/>\n<meta property=\"og:description\" content=\"Skl\u00e1dac\u00ed MINI DRONE s WIFI kamerou HD FPV d\u00e1lkov\u00fdm OVL\u00c1D\u00c1N\u00cdM\" \/>\n<meta property=\"og:url\" content=\"https:\/\/origon-eu.com\/product\/4k-camera-drone-hd-camera-mini-drone\/\" \/>\n<meta property=\"og:site_name\" content=\"Origon EU\" \/>\n<meta property=\"article:modified_time\" content=\"2025-02-17T15:20:47+00:00\" \/>\n<meta property=\"og:image\" content=\"https:\/\/origon-eu.com\/wp-content\/uploads\/2025\/02\/dr1.webp\" \/>\n\t<meta property=\"og:image:width\" content=\"1000\" \/>\n\t<meta property=\"og:image:height\" content=\"1000\" \/>\n\t<meta property=\"og:image:type\" content=\"image\/webp\" \/>\n<meta name=\"twitter:card\" content=\"summary_large_image\" \/>\n<meta name=\"twitter:label1\" content=\"Est. reading time\" \/>\n\t<meta name=\"twitter:data1\" content=\"2 minutes\" \/>\n<script type=\"application\/ld+json\" class=\"yoast-schema-graph\">{\"@context\":\"https:\/\/schema.org\",\"@graph\":[{\"@type\":\"WebPage\",\"@id\":\"https:\/\/origon-eu.com\/product\/4k-camera-drone-hd-camera-mini-drone\/\",\"url\":\"https:\/\/origon-eu.com\/product\/4k-camera-drone-hd-camera-mini-drone\/\",\"name\":\"Skl\u00e1dac\u00ed MINI DRONE s WIFI kamerou HD FPV d\u00e1lkov\u00fdm OVL\u00c1D\u00c1N\u00cdM - Origon EU\",\"isPartOf\":{\"@id\":\"https:\/\/origon-eu.com\/#website\"},\"primaryImageOfPage\":{\"@id\":\"https:\/\/origon-eu.com\/product\/4k-camera-drone-hd-camera-mini-drone\/#primaryimage\"},\"image\":{\"@id\":\"https:\/\/origon-eu.com\/product\/4k-camera-drone-hd-camera-mini-drone\/#primaryimage\"},\"thumbnailUrl\":\"https:\/\/origon-eu.com\/wp-content\/uploads\/2025\/02\/dr1.webp\",\"datePublished\":\"2025-02-17T13:05:28+00:00\",\"dateModified\":\"2025-02-17T15:20:47+00:00\",\"breadcrumb\":{\"@id\":\"https:\/\/origon-eu.com\/product\/4k-camera-drone-hd-camera-mini-drone\/#breadcrumb\"},\"inLanguage\":\"cz-CZ\",\"potentialAction\":[{\"@type\":\"ReadAction\",\"target\":[\"https:\/\/origon-eu.com\/product\/4k-camera-drone-hd-camera-mini-drone\/\"]}]},{\"@type\":\"ImageObject\",\"inLanguage\":\"cz-CZ\",\"@id\":\"https:\/\/origon-eu.com\/product\/4k-camera-drone-hd-camera-mini-drone\/#primaryimage\",\"url\":\"https:\/\/origon-eu.com\/wp-content\/uploads\/2025\/02\/dr1.webp\",\"contentUrl\":\"https:\/\/origon-eu.com\/wp-content\/uploads\/2025\/02\/dr1.webp\",\"width\":1000,\"height\":1000},{\"@type\":\"BreadcrumbList\",\"@id\":\"https:\/\/origon-eu.com\/product\/4k-camera-drone-hd-camera-mini-drone\/#breadcrumb\",\"itemListElement\":[{\"@type\":\"ListItem\",\"position\":1,\"name\":\"Home\",\"item\":\"https:\/\/origon-eu.com\/\"},{\"@type\":\"ListItem\",\"position\":2,\"name\":\"Shop\",\"item\":\"https:\/\/origon-eu.com\/cz\/shop-2\/\"},{\"@type\":\"ListItem\",\"position\":3,\"name\":\"Skl\u00e1dac\u00ed MINI DRONE s WIFI kamerou HD FPV d\u00e1lkov\u00fdm OVL\u00c1D\u00c1N\u00cdM\"}]},{\"@type\":\"WebSite\",\"@id\":\"https:\/\/origon-eu.com\/#website\",\"url\":\"https:\/\/origon-eu.com\/\",\"name\":\"Origon EU\",\"description\":\"Online Store\",\"publisher\":{\"@id\":\"https:\/\/origon-eu.com\/#organization\"},\"potentialAction\":[{\"@type\":\"SearchAction\",\"target\":{\"@type\":\"EntryPoint\",\"urlTemplate\":\"https:\/\/origon-eu.com\/?s={search_term_string}\"},\"query-input\":{\"@type\":\"PropertyValueSpecification\",\"valueRequired\":true,\"valueName\":\"search_term_string\"}}],\"inLanguage\":\"cz-CZ\"},{\"@type\":\"Organization\",\"@id\":\"https:\/\/origon-eu.com\/#organization\",\"name\":\"Origon EU\",\"url\":\"https:\/\/origon-eu.com\/\",\"logo\":{\"@type\":\"ImageObject\",\"inLanguage\":\"cz-CZ\",\"@id\":\"https:\/\/origon-eu.com\/#\/schema\/logo\/image\/\",\"url\":\"https:\/\/origon-eu.com\/wp-content\/uploads\/2024\/04\/Screenshot-2024-04-09-101814.png\",\"contentUrl\":\"https:\/\/origon-eu.com\/wp-content\/uploads\/2024\/04\/Screenshot-2024-04-09-101814.png\",\"width\":171,\"height\":59,\"caption\":\"Origon EU\"},\"image\":{\"@id\":\"https:\/\/origon-eu.com\/#\/schema\/logo\/image\/\"}}]}<\/script>\n<!-- \/ Yoast SEO plugin. -->","yoast_head_json":{"title":"Skl\u00e1dac\u00ed MINI DRONE s WIFI kamerou HD FPV d\u00e1lkov\u00fdm OVL\u00c1D\u00c1N\u00cdM - Origon EU","robots":{"index":"index","follow":"follow","max-snippet":"max-snippet:-1","max-image-preview":"max-image-preview:large","max-video-preview":"max-video-preview:-1"},"canonical":"https:\/\/origon-eu.com\/product\/4k-camera-drone-hd-camera-mini-drone\/","og_locale":"en_US","og_type":"article","og_title":"Skl\u00e1dac\u00ed MINI DRONE s WIFI kamerou HD FPV d\u00e1lkov\u00fdm OVL\u00c1D\u00c1N\u00cdM - Origon EU","og_description":"Skl\u00e1dac\u00ed MINI DRONE s WIFI kamerou HD FPV d\u00e1lkov\u00fdm OVL\u00c1D\u00c1N\u00cdM","og_url":"https:\/\/origon-eu.com\/product\/4k-camera-drone-hd-camera-mini-drone\/","og_site_name":"Origon EU","article_modified_time":"2025-02-17T15:20:47+00:00","og_image":[{"width":1000,"height":1000,"url":"https:\/\/origon-eu.com\/wp-content\/uploads\/2025\/02\/dr1.webp","type":"image\/webp"}],"twitter_card":"summary_large_image","twitter_misc":{"Est. reading time":"2 minutes"},"schema":{"@context":"https:\/\/schema.org","@graph":[{"@type":"WebPage","@id":"https:\/\/origon-eu.com\/product\/4k-camera-drone-hd-camera-mini-drone\/","url":"https:\/\/origon-eu.com\/product\/4k-camera-drone-hd-camera-mini-drone\/","name":"Skl\u00e1dac\u00ed MINI DRONE s WIFI kamerou HD FPV d\u00e1lkov\u00fdm OVL\u00c1D\u00c1N\u00cdM - Origon EU","isPartOf":{"@id":"https:\/\/origon-eu.com\/#website"},"primaryImageOfPage":{"@id":"https:\/\/origon-eu.com\/product\/4k-camera-drone-hd-camera-mini-drone\/#primaryimage"},"image":{"@id":"https:\/\/origon-eu.com\/product\/4k-camera-drone-hd-camera-mini-drone\/#primaryimage"},"thumbnailUrl":"https:\/\/origon-eu.com\/wp-content\/uploads\/2025\/02\/dr1.webp","datePublished":"2025-02-17T13:05:28+00:00","dateModified":"2025-02-17T15:20:47+00:00","breadcrumb":{"@id":"https:\/\/origon-eu.com\/product\/4k-camera-drone-hd-camera-mini-drone\/#breadcrumb"},"inLanguage":"cz-CZ","potentialAction":[{"@type":"ReadAction","target":["https:\/\/origon-eu.com\/product\/4k-camera-drone-hd-camera-mini-drone\/"]}]},{"@type":"ImageObject","inLanguage":"cz-CZ","@id":"https:\/\/origon-eu.com\/product\/4k-camera-drone-hd-camera-mini-drone\/#primaryimage","url":"https:\/\/origon-eu.com\/wp-content\/uploads\/2025\/02\/dr1.webp","contentUrl":"https:\/\/origon-eu.com\/wp-content\/uploads\/2025\/02\/dr1.webp","width":1000,"height":1000},{"@type":"BreadcrumbList","@id":"https:\/\/origon-eu.com\/product\/4k-camera-drone-hd-camera-mini-drone\/#breadcrumb","itemListElement":[{"@type":"ListItem","position":1,"name":"Home","item":"https:\/\/origon-eu.com\/"},{"@type":"ListItem","position":2,"name":"Shop","item":"https:\/\/origon-eu.com\/cz\/shop-2\/"},{"@type":"ListItem","position":3,"name":"Skl\u00e1dac\u00ed MINI DRONE s WIFI kamerou HD FPV d\u00e1lkov\u00fdm OVL\u00c1D\u00c1N\u00cdM"}]},{"@type":"WebSite","@id":"https:\/\/origon-eu.com\/#website","url":"https:\/\/origon-eu.com\/","name":"Origon EU","description":"Online Store","publisher":{"@id":"https:\/\/origon-eu.com\/#organization"},"potentialAction":[{"@type":"SearchAction","target":{"@type":"EntryPoint","urlTemplate":"https:\/\/origon-eu.com\/?s={search_term_string}"},"query-input":{"@type":"PropertyValueSpecification","valueRequired":true,"valueName":"search_term_string"}}],"inLanguage":"cz-CZ"},{"@type":"Organization","@id":"https:\/\/origon-eu.com\/#organization","name":"Origon EU","url":"https:\/\/origon-eu.com\/","logo":{"@type":"ImageObject","inLanguage":"cz-CZ","@id":"https:\/\/origon-eu.com\/#\/schema\/logo\/image\/","url":"https:\/\/origon-eu.com\/wp-content\/uploads\/2024\/04\/Screenshot-2024-04-09-101814.png","contentUrl":"https:\/\/origon-eu.com\/wp-content\/uploads\/2024\/04\/Screenshot-2024-04-09-101814.png","width":171,"height":59,"caption":"Origon EU"},"image":{"@id":"https:\/\/origon-eu.com\/#\/schema\/logo\/image\/"}}]}},"tiered_pricing_type":"fixed","tiered_pricing_fixed_rules":[],"tiered_pricing_percentage_rules":[],"tiered_pricing_minimum":1,"tiered_pricing_roles_data":[],"_links":{"self":[{"href":"https:\/\/origon-eu.com\/cz\/wp-json\/wp\/v2\/product\/34820","targetHints":{"allow":["GET"]}}],"collection":[{"href":"https:\/\/origon-eu.com\/cz\/wp-json\/wp\/v2\/product"}],"about":[{"href":"https:\/\/origon-eu.com\/cz\/wp-json\/wp\/v2\/types\/product"}],"version-history":[{"count":2,"href":"https:\/\/origon-eu.com\/cz\/wp-json\/wp\/v2\/product\/34820\/revisions"}],"predecessor-version":[{"id":34822,"href":"https:\/\/origon-eu.com\/cz\/wp-json\/wp\/v2\/product\/34820\/revisions\/34822"}],"wp:featuredmedia":[{"embeddable":true,"href":"https:\/\/origon-eu.com\/cz\/wp-json\/wp\/v2\/media\/34595"}],"wp:attachment":[{"href":"https:\/\/origon-eu.com\/cz\/wp-json\/wp\/v2\/media?parent=34820"}],"wp:term":[{"taxonomy":"product_cat","embeddable":true,"href":"https:\/\/origon-eu.com\/cz\/wp-json\/wp\/v2\/product_cat?post=34820"},{"taxonomy":"product_tag","embeddable":true,"href":"https:\/\/origon-eu.com\/cz\/wp-json\/wp\/v2\/product_tag?post=34820"}],"curies":[{"name":"wp","href":"https:\/\/api.w.org\/{rel}","templated":true}]}}