{"id":34776,"date":"2025-02-17T14:51:11","date_gmt":"2025-02-17T12:51:11","guid":{"rendered":"https:\/\/origon-eu.com\/product\/waterproof-sleeveless-heated-vest\/"},"modified":"2025-02-17T16:05:19","modified_gmt":"2025-02-17T14:05:19","slug":"waterproof-sleeveless-heated-vest","status":"publish","type":"product","link":"https:\/\/origon-eu.com\/cz\/product\/waterproof-sleeveless-heated-vest\/","title":{"rendered":"Vodot\u011bsn\u00e1 vyh\u0159\u00edvan\u00e1 vesta bez ruk\u00e1v\u016f"},"content":{"rendered":"<p class=\"\" style=\"text-align: center;\"><span class=\"\" data-sheets-root=\"1\">Z\u016fsta\u0148te v teple s FLAMEVEST, va\u0161\u00edm nejlep\u0161\u00edm spole\u010dn\u00edkem v chladn\u00e9m po\u010das\u00ed. Tato vesta se t\u0159emi vyh\u0159\u00edvac\u00edmi prvky a n\u00e1kr\u010dn\u00edkem zaji\u0161\u0165uje pohodl\u00ed i p\u0159i nejni\u017e\u0161\u00edch teplot\u00e1ch.<\/span><\/p>\n<p class=\"\" style=\"text-align: center;\">Zvolte si ide\u00e1ln\u00ed teplo pomoc\u00ed 3 nastaviteln\u00fdch \u00farovn\u00ed tepla. R\u016fzn\u011b zbarven\u00e9 LED diody na tla\u010d\u00edtku v\u00e1m uk\u00e1\u017eou \u00farove\u0148 oh\u0159evu, kterou jste zvolili. Zah\u0159eje se b\u011bhem n\u011bkolika sekund a rychle v\u00e1s ochr\u00e1n\u00ed p\u0159ed chladem.<\/p>\n<p class=\"\" style=\"text-align: center;\"><a href=\"https:\/\/origon-eu.com\/wp-content\/uploads\/2025\/02\/FLAMEVEST23689__df70ff35__314d8cf4__bc20f51a.webp\"><img-77\"walignnone size44 src=\"https:\/\/origon-eu.com\/wp-content\/uploads\/2025\/02\/FLAMEVEST23689__df70ff35__314d8cf4__bc20f51a.webp\" alt=\"\" width=\"600\" height=\"600\" \/><\/a><\/p>\n<p class=\"\" style=\"text-align: center;\"><strong class=\"\">\ufe0f V\u0161estrann\u00e9 pou\u017eit\u00ed<\/strong><\/p>\n<p class=\"\" style=\"text-align: center;\"><span class=\"\" data-sheets-root=\"1\">Tato tepl\u00e1 vesta je navr\u017eena pro \u0159adu r\u016fzn\u00fdch aktivit. Pou\u017e\u00edvejte jej p\u0159i ch\u016fzi, turistice, ly\u017eov\u00e1n\u00ed, b\u011bhu, ryba\u0159en\u00ed nebo jak\u00e9koli jin\u00e9 aktivit\u011b. A samoz\u0159ejm\u011b se hod\u00ed i na ka\u017edodenn\u00ed no\u0161en\u00ed. Je odoln\u00fd, lehk\u00fd, pohodln\u00fd a nebude v\u00e1m br\u00e1nit v pohybu.<\/span><\/p>\n<p class=\"\" style=\"text-align: center;\"><a href=\"https:\/\/origon-eu.com\/wp-content\/uploads\/2025\/02\/FLAMEVEST24714__2edd0ddf__cda0b823__565c209d-1.webp\"><img-8777\"walignnone src=\"https:\/\/origon-eu.com\/wp-content\/uploads\/2025\/02\/FLAMEVEST24714__2edd0ddf__cda0b823__565c209d-1.webp\" alt=\"\" width=\"600\" height=\"601\" \/><\/a><\/p\n\n\n<p class=\"\" style=\"text-align: center;\"><strong class=\"\"> Snadn\u00e9 \u010di\u0161t\u011bn\u00ed<\/strong><\/p>\n<p class=\"\" style=\"text-align: center;\"><span class=\"\" data-sheets-root=\"1\">Vestu lze pr\u00e1t v ruce, tak\u017ee ji lze snadno udr\u017eovat v \u010distot\u011b a p\u0159ipravit se na dal\u0161\u00ed dobrodru\u017estv\u00ed. Je odoln\u00fd a vyroben\u00fd tak, aby vydr\u017eel, tak\u017ee je vyroben pro ka\u017edodenn\u00ed pou\u017eit\u00ed.<\/span><\/p>\n<p class=\"\" style=\"text-align: center;\"><a href=\"https:\/\/origon-eu.com\/wp-content\/uploads\/2025\/02\/FLAMEVEST22689__7c5c5fde__e9d16f8b__1ef41ffb.webp\"><img fetchpriority=\"high\" decoding=\"async\" class=\"lalignnone-image-ful77\"walignnone size-9 src=\"https:\/\/origon-eu.com\/wp-content\/uploads\/2025\/02\/FLAMEVEST22689__7c5c5fde__e9d16f8b__1ef41ffb.webp\" alt=\"\" width=\"600\" height=\"600\" \/><\/a><\/p>\n<p class=\"\" style=\"text-align: center;\"><strong class=\"\">Specifikace produktu:<\/strong><\/p>\n<p class=\"\" style=\"text-align: center;\"><span class=\"\" data-sheets-root=\"1\">Materi\u00e1l: 100% polyester<br \/>\nNap\u00e1jen\u00ed: DC 5V 2A<\/span><\/p>\n<p class=\"\" style=\"text-align: center;\"><strong class=\"\">Bal\u00edk obsahuje:<\/strong><\/p>\n<p class=\"\" style=\"text-align: center;\"><span class=\"\" data-sheets-root=\"1\">1 FLAMEVEST (unisex vyh\u0159\u00edvac\u00ed vesta)<\/span><\/p>\n","protected":false},"excerpt":{"rendered":"<ul>\n<li>Rychle se zah\u0159eje za 5 sekund<\/li>\n<li>\u00a03 nastaviteln\u00e9 \u00farovn\u011b oh\u0159evu<\/li>\n<li>\ufe0f Extra teplo pro v\u00e1\u0161 krk<\/li>\n<li>Ru\u010dn\u011b omyvateln\u00e9 pro snadnou \u00fadr\u017ebu<\/li>\n<li>Pro pohodl\u00ed je nap\u00e1jeno USB<\/li>\n<\/ul>\n","protected":false},"featured_media":34510,"template":"","meta":[],"product_cat":[456],"product_tag":[],"class_list":{"0":"post-34776","1":"product","2":"type-product","3":"status-publish","4":"has-post-thumbnail","6":"product_cat-moda-cz","8":"first","9":"instock","10":"sale","11":"shipping-taxable","12":"purchasable","13":"product-type-simple"},"yoast_head":"<!-- This site is optimized with the Yoast SEO plugin v24.2 - https:\/\/yoast.com\/wordpress\/plugins\/seo\/ -->\n<title>Vodot\u011bsn\u00e1 vyh\u0159\u00edvan\u00e1 vesta bez ruk\u00e1v\u016f - Origon EU<\/title>\n<meta name=\"robots\" content=\"index, follow, max-snippet:-1, max-image-preview:large, max-video-preview:-1\" \/>\n<link rel=\"canonical\" href=\"https:\/\/origon-eu.com\/cz\/product\/waterproof-sleeveless-heated-vest\/\" \/>\n<meta property=\"og:locale\" content=\"en_US\" \/>\n<meta property=\"og:type\" content=\"article\" \/>\n<meta property=\"og:title\" content=\"Vodot\u011bsn\u00e1 vyh\u0159\u00edvan\u00e1 vesta bez ruk\u00e1v\u016f - Origon EU\" \/>\n<meta property=\"og:description\" content=\"Rychle se zah\u0159eje za 5 sekund  \u00a03 nastaviteln\u00e9 \u00farovn\u011b oh\u0159evu  \ufe0f Extra teplo pro v\u00e1\u0161 krk  Ru\u010dn\u011b omyvateln\u00e9 pro snadnou \u00fadr\u017ebu  Pro pohodl\u00ed je nap\u00e1jeno USB\" \/>\n<meta property=\"og:url\" content=\"https:\/\/origon-eu.com\/cz\/product\/waterproof-sleeveless-heated-vest\/\" \/>\n<meta property=\"og:site_name\" content=\"Origon EU\" \/>\n<meta property=\"article:modified_time\" content=\"2025-02-17T14:05:19+00:00\" \/>\n<meta property=\"og:image\" content=\"https:\/\/origon-eu.com\/wp-content\/uploads\/2025\/02\/FLAMEVEST11748__ceca131a__7d7d09f6.jpg\" \/>\n\t<meta property=\"og:image:width\" content=\"600\" \/>\n\t<meta property=\"og:image:height\" content=\"600\" \/>\n\t<meta property=\"og:image:type\" content=\"image\/jpeg\" \/>\n<meta name=\"twitter:card\" content=\"summary_large_image\" \/>\n<meta name=\"twitter:label1\" content=\"Est. reading time\" \/>\n\t<meta name=\"twitter:data1\" content=\"2 minutes\" \/>\n<script type=\"application\/ld+json\" class=\"yoast-schema-graph\">{\"@context\":\"https:\/\/schema.org\",\"@graph\":[{\"@type\":\"WebPage\",\"@id\":\"https:\/\/origon-eu.com\/cz\/product\/waterproof-sleeveless-heated-vest\/\",\"url\":\"https:\/\/origon-eu.com\/cz\/product\/waterproof-sleeveless-heated-vest\/\",\"name\":\"Vodot\u011bsn\u00e1 vyh\u0159\u00edvan\u00e1 vesta bez ruk\u00e1v\u016f - Origon EU\",\"isPartOf\":{\"@id\":\"https:\/\/origon-eu.com\/#website\"},\"primaryImageOfPage\":{\"@id\":\"https:\/\/origon-eu.com\/cz\/product\/waterproof-sleeveless-heated-vest\/#primaryimage\"},\"image\":{\"@id\":\"https:\/\/origon-eu.com\/cz\/product\/waterproof-sleeveless-heated-vest\/#primaryimage\"},\"thumbnailUrl\":\"https:\/\/origon-eu.com\/wp-content\/uploads\/2025\/02\/FLAMEVEST11748__ceca131a__7d7d09f6.jpg\",\"datePublished\":\"2025-02-17T12:51:11+00:00\",\"dateModified\":\"2025-02-17T14:05:19+00:00\",\"breadcrumb\":{\"@id\":\"https:\/\/origon-eu.com\/cz\/product\/waterproof-sleeveless-heated-vest\/#breadcrumb\"},\"inLanguage\":\"cz-CZ\",\"potentialAction\":[{\"@type\":\"ReadAction\",\"target\":[\"https:\/\/origon-eu.com\/cz\/product\/waterproof-sleeveless-heated-vest\/\"]}]},{\"@type\":\"ImageObject\",\"inLanguage\":\"cz-CZ\",\"@id\":\"https:\/\/origon-eu.com\/cz\/product\/waterproof-sleeveless-heated-vest\/#primaryimage\",\"url\":\"https:\/\/origon-eu.com\/wp-content\/uploads\/2025\/02\/FLAMEVEST11748__ceca131a__7d7d09f6.jpg\",\"contentUrl\":\"https:\/\/origon-eu.com\/wp-content\/uploads\/2025\/02\/FLAMEVEST11748__ceca131a__7d7d09f6.jpg\",\"width\":600,\"height\":600},{\"@type\":\"BreadcrumbList\",\"@id\":\"https:\/\/origon-eu.com\/cz\/product\/waterproof-sleeveless-heated-vest\/#breadcrumb\",\"itemListElement\":[{\"@type\":\"ListItem\",\"position\":1,\"name\":\"Home\",\"item\":\"https:\/\/origon-eu.com\/\"},{\"@type\":\"ListItem\",\"position\":2,\"name\":\"Shop\",\"item\":\"https:\/\/origon-eu.com\/cz\/shop-2\/\"},{\"@type\":\"ListItem\",\"position\":3,\"name\":\"Vodot\u011bsn\u00e1 vyh\u0159\u00edvan\u00e1 vesta bez ruk\u00e1v\u016f\"}]},{\"@type\":\"WebSite\",\"@id\":\"https:\/\/origon-eu.com\/#website\",\"url\":\"https:\/\/origon-eu.com\/\",\"name\":\"Origon EU\",\"description\":\"Online Store\",\"publisher\":{\"@id\":\"https:\/\/origon-eu.com\/#organization\"},\"potentialAction\":[{\"@type\":\"SearchAction\",\"target\":{\"@type\":\"EntryPoint\",\"urlTemplate\":\"https:\/\/origon-eu.com\/?s={search_term_string}\"},\"query-input\":{\"@type\":\"PropertyValueSpecification\",\"valueRequired\":true,\"valueName\":\"search_term_string\"}}],\"inLanguage\":\"cz-CZ\"},{\"@type\":\"Organization\",\"@id\":\"https:\/\/origon-eu.com\/#organization\",\"name\":\"Origon EU\",\"url\":\"https:\/\/origon-eu.com\/\",\"logo\":{\"@type\":\"ImageObject\",\"inLanguage\":\"cz-CZ\",\"@id\":\"https:\/\/origon-eu.com\/#\/schema\/logo\/image\/\",\"url\":\"https:\/\/origon-eu.com\/wp-content\/uploads\/2024\/04\/Screenshot-2024-04-09-101814.png\",\"contentUrl\":\"https:\/\/origon-eu.com\/wp-content\/uploads\/2024\/04\/Screenshot-2024-04-09-101814.png\",\"width\":171,\"height\":59,\"caption\":\"Origon EU\"},\"image\":{\"@id\":\"https:\/\/origon-eu.com\/#\/schema\/logo\/image\/\"}}]}<\/script>\n<!-- \/ Yoast SEO plugin. -->","yoast_head_json":{"title":"Vodot\u011bsn\u00e1 vyh\u0159\u00edvan\u00e1 vesta bez ruk\u00e1v\u016f - Origon EU","robots":{"index":"index","follow":"follow","max-snippet":"max-snippet:-1","max-image-preview":"max-image-preview:large","max-video-preview":"max-video-preview:-1"},"canonical":"https:\/\/origon-eu.com\/cz\/product\/waterproof-sleeveless-heated-vest\/","og_locale":"en_US","og_type":"article","og_title":"Vodot\u011bsn\u00e1 vyh\u0159\u00edvan\u00e1 vesta bez ruk\u00e1v\u016f - Origon EU","og_description":"Rychle se zah\u0159eje za 5 sekund  \u00a03 nastaviteln\u00e9 \u00farovn\u011b oh\u0159evu  \ufe0f Extra teplo pro v\u00e1\u0161 krk  Ru\u010dn\u011b omyvateln\u00e9 pro snadnou \u00fadr\u017ebu  Pro pohodl\u00ed je nap\u00e1jeno USB","og_url":"https:\/\/origon-eu.com\/cz\/product\/waterproof-sleeveless-heated-vest\/","og_site_name":"Origon EU","article_modified_time":"2025-02-17T14:05:19+00:00","og_image":[{"width":600,"height":600,"url":"https:\/\/origon-eu.com\/wp-content\/uploads\/2025\/02\/FLAMEVEST11748__ceca131a__7d7d09f6.jpg","type":"image\/jpeg"}],"twitter_card":"summary_large_image","twitter_misc":{"Est. reading time":"2 minutes"},"schema":{"@context":"https:\/\/schema.org","@graph":[{"@type":"WebPage","@id":"https:\/\/origon-eu.com\/cz\/product\/waterproof-sleeveless-heated-vest\/","url":"https:\/\/origon-eu.com\/cz\/product\/waterproof-sleeveless-heated-vest\/","name":"Vodot\u011bsn\u00e1 vyh\u0159\u00edvan\u00e1 vesta bez ruk\u00e1v\u016f - Origon EU","isPartOf":{"@id":"https:\/\/origon-eu.com\/#website"},"primaryImageOfPage":{"@id":"https:\/\/origon-eu.com\/cz\/product\/waterproof-sleeveless-heated-vest\/#primaryimage"},"image":{"@id":"https:\/\/origon-eu.com\/cz\/product\/waterproof-sleeveless-heated-vest\/#primaryimage"},"thumbnailUrl":"https:\/\/origon-eu.com\/wp-content\/uploads\/2025\/02\/FLAMEVEST11748__ceca131a__7d7d09f6.jpg","datePublished":"2025-02-17T12:51:11+00:00","dateModified":"2025-02-17T14:05:19+00:00","breadcrumb":{"@id":"https:\/\/origon-eu.com\/cz\/product\/waterproof-sleeveless-heated-vest\/#breadcrumb"},"inLanguage":"cz-CZ","potentialAction":[{"@type":"ReadAction","target":["https:\/\/origon-eu.com\/cz\/product\/waterproof-sleeveless-heated-vest\/"]}]},{"@type":"ImageObject","inLanguage":"cz-CZ","@id":"https:\/\/origon-eu.com\/cz\/product\/waterproof-sleeveless-heated-vest\/#primaryimage","url":"https:\/\/origon-eu.com\/wp-content\/uploads\/2025\/02\/FLAMEVEST11748__ceca131a__7d7d09f6.jpg","contentUrl":"https:\/\/origon-eu.com\/wp-content\/uploads\/2025\/02\/FLAMEVEST11748__ceca131a__7d7d09f6.jpg","width":600,"height":600},{"@type":"BreadcrumbList","@id":"https:\/\/origon-eu.com\/cz\/product\/waterproof-sleeveless-heated-vest\/#breadcrumb","itemListElement":[{"@type":"ListItem","position":1,"name":"Home","item":"https:\/\/origon-eu.com\/"},{"@type":"ListItem","position":2,"name":"Shop","item":"https:\/\/origon-eu.com\/cz\/shop-2\/"},{"@type":"ListItem","position":3,"name":"Vodot\u011bsn\u00e1 vyh\u0159\u00edvan\u00e1 vesta bez ruk\u00e1v\u016f"}]},{"@type":"WebSite","@id":"https:\/\/origon-eu.com\/#website","url":"https:\/\/origon-eu.com\/","name":"Origon EU","description":"Online Store","publisher":{"@id":"https:\/\/origon-eu.com\/#organization"},"potentialAction":[{"@type":"SearchAction","target":{"@type":"EntryPoint","urlTemplate":"https:\/\/origon-eu.com\/?s={search_term_string}"},"query-input":{"@type":"PropertyValueSpecification","valueRequired":true,"valueName":"search_term_string"}}],"inLanguage":"cz-CZ"},{"@type":"Organization","@id":"https:\/\/origon-eu.com\/#organization","name":"Origon EU","url":"https:\/\/origon-eu.com\/","logo":{"@type":"ImageObject","inLanguage":"cz-CZ","@id":"https:\/\/origon-eu.com\/#\/schema\/logo\/image\/","url":"https:\/\/origon-eu.com\/wp-content\/uploads\/2024\/04\/Screenshot-2024-04-09-101814.png","contentUrl":"https:\/\/origon-eu.com\/wp-content\/uploads\/2024\/04\/Screenshot-2024-04-09-101814.png","width":171,"height":59,"caption":"Origon EU"},"image":{"@id":"https:\/\/origon-eu.com\/#\/schema\/logo\/image\/"}}]}},"tiered_pricing_type":"fixed","tiered_pricing_fixed_rules":[],"tiered_pricing_percentage_rules":[],"tiered_pricing_minimum":1,"tiered_pricing_roles_data":[],"_links":{"self":[{"href":"https:\/\/origon-eu.com\/cz\/wp-json\/wp\/v2\/product\/34776","targetHints":{"allow":["GET"]}}],"collection":[{"href":"https:\/\/origon-eu.com\/cz\/wp-json\/wp\/v2\/product"}],"about":[{"href":"https:\/\/origon-eu.com\/cz\/wp-json\/wp\/v2\/types\/product"}],"version-history":[{"count":1,"href":"https:\/\/origon-eu.com\/cz\/wp-json\/wp\/v2\/product\/34776\/revisions"}],"predecessor-version":[{"id":34777,"href":"https:\/\/origon-eu.com\/cz\/wp-json\/wp\/v2\/product\/34776\/revisions\/34777"}],"wp:featuredmedia":[{"embeddable":true,"href":"https:\/\/origon-eu.com\/cz\/wp-json\/wp\/v2\/media\/34510"}],"wp:attachment":[{"href":"https:\/\/origon-eu.com\/cz\/wp-json\/wp\/v2\/media?parent=34776"}],"wp:term":[{"taxonomy":"product_cat","embeddable":true,"href":"https:\/\/origon-eu.com\/cz\/wp-json\/wp\/v2\/product_cat?post=34776"},{"taxonomy":"product_tag","embeddable":true,"href":"https:\/\/origon-eu.com\/cz\/wp-json\/wp\/v2\/product_tag?post=34776"}],"curies":[{"name":"wp","href":"https:\/\/api.w.org\/{rel}","templated":true}]}}