{"id":33020,"date":"2025-01-09T22:19:01","date_gmt":"2025-01-09T20:19:01","guid":{"rendered":"https:\/\/origon-eu.com\/product\/electric-stainless-steel-food-processors-mixer-2l\/"},"modified":"2025-05-15T09:31:15","modified_gmt":"2025-05-15T07:31:15","slug":"electric-stainless-steel-food-processors-mixer-2l","status":"publish","type":"product","link":"https:\/\/origon-eu.com\/cz\/product\/electric-stainless-steel-food-processors-mixer-2l\/","title":{"rendered":"Elektrick\u00fd nerezov\u00fd kuchy\u0148sk\u00fd mix\u00e9r 2L"},"content":{"rendered":"<div class=\"product-specs-list-container\">\n<p>Vlastnosti:<\/p>\n<p>1: Jemn\u00e9 m\u00edch\u00e1n\u00ed sekund, aby se stalo bahnem, vyb\u00edrav\u00fdmi chu\u0165ov\u00fdmi poh\u00e1rky, ji\u017e nemus\u00edte tvrd\u011b pracovat,<\/p>\n<p>v\u0161echny druhy ingredienc\u00ed, jak chcete<\/p>\n<p>2: Rychl\u00fd a pomal\u00fd dvojit\u00fd p\u0159evod, voln\u00fd k uchopen\u00ed stupn\u011b jemnosti, podle stupn\u011b m\u011bkkosti a tvrdosti ingredienc\u00ed, samovolba p\u0159evodov\u00e9ho stupn\u011b, r\u016fzn\u00e1 rychlost pro rozlo\u017een\u00ed jin\u00e9 pochoutky<\/p>\n<p>3. P\u0159evodov\u00fd stupe\u0148 lze volit podle m\u011bkkosti a tvrdosti p\u0159\u00edsad. Dv\u011b rychlosti mlet\u00e9ho masa a zeleniny mohou uspokojit r\u016fzn\u00e9 chut\u011b rodiny.<\/p>\n<p>4. velk\u00e1 kapacita, dostate\u010dn\u00e1 pro pot\u0159eby rodinn\u00fdch banket\u016f, \u010dist\u00fd m\u011bd\u011bn\u00fd nav\u00edjec\u00ed motor, se 4-rozm\u011brn\u00fdm \u010dty\u0159vrstv\u00fdm ost\u0159\u00edm, rychle jemn\u011b nasek\u00e1 maso za 6 sekund.<\/p>\n<p>5. Rozhran\u00ed z nerezov\u00e9 oceli \u00a0304, pevn\u00e9 a odoln\u00e9 proti opot\u0159eben\u00ed, b\u011b\u017e\u00ed hladce, zastav\u00ed se, kdy\u017e jej pust\u00edte, a sada no\u017e\u016f se okam\u017eit\u011b zastav\u00ed, aby se zabr\u00e1nilo po\u0161kr\u00e1b\u00e1n\u00ed ost\u0159\u00ed a j\u00eddlo nest\u0159\u00edklo.<\/p>\n<p>6. Anti-\uff44\uff52\uff4f\uff50 a nedeforma\u010dn\u00ed, antikolizn\u00ed a anti-\uff44\uff52\uff4f\uff50 bez deformace, stabiln\u00ed a nep\u0159ilnav\u00e9 potraviny. 7.Vysokoteplotn\u00ed dezinfekce, hygienick\u00e1 a \u010dist\u00e1, odn\u00edmateln\u00e1 pro \u010di\u0161t\u011bn\u00ed, krom\u011b hlavy stroje, lze rozebrat a vy\u010distit samostatn\u011b.<\/p>\n<p>Seznam bal\u00ed\u010dk\u016f:<br \/>\nMl\u00fdnek na maso *1<br \/>\nAdapt\u00e9r *1<br \/>\nPokyny *1<br \/>\nBarevn\u00e1 krabi\u010dka *1<\/p>\n<\/div>\n<p><img decoding=\"async\" src=\"https:\/\/ae01.alicdn.com\/kf\/Sbc5bbb81b9dd400b9437caabd41ca8d7Q.jpg\" \/><img decoding=\"async\" src=\"https:\/\/ae01.alicdn.com\/kf\/S9848ef37d30347b9bfdb8a10e8aef65be.jpg\" \/><img decoding=\"async\" src=\"https:\/\/ae01.alicdn.com\/kf\/Sb4412c72b99b4b848de9d3143747c3b21.jpg\" \/><img decoding=\"async\" src=\"https:\/\/ae01.alicdn.com\/kf\/S85f60a879c63440e8c0abb9c4b51147fs.jpg\" \/><img decoding=\"async\" src=\"https:\/\/ae01.alicdn.com\/kf\/S86b0e42c557840ba883f709622d45bbfO.jpg\" \/><img decoding=\"async\" src=\"https:\/\/ae01.alicdn.com\/kf\/S293a336d492d4f1ca2cd2ccd2b8e99203.jpg\" \/><img decoding=\"async\" src=\"https:\/\/ae01.alicdn.com\/kf\/S83b3d615c77c41c48488b3b6d1ca8222N.jpg\" \/><img decoding=\"async\" src=\"https:\/\/ae01.alicdn.com\/kf\/S840ad252cf114aeba4c4039d7a73f5ccr.jpg\" \/><img decoding=\"async\" src=\"https:\/\/ae01.alicdn.com\/kf\/Sb04aef1447ec4c21af83587f7cf682c6H.jpg\" \/><img decoding=\"async\" src=\"https:\/\/ae01.alicdn.com\/kf\/Sc14f7bdc462b4890bcff173042d9d396v.jpg\" \/><img decoding=\"async\" src=\"https:\/\/ae01.alicdn.com\/kf\/Sc07ab0bc201141b88247f5bc715783cec.jpg\" \/><img decoding=\"async\" src=\"https:\/\/ae01.alicdn.com\/kf\/S54fcfd7d41a0442bb62e4dee8fd9c731W.jpg\" \/><img decoding=\"async\" src=\"https:\/\/ae01.alicdn.com\/kf\/S14efd76020ab4897b60cb277acf97576K.jpg\" \/><img decoding=\"async\" src=\"https:\/\/ae01.alicdn.com\/kf\/S0ec922e85a784cbe836d0c0358c3d154o.jpg\" \/><img decoding=\"async\" src=\"https:\/\/ae01.alicdn.com\/kf\/S137c557e75494bafba9d6dad238488c2o.jpg\" \/><img decoding=\"async\" src=\"https:\/\/ae01.alicdn.com\/kf\/S79e59b52ee59479ea17b3eb74378617cb.jpg\" \/><img decoding=\"async\" src=\"https:\/\/ae01.alicdn.com\/kf\/S2bf7ba15f51c4f2899f27db7448ae482o.jpg\" \/><\/p>\n","protected":false},"excerpt":{"rendered":"<p>2L ml\u00fdnek na maso elektrick\u00fd 220V nerezov\u00fd mix\u00e9r mix\u00e9r se sek\u00e1\u010dkem na zeleninu pro kuchy\u0148sk\u00e9 dom\u00e1c\u00ed kuchy\u0148sk\u00e9 roboty<\/p>\n","protected":false},"featured_media":32889,"template":"","meta":[],"product_cat":[],"product_tag":[],"class_list":{"0":"post-33020","1":"product","2":"type-product","3":"status-publish","4":"has-post-thumbnail","7":"first","8":"outofstock","9":"sale","10":"shipping-taxable","11":"purchasable","12":"product-type-simple"},"yoast_head":"<!-- This site is optimized with the Yoast SEO plugin v24.2 - https:\/\/yoast.com\/wordpress\/plugins\/seo\/ -->\n<title>Elektrick\u00fd nerezov\u00fd kuchy\u0148sk\u00fd mix\u00e9r 2L - Origon EU<\/title>\n<meta name=\"robots\" content=\"index, follow, max-snippet:-1, max-image-preview:large, max-video-preview:-1\" \/>\n<link rel=\"canonical\" href=\"https:\/\/origon-eu.com\/cz\/product\/electric-stainless-steel-food-processors-mixer-2l\/\" \/>\n<meta property=\"og:locale\" content=\"en_US\" \/>\n<meta property=\"og:type\" content=\"article\" \/>\n<meta property=\"og:title\" content=\"Elektrick\u00fd nerezov\u00fd kuchy\u0148sk\u00fd mix\u00e9r 2L - Origon EU\" \/>\n<meta property=\"og:description\" content=\"2L ml\u00fdnek na maso elektrick\u00fd 220V nerezov\u00fd mix\u00e9r mix\u00e9r se sek\u00e1\u010dkem na zeleninu pro kuchy\u0148sk\u00e9 dom\u00e1c\u00ed kuchy\u0148sk\u00e9 roboty\" \/>\n<meta property=\"og:url\" content=\"https:\/\/origon-eu.com\/cz\/product\/electric-stainless-steel-food-processors-mixer-2l\/\" \/>\n<meta property=\"og:site_name\" content=\"Origon EU\" \/>\n<meta property=\"article:modified_time\" content=\"2025-05-15T07:31:15+00:00\" \/>\n<meta property=\"og:image\" content=\"https:\/\/origon-eu.com\/wp-content\/uploads\/2025\/01\/kf-Sbc5bbb81b9dd400b9437caabd41ca8d7Q.webp\" \/>\n\t<meta property=\"og:image:width\" content=\"1000\" \/>\n\t<meta property=\"og:image:height\" content=\"1000\" \/>\n\t<meta property=\"og:image:type\" content=\"image\/webp\" \/>\n<meta name=\"twitter:card\" content=\"summary_large_image\" \/>\n<meta name=\"twitter:label1\" content=\"Est. reading time\" \/>\n\t<meta name=\"twitter:data1\" content=\"5 minutes\" \/>\n<script type=\"application\/ld+json\" class=\"yoast-schema-graph\">{\"@context\":\"https:\/\/schema.org\",\"@graph\":[{\"@type\":\"WebPage\",\"@id\":\"https:\/\/origon-eu.com\/cz\/product\/electric-stainless-steel-food-processors-mixer-2l\/\",\"url\":\"https:\/\/origon-eu.com\/cz\/product\/electric-stainless-steel-food-processors-mixer-2l\/\",\"name\":\"Elektrick\u00fd nerezov\u00fd kuchy\u0148sk\u00fd mix\u00e9r 2L - Origon EU\",\"isPartOf\":{\"@id\":\"https:\/\/origon-eu.com\/#website\"},\"primaryImageOfPage\":{\"@id\":\"https:\/\/origon-eu.com\/cz\/product\/electric-stainless-steel-food-processors-mixer-2l\/#primaryimage\"},\"image\":{\"@id\":\"https:\/\/origon-eu.com\/cz\/product\/electric-stainless-steel-food-processors-mixer-2l\/#primaryimage\"},\"thumbnailUrl\":\"https:\/\/origon-eu.com\/wp-content\/uploads\/2025\/01\/kf-Sbc5bbb81b9dd400b9437caabd41ca8d7Q.webp\",\"datePublished\":\"2025-01-09T20:19:01+00:00\",\"dateModified\":\"2025-05-15T07:31:15+00:00\",\"breadcrumb\":{\"@id\":\"https:\/\/origon-eu.com\/cz\/product\/electric-stainless-steel-food-processors-mixer-2l\/#breadcrumb\"},\"inLanguage\":\"cz-CZ\",\"potentialAction\":[{\"@type\":\"ReadAction\",\"target\":[\"https:\/\/origon-eu.com\/cz\/product\/electric-stainless-steel-food-processors-mixer-2l\/\"]}]},{\"@type\":\"ImageObject\",\"inLanguage\":\"cz-CZ\",\"@id\":\"https:\/\/origon-eu.com\/cz\/product\/electric-stainless-steel-food-processors-mixer-2l\/#primaryimage\",\"url\":\"https:\/\/origon-eu.com\/wp-content\/uploads\/2025\/01\/kf-Sbc5bbb81b9dd400b9437caabd41ca8d7Q.webp\",\"contentUrl\":\"https:\/\/origon-eu.com\/wp-content\/uploads\/2025\/01\/kf-Sbc5bbb81b9dd400b9437caabd41ca8d7Q.webp\",\"width\":1000,\"height\":1000},{\"@type\":\"BreadcrumbList\",\"@id\":\"https:\/\/origon-eu.com\/cz\/product\/electric-stainless-steel-food-processors-mixer-2l\/#breadcrumb\",\"itemListElement\":[{\"@type\":\"ListItem\",\"position\":1,\"name\":\"Home\",\"item\":\"https:\/\/origon-eu.com\/\"},{\"@type\":\"ListItem\",\"position\":2,\"name\":\"Shop\",\"item\":\"https:\/\/origon-eu.com\/cz\/shop-2\/\"},{\"@type\":\"ListItem\",\"position\":3,\"name\":\"Elektrick\u00fd nerezov\u00fd kuchy\u0148sk\u00fd mix\u00e9r 2L\"}]},{\"@type\":\"WebSite\",\"@id\":\"https:\/\/origon-eu.com\/#website\",\"url\":\"https:\/\/origon-eu.com\/\",\"name\":\"Origon EU\",\"description\":\"Online Store\",\"publisher\":{\"@id\":\"https:\/\/origon-eu.com\/#organization\"},\"potentialAction\":[{\"@type\":\"SearchAction\",\"target\":{\"@type\":\"EntryPoint\",\"urlTemplate\":\"https:\/\/origon-eu.com\/?s={search_term_string}\"},\"query-input\":{\"@type\":\"PropertyValueSpecification\",\"valueRequired\":true,\"valueName\":\"search_term_string\"}}],\"inLanguage\":\"cz-CZ\"},{\"@type\":\"Organization\",\"@id\":\"https:\/\/origon-eu.com\/#organization\",\"name\":\"Origon EU\",\"url\":\"https:\/\/origon-eu.com\/\",\"logo\":{\"@type\":\"ImageObject\",\"inLanguage\":\"cz-CZ\",\"@id\":\"https:\/\/origon-eu.com\/#\/schema\/logo\/image\/\",\"url\":\"https:\/\/origon-eu.com\/wp-content\/uploads\/2024\/04\/Screenshot-2024-04-09-101814.png\",\"contentUrl\":\"https:\/\/origon-eu.com\/wp-content\/uploads\/2024\/04\/Screenshot-2024-04-09-101814.png\",\"width\":171,\"height\":59,\"caption\":\"Origon EU\"},\"image\":{\"@id\":\"https:\/\/origon-eu.com\/#\/schema\/logo\/image\/\"}}]}<\/script>\n<!-- \/ Yoast SEO plugin. -->","yoast_head_json":{"title":"Elektrick\u00fd nerezov\u00fd kuchy\u0148sk\u00fd mix\u00e9r 2L - Origon EU","robots":{"index":"index","follow":"follow","max-snippet":"max-snippet:-1","max-image-preview":"max-image-preview:large","max-video-preview":"max-video-preview:-1"},"canonical":"https:\/\/origon-eu.com\/cz\/product\/electric-stainless-steel-food-processors-mixer-2l\/","og_locale":"en_US","og_type":"article","og_title":"Elektrick\u00fd nerezov\u00fd kuchy\u0148sk\u00fd mix\u00e9r 2L - Origon EU","og_description":"2L ml\u00fdnek na maso elektrick\u00fd 220V nerezov\u00fd mix\u00e9r mix\u00e9r se sek\u00e1\u010dkem na zeleninu pro kuchy\u0148sk\u00e9 dom\u00e1c\u00ed kuchy\u0148sk\u00e9 roboty","og_url":"https:\/\/origon-eu.com\/cz\/product\/electric-stainless-steel-food-processors-mixer-2l\/","og_site_name":"Origon EU","article_modified_time":"2025-05-15T07:31:15+00:00","og_image":[{"width":1000,"height":1000,"url":"https:\/\/origon-eu.com\/wp-content\/uploads\/2025\/01\/kf-Sbc5bbb81b9dd400b9437caabd41ca8d7Q.webp","type":"image\/webp"}],"twitter_card":"summary_large_image","twitter_misc":{"Est. reading time":"5 minutes"},"schema":{"@context":"https:\/\/schema.org","@graph":[{"@type":"WebPage","@id":"https:\/\/origon-eu.com\/cz\/product\/electric-stainless-steel-food-processors-mixer-2l\/","url":"https:\/\/origon-eu.com\/cz\/product\/electric-stainless-steel-food-processors-mixer-2l\/","name":"Elektrick\u00fd nerezov\u00fd kuchy\u0148sk\u00fd mix\u00e9r 2L - Origon EU","isPartOf":{"@id":"https:\/\/origon-eu.com\/#website"},"primaryImageOfPage":{"@id":"https:\/\/origon-eu.com\/cz\/product\/electric-stainless-steel-food-processors-mixer-2l\/#primaryimage"},"image":{"@id":"https:\/\/origon-eu.com\/cz\/product\/electric-stainless-steel-food-processors-mixer-2l\/#primaryimage"},"thumbnailUrl":"https:\/\/origon-eu.com\/wp-content\/uploads\/2025\/01\/kf-Sbc5bbb81b9dd400b9437caabd41ca8d7Q.webp","datePublished":"2025-01-09T20:19:01+00:00","dateModified":"2025-05-15T07:31:15+00:00","breadcrumb":{"@id":"https:\/\/origon-eu.com\/cz\/product\/electric-stainless-steel-food-processors-mixer-2l\/#breadcrumb"},"inLanguage":"cz-CZ","potentialAction":[{"@type":"ReadAction","target":["https:\/\/origon-eu.com\/cz\/product\/electric-stainless-steel-food-processors-mixer-2l\/"]}]},{"@type":"ImageObject","inLanguage":"cz-CZ","@id":"https:\/\/origon-eu.com\/cz\/product\/electric-stainless-steel-food-processors-mixer-2l\/#primaryimage","url":"https:\/\/origon-eu.com\/wp-content\/uploads\/2025\/01\/kf-Sbc5bbb81b9dd400b9437caabd41ca8d7Q.webp","contentUrl":"https:\/\/origon-eu.com\/wp-content\/uploads\/2025\/01\/kf-Sbc5bbb81b9dd400b9437caabd41ca8d7Q.webp","width":1000,"height":1000},{"@type":"BreadcrumbList","@id":"https:\/\/origon-eu.com\/cz\/product\/electric-stainless-steel-food-processors-mixer-2l\/#breadcrumb","itemListElement":[{"@type":"ListItem","position":1,"name":"Home","item":"https:\/\/origon-eu.com\/"},{"@type":"ListItem","position":2,"name":"Shop","item":"https:\/\/origon-eu.com\/cz\/shop-2\/"},{"@type":"ListItem","position":3,"name":"Elektrick\u00fd nerezov\u00fd kuchy\u0148sk\u00fd mix\u00e9r 2L"}]},{"@type":"WebSite","@id":"https:\/\/origon-eu.com\/#website","url":"https:\/\/origon-eu.com\/","name":"Origon EU","description":"Online Store","publisher":{"@id":"https:\/\/origon-eu.com\/#organization"},"potentialAction":[{"@type":"SearchAction","target":{"@type":"EntryPoint","urlTemplate":"https:\/\/origon-eu.com\/?s={search_term_string}"},"query-input":{"@type":"PropertyValueSpecification","valueRequired":true,"valueName":"search_term_string"}}],"inLanguage":"cz-CZ"},{"@type":"Organization","@id":"https:\/\/origon-eu.com\/#organization","name":"Origon EU","url":"https:\/\/origon-eu.com\/","logo":{"@type":"ImageObject","inLanguage":"cz-CZ","@id":"https:\/\/origon-eu.com\/#\/schema\/logo\/image\/","url":"https:\/\/origon-eu.com\/wp-content\/uploads\/2024\/04\/Screenshot-2024-04-09-101814.png","contentUrl":"https:\/\/origon-eu.com\/wp-content\/uploads\/2024\/04\/Screenshot-2024-04-09-101814.png","width":171,"height":59,"caption":"Origon EU"},"image":{"@id":"https:\/\/origon-eu.com\/#\/schema\/logo\/image\/"}}]}},"tiered_pricing_type":"fixed","tiered_pricing_fixed_rules":[],"tiered_pricing_percentage_rules":[],"tiered_pricing_minimum":1,"tiered_pricing_roles_data":[],"_links":{"self":[{"href":"https:\/\/origon-eu.com\/cz\/wp-json\/wp\/v2\/product\/33020","targetHints":{"allow":["GET"]}}],"collection":[{"href":"https:\/\/origon-eu.com\/cz\/wp-json\/wp\/v2\/product"}],"about":[{"href":"https:\/\/origon-eu.com\/cz\/wp-json\/wp\/v2\/types\/product"}],"version-history":[{"count":1,"href":"https:\/\/origon-eu.com\/cz\/wp-json\/wp\/v2\/product\/33020\/revisions"}],"predecessor-version":[{"id":33021,"href":"https:\/\/origon-eu.com\/cz\/wp-json\/wp\/v2\/product\/33020\/revisions\/33021"}],"wp:featuredmedia":[{"embeddable":true,"href":"https:\/\/origon-eu.com\/cz\/wp-json\/wp\/v2\/media\/32889"}],"wp:attachment":[{"href":"https:\/\/origon-eu.com\/cz\/wp-json\/wp\/v2\/media?parent=33020"}],"wp:term":[{"taxonomy":"product_cat","embeddable":true,"href":"https:\/\/origon-eu.com\/cz\/wp-json\/wp\/v2\/product_cat?post=33020"},{"taxonomy":"product_tag","embeddable":true,"href":"https:\/\/origon-eu.com\/cz\/wp-json\/wp\/v2\/product_tag?post=33020"}],"curies":[{"name":"wp","href":"https:\/\/api.w.org\/{rel}","templated":true}]}}