{"id":32857,"date":"2025-01-09T12:36:38","date_gmt":"2025-01-09T10:36:38","guid":{"rendered":"https:\/\/origon-eu.com\/product\/wireless-portable-speaker\/"},"modified":"2025-03-05T14:07:25","modified_gmt":"2025-03-05T12:07:25","slug":"wireless-portable-speaker","status":"publish","type":"product","link":"https:\/\/origon-eu.com\/cz\/product\/wireless-portable-speaker\/","title":{"rendered":"Bezdr\u00e1tov\u00fd p\u0159enosn\u00fd reproduktor"},"content":{"rendered":"<p>Sada obsahuje:<br \/>\n1 ks Dob\u00edjec\u00ed karaoke sloup<br \/>\n1 ks Dr\u00e1tov\u00fd mikrofon<br \/>\n1 ks Nap\u00e1jec\u00ed kabel karaoke syst\u00e9mu \u2013 220V<br \/>\n1 ks D\u00e1lkov\u00e9 ovl\u00e1d\u00e1n\u00ed.<br \/>\nTechnick\u00e9 vlastnosti:<br \/>\nV\u00fdkon: 8palcov\u00fd basov\u00fd reproduktor<br \/>\nHladina hluku: 85 dB<br \/>\nFrekvence: 100Hz \u2013 20kHz<br \/>\nNap\u00e1jen\u00ed: 220V.<\/p>\n<p><a href=\"https:\/\/origon-eu.com\/wp-content\/uploads\/2025\/01\/0084277_kts-1175-bluetooth-wireless-portable-speaker.png\"><img decoding=\"async\" class=\"alignnone size-full wp -image-32672\" src=\"https:\/\/origon-eu.com\/wp-content\/uploads\/2025\/01\/0084277_kts-1175-bluetooth-wireless-portable-speaker.png\" alt=\"\" width=\"700\" height=\"700 \" \/><\/a><a href=\"https:\/\/origon-eu.com\/wp-content\/uploads\/2025\/01\/prenosima-karaoke-tonkolona-kts-1175-8-s-mikrofon-30848.webp\"><img decoding=\"async\" class=\"alignnone size-full wp-image-32684\" src=\"https:\/\/origon-eu.com\/wp-content\/uploads\/2025\/01\/prenosima-karaoke-tonkolona-kts-1175-8-s-mikrofon-30848.webp\" alt=\"\" width=\" 800\" height=\"600\" srcset=\"https:\/\/origon-eu.com\/wp-content\/uploads\/2025\/01\/prenosima-karaoke-tonkolona-kts-1175-8-s-mikrofon-30848.webp 800w, https:\/\/origon-eu.com\/wp-content\/uploads\/2025\/01\/prenosima-karaoke-tonkolona-kts-1175-8-s-mikrofon-30848-300x225.webp 300w, https:\/\/origon-eu.com\/wp-content\/uploads\/2025\/01\/prenosima-karaoke-tonkolona-kts-1175-8-s-mikrofon-30848-768x576.webp 768w, https:\/\/origon-eu.com\/wp-content\/uploads\/2025\/01\/prenosima-karaoke-tonkolona-kts-1175-8-s-mikrofon-30848-600x450.webp 600w, https:\/\/origon-eu.com\/wp-content\/uploads\/2025\/01\/prenosima-karaoke-tonkolona-kts-1175-8-s-mikrofon-30848-150x113.webp 150w\" sizes=\"(max-width: 800px) 100vw, 800px\" \/><\/a><a href=\"https:\/\/origon-eu.com\/wp-content\/uploads\/2025\/01\/prenosima-karaoke-tonkolona-kts-1175-8-s-mikrofon-30847.webp\"><img decoding=\"async\" class=\"alignnone size-full wp-image-32694\" src=\"https:\/\/origon-eu.com\/wp-content\/uploads\/2025\/01\/prenosima-karaoke-tonkolona-kts-1175-8-s-mikrofon-30847.webp\" alt=\"\" width=\" 800\" height=\"600\" srcset=\"https:\/\/origon-eu.com\/wp-content\/uploads\/2025\/01\/prenosima-karaoke-tonkolona-kts-1175-8-s-mikrofon-30847.webp 800w, https:\/\/origon-eu.com\/wp-content\/uploads\/2025\/01\/prenosima-karaoke-tonkolona-kts-1175-8-s-mikrofon-30847-300x225.webp 300w, https:\/\/origon-eu.com\/wp-content\/uploads\/2025\/01\/prenosima-karaoke-tonkolona-kts-1175-8-s-mikrofon-30847-768x576.webp 768w, https:\/\/origon-eu.com\/wp-content\/uploads\/2025\/01\/prenosima-karaoke-tonkolona-kts-1175-8-s-mikrofon-30847-600x450.webp 600w, https:\/\/origon-eu.com\/wp-content\/uploads\/2025\/01\/prenosima-karaoke-tonkolona-kts-1175-8-s-mikrofon-30847-150x113.webp 150w\" sizes=\"(max-width: 800px) 100vw, 800px\" \/><\/a><\/p>\n<p>Specifikace:<br \/>\nKaraoke reproduktor s dob\u00edjec\u00ed bateri\u00ed (nab\u00edjen\u00ed z 220V)<br \/>\nCOLOR MUSIC \u2013 vestav\u011bn\u00e9 sv\u011bteln\u00e9 efekty, s tla\u010d\u00edtkem on\/off<br \/>\nFunkce BLUETOOTH \u2013 sp\u00e1rov\u00e1n\u00ed reproduktoru s GSM, po\u010d\u00edta\u010dem, notebookem a bezdr\u00e1tov\u00fdm poslechem obl\u00edben\u00e9 hudby \u2013 p\u0159es 10 metr\u016f<br \/>\nFM tuner \u2013 R\u00c1DIO<br \/>\nD\u00e1lkov\u00e9 ovl\u00e1d\u00e1n\u00ed (sou\u010d\u00e1st\u00ed sady)<br \/>\nMo\u017enost samostatn\u00e9ho pou\u017eit\u00ed bez p\u0159ipojen\u00ed k po\u010d\u00edta\u010di p\u0159es:<br \/>\nSlot pro pam\u011b\u0165ov\u00e9 karty SD\/MMC\/MMS<br \/>\nSlot pro USB flash disk<br \/>\nAUX vstup z extern\u00edho za\u0159\u00edzen\u00ed (po\u010d\u00edta\u010d, GSM, Ipod, PSP)<br \/>\nLED DISPLEJ<br \/>\nVstup pro 1 mikrofon<br \/>\nKabelov\u00fd mikrofon 1 kus \u2013 sou\u010d\u00e1st\u00ed sady<br \/>\nPohodln\u00e1 v\u00fdsuvn\u00e1 rukoje\u0165 \u2013 pro snadn\u00e9 p\u0159en\u00e1\u0161en\u00ed reproduktoru<br \/>\nRozm\u011bry: \u0161\/v\/h \u2013 24 \/ 36,5 \/ 20 cm<\/p>\n","protected":false},"excerpt":{"rendered":"<ul>\n<li>Karaoke reproduktor s dob\u00edjec\u00ed bateri\u00ed (nab\u00edjenou z 220 V)<\/li>\n<li>COLOR MUSIC \u2013 vestav\u011bn\u00e9 sv\u011bteln\u00e9 efekty s tla\u010d\u00edtkem on\/off<\/li>\n<li>Funkce BLUETOOTH \u2013 sp\u00e1rov\u00e1n\u00ed reproduktoru s GSM, po\u010d\u00edta\u010dem, notebookem a bezdr\u00e1tov\u00fdm poslechem obl\u00edben\u00e9 hudby \u2013 p\u0159es 10 metr\u016f<\/li>\n<li>FM tuner \u2013 R\u00c1DIO<\/li>\n<li>D\u00e1lkov\u00e9 ovl\u00e1d\u00e1n\u00ed (sou\u010d\u00e1st\u00ed sady)<\/li>\n<li>Mo\u017enost samostatn\u00e9ho pou\u017eit\u00ed bez p\u0159ipojen\u00ed k po\u010d\u00edta\u010di prost\u0159ednictv\u00edm:<\/li>\n<li>Slot pro pam\u011b\u0165ovou kartu SD\/MMC\/MMS<\/li>\n<li>Slot USB flash disku<\/li>\n<li>Vstup AUX z extern\u00edho za\u0159\u00edzen\u00ed (po\u010d\u00edta\u010d, GSM, Ipod, PSP)<\/li>\n<li>LED DISPLEJ<\/li>\n<li>Vstup pro 1 mikrofon<\/li>\n<li>Dr\u00e1tov\u00fd mikrofon 1 kus \u2013 sou\u010d\u00e1st\u00ed sady<\/li>\n<\/ul>\n","protected":false},"featured_media":32675,"template":"","meta":[],"product_cat":[415],"product_tag":[],"class_list":{"0":"post-32857","1":"product","2":"type-product","3":"status-publish","4":"has-post-thumbnail","6":"product_cat-elektornika-cz","8":"first","9":"instock","10":"sale","11":"shipping-taxable","12":"purchasable","13":"product-type-simple"},"yoast_head":"<!-- This site is optimized with the Yoast SEO plugin v24.2 - https:\/\/yoast.com\/wordpress\/plugins\/seo\/ -->\n<title>Bezdr\u00e1tov\u00fd p\u0159enosn\u00fd reproduktor - Origon EU<\/title>\n<meta name=\"robots\" content=\"index, follow, max-snippet:-1, max-image-preview:large, max-video-preview:-1\" \/>\n<link rel=\"canonical\" href=\"https:\/\/origon-eu.com\/cz\/product\/wireless-portable-speaker\/\" \/>\n<meta property=\"og:locale\" content=\"en_US\" \/>\n<meta property=\"og:type\" content=\"article\" \/>\n<meta property=\"og:title\" content=\"Bezdr\u00e1tov\u00fd p\u0159enosn\u00fd reproduktor - Origon EU\" \/>\n<meta property=\"og:description\" content=\"Karaoke reproduktor s dob\u00edjec\u00ed bateri\u00ed (nab\u00edjenou z 220 V)  COLOR MUSIC \u2013 vestav\u011bn\u00e9 sv\u011bteln\u00e9 efekty s tla\u010d\u00edtkem on\/off  Funkce BLUETOOTH \u2013 sp\u00e1rov\u00e1n\u00ed reproduktoru s GSM, po\u010d\u00edta\u010dem, notebookem a bezdr\u00e1tov\u00fdm poslechem obl\u00edben\u00e9 hudby \u2013 p\u0159es 10 metr\u016f  FM tuner \u2013 R\u00c1DIO  D\u00e1lkov\u00e9 ovl\u00e1d\u00e1n\u00ed (sou\u010d\u00e1st\u00ed sady)  Mo\u017enost samostatn\u00e9ho pou\u017eit\u00ed bez p\u0159ipojen\u00ed k po\u010d\u00edta\u010di prost\u0159ednictv\u00edm:  Slot pro pam\u011b\u0165ovou kartu SD\/MMC\/MMS  Slot USB flash disku  Vstup AUX z extern\u00edho za\u0159\u00edzen\u00ed (po\u010d\u00edta\u010d, GSM, Ipod, PSP)  LED DISPLEJ  Vstup pro 1 mikrofon  Dr\u00e1tov\u00fd mikrofon 1 kus \u2013 sou\u010d\u00e1st\u00ed sady\" \/>\n<meta property=\"og:url\" content=\"https:\/\/origon-eu.com\/cz\/product\/wireless-portable-speaker\/\" \/>\n<meta property=\"og:site_name\" content=\"Origon EU\" \/>\n<meta property=\"article:modified_time\" content=\"2025-03-05T12:07:25+00:00\" \/>\n<meta property=\"og:image\" content=\"https:\/\/origon-eu.com\/wp-content\/uploads\/2025\/01\/0084277_kts-1175-bluetooth-wireless-portable-speaker.png\" \/>\n\t<meta property=\"og:image:width\" content=\"700\" \/>\n\t<meta property=\"og:image:height\" content=\"700\" \/>\n\t<meta property=\"og:image:type\" content=\"image\/png\" \/>\n<meta name=\"twitter:card\" content=\"summary_large_image\" \/>\n<meta name=\"twitter:label1\" content=\"Est. reading time\" \/>\n\t<meta name=\"twitter:data1\" content=\"2 minutes\" \/>\n<script type=\"application\/ld+json\" class=\"yoast-schema-graph\">{\"@context\":\"https:\/\/schema.org\",\"@graph\":[{\"@type\":\"WebPage\",\"@id\":\"https:\/\/origon-eu.com\/cz\/product\/wireless-portable-speaker\/\",\"url\":\"https:\/\/origon-eu.com\/cz\/product\/wireless-portable-speaker\/\",\"name\":\"Bezdr\u00e1tov\u00fd p\u0159enosn\u00fd reproduktor - Origon EU\",\"isPartOf\":{\"@id\":\"https:\/\/origon-eu.com\/#website\"},\"primaryImageOfPage\":{\"@id\":\"https:\/\/origon-eu.com\/cz\/product\/wireless-portable-speaker\/#primaryimage\"},\"image\":{\"@id\":\"https:\/\/origon-eu.com\/cz\/product\/wireless-portable-speaker\/#primaryimage\"},\"thumbnailUrl\":\"https:\/\/origon-eu.com\/wp-content\/uploads\/2025\/01\/0084277_kts-1175-bluetooth-wireless-portable-speaker.png\",\"datePublished\":\"2025-01-09T10:36:38+00:00\",\"dateModified\":\"2025-03-05T12:07:25+00:00\",\"breadcrumb\":{\"@id\":\"https:\/\/origon-eu.com\/cz\/product\/wireless-portable-speaker\/#breadcrumb\"},\"inLanguage\":\"cz-CZ\",\"potentialAction\":[{\"@type\":\"ReadAction\",\"target\":[\"https:\/\/origon-eu.com\/cz\/product\/wireless-portable-speaker\/\"]}]},{\"@type\":\"ImageObject\",\"inLanguage\":\"cz-CZ\",\"@id\":\"https:\/\/origon-eu.com\/cz\/product\/wireless-portable-speaker\/#primaryimage\",\"url\":\"https:\/\/origon-eu.com\/wp-content\/uploads\/2025\/01\/0084277_kts-1175-bluetooth-wireless-portable-speaker.png\",\"contentUrl\":\"https:\/\/origon-eu.com\/wp-content\/uploads\/2025\/01\/0084277_kts-1175-bluetooth-wireless-portable-speaker.png\",\"width\":700,\"height\":700},{\"@type\":\"BreadcrumbList\",\"@id\":\"https:\/\/origon-eu.com\/cz\/product\/wireless-portable-speaker\/#breadcrumb\",\"itemListElement\":[{\"@type\":\"ListItem\",\"position\":1,\"name\":\"Home\",\"item\":\"https:\/\/origon-eu.com\/\"},{\"@type\":\"ListItem\",\"position\":2,\"name\":\"Shop\",\"item\":\"https:\/\/origon-eu.com\/cz\/shop-2\/\"},{\"@type\":\"ListItem\",\"position\":3,\"name\":\"Bezdr\u00e1tov\u00fd p\u0159enosn\u00fd reproduktor\"}]},{\"@type\":\"WebSite\",\"@id\":\"https:\/\/origon-eu.com\/#website\",\"url\":\"https:\/\/origon-eu.com\/\",\"name\":\"Origon EU\",\"description\":\"Online Store\",\"publisher\":{\"@id\":\"https:\/\/origon-eu.com\/#organization\"},\"potentialAction\":[{\"@type\":\"SearchAction\",\"target\":{\"@type\":\"EntryPoint\",\"urlTemplate\":\"https:\/\/origon-eu.com\/?s={search_term_string}\"},\"query-input\":{\"@type\":\"PropertyValueSpecification\",\"valueRequired\":true,\"valueName\":\"search_term_string\"}}],\"inLanguage\":\"cz-CZ\"},{\"@type\":\"Organization\",\"@id\":\"https:\/\/origon-eu.com\/#organization\",\"name\":\"Origon EU\",\"url\":\"https:\/\/origon-eu.com\/\",\"logo\":{\"@type\":\"ImageObject\",\"inLanguage\":\"cz-CZ\",\"@id\":\"https:\/\/origon-eu.com\/#\/schema\/logo\/image\/\",\"url\":\"https:\/\/origon-eu.com\/wp-content\/uploads\/2024\/04\/Screenshot-2024-04-09-101814.png\",\"contentUrl\":\"https:\/\/origon-eu.com\/wp-content\/uploads\/2024\/04\/Screenshot-2024-04-09-101814.png\",\"width\":171,\"height\":59,\"caption\":\"Origon EU\"},\"image\":{\"@id\":\"https:\/\/origon-eu.com\/#\/schema\/logo\/image\/\"}}]}<\/script>\n<!-- \/ Yoast SEO plugin. -->","yoast_head_json":{"title":"Bezdr\u00e1tov\u00fd p\u0159enosn\u00fd reproduktor - Origon EU","robots":{"index":"index","follow":"follow","max-snippet":"max-snippet:-1","max-image-preview":"max-image-preview:large","max-video-preview":"max-video-preview:-1"},"canonical":"https:\/\/origon-eu.com\/cz\/product\/wireless-portable-speaker\/","og_locale":"en_US","og_type":"article","og_title":"Bezdr\u00e1tov\u00fd p\u0159enosn\u00fd reproduktor - Origon EU","og_description":"Karaoke reproduktor s dob\u00edjec\u00ed bateri\u00ed (nab\u00edjenou z 220 V)  COLOR MUSIC \u2013 vestav\u011bn\u00e9 sv\u011bteln\u00e9 efekty s tla\u010d\u00edtkem on\/off  Funkce BLUETOOTH \u2013 sp\u00e1rov\u00e1n\u00ed reproduktoru s GSM, po\u010d\u00edta\u010dem, notebookem a bezdr\u00e1tov\u00fdm poslechem obl\u00edben\u00e9 hudby \u2013 p\u0159es 10 metr\u016f  FM tuner \u2013 R\u00c1DIO  D\u00e1lkov\u00e9 ovl\u00e1d\u00e1n\u00ed (sou\u010d\u00e1st\u00ed sady)  Mo\u017enost samostatn\u00e9ho pou\u017eit\u00ed bez p\u0159ipojen\u00ed k po\u010d\u00edta\u010di prost\u0159ednictv\u00edm:  Slot pro pam\u011b\u0165ovou kartu SD\/MMC\/MMS  Slot USB flash disku  Vstup AUX z extern\u00edho za\u0159\u00edzen\u00ed (po\u010d\u00edta\u010d, GSM, Ipod, PSP)  LED DISPLEJ  Vstup pro 1 mikrofon  Dr\u00e1tov\u00fd mikrofon 1 kus \u2013 sou\u010d\u00e1st\u00ed sady","og_url":"https:\/\/origon-eu.com\/cz\/product\/wireless-portable-speaker\/","og_site_name":"Origon EU","article_modified_time":"2025-03-05T12:07:25+00:00","og_image":[{"width":700,"height":700,"url":"https:\/\/origon-eu.com\/wp-content\/uploads\/2025\/01\/0084277_kts-1175-bluetooth-wireless-portable-speaker.png","type":"image\/png"}],"twitter_card":"summary_large_image","twitter_misc":{"Est. reading time":"2 minutes"},"schema":{"@context":"https:\/\/schema.org","@graph":[{"@type":"WebPage","@id":"https:\/\/origon-eu.com\/cz\/product\/wireless-portable-speaker\/","url":"https:\/\/origon-eu.com\/cz\/product\/wireless-portable-speaker\/","name":"Bezdr\u00e1tov\u00fd p\u0159enosn\u00fd reproduktor - Origon EU","isPartOf":{"@id":"https:\/\/origon-eu.com\/#website"},"primaryImageOfPage":{"@id":"https:\/\/origon-eu.com\/cz\/product\/wireless-portable-speaker\/#primaryimage"},"image":{"@id":"https:\/\/origon-eu.com\/cz\/product\/wireless-portable-speaker\/#primaryimage"},"thumbnailUrl":"https:\/\/origon-eu.com\/wp-content\/uploads\/2025\/01\/0084277_kts-1175-bluetooth-wireless-portable-speaker.png","datePublished":"2025-01-09T10:36:38+00:00","dateModified":"2025-03-05T12:07:25+00:00","breadcrumb":{"@id":"https:\/\/origon-eu.com\/cz\/product\/wireless-portable-speaker\/#breadcrumb"},"inLanguage":"cz-CZ","potentialAction":[{"@type":"ReadAction","target":["https:\/\/origon-eu.com\/cz\/product\/wireless-portable-speaker\/"]}]},{"@type":"ImageObject","inLanguage":"cz-CZ","@id":"https:\/\/origon-eu.com\/cz\/product\/wireless-portable-speaker\/#primaryimage","url":"https:\/\/origon-eu.com\/wp-content\/uploads\/2025\/01\/0084277_kts-1175-bluetooth-wireless-portable-speaker.png","contentUrl":"https:\/\/origon-eu.com\/wp-content\/uploads\/2025\/01\/0084277_kts-1175-bluetooth-wireless-portable-speaker.png","width":700,"height":700},{"@type":"BreadcrumbList","@id":"https:\/\/origon-eu.com\/cz\/product\/wireless-portable-speaker\/#breadcrumb","itemListElement":[{"@type":"ListItem","position":1,"name":"Home","item":"https:\/\/origon-eu.com\/"},{"@type":"ListItem","position":2,"name":"Shop","item":"https:\/\/origon-eu.com\/cz\/shop-2\/"},{"@type":"ListItem","position":3,"name":"Bezdr\u00e1tov\u00fd p\u0159enosn\u00fd reproduktor"}]},{"@type":"WebSite","@id":"https:\/\/origon-eu.com\/#website","url":"https:\/\/origon-eu.com\/","name":"Origon EU","description":"Online Store","publisher":{"@id":"https:\/\/origon-eu.com\/#organization"},"potentialAction":[{"@type":"SearchAction","target":{"@type":"EntryPoint","urlTemplate":"https:\/\/origon-eu.com\/?s={search_term_string}"},"query-input":{"@type":"PropertyValueSpecification","valueRequired":true,"valueName":"search_term_string"}}],"inLanguage":"cz-CZ"},{"@type":"Organization","@id":"https:\/\/origon-eu.com\/#organization","name":"Origon EU","url":"https:\/\/origon-eu.com\/","logo":{"@type":"ImageObject","inLanguage":"cz-CZ","@id":"https:\/\/origon-eu.com\/#\/schema\/logo\/image\/","url":"https:\/\/origon-eu.com\/wp-content\/uploads\/2024\/04\/Screenshot-2024-04-09-101814.png","contentUrl":"https:\/\/origon-eu.com\/wp-content\/uploads\/2024\/04\/Screenshot-2024-04-09-101814.png","width":171,"height":59,"caption":"Origon EU"},"image":{"@id":"https:\/\/origon-eu.com\/#\/schema\/logo\/image\/"}}]}},"tiered_pricing_type":"fixed","tiered_pricing_fixed_rules":[],"tiered_pricing_percentage_rules":[],"tiered_pricing_minimum":1,"tiered_pricing_roles_data":[],"_links":{"self":[{"href":"https:\/\/origon-eu.com\/cz\/wp-json\/wp\/v2\/product\/32857","targetHints":{"allow":["GET"]}}],"collection":[{"href":"https:\/\/origon-eu.com\/cz\/wp-json\/wp\/v2\/product"}],"about":[{"href":"https:\/\/origon-eu.com\/cz\/wp-json\/wp\/v2\/types\/product"}],"version-history":[{"count":2,"href":"https:\/\/origon-eu.com\/cz\/wp-json\/wp\/v2\/product\/32857\/revisions"}],"predecessor-version":[{"id":32859,"href":"https:\/\/origon-eu.com\/cz\/wp-json\/wp\/v2\/product\/32857\/revisions\/32859"}],"wp:featuredmedia":[{"embeddable":true,"href":"https:\/\/origon-eu.com\/cz\/wp-json\/wp\/v2\/media\/32675"}],"wp:attachment":[{"href":"https:\/\/origon-eu.com\/cz\/wp-json\/wp\/v2\/media?parent=32857"}],"wp:term":[{"taxonomy":"product_cat","embeddable":true,"href":"https:\/\/origon-eu.com\/cz\/wp-json\/wp\/v2\/product_cat?post=32857"},{"taxonomy":"product_tag","embeddable":true,"href":"https:\/\/origon-eu.com\/cz\/wp-json\/wp\/v2\/product_tag?post=32857"}],"curies":[{"name":"wp","href":"https:\/\/api.w.org\/{rel}","templated":true}]}}