{"id":32816,"date":"2025-01-08T16:24:29","date_gmt":"2025-01-08T14:24:29","guid":{"rendered":"https:\/\/origon-eu.com\/product\/cordless-handheld-stick-vacuum-cleaner\/"},"modified":"2025-01-09T14:54:15","modified_gmt":"2025-01-09T12:54:15","slug":"cordless-handheld-stick-vacuum-cleaner","status":"publish","type":"product","link":"https:\/\/origon-eu.com\/cz\/product\/cordless-handheld-stick-vacuum-cleaner\/","title":{"rendered":"Bezdr\u00e1tov\u00fd ru\u010dn\u00ed ty\u010dov\u00fd vysava\u010d"},"content":{"rendered":"<ul>\n<li>Du\u00e1ln\u00ed motor a modul\u00e1rn\u00ed design pro r\u016fzn\u00e9 n\u00e1stavce zaru\u010duj\u00ed hloubkov\u00e9 a vysoce kvalitn\u00ed \u010di\u0161t\u011bn\u00ed na jak\u00e9mkoli povrchu<\/li>\n<li>Vhodn\u00e9 pro \u010di\u0161t\u011bn\u00ed interi\u00e9ru automobilu Autonomie za\u0159\u00edzen\u00ed p\u0159isp\u00edv\u00e1 k tomu, \u017ee si m\u016f\u017eete ud\u011blat po\u0159\u00e1dek nejen v byt\u011b<\/li>\n<li>Sada je dod\u00e1v\u00e1na se 3 typy podlahov\u00fdch hubic, p\u0159i\u010dem\u017e ka\u017ed\u00fd kart\u00e1\u010d je ur\u010den pro jin\u00fd typ zne\u010di\u0161t\u011bn\u00e9ho povrchu. Tenk\u00e1 hubice o v\u00fd\u0161ce 4 cm pom\u016f\u017ee odstranit prach pod n\u00e1bytkem. A na h\u016f\u0159e p\u0159\u00edstupn\u00fdch m\u00edstech \u2013 \u0161t\u011brbinov\u00e1 hubice 2v1<\/li>\n<li>Robustn\u00ed pouzdro vyroben\u00e9 z vysoce kvalitn\u00edho plastu<\/li>\n<li>P\u0159epracovan\u00fd chladic\u00ed syst\u00e9m \u00fa\u010dinn\u011b odv\u00e1d\u00ed teplo z motoru, \u010d\u00edm\u017e zabra\u0148uje p\u0159eh\u0159\u00edv\u00e1n\u00ed a prodlu\u017euje \u017eivotnost motoru<\/li>\n<li>Vysava\u010d v\u00e1\u017e\u00ed pouze 1,5 kg, co\u017e usnad\u0148uje dlouhodob\u00e9 pou\u017e\u00edv\u00e1n\u00ed p\u0159\u00edstroje dosp\u011bl\u00fdm i star\u0161\u00edm lidem. Nav\u00edc v\u00e1m umo\u017en\u00ed vysava\u010d snadno p\u0159em\u00edstit na t\u011b\u017eko dostupn\u00e1 m\u00edsta<\/li>\n<li>Pohodln\u00e9 \u010di\u0161t\u011bn\u00ed pod n\u00e1bytkem (p\u0159estaviteln\u00e1 rukoje\u0165)<\/li>\n<li>Pohodln\u00e9 \u010di\u0161t\u011bn\u00ed pod n\u00e1bytkem (p\u0159estaviteln\u00e1 rukoje\u0165)<\/li>\n<li>Turbo kart\u00e1\u010d s podsv\u00edcen\u00edm LED<\/li>\n<li>Oto\u010dte kart\u00e1\u010d vysava\u010de o 180 stup\u0148\u016f<\/li>\n<li>Indik\u00e1tor nab\u00edjen\u00ed<\/li>\n<li>Po\u010det rychlost\u00ed: 2<\/li>\n<li>Odn\u00edmateln\u00e1 rukoje\u0165<\/li>\n<\/ul>\n<p><a href=\"https:\/\/origon-eu.com\/wp-content\/uploads\/2025\/01\/mobileleb-household-appliances-dsp-vacuum-cleaner-hand-held-rechargeable-120w-kd2023-34126785773700_10424webp1 \"><img fetchpriority=\"high\" decoding=\"async\" class=\"alignnone wp-image-32604 size-full\" src=\"https:\/\/origon-eu.com\/wp-content\/uploads\/2025\/01\/mobileleb-household-appliances-dsp-vacuum-cleaner-hand-held-rechargeable-120w-kd2023-34126785773700_1024x1024.webp\" alt=\"\" width=\"600\" height=\"600\" srcset=\"https:\/\/origon-eu.com\/wp-content\/uploads\/2025\/01\/mobileleb-household-appliances-dsp-vacuum-cleaner-hand-held-rechargeable-120w-kd2023-34126785773700_1024x1024.webp 600w, https:\/\/origon-eu.com\/wp-content\/uploads\/2025\/01\/mobileleb-household-appliances-dsp-vacuum-cleaner-hand-held-rechargeable-120w-kd2023-34126785773700_1024x1024-300x300.webp 300w, https:\/\/origon-eu.com\/wp-content\/uploads\/2025\/01\/mobileleb-household-appliances-dsp-vacuum-cleaner-hand-held-rechargeable-120w-kd2023-34126785773700_1024x1024-150x150.webp 150w\" sizes=\"(max-width: 600px) 100vw, 600px\" \/><\/a><\/p>\n<p>&nbsp;<\/p>\n<p><a href=\"https:\/\/origon-eu.com\/wp-content\/uploads\/2025\/01\/mobileleb-household-appliances-dsp-vacuum-cleaner-hand-held-rechargeable-120w-kd2023-34126785577092_10424webp1 \"><img decoding=\"async\" class=\"alignnone wp-image-32614 size-full\" src=\"https:\/\/origon-eu.com\/wp-content\/uploads\/2025\/01\/mobileleb-household-appliances-dsp-vacuum-cleaner-hand-held-rechargeable-120w-kd2023-34126785577092_1024x1024.webp\" alt=\"\" width=\"600\" height=\"600\" srcset=\"https:\/\/origon-eu.com\/wp-content\/uploads\/2025\/01\/mobileleb-household-appliances-dsp-vacuum-cleaner-hand-held-rechargeable-120w-kd2023-34126785577092_1024x1024.webp 600w, https:\/\/origon-eu.com\/wp-content\/uploads\/2025\/01\/mobileleb-household-appliances-dsp-vacuum-cleaner-hand-held-rechargeable-120w-kd2023-34126785577092_1024x1024-300x300.webp 300w, https:\/\/origon-eu.com\/wp-content\/uploads\/2025\/01\/mobileleb-household-appliances-dsp-vacuum-cleaner-hand-held-rechargeable-120w-kd2023-34126785577092_1024x1024-150x150.webp 150w\" sizes=\"(max-width: 600px) 100vw, 600px\" \/><\/a><\/p>\n<p><a href=\"https:\/\/origon-eu.com\/wp-content\/uploads\/2025\/01\/41o1eNoNLEL._AC_.jpg\"><img decoding=\"async\" class=\"alignnone size-full wp-image-32570\" src=\"https:\/\/origon-eu.com\/wp-content\/uploads\/2025\/01\/41o1eNoNLEL._AC_.jpg\" alt=\"\" width=\"505\" height=\"550\" srcset=\"https:\/\/origon-eu.com\/wp-content\/uploads\/2025\/01\/41o1eNoNLEL._AC_.jpg 505w, https:\/\/origon-eu.com\/wp-content\/uploads\/2025\/01\/41o1eNoNLEL._AC_-275x300.jpg 275w, https:\/\/origon-eu.com\/wp-content\/uploads\/2025\/01\/41o1eNoNLEL._AC_-150x163.jpg 150w\" sizes=\"(max-width: 505px) 100vw, 505px\" \/><\/a><\/p>\n<p><strong>Specifikace:<\/strong><\/p>\n<ul>\n<li>Typ \u010di\u0161t\u011bn\u00ed: Such\u00e9<\/li>\n<li>Typ prachov\u00e9ho boxu: Kontejner<\/li>\n<li>V\u00fdkon: 120 W<\/li>\n<li>Kapacita n\u00e1doby na prach: 0,8 l<\/li>\n<li>Parkov\u00e1n\u00ed: vertik\u00e1ln\u00ed<\/li>\n<li>Odn\u00edmateln\u00e1 rukoje\u0165<\/li>\n<li>Po\u010det rychlost\u00ed: 2<\/li>\n<li>Pracovn\u00ed doba: 40 minut<\/li>\n<li>Doba nab\u00edjen\u00ed: 4 h<\/li>\n<li>Baterie: Li-Ion 22,2 V, 2200 mAh<\/li>\n<li>Typ 2 v 1: vertik\u00e1ln\u00ed, manu\u00e1ln\u00ed<\/li>\n<li>Typ filtru: Hepa<\/li>\n<li>Tla\u010d\u00edtko zapnut\u00ed\/vypnut\u00ed<\/li>\n<li>Rozm\u011bry (V109 x \u016021,5 x H17,5) cm<\/li>\n<li>Hmotnost vysava\u010de: 1,5 kg<\/li>\n<\/ul>\n<ul>\n<li><\/li>\n<\/ul>\n","protected":false},"excerpt":{"rendered":"<ul>\n<li><strong>Bal\u00ed\u010dek obsahuje:<\/strong>\n<ul>\n<li>1x ru\u010dn\u00ed dob\u00edjec\u00ed vysava\u010d<\/li>\n<li>1x hubice na \u010daloun\u011bn\u00ed<\/li>\n<li>1x \u0161t\u011brbinov\u00e1 tryska<\/li>\n<li>1x kombinovan\u00e1 tryska<\/li>\n<li>1x prodlu\u017eovac\u00ed trubice<\/li>\n<li>1x nab\u00edjec\u00ed kabel<\/li>\n<li>1x u\u017eivatelsk\u00e1 p\u0159\u00edru\u010dka<\/li>\n<\/ul>\n<\/li>\n<\/ul>\n","protected":false},"featured_media":32573,"template":"","meta":[],"product_cat":[],"product_tag":[],"class_list":{"0":"post-32816","1":"product","2":"type-product","3":"status-publish","4":"has-post-thumbnail","7":"first","8":"instock","9":"sale","10":"shipping-taxable","11":"purchasable","12":"product-type-simple"},"yoast_head":"<!-- This site is optimized with the Yoast SEO plugin v24.2 - https:\/\/yoast.com\/wordpress\/plugins\/seo\/ -->\n<title>Bezdr\u00e1tov\u00fd ru\u010dn\u00ed ty\u010dov\u00fd vysava\u010d - Origon EU<\/title>\n<meta name=\"robots\" content=\"index, follow, max-snippet:-1, max-image-preview:large, max-video-preview:-1\" \/>\n<link rel=\"canonical\" href=\"https:\/\/origon-eu.com\/cz\/product\/cordless-handheld-stick-vacuum-cleaner\/\" \/>\n<meta property=\"og:locale\" content=\"en_US\" \/>\n<meta property=\"og:type\" content=\"article\" \/>\n<meta property=\"og:title\" content=\"Bezdr\u00e1tov\u00fd ru\u010dn\u00ed ty\u010dov\u00fd vysava\u010d - Origon EU\" \/>\n<meta property=\"og:description\" content=\"Bal\u00ed\u010dek obsahuje:   1x ru\u010dn\u00ed dob\u00edjec\u00ed vysava\u010d  1x hubice na \u010daloun\u011bn\u00ed  1x \u0161t\u011brbinov\u00e1 tryska  1x kombinovan\u00e1 tryska  1x prodlu\u017eovac\u00ed trubice  1x nab\u00edjec\u00ed kabel  1x u\u017eivatelsk\u00e1 p\u0159\u00edru\u010dka\" \/>\n<meta property=\"og:url\" content=\"https:\/\/origon-eu.com\/cz\/product\/cordless-handheld-stick-vacuum-cleaner\/\" \/>\n<meta property=\"og:site_name\" content=\"Origon EU\" \/>\n<meta property=\"article:modified_time\" content=\"2025-01-09T12:54:15+00:00\" \/>\n<meta property=\"og:image\" content=\"https:\/\/origon-eu.com\/wp-content\/uploads\/2025\/01\/41o1eNoNLEL._AC_.jpg\" \/>\n\t<meta property=\"og:image:width\" content=\"505\" \/>\n\t<meta property=\"og:image:height\" content=\"550\" \/>\n\t<meta property=\"og:image:type\" content=\"image\/jpeg\" \/>\n<meta name=\"twitter:card\" content=\"summary_large_image\" \/>\n<meta name=\"twitter:label1\" content=\"Est. reading time\" \/>\n\t<meta name=\"twitter:data1\" content=\"2 minutes\" \/>\n<script type=\"application\/ld+json\" class=\"yoast-schema-graph\">{\"@context\":\"https:\/\/schema.org\",\"@graph\":[{\"@type\":\"WebPage\",\"@id\":\"https:\/\/origon-eu.com\/cz\/product\/cordless-handheld-stick-vacuum-cleaner\/\",\"url\":\"https:\/\/origon-eu.com\/cz\/product\/cordless-handheld-stick-vacuum-cleaner\/\",\"name\":\"Bezdr\u00e1tov\u00fd ru\u010dn\u00ed ty\u010dov\u00fd vysava\u010d - Origon EU\",\"isPartOf\":{\"@id\":\"https:\/\/origon-eu.com\/#website\"},\"primaryImageOfPage\":{\"@id\":\"https:\/\/origon-eu.com\/cz\/product\/cordless-handheld-stick-vacuum-cleaner\/#primaryimage\"},\"image\":{\"@id\":\"https:\/\/origon-eu.com\/cz\/product\/cordless-handheld-stick-vacuum-cleaner\/#primaryimage\"},\"thumbnailUrl\":\"https:\/\/origon-eu.com\/wp-content\/uploads\/2025\/01\/41o1eNoNLEL._AC_.jpg\",\"datePublished\":\"2025-01-08T14:24:29+00:00\",\"dateModified\":\"2025-01-09T12:54:15+00:00\",\"breadcrumb\":{\"@id\":\"https:\/\/origon-eu.com\/cz\/product\/cordless-handheld-stick-vacuum-cleaner\/#breadcrumb\"},\"inLanguage\":\"cz-CZ\",\"potentialAction\":[{\"@type\":\"ReadAction\",\"target\":[\"https:\/\/origon-eu.com\/cz\/product\/cordless-handheld-stick-vacuum-cleaner\/\"]}]},{\"@type\":\"ImageObject\",\"inLanguage\":\"cz-CZ\",\"@id\":\"https:\/\/origon-eu.com\/cz\/product\/cordless-handheld-stick-vacuum-cleaner\/#primaryimage\",\"url\":\"https:\/\/origon-eu.com\/wp-content\/uploads\/2025\/01\/41o1eNoNLEL._AC_.jpg\",\"contentUrl\":\"https:\/\/origon-eu.com\/wp-content\/uploads\/2025\/01\/41o1eNoNLEL._AC_.jpg\",\"width\":505,\"height\":550},{\"@type\":\"BreadcrumbList\",\"@id\":\"https:\/\/origon-eu.com\/cz\/product\/cordless-handheld-stick-vacuum-cleaner\/#breadcrumb\",\"itemListElement\":[{\"@type\":\"ListItem\",\"position\":1,\"name\":\"Home\",\"item\":\"https:\/\/origon-eu.com\/\"},{\"@type\":\"ListItem\",\"position\":2,\"name\":\"Shop\",\"item\":\"https:\/\/origon-eu.com\/cz\/shop-2\/\"},{\"@type\":\"ListItem\",\"position\":3,\"name\":\"Bezdr\u00e1tov\u00fd ru\u010dn\u00ed ty\u010dov\u00fd vysava\u010d\"}]},{\"@type\":\"WebSite\",\"@id\":\"https:\/\/origon-eu.com\/#website\",\"url\":\"https:\/\/origon-eu.com\/\",\"name\":\"Origon EU\",\"description\":\"Online Store\",\"publisher\":{\"@id\":\"https:\/\/origon-eu.com\/#organization\"},\"potentialAction\":[{\"@type\":\"SearchAction\",\"target\":{\"@type\":\"EntryPoint\",\"urlTemplate\":\"https:\/\/origon-eu.com\/?s={search_term_string}\"},\"query-input\":{\"@type\":\"PropertyValueSpecification\",\"valueRequired\":true,\"valueName\":\"search_term_string\"}}],\"inLanguage\":\"cz-CZ\"},{\"@type\":\"Organization\",\"@id\":\"https:\/\/origon-eu.com\/#organization\",\"name\":\"Origon EU\",\"url\":\"https:\/\/origon-eu.com\/\",\"logo\":{\"@type\":\"ImageObject\",\"inLanguage\":\"cz-CZ\",\"@id\":\"https:\/\/origon-eu.com\/#\/schema\/logo\/image\/\",\"url\":\"https:\/\/origon-eu.com\/wp-content\/uploads\/2024\/04\/Screenshot-2024-04-09-101814.png\",\"contentUrl\":\"https:\/\/origon-eu.com\/wp-content\/uploads\/2024\/04\/Screenshot-2024-04-09-101814.png\",\"width\":171,\"height\":59,\"caption\":\"Origon EU\"},\"image\":{\"@id\":\"https:\/\/origon-eu.com\/#\/schema\/logo\/image\/\"}}]}<\/script>\n<!-- \/ Yoast SEO plugin. -->","yoast_head_json":{"title":"Bezdr\u00e1tov\u00fd ru\u010dn\u00ed ty\u010dov\u00fd vysava\u010d - Origon EU","robots":{"index":"index","follow":"follow","max-snippet":"max-snippet:-1","max-image-preview":"max-image-preview:large","max-video-preview":"max-video-preview:-1"},"canonical":"https:\/\/origon-eu.com\/cz\/product\/cordless-handheld-stick-vacuum-cleaner\/","og_locale":"en_US","og_type":"article","og_title":"Bezdr\u00e1tov\u00fd ru\u010dn\u00ed ty\u010dov\u00fd vysava\u010d - Origon EU","og_description":"Bal\u00ed\u010dek obsahuje:   1x ru\u010dn\u00ed dob\u00edjec\u00ed vysava\u010d  1x hubice na \u010daloun\u011bn\u00ed  1x \u0161t\u011brbinov\u00e1 tryska  1x kombinovan\u00e1 tryska  1x prodlu\u017eovac\u00ed trubice  1x nab\u00edjec\u00ed kabel  1x u\u017eivatelsk\u00e1 p\u0159\u00edru\u010dka","og_url":"https:\/\/origon-eu.com\/cz\/product\/cordless-handheld-stick-vacuum-cleaner\/","og_site_name":"Origon EU","article_modified_time":"2025-01-09T12:54:15+00:00","og_image":[{"width":505,"height":550,"url":"https:\/\/origon-eu.com\/wp-content\/uploads\/2025\/01\/41o1eNoNLEL._AC_.jpg","type":"image\/jpeg"}],"twitter_card":"summary_large_image","twitter_misc":{"Est. reading time":"2 minutes"},"schema":{"@context":"https:\/\/schema.org","@graph":[{"@type":"WebPage","@id":"https:\/\/origon-eu.com\/cz\/product\/cordless-handheld-stick-vacuum-cleaner\/","url":"https:\/\/origon-eu.com\/cz\/product\/cordless-handheld-stick-vacuum-cleaner\/","name":"Bezdr\u00e1tov\u00fd ru\u010dn\u00ed ty\u010dov\u00fd vysava\u010d - Origon EU","isPartOf":{"@id":"https:\/\/origon-eu.com\/#website"},"primaryImageOfPage":{"@id":"https:\/\/origon-eu.com\/cz\/product\/cordless-handheld-stick-vacuum-cleaner\/#primaryimage"},"image":{"@id":"https:\/\/origon-eu.com\/cz\/product\/cordless-handheld-stick-vacuum-cleaner\/#primaryimage"},"thumbnailUrl":"https:\/\/origon-eu.com\/wp-content\/uploads\/2025\/01\/41o1eNoNLEL._AC_.jpg","datePublished":"2025-01-08T14:24:29+00:00","dateModified":"2025-01-09T12:54:15+00:00","breadcrumb":{"@id":"https:\/\/origon-eu.com\/cz\/product\/cordless-handheld-stick-vacuum-cleaner\/#breadcrumb"},"inLanguage":"cz-CZ","potentialAction":[{"@type":"ReadAction","target":["https:\/\/origon-eu.com\/cz\/product\/cordless-handheld-stick-vacuum-cleaner\/"]}]},{"@type":"ImageObject","inLanguage":"cz-CZ","@id":"https:\/\/origon-eu.com\/cz\/product\/cordless-handheld-stick-vacuum-cleaner\/#primaryimage","url":"https:\/\/origon-eu.com\/wp-content\/uploads\/2025\/01\/41o1eNoNLEL._AC_.jpg","contentUrl":"https:\/\/origon-eu.com\/wp-content\/uploads\/2025\/01\/41o1eNoNLEL._AC_.jpg","width":505,"height":550},{"@type":"BreadcrumbList","@id":"https:\/\/origon-eu.com\/cz\/product\/cordless-handheld-stick-vacuum-cleaner\/#breadcrumb","itemListElement":[{"@type":"ListItem","position":1,"name":"Home","item":"https:\/\/origon-eu.com\/"},{"@type":"ListItem","position":2,"name":"Shop","item":"https:\/\/origon-eu.com\/cz\/shop-2\/"},{"@type":"ListItem","position":3,"name":"Bezdr\u00e1tov\u00fd ru\u010dn\u00ed ty\u010dov\u00fd vysava\u010d"}]},{"@type":"WebSite","@id":"https:\/\/origon-eu.com\/#website","url":"https:\/\/origon-eu.com\/","name":"Origon EU","description":"Online Store","publisher":{"@id":"https:\/\/origon-eu.com\/#organization"},"potentialAction":[{"@type":"SearchAction","target":{"@type":"EntryPoint","urlTemplate":"https:\/\/origon-eu.com\/?s={search_term_string}"},"query-input":{"@type":"PropertyValueSpecification","valueRequired":true,"valueName":"search_term_string"}}],"inLanguage":"cz-CZ"},{"@type":"Organization","@id":"https:\/\/origon-eu.com\/#organization","name":"Origon EU","url":"https:\/\/origon-eu.com\/","logo":{"@type":"ImageObject","inLanguage":"cz-CZ","@id":"https:\/\/origon-eu.com\/#\/schema\/logo\/image\/","url":"https:\/\/origon-eu.com\/wp-content\/uploads\/2024\/04\/Screenshot-2024-04-09-101814.png","contentUrl":"https:\/\/origon-eu.com\/wp-content\/uploads\/2024\/04\/Screenshot-2024-04-09-101814.png","width":171,"height":59,"caption":"Origon EU"},"image":{"@id":"https:\/\/origon-eu.com\/#\/schema\/logo\/image\/"}}]}},"tiered_pricing_type":"fixed","tiered_pricing_fixed_rules":[],"tiered_pricing_percentage_rules":[],"tiered_pricing_minimum":1,"tiered_pricing_roles_data":[],"_links":{"self":[{"href":"https:\/\/origon-eu.com\/cz\/wp-json\/wp\/v2\/product\/32816","targetHints":{"allow":["GET"]}}],"collection":[{"href":"https:\/\/origon-eu.com\/cz\/wp-json\/wp\/v2\/product"}],"about":[{"href":"https:\/\/origon-eu.com\/cz\/wp-json\/wp\/v2\/types\/product"}],"version-history":[{"count":3,"href":"https:\/\/origon-eu.com\/cz\/wp-json\/wp\/v2\/product\/32816\/revisions"}],"predecessor-version":[{"id":32819,"href":"https:\/\/origon-eu.com\/cz\/wp-json\/wp\/v2\/product\/32816\/revisions\/32819"}],"wp:featuredmedia":[{"embeddable":true,"href":"https:\/\/origon-eu.com\/cz\/wp-json\/wp\/v2\/media\/32573"}],"wp:attachment":[{"href":"https:\/\/origon-eu.com\/cz\/wp-json\/wp\/v2\/media?parent=32816"}],"wp:term":[{"taxonomy":"product_cat","embeddable":true,"href":"https:\/\/origon-eu.com\/cz\/wp-json\/wp\/v2\/product_cat?post=32816"},{"taxonomy":"product_tag","embeddable":true,"href":"https:\/\/origon-eu.com\/cz\/wp-json\/wp\/v2\/product_tag?post=32816"}],"curies":[{"name":"wp","href":"https:\/\/api.w.org\/{rel}","templated":true}]}}